{"id":12054,"date":"2019-08-09T09:53:51","date_gmt":"2019-08-09T09:52:52","guid":{"rendered":"https:\/\/fedemark.ee\/?post_type=product&#038;p=12054"},"modified":"2019-08-13T06:45:31","modified_gmt":"2019-08-13T06:45:31","slug":"pc-50-tools-evolution","status":"publish","type":"product","link":"https:\/\/fedemark.ee\/en\/products\/vacuum-cleaners\/pc-50-tools-evolution\/","title":{"rendered":"PC 50 Tools Evolution"},"content":{"rendered":"","protected":false},"excerpt":{"rendered":"<p><strong>PC 50 TOOLS EVOLUTION <\/strong><\/p>\n<p>With any electric tool, whatever material is<br \/>\nbeing worked, the PC 50 Tools Evolution<br \/>\ninstantly vacuums up the finest dusts, leaving the work<br \/>\nsurface free from residues and suspended particles.<br \/>\nWith a 50 liter drum and a high efficiency w\/cup motor,<br \/>\nit works in perfect synergy with the electric tool,<br \/>\nthanks to a simple electrical connection<br \/>\nthrough an electronically controlled outlet.<br \/>\nAt the end of the cleaning session, the filter is<br \/>\nvibrated for 8-10 seconds to clean it efficiently<br \/>\n(this option can also be manually activated).<br \/>\nA new, practical, useful, high efficiency system<br \/>\nto revolutionize work methods, with great time savings.<\/p>\n<table width=\"100%\">\n<tbody>\n<tr>\n<td><strong>Technical specifications &#8211; PC 50 TOOLS Evolution<\/strong><\/td>\n<td><\/td>\n<\/tr>\n<tr>\n<td>Product code<\/td>\n<td>99 014BEG<\/td>\n<\/tr>\n<tr>\n<td>Voltage rating V~<\/td>\n<td>220-240<\/td>\n<\/tr>\n<tr>\n<td>Hz frequency<\/td>\n<td>50\/60<\/td>\n<\/tr>\n<tr>\n<td>IEC power rating W<\/td>\n<td>1200<\/td>\n<\/tr>\n<tr>\n<td>Automatic filter shaker W<\/td>\n<td>48<\/td>\n<\/tr>\n<tr>\n<td>Motor insulation class<\/td>\n<td><\/td>\n<\/tr>\n<tr>\n<td>Appliance insulation class<\/td>\n<td>I<\/td>\n<\/tr>\n<tr>\n<td>Power rating at power tool plug W<\/td>\n<td>2000<\/td>\n<\/tr>\n<tr>\n<td>Automatic device for suction extension t\/sec<\/td>\n<td>8\u00f710<\/td>\n<\/tr>\n<tr>\n<td>Rated capacity l<\/td>\n<td>50<\/td>\n<\/tr>\n<tr>\n<td>Drum material<\/td>\n<td>PE-HD<\/td>\n<\/tr>\n<tr>\n<td>MAX vacuum mbar<\/td>\n<td>220<\/td>\n<\/tr>\n<tr>\n<td>MAX airflow m<sup>3<\/sup>\/h (approx)<\/td>\n<td>180<\/td>\n<\/tr>\n<tr>\n<td>Motor type<\/td>\n<td>High-efficiency w\/cup<\/td>\n<\/tr>\n<\/tbody>\n<\/table>\n<p>&nbsp;<\/p>\n<table width=\"100%\">\n<tbody>\n<tr>\n<td><strong>Filtering system<\/strong><\/td>\n<\/tr>\n<tr>\n<td>Double-layer paper filter bag, IFA&#8221;M&#8221; cat.<\/td>\n<\/tr>\n<tr>\n<td>Cartridge filter, IFA \u201cM\u201d Cat.<\/td>\n<\/tr>\n<tr>\n<td>Anti-foam filter<\/td>\n<\/tr>\n<tr>\n<td>Washable reusable fabric bag (optional)<\/td>\n<\/tr>\n<\/tbody>\n<\/table>\n<p>&nbsp;<\/p>\n<table width=\"100%\">\n<tbody>\n<tr>\n<td><strong>Accessories \u00f8 45 mm &#8211; PC 50 TOOLS evolution<\/strong><\/td>\n<\/tr>\n<tr>\n<td>1. \u00f8 45 mm flexible hose with ergonomic grip<br \/>\n2. \u00f8 36 mm flexible hose with swivel connections<br \/>\n3. Extension wands<br \/>\n4. Multidiameter sleeve for electric tools<br \/>\n5. Blocking ring for power tool cord<br \/>\n6. Combined brush frame<br \/>\n7. Wet nozzle<br \/>\n8. Hard floor insert<br \/>\n9. Crevice tool<\/td>\n<\/tr>\n<\/tbody>\n<\/table>\n<p>&nbsp;<\/p>\n","protected":false},"featured_media":12055,"comment_status":"closed","ping_status":"closed","template":"","meta":{"footnotes":""},"product_cat":[270],"product_tag":[],"yoast_head":"<!-- This site is optimized with the Yoast SEO plugin v22.6 - https:\/\/yoast.com\/wordpress\/plugins\/seo\/ -->\n<title>PC 50 Tools Evolution - Fedemark<\/title>\n<meta name=\"robots\" content=\"index, follow, max-snippet:-1, max-image-preview:large, max-video-preview:-1\" \/>\n<link rel=\"canonical\" href=\"https:\/\/fedemark.ee\/en\/products\/vacuum-cleaners\/pc-50-tools-evolution\/\" \/>\n<meta property=\"og:locale\" content=\"en_US\" \/>\n<meta property=\"og:type\" content=\"article\" \/>\n<meta property=\"og:title\" content=\"PC 50 Tools Evolution - Fedemark\" \/>\n<meta property=\"og:description\" content=\"PC 50 TOOLS EVOLUTION   With any electric tool, whatever material is being worked, the PC 50 Tools Evolution instantly vacuums up the finest dusts, leaving the work surface free from residues and suspended particles. With a 50 liter drum and a high efficiency w\/cup motor, it works in perfect synergy with the electric tool, thanks to a simple electrical connection through an electronically controlled outlet. At the end of the cleaning session, the filter is vibrated for 8-10 seconds to clean it efficiently (this option can also be manually activated). A new, practical, useful, high efficiency system to revolutionize work methods, with great time savings.    Technical specifications - PC 50 TOOLS Evolution    Product code 99 014BEG   Voltage rating V~ 220-240   Hz frequency 50\/60   IEC power rating W 1200   Automatic filter shaker W 48   Motor insulation class    Appliance insulation class I   Power rating at power tool plug W 2000   Automatic device for suction extension t\/sec 8\u00f710   Rated capacity l 50   Drum material PE-HD   MAX vacuum mbar 220   MAX airflow m3\/h (approx) 180   Motor type High-efficiency w\/cup    &nbsp;    Filtering system   Double-layer paper filter bag, IFA&quot;M&quot; cat.   Cartridge filter, IFA \u201cM\u201d Cat.   Anti-foam filter   Washable reusable fabric bag (optional)    &nbsp;    Accessories \u00f8 45 mm - PC 50 TOOLS evolution   1. \u00f8 45 mm flexible hose with ergonomic grip 2. \u00f8 36 mm flexible hose with swivel connections 3. Extension wands 4. Multidiameter sleeve for electric tools 5. Blocking ring for power tool cord 6. Combined brush frame 7. Wet nozzle 8. Hard floor insert 9. Crevice tool    &nbsp;\" \/>\n<meta property=\"og:url\" content=\"https:\/\/fedemark.ee\/en\/products\/vacuum-cleaners\/pc-50-tools-evolution\/\" \/>\n<meta property=\"og:site_name\" content=\"Fedemark\" \/>\n<meta property=\"article:modified_time\" content=\"2019-08-13T06:45:31+00:00\" \/>\n<meta property=\"og:image\" content=\"https:\/\/fedemark.ee\/wp-content\/uploads\/2019\/08\/PGV07698-683x1024.jpg\" \/>\n\t<meta property=\"og:image:width\" content=\"683\" \/>\n\t<meta property=\"og:image:height\" content=\"1024\" \/>\n\t<meta property=\"og:image:type\" content=\"image\/jpeg\" \/>\n<meta name=\"twitter:card\" content=\"summary_large_image\" \/>\n<script type=\"application\/ld+json\" class=\"yoast-schema-graph\">{\"@context\":\"https:\/\/schema.org\",\"@graph\":[{\"@type\":\"WebPage\",\"@id\":\"https:\/\/fedemark.ee\/en\/products\/vacuum-cleaners\/pc-50-tools-evolution\/\",\"url\":\"https:\/\/fedemark.ee\/en\/products\/vacuum-cleaners\/pc-50-tools-evolution\/\",\"name\":\"PC 50 Tools Evolution - Fedemark\",\"isPartOf\":{\"@id\":\"https:\/\/fedemark.ee\/#website\"},\"primaryImageOfPage\":{\"@id\":\"https:\/\/fedemark.ee\/en\/products\/vacuum-cleaners\/pc-50-tools-evolution\/#primaryimage\"},\"image\":{\"@id\":\"https:\/\/fedemark.ee\/en\/products\/vacuum-cleaners\/pc-50-tools-evolution\/#primaryimage\"},\"thumbnailUrl\":\"https:\/\/fedemark.ee\/wp-content\/uploads\/2019\/08\/PGV07698.jpg\",\"datePublished\":\"2019-08-09T09:52:52+00:00\",\"dateModified\":\"2019-08-13T06:45:31+00:00\",\"breadcrumb\":{\"@id\":\"https:\/\/fedemark.ee\/en\/products\/vacuum-cleaners\/pc-50-tools-evolution\/#breadcrumb\"},\"inLanguage\":\"en-US\",\"potentialAction\":[{\"@type\":\"ReadAction\",\"target\":[\"https:\/\/fedemark.ee\/en\/products\/vacuum-cleaners\/pc-50-tools-evolution\/\"]}]},{\"@type\":\"ImageObject\",\"inLanguage\":\"en-US\",\"@id\":\"https:\/\/fedemark.ee\/en\/products\/vacuum-cleaners\/pc-50-tools-evolution\/#primaryimage\",\"url\":\"https:\/\/fedemark.ee\/wp-content\/uploads\/2019\/08\/PGV07698.jpg\",\"contentUrl\":\"https:\/\/fedemark.ee\/wp-content\/uploads\/2019\/08\/PGV07698.jpg\",\"width\":4000,\"height\":6000},{\"@type\":\"BreadcrumbList\",\"@id\":\"https:\/\/fedemark.ee\/en\/products\/vacuum-cleaners\/pc-50-tools-evolution\/#breadcrumb\",\"itemListElement\":[{\"@type\":\"ListItem\",\"position\":1,\"name\":\"Home\",\"item\":\"https:\/\/fedemark.ee\/en\/\"},{\"@type\":\"ListItem\",\"position\":2,\"name\":\"Products\",\"item\":\"https:\/\/fedemark.ee\/en\/products\/\"},{\"@type\":\"ListItem\",\"position\":3,\"name\":\"PC 50 Tools Evolution\"}]},{\"@type\":\"WebSite\",\"@id\":\"https:\/\/fedemark.ee\/#website\",\"url\":\"https:\/\/fedemark.ee\/\",\"name\":\"Fedemark\",\"description\":\"Redelid, Tellingud, T\u00f6\u00f6platvormid ja vahekorrused\",\"potentialAction\":[{\"@type\":\"SearchAction\",\"target\":{\"@type\":\"EntryPoint\",\"urlTemplate\":\"https:\/\/fedemark.ee\/?s={search_term_string}\"},\"query-input\":\"required name=search_term_string\"}],\"inLanguage\":\"en-US\"}]}<\/script>\n<!-- \/ Yoast SEO plugin. -->","yoast_head_json":{"title":"PC 50 Tools Evolution - Fedemark","robots":{"index":"index","follow":"follow","max-snippet":"max-snippet:-1","max-image-preview":"max-image-preview:large","max-video-preview":"max-video-preview:-1"},"canonical":"https:\/\/fedemark.ee\/en\/products\/vacuum-cleaners\/pc-50-tools-evolution\/","og_locale":"en_US","og_type":"article","og_title":"PC 50 Tools Evolution - Fedemark","og_description":"PC 50 TOOLS EVOLUTION   With any electric tool, whatever material is being worked, the PC 50 Tools Evolution instantly vacuums up the finest dusts, leaving the work surface free from residues and suspended particles. With a 50 liter drum and a high efficiency w\/cup motor, it works in perfect synergy with the electric tool, thanks to a simple electrical connection through an electronically controlled outlet. At the end of the cleaning session, the filter is vibrated for 8-10 seconds to clean it efficiently (this option can also be manually activated). A new, practical, useful, high efficiency system to revolutionize work methods, with great time savings.    Technical specifications - PC 50 TOOLS Evolution    Product code 99 014BEG   Voltage rating V~ 220-240   Hz frequency 50\/60   IEC power rating W 1200   Automatic filter shaker W 48   Motor insulation class    Appliance insulation class I   Power rating at power tool plug W 2000   Automatic device for suction extension t\/sec 8\u00f710   Rated capacity l 50   Drum material PE-HD   MAX vacuum mbar 220   MAX airflow m3\/h (approx) 180   Motor type High-efficiency w\/cup    &nbsp;    Filtering system   Double-layer paper filter bag, IFA\"M\" cat.   Cartridge filter, IFA \u201cM\u201d Cat.   Anti-foam filter   Washable reusable fabric bag (optional)    &nbsp;    Accessories \u00f8 45 mm - PC 50 TOOLS evolution   1. \u00f8 45 mm flexible hose with ergonomic grip 2. \u00f8 36 mm flexible hose with swivel connections 3. Extension wands 4. Multidiameter sleeve for electric tools 5. Blocking ring for power tool cord 6. Combined brush frame 7. Wet nozzle 8. Hard floor insert 9. Crevice tool    &nbsp;","og_url":"https:\/\/fedemark.ee\/en\/products\/vacuum-cleaners\/pc-50-tools-evolution\/","og_site_name":"Fedemark","article_modified_time":"2019-08-13T06:45:31+00:00","og_image":[{"width":683,"height":1024,"url":"https:\/\/fedemark.ee\/wp-content\/uploads\/2019\/08\/PGV07698-683x1024.jpg","type":"image\/jpeg"}],"twitter_card":"summary_large_image","schema":{"@context":"https:\/\/schema.org","@graph":[{"@type":"WebPage","@id":"https:\/\/fedemark.ee\/en\/products\/vacuum-cleaners\/pc-50-tools-evolution\/","url":"https:\/\/fedemark.ee\/en\/products\/vacuum-cleaners\/pc-50-tools-evolution\/","name":"PC 50 Tools Evolution - Fedemark","isPartOf":{"@id":"https:\/\/fedemark.ee\/#website"},"primaryImageOfPage":{"@id":"https:\/\/fedemark.ee\/en\/products\/vacuum-cleaners\/pc-50-tools-evolution\/#primaryimage"},"image":{"@id":"https:\/\/fedemark.ee\/en\/products\/vacuum-cleaners\/pc-50-tools-evolution\/#primaryimage"},"thumbnailUrl":"https:\/\/fedemark.ee\/wp-content\/uploads\/2019\/08\/PGV07698.jpg","datePublished":"2019-08-09T09:52:52+00:00","dateModified":"2019-08-13T06:45:31+00:00","breadcrumb":{"@id":"https:\/\/fedemark.ee\/en\/products\/vacuum-cleaners\/pc-50-tools-evolution\/#breadcrumb"},"inLanguage":"en-US","potentialAction":[{"@type":"ReadAction","target":["https:\/\/fedemark.ee\/en\/products\/vacuum-cleaners\/pc-50-tools-evolution\/"]}]},{"@type":"ImageObject","inLanguage":"en-US","@id":"https:\/\/fedemark.ee\/en\/products\/vacuum-cleaners\/pc-50-tools-evolution\/#primaryimage","url":"https:\/\/fedemark.ee\/wp-content\/uploads\/2019\/08\/PGV07698.jpg","contentUrl":"https:\/\/fedemark.ee\/wp-content\/uploads\/2019\/08\/PGV07698.jpg","width":4000,"height":6000},{"@type":"BreadcrumbList","@id":"https:\/\/fedemark.ee\/en\/products\/vacuum-cleaners\/pc-50-tools-evolution\/#breadcrumb","itemListElement":[{"@type":"ListItem","position":1,"name":"Home","item":"https:\/\/fedemark.ee\/en\/"},{"@type":"ListItem","position":2,"name":"Products","item":"https:\/\/fedemark.ee\/en\/products\/"},{"@type":"ListItem","position":3,"name":"PC 50 Tools Evolution"}]},{"@type":"WebSite","@id":"https:\/\/fedemark.ee\/#website","url":"https:\/\/fedemark.ee\/","name":"Fedemark","description":"Redelid, Tellingud, T\u00f6\u00f6platvormid ja vahekorrused","potentialAction":[{"@type":"SearchAction","target":{"@type":"EntryPoint","urlTemplate":"https:\/\/fedemark.ee\/?s={search_term_string}"},"query-input":"required name=search_term_string"}],"inLanguage":"en-US"}]}},"_links":{"self":[{"href":"https:\/\/fedemark.ee\/en\/wp-json\/wp\/v2\/product\/12054"}],"collection":[{"href":"https:\/\/fedemark.ee\/en\/wp-json\/wp\/v2\/product"}],"about":[{"href":"https:\/\/fedemark.ee\/en\/wp-json\/wp\/v2\/types\/product"}],"replies":[{"embeddable":true,"href":"https:\/\/fedemark.ee\/en\/wp-json\/wp\/v2\/comments?post=12054"}],"version-history":[{"count":1,"href":"https:\/\/fedemark.ee\/en\/wp-json\/wp\/v2\/product\/12054\/revisions"}],"predecessor-version":[{"id":12087,"href":"https:\/\/fedemark.ee\/en\/wp-json\/wp\/v2\/product\/12054\/revisions\/12087"}],"wp:featuredmedia":[{"embeddable":true,"href":"https:\/\/fedemark.ee\/en\/wp-json\/wp\/v2\/media\/12055"}],"wp:attachment":[{"href":"https:\/\/fedemark.ee\/en\/wp-json\/wp\/v2\/media?parent=12054"}],"wp:term":[{"taxonomy":"product_cat","embeddable":true,"href":"https:\/\/fedemark.ee\/en\/wp-json\/wp\/v2\/product_cat?post=12054"},{"taxonomy":"product_tag","embeddable":true,"href":"https:\/\/fedemark.ee\/en\/wp-json\/wp\/v2\/product_tag?post=12054"}],"curies":[{"name":"wp","href":"https:\/\/api.w.org\/{rel}","templated":true}]}}