{"id":7158,"date":"2017-05-30T13:03:55","date_gmt":"2017-05-30T13:03:55","guid":{"rendered":"https:\/\/sharks.ee\/fedemark\/shop\/uncategorized\/lux-e3\/"},"modified":"2017-07-24T13:36:45","modified_gmt":"2017-07-24T13:36:45","slug":"lux-e3","status":"publish","type":"product","link":"https:\/\/fedemark.ee\/en\/products\/heavy-duty-ladders-and-working-platforms\/extension-ladders\/lux-e3\/","title":{"rendered":"Luxe 3"},"content":{"rendered":"","protected":false},"excerpt":{"rendered":"<p><em>Three-section push-up and stepladder, suitable also for use on stairs, for comfortable climbing<\/em><\/p>\n<p>It is equipped with adjustable base stabiliser and sliding wheels when used as lean-to-wall ladder. When used as a stepladder, the third section is only used as a guar\u00acdrail.<\/p>\n<p>The De Luxe range of Heavy Duty ladders is made of a high quality ribbed extruded aluminium, manufactured with an advanced automatic flanging method (the rungs are fixed to the ladder profiles with a \u201csandwich\u201d system) giving great strength and long-lasting performance. It conforms to European standard EN131.<\/p>\n<p>Patented adjustable base stabiliser standard on Luxe 3<br \/>\nConstructed in strong but lightweight aluminium, this is a new system which allows adjustment on uneven ground by counter-balancing the effects of uneven surfaces ensuring easy safe operation and usage of the ladder. This is facilitated by the use of 2 strong extractable pins which allow the user to level the ladder. When the ladder is extended in a narrow operating area, the ladder can be used without the sta\u00acbiliser. The reinforced feet lift the base stabiliser to 45 mm so the ladder can be used even where there are stones or other small obstacles.<\/p>\n<p>Device to prevent third section overturning.<br \/>\nIt prevents uncontrolled slipping of the ladder from the user\u2019s hand, and<br \/>\nfalling of the third section during extension of the ladder when used as<br \/>\na stepladder.<\/p>\n<p>Flanged, ribbed and ergonomic rungs.<br \/>\nThree-phase flanging (rungs are fixed with a \u201csandwich\u201d system) for a<br \/>\nlong lasting: 1 and 2. Frame inner side swelling, frame outer side flanging<br \/>\nand 3 swelling inside the frame. Safe and easy use is therefore ensured<br \/>\nby a flat stable rung for the user granting greater ease and productivity.<br \/>\nThere is no cutting into the foot as in traditional square rungs which form<br \/>\na diamond shape causing uncomfortable use.<\/p>\n<p>TECHNICAL FEATURES<br \/>\n\u2022 No. of rungs: 6+7+7 to 12+13+13<br \/>\n\u2022 Stepladder height: from m 2,10 to m 3,90<br \/>\n\u2022 Extended height: from m 4,95 to m 9,72<br \/>\n\u2022 Base section width 48,5 cm<br \/>\n\u2022 Intermediate section width 42,3 cm<br \/>\n\u2022 Final section width 36,5 cm<br \/>\n\u2022 Rung distance 30 cm<br \/>\n\u2022 Capacity 150 kg<\/p>\n<p>STANDARD PARTS<br \/>\n\u2022 Flat rungs under shoes<br \/>\n\u2022 Sliding wheels<br \/>\n\u2022 Adjustable base stabiliser<br \/>\n\u2022 Aluminium opening system<br \/>\n\u2022 Bar preventing uncontrolled closure and opening of the ladder<br \/>\n\u2022 Anti-skid rubber feet<br \/>\n\u2022 Extension blocking device to prevent ladder moving when the safety limit is reached<br \/>\n\u2022 Device to stop upward shifting<br \/>\n\u2022 Label and instructions for assembly and use<br \/>\n\u2022 Thermo-shrinkable plastic package with showcard<\/p>\n<p>&nbsp;<\/p>\n<table border=\"0\">\n<tbody>\n<tr>\n<td><a class=\"group1 cboxElement\" href=\"http:\/\/www.fedemark.ee\/wp-content\/uploads\/2014\/08\/0131.jpg\"><img loading=\"lazy\" decoding=\"async\" class=\"alignnone size-full wp-image-658\" src=\"http:\/\/www.fedemark.ee\/wp-content\/uploads\/2014\/08\/0131.jpg\" alt=\"013\" width=\"21\" height=\"40\" \/><\/a><\/td>\n<td><a class=\"group1 cboxElement\" href=\"http:\/\/www.fedemark.ee\/wp-content\/uploads\/2014\/08\/0321.jpg\"><img loading=\"lazy\" decoding=\"async\" class=\"alignnone size-full wp-image-659\" src=\"http:\/\/www.fedemark.ee\/wp-content\/uploads\/2014\/08\/0321.jpg\" alt=\"032\" width=\"17\" height=\"56\" \/><\/a><\/td>\n<td><a class=\"group1 cboxElement\" href=\"http:\/\/www.fedemark.ee\/wp-content\/uploads\/2014\/08\/041.jpg\"><img loading=\"lazy\" decoding=\"async\" class=\"alignnone size-full wp-image-660\" src=\"http:\/\/www.fedemark.ee\/wp-content\/uploads\/2014\/08\/041.jpg\" alt=\"04\" width=\"35\" height=\"57\" \/><\/a><\/td>\n<td><a class=\"group1 cboxElement\" href=\"http:\/\/www.fedemark.ee\/wp-content\/uploads\/2014\/08\/08561.jpg\"><img loading=\"lazy\" decoding=\"async\" class=\"alignnone size-full wp-image-661\" src=\"http:\/\/www.fedemark.ee\/wp-content\/uploads\/2014\/08\/08561.jpg\" alt=\"0856\" width=\"38\" height=\"51\" \/><\/a><\/td>\n<td><a class=\"group1 cboxElement\" href=\"http:\/\/www.fedemark.ee\/wp-content\/uploads\/2014\/08\/14561.jpg\"><img loading=\"lazy\" decoding=\"async\" class=\"alignnone size-full wp-image-662\" src=\"http:\/\/www.fedemark.ee\/wp-content\/uploads\/2014\/08\/14561.jpg\" alt=\"1456\" width=\"22\" height=\"52\" \/><\/a><\/td>\n<td><a class=\"group1 cboxElement\" href=\"http:\/\/www.fedemark.ee\/wp-content\/uploads\/2014\/08\/08.jpg\"><img loading=\"lazy\" decoding=\"async\" class=\"alignnone size-full wp-image-440\" src=\"http:\/\/www.fedemark.ee\/wp-content\/uploads\/2014\/08\/08.jpg\" alt=\"08\" width=\"27\" height=\"33\" \/><\/a><\/td>\n<\/tr>\n<tr>\n<td>\n<p lang=\"ru-RU\">6+7+7<\/p>\n<\/td>\n<td>\n<p lang=\"ru-RU\">2,25<\/p>\n<\/td>\n<td>\n<p lang=\"ru-RU\">2,10<\/p>\n<\/td>\n<td>\n<p lang=\"ru-RU\">4,95<\/p>\n<\/td>\n<td>\n<p lang=\"ru-RU\">67\u00d727<\/p>\n<\/td>\n<td>\n<p lang=\"ru-RU\">16,5<\/p>\n<\/td>\n<\/tr>\n<tr>\n<td>\n<p lang=\"ru-RU\">7+8+8<\/p>\n<\/td>\n<td>\n<p lang=\"ru-RU\">2,55<\/p>\n<\/td>\n<td>\n<p lang=\"ru-RU\">2,40<\/p>\n<\/td>\n<td>\n<p lang=\"ru-RU\">5,85<\/p>\n<\/td>\n<td>\n<p lang=\"ru-RU\">67\u00d727<\/p>\n<\/td>\n<td>\n<p lang=\"ru-RU\">18,5<\/p>\n<\/td>\n<\/tr>\n<tr>\n<td>\n<p lang=\"ru-RU\">8+9+9<\/p>\n<\/td>\n<td>\n<p lang=\"ru-RU\">2,85<\/p>\n<\/td>\n<td>\n<p lang=\"ru-RU\">2,70<\/p>\n<\/td>\n<td>\n<p lang=\"ru-RU\">6,45<\/p>\n<\/td>\n<td>\n<p lang=\"ru-RU\">67\u00d727<\/p>\n<\/td>\n<td>\n<p lang=\"ru-RU\">20,0<\/p>\n<\/td>\n<\/tr>\n<tr>\n<td>\n<p lang=\"ru-RU\">9+10+10<\/p>\n<\/td>\n<td>\n<p lang=\"ru-RU\">3,10<\/p>\n<\/td>\n<td>\n<p lang=\"ru-RU\">3,00<\/p>\n<\/td>\n<td>\n<p lang=\"ru-RU\">7,30<\/p>\n<\/td>\n<td>\n<p lang=\"ru-RU\">84\u00d727<\/p>\n<\/td>\n<td>\n<p lang=\"ru-RU\">25,0<\/p>\n<\/td>\n<\/tr>\n<tr>\n<td>\n<p lang=\"ru-RU\">10+11+11<\/p>\n<\/td>\n<td>\n<p lang=\"ru-RU\">3,40<\/p>\n<\/td>\n<td>\n<p lang=\"ru-RU\">3,30<\/p>\n<\/td>\n<td>\n<p lang=\"ru-RU\">8,50<\/p>\n<\/td>\n<td>\n<p lang=\"ru-RU\">100\u00d727<\/p>\n<\/td>\n<td>\n<p lang=\"ru-RU\">30,0<\/p>\n<\/td>\n<\/tr>\n<tr>\n<td>\n<p lang=\"ru-RU\">12+13+13<\/p>\n<\/td>\n<td>\n<p lang=\"ru-RU\">4,00<\/p>\n<\/td>\n<td>\n<p lang=\"ru-RU\">3,90<\/p>\n<\/td>\n<td>\n<p lang=\"ru-RU\">10,00<\/p>\n<\/td>\n<td>\n<p lang=\"ru-RU\">100\u00d727<\/p>\n<\/td>\n<td>\n<p lang=\"ru-RU\">34,5<\/p>\n<\/td>\n<\/tr>\n<\/tbody>\n<\/table>\n<p><img loading=\"lazy\" decoding=\"async\" class=\"alignnone wp-image-5253\" src=\"https:\/\/fedemark.ee\/wp-content\/uploads\/2017\/06\/Ikoonid_29.jpg\" alt=\"\" width=\"81\" height=\"76\" \/><img loading=\"lazy\" decoding=\"async\" class=\"alignnone wp-image-5257\" src=\"https:\/\/fedemark.ee\/wp-content\/uploads\/2017\/06\/Ikoonid_03-Copy.jpg\" alt=\"\" width=\"73\" height=\"73\" srcset=\"https:\/\/fedemark.ee\/wp-content\/uploads\/2017\/06\/Ikoonid_03-Copy.jpg 132w, https:\/\/fedemark.ee\/wp-content\/uploads\/2017\/06\/Ikoonid_03-Copy-100x100.jpg 100w\" sizes=\"(max-width: 73px) 100vw, 73px\" \/><img loading=\"lazy\" decoding=\"async\" class=\"alignnone wp-image-5353\" src=\"https:\/\/fedemark.ee\/wp-content\/uploads\/2017\/06\/Ikoonid_50.jpg\" alt=\"\" width=\"68\" height=\"81\" \/><img loading=\"lazy\" decoding=\"async\" class=\"alignnone wp-image-5337\" src=\"https:\/\/fedemark.ee\/wp-content\/uploads\/2017\/06\/Ikoonid_38-Copy.jpg\" alt=\"\" width=\"84\" height=\"80\" \/><\/p>\n","protected":false},"featured_media":8936,"comment_status":"open","ping_status":"closed","template":"","meta":{"footnotes":""},"product_cat":[143,126],"product_tag":[],"yoast_head":"<!-- This site is optimized with the Yoast SEO plugin v22.6 - https:\/\/yoast.com\/wordpress\/plugins\/seo\/ -->\n<title>Luxe 3 - Fedemark<\/title>\n<meta name=\"robots\" content=\"index, follow, max-snippet:-1, max-image-preview:large, max-video-preview:-1\" \/>\n<link rel=\"canonical\" href=\"https:\/\/fedemark.ee\/en\/products\/heavy-duty-ladders-and-working-platforms\/extension-ladders\/lux-e3\/\" \/>\n<meta property=\"og:locale\" content=\"en_US\" \/>\n<meta property=\"og:type\" content=\"article\" \/>\n<meta property=\"og:title\" content=\"Luxe 3 - Fedemark\" \/>\n<meta property=\"og:description\" content=\"Three-section push-up and stepladder, suitable also for use on stairs, for comfortable climbing  It is equipped with adjustable base stabiliser and sliding wheels when used as lean-to-wall ladder. When used as a stepladder, the third section is only used as a guar\u00acdrail.  The De Luxe range of Heavy Duty ladders is made of a high quality ribbed extruded aluminium, manufactured with an advanced automatic flanging method (the rungs are fixed to the ladder profiles with a \u201csandwich\u201d system) giving great strength and long-lasting performance. It conforms to European standard EN131.  Patented adjustable base stabiliser standard on Luxe 3 Constructed in strong but lightweight aluminium, this is a new system which allows adjustment on uneven ground by counter-balancing the effects of uneven surfaces ensuring easy safe operation and usage of the ladder. This is facilitated by the use of 2 strong extractable pins which allow the user to level the ladder. When the ladder is extended in a narrow operating area, the ladder can be used without the sta\u00acbiliser. The reinforced feet lift the base stabiliser to 45 mm so the ladder can be used even where there are stones or other small obstacles.  Device to prevent third section overturning. It prevents uncontrolled slipping of the ladder from the user\u2019s hand, and falling of the third section during extension of the ladder when used as a stepladder.  Flanged, ribbed and ergonomic rungs. Three-phase flanging (rungs are fixed with a \u201csandwich\u201d system) for a long lasting: 1 and 2. Frame inner side swelling, frame outer side flanging and 3 swelling inside the frame. Safe and easy use is therefore ensured by a flat stable rung for the user granting greater ease and productivity. There is no cutting into the foot as in traditional square rungs which form a diamond shape causing uncomfortable use.  TECHNICAL FEATURES \u2022 No. of rungs: 6+7+7 to 12+13+13 \u2022 Stepladder height: from m 2,10 to m 3,90 \u2022 Extended height: from m 4,95 to m 9,72 \u2022 Base section width 48,5 cm \u2022 Intermediate section width 42,3 cm \u2022 Final section width 36,5 cm \u2022 Rung distance 30 cm \u2022 Capacity 150 kg  STANDARD PARTS \u2022 Flat rungs under shoes \u2022 Sliding wheels \u2022 Adjustable base stabiliser \u2022 Aluminium opening system \u2022 Bar preventing uncontrolled closure and opening of the ladder \u2022 Anti-skid rubber feet \u2022 Extension blocking device to prevent ladder moving when the safety limit is reached \u2022 Device to stop upward shifting \u2022 Label and instructions for assembly and use \u2022 Thermo-shrinkable plastic package with showcard  &nbsp;             6+7+7   2,25   2,10   4,95   67\u00d727   16,5     7+8+8   2,55   2,40   5,85   67\u00d727   18,5     8+9+9   2,85   2,70   6,45   67\u00d727   20,0     9+10+10   3,10   3,00   7,30   84\u00d727   25,0     10+11+11   3,40   3,30   8,50   100\u00d727   30,0     12+13+13   4,00   3,90   10,00   100\u00d727   34,5\" \/>\n<meta property=\"og:url\" content=\"https:\/\/fedemark.ee\/en\/products\/heavy-duty-ladders-and-working-platforms\/extension-ladders\/lux-e3\/\" \/>\n<meta property=\"og:site_name\" content=\"Fedemark\" \/>\n<meta property=\"article:modified_time\" content=\"2017-07-24T13:36:45+00:00\" \/>\n<meta property=\"og:image\" content=\"https:\/\/fedemark.ee\/wp-content\/uploads\/2017\/05\/LUXE3-1-1.jpg\" \/>\n\t<meta property=\"og:image:width\" content=\"800\" \/>\n\t<meta property=\"og:image:height\" content=\"800\" \/>\n\t<meta property=\"og:image:type\" content=\"image\/jpeg\" \/>\n<meta name=\"twitter:card\" content=\"summary_large_image\" \/>\n<script type=\"application\/ld+json\" class=\"yoast-schema-graph\">{\"@context\":\"https:\/\/schema.org\",\"@graph\":[{\"@type\":\"WebPage\",\"@id\":\"https:\/\/fedemark.ee\/en\/products\/heavy-duty-ladders-and-working-platforms\/extension-ladders\/lux-e3\/\",\"url\":\"https:\/\/fedemark.ee\/en\/products\/heavy-duty-ladders-and-working-platforms\/extension-ladders\/lux-e3\/\",\"name\":\"Luxe 3 - Fedemark\",\"isPartOf\":{\"@id\":\"https:\/\/fedemark.ee\/#website\"},\"primaryImageOfPage\":{\"@id\":\"https:\/\/fedemark.ee\/en\/products\/heavy-duty-ladders-and-working-platforms\/extension-ladders\/lux-e3\/#primaryimage\"},\"image\":{\"@id\":\"https:\/\/fedemark.ee\/en\/products\/heavy-duty-ladders-and-working-platforms\/extension-ladders\/lux-e3\/#primaryimage\"},\"thumbnailUrl\":\"https:\/\/fedemark.ee\/wp-content\/uploads\/2017\/05\/LUXE3-1-1.jpg\",\"datePublished\":\"2017-05-30T13:03:55+00:00\",\"dateModified\":\"2017-07-24T13:36:45+00:00\",\"breadcrumb\":{\"@id\":\"https:\/\/fedemark.ee\/en\/products\/heavy-duty-ladders-and-working-platforms\/extension-ladders\/lux-e3\/#breadcrumb\"},\"inLanguage\":\"en-US\",\"potentialAction\":[{\"@type\":\"ReadAction\",\"target\":[\"https:\/\/fedemark.ee\/en\/products\/heavy-duty-ladders-and-working-platforms\/extension-ladders\/lux-e3\/\"]}]},{\"@type\":\"ImageObject\",\"inLanguage\":\"en-US\",\"@id\":\"https:\/\/fedemark.ee\/en\/products\/heavy-duty-ladders-and-working-platforms\/extension-ladders\/lux-e3\/#primaryimage\",\"url\":\"https:\/\/fedemark.ee\/wp-content\/uploads\/2017\/05\/LUXE3-1-1.jpg\",\"contentUrl\":\"https:\/\/fedemark.ee\/wp-content\/uploads\/2017\/05\/LUXE3-1-1.jpg\",\"width\":800,\"height\":800},{\"@type\":\"BreadcrumbList\",\"@id\":\"https:\/\/fedemark.ee\/en\/products\/heavy-duty-ladders-and-working-platforms\/extension-ladders\/lux-e3\/#breadcrumb\",\"itemListElement\":[{\"@type\":\"ListItem\",\"position\":1,\"name\":\"Home\",\"item\":\"https:\/\/fedemark.ee\/en\/\"},{\"@type\":\"ListItem\",\"position\":2,\"name\":\"Products\",\"item\":\"https:\/\/fedemark.ee\/en\/products\/\"},{\"@type\":\"ListItem\",\"position\":3,\"name\":\"Luxe 3\"}]},{\"@type\":\"WebSite\",\"@id\":\"https:\/\/fedemark.ee\/#website\",\"url\":\"https:\/\/fedemark.ee\/\",\"name\":\"Fedemark\",\"description\":\"Redelid, Tellingud, T\u00f6\u00f6platvormid ja vahekorrused\",\"potentialAction\":[{\"@type\":\"SearchAction\",\"target\":{\"@type\":\"EntryPoint\",\"urlTemplate\":\"https:\/\/fedemark.ee\/?s={search_term_string}\"},\"query-input\":\"required name=search_term_string\"}],\"inLanguage\":\"en-US\"}]}<\/script>\n<!-- \/ Yoast SEO plugin. -->","yoast_head_json":{"title":"Luxe 3 - Fedemark","robots":{"index":"index","follow":"follow","max-snippet":"max-snippet:-1","max-image-preview":"max-image-preview:large","max-video-preview":"max-video-preview:-1"},"canonical":"https:\/\/fedemark.ee\/en\/products\/heavy-duty-ladders-and-working-platforms\/extension-ladders\/lux-e3\/","og_locale":"en_US","og_type":"article","og_title":"Luxe 3 - Fedemark","og_description":"Three-section push-up and stepladder, suitable also for use on stairs, for comfortable climbing  It is equipped with adjustable base stabiliser and sliding wheels when used as lean-to-wall ladder. When used as a stepladder, the third section is only used as a guar\u00acdrail.  The De Luxe range of Heavy Duty ladders is made of a high quality ribbed extruded aluminium, manufactured with an advanced automatic flanging method (the rungs are fixed to the ladder profiles with a \u201csandwich\u201d system) giving great strength and long-lasting performance. It conforms to European standard EN131.  Patented adjustable base stabiliser standard on Luxe 3 Constructed in strong but lightweight aluminium, this is a new system which allows adjustment on uneven ground by counter-balancing the effects of uneven surfaces ensuring easy safe operation and usage of the ladder. This is facilitated by the use of 2 strong extractable pins which allow the user to level the ladder. When the ladder is extended in a narrow operating area, the ladder can be used without the sta\u00acbiliser. The reinforced feet lift the base stabiliser to 45 mm so the ladder can be used even where there are stones or other small obstacles.  Device to prevent third section overturning. It prevents uncontrolled slipping of the ladder from the user\u2019s hand, and falling of the third section during extension of the ladder when used as a stepladder.  Flanged, ribbed and ergonomic rungs. Three-phase flanging (rungs are fixed with a \u201csandwich\u201d system) for a long lasting: 1 and 2. Frame inner side swelling, frame outer side flanging and 3 swelling inside the frame. Safe and easy use is therefore ensured by a flat stable rung for the user granting greater ease and productivity. There is no cutting into the foot as in traditional square rungs which form a diamond shape causing uncomfortable use.  TECHNICAL FEATURES \u2022 No. of rungs: 6+7+7 to 12+13+13 \u2022 Stepladder height: from m 2,10 to m 3,90 \u2022 Extended height: from m 4,95 to m 9,72 \u2022 Base section width 48,5 cm \u2022 Intermediate section width 42,3 cm \u2022 Final section width 36,5 cm \u2022 Rung distance 30 cm \u2022 Capacity 150 kg  STANDARD PARTS \u2022 Flat rungs under shoes \u2022 Sliding wheels \u2022 Adjustable base stabiliser \u2022 Aluminium opening system \u2022 Bar preventing uncontrolled closure and opening of the ladder \u2022 Anti-skid rubber feet \u2022 Extension blocking device to prevent ladder moving when the safety limit is reached \u2022 Device to stop upward shifting \u2022 Label and instructions for assembly and use \u2022 Thermo-shrinkable plastic package with showcard  &nbsp;             6+7+7   2,25   2,10   4,95   67\u00d727   16,5     7+8+8   2,55   2,40   5,85   67\u00d727   18,5     8+9+9   2,85   2,70   6,45   67\u00d727   20,0     9+10+10   3,10   3,00   7,30   84\u00d727   25,0     10+11+11   3,40   3,30   8,50   100\u00d727   30,0     12+13+13   4,00   3,90   10,00   100\u00d727   34,5","og_url":"https:\/\/fedemark.ee\/en\/products\/heavy-duty-ladders-and-working-platforms\/extension-ladders\/lux-e3\/","og_site_name":"Fedemark","article_modified_time":"2017-07-24T13:36:45+00:00","og_image":[{"width":800,"height":800,"url":"https:\/\/fedemark.ee\/wp-content\/uploads\/2017\/05\/LUXE3-1-1.jpg","type":"image\/jpeg"}],"twitter_card":"summary_large_image","schema":{"@context":"https:\/\/schema.org","@graph":[{"@type":"WebPage","@id":"https:\/\/fedemark.ee\/en\/products\/heavy-duty-ladders-and-working-platforms\/extension-ladders\/lux-e3\/","url":"https:\/\/fedemark.ee\/en\/products\/heavy-duty-ladders-and-working-platforms\/extension-ladders\/lux-e3\/","name":"Luxe 3 - Fedemark","isPartOf":{"@id":"https:\/\/fedemark.ee\/#website"},"primaryImageOfPage":{"@id":"https:\/\/fedemark.ee\/en\/products\/heavy-duty-ladders-and-working-platforms\/extension-ladders\/lux-e3\/#primaryimage"},"image":{"@id":"https:\/\/fedemark.ee\/en\/products\/heavy-duty-ladders-and-working-platforms\/extension-ladders\/lux-e3\/#primaryimage"},"thumbnailUrl":"https:\/\/fedemark.ee\/wp-content\/uploads\/2017\/05\/LUXE3-1-1.jpg","datePublished":"2017-05-30T13:03:55+00:00","dateModified":"2017-07-24T13:36:45+00:00","breadcrumb":{"@id":"https:\/\/fedemark.ee\/en\/products\/heavy-duty-ladders-and-working-platforms\/extension-ladders\/lux-e3\/#breadcrumb"},"inLanguage":"en-US","potentialAction":[{"@type":"ReadAction","target":["https:\/\/fedemark.ee\/en\/products\/heavy-duty-ladders-and-working-platforms\/extension-ladders\/lux-e3\/"]}]},{"@type":"ImageObject","inLanguage":"en-US","@id":"https:\/\/fedemark.ee\/en\/products\/heavy-duty-ladders-and-working-platforms\/extension-ladders\/lux-e3\/#primaryimage","url":"https:\/\/fedemark.ee\/wp-content\/uploads\/2017\/05\/LUXE3-1-1.jpg","contentUrl":"https:\/\/fedemark.ee\/wp-content\/uploads\/2017\/05\/LUXE3-1-1.jpg","width":800,"height":800},{"@type":"BreadcrumbList","@id":"https:\/\/fedemark.ee\/en\/products\/heavy-duty-ladders-and-working-platforms\/extension-ladders\/lux-e3\/#breadcrumb","itemListElement":[{"@type":"ListItem","position":1,"name":"Home","item":"https:\/\/fedemark.ee\/en\/"},{"@type":"ListItem","position":2,"name":"Products","item":"https:\/\/fedemark.ee\/en\/products\/"},{"@type":"ListItem","position":3,"name":"Luxe 3"}]},{"@type":"WebSite","@id":"https:\/\/fedemark.ee\/#website","url":"https:\/\/fedemark.ee\/","name":"Fedemark","description":"Redelid, Tellingud, T\u00f6\u00f6platvormid ja vahekorrused","potentialAction":[{"@type":"SearchAction","target":{"@type":"EntryPoint","urlTemplate":"https:\/\/fedemark.ee\/?s={search_term_string}"},"query-input":"required name=search_term_string"}],"inLanguage":"en-US"}]}},"_links":{"self":[{"href":"https:\/\/fedemark.ee\/en\/wp-json\/wp\/v2\/product\/7158"}],"collection":[{"href":"https:\/\/fedemark.ee\/en\/wp-json\/wp\/v2\/product"}],"about":[{"href":"https:\/\/fedemark.ee\/en\/wp-json\/wp\/v2\/types\/product"}],"replies":[{"embeddable":true,"href":"https:\/\/fedemark.ee\/en\/wp-json\/wp\/v2\/comments?post=7158"}],"version-history":[{"count":0,"href":"https:\/\/fedemark.ee\/en\/wp-json\/wp\/v2\/product\/7158\/revisions"}],"wp:featuredmedia":[{"embeddable":true,"href":"https:\/\/fedemark.ee\/en\/wp-json\/wp\/v2\/media\/8936"}],"wp:attachment":[{"href":"https:\/\/fedemark.ee\/en\/wp-json\/wp\/v2\/media?parent=7158"}],"wp:term":[{"taxonomy":"product_cat","embeddable":true,"href":"https:\/\/fedemark.ee\/en\/wp-json\/wp\/v2\/product_cat?post=7158"},{"taxonomy":"product_tag","embeddable":true,"href":"https:\/\/fedemark.ee\/en\/wp-json\/wp\/v2\/product_tag?post=7158"}],"curies":[{"name":"wp","href":"https:\/\/api.w.org\/{rel}","templated":true}]}}