{"id":7197,"date":"2017-06-15T19:00:49","date_gmt":"2017-06-15T19:00:49","guid":{"rendered":"https:\/\/sharks.ee\/fedemark\/shop\/uncategorized\/ulisse-s\/"},"modified":"2017-07-25T06:34:13","modified_gmt":"2017-07-25T06:34:13","slug":"ulisse-s","status":"publish","type":"product","link":"https:\/\/fedemark.ee\/en\/products\/heavy-duty-ladders-and-working-platforms\/step-stools\/ulisse-s\/","title":{"rendered":"Ulisse S"},"content":{"rendered":"","protected":false},"excerpt":{"rendered":"<p><em>\u00dchepoolne kaitsepiirdega treppredel-t\u00f6\u00f6platvorm<\/em><\/p>\n<p>Professionaalne kaitsepiirde, t\u00f6\u00f6riistaaluse ja k\u00e4epiirdega alumiiniumist treppredel. Iga aste on tugevasti raami k\u00fclge keevitatud. K\u00f5ige pikemate astmete all on tugevdused.<\/p>\n<p>TEHNILISED OMADUSED<br \/>\n\u2022 Paksus kokkupanduna: 15 cm<br \/>\n\u2022 Pol\u00fcprop\u00fcleenist platvorm (28 x 25,5 cm)<br \/>\n\u2022 Astmetevaheline kaugus: 25 cm<br \/>\n\u2022 Mittelibisevad 8 cm astmed<br \/>\n\u2022 Kandev\u00f5ime: 150 kg<br \/>\n\u2022 Eesmine raami profiil: 80&#215;25 mm<br \/>\n\u2022 Tagumine raami profiil: 40&#215;20 mm<br \/>\n\u2022 Kaitsepiirde k\u00f5rgus: 41 cm<br \/>\n\u2022 Astmete arv: 2 kuni 4<br \/>\n\u2022 Platvormi k\u00f5rgus:\u00a00,47 m kuni 0,95 m<\/p>\n<p>STANDARDOSAD<br \/>\n\u2022 Platvormi blokeerimismehhanism<br \/>\n\u2022 T\u00f6\u00f6riistahoidik ja tugevdatud pol\u00fcprop\u00fcleenist konks \u00e4mbrile (25,5&#215;28 cm)<br \/>\n\u2022 Ergonoomilised tugevdatud mittelibisevad kummist jalad<br \/>\n\u2022 Kokkupaneku- ja kasutusjuhend<\/p>\n<p>Platvorm loetakse astmete arvu hulka.<\/p>\n","protected":false},"featured_media":6199,"comment_status":"open","ping_status":"closed","template":"","meta":{"footnotes":""},"product_cat":[126,148],"product_tag":[],"yoast_head":"<!-- This site is optimized with the Yoast SEO plugin v22.6 - https:\/\/yoast.com\/wordpress\/plugins\/seo\/ -->\n<title>Ulisse S - Fedemark<\/title>\n<meta name=\"robots\" content=\"index, follow, max-snippet:-1, max-image-preview:large, max-video-preview:-1\" \/>\n<link rel=\"canonical\" href=\"https:\/\/fedemark.ee\/en\/products\/heavy-duty-ladders-and-working-platforms\/step-stools\/ulisse-s\/\" \/>\n<meta property=\"og:locale\" content=\"en_US\" \/>\n<meta property=\"og:type\" content=\"article\" \/>\n<meta property=\"og:title\" content=\"Ulisse S - Fedemark\" \/>\n<meta property=\"og:description\" content=\"\u00dchepoolne kaitsepiirdega treppredel-t\u00f6\u00f6platvorm  Professionaalne kaitsepiirde, t\u00f6\u00f6riistaaluse ja k\u00e4epiirdega alumiiniumist treppredel. Iga aste on tugevasti raami k\u00fclge keevitatud. K\u00f5ige pikemate astmete all on tugevdused.  TEHNILISED OMADUSED \u2022 Paksus kokkupanduna: 15 cm \u2022 Pol\u00fcprop\u00fcleenist platvorm (28 x 25,5 cm) \u2022 Astmetevaheline kaugus: 25 cm \u2022 Mittelibisevad 8 cm astmed \u2022 Kandev\u00f5ime: 150 kg \u2022 Eesmine raami profiil: 80x25 mm \u2022 Tagumine raami profiil: 40x20 mm \u2022 Kaitsepiirde k\u00f5rgus: 41 cm \u2022 Astmete arv: 2 kuni 4 \u2022 Platvormi k\u00f5rgus:\u00a00,47 m kuni 0,95 m  STANDARDOSAD \u2022 Platvormi blokeerimismehhanism \u2022 T\u00f6\u00f6riistahoidik ja tugevdatud pol\u00fcprop\u00fcleenist konks \u00e4mbrile (25,5x28 cm) \u2022 Ergonoomilised tugevdatud mittelibisevad kummist jalad \u2022 Kokkupaneku- ja kasutusjuhend  Platvorm loetakse astmete arvu hulka.\" \/>\n<meta property=\"og:url\" content=\"https:\/\/fedemark.ee\/en\/products\/heavy-duty-ladders-and-working-platforms\/step-stools\/ulisse-s\/\" \/>\n<meta property=\"og:site_name\" content=\"Fedemark\" \/>\n<meta property=\"article:modified_time\" content=\"2017-07-25T06:34:13+00:00\" \/>\n<meta property=\"og:image\" content=\"https:\/\/fedemark.ee\/wp-content\/uploads\/2017\/06\/ulisse-super.jpg\" \/>\n\t<meta property=\"og:image:width\" content=\"4080\" \/>\n\t<meta property=\"og:image:height\" content=\"4078\" \/>\n\t<meta property=\"og:image:type\" content=\"image\/jpeg\" \/>\n<meta name=\"twitter:card\" content=\"summary_large_image\" \/>\n<script type=\"application\/ld+json\" class=\"yoast-schema-graph\">{\"@context\":\"https:\/\/schema.org\",\"@graph\":[{\"@type\":\"WebPage\",\"@id\":\"https:\/\/fedemark.ee\/en\/products\/heavy-duty-ladders-and-working-platforms\/step-stools\/ulisse-s\/\",\"url\":\"https:\/\/fedemark.ee\/en\/products\/heavy-duty-ladders-and-working-platforms\/step-stools\/ulisse-s\/\",\"name\":\"Ulisse S - Fedemark\",\"isPartOf\":{\"@id\":\"https:\/\/fedemark.ee\/#website\"},\"primaryImageOfPage\":{\"@id\":\"https:\/\/fedemark.ee\/en\/products\/heavy-duty-ladders-and-working-platforms\/step-stools\/ulisse-s\/#primaryimage\"},\"image\":{\"@id\":\"https:\/\/fedemark.ee\/en\/products\/heavy-duty-ladders-and-working-platforms\/step-stools\/ulisse-s\/#primaryimage\"},\"thumbnailUrl\":\"https:\/\/fedemark.ee\/wp-content\/uploads\/2017\/06\/ulisse-super.jpg\",\"datePublished\":\"2017-06-15T19:00:49+00:00\",\"dateModified\":\"2017-07-25T06:34:13+00:00\",\"breadcrumb\":{\"@id\":\"https:\/\/fedemark.ee\/en\/products\/heavy-duty-ladders-and-working-platforms\/step-stools\/ulisse-s\/#breadcrumb\"},\"inLanguage\":\"en-US\",\"potentialAction\":[{\"@type\":\"ReadAction\",\"target\":[\"https:\/\/fedemark.ee\/en\/products\/heavy-duty-ladders-and-working-platforms\/step-stools\/ulisse-s\/\"]}]},{\"@type\":\"ImageObject\",\"inLanguage\":\"en-US\",\"@id\":\"https:\/\/fedemark.ee\/en\/products\/heavy-duty-ladders-and-working-platforms\/step-stools\/ulisse-s\/#primaryimage\",\"url\":\"https:\/\/fedemark.ee\/wp-content\/uploads\/2017\/06\/ulisse-super.jpg\",\"contentUrl\":\"https:\/\/fedemark.ee\/wp-content\/uploads\/2017\/06\/ulisse-super.jpg\",\"width\":4080,\"height\":4078},{\"@type\":\"BreadcrumbList\",\"@id\":\"https:\/\/fedemark.ee\/en\/products\/heavy-duty-ladders-and-working-platforms\/step-stools\/ulisse-s\/#breadcrumb\",\"itemListElement\":[{\"@type\":\"ListItem\",\"position\":1,\"name\":\"Home\",\"item\":\"https:\/\/fedemark.ee\/en\/\"},{\"@type\":\"ListItem\",\"position\":2,\"name\":\"Products\",\"item\":\"https:\/\/fedemark.ee\/en\/products\/\"},{\"@type\":\"ListItem\",\"position\":3,\"name\":\"Ulisse S\"}]},{\"@type\":\"WebSite\",\"@id\":\"https:\/\/fedemark.ee\/#website\",\"url\":\"https:\/\/fedemark.ee\/\",\"name\":\"Fedemark\",\"description\":\"Redelid, Tellingud, T\u00f6\u00f6platvormid ja vahekorrused\",\"potentialAction\":[{\"@type\":\"SearchAction\",\"target\":{\"@type\":\"EntryPoint\",\"urlTemplate\":\"https:\/\/fedemark.ee\/?s={search_term_string}\"},\"query-input\":\"required name=search_term_string\"}],\"inLanguage\":\"en-US\"}]}<\/script>\n<!-- \/ Yoast SEO plugin. -->","yoast_head_json":{"title":"Ulisse S - Fedemark","robots":{"index":"index","follow":"follow","max-snippet":"max-snippet:-1","max-image-preview":"max-image-preview:large","max-video-preview":"max-video-preview:-1"},"canonical":"https:\/\/fedemark.ee\/en\/products\/heavy-duty-ladders-and-working-platforms\/step-stools\/ulisse-s\/","og_locale":"en_US","og_type":"article","og_title":"Ulisse S - Fedemark","og_description":"\u00dchepoolne kaitsepiirdega treppredel-t\u00f6\u00f6platvorm  Professionaalne kaitsepiirde, t\u00f6\u00f6riistaaluse ja k\u00e4epiirdega alumiiniumist treppredel. Iga aste on tugevasti raami k\u00fclge keevitatud. K\u00f5ige pikemate astmete all on tugevdused.  TEHNILISED OMADUSED \u2022 Paksus kokkupanduna: 15 cm \u2022 Pol\u00fcprop\u00fcleenist platvorm (28 x 25,5 cm) \u2022 Astmetevaheline kaugus: 25 cm \u2022 Mittelibisevad 8 cm astmed \u2022 Kandev\u00f5ime: 150 kg \u2022 Eesmine raami profiil: 80x25 mm \u2022 Tagumine raami profiil: 40x20 mm \u2022 Kaitsepiirde k\u00f5rgus: 41 cm \u2022 Astmete arv: 2 kuni 4 \u2022 Platvormi k\u00f5rgus:\u00a00,47 m kuni 0,95 m  STANDARDOSAD \u2022 Platvormi blokeerimismehhanism \u2022 T\u00f6\u00f6riistahoidik ja tugevdatud pol\u00fcprop\u00fcleenist konks \u00e4mbrile (25,5x28 cm) \u2022 Ergonoomilised tugevdatud mittelibisevad kummist jalad \u2022 Kokkupaneku- ja kasutusjuhend  Platvorm loetakse astmete arvu hulka.","og_url":"https:\/\/fedemark.ee\/en\/products\/heavy-duty-ladders-and-working-platforms\/step-stools\/ulisse-s\/","og_site_name":"Fedemark","article_modified_time":"2017-07-25T06:34:13+00:00","og_image":[{"width":4080,"height":4078,"url":"https:\/\/fedemark.ee\/wp-content\/uploads\/2017\/06\/ulisse-super.jpg","type":"image\/jpeg"}],"twitter_card":"summary_large_image","schema":{"@context":"https:\/\/schema.org","@graph":[{"@type":"WebPage","@id":"https:\/\/fedemark.ee\/en\/products\/heavy-duty-ladders-and-working-platforms\/step-stools\/ulisse-s\/","url":"https:\/\/fedemark.ee\/en\/products\/heavy-duty-ladders-and-working-platforms\/step-stools\/ulisse-s\/","name":"Ulisse S - Fedemark","isPartOf":{"@id":"https:\/\/fedemark.ee\/#website"},"primaryImageOfPage":{"@id":"https:\/\/fedemark.ee\/en\/products\/heavy-duty-ladders-and-working-platforms\/step-stools\/ulisse-s\/#primaryimage"},"image":{"@id":"https:\/\/fedemark.ee\/en\/products\/heavy-duty-ladders-and-working-platforms\/step-stools\/ulisse-s\/#primaryimage"},"thumbnailUrl":"https:\/\/fedemark.ee\/wp-content\/uploads\/2017\/06\/ulisse-super.jpg","datePublished":"2017-06-15T19:00:49+00:00","dateModified":"2017-07-25T06:34:13+00:00","breadcrumb":{"@id":"https:\/\/fedemark.ee\/en\/products\/heavy-duty-ladders-and-working-platforms\/step-stools\/ulisse-s\/#breadcrumb"},"inLanguage":"en-US","potentialAction":[{"@type":"ReadAction","target":["https:\/\/fedemark.ee\/en\/products\/heavy-duty-ladders-and-working-platforms\/step-stools\/ulisse-s\/"]}]},{"@type":"ImageObject","inLanguage":"en-US","@id":"https:\/\/fedemark.ee\/en\/products\/heavy-duty-ladders-and-working-platforms\/step-stools\/ulisse-s\/#primaryimage","url":"https:\/\/fedemark.ee\/wp-content\/uploads\/2017\/06\/ulisse-super.jpg","contentUrl":"https:\/\/fedemark.ee\/wp-content\/uploads\/2017\/06\/ulisse-super.jpg","width":4080,"height":4078},{"@type":"BreadcrumbList","@id":"https:\/\/fedemark.ee\/en\/products\/heavy-duty-ladders-and-working-platforms\/step-stools\/ulisse-s\/#breadcrumb","itemListElement":[{"@type":"ListItem","position":1,"name":"Home","item":"https:\/\/fedemark.ee\/en\/"},{"@type":"ListItem","position":2,"name":"Products","item":"https:\/\/fedemark.ee\/en\/products\/"},{"@type":"ListItem","position":3,"name":"Ulisse S"}]},{"@type":"WebSite","@id":"https:\/\/fedemark.ee\/#website","url":"https:\/\/fedemark.ee\/","name":"Fedemark","description":"Redelid, Tellingud, T\u00f6\u00f6platvormid ja vahekorrused","potentialAction":[{"@type":"SearchAction","target":{"@type":"EntryPoint","urlTemplate":"https:\/\/fedemark.ee\/?s={search_term_string}"},"query-input":"required name=search_term_string"}],"inLanguage":"en-US"}]}},"_links":{"self":[{"href":"https:\/\/fedemark.ee\/en\/wp-json\/wp\/v2\/product\/7197"}],"collection":[{"href":"https:\/\/fedemark.ee\/en\/wp-json\/wp\/v2\/product"}],"about":[{"href":"https:\/\/fedemark.ee\/en\/wp-json\/wp\/v2\/types\/product"}],"replies":[{"embeddable":true,"href":"https:\/\/fedemark.ee\/en\/wp-json\/wp\/v2\/comments?post=7197"}],"version-history":[{"count":0,"href":"https:\/\/fedemark.ee\/en\/wp-json\/wp\/v2\/product\/7197\/revisions"}],"wp:featuredmedia":[{"embeddable":true,"href":"https:\/\/fedemark.ee\/en\/wp-json\/wp\/v2\/media\/6199"}],"wp:attachment":[{"href":"https:\/\/fedemark.ee\/en\/wp-json\/wp\/v2\/media?parent=7197"}],"wp:term":[{"taxonomy":"product_cat","embeddable":true,"href":"https:\/\/fedemark.ee\/en\/wp-json\/wp\/v2\/product_cat?post=7197"},{"taxonomy":"product_tag","embeddable":true,"href":"https:\/\/fedemark.ee\/en\/wp-json\/wp\/v2\/product_tag?post=7197"}],"curies":[{"name":"wp","href":"https:\/\/api.w.org\/{rel}","templated":true}]}}