{"id":7219,"date":"2017-06-13T18:47:04","date_gmt":"2017-06-13T18:47:04","guid":{"rendered":"https:\/\/sharks.ee\/fedemark\/shop\/uncategorized\/tempo-safe\/"},"modified":"2017-07-25T07:42:44","modified_gmt":"2017-07-25T07:42:44","slug":"tempo-safe","status":"publish","type":"product","link":"https:\/\/fedemark.ee\/en\/products\/scaffolds-and-special-structures\/aluminium-heavy-duty-scaffolds\/tempo-safe\/","title":{"rendered":"Tempo Safe"},"content":{"rendered":"","protected":false},"excerpt":{"rendered":"<p>Heavy-duty aluminium scaffold quick to assemble with constant operator protection.<\/p>\n<p>It is a variation of TEMPO scaffold, which allows the operator to assemble and disassemble the tower without using safety belts (anti-fall device). In fact, the operator can assemble the whole protection railing directly from the working platform below. Once he climbs on the higher platform, he will be completely protected (360\u00b0) from the protection railing avoiding any risk of accidental falling. Suitable for heavy-duty, it assures maximum safety in any situation. It is made of lightweight aluminium alloy (50&#215;1.5 mm). Thanks to its few components, it is light, easy to transport and quick to assemble (few minutes). It is rustproof.<\/p>\n<p><strong>STANDARD FEATURES<\/strong><\/p>\n<p>4 braked castors \u00d8 150\u00a0 (Tempo Safe L) (on demand \u00d8 200 o 125)<\/p>\n<p>4 braked castors \u00d8 125 (Tempo Safe S) (on demand \u00d8 200 o 150)<\/p>\n<p>4 adjustable legs 400 mm (on demand 150\/700 mm)<\/p>\n<p>4 stabilizers prearranged according to height<\/p>\n<p>2 base horizontal braces<\/p>\n<p>4 diagonal braces for each span and corresponding frames (Tempo Safe L)<\/p>\n<p>2 diagonal braces for each span and corresponding frames (Tempo Safe S)<\/p>\n<p>2 Safe guardrail for each span<\/p>\n<p>1 working platform with trapdoor in aluminium\/painted wiremesh wood non-skid for each span<\/p>\n<p>PACKAGING: instruction manual and labels in each scaffold.<\/p>\n<p>The manual contains conformity certificate<\/p>\n<p><strong>Protection railing:<\/strong>\u00a0SAFE guardrails form and frames with rungs form a regulation protection railing without using a top module. This reduces component sand assembling time.<\/p>\n<p>It is suitable for charterers.<br \/>\nTempo Safe perfect for rental companies.<\/p>\n<p><strong>HIGHLIGHTS:\u00a0<\/strong><\/p>\n<p>\u00b7\u00a0Total safety during assembly\/disassembly<\/p>\n<p>\u00b7\u00a0Quick assembly (it hooks and locks with just one gesture)<\/p>\n<p>\u00b7\u00a0No need of anti-fall device during assembly\/disassembly<\/p>\n<p>\u00b7\u00a0Reduced components and weight<\/p>\n<p>\u00b7\u00a0Dimensions of protection railing is the same of frame one.\u00a0This assure easy transportation.<\/p>\n<p><img loading=\"lazy\" decoding=\"async\" class=\"alignnone wp-image-5317\" src=\"https:\/\/fedemark.ee\/wp-content\/uploads\/2017\/06\/Ikoonid_29-1.jpg\" alt=\"\" width=\"89\" height=\"83\" \/><img loading=\"lazy\" decoding=\"async\" class=\"alignnone wp-image-5285\" src=\"https:\/\/fedemark.ee\/wp-content\/uploads\/2017\/06\/Ikoonid_11.jpg\" alt=\"\" width=\"84\" height=\"84\" srcset=\"https:\/\/fedemark.ee\/wp-content\/uploads\/2017\/06\/Ikoonid_11.jpg 150w, https:\/\/fedemark.ee\/wp-content\/uploads\/2017\/06\/Ikoonid_11-100x100.jpg 100w\" sizes=\"(max-width: 84px) 100vw, 84px\" \/><img loading=\"lazy\" decoding=\"async\" class=\"alignnone wp-image-5329\" src=\"https:\/\/fedemark.ee\/wp-content\/uploads\/2017\/06\/Ikoonid_37-Copy.jpg\" alt=\"\" width=\"143\" height=\"64\" \/><img loading=\"lazy\" decoding=\"async\" class=\"alignnone wp-image-5337\" src=\"https:\/\/fedemark.ee\/wp-content\/uploads\/2017\/06\/Ikoonid_38-Copy.jpg\" alt=\"\" width=\"92\" height=\"88\" \/><\/p>\n","protected":false},"featured_media":4720,"comment_status":"open","ping_status":"closed","template":"","meta":{"footnotes":""},"product_cat":[137],"product_tag":[],"yoast_head":"<!-- This site is optimized with the Yoast SEO plugin v22.6 - https:\/\/yoast.com\/wordpress\/plugins\/seo\/ -->\n<title>Tempo Safe - Fedemark<\/title>\n<meta name=\"robots\" content=\"index, follow, max-snippet:-1, max-image-preview:large, max-video-preview:-1\" \/>\n<link rel=\"canonical\" href=\"https:\/\/fedemark.ee\/en\/products\/scaffolds-and-special-structures\/aluminium-heavy-duty-scaffolds\/tempo-safe\/\" \/>\n<meta property=\"og:locale\" content=\"en_US\" \/>\n<meta property=\"og:type\" content=\"article\" \/>\n<meta property=\"og:title\" content=\"Tempo Safe - Fedemark\" \/>\n<meta property=\"og:description\" content=\"Heavy-duty aluminium scaffold quick to assemble with constant operator protection.  It is a variation of TEMPO scaffold, which allows the operator to assemble and disassemble the tower without using safety belts (anti-fall device). In fact, the operator can assemble the whole protection railing directly from the working platform below. Once he climbs on the higher platform, he will be completely protected (360\u00b0) from the protection railing avoiding any risk of accidental falling. Suitable for heavy-duty, it assures maximum safety in any situation. It is made of lightweight aluminium alloy (50x1.5 mm). Thanks to its few components, it is light, easy to transport and quick to assemble (few minutes). It is rustproof.  STANDARD FEATURES  4 braked castors \u00d8 150\u00a0 (Tempo Safe L) (on demand \u00d8 200 o 125)  4 braked castors \u00d8 125 (Tempo Safe S) (on demand \u00d8 200 o 150)  4 adjustable legs 400 mm (on demand 150\/700 mm)  4 stabilizers prearranged according to height  2 base horizontal braces  4 diagonal braces for each span and corresponding frames (Tempo Safe L)  2 diagonal braces for each span and corresponding frames (Tempo Safe S)  2 Safe guardrail for each span  1 working platform with trapdoor in aluminium\/painted wiremesh wood non-skid for each span  PACKAGING: instruction manual and labels in each scaffold.  The manual contains conformity certificate  Protection railing:\u00a0SAFE guardrails form and frames with rungs form a regulation protection railing without using a top module. This reduces component sand assembling time.  It is suitable for charterers. Tempo Safe perfect for rental companies.  HIGHLIGHTS:\u00a0  \u00b7\u00a0Total safety during assembly\/disassembly  \u00b7\u00a0Quick assembly (it hooks and locks with just one gesture)  \u00b7\u00a0No need of anti-fall device during assembly\/disassembly  \u00b7\u00a0Reduced components and weight  \u00b7\u00a0Dimensions of protection railing is the same of frame one.\u00a0This assure easy transportation.\" \/>\n<meta property=\"og:url\" content=\"https:\/\/fedemark.ee\/en\/products\/scaffolds-and-special-structures\/aluminium-heavy-duty-scaffolds\/tempo-safe\/\" \/>\n<meta property=\"og:site_name\" content=\"Fedemark\" \/>\n<meta property=\"article:modified_time\" content=\"2017-07-25T07:42:44+00:00\" \/>\n<meta property=\"og:image\" content=\"https:\/\/fedemark.ee\/wp-content\/uploads\/2017\/06\/Tempo-Safe-I.jpg\" \/>\n\t<meta property=\"og:image:width\" content=\"3020\" \/>\n\t<meta property=\"og:image:height\" content=\"4650\" \/>\n\t<meta property=\"og:image:type\" content=\"image\/jpeg\" \/>\n<meta name=\"twitter:card\" content=\"summary_large_image\" \/>\n<script type=\"application\/ld+json\" class=\"yoast-schema-graph\">{\"@context\":\"https:\/\/schema.org\",\"@graph\":[{\"@type\":\"WebPage\",\"@id\":\"https:\/\/fedemark.ee\/en\/products\/scaffolds-and-special-structures\/aluminium-heavy-duty-scaffolds\/tempo-safe\/\",\"url\":\"https:\/\/fedemark.ee\/en\/products\/scaffolds-and-special-structures\/aluminium-heavy-duty-scaffolds\/tempo-safe\/\",\"name\":\"Tempo Safe - Fedemark\",\"isPartOf\":{\"@id\":\"https:\/\/fedemark.ee\/#website\"},\"primaryImageOfPage\":{\"@id\":\"https:\/\/fedemark.ee\/en\/products\/scaffolds-and-special-structures\/aluminium-heavy-duty-scaffolds\/tempo-safe\/#primaryimage\"},\"image\":{\"@id\":\"https:\/\/fedemark.ee\/en\/products\/scaffolds-and-special-structures\/aluminium-heavy-duty-scaffolds\/tempo-safe\/#primaryimage\"},\"thumbnailUrl\":\"https:\/\/fedemark.ee\/wp-content\/uploads\/2017\/06\/Tempo-Safe-I.jpg\",\"datePublished\":\"2017-06-13T18:47:04+00:00\",\"dateModified\":\"2017-07-25T07:42:44+00:00\",\"breadcrumb\":{\"@id\":\"https:\/\/fedemark.ee\/en\/products\/scaffolds-and-special-structures\/aluminium-heavy-duty-scaffolds\/tempo-safe\/#breadcrumb\"},\"inLanguage\":\"en-US\",\"potentialAction\":[{\"@type\":\"ReadAction\",\"target\":[\"https:\/\/fedemark.ee\/en\/products\/scaffolds-and-special-structures\/aluminium-heavy-duty-scaffolds\/tempo-safe\/\"]}]},{\"@type\":\"ImageObject\",\"inLanguage\":\"en-US\",\"@id\":\"https:\/\/fedemark.ee\/en\/products\/scaffolds-and-special-structures\/aluminium-heavy-duty-scaffolds\/tempo-safe\/#primaryimage\",\"url\":\"https:\/\/fedemark.ee\/wp-content\/uploads\/2017\/06\/Tempo-Safe-I.jpg\",\"contentUrl\":\"https:\/\/fedemark.ee\/wp-content\/uploads\/2017\/06\/Tempo-Safe-I.jpg\",\"width\":3020,\"height\":4650},{\"@type\":\"BreadcrumbList\",\"@id\":\"https:\/\/fedemark.ee\/en\/products\/scaffolds-and-special-structures\/aluminium-heavy-duty-scaffolds\/tempo-safe\/#breadcrumb\",\"itemListElement\":[{\"@type\":\"ListItem\",\"position\":1,\"name\":\"Home\",\"item\":\"https:\/\/fedemark.ee\/en\/\"},{\"@type\":\"ListItem\",\"position\":2,\"name\":\"Products\",\"item\":\"https:\/\/fedemark.ee\/en\/products\/\"},{\"@type\":\"ListItem\",\"position\":3,\"name\":\"Tempo Safe\"}]},{\"@type\":\"WebSite\",\"@id\":\"https:\/\/fedemark.ee\/#website\",\"url\":\"https:\/\/fedemark.ee\/\",\"name\":\"Fedemark\",\"description\":\"Redelid, Tellingud, T\u00f6\u00f6platvormid ja vahekorrused\",\"potentialAction\":[{\"@type\":\"SearchAction\",\"target\":{\"@type\":\"EntryPoint\",\"urlTemplate\":\"https:\/\/fedemark.ee\/?s={search_term_string}\"},\"query-input\":\"required name=search_term_string\"}],\"inLanguage\":\"en-US\"}]}<\/script>\n<!-- \/ Yoast SEO plugin. -->","yoast_head_json":{"title":"Tempo Safe - Fedemark","robots":{"index":"index","follow":"follow","max-snippet":"max-snippet:-1","max-image-preview":"max-image-preview:large","max-video-preview":"max-video-preview:-1"},"canonical":"https:\/\/fedemark.ee\/en\/products\/scaffolds-and-special-structures\/aluminium-heavy-duty-scaffolds\/tempo-safe\/","og_locale":"en_US","og_type":"article","og_title":"Tempo Safe - Fedemark","og_description":"Heavy-duty aluminium scaffold quick to assemble with constant operator protection.  It is a variation of TEMPO scaffold, which allows the operator to assemble and disassemble the tower without using safety belts (anti-fall device). In fact, the operator can assemble the whole protection railing directly from the working platform below. Once he climbs on the higher platform, he will be completely protected (360\u00b0) from the protection railing avoiding any risk of accidental falling. Suitable for heavy-duty, it assures maximum safety in any situation. It is made of lightweight aluminium alloy (50x1.5 mm). Thanks to its few components, it is light, easy to transport and quick to assemble (few minutes). It is rustproof.  STANDARD FEATURES  4 braked castors \u00d8 150\u00a0 (Tempo Safe L) (on demand \u00d8 200 o 125)  4 braked castors \u00d8 125 (Tempo Safe S) (on demand \u00d8 200 o 150)  4 adjustable legs 400 mm (on demand 150\/700 mm)  4 stabilizers prearranged according to height  2 base horizontal braces  4 diagonal braces for each span and corresponding frames (Tempo Safe L)  2 diagonal braces for each span and corresponding frames (Tempo Safe S)  2 Safe guardrail for each span  1 working platform with trapdoor in aluminium\/painted wiremesh wood non-skid for each span  PACKAGING: instruction manual and labels in each scaffold.  The manual contains conformity certificate  Protection railing:\u00a0SAFE guardrails form and frames with rungs form a regulation protection railing without using a top module. This reduces component sand assembling time.  It is suitable for charterers. Tempo Safe perfect for rental companies.  HIGHLIGHTS:\u00a0  \u00b7\u00a0Total safety during assembly\/disassembly  \u00b7\u00a0Quick assembly (it hooks and locks with just one gesture)  \u00b7\u00a0No need of anti-fall device during assembly\/disassembly  \u00b7\u00a0Reduced components and weight  \u00b7\u00a0Dimensions of protection railing is the same of frame one.\u00a0This assure easy transportation.","og_url":"https:\/\/fedemark.ee\/en\/products\/scaffolds-and-special-structures\/aluminium-heavy-duty-scaffolds\/tempo-safe\/","og_site_name":"Fedemark","article_modified_time":"2017-07-25T07:42:44+00:00","og_image":[{"width":3020,"height":4650,"url":"https:\/\/fedemark.ee\/wp-content\/uploads\/2017\/06\/Tempo-Safe-I.jpg","type":"image\/jpeg"}],"twitter_card":"summary_large_image","schema":{"@context":"https:\/\/schema.org","@graph":[{"@type":"WebPage","@id":"https:\/\/fedemark.ee\/en\/products\/scaffolds-and-special-structures\/aluminium-heavy-duty-scaffolds\/tempo-safe\/","url":"https:\/\/fedemark.ee\/en\/products\/scaffolds-and-special-structures\/aluminium-heavy-duty-scaffolds\/tempo-safe\/","name":"Tempo Safe - Fedemark","isPartOf":{"@id":"https:\/\/fedemark.ee\/#website"},"primaryImageOfPage":{"@id":"https:\/\/fedemark.ee\/en\/products\/scaffolds-and-special-structures\/aluminium-heavy-duty-scaffolds\/tempo-safe\/#primaryimage"},"image":{"@id":"https:\/\/fedemark.ee\/en\/products\/scaffolds-and-special-structures\/aluminium-heavy-duty-scaffolds\/tempo-safe\/#primaryimage"},"thumbnailUrl":"https:\/\/fedemark.ee\/wp-content\/uploads\/2017\/06\/Tempo-Safe-I.jpg","datePublished":"2017-06-13T18:47:04+00:00","dateModified":"2017-07-25T07:42:44+00:00","breadcrumb":{"@id":"https:\/\/fedemark.ee\/en\/products\/scaffolds-and-special-structures\/aluminium-heavy-duty-scaffolds\/tempo-safe\/#breadcrumb"},"inLanguage":"en-US","potentialAction":[{"@type":"ReadAction","target":["https:\/\/fedemark.ee\/en\/products\/scaffolds-and-special-structures\/aluminium-heavy-duty-scaffolds\/tempo-safe\/"]}]},{"@type":"ImageObject","inLanguage":"en-US","@id":"https:\/\/fedemark.ee\/en\/products\/scaffolds-and-special-structures\/aluminium-heavy-duty-scaffolds\/tempo-safe\/#primaryimage","url":"https:\/\/fedemark.ee\/wp-content\/uploads\/2017\/06\/Tempo-Safe-I.jpg","contentUrl":"https:\/\/fedemark.ee\/wp-content\/uploads\/2017\/06\/Tempo-Safe-I.jpg","width":3020,"height":4650},{"@type":"BreadcrumbList","@id":"https:\/\/fedemark.ee\/en\/products\/scaffolds-and-special-structures\/aluminium-heavy-duty-scaffolds\/tempo-safe\/#breadcrumb","itemListElement":[{"@type":"ListItem","position":1,"name":"Home","item":"https:\/\/fedemark.ee\/en\/"},{"@type":"ListItem","position":2,"name":"Products","item":"https:\/\/fedemark.ee\/en\/products\/"},{"@type":"ListItem","position":3,"name":"Tempo Safe"}]},{"@type":"WebSite","@id":"https:\/\/fedemark.ee\/#website","url":"https:\/\/fedemark.ee\/","name":"Fedemark","description":"Redelid, Tellingud, T\u00f6\u00f6platvormid ja vahekorrused","potentialAction":[{"@type":"SearchAction","target":{"@type":"EntryPoint","urlTemplate":"https:\/\/fedemark.ee\/?s={search_term_string}"},"query-input":"required name=search_term_string"}],"inLanguage":"en-US"}]}},"_links":{"self":[{"href":"https:\/\/fedemark.ee\/en\/wp-json\/wp\/v2\/product\/7219"}],"collection":[{"href":"https:\/\/fedemark.ee\/en\/wp-json\/wp\/v2\/product"}],"about":[{"href":"https:\/\/fedemark.ee\/en\/wp-json\/wp\/v2\/types\/product"}],"replies":[{"embeddable":true,"href":"https:\/\/fedemark.ee\/en\/wp-json\/wp\/v2\/comments?post=7219"}],"version-history":[{"count":0,"href":"https:\/\/fedemark.ee\/en\/wp-json\/wp\/v2\/product\/7219\/revisions"}],"wp:featuredmedia":[{"embeddable":true,"href":"https:\/\/fedemark.ee\/en\/wp-json\/wp\/v2\/media\/4720"}],"wp:attachment":[{"href":"https:\/\/fedemark.ee\/en\/wp-json\/wp\/v2\/media?parent=7219"}],"wp:term":[{"taxonomy":"product_cat","embeddable":true,"href":"https:\/\/fedemark.ee\/en\/wp-json\/wp\/v2\/product_cat?post=7219"},{"taxonomy":"product_tag","embeddable":true,"href":"https:\/\/fedemark.ee\/en\/wp-json\/wp\/v2\/product_tag?post=7219"}],"curies":[{"name":"wp","href":"https:\/\/api.w.org\/{rel}","templated":true}]}}