{"id":7226,"date":"2017-06-14T11:28:40","date_gmt":"2017-06-14T11:28:40","guid":{"rendered":"https:\/\/sharks.ee\/fedemark\/shop\/uncategorized\/dingo\/"},"modified":"2017-07-25T07:58:10","modified_gmt":"2017-07-25T07:58:10","slug":"dingo","status":"publish","type":"product","link":"https:\/\/fedemark.ee\/en\/products\/scaffolds-and-special-structures\/steel-heavy-duty-scaffolds\/dingo\/","title":{"rendered":"Dingo"},"content":{"rendered":"","protected":false},"excerpt":{"rendered":"<p><em>Compact dimensions for a max height of 7,60 m<\/em><\/p>\n<p>Tower scaffolding system in steel FE360 galvanized against rust. It is safe to use and easy to assemble. The crossbars create a perfectly static structure with no swaying at all even at great heights. This design leaves a wide open space to work on fa\u00e7ade.<\/p>\n<p>TECHNICAL FEATURES<br \/>\nPossible heights: 1,90 to 7,60 m<br \/>\nSize: 1,60 x 0,80 m<br \/>\nMax capacity: kg 200\/m\u00b2 (including 2 persons \u2013 excluding platforms and internal ladders)<br \/>\nSpan: height 1,50 m, weight 24 kg<br \/>\nRules: each tower is equipped with instruction manual and label<br \/>\nSections in resistant steel \u00d8 38 mm<\/p>\n<p>OPTIONALS<br \/>\nSteel\/wood working platform with trapdoor<br \/>\nAluminium\/wood working platform with trapdoor<br \/>\nBase steel\/wood half-platform<br \/>\nLight base for indoor work on smooth surfaces (heights not over 3,10 m)<br \/>\nAdditional brake (castors \u00d8 150 mm)<br \/>\nCastors \u00d8 200 mm<br \/>\nAdditional charge for braked castors \u00d8 200 mm<br \/>\nAluminium internal ladder &#8211; 1 section 2,20 m, weight 4,0 kg<br \/>\nAluminium internal ladder &#8211; 2 sections 2,20\/3,60 m, weight 7,8 kg<br \/>\n4 safety guardrails compulsory for each intermediate working platform<\/p>\n<p>All components are marked with year of production and Svelt logo.<\/p>\n<p><img loading=\"lazy\" decoding=\"async\" class=\"alignnone wp-image-5317\" src=\"https:\/\/fedemark.ee\/wp-content\/uploads\/2017\/06\/Ikoonid_29-1.jpg\" alt=\"\" width=\"73\" height=\"68\" \/><img loading=\"lazy\" decoding=\"async\" class=\"alignnone wp-image-5285\" src=\"https:\/\/fedemark.ee\/wp-content\/uploads\/2017\/06\/Ikoonid_11.jpg\" alt=\"\" width=\"72\" height=\"72\" srcset=\"https:\/\/fedemark.ee\/wp-content\/uploads\/2017\/06\/Ikoonid_11.jpg 150w, https:\/\/fedemark.ee\/wp-content\/uploads\/2017\/06\/Ikoonid_11-100x100.jpg 100w\" sizes=\"(max-width: 72px) 100vw, 72px\" \/><img loading=\"lazy\" decoding=\"async\" class=\"alignnone wp-image-5329\" src=\"https:\/\/fedemark.ee\/wp-content\/uploads\/2017\/06\/Ikoonid_37-Copy.jpg\" alt=\"\" width=\"127\" height=\"57\" \/><img loading=\"lazy\" decoding=\"async\" class=\"alignnone wp-image-5337\" src=\"https:\/\/fedemark.ee\/wp-content\/uploads\/2017\/06\/Ikoonid_38-Copy.jpg\" alt=\"\" width=\"82\" height=\"78\" \/><\/p>\n","protected":false},"featured_media":4833,"comment_status":"open","ping_status":"closed","template":"","meta":{"footnotes":""},"product_cat":[125,139],"product_tag":[],"yoast_head":"<!-- This site is optimized with the Yoast SEO plugin v22.6 - https:\/\/yoast.com\/wordpress\/plugins\/seo\/ -->\n<title>Dingo - Fedemark<\/title>\n<meta name=\"robots\" content=\"index, follow, max-snippet:-1, max-image-preview:large, max-video-preview:-1\" \/>\n<link rel=\"canonical\" href=\"https:\/\/fedemark.ee\/en\/products\/scaffolds-and-special-structures\/steel-heavy-duty-scaffolds\/dingo\/\" \/>\n<meta property=\"og:locale\" content=\"en_US\" \/>\n<meta property=\"og:type\" content=\"article\" \/>\n<meta property=\"og:title\" content=\"Dingo - Fedemark\" \/>\n<meta property=\"og:description\" content=\"Compact dimensions for a max height of 7,60 m  Tower scaffolding system in steel FE360 galvanized against rust. It is safe to use and easy to assemble. The crossbars create a perfectly static structure with no swaying at all even at great heights. This design leaves a wide open space to work on fa\u00e7ade.  TECHNICAL FEATURES Possible heights: 1,90 to 7,60 m Size: 1,60 x 0,80 m Max capacity: kg 200\/m\u00b2 (including 2 persons \u2013 excluding platforms and internal ladders) Span: height 1,50 m, weight 24 kg Rules: each tower is equipped with instruction manual and label Sections in resistant steel \u00d8 38 mm  OPTIONALS Steel\/wood working platform with trapdoor Aluminium\/wood working platform with trapdoor Base steel\/wood half-platform Light base for indoor work on smooth surfaces (heights not over 3,10 m) Additional brake (castors \u00d8 150 mm) Castors \u00d8 200 mm Additional charge for braked castors \u00d8 200 mm Aluminium internal ladder - 1 section 2,20 m, weight 4,0 kg Aluminium internal ladder - 2 sections 2,20\/3,60 m, weight 7,8 kg 4 safety guardrails compulsory for each intermediate working platform  All components are marked with year of production and Svelt logo.\" \/>\n<meta property=\"og:url\" content=\"https:\/\/fedemark.ee\/en\/products\/scaffolds-and-special-structures\/steel-heavy-duty-scaffolds\/dingo\/\" \/>\n<meta property=\"og:site_name\" content=\"Fedemark\" \/>\n<meta property=\"article:modified_time\" content=\"2017-07-25T07:58:10+00:00\" \/>\n<meta property=\"og:image\" content=\"https:\/\/fedemark.ee\/wp-content\/uploads\/2017\/06\/Dingo-1-817x1024.jpg\" \/>\n\t<meta property=\"og:image:width\" content=\"817\" \/>\n\t<meta property=\"og:image:height\" content=\"1024\" \/>\n\t<meta property=\"og:image:type\" content=\"image\/jpeg\" \/>\n<meta name=\"twitter:card\" content=\"summary_large_image\" \/>\n<script type=\"application\/ld+json\" class=\"yoast-schema-graph\">{\"@context\":\"https:\/\/schema.org\",\"@graph\":[{\"@type\":\"WebPage\",\"@id\":\"https:\/\/fedemark.ee\/en\/products\/scaffolds-and-special-structures\/steel-heavy-duty-scaffolds\/dingo\/\",\"url\":\"https:\/\/fedemark.ee\/en\/products\/scaffolds-and-special-structures\/steel-heavy-duty-scaffolds\/dingo\/\",\"name\":\"Dingo - Fedemark\",\"isPartOf\":{\"@id\":\"https:\/\/fedemark.ee\/#website\"},\"primaryImageOfPage\":{\"@id\":\"https:\/\/fedemark.ee\/en\/products\/scaffolds-and-special-structures\/steel-heavy-duty-scaffolds\/dingo\/#primaryimage\"},\"image\":{\"@id\":\"https:\/\/fedemark.ee\/en\/products\/scaffolds-and-special-structures\/steel-heavy-duty-scaffolds\/dingo\/#primaryimage\"},\"thumbnailUrl\":\"https:\/\/fedemark.ee\/wp-content\/uploads\/2017\/06\/Dingo-1.jpg\",\"datePublished\":\"2017-06-14T11:28:40+00:00\",\"dateModified\":\"2017-07-25T07:58:10+00:00\",\"breadcrumb\":{\"@id\":\"https:\/\/fedemark.ee\/en\/products\/scaffolds-and-special-structures\/steel-heavy-duty-scaffolds\/dingo\/#breadcrumb\"},\"inLanguage\":\"en-US\",\"potentialAction\":[{\"@type\":\"ReadAction\",\"target\":[\"https:\/\/fedemark.ee\/en\/products\/scaffolds-and-special-structures\/steel-heavy-duty-scaffolds\/dingo\/\"]}]},{\"@type\":\"ImageObject\",\"inLanguage\":\"en-US\",\"@id\":\"https:\/\/fedemark.ee\/en\/products\/scaffolds-and-special-structures\/steel-heavy-duty-scaffolds\/dingo\/#primaryimage\",\"url\":\"https:\/\/fedemark.ee\/wp-content\/uploads\/2017\/06\/Dingo-1.jpg\",\"contentUrl\":\"https:\/\/fedemark.ee\/wp-content\/uploads\/2017\/06\/Dingo-1.jpg\",\"width\":1414,\"height\":1772},{\"@type\":\"BreadcrumbList\",\"@id\":\"https:\/\/fedemark.ee\/en\/products\/scaffolds-and-special-structures\/steel-heavy-duty-scaffolds\/dingo\/#breadcrumb\",\"itemListElement\":[{\"@type\":\"ListItem\",\"position\":1,\"name\":\"Home\",\"item\":\"https:\/\/fedemark.ee\/en\/\"},{\"@type\":\"ListItem\",\"position\":2,\"name\":\"Products\",\"item\":\"https:\/\/fedemark.ee\/en\/products\/\"},{\"@type\":\"ListItem\",\"position\":3,\"name\":\"Dingo\"}]},{\"@type\":\"WebSite\",\"@id\":\"https:\/\/fedemark.ee\/#website\",\"url\":\"https:\/\/fedemark.ee\/\",\"name\":\"Fedemark\",\"description\":\"Redelid, Tellingud, T\u00f6\u00f6platvormid ja vahekorrused\",\"potentialAction\":[{\"@type\":\"SearchAction\",\"target\":{\"@type\":\"EntryPoint\",\"urlTemplate\":\"https:\/\/fedemark.ee\/?s={search_term_string}\"},\"query-input\":\"required name=search_term_string\"}],\"inLanguage\":\"en-US\"}]}<\/script>\n<!-- \/ Yoast SEO plugin. -->","yoast_head_json":{"title":"Dingo - Fedemark","robots":{"index":"index","follow":"follow","max-snippet":"max-snippet:-1","max-image-preview":"max-image-preview:large","max-video-preview":"max-video-preview:-1"},"canonical":"https:\/\/fedemark.ee\/en\/products\/scaffolds-and-special-structures\/steel-heavy-duty-scaffolds\/dingo\/","og_locale":"en_US","og_type":"article","og_title":"Dingo - Fedemark","og_description":"Compact dimensions for a max height of 7,60 m  Tower scaffolding system in steel FE360 galvanized against rust. It is safe to use and easy to assemble. The crossbars create a perfectly static structure with no swaying at all even at great heights. This design leaves a wide open space to work on fa\u00e7ade.  TECHNICAL FEATURES Possible heights: 1,90 to 7,60 m Size: 1,60 x 0,80 m Max capacity: kg 200\/m\u00b2 (including 2 persons \u2013 excluding platforms and internal ladders) Span: height 1,50 m, weight 24 kg Rules: each tower is equipped with instruction manual and label Sections in resistant steel \u00d8 38 mm  OPTIONALS Steel\/wood working platform with trapdoor Aluminium\/wood working platform with trapdoor Base steel\/wood half-platform Light base for indoor work on smooth surfaces (heights not over 3,10 m) Additional brake (castors \u00d8 150 mm) Castors \u00d8 200 mm Additional charge for braked castors \u00d8 200 mm Aluminium internal ladder - 1 section 2,20 m, weight 4,0 kg Aluminium internal ladder - 2 sections 2,20\/3,60 m, weight 7,8 kg 4 safety guardrails compulsory for each intermediate working platform  All components are marked with year of production and Svelt logo.","og_url":"https:\/\/fedemark.ee\/en\/products\/scaffolds-and-special-structures\/steel-heavy-duty-scaffolds\/dingo\/","og_site_name":"Fedemark","article_modified_time":"2017-07-25T07:58:10+00:00","og_image":[{"width":817,"height":1024,"url":"https:\/\/fedemark.ee\/wp-content\/uploads\/2017\/06\/Dingo-1-817x1024.jpg","type":"image\/jpeg"}],"twitter_card":"summary_large_image","schema":{"@context":"https:\/\/schema.org","@graph":[{"@type":"WebPage","@id":"https:\/\/fedemark.ee\/en\/products\/scaffolds-and-special-structures\/steel-heavy-duty-scaffolds\/dingo\/","url":"https:\/\/fedemark.ee\/en\/products\/scaffolds-and-special-structures\/steel-heavy-duty-scaffolds\/dingo\/","name":"Dingo - Fedemark","isPartOf":{"@id":"https:\/\/fedemark.ee\/#website"},"primaryImageOfPage":{"@id":"https:\/\/fedemark.ee\/en\/products\/scaffolds-and-special-structures\/steel-heavy-duty-scaffolds\/dingo\/#primaryimage"},"image":{"@id":"https:\/\/fedemark.ee\/en\/products\/scaffolds-and-special-structures\/steel-heavy-duty-scaffolds\/dingo\/#primaryimage"},"thumbnailUrl":"https:\/\/fedemark.ee\/wp-content\/uploads\/2017\/06\/Dingo-1.jpg","datePublished":"2017-06-14T11:28:40+00:00","dateModified":"2017-07-25T07:58:10+00:00","breadcrumb":{"@id":"https:\/\/fedemark.ee\/en\/products\/scaffolds-and-special-structures\/steel-heavy-duty-scaffolds\/dingo\/#breadcrumb"},"inLanguage":"en-US","potentialAction":[{"@type":"ReadAction","target":["https:\/\/fedemark.ee\/en\/products\/scaffolds-and-special-structures\/steel-heavy-duty-scaffolds\/dingo\/"]}]},{"@type":"ImageObject","inLanguage":"en-US","@id":"https:\/\/fedemark.ee\/en\/products\/scaffolds-and-special-structures\/steel-heavy-duty-scaffolds\/dingo\/#primaryimage","url":"https:\/\/fedemark.ee\/wp-content\/uploads\/2017\/06\/Dingo-1.jpg","contentUrl":"https:\/\/fedemark.ee\/wp-content\/uploads\/2017\/06\/Dingo-1.jpg","width":1414,"height":1772},{"@type":"BreadcrumbList","@id":"https:\/\/fedemark.ee\/en\/products\/scaffolds-and-special-structures\/steel-heavy-duty-scaffolds\/dingo\/#breadcrumb","itemListElement":[{"@type":"ListItem","position":1,"name":"Home","item":"https:\/\/fedemark.ee\/en\/"},{"@type":"ListItem","position":2,"name":"Products","item":"https:\/\/fedemark.ee\/en\/products\/"},{"@type":"ListItem","position":3,"name":"Dingo"}]},{"@type":"WebSite","@id":"https:\/\/fedemark.ee\/#website","url":"https:\/\/fedemark.ee\/","name":"Fedemark","description":"Redelid, Tellingud, T\u00f6\u00f6platvormid ja vahekorrused","potentialAction":[{"@type":"SearchAction","target":{"@type":"EntryPoint","urlTemplate":"https:\/\/fedemark.ee\/?s={search_term_string}"},"query-input":"required name=search_term_string"}],"inLanguage":"en-US"}]}},"_links":{"self":[{"href":"https:\/\/fedemark.ee\/en\/wp-json\/wp\/v2\/product\/7226"}],"collection":[{"href":"https:\/\/fedemark.ee\/en\/wp-json\/wp\/v2\/product"}],"about":[{"href":"https:\/\/fedemark.ee\/en\/wp-json\/wp\/v2\/types\/product"}],"replies":[{"embeddable":true,"href":"https:\/\/fedemark.ee\/en\/wp-json\/wp\/v2\/comments?post=7226"}],"version-history":[{"count":0,"href":"https:\/\/fedemark.ee\/en\/wp-json\/wp\/v2\/product\/7226\/revisions"}],"wp:featuredmedia":[{"embeddable":true,"href":"https:\/\/fedemark.ee\/en\/wp-json\/wp\/v2\/media\/4833"}],"wp:attachment":[{"href":"https:\/\/fedemark.ee\/en\/wp-json\/wp\/v2\/media?parent=7226"}],"wp:term":[{"taxonomy":"product_cat","embeddable":true,"href":"https:\/\/fedemark.ee\/en\/wp-json\/wp\/v2\/product_cat?post=7226"},{"taxonomy":"product_tag","embeddable":true,"href":"https:\/\/fedemark.ee\/en\/wp-json\/wp\/v2\/product_tag?post=7226"}],"curies":[{"name":"wp","href":"https:\/\/api.w.org\/{rel}","templated":true}]}}