{"id":9187,"date":"2017-09-05T12:29:28","date_gmt":"2017-09-05T12:29:28","guid":{"rendered":"https:\/\/fedemark.ee\/tooted\/maaratlemata\/pc-35-tools-evolution\/"},"modified":"2017-10-19T12:26:03","modified_gmt":"2017-10-19T12:26:03","slug":"pc-35-tools-evolution","status":"publish","type":"product","link":"https:\/\/fedemark.ee\/en\/products\/vacuum-cleaners\/pc-35-tools-evolution\/","title":{"rendered":"PC 35 Tools Evolution"},"content":{"rendered":"","protected":false},"excerpt":{"rendered":"<p>A powerful vacuum cleaner with high efficiency by-pass motor for connection to electric tools. It vacuums the finest dusts produced by any manufacturing process, leaving the environment free from residues and suspended particles. A simple electrical connection by means of an electronically controlled outlet allows the two connected devices to respond to a single command in perfect synergy. At the end of the cleaning session, the &#8220;self cleaning filter&#8221; function vibrates the filter for 8-10 seconds to clean it efficiently. If necessary, the function can be manually activated, without stopping the appliance. Powerful and compact with an innovative design the PC 35 TOOLS guarantees a considerable time savings.<\/p>\n<p><strong>Technical specifications<\/strong><\/p>\n<p>Voltage rating V~ 220-240<br \/>\nHz frequency- 50\/60<br \/>\nIEC power rating- 1200W<br \/>\nAutomatic filter shaker- 48W<br \/>\nAppliance insulation class- I<br \/>\nPower rating at power tool plug- 2000W<br \/>\nRated capacity- 35L<br \/>\nDrum material- PE-HD<br \/>\nMAX vacuum- 220mbar<br \/>\nMAX airflow (approx)- 180m3\/h<br \/>\nMotor type- High-efficiency w\/cup<br \/>\nDouble-layer paper filter bag, IFA&#8221;M&#8221; cat.<br \/>\nCartridge filter, IFA \u201cM\u201d Cat.<br \/>\nAnti-foam filter<br \/>\nWashable reusable fabric bag (optional)<\/p>\n<p><strong>Accessories \u00f8 45 mm<\/strong><\/p>\n<ol>\n<li>\u00f8 45 mm flexible hose with ergonomic grip<\/li>\n<li>\u00f8 36 mm flexible hose with swivel connections<\/li>\n<li>Extension wands<\/li>\n<li>Multidiameter sleeve for electric tools<\/li>\n<li>Blocking ring for power tool cord<\/li>\n<li>Combined brush frame<\/li>\n<li>Wet nozzle<\/li>\n<li>Hard floor insert<\/li>\n<li>Crevice tool<\/li>\n<\/ol>\n","protected":false},"featured_media":10883,"comment_status":"open","ping_status":"closed","template":"","meta":{"footnotes":""},"product_cat":[270],"product_tag":[],"yoast_head":"<!-- This site is optimized with the Yoast SEO plugin v22.6 - https:\/\/yoast.com\/wordpress\/plugins\/seo\/ -->\n<title>PC 35 Tools Evolution - Fedemark<\/title>\n<meta name=\"robots\" content=\"index, follow, max-snippet:-1, max-image-preview:large, max-video-preview:-1\" \/>\n<link rel=\"canonical\" href=\"https:\/\/fedemark.ee\/en\/products\/vacuum-cleaners\/pc-35-tools-evolution\/\" \/>\n<meta property=\"og:locale\" content=\"en_US\" \/>\n<meta property=\"og:type\" content=\"article\" \/>\n<meta property=\"og:title\" content=\"PC 35 Tools Evolution - Fedemark\" \/>\n<meta property=\"og:description\" content=\"A powerful vacuum cleaner with high efficiency by-pass motor for connection to electric tools. It vacuums the finest dusts produced by any manufacturing process, leaving the environment free from residues and suspended particles. A simple electrical connection by means of an electronically controlled outlet allows the two connected devices to respond to a single command in perfect synergy. At the end of the cleaning session, the &quot;self cleaning filter&quot; function vibrates the filter for 8-10 seconds to clean it efficiently. If necessary, the function can be manually activated, without stopping the appliance. Powerful and compact with an innovative design the PC 35 TOOLS guarantees a considerable time savings.  Technical specifications  Voltage rating V~ 220-240 Hz frequency- 50\/60 IEC power rating- 1200W Automatic filter shaker- 48W Appliance insulation class- I Power rating at power tool plug- 2000W Rated capacity- 35L Drum material- PE-HD MAX vacuum- 220mbar MAX airflow (approx)- 180m3\/h Motor type- High-efficiency w\/cup Double-layer paper filter bag, IFA&quot;M&quot; cat. Cartridge filter, IFA \u201cM\u201d Cat. Anti-foam filter Washable reusable fabric bag (optional)  Accessories \u00f8 45 mm   \u00f8 45 mm flexible hose with ergonomic grip  \u00f8 36 mm flexible hose with swivel connections  Extension wands  Multidiameter sleeve for electric tools  Blocking ring for power tool cord  Combined brush frame  Wet nozzle  Hard floor insert  Crevice tool\" \/>\n<meta property=\"og:url\" content=\"https:\/\/fedemark.ee\/en\/products\/vacuum-cleaners\/pc-35-tools-evolution\/\" \/>\n<meta property=\"og:site_name\" content=\"Fedemark\" \/>\n<meta property=\"article:modified_time\" content=\"2017-10-19T12:26:03+00:00\" \/>\n<meta property=\"og:image\" content=\"https:\/\/fedemark.ee\/wp-content\/uploads\/2017\/09\/PC-35-Tools-Evolution-I.jpg\" \/>\n\t<meta property=\"og:image:width\" content=\"1000\" \/>\n\t<meta property=\"og:image:height\" content=\"1000\" \/>\n\t<meta property=\"og:image:type\" content=\"image\/jpeg\" \/>\n<meta name=\"twitter:card\" content=\"summary_large_image\" \/>\n<script type=\"application\/ld+json\" class=\"yoast-schema-graph\">{\"@context\":\"https:\/\/schema.org\",\"@graph\":[{\"@type\":\"WebPage\",\"@id\":\"https:\/\/fedemark.ee\/en\/products\/vacuum-cleaners\/pc-35-tools-evolution\/\",\"url\":\"https:\/\/fedemark.ee\/en\/products\/vacuum-cleaners\/pc-35-tools-evolution\/\",\"name\":\"PC 35 Tools Evolution - Fedemark\",\"isPartOf\":{\"@id\":\"https:\/\/fedemark.ee\/#website\"},\"primaryImageOfPage\":{\"@id\":\"https:\/\/fedemark.ee\/en\/products\/vacuum-cleaners\/pc-35-tools-evolution\/#primaryimage\"},\"image\":{\"@id\":\"https:\/\/fedemark.ee\/en\/products\/vacuum-cleaners\/pc-35-tools-evolution\/#primaryimage\"},\"thumbnailUrl\":\"https:\/\/fedemark.ee\/wp-content\/uploads\/2017\/09\/PC-35-Tools-Evolution-I.jpg\",\"datePublished\":\"2017-09-05T12:29:28+00:00\",\"dateModified\":\"2017-10-19T12:26:03+00:00\",\"breadcrumb\":{\"@id\":\"https:\/\/fedemark.ee\/en\/products\/vacuum-cleaners\/pc-35-tools-evolution\/#breadcrumb\"},\"inLanguage\":\"en-US\",\"potentialAction\":[{\"@type\":\"ReadAction\",\"target\":[\"https:\/\/fedemark.ee\/en\/products\/vacuum-cleaners\/pc-35-tools-evolution\/\"]}]},{\"@type\":\"ImageObject\",\"inLanguage\":\"en-US\",\"@id\":\"https:\/\/fedemark.ee\/en\/products\/vacuum-cleaners\/pc-35-tools-evolution\/#primaryimage\",\"url\":\"https:\/\/fedemark.ee\/wp-content\/uploads\/2017\/09\/PC-35-Tools-Evolution-I.jpg\",\"contentUrl\":\"https:\/\/fedemark.ee\/wp-content\/uploads\/2017\/09\/PC-35-Tools-Evolution-I.jpg\",\"width\":1000,\"height\":1000},{\"@type\":\"BreadcrumbList\",\"@id\":\"https:\/\/fedemark.ee\/en\/products\/vacuum-cleaners\/pc-35-tools-evolution\/#breadcrumb\",\"itemListElement\":[{\"@type\":\"ListItem\",\"position\":1,\"name\":\"Home\",\"item\":\"https:\/\/fedemark.ee\/en\/\"},{\"@type\":\"ListItem\",\"position\":2,\"name\":\"Products\",\"item\":\"https:\/\/fedemark.ee\/en\/products\/\"},{\"@type\":\"ListItem\",\"position\":3,\"name\":\"PC 35 Tools Evolution\"}]},{\"@type\":\"WebSite\",\"@id\":\"https:\/\/fedemark.ee\/#website\",\"url\":\"https:\/\/fedemark.ee\/\",\"name\":\"Fedemark\",\"description\":\"Redelid, Tellingud, T\u00f6\u00f6platvormid ja vahekorrused\",\"potentialAction\":[{\"@type\":\"SearchAction\",\"target\":{\"@type\":\"EntryPoint\",\"urlTemplate\":\"https:\/\/fedemark.ee\/?s={search_term_string}\"},\"query-input\":\"required name=search_term_string\"}],\"inLanguage\":\"en-US\"}]}<\/script>\n<!-- \/ Yoast SEO plugin. -->","yoast_head_json":{"title":"PC 35 Tools Evolution - Fedemark","robots":{"index":"index","follow":"follow","max-snippet":"max-snippet:-1","max-image-preview":"max-image-preview:large","max-video-preview":"max-video-preview:-1"},"canonical":"https:\/\/fedemark.ee\/en\/products\/vacuum-cleaners\/pc-35-tools-evolution\/","og_locale":"en_US","og_type":"article","og_title":"PC 35 Tools Evolution - Fedemark","og_description":"A powerful vacuum cleaner with high efficiency by-pass motor for connection to electric tools. It vacuums the finest dusts produced by any manufacturing process, leaving the environment free from residues and suspended particles. A simple electrical connection by means of an electronically controlled outlet allows the two connected devices to respond to a single command in perfect synergy. At the end of the cleaning session, the \"self cleaning filter\" function vibrates the filter for 8-10 seconds to clean it efficiently. If necessary, the function can be manually activated, without stopping the appliance. Powerful and compact with an innovative design the PC 35 TOOLS guarantees a considerable time savings.  Technical specifications  Voltage rating V~ 220-240 Hz frequency- 50\/60 IEC power rating- 1200W Automatic filter shaker- 48W Appliance insulation class- I Power rating at power tool plug- 2000W Rated capacity- 35L Drum material- PE-HD MAX vacuum- 220mbar MAX airflow (approx)- 180m3\/h Motor type- High-efficiency w\/cup Double-layer paper filter bag, IFA\"M\" cat. Cartridge filter, IFA \u201cM\u201d Cat. Anti-foam filter Washable reusable fabric bag (optional)  Accessories \u00f8 45 mm   \u00f8 45 mm flexible hose with ergonomic grip  \u00f8 36 mm flexible hose with swivel connections  Extension wands  Multidiameter sleeve for electric tools  Blocking ring for power tool cord  Combined brush frame  Wet nozzle  Hard floor insert  Crevice tool","og_url":"https:\/\/fedemark.ee\/en\/products\/vacuum-cleaners\/pc-35-tools-evolution\/","og_site_name":"Fedemark","article_modified_time":"2017-10-19T12:26:03+00:00","og_image":[{"width":1000,"height":1000,"url":"https:\/\/fedemark.ee\/wp-content\/uploads\/2017\/09\/PC-35-Tools-Evolution-I.jpg","type":"image\/jpeg"}],"twitter_card":"summary_large_image","schema":{"@context":"https:\/\/schema.org","@graph":[{"@type":"WebPage","@id":"https:\/\/fedemark.ee\/en\/products\/vacuum-cleaners\/pc-35-tools-evolution\/","url":"https:\/\/fedemark.ee\/en\/products\/vacuum-cleaners\/pc-35-tools-evolution\/","name":"PC 35 Tools Evolution - Fedemark","isPartOf":{"@id":"https:\/\/fedemark.ee\/#website"},"primaryImageOfPage":{"@id":"https:\/\/fedemark.ee\/en\/products\/vacuum-cleaners\/pc-35-tools-evolution\/#primaryimage"},"image":{"@id":"https:\/\/fedemark.ee\/en\/products\/vacuum-cleaners\/pc-35-tools-evolution\/#primaryimage"},"thumbnailUrl":"https:\/\/fedemark.ee\/wp-content\/uploads\/2017\/09\/PC-35-Tools-Evolution-I.jpg","datePublished":"2017-09-05T12:29:28+00:00","dateModified":"2017-10-19T12:26:03+00:00","breadcrumb":{"@id":"https:\/\/fedemark.ee\/en\/products\/vacuum-cleaners\/pc-35-tools-evolution\/#breadcrumb"},"inLanguage":"en-US","potentialAction":[{"@type":"ReadAction","target":["https:\/\/fedemark.ee\/en\/products\/vacuum-cleaners\/pc-35-tools-evolution\/"]}]},{"@type":"ImageObject","inLanguage":"en-US","@id":"https:\/\/fedemark.ee\/en\/products\/vacuum-cleaners\/pc-35-tools-evolution\/#primaryimage","url":"https:\/\/fedemark.ee\/wp-content\/uploads\/2017\/09\/PC-35-Tools-Evolution-I.jpg","contentUrl":"https:\/\/fedemark.ee\/wp-content\/uploads\/2017\/09\/PC-35-Tools-Evolution-I.jpg","width":1000,"height":1000},{"@type":"BreadcrumbList","@id":"https:\/\/fedemark.ee\/en\/products\/vacuum-cleaners\/pc-35-tools-evolution\/#breadcrumb","itemListElement":[{"@type":"ListItem","position":1,"name":"Home","item":"https:\/\/fedemark.ee\/en\/"},{"@type":"ListItem","position":2,"name":"Products","item":"https:\/\/fedemark.ee\/en\/products\/"},{"@type":"ListItem","position":3,"name":"PC 35 Tools Evolution"}]},{"@type":"WebSite","@id":"https:\/\/fedemark.ee\/#website","url":"https:\/\/fedemark.ee\/","name":"Fedemark","description":"Redelid, Tellingud, T\u00f6\u00f6platvormid ja vahekorrused","potentialAction":[{"@type":"SearchAction","target":{"@type":"EntryPoint","urlTemplate":"https:\/\/fedemark.ee\/?s={search_term_string}"},"query-input":"required name=search_term_string"}],"inLanguage":"en-US"}]}},"_links":{"self":[{"href":"https:\/\/fedemark.ee\/en\/wp-json\/wp\/v2\/product\/9187"}],"collection":[{"href":"https:\/\/fedemark.ee\/en\/wp-json\/wp\/v2\/product"}],"about":[{"href":"https:\/\/fedemark.ee\/en\/wp-json\/wp\/v2\/types\/product"}],"replies":[{"embeddable":true,"href":"https:\/\/fedemark.ee\/en\/wp-json\/wp\/v2\/comments?post=9187"}],"version-history":[{"count":1,"href":"https:\/\/fedemark.ee\/en\/wp-json\/wp\/v2\/product\/9187\/revisions"}],"predecessor-version":[{"id":9188,"href":"https:\/\/fedemark.ee\/en\/wp-json\/wp\/v2\/product\/9187\/revisions\/9188"}],"wp:featuredmedia":[{"embeddable":true,"href":"https:\/\/fedemark.ee\/en\/wp-json\/wp\/v2\/media\/10883"}],"wp:attachment":[{"href":"https:\/\/fedemark.ee\/en\/wp-json\/wp\/v2\/media?parent=9187"}],"wp:term":[{"taxonomy":"product_cat","embeddable":true,"href":"https:\/\/fedemark.ee\/en\/wp-json\/wp\/v2\/product_cat?post=9187"},{"taxonomy":"product_tag","embeddable":true,"href":"https:\/\/fedemark.ee\/en\/wp-json\/wp\/v2\/product_tag?post=9187"}],"curies":[{"name":"wp","href":"https:\/\/api.w.org\/{rel}","templated":true}]}}