{"id":11753,"date":"2019-08-09T08:11:26","date_gmt":"2019-08-09T08:19:58","guid":{"rendered":"https:\/\/fedemark.ee\/?post_type=product&#038;p=11753"},"modified":"2019-08-12T08:38:38","modified_gmt":"2019-08-12T08:38:38","slug":"scalissima-slim","status":"publish","type":"product","link":"https:\/\/fedemark.ee\/fi\/tuotteet\/suurikantokykyiset-tikkaat\/monikayttoiset-ja-muotoiltavat-teleskooppitikkaat\/scalissima-slim\/","title":{"rendered":"Scalissima Slim"},"content":{"rendered":"","protected":false},"excerpt":{"rendered":"<p>Puristetusta alumiiniprofiilista valmistetut ja kapealla alustalla varustetut (43 cm verrattuna 63 cm vakioalustoihin). Sopii ihanteellisesti kuljettamiseen ja k\u00e4ytt\u00f6\u00f6n ahtaissa tiloissa, kuten kylpyhuoneissa ja kaapeissa. Ammattik\u00e4ytt\u00f6\u00f6n tarkoitettuna n\u00e4it\u00e4 voi k\u00e4ytt\u00e4\u00e4 tukena tai A-runkoisina tikkaina tai rapuilla.<br \/>\nPikairrotettava teleskooppijalka mahdollistaa alustan laajentamisen ennen k\u00e4ytt\u00f6\u00e4.<\/p>\n<p>Reunoiltaan liukumattomat puolat, 27&#215;27 mm<br \/>\n\u2022 Alumiiniset sarananupit<br \/>\n\u2022 Nailonp\u00e4\u00e4llysteiset ter\u00e4ksiset turvakoulut<br \/>\n\u2022 Puolien v\u00e4li 28 cm<br \/>\n\u2022 Sis\u00e4profiili 57&#215;27 mm<br \/>\n\u2022 Ulkoprofiili 64&#215;30 mm<br \/>\n\u2022 Sisemm\u00e4n osan leveys 36,5 cm<br \/>\n\u2022 Liukumattomat ja vahvistetut kumip\u00e4iset jalat<br \/>\n\u2022 Kootun jalan ulkoleveys 51 cm<br \/>\n\u2022 Avoimen jalan ulkoleveys 68,5 cm<br \/>\n\u2022 Polypropeeninen ty\u00f6kalupidin, 31&#215;36 cm<br \/>\n\u2022 Nailonp\u00e4\u00e4llysteiset ter\u00e4ksiset turvakoukut<br \/>\n\u2022 L\u00e4mp\u00f6supistuvasta muovikalvosta valmistettu pakkaus kuvitettuine ohjeineen<\/p>\n<p>Tilauksesta:<br \/>\n\u2022 60 cm turvakaide- ja tasosarja<br \/>\n\u2022 Kokonaisuus Slim: 2 kapeampaa ulkoelementti\u00e4 ahtaissa tiloissa ty\u00f6skentelyyn (kylpyhuoneet, kaapit) sek\u00e4 tikkaiden mukavampaan kuljetukseen.<\/p>\n","protected":false},"featured_media":11721,"comment_status":"closed","ping_status":"closed","template":"","meta":{"footnotes":""},"product_cat":[178,205],"product_tag":[],"yoast_head":"<!-- This site is optimized with the Yoast SEO plugin v22.6 - https:\/\/yoast.com\/wordpress\/plugins\/seo\/ -->\n<title>Scalissima Slim - Fedemark<\/title>\n<meta name=\"robots\" content=\"index, follow, max-snippet:-1, max-image-preview:large, max-video-preview:-1\" \/>\n<link rel=\"canonical\" href=\"https:\/\/fedemark.ee\/fi\/tuotteet\/suurikantokykyiset-tikkaat\/monikayttoiset-ja-muotoiltavat-teleskooppitikkaat\/scalissima-slim\/\" \/>\n<meta property=\"og:locale\" content=\"fi_FI\" \/>\n<meta property=\"og:type\" content=\"article\" \/>\n<meta property=\"og:title\" content=\"Scalissima Slim - Fedemark\" \/>\n<meta property=\"og:description\" content=\"Puristetusta alumiiniprofiilista valmistetut ja kapealla alustalla varustetut (43 cm verrattuna 63 cm vakioalustoihin). Sopii ihanteellisesti kuljettamiseen ja k\u00e4ytt\u00f6\u00f6n ahtaissa tiloissa, kuten kylpyhuoneissa ja kaapeissa. Ammattik\u00e4ytt\u00f6\u00f6n tarkoitettuna n\u00e4it\u00e4 voi k\u00e4ytt\u00e4\u00e4 tukena tai A-runkoisina tikkaina tai rapuilla. Pikairrotettava teleskooppijalka mahdollistaa alustan laajentamisen ennen k\u00e4ytt\u00f6\u00e4.  Reunoiltaan liukumattomat puolat, 27x27 mm \u2022 Alumiiniset sarananupit \u2022 Nailonp\u00e4\u00e4llysteiset ter\u00e4ksiset turvakoulut \u2022 Puolien v\u00e4li 28 cm \u2022 Sis\u00e4profiili 57x27 mm \u2022 Ulkoprofiili 64x30 mm \u2022 Sisemm\u00e4n osan leveys 36,5 cm \u2022 Liukumattomat ja vahvistetut kumip\u00e4iset jalat \u2022 Kootun jalan ulkoleveys 51 cm \u2022 Avoimen jalan ulkoleveys 68,5 cm \u2022 Polypropeeninen ty\u00f6kalupidin, 31x36 cm \u2022 Nailonp\u00e4\u00e4llysteiset ter\u00e4ksiset turvakoukut \u2022 L\u00e4mp\u00f6supistuvasta muovikalvosta valmistettu pakkaus kuvitettuine ohjeineen  Tilauksesta: \u2022 60 cm turvakaide- ja tasosarja \u2022 Kokonaisuus Slim: 2 kapeampaa ulkoelementti\u00e4 ahtaissa tiloissa ty\u00f6skentelyyn (kylpyhuoneet, kaapit) sek\u00e4 tikkaiden mukavampaan kuljetukseen.\" \/>\n<meta property=\"og:url\" content=\"https:\/\/fedemark.ee\/fi\/tuotteet\/suurikantokykyiset-tikkaat\/monikayttoiset-ja-muotoiltavat-teleskooppitikkaat\/scalissima-slim\/\" \/>\n<meta property=\"og:site_name\" content=\"Fedemark\" \/>\n<meta property=\"article:modified_time\" content=\"2019-08-12T08:38:38+00:00\" \/>\n<meta property=\"og:image\" content=\"https:\/\/fedemark.ee\/wp-content\/uploads\/2019\/08\/scalissima-slim-3.jpg\" \/>\n\t<meta property=\"og:image:width\" content=\"600\" \/>\n\t<meta property=\"og:image:height\" content=\"638\" \/>\n\t<meta property=\"og:image:type\" content=\"image\/jpeg\" \/>\n<meta name=\"twitter:card\" content=\"summary_large_image\" \/>\n<script type=\"application\/ld+json\" class=\"yoast-schema-graph\">{\"@context\":\"https:\/\/schema.org\",\"@graph\":[{\"@type\":\"WebPage\",\"@id\":\"https:\/\/fedemark.ee\/fi\/tuotteet\/suurikantokykyiset-tikkaat\/monikayttoiset-ja-muotoiltavat-teleskooppitikkaat\/scalissima-slim\/\",\"url\":\"https:\/\/fedemark.ee\/fi\/tuotteet\/suurikantokykyiset-tikkaat\/monikayttoiset-ja-muotoiltavat-teleskooppitikkaat\/scalissima-slim\/\",\"name\":\"Scalissima Slim - Fedemark\",\"isPartOf\":{\"@id\":\"https:\/\/fedemark.ee\/#website\"},\"primaryImageOfPage\":{\"@id\":\"https:\/\/fedemark.ee\/fi\/tuotteet\/suurikantokykyiset-tikkaat\/monikayttoiset-ja-muotoiltavat-teleskooppitikkaat\/scalissima-slim\/#primaryimage\"},\"image\":{\"@id\":\"https:\/\/fedemark.ee\/fi\/tuotteet\/suurikantokykyiset-tikkaat\/monikayttoiset-ja-muotoiltavat-teleskooppitikkaat\/scalissima-slim\/#primaryimage\"},\"thumbnailUrl\":\"https:\/\/fedemark.ee\/wp-content\/uploads\/2019\/08\/scalissima-slim-3.jpg\",\"datePublished\":\"2019-08-09T08:19:58+00:00\",\"dateModified\":\"2019-08-12T08:38:38+00:00\",\"breadcrumb\":{\"@id\":\"https:\/\/fedemark.ee\/fi\/tuotteet\/suurikantokykyiset-tikkaat\/monikayttoiset-ja-muotoiltavat-teleskooppitikkaat\/scalissima-slim\/#breadcrumb\"},\"inLanguage\":\"fi-FI\",\"potentialAction\":[{\"@type\":\"ReadAction\",\"target\":[\"https:\/\/fedemark.ee\/fi\/tuotteet\/suurikantokykyiset-tikkaat\/monikayttoiset-ja-muotoiltavat-teleskooppitikkaat\/scalissima-slim\/\"]}]},{\"@type\":\"ImageObject\",\"inLanguage\":\"fi-FI\",\"@id\":\"https:\/\/fedemark.ee\/fi\/tuotteet\/suurikantokykyiset-tikkaat\/monikayttoiset-ja-muotoiltavat-teleskooppitikkaat\/scalissima-slim\/#primaryimage\",\"url\":\"https:\/\/fedemark.ee\/wp-content\/uploads\/2019\/08\/scalissima-slim-3.jpg\",\"contentUrl\":\"https:\/\/fedemark.ee\/wp-content\/uploads\/2019\/08\/scalissima-slim-3.jpg\",\"width\":600,\"height\":638},{\"@type\":\"BreadcrumbList\",\"@id\":\"https:\/\/fedemark.ee\/fi\/tuotteet\/suurikantokykyiset-tikkaat\/monikayttoiset-ja-muotoiltavat-teleskooppitikkaat\/scalissima-slim\/#breadcrumb\",\"itemListElement\":[{\"@type\":\"ListItem\",\"position\":1,\"name\":\"Home\",\"item\":\"https:\/\/fedemark.ee\/fi\/\"},{\"@type\":\"ListItem\",\"position\":2,\"name\":\"Tuotteet\",\"item\":\"https:\/\/fedemark.ee\/fi\/tuotteet\/\"},{\"@type\":\"ListItem\",\"position\":3,\"name\":\"Scalissima Slim\"}]},{\"@type\":\"WebSite\",\"@id\":\"https:\/\/fedemark.ee\/#website\",\"url\":\"https:\/\/fedemark.ee\/\",\"name\":\"Fedemark\",\"description\":\"Redelid, Tellingud, T\u00f6\u00f6platvormid ja vahekorrused\",\"potentialAction\":[{\"@type\":\"SearchAction\",\"target\":{\"@type\":\"EntryPoint\",\"urlTemplate\":\"https:\/\/fedemark.ee\/?s={search_term_string}\"},\"query-input\":\"required name=search_term_string\"}],\"inLanguage\":\"fi-FI\"}]}<\/script>\n<!-- \/ Yoast SEO plugin. -->","yoast_head_json":{"title":"Scalissima Slim - Fedemark","robots":{"index":"index","follow":"follow","max-snippet":"max-snippet:-1","max-image-preview":"max-image-preview:large","max-video-preview":"max-video-preview:-1"},"canonical":"https:\/\/fedemark.ee\/fi\/tuotteet\/suurikantokykyiset-tikkaat\/monikayttoiset-ja-muotoiltavat-teleskooppitikkaat\/scalissima-slim\/","og_locale":"fi_FI","og_type":"article","og_title":"Scalissima Slim - Fedemark","og_description":"Puristetusta alumiiniprofiilista valmistetut ja kapealla alustalla varustetut (43 cm verrattuna 63 cm vakioalustoihin). Sopii ihanteellisesti kuljettamiseen ja k\u00e4ytt\u00f6\u00f6n ahtaissa tiloissa, kuten kylpyhuoneissa ja kaapeissa. Ammattik\u00e4ytt\u00f6\u00f6n tarkoitettuna n\u00e4it\u00e4 voi k\u00e4ytt\u00e4\u00e4 tukena tai A-runkoisina tikkaina tai rapuilla. Pikairrotettava teleskooppijalka mahdollistaa alustan laajentamisen ennen k\u00e4ytt\u00f6\u00e4.  Reunoiltaan liukumattomat puolat, 27x27 mm \u2022 Alumiiniset sarananupit \u2022 Nailonp\u00e4\u00e4llysteiset ter\u00e4ksiset turvakoulut \u2022 Puolien v\u00e4li 28 cm \u2022 Sis\u00e4profiili 57x27 mm \u2022 Ulkoprofiili 64x30 mm \u2022 Sisemm\u00e4n osan leveys 36,5 cm \u2022 Liukumattomat ja vahvistetut kumip\u00e4iset jalat \u2022 Kootun jalan ulkoleveys 51 cm \u2022 Avoimen jalan ulkoleveys 68,5 cm \u2022 Polypropeeninen ty\u00f6kalupidin, 31x36 cm \u2022 Nailonp\u00e4\u00e4llysteiset ter\u00e4ksiset turvakoukut \u2022 L\u00e4mp\u00f6supistuvasta muovikalvosta valmistettu pakkaus kuvitettuine ohjeineen  Tilauksesta: \u2022 60 cm turvakaide- ja tasosarja \u2022 Kokonaisuus Slim: 2 kapeampaa ulkoelementti\u00e4 ahtaissa tiloissa ty\u00f6skentelyyn (kylpyhuoneet, kaapit) sek\u00e4 tikkaiden mukavampaan kuljetukseen.","og_url":"https:\/\/fedemark.ee\/fi\/tuotteet\/suurikantokykyiset-tikkaat\/monikayttoiset-ja-muotoiltavat-teleskooppitikkaat\/scalissima-slim\/","og_site_name":"Fedemark","article_modified_time":"2019-08-12T08:38:38+00:00","og_image":[{"width":600,"height":638,"url":"https:\/\/fedemark.ee\/wp-content\/uploads\/2019\/08\/scalissima-slim-3.jpg","type":"image\/jpeg"}],"twitter_card":"summary_large_image","schema":{"@context":"https:\/\/schema.org","@graph":[{"@type":"WebPage","@id":"https:\/\/fedemark.ee\/fi\/tuotteet\/suurikantokykyiset-tikkaat\/monikayttoiset-ja-muotoiltavat-teleskooppitikkaat\/scalissima-slim\/","url":"https:\/\/fedemark.ee\/fi\/tuotteet\/suurikantokykyiset-tikkaat\/monikayttoiset-ja-muotoiltavat-teleskooppitikkaat\/scalissima-slim\/","name":"Scalissima Slim - Fedemark","isPartOf":{"@id":"https:\/\/fedemark.ee\/#website"},"primaryImageOfPage":{"@id":"https:\/\/fedemark.ee\/fi\/tuotteet\/suurikantokykyiset-tikkaat\/monikayttoiset-ja-muotoiltavat-teleskooppitikkaat\/scalissima-slim\/#primaryimage"},"image":{"@id":"https:\/\/fedemark.ee\/fi\/tuotteet\/suurikantokykyiset-tikkaat\/monikayttoiset-ja-muotoiltavat-teleskooppitikkaat\/scalissima-slim\/#primaryimage"},"thumbnailUrl":"https:\/\/fedemark.ee\/wp-content\/uploads\/2019\/08\/scalissima-slim-3.jpg","datePublished":"2019-08-09T08:19:58+00:00","dateModified":"2019-08-12T08:38:38+00:00","breadcrumb":{"@id":"https:\/\/fedemark.ee\/fi\/tuotteet\/suurikantokykyiset-tikkaat\/monikayttoiset-ja-muotoiltavat-teleskooppitikkaat\/scalissima-slim\/#breadcrumb"},"inLanguage":"fi-FI","potentialAction":[{"@type":"ReadAction","target":["https:\/\/fedemark.ee\/fi\/tuotteet\/suurikantokykyiset-tikkaat\/monikayttoiset-ja-muotoiltavat-teleskooppitikkaat\/scalissima-slim\/"]}]},{"@type":"ImageObject","inLanguage":"fi-FI","@id":"https:\/\/fedemark.ee\/fi\/tuotteet\/suurikantokykyiset-tikkaat\/monikayttoiset-ja-muotoiltavat-teleskooppitikkaat\/scalissima-slim\/#primaryimage","url":"https:\/\/fedemark.ee\/wp-content\/uploads\/2019\/08\/scalissima-slim-3.jpg","contentUrl":"https:\/\/fedemark.ee\/wp-content\/uploads\/2019\/08\/scalissima-slim-3.jpg","width":600,"height":638},{"@type":"BreadcrumbList","@id":"https:\/\/fedemark.ee\/fi\/tuotteet\/suurikantokykyiset-tikkaat\/monikayttoiset-ja-muotoiltavat-teleskooppitikkaat\/scalissima-slim\/#breadcrumb","itemListElement":[{"@type":"ListItem","position":1,"name":"Home","item":"https:\/\/fedemark.ee\/fi\/"},{"@type":"ListItem","position":2,"name":"Tuotteet","item":"https:\/\/fedemark.ee\/fi\/tuotteet\/"},{"@type":"ListItem","position":3,"name":"Scalissima Slim"}]},{"@type":"WebSite","@id":"https:\/\/fedemark.ee\/#website","url":"https:\/\/fedemark.ee\/","name":"Fedemark","description":"Redelid, Tellingud, T\u00f6\u00f6platvormid ja vahekorrused","potentialAction":[{"@type":"SearchAction","target":{"@type":"EntryPoint","urlTemplate":"https:\/\/fedemark.ee\/?s={search_term_string}"},"query-input":"required name=search_term_string"}],"inLanguage":"fi-FI"}]}},"_links":{"self":[{"href":"https:\/\/fedemark.ee\/fi\/wp-json\/wp\/v2\/product\/11753"}],"collection":[{"href":"https:\/\/fedemark.ee\/fi\/wp-json\/wp\/v2\/product"}],"about":[{"href":"https:\/\/fedemark.ee\/fi\/wp-json\/wp\/v2\/types\/product"}],"replies":[{"embeddable":true,"href":"https:\/\/fedemark.ee\/fi\/wp-json\/wp\/v2\/comments?post=11753"}],"version-history":[{"count":1,"href":"https:\/\/fedemark.ee\/fi\/wp-json\/wp\/v2\/product\/11753\/revisions"}],"predecessor-version":[{"id":11754,"href":"https:\/\/fedemark.ee\/fi\/wp-json\/wp\/v2\/product\/11753\/revisions\/11754"}],"wp:featuredmedia":[{"embeddable":true,"href":"https:\/\/fedemark.ee\/fi\/wp-json\/wp\/v2\/media\/11721"}],"wp:attachment":[{"href":"https:\/\/fedemark.ee\/fi\/wp-json\/wp\/v2\/media?parent=11753"}],"wp:term":[{"taxonomy":"product_cat","embeddable":true,"href":"https:\/\/fedemark.ee\/fi\/wp-json\/wp\/v2\/product_cat?post=11753"},{"taxonomy":"product_tag","embeddable":true,"href":"https:\/\/fedemark.ee\/fi\/wp-json\/wp\/v2\/product_tag?post=11753"}],"curies":[{"name":"wp","href":"https:\/\/api.w.org\/{rel}","templated":true}]}}