{"id":11777,"date":"2019-08-09T08:38:53","date_gmt":"2019-08-09T08:39:44","guid":{"rendered":"https:\/\/fedemark.ee\/?post_type=product&#038;p=11777"},"modified":"2019-08-12T08:22:04","modified_gmt":"2019-08-12T08:22:04","slug":"castellana-slim","status":"publish","type":"product","link":"https:\/\/fedemark.ee\/fi\/tuotteet\/suurikantokykyiset-tikkaat\/liikkuvat-varastotikkaat\/castellana-slim\/","title":{"rendered":"Castellana Slim"},"content":{"rendered":"","protected":false},"excerpt":{"rendered":"<p>Kapeisiin k\u00e4yt\u00e4viin tarkoitettu Castellanan poikkeuksellisen kompakti versio<\/p>\n<p>T\u00e4m\u00e4 on poikkeuksellisen kompakti CASTELLANA-sarjan versio, joka on tarkoitettu erityisesti varastojen, supermarkettien ja varastointikeskusten kapeille k\u00e4yt\u00e4ville, joilla tavallisesti k\u00e4ytet\u00e4\u00e4n kapeita tikkaita, joissa ei ole painolastia ja jotka ovat siksi vaarallisia.<\/p>\n<p>SLIM on rakenteeltaan CASTELLANA-sarjan tuotteet, paitsi ett\u00e4 suuri tukijalka on korvattu painolastilla, joka antaa tikkaille kaatumisen v\u00e4ltt\u00e4miseksi tarvittavan vakauden. Kaikki tikkaat ovat mukana olevilla py\u00f6rill\u00e4 siirrett\u00e4vi\u00e4.<\/p>\n<p>Painolasti on kiinnitetty tikkaisiin kelkalla, joka takaa nopean asennuksen. Kun painolasti on irrotettu, tikkaat voi kuljetusta tai varastointia varten uudelleen sulkea.<br \/>\nT\u00e4ll\u00e4 tavoin on ostosk\u00e4rryill\u00e4 liikkumiseen taas riitt\u00e4v\u00e4sti tilaa.<\/p>\n<p><strong>Tilauksesta:<\/strong><br \/>\n\u2022 Suojaketju (valmistaja asentaa)<\/p>\n<p><strong>Painolasti:<\/strong><br \/>\n\u2022 4 &#8211; 8 puolaa = 50 kg<br \/>\n\u2022 9 &#8211; 15 puolaa = 110 kg<\/p>\n","protected":false},"featured_media":11772,"comment_status":"closed","ping_status":"closed","template":"","meta":{"footnotes":""},"product_cat":[187],"product_tag":[],"yoast_head":"<!-- This site is optimized with the Yoast SEO plugin v22.6 - https:\/\/yoast.com\/wordpress\/plugins\/seo\/ -->\n<title>Castellana Slim - Fedemark<\/title>\n<meta name=\"robots\" content=\"index, follow, max-snippet:-1, max-image-preview:large, max-video-preview:-1\" \/>\n<link rel=\"canonical\" href=\"https:\/\/fedemark.ee\/fi\/tuotteet\/suurikantokykyiset-tikkaat\/liikkuvat-varastotikkaat\/castellana-slim\/\" \/>\n<meta property=\"og:locale\" content=\"fi_FI\" \/>\n<meta property=\"og:type\" content=\"article\" \/>\n<meta property=\"og:title\" content=\"Castellana Slim - Fedemark\" \/>\n<meta property=\"og:description\" content=\"Kapeisiin k\u00e4yt\u00e4viin tarkoitettu Castellanan poikkeuksellisen kompakti versio  T\u00e4m\u00e4 on poikkeuksellisen kompakti CASTELLANA-sarjan versio, joka on tarkoitettu erityisesti varastojen, supermarkettien ja varastointikeskusten kapeille k\u00e4yt\u00e4ville, joilla tavallisesti k\u00e4ytet\u00e4\u00e4n kapeita tikkaita, joissa ei ole painolastia ja jotka ovat siksi vaarallisia.  SLIM on rakenteeltaan CASTELLANA-sarjan tuotteet, paitsi ett\u00e4 suuri tukijalka on korvattu painolastilla, joka antaa tikkaille kaatumisen v\u00e4ltt\u00e4miseksi tarvittavan vakauden. Kaikki tikkaat ovat mukana olevilla py\u00f6rill\u00e4 siirrett\u00e4vi\u00e4.  Painolasti on kiinnitetty tikkaisiin kelkalla, joka takaa nopean asennuksen. Kun painolasti on irrotettu, tikkaat voi kuljetusta tai varastointia varten uudelleen sulkea. T\u00e4ll\u00e4 tavoin on ostosk\u00e4rryill\u00e4 liikkumiseen taas riitt\u00e4v\u00e4sti tilaa.  Tilauksesta: \u2022 Suojaketju (valmistaja asentaa)  Painolasti: \u2022 4 - 8 puolaa = 50 kg \u2022 9 - 15 puolaa = 110 kg\" \/>\n<meta property=\"og:url\" content=\"https:\/\/fedemark.ee\/fi\/tuotteet\/suurikantokykyiset-tikkaat\/liikkuvat-varastotikkaat\/castellana-slim\/\" \/>\n<meta property=\"og:site_name\" content=\"Fedemark\" \/>\n<meta property=\"article:modified_time\" content=\"2019-08-12T08:22:04+00:00\" \/>\n<meta property=\"og:image\" content=\"https:\/\/fedemark.ee\/wp-content\/uploads\/2019\/08\/castellana-slim-660x1024.jpg\" \/>\n\t<meta property=\"og:image:width\" content=\"660\" \/>\n\t<meta property=\"og:image:height\" content=\"1024\" \/>\n\t<meta property=\"og:image:type\" content=\"image\/jpeg\" \/>\n<meta name=\"twitter:card\" content=\"summary_large_image\" \/>\n<script type=\"application\/ld+json\" class=\"yoast-schema-graph\">{\"@context\":\"https:\/\/schema.org\",\"@graph\":[{\"@type\":\"WebPage\",\"@id\":\"https:\/\/fedemark.ee\/fi\/tuotteet\/suurikantokykyiset-tikkaat\/liikkuvat-varastotikkaat\/castellana-slim\/\",\"url\":\"https:\/\/fedemark.ee\/fi\/tuotteet\/suurikantokykyiset-tikkaat\/liikkuvat-varastotikkaat\/castellana-slim\/\",\"name\":\"Castellana Slim - Fedemark\",\"isPartOf\":{\"@id\":\"https:\/\/fedemark.ee\/#website\"},\"primaryImageOfPage\":{\"@id\":\"https:\/\/fedemark.ee\/fi\/tuotteet\/suurikantokykyiset-tikkaat\/liikkuvat-varastotikkaat\/castellana-slim\/#primaryimage\"},\"image\":{\"@id\":\"https:\/\/fedemark.ee\/fi\/tuotteet\/suurikantokykyiset-tikkaat\/liikkuvat-varastotikkaat\/castellana-slim\/#primaryimage\"},\"thumbnailUrl\":\"https:\/\/fedemark.ee\/wp-content\/uploads\/2019\/08\/castellana-slim.jpg\",\"datePublished\":\"2019-08-09T08:39:44+00:00\",\"dateModified\":\"2019-08-12T08:22:04+00:00\",\"breadcrumb\":{\"@id\":\"https:\/\/fedemark.ee\/fi\/tuotteet\/suurikantokykyiset-tikkaat\/liikkuvat-varastotikkaat\/castellana-slim\/#breadcrumb\"},\"inLanguage\":\"fi-FI\",\"potentialAction\":[{\"@type\":\"ReadAction\",\"target\":[\"https:\/\/fedemark.ee\/fi\/tuotteet\/suurikantokykyiset-tikkaat\/liikkuvat-varastotikkaat\/castellana-slim\/\"]}]},{\"@type\":\"ImageObject\",\"inLanguage\":\"fi-FI\",\"@id\":\"https:\/\/fedemark.ee\/fi\/tuotteet\/suurikantokykyiset-tikkaat\/liikkuvat-varastotikkaat\/castellana-slim\/#primaryimage\",\"url\":\"https:\/\/fedemark.ee\/wp-content\/uploads\/2019\/08\/castellana-slim.jpg\",\"contentUrl\":\"https:\/\/fedemark.ee\/wp-content\/uploads\/2019\/08\/castellana-slim.jpg\",\"width\":2964,\"height\":4600},{\"@type\":\"BreadcrumbList\",\"@id\":\"https:\/\/fedemark.ee\/fi\/tuotteet\/suurikantokykyiset-tikkaat\/liikkuvat-varastotikkaat\/castellana-slim\/#breadcrumb\",\"itemListElement\":[{\"@type\":\"ListItem\",\"position\":1,\"name\":\"Home\",\"item\":\"https:\/\/fedemark.ee\/fi\/\"},{\"@type\":\"ListItem\",\"position\":2,\"name\":\"Tuotteet\",\"item\":\"https:\/\/fedemark.ee\/fi\/tuotteet\/\"},{\"@type\":\"ListItem\",\"position\":3,\"name\":\"Castellana Slim\"}]},{\"@type\":\"WebSite\",\"@id\":\"https:\/\/fedemark.ee\/#website\",\"url\":\"https:\/\/fedemark.ee\/\",\"name\":\"Fedemark\",\"description\":\"Redelid, Tellingud, T\u00f6\u00f6platvormid ja vahekorrused\",\"potentialAction\":[{\"@type\":\"SearchAction\",\"target\":{\"@type\":\"EntryPoint\",\"urlTemplate\":\"https:\/\/fedemark.ee\/?s={search_term_string}\"},\"query-input\":\"required name=search_term_string\"}],\"inLanguage\":\"fi-FI\"}]}<\/script>\n<!-- \/ Yoast SEO plugin. -->","yoast_head_json":{"title":"Castellana Slim - Fedemark","robots":{"index":"index","follow":"follow","max-snippet":"max-snippet:-1","max-image-preview":"max-image-preview:large","max-video-preview":"max-video-preview:-1"},"canonical":"https:\/\/fedemark.ee\/fi\/tuotteet\/suurikantokykyiset-tikkaat\/liikkuvat-varastotikkaat\/castellana-slim\/","og_locale":"fi_FI","og_type":"article","og_title":"Castellana Slim - Fedemark","og_description":"Kapeisiin k\u00e4yt\u00e4viin tarkoitettu Castellanan poikkeuksellisen kompakti versio  T\u00e4m\u00e4 on poikkeuksellisen kompakti CASTELLANA-sarjan versio, joka on tarkoitettu erityisesti varastojen, supermarkettien ja varastointikeskusten kapeille k\u00e4yt\u00e4ville, joilla tavallisesti k\u00e4ytet\u00e4\u00e4n kapeita tikkaita, joissa ei ole painolastia ja jotka ovat siksi vaarallisia.  SLIM on rakenteeltaan CASTELLANA-sarjan tuotteet, paitsi ett\u00e4 suuri tukijalka on korvattu painolastilla, joka antaa tikkaille kaatumisen v\u00e4ltt\u00e4miseksi tarvittavan vakauden. Kaikki tikkaat ovat mukana olevilla py\u00f6rill\u00e4 siirrett\u00e4vi\u00e4.  Painolasti on kiinnitetty tikkaisiin kelkalla, joka takaa nopean asennuksen. Kun painolasti on irrotettu, tikkaat voi kuljetusta tai varastointia varten uudelleen sulkea. T\u00e4ll\u00e4 tavoin on ostosk\u00e4rryill\u00e4 liikkumiseen taas riitt\u00e4v\u00e4sti tilaa.  Tilauksesta: \u2022 Suojaketju (valmistaja asentaa)  Painolasti: \u2022 4 - 8 puolaa = 50 kg \u2022 9 - 15 puolaa = 110 kg","og_url":"https:\/\/fedemark.ee\/fi\/tuotteet\/suurikantokykyiset-tikkaat\/liikkuvat-varastotikkaat\/castellana-slim\/","og_site_name":"Fedemark","article_modified_time":"2019-08-12T08:22:04+00:00","og_image":[{"width":660,"height":1024,"url":"https:\/\/fedemark.ee\/wp-content\/uploads\/2019\/08\/castellana-slim-660x1024.jpg","type":"image\/jpeg"}],"twitter_card":"summary_large_image","schema":{"@context":"https:\/\/schema.org","@graph":[{"@type":"WebPage","@id":"https:\/\/fedemark.ee\/fi\/tuotteet\/suurikantokykyiset-tikkaat\/liikkuvat-varastotikkaat\/castellana-slim\/","url":"https:\/\/fedemark.ee\/fi\/tuotteet\/suurikantokykyiset-tikkaat\/liikkuvat-varastotikkaat\/castellana-slim\/","name":"Castellana Slim - Fedemark","isPartOf":{"@id":"https:\/\/fedemark.ee\/#website"},"primaryImageOfPage":{"@id":"https:\/\/fedemark.ee\/fi\/tuotteet\/suurikantokykyiset-tikkaat\/liikkuvat-varastotikkaat\/castellana-slim\/#primaryimage"},"image":{"@id":"https:\/\/fedemark.ee\/fi\/tuotteet\/suurikantokykyiset-tikkaat\/liikkuvat-varastotikkaat\/castellana-slim\/#primaryimage"},"thumbnailUrl":"https:\/\/fedemark.ee\/wp-content\/uploads\/2019\/08\/castellana-slim.jpg","datePublished":"2019-08-09T08:39:44+00:00","dateModified":"2019-08-12T08:22:04+00:00","breadcrumb":{"@id":"https:\/\/fedemark.ee\/fi\/tuotteet\/suurikantokykyiset-tikkaat\/liikkuvat-varastotikkaat\/castellana-slim\/#breadcrumb"},"inLanguage":"fi-FI","potentialAction":[{"@type":"ReadAction","target":["https:\/\/fedemark.ee\/fi\/tuotteet\/suurikantokykyiset-tikkaat\/liikkuvat-varastotikkaat\/castellana-slim\/"]}]},{"@type":"ImageObject","inLanguage":"fi-FI","@id":"https:\/\/fedemark.ee\/fi\/tuotteet\/suurikantokykyiset-tikkaat\/liikkuvat-varastotikkaat\/castellana-slim\/#primaryimage","url":"https:\/\/fedemark.ee\/wp-content\/uploads\/2019\/08\/castellana-slim.jpg","contentUrl":"https:\/\/fedemark.ee\/wp-content\/uploads\/2019\/08\/castellana-slim.jpg","width":2964,"height":4600},{"@type":"BreadcrumbList","@id":"https:\/\/fedemark.ee\/fi\/tuotteet\/suurikantokykyiset-tikkaat\/liikkuvat-varastotikkaat\/castellana-slim\/#breadcrumb","itemListElement":[{"@type":"ListItem","position":1,"name":"Home","item":"https:\/\/fedemark.ee\/fi\/"},{"@type":"ListItem","position":2,"name":"Tuotteet","item":"https:\/\/fedemark.ee\/fi\/tuotteet\/"},{"@type":"ListItem","position":3,"name":"Castellana Slim"}]},{"@type":"WebSite","@id":"https:\/\/fedemark.ee\/#website","url":"https:\/\/fedemark.ee\/","name":"Fedemark","description":"Redelid, Tellingud, T\u00f6\u00f6platvormid ja vahekorrused","potentialAction":[{"@type":"SearchAction","target":{"@type":"EntryPoint","urlTemplate":"https:\/\/fedemark.ee\/?s={search_term_string}"},"query-input":"required name=search_term_string"}],"inLanguage":"fi-FI"}]}},"_links":{"self":[{"href":"https:\/\/fedemark.ee\/fi\/wp-json\/wp\/v2\/product\/11777"}],"collection":[{"href":"https:\/\/fedemark.ee\/fi\/wp-json\/wp\/v2\/product"}],"about":[{"href":"https:\/\/fedemark.ee\/fi\/wp-json\/wp\/v2\/types\/product"}],"replies":[{"embeddable":true,"href":"https:\/\/fedemark.ee\/fi\/wp-json\/wp\/v2\/comments?post=11777"}],"version-history":[{"count":1,"href":"https:\/\/fedemark.ee\/fi\/wp-json\/wp\/v2\/product\/11777\/revisions"}],"predecessor-version":[{"id":11778,"href":"https:\/\/fedemark.ee\/fi\/wp-json\/wp\/v2\/product\/11777\/revisions\/11778"}],"wp:featuredmedia":[{"embeddable":true,"href":"https:\/\/fedemark.ee\/fi\/wp-json\/wp\/v2\/media\/11772"}],"wp:attachment":[{"href":"https:\/\/fedemark.ee\/fi\/wp-json\/wp\/v2\/media?parent=11777"}],"wp:term":[{"taxonomy":"product_cat","embeddable":true,"href":"https:\/\/fedemark.ee\/fi\/wp-json\/wp\/v2\/product_cat?post=11777"},{"taxonomy":"product_tag","embeddable":true,"href":"https:\/\/fedemark.ee\/fi\/wp-json\/wp\/v2\/product_tag?post=11777"}],"curies":[{"name":"wp","href":"https:\/\/api.w.org\/{rel}","templated":true}]}}