{"id":11813,"date":"2019-08-09T08:45:54","date_gmt":"2019-08-09T08:47:09","guid":{"rendered":"https:\/\/fedemark.ee\/?post_type=product&#038;p=11813"},"modified":"2019-08-12T08:31:35","modified_gmt":"2019-08-12T08:31:35","slug":"bravissima","status":"publish","type":"product","link":"https:\/\/fedemark.ee\/fi\/tuotteet\/suurikantokykyiset-tikkaat\/monikayttoiset-ja-muotoiltavat-teleskooppitikkaat\/bravissima\/","title":{"rendered":"Bravissima"},"content":{"rendered":"","protected":false},"excerpt":{"rendered":"<p>Kaksipuoliset ammattik\u00e4ytt\u00f6\u00f6n tarkoitetut A-muotoiset alumiinitikkaat, joiden ty\u00f6korkeus voi ylt\u00e4\u00e4 l\u00e4hes 5 metriin ja lis\u00e4varusteena saatavana olevan Sicurkit-turvakaiteen \/ tason kanssa jopa 5,4 metriin.<\/p>\n<p>Kest\u00e4v\u00e4 rakenne puristettua alumiiniprofiilia.<\/p>\n<p><strong>TEKNISET OMINAISUUDET<\/strong><br \/>\n\u2022 Reunoiltaan liukumattomat 27&#215;27 mm puolat<br \/>\n\u2022 K\u00e4\u00e4ntymisen est\u00e4v\u00e4 alustan tulijalka, 100 cm<br \/>\n\u2022 Sinkityst\u00e4 ter\u00e4ksest\u00e4 valmistetut sulkeutumisen ja avautumisen est\u00e4v\u00e4t tangot<br \/>\n\u2022 Vahvistetut nailonsaranat<br \/>\n\u2022 Puolien v\u00e4li 28 cm<br \/>\n\u2022 Liukumattomat PVC-jalat<br \/>\n\u2022 Rungon sis\u00e4- \/ ulkoprofiili 57&#215;2 \/64&#215;30 mm<br \/>\n\u2022 Sisemm\u00e4n osan leveys 36,5 cm<br \/>\n\u2022 Polypropeeninen ty\u00f6kalutaso, 31&#215;36 cm<br \/>\n\u2022 Nailonp\u00e4\u00e4llysteiset ter\u00e4ksiset turvakoukut<br \/>\n\u2022 Pakkaus l\u00e4mp\u00f6kutistuvaa muovikalvoa ja kuvitettu ohje<\/p>\n<p>Sis\u00e4osa on valmistettu t\u00e4ydennetyll\u00e4 kolmevaiheisella kanttausmenetelm\u00e4ll\u00e4 (rungon sis\u00e4puoli paisutettu, rungon ulkopuoli kantattu ja paisutettu rungon sis\u00e4ll\u00e4), joka kiinnitt\u00e4\u00e4 puolan kerroksittain rungon sis\u00e4\u00e4n. T\u00e4m\u00e4 takaa lujan pitk\u00e4aikaisen kest\u00e4vyyden ja est\u00e4\u00e4 v\u00e4\u00e4ntymist\u00e4 tikkaiden kaikissa osissa.<\/p>\n<p><strong>LIS\u00c4VARUSTEET<\/strong><br \/>\n\u2022 Py\u00f6r\u00e4sarja<br \/>\n\u2022 60 cm Sicurkit-turvakaide<\/p>\n","protected":false},"featured_media":11784,"comment_status":"closed","ping_status":"closed","template":"","meta":{"footnotes":""},"product_cat":[178,205],"product_tag":[],"yoast_head":"<!-- This site is optimized with the Yoast SEO plugin v22.6 - https:\/\/yoast.com\/wordpress\/plugins\/seo\/ -->\n<title>Bravissima - Fedemark<\/title>\n<meta name=\"robots\" content=\"index, follow, max-snippet:-1, max-image-preview:large, max-video-preview:-1\" \/>\n<link rel=\"canonical\" href=\"https:\/\/fedemark.ee\/fi\/tuotteet\/suurikantokykyiset-tikkaat\/monikayttoiset-ja-muotoiltavat-teleskooppitikkaat\/bravissima\/\" \/>\n<meta property=\"og:locale\" content=\"fi_FI\" \/>\n<meta property=\"og:type\" content=\"article\" \/>\n<meta property=\"og:title\" content=\"Bravissima - Fedemark\" \/>\n<meta property=\"og:description\" content=\"Kaksipuoliset ammattik\u00e4ytt\u00f6\u00f6n tarkoitetut A-muotoiset alumiinitikkaat, joiden ty\u00f6korkeus voi ylt\u00e4\u00e4 l\u00e4hes 5 metriin ja lis\u00e4varusteena saatavana olevan Sicurkit-turvakaiteen \/ tason kanssa jopa 5,4 metriin.  Kest\u00e4v\u00e4 rakenne puristettua alumiiniprofiilia.  TEKNISET OMINAISUUDET \u2022 Reunoiltaan liukumattomat 27x27 mm puolat \u2022 K\u00e4\u00e4ntymisen est\u00e4v\u00e4 alustan tulijalka, 100 cm \u2022 Sinkityst\u00e4 ter\u00e4ksest\u00e4 valmistetut sulkeutumisen ja avautumisen est\u00e4v\u00e4t tangot \u2022 Vahvistetut nailonsaranat \u2022 Puolien v\u00e4li 28 cm \u2022 Liukumattomat PVC-jalat \u2022 Rungon sis\u00e4- \/ ulkoprofiili 57x2 \/64x30 mm \u2022 Sisemm\u00e4n osan leveys 36,5 cm \u2022 Polypropeeninen ty\u00f6kalutaso, 31x36 cm \u2022 Nailonp\u00e4\u00e4llysteiset ter\u00e4ksiset turvakoukut \u2022 Pakkaus l\u00e4mp\u00f6kutistuvaa muovikalvoa ja kuvitettu ohje  Sis\u00e4osa on valmistettu t\u00e4ydennetyll\u00e4 kolmevaiheisella kanttausmenetelm\u00e4ll\u00e4 (rungon sis\u00e4puoli paisutettu, rungon ulkopuoli kantattu ja paisutettu rungon sis\u00e4ll\u00e4), joka kiinnitt\u00e4\u00e4 puolan kerroksittain rungon sis\u00e4\u00e4n. T\u00e4m\u00e4 takaa lujan pitk\u00e4aikaisen kest\u00e4vyyden ja est\u00e4\u00e4 v\u00e4\u00e4ntymist\u00e4 tikkaiden kaikissa osissa.  LIS\u00c4VARUSTEET \u2022 Py\u00f6r\u00e4sarja \u2022 60 cm Sicurkit-turvakaide\" \/>\n<meta property=\"og:url\" content=\"https:\/\/fedemark.ee\/fi\/tuotteet\/suurikantokykyiset-tikkaat\/monikayttoiset-ja-muotoiltavat-teleskooppitikkaat\/bravissima\/\" \/>\n<meta property=\"og:site_name\" content=\"Fedemark\" \/>\n<meta property=\"article:modified_time\" content=\"2019-08-12T08:31:35+00:00\" \/>\n<meta property=\"og:image\" content=\"https:\/\/fedemark.ee\/wp-content\/uploads\/2019\/08\/Bravissima-8.jpg\" \/>\n\t<meta property=\"og:image:width\" content=\"766\" \/>\n\t<meta property=\"og:image:height\" content=\"1000\" \/>\n\t<meta property=\"og:image:type\" content=\"image\/jpeg\" \/>\n<meta name=\"twitter:card\" content=\"summary_large_image\" \/>\n<script type=\"application\/ld+json\" class=\"yoast-schema-graph\">{\"@context\":\"https:\/\/schema.org\",\"@graph\":[{\"@type\":\"WebPage\",\"@id\":\"https:\/\/fedemark.ee\/fi\/tuotteet\/suurikantokykyiset-tikkaat\/monikayttoiset-ja-muotoiltavat-teleskooppitikkaat\/bravissima\/\",\"url\":\"https:\/\/fedemark.ee\/fi\/tuotteet\/suurikantokykyiset-tikkaat\/monikayttoiset-ja-muotoiltavat-teleskooppitikkaat\/bravissima\/\",\"name\":\"Bravissima - Fedemark\",\"isPartOf\":{\"@id\":\"https:\/\/fedemark.ee\/#website\"},\"primaryImageOfPage\":{\"@id\":\"https:\/\/fedemark.ee\/fi\/tuotteet\/suurikantokykyiset-tikkaat\/monikayttoiset-ja-muotoiltavat-teleskooppitikkaat\/bravissima\/#primaryimage\"},\"image\":{\"@id\":\"https:\/\/fedemark.ee\/fi\/tuotteet\/suurikantokykyiset-tikkaat\/monikayttoiset-ja-muotoiltavat-teleskooppitikkaat\/bravissima\/#primaryimage\"},\"thumbnailUrl\":\"https:\/\/fedemark.ee\/wp-content\/uploads\/2019\/08\/Bravissima-8.jpg\",\"datePublished\":\"2019-08-09T08:47:09+00:00\",\"dateModified\":\"2019-08-12T08:31:35+00:00\",\"breadcrumb\":{\"@id\":\"https:\/\/fedemark.ee\/fi\/tuotteet\/suurikantokykyiset-tikkaat\/monikayttoiset-ja-muotoiltavat-teleskooppitikkaat\/bravissima\/#breadcrumb\"},\"inLanguage\":\"fi-FI\",\"potentialAction\":[{\"@type\":\"ReadAction\",\"target\":[\"https:\/\/fedemark.ee\/fi\/tuotteet\/suurikantokykyiset-tikkaat\/monikayttoiset-ja-muotoiltavat-teleskooppitikkaat\/bravissima\/\"]}]},{\"@type\":\"ImageObject\",\"inLanguage\":\"fi-FI\",\"@id\":\"https:\/\/fedemark.ee\/fi\/tuotteet\/suurikantokykyiset-tikkaat\/monikayttoiset-ja-muotoiltavat-teleskooppitikkaat\/bravissima\/#primaryimage\",\"url\":\"https:\/\/fedemark.ee\/wp-content\/uploads\/2019\/08\/Bravissima-8.jpg\",\"contentUrl\":\"https:\/\/fedemark.ee\/wp-content\/uploads\/2019\/08\/Bravissima-8.jpg\",\"width\":766,\"height\":1000},{\"@type\":\"BreadcrumbList\",\"@id\":\"https:\/\/fedemark.ee\/fi\/tuotteet\/suurikantokykyiset-tikkaat\/monikayttoiset-ja-muotoiltavat-teleskooppitikkaat\/bravissima\/#breadcrumb\",\"itemListElement\":[{\"@type\":\"ListItem\",\"position\":1,\"name\":\"Home\",\"item\":\"https:\/\/fedemark.ee\/fi\/\"},{\"@type\":\"ListItem\",\"position\":2,\"name\":\"Tuotteet\",\"item\":\"https:\/\/fedemark.ee\/fi\/tuotteet\/\"},{\"@type\":\"ListItem\",\"position\":3,\"name\":\"Bravissima\"}]},{\"@type\":\"WebSite\",\"@id\":\"https:\/\/fedemark.ee\/#website\",\"url\":\"https:\/\/fedemark.ee\/\",\"name\":\"Fedemark\",\"description\":\"Redelid, Tellingud, T\u00f6\u00f6platvormid ja vahekorrused\",\"potentialAction\":[{\"@type\":\"SearchAction\",\"target\":{\"@type\":\"EntryPoint\",\"urlTemplate\":\"https:\/\/fedemark.ee\/?s={search_term_string}\"},\"query-input\":\"required name=search_term_string\"}],\"inLanguage\":\"fi-FI\"}]}<\/script>\n<!-- \/ Yoast SEO plugin. -->","yoast_head_json":{"title":"Bravissima - Fedemark","robots":{"index":"index","follow":"follow","max-snippet":"max-snippet:-1","max-image-preview":"max-image-preview:large","max-video-preview":"max-video-preview:-1"},"canonical":"https:\/\/fedemark.ee\/fi\/tuotteet\/suurikantokykyiset-tikkaat\/monikayttoiset-ja-muotoiltavat-teleskooppitikkaat\/bravissima\/","og_locale":"fi_FI","og_type":"article","og_title":"Bravissima - Fedemark","og_description":"Kaksipuoliset ammattik\u00e4ytt\u00f6\u00f6n tarkoitetut A-muotoiset alumiinitikkaat, joiden ty\u00f6korkeus voi ylt\u00e4\u00e4 l\u00e4hes 5 metriin ja lis\u00e4varusteena saatavana olevan Sicurkit-turvakaiteen \/ tason kanssa jopa 5,4 metriin.  Kest\u00e4v\u00e4 rakenne puristettua alumiiniprofiilia.  TEKNISET OMINAISUUDET \u2022 Reunoiltaan liukumattomat 27x27 mm puolat \u2022 K\u00e4\u00e4ntymisen est\u00e4v\u00e4 alustan tulijalka, 100 cm \u2022 Sinkityst\u00e4 ter\u00e4ksest\u00e4 valmistetut sulkeutumisen ja avautumisen est\u00e4v\u00e4t tangot \u2022 Vahvistetut nailonsaranat \u2022 Puolien v\u00e4li 28 cm \u2022 Liukumattomat PVC-jalat \u2022 Rungon sis\u00e4- \/ ulkoprofiili 57x2 \/64x30 mm \u2022 Sisemm\u00e4n osan leveys 36,5 cm \u2022 Polypropeeninen ty\u00f6kalutaso, 31x36 cm \u2022 Nailonp\u00e4\u00e4llysteiset ter\u00e4ksiset turvakoukut \u2022 Pakkaus l\u00e4mp\u00f6kutistuvaa muovikalvoa ja kuvitettu ohje  Sis\u00e4osa on valmistettu t\u00e4ydennetyll\u00e4 kolmevaiheisella kanttausmenetelm\u00e4ll\u00e4 (rungon sis\u00e4puoli paisutettu, rungon ulkopuoli kantattu ja paisutettu rungon sis\u00e4ll\u00e4), joka kiinnitt\u00e4\u00e4 puolan kerroksittain rungon sis\u00e4\u00e4n. T\u00e4m\u00e4 takaa lujan pitk\u00e4aikaisen kest\u00e4vyyden ja est\u00e4\u00e4 v\u00e4\u00e4ntymist\u00e4 tikkaiden kaikissa osissa.  LIS\u00c4VARUSTEET \u2022 Py\u00f6r\u00e4sarja \u2022 60 cm Sicurkit-turvakaide","og_url":"https:\/\/fedemark.ee\/fi\/tuotteet\/suurikantokykyiset-tikkaat\/monikayttoiset-ja-muotoiltavat-teleskooppitikkaat\/bravissima\/","og_site_name":"Fedemark","article_modified_time":"2019-08-12T08:31:35+00:00","og_image":[{"width":766,"height":1000,"url":"https:\/\/fedemark.ee\/wp-content\/uploads\/2019\/08\/Bravissima-8.jpg","type":"image\/jpeg"}],"twitter_card":"summary_large_image","schema":{"@context":"https:\/\/schema.org","@graph":[{"@type":"WebPage","@id":"https:\/\/fedemark.ee\/fi\/tuotteet\/suurikantokykyiset-tikkaat\/monikayttoiset-ja-muotoiltavat-teleskooppitikkaat\/bravissima\/","url":"https:\/\/fedemark.ee\/fi\/tuotteet\/suurikantokykyiset-tikkaat\/monikayttoiset-ja-muotoiltavat-teleskooppitikkaat\/bravissima\/","name":"Bravissima - Fedemark","isPartOf":{"@id":"https:\/\/fedemark.ee\/#website"},"primaryImageOfPage":{"@id":"https:\/\/fedemark.ee\/fi\/tuotteet\/suurikantokykyiset-tikkaat\/monikayttoiset-ja-muotoiltavat-teleskooppitikkaat\/bravissima\/#primaryimage"},"image":{"@id":"https:\/\/fedemark.ee\/fi\/tuotteet\/suurikantokykyiset-tikkaat\/monikayttoiset-ja-muotoiltavat-teleskooppitikkaat\/bravissima\/#primaryimage"},"thumbnailUrl":"https:\/\/fedemark.ee\/wp-content\/uploads\/2019\/08\/Bravissima-8.jpg","datePublished":"2019-08-09T08:47:09+00:00","dateModified":"2019-08-12T08:31:35+00:00","breadcrumb":{"@id":"https:\/\/fedemark.ee\/fi\/tuotteet\/suurikantokykyiset-tikkaat\/monikayttoiset-ja-muotoiltavat-teleskooppitikkaat\/bravissima\/#breadcrumb"},"inLanguage":"fi-FI","potentialAction":[{"@type":"ReadAction","target":["https:\/\/fedemark.ee\/fi\/tuotteet\/suurikantokykyiset-tikkaat\/monikayttoiset-ja-muotoiltavat-teleskooppitikkaat\/bravissima\/"]}]},{"@type":"ImageObject","inLanguage":"fi-FI","@id":"https:\/\/fedemark.ee\/fi\/tuotteet\/suurikantokykyiset-tikkaat\/monikayttoiset-ja-muotoiltavat-teleskooppitikkaat\/bravissima\/#primaryimage","url":"https:\/\/fedemark.ee\/wp-content\/uploads\/2019\/08\/Bravissima-8.jpg","contentUrl":"https:\/\/fedemark.ee\/wp-content\/uploads\/2019\/08\/Bravissima-8.jpg","width":766,"height":1000},{"@type":"BreadcrumbList","@id":"https:\/\/fedemark.ee\/fi\/tuotteet\/suurikantokykyiset-tikkaat\/monikayttoiset-ja-muotoiltavat-teleskooppitikkaat\/bravissima\/#breadcrumb","itemListElement":[{"@type":"ListItem","position":1,"name":"Home","item":"https:\/\/fedemark.ee\/fi\/"},{"@type":"ListItem","position":2,"name":"Tuotteet","item":"https:\/\/fedemark.ee\/fi\/tuotteet\/"},{"@type":"ListItem","position":3,"name":"Bravissima"}]},{"@type":"WebSite","@id":"https:\/\/fedemark.ee\/#website","url":"https:\/\/fedemark.ee\/","name":"Fedemark","description":"Redelid, Tellingud, T\u00f6\u00f6platvormid ja vahekorrused","potentialAction":[{"@type":"SearchAction","target":{"@type":"EntryPoint","urlTemplate":"https:\/\/fedemark.ee\/?s={search_term_string}"},"query-input":"required name=search_term_string"}],"inLanguage":"fi-FI"}]}},"_links":{"self":[{"href":"https:\/\/fedemark.ee\/fi\/wp-json\/wp\/v2\/product\/11813"}],"collection":[{"href":"https:\/\/fedemark.ee\/fi\/wp-json\/wp\/v2\/product"}],"about":[{"href":"https:\/\/fedemark.ee\/fi\/wp-json\/wp\/v2\/types\/product"}],"replies":[{"embeddable":true,"href":"https:\/\/fedemark.ee\/fi\/wp-json\/wp\/v2\/comments?post=11813"}],"version-history":[{"count":1,"href":"https:\/\/fedemark.ee\/fi\/wp-json\/wp\/v2\/product\/11813\/revisions"}],"predecessor-version":[{"id":11814,"href":"https:\/\/fedemark.ee\/fi\/wp-json\/wp\/v2\/product\/11813\/revisions\/11814"}],"wp:featuredmedia":[{"embeddable":true,"href":"https:\/\/fedemark.ee\/fi\/wp-json\/wp\/v2\/media\/11784"}],"wp:attachment":[{"href":"https:\/\/fedemark.ee\/fi\/wp-json\/wp\/v2\/media?parent=11813"}],"wp:term":[{"taxonomy":"product_cat","embeddable":true,"href":"https:\/\/fedemark.ee\/fi\/wp-json\/wp\/v2\/product_cat?post=11813"},{"taxonomy":"product_tag","embeddable":true,"href":"https:\/\/fedemark.ee\/fi\/wp-json\/wp\/v2\/product_tag?post=11813"}],"curies":[{"name":"wp","href":"https:\/\/api.w.org\/{rel}","templated":true}]}}