{"id":11854,"date":"2019-08-09T08:54:25","date_gmt":"2019-08-09T08:55:34","guid":{"rendered":"https:\/\/fedemark.ee\/?post_type=product&#038;p=11854"},"modified":"2019-08-13T06:43:12","modified_gmt":"2019-08-13T06:43:12","slug":"punto-space-s","status":"publish","type":"product","link":"https:\/\/fedemark.ee\/fi\/tuotteet\/suurikantokykyiset-tikkaat\/porraspenkit\/punto-space-s\/","title":{"rendered":"Punto Space S"},"content":{"rendered":"","protected":false},"excerpt":{"rendered":"<p>Vahvistetulla tasolla varustetut kaksipuoliset porrastikkaat<\/p>\n<p><strong><em>KAIKKIA PUNTO S -SARJAN EN 14183 STANDARDIN MUKAISIA TUOTTEITA VOI K\u00c4YTT\u00c4\u00c4 YHDESS\u00c4 TASON KANSSA<\/em><\/strong><\/p>\n<p>Ammattimaiset kaksipuoliset alumiiniset porrastikkaat, joissa on iso vahvistettu taso.<\/p>\n<p>Valmistettu eurooppalaisen standardin EN14183 mukaisesti, puolat on hitsattu profiileihin ja siten on saavutettu eritt\u00e4in kest\u00e4v\u00e4 kokonaisuus.<br \/>\nJokaisessa puolassa on vahvistus.<\/p>\n<p>&nbsp;<\/p>\n<p><strong>TEKNISET OMINAISUUDET<\/strong><br \/>\n\u2022\u00a0 \u00a0 Kaksi laitetta, jotka lukitsevat kaikenlaisen yll\u00e4tt\u00e4v\u00e4n avautumisen:<br \/>\nj\u00e4yk\u00e4t avautumisen\/sulkeutumisen vastaiset tangot ja sinkityst\u00e4 ter\u00e4ksest\u00e4 valmistetut saranat<br \/>\n\u2022\u00a0\u00a0 \u00a0L\u00e4mp\u00f6supistuvasta muovista valmistettu pakkaus kuvitettuine ohjeineen<br \/>\n\u2022\u00a0\u00a0 \u00a0Ergonomisesti ja vahvistetut liukumattomat kumip\u00e4iset jalat<br \/>\n\u2022\u00a0\u00a0 \u00a0Liukumattomat alumiinipuolat, 8 cm<br \/>\n\u2022\u00a0\u00a0 \u00a0Puolien v\u00e4li 20 cm<br \/>\n\u2022\u00a0\u00a0 \u00a0Poikkeuksellisen iso yl\u00e4taso 525&#215;700 mm<\/p>\n<p><strong>Tilauksesta:<\/strong><\/p>\n<ol>\n<li>Suojakaidesarja<\/li>\n<li>Kaksi tai nelj\u00e4 py\u00f6r\u00e4\u00e4<\/li>\n<\/ol>\n","protected":false},"featured_media":11820,"comment_status":"closed","ping_status":"closed","template":"","meta":{"footnotes":""},"product_cat":[176,205],"product_tag":[],"yoast_head":"<!-- This site is optimized with the Yoast SEO plugin v22.6 - https:\/\/yoast.com\/wordpress\/plugins\/seo\/ -->\n<title>Punto Space S - Fedemark<\/title>\n<meta name=\"robots\" content=\"index, follow, max-snippet:-1, max-image-preview:large, max-video-preview:-1\" \/>\n<link rel=\"canonical\" href=\"https:\/\/fedemark.ee\/fi\/tuotteet\/suurikantokykyiset-tikkaat\/porraspenkit\/punto-space-s\/\" \/>\n<meta property=\"og:locale\" content=\"fi_FI\" \/>\n<meta property=\"og:type\" content=\"article\" \/>\n<meta property=\"og:title\" content=\"Punto Space S - Fedemark\" \/>\n<meta property=\"og:description\" content=\"Vahvistetulla tasolla varustetut kaksipuoliset porrastikkaat  KAIKKIA PUNTO S -SARJAN EN 14183 STANDARDIN MUKAISIA TUOTTEITA VOI K\u00c4YTT\u00c4\u00c4 YHDESS\u00c4 TASON KANSSA  Ammattimaiset kaksipuoliset alumiiniset porrastikkaat, joissa on iso vahvistettu taso.  Valmistettu eurooppalaisen standardin EN14183 mukaisesti, puolat on hitsattu profiileihin ja siten on saavutettu eritt\u00e4in kest\u00e4v\u00e4 kokonaisuus. Jokaisessa puolassa on vahvistus.  &nbsp;  TEKNISET OMINAISUUDET \u2022\u00a0 \u00a0 Kaksi laitetta, jotka lukitsevat kaikenlaisen yll\u00e4tt\u00e4v\u00e4n avautumisen: j\u00e4yk\u00e4t avautumisen\/sulkeutumisen vastaiset tangot ja sinkityst\u00e4 ter\u00e4ksest\u00e4 valmistetut saranat \u2022\u00a0\u00a0 \u00a0L\u00e4mp\u00f6supistuvasta muovista valmistettu pakkaus kuvitettuine ohjeineen \u2022\u00a0\u00a0 \u00a0Ergonomisesti ja vahvistetut liukumattomat kumip\u00e4iset jalat \u2022\u00a0\u00a0 \u00a0Liukumattomat alumiinipuolat, 8 cm \u2022\u00a0\u00a0 \u00a0Puolien v\u00e4li 20 cm \u2022\u00a0\u00a0 \u00a0Poikkeuksellisen iso yl\u00e4taso 525x700 mm  Tilauksesta:   Suojakaidesarja  Kaksi tai nelj\u00e4 py\u00f6r\u00e4\u00e4\" \/>\n<meta property=\"og:url\" content=\"https:\/\/fedemark.ee\/fi\/tuotteet\/suurikantokykyiset-tikkaat\/porraspenkit\/punto-space-s\/\" \/>\n<meta property=\"og:site_name\" content=\"Fedemark\" \/>\n<meta property=\"article:modified_time\" content=\"2019-08-13T06:43:12+00:00\" \/>\n<meta property=\"og:image\" content=\"https:\/\/fedemark.ee\/wp-content\/uploads\/2019\/08\/PUNTO-space-3.jpg\" \/>\n\t<meta property=\"og:image:width\" content=\"834\" \/>\n\t<meta property=\"og:image:height\" content=\"1000\" \/>\n\t<meta property=\"og:image:type\" content=\"image\/jpeg\" \/>\n<meta name=\"twitter:card\" content=\"summary_large_image\" \/>\n<script type=\"application\/ld+json\" class=\"yoast-schema-graph\">{\"@context\":\"https:\/\/schema.org\",\"@graph\":[{\"@type\":\"WebPage\",\"@id\":\"https:\/\/fedemark.ee\/fi\/tuotteet\/suurikantokykyiset-tikkaat\/porraspenkit\/punto-space-s\/\",\"url\":\"https:\/\/fedemark.ee\/fi\/tuotteet\/suurikantokykyiset-tikkaat\/porraspenkit\/punto-space-s\/\",\"name\":\"Punto Space S - Fedemark\",\"isPartOf\":{\"@id\":\"https:\/\/fedemark.ee\/#website\"},\"primaryImageOfPage\":{\"@id\":\"https:\/\/fedemark.ee\/fi\/tuotteet\/suurikantokykyiset-tikkaat\/porraspenkit\/punto-space-s\/#primaryimage\"},\"image\":{\"@id\":\"https:\/\/fedemark.ee\/fi\/tuotteet\/suurikantokykyiset-tikkaat\/porraspenkit\/punto-space-s\/#primaryimage\"},\"thumbnailUrl\":\"https:\/\/fedemark.ee\/wp-content\/uploads\/2019\/08\/PUNTO-space-3.jpg\",\"datePublished\":\"2019-08-09T08:55:34+00:00\",\"dateModified\":\"2019-08-13T06:43:12+00:00\",\"breadcrumb\":{\"@id\":\"https:\/\/fedemark.ee\/fi\/tuotteet\/suurikantokykyiset-tikkaat\/porraspenkit\/punto-space-s\/#breadcrumb\"},\"inLanguage\":\"fi-FI\",\"potentialAction\":[{\"@type\":\"ReadAction\",\"target\":[\"https:\/\/fedemark.ee\/fi\/tuotteet\/suurikantokykyiset-tikkaat\/porraspenkit\/punto-space-s\/\"]}]},{\"@type\":\"ImageObject\",\"inLanguage\":\"fi-FI\",\"@id\":\"https:\/\/fedemark.ee\/fi\/tuotteet\/suurikantokykyiset-tikkaat\/porraspenkit\/punto-space-s\/#primaryimage\",\"url\":\"https:\/\/fedemark.ee\/wp-content\/uploads\/2019\/08\/PUNTO-space-3.jpg\",\"contentUrl\":\"https:\/\/fedemark.ee\/wp-content\/uploads\/2019\/08\/PUNTO-space-3.jpg\",\"width\":834,\"height\":1000},{\"@type\":\"BreadcrumbList\",\"@id\":\"https:\/\/fedemark.ee\/fi\/tuotteet\/suurikantokykyiset-tikkaat\/porraspenkit\/punto-space-s\/#breadcrumb\",\"itemListElement\":[{\"@type\":\"ListItem\",\"position\":1,\"name\":\"Home\",\"item\":\"https:\/\/fedemark.ee\/fi\/\"},{\"@type\":\"ListItem\",\"position\":2,\"name\":\"Tuotteet\",\"item\":\"https:\/\/fedemark.ee\/fi\/tuotteet\/\"},{\"@type\":\"ListItem\",\"position\":3,\"name\":\"Punto Space S\"}]},{\"@type\":\"WebSite\",\"@id\":\"https:\/\/fedemark.ee\/#website\",\"url\":\"https:\/\/fedemark.ee\/\",\"name\":\"Fedemark\",\"description\":\"Redelid, Tellingud, T\u00f6\u00f6platvormid ja vahekorrused\",\"potentialAction\":[{\"@type\":\"SearchAction\",\"target\":{\"@type\":\"EntryPoint\",\"urlTemplate\":\"https:\/\/fedemark.ee\/?s={search_term_string}\"},\"query-input\":\"required name=search_term_string\"}],\"inLanguage\":\"fi-FI\"}]}<\/script>\n<!-- \/ Yoast SEO plugin. -->","yoast_head_json":{"title":"Punto Space S - Fedemark","robots":{"index":"index","follow":"follow","max-snippet":"max-snippet:-1","max-image-preview":"max-image-preview:large","max-video-preview":"max-video-preview:-1"},"canonical":"https:\/\/fedemark.ee\/fi\/tuotteet\/suurikantokykyiset-tikkaat\/porraspenkit\/punto-space-s\/","og_locale":"fi_FI","og_type":"article","og_title":"Punto Space S - Fedemark","og_description":"Vahvistetulla tasolla varustetut kaksipuoliset porrastikkaat  KAIKKIA PUNTO S -SARJAN EN 14183 STANDARDIN MUKAISIA TUOTTEITA VOI K\u00c4YTT\u00c4\u00c4 YHDESS\u00c4 TASON KANSSA  Ammattimaiset kaksipuoliset alumiiniset porrastikkaat, joissa on iso vahvistettu taso.  Valmistettu eurooppalaisen standardin EN14183 mukaisesti, puolat on hitsattu profiileihin ja siten on saavutettu eritt\u00e4in kest\u00e4v\u00e4 kokonaisuus. Jokaisessa puolassa on vahvistus.  &nbsp;  TEKNISET OMINAISUUDET \u2022\u00a0 \u00a0 Kaksi laitetta, jotka lukitsevat kaikenlaisen yll\u00e4tt\u00e4v\u00e4n avautumisen: j\u00e4yk\u00e4t avautumisen\/sulkeutumisen vastaiset tangot ja sinkityst\u00e4 ter\u00e4ksest\u00e4 valmistetut saranat \u2022\u00a0\u00a0 \u00a0L\u00e4mp\u00f6supistuvasta muovista valmistettu pakkaus kuvitettuine ohjeineen \u2022\u00a0\u00a0 \u00a0Ergonomisesti ja vahvistetut liukumattomat kumip\u00e4iset jalat \u2022\u00a0\u00a0 \u00a0Liukumattomat alumiinipuolat, 8 cm \u2022\u00a0\u00a0 \u00a0Puolien v\u00e4li 20 cm \u2022\u00a0\u00a0 \u00a0Poikkeuksellisen iso yl\u00e4taso 525x700 mm  Tilauksesta:   Suojakaidesarja  Kaksi tai nelj\u00e4 py\u00f6r\u00e4\u00e4","og_url":"https:\/\/fedemark.ee\/fi\/tuotteet\/suurikantokykyiset-tikkaat\/porraspenkit\/punto-space-s\/","og_site_name":"Fedemark","article_modified_time":"2019-08-13T06:43:12+00:00","og_image":[{"width":834,"height":1000,"url":"https:\/\/fedemark.ee\/wp-content\/uploads\/2019\/08\/PUNTO-space-3.jpg","type":"image\/jpeg"}],"twitter_card":"summary_large_image","schema":{"@context":"https:\/\/schema.org","@graph":[{"@type":"WebPage","@id":"https:\/\/fedemark.ee\/fi\/tuotteet\/suurikantokykyiset-tikkaat\/porraspenkit\/punto-space-s\/","url":"https:\/\/fedemark.ee\/fi\/tuotteet\/suurikantokykyiset-tikkaat\/porraspenkit\/punto-space-s\/","name":"Punto Space S - Fedemark","isPartOf":{"@id":"https:\/\/fedemark.ee\/#website"},"primaryImageOfPage":{"@id":"https:\/\/fedemark.ee\/fi\/tuotteet\/suurikantokykyiset-tikkaat\/porraspenkit\/punto-space-s\/#primaryimage"},"image":{"@id":"https:\/\/fedemark.ee\/fi\/tuotteet\/suurikantokykyiset-tikkaat\/porraspenkit\/punto-space-s\/#primaryimage"},"thumbnailUrl":"https:\/\/fedemark.ee\/wp-content\/uploads\/2019\/08\/PUNTO-space-3.jpg","datePublished":"2019-08-09T08:55:34+00:00","dateModified":"2019-08-13T06:43:12+00:00","breadcrumb":{"@id":"https:\/\/fedemark.ee\/fi\/tuotteet\/suurikantokykyiset-tikkaat\/porraspenkit\/punto-space-s\/#breadcrumb"},"inLanguage":"fi-FI","potentialAction":[{"@type":"ReadAction","target":["https:\/\/fedemark.ee\/fi\/tuotteet\/suurikantokykyiset-tikkaat\/porraspenkit\/punto-space-s\/"]}]},{"@type":"ImageObject","inLanguage":"fi-FI","@id":"https:\/\/fedemark.ee\/fi\/tuotteet\/suurikantokykyiset-tikkaat\/porraspenkit\/punto-space-s\/#primaryimage","url":"https:\/\/fedemark.ee\/wp-content\/uploads\/2019\/08\/PUNTO-space-3.jpg","contentUrl":"https:\/\/fedemark.ee\/wp-content\/uploads\/2019\/08\/PUNTO-space-3.jpg","width":834,"height":1000},{"@type":"BreadcrumbList","@id":"https:\/\/fedemark.ee\/fi\/tuotteet\/suurikantokykyiset-tikkaat\/porraspenkit\/punto-space-s\/#breadcrumb","itemListElement":[{"@type":"ListItem","position":1,"name":"Home","item":"https:\/\/fedemark.ee\/fi\/"},{"@type":"ListItem","position":2,"name":"Tuotteet","item":"https:\/\/fedemark.ee\/fi\/tuotteet\/"},{"@type":"ListItem","position":3,"name":"Punto Space S"}]},{"@type":"WebSite","@id":"https:\/\/fedemark.ee\/#website","url":"https:\/\/fedemark.ee\/","name":"Fedemark","description":"Redelid, Tellingud, T\u00f6\u00f6platvormid ja vahekorrused","potentialAction":[{"@type":"SearchAction","target":{"@type":"EntryPoint","urlTemplate":"https:\/\/fedemark.ee\/?s={search_term_string}"},"query-input":"required name=search_term_string"}],"inLanguage":"fi-FI"}]}},"_links":{"self":[{"href":"https:\/\/fedemark.ee\/fi\/wp-json\/wp\/v2\/product\/11854"}],"collection":[{"href":"https:\/\/fedemark.ee\/fi\/wp-json\/wp\/v2\/product"}],"about":[{"href":"https:\/\/fedemark.ee\/fi\/wp-json\/wp\/v2\/types\/product"}],"replies":[{"embeddable":true,"href":"https:\/\/fedemark.ee\/fi\/wp-json\/wp\/v2\/comments?post=11854"}],"version-history":[{"count":3,"href":"https:\/\/fedemark.ee\/fi\/wp-json\/wp\/v2\/product\/11854\/revisions"}],"predecessor-version":[{"id":12332,"href":"https:\/\/fedemark.ee\/fi\/wp-json\/wp\/v2\/product\/11854\/revisions\/12332"}],"wp:featuredmedia":[{"embeddable":true,"href":"https:\/\/fedemark.ee\/fi\/wp-json\/wp\/v2\/media\/11820"}],"wp:attachment":[{"href":"https:\/\/fedemark.ee\/fi\/wp-json\/wp\/v2\/media?parent=11854"}],"wp:term":[{"taxonomy":"product_cat","embeddable":true,"href":"https:\/\/fedemark.ee\/fi\/wp-json\/wp\/v2\/product_cat?post=11854"},{"taxonomy":"product_tag","embeddable":true,"href":"https:\/\/fedemark.ee\/fi\/wp-json\/wp\/v2\/product_tag?post=11854"}],"curies":[{"name":"wp","href":"https:\/\/api.w.org\/{rel}","templated":true}]}}