{"id":11886,"date":"2019-08-09T09:06:33","date_gmt":"2019-08-09T09:09:15","guid":{"rendered":"https:\/\/fedemark.ee\/?post_type=product&#038;p=11886"},"modified":"2019-08-13T06:41:04","modified_gmt":"2019-08-13T06:41:04","slug":"g-easysteam","status":"publish","type":"product","link":"https:\/\/fedemark.ee\/fi\/tuotteet\/polynimurit\/g-easysteam\/","title":{"rendered":"G- Easysteam"},"content":{"rendered":"","protected":false},"excerpt":{"rendered":"<p><strong>G-Easysteam<\/strong><\/p>\n<p>Puhdista perusteellisesti ja tehokkaasti aikaa ja rahaa s\u00e4\u00e4st\u00e4en.<\/p>\n<p>G-Easysteam on nokkelin kumppani, mit\u00e4 voit ammattimaiseen puhdistusty\u00f6h\u00f6n l\u00f6yt\u00e4\u00e4. K\u00e4tev\u00e4n kokoista alipainepuhdistustoiminnolla varustettua h\u00f6yrygeneraattoria voi k\u00e4ytt\u00e4\u00e4 kaikissa paikoissa, joissa yleisen puhtauden varmistaminen on pakollista. Ennen kaikkea hotellit ja ravintolat, mutta my\u00f6s teollisuudenalat, ty\u00f6pajat, hoitolat, laboratoriot, kaupat, urheilusalot, uimalat ja muut tilat, joissa tulee v\u00e4ltt\u00e4\u00e4 kaikenlaisia vaaroja ihmisille ja el\u00e4imille, ovat t\u00e4m\u00e4n tuotteen k\u00e4ytt\u00e4ji\u00e4: kaikki paikat, joissa tarvitaan tarkkaa p\u00e4ivitt\u00e4ist\u00e4 huoltoa ja joita tavallisesti s\u00e4\u00e4telev\u00e4t ankarat m\u00e4\u00e4r\u00e4ykset. G-Easysteam helpottaa ponnistuksiasi voiteluaineen, \u00f6ljyn, tervan, nesteiden ja biologisten j\u00e4tteiden poistamisessa sek\u00e4 desinfioi kaikenlaiset pinnat, mukaan lukien sohvat, patjat, auton istuimet ja matot. Sit\u00e4 voi k\u00e4ytt\u00e4\u00e4 yll\u00e4tt\u00e4vin tuloksin kaikissa ymp\u00e4rist\u00f6iss\u00e4 \u2013 keitti\u00f6ist\u00e4 kylpyhuoneisiin. Automaattisen t\u00e4ytett\u00e4v\u00e4n ter\u00e4sboilerin ansiosta voit t\u00e4st\u00e4 l\u00e4hin heitt\u00e4\u00e4 mopit ja pyyhkeet pois ja suihkuttaa h\u00f6yry\u00e4 suoraan pinnoille (tarkastaen vahinkojen v\u00e4ltt\u00e4miseksi aina k\u00e4sittelyn sopivuus k\u00e4sitelt\u00e4v\u00e4lle materiaalille) ja puhdistaa pinnat alipaineella saavuttaen lyhemm\u00e4ss\u00e4 ajassa turvallisemman tuloksen.<\/p>\n<p>Puhdistaminen ei ole koskaan ollut n\u00e4in helppoa!<\/p>\n<p>&nbsp;<\/p>\n<table width=\"100%\">\n<tbody>\n<tr>\n<td><strong>Tekniset tiedot <\/strong><\/td>\n<td><\/td>\n<\/tr>\n<tr>\n<td>Tuotteen koodi<\/td>\n<td>98700B3N<\/td>\n<\/tr>\n<tr>\n<td>J\u00e4nnite, V~<\/td>\n<td>230<\/td>\n<\/tr>\n<tr>\n<td>Taajuus, Hz<\/td>\n<td>50<\/td>\n<\/tr>\n<tr>\n<td>Maksimiteho, W<\/td>\n<td>1200<\/td>\n<\/tr>\n<tr>\n<td>L\u00e4mmityselementti, W<\/td>\n<td>1250 + 800<\/td>\n<\/tr>\n<tr>\n<td>L\u00e4mmitysaika<\/td>\n<td>5 minuuttia<\/td>\n<\/tr>\n<tr>\n<td>Boilerin tilavuus<\/td>\n<td>1,5 litraa<\/td>\n<\/tr>\n<tr>\n<td>Boilerin materiaali<\/td>\n<td>AISI 304<\/td>\n<\/tr>\n<tr>\n<td>Maksimialipaine, mbar<\/td>\n<td>180<\/td>\n<\/tr>\n<tr>\n<td>Maksimi-ilmavirta (suunnilleen), m<sup>3<\/sup>\/h<\/td>\n<td>190<\/td>\n<\/tr>\n<tr>\n<td>H\u00f6yrym\u00e4\u00e4r\u00e4<\/td>\n<td>150 g\/min.<\/td>\n<\/tr>\n<\/tbody>\n<\/table>\n<p>&nbsp;<\/p>\n<table width=\"100%\">\n<tbody>\n<tr>\n<td><\/td>\n<td><\/td>\n<td>H\u00f6yryvirran s\u00e4\u00e4t\u00f6\u00a0 \u00a0 \u00a0 \u00a0 \u00a0 \u00a0 \u00a0 \u00a0 \u00a0 \u00a0 \u00a0 \u00a0 \u00a0 \u00a0 \u00a0 \u00a0 \u00a0 \u00a0 \u00a0 \u00a0 \u00a0 \u00a0 \u00a0 \u00a0 \u00a0 \u00a0 \u00a0 \u00a0 \u00a0 \u00a0 \u00a0 \u00a0 \u00a0 \u00a0 \u00a0 \u00a0 \u00a0 \u00a0 \u00a0 \u00a0 \u00a0 \u00a0 \u00a0 \u00a0 \u00a0 \u00a0 \u00a0 \u00a0 \u00a0 kyll\u00e4<\/td>\n<\/tr>\n<tr>\n<td><\/td>\n<td><\/td>\n<td>H\u00f6yrynpaine\u00a0 \u00a0 \u00a0 \u00a0 \u00a0 \u00a0 \u00a0 \u00a0 \u00a0 \u00a0 \u00a0 \u00a0 \u00a0 \u00a0 \u00a0 \u00a0 \u00a0 \u00a0 \u00a0 \u00a0 \u00a0 \u00a0 \u00a0 \u00a0 \u00a0 \u00a0 \u00a0 \u00a0 \u00a0 \u00a0 \u00a0 \u00a0 \u00a0 \u00a0 \u00a0 \u00a0 \u00a0 \u00a0 \u00a0 \u00a0 \u00a0 \u00a0 \u00a0 \u00a0 \u00a0 \u00a0 \u00a0 \u00a0 \u00a0 \u00a0 \u00a0 \u00a0 4,5 bar<\/p>\n<p>H\u00f6yrynvalmiuden merkkivalo\u00a0 \u00a0 \u00a0 \u00a0 \u00a0 \u00a0 \u00a0 \u00a0 \u00a0 \u00a0 \u00a0 \u00a0 \u00a0 \u00a0 \u00a0 \u00a0 \u00a0 \u00a0 \u00a0 \u00a0 \u00a0 \u00a0 \u00a0 \u00a0 \u00a0 \u00a0 \u00a0 \u00a0 \u00a0 \u00a0 \u00a0 \u00a0 \u00a0 \u00a0 \u00a0 \u00a0 \u00a0 \u00a0 \u00a0kyll\u00e4<\/td>\n<\/tr>\n<tr>\n<td><\/td>\n<td><\/td>\n<td>Tyhj\u00e4n vesis\u00e4ili\u00f6n merkkivalo\u00a0 \u00a0 \u00a0 \u00a0 \u00a0 \u00a0 \u00a0 \u00a0 \u00a0 \u00a0 \u00a0 \u00a0 \u00a0 \u00a0 \u00a0 \u00a0 \u00a0 \u00a0 \u00a0 \u00a0 \u00a0 \u00a0 \u00a0 \u00a0 \u00a0 \u00a0 \u00a0 \u00a0 \u00a0 \u00a0 \u00a0 \u00a0 \u00a0 \u00a0 \u00a0 \u00a0 \u00a0 \u00a0 \u00a0 kyll\u00e4<\/p>\n<p>H\u00f6yryn l\u00e4mp\u00f6tila boilerissa\u00a0 \u00a0 \u00a0 \u00a0 \u00a0 \u00a0 \u00a0 \u00a0 \u00a0 \u00a0 \u00a0 \u00a0 \u00a0 \u00a0 \u00a0 \u00a0 \u00a0 \u00a0 \u00a0 \u00a0 \u00a0 \u00a0 \u00a0 \u00a0 \u00a0 \u00a0 \u00a0 \u00a0 \u00a0 \u00a0 \u00a0 \u00a0 \u00a0 \u00a0 \u00a0 \u00a0 \u00a0 \u00a0 \u00a0 \u00a0 150 C<\/p>\n<p>Painemittari\u00a0 \u00a0 \u00a0 \u00a0 \u00a0 \u00a0 \u00a0 \u00a0 \u00a0 \u00a0 \u00a0 \u00a0 \u00a0 \u00a0 \u00a0 \u00a0 \u00a0 \u00a0 \u00a0 \u00a0 \u00a0 \u00a0 \u00a0 \u00a0 \u00a0 \u00a0 \u00a0 \u00a0 \u00a0 \u00a0 \u00a0 \u00a0 \u00a0 \u00a0 \u00a0 \u00a0 \u00a0 \u00a0 \u00a0 \u00a0 \u00a0 \u00a0 \u00a0 \u00a0 \u00a0 \u00a0 \u00a0 \u00a0 \u00a0 \u00a0 \u00a0 \u00a0 \u00a0 \u00a0 \u00a0 kyll\u00e4<\/p>\n<p>Jatkuva t\u00e4ytt\u00f6mahdollisuus\u00a0 \u00a0 \u00a0 \u00a0 \u00a0 \u00a0 \u00a0 \u00a0 \u00a0 \u00a0 \u00a0 \u00a0 \u00a0 \u00a0 \u00a0 \u00a0 \u00a0 \u00a0 \u00a0 \u00a0 \u00a0 \u00a0 \u00a0 \u00a0 \u00a0 \u00a0 \u00a0 \u00a0 \u00a0 \u00a0 \u00a0 \u00a0 \u00a0 \u00a0 \u00a0 \u00a0 \u00a0 \u00a0 \u00a0 \u00a0 \u00a0 kyll\u00e4<\/td>\n<\/tr>\n<\/tbody>\n<\/table>\n<p>&nbsp;<\/p>\n","protected":false},"featured_media":11861,"comment_status":"closed","ping_status":"closed","template":"","meta":{"footnotes":""},"product_cat":[272],"product_tag":[],"yoast_head":"<!-- This site is optimized with the Yoast SEO plugin v22.6 - https:\/\/yoast.com\/wordpress\/plugins\/seo\/ -->\n<title>G- Easysteam - Fedemark<\/title>\n<meta name=\"robots\" content=\"index, follow, max-snippet:-1, max-image-preview:large, max-video-preview:-1\" \/>\n<link rel=\"canonical\" href=\"https:\/\/fedemark.ee\/fi\/tuotteet\/polynimurit\/g-easysteam\/\" \/>\n<meta property=\"og:locale\" content=\"fi_FI\" \/>\n<meta property=\"og:type\" content=\"article\" \/>\n<meta property=\"og:title\" content=\"G- Easysteam - Fedemark\" \/>\n<meta property=\"og:description\" content=\"G-Easysteam  Puhdista perusteellisesti ja tehokkaasti aikaa ja rahaa s\u00e4\u00e4st\u00e4en.  G-Easysteam on nokkelin kumppani, mit\u00e4 voit ammattimaiseen puhdistusty\u00f6h\u00f6n l\u00f6yt\u00e4\u00e4. K\u00e4tev\u00e4n kokoista alipainepuhdistustoiminnolla varustettua h\u00f6yrygeneraattoria voi k\u00e4ytt\u00e4\u00e4 kaikissa paikoissa, joissa yleisen puhtauden varmistaminen on pakollista. Ennen kaikkea hotellit ja ravintolat, mutta my\u00f6s teollisuudenalat, ty\u00f6pajat, hoitolat, laboratoriot, kaupat, urheilusalot, uimalat ja muut tilat, joissa tulee v\u00e4ltt\u00e4\u00e4 kaikenlaisia vaaroja ihmisille ja el\u00e4imille, ovat t\u00e4m\u00e4n tuotteen k\u00e4ytt\u00e4ji\u00e4: kaikki paikat, joissa tarvitaan tarkkaa p\u00e4ivitt\u00e4ist\u00e4 huoltoa ja joita tavallisesti s\u00e4\u00e4telev\u00e4t ankarat m\u00e4\u00e4r\u00e4ykset. G-Easysteam helpottaa ponnistuksiasi voiteluaineen, \u00f6ljyn, tervan, nesteiden ja biologisten j\u00e4tteiden poistamisessa sek\u00e4 desinfioi kaikenlaiset pinnat, mukaan lukien sohvat, patjat, auton istuimet ja matot. Sit\u00e4 voi k\u00e4ytt\u00e4\u00e4 yll\u00e4tt\u00e4vin tuloksin kaikissa ymp\u00e4rist\u00f6iss\u00e4 \u2013 keitti\u00f6ist\u00e4 kylpyhuoneisiin. Automaattisen t\u00e4ytett\u00e4v\u00e4n ter\u00e4sboilerin ansiosta voit t\u00e4st\u00e4 l\u00e4hin heitt\u00e4\u00e4 mopit ja pyyhkeet pois ja suihkuttaa h\u00f6yry\u00e4 suoraan pinnoille (tarkastaen vahinkojen v\u00e4ltt\u00e4miseksi aina k\u00e4sittelyn sopivuus k\u00e4sitelt\u00e4v\u00e4lle materiaalille) ja puhdistaa pinnat alipaineella saavuttaen lyhemm\u00e4ss\u00e4 ajassa turvallisemman tuloksen.  Puhdistaminen ei ole koskaan ollut n\u00e4in helppoa!  &nbsp;    Tekniset tiedot     Tuotteen koodi 98700B3N   J\u00e4nnite, V~ 230   Taajuus, Hz 50   Maksimiteho, W 1200   L\u00e4mmityselementti, W 1250 + 800   L\u00e4mmitysaika 5 minuuttia   Boilerin tilavuus 1,5 litraa   Boilerin materiaali AISI 304   Maksimialipaine, mbar 180   Maksimi-ilmavirta (suunnilleen), m3\/h 190   H\u00f6yrym\u00e4\u00e4r\u00e4 150 g\/min.    &nbsp;      H\u00f6yryvirran s\u00e4\u00e4t\u00f6\u00a0 \u00a0 \u00a0 \u00a0 \u00a0 \u00a0 \u00a0 \u00a0 \u00a0 \u00a0 \u00a0 \u00a0 \u00a0 \u00a0 \u00a0 \u00a0 \u00a0 \u00a0 \u00a0 \u00a0 \u00a0 \u00a0 \u00a0 \u00a0 \u00a0 \u00a0 \u00a0 \u00a0 \u00a0 \u00a0 \u00a0 \u00a0 \u00a0 \u00a0 \u00a0 \u00a0 \u00a0 \u00a0 \u00a0 \u00a0 \u00a0 \u00a0 \u00a0 \u00a0 \u00a0 \u00a0 \u00a0 \u00a0 \u00a0 kyll\u00e4     H\u00f6yrynpaine\u00a0 \u00a0 \u00a0 \u00a0 \u00a0 \u00a0 \u00a0 \u00a0 \u00a0 \u00a0 \u00a0 \u00a0 \u00a0 \u00a0 \u00a0 \u00a0 \u00a0 \u00a0 \u00a0 \u00a0 \u00a0 \u00a0 \u00a0 \u00a0 \u00a0 \u00a0 \u00a0 \u00a0 \u00a0 \u00a0 \u00a0 \u00a0 \u00a0 \u00a0 \u00a0 \u00a0 \u00a0 \u00a0 \u00a0 \u00a0 \u00a0 \u00a0 \u00a0 \u00a0 \u00a0 \u00a0 \u00a0 \u00a0 \u00a0 \u00a0 \u00a0 \u00a0 4,5 bar  H\u00f6yrynvalmiuden merkkivalo\u00a0 \u00a0 \u00a0 \u00a0 \u00a0 \u00a0 \u00a0 \u00a0 \u00a0 \u00a0 \u00a0 \u00a0 \u00a0 \u00a0 \u00a0 \u00a0 \u00a0 \u00a0 \u00a0 \u00a0 \u00a0 \u00a0 \u00a0 \u00a0 \u00a0 \u00a0 \u00a0 \u00a0 \u00a0 \u00a0 \u00a0 \u00a0 \u00a0 \u00a0 \u00a0 \u00a0 \u00a0 \u00a0 \u00a0kyll\u00e4     Tyhj\u00e4n vesis\u00e4ili\u00f6n merkkivalo\u00a0 \u00a0 \u00a0 \u00a0 \u00a0 \u00a0 \u00a0 \u00a0 \u00a0 \u00a0 \u00a0 \u00a0 \u00a0 \u00a0 \u00a0 \u00a0 \u00a0 \u00a0 \u00a0 \u00a0 \u00a0 \u00a0 \u00a0 \u00a0 \u00a0 \u00a0 \u00a0 \u00a0 \u00a0 \u00a0 \u00a0 \u00a0 \u00a0 \u00a0 \u00a0 \u00a0 \u00a0 \u00a0 \u00a0 kyll\u00e4  H\u00f6yryn l\u00e4mp\u00f6tila boilerissa\u00a0 \u00a0 \u00a0 \u00a0 \u00a0 \u00a0 \u00a0 \u00a0 \u00a0 \u00a0 \u00a0 \u00a0 \u00a0 \u00a0 \u00a0 \u00a0 \u00a0 \u00a0 \u00a0 \u00a0 \u00a0 \u00a0 \u00a0 \u00a0 \u00a0 \u00a0 \u00a0 \u00a0 \u00a0 \u00a0 \u00a0 \u00a0 \u00a0 \u00a0 \u00a0 \u00a0 \u00a0 \u00a0 \u00a0 \u00a0 150 C  Painemittari\u00a0 \u00a0 \u00a0 \u00a0 \u00a0 \u00a0 \u00a0 \u00a0 \u00a0 \u00a0 \u00a0 \u00a0 \u00a0 \u00a0 \u00a0 \u00a0 \u00a0 \u00a0 \u00a0 \u00a0 \u00a0 \u00a0 \u00a0 \u00a0 \u00a0 \u00a0 \u00a0 \u00a0 \u00a0 \u00a0 \u00a0 \u00a0 \u00a0 \u00a0 \u00a0 \u00a0 \u00a0 \u00a0 \u00a0 \u00a0 \u00a0 \u00a0 \u00a0 \u00a0 \u00a0 \u00a0 \u00a0 \u00a0 \u00a0 \u00a0 \u00a0 \u00a0 \u00a0 \u00a0 \u00a0 kyll\u00e4  Jatkuva t\u00e4ytt\u00f6mahdollisuus\u00a0 \u00a0 \u00a0 \u00a0 \u00a0 \u00a0 \u00a0 \u00a0 \u00a0 \u00a0 \u00a0 \u00a0 \u00a0 \u00a0 \u00a0 \u00a0 \u00a0 \u00a0 \u00a0 \u00a0 \u00a0 \u00a0 \u00a0 \u00a0 \u00a0 \u00a0 \u00a0 \u00a0 \u00a0 \u00a0 \u00a0 \u00a0 \u00a0 \u00a0 \u00a0 \u00a0 \u00a0 \u00a0 \u00a0 \u00a0 \u00a0 kyll\u00e4    &nbsp;\" \/>\n<meta property=\"og:url\" content=\"https:\/\/fedemark.ee\/fi\/tuotteet\/polynimurit\/g-easysteam\/\" \/>\n<meta property=\"og:site_name\" content=\"Fedemark\" \/>\n<meta property=\"article:modified_time\" content=\"2019-08-13T06:41:04+00:00\" \/>\n<meta property=\"og:image\" content=\"https:\/\/fedemark.ee\/wp-content\/uploads\/2019\/08\/GISOWATT-G-EASYSTEAM-2.jpg\" \/>\n\t<meta property=\"og:image:width\" content=\"1568\" \/>\n\t<meta property=\"og:image:height\" content=\"1624\" \/>\n\t<meta property=\"og:image:type\" content=\"image\/jpeg\" \/>\n<meta name=\"twitter:card\" content=\"summary_large_image\" \/>\n<script type=\"application\/ld+json\" class=\"yoast-schema-graph\">{\"@context\":\"https:\/\/schema.org\",\"@graph\":[{\"@type\":\"WebPage\",\"@id\":\"https:\/\/fedemark.ee\/fi\/tuotteet\/polynimurit\/g-easysteam\/\",\"url\":\"https:\/\/fedemark.ee\/fi\/tuotteet\/polynimurit\/g-easysteam\/\",\"name\":\"G- Easysteam - Fedemark\",\"isPartOf\":{\"@id\":\"https:\/\/fedemark.ee\/#website\"},\"primaryImageOfPage\":{\"@id\":\"https:\/\/fedemark.ee\/fi\/tuotteet\/polynimurit\/g-easysteam\/#primaryimage\"},\"image\":{\"@id\":\"https:\/\/fedemark.ee\/fi\/tuotteet\/polynimurit\/g-easysteam\/#primaryimage\"},\"thumbnailUrl\":\"https:\/\/fedemark.ee\/wp-content\/uploads\/2019\/08\/GISOWATT-G-EASYSTEAM-2.jpg\",\"datePublished\":\"2019-08-09T09:09:15+00:00\",\"dateModified\":\"2019-08-13T06:41:04+00:00\",\"breadcrumb\":{\"@id\":\"https:\/\/fedemark.ee\/fi\/tuotteet\/polynimurit\/g-easysteam\/#breadcrumb\"},\"inLanguage\":\"fi-FI\",\"potentialAction\":[{\"@type\":\"ReadAction\",\"target\":[\"https:\/\/fedemark.ee\/fi\/tuotteet\/polynimurit\/g-easysteam\/\"]}]},{\"@type\":\"ImageObject\",\"inLanguage\":\"fi-FI\",\"@id\":\"https:\/\/fedemark.ee\/fi\/tuotteet\/polynimurit\/g-easysteam\/#primaryimage\",\"url\":\"https:\/\/fedemark.ee\/wp-content\/uploads\/2019\/08\/GISOWATT-G-EASYSTEAM-2.jpg\",\"contentUrl\":\"https:\/\/fedemark.ee\/wp-content\/uploads\/2019\/08\/GISOWATT-G-EASYSTEAM-2.jpg\",\"width\":1568,\"height\":1624,\"caption\":\"dav\"},{\"@type\":\"BreadcrumbList\",\"@id\":\"https:\/\/fedemark.ee\/fi\/tuotteet\/polynimurit\/g-easysteam\/#breadcrumb\",\"itemListElement\":[{\"@type\":\"ListItem\",\"position\":1,\"name\":\"Home\",\"item\":\"https:\/\/fedemark.ee\/fi\/\"},{\"@type\":\"ListItem\",\"position\":2,\"name\":\"Tuotteet\",\"item\":\"https:\/\/fedemark.ee\/fi\/tuotteet\/\"},{\"@type\":\"ListItem\",\"position\":3,\"name\":\"G- Easysteam\"}]},{\"@type\":\"WebSite\",\"@id\":\"https:\/\/fedemark.ee\/#website\",\"url\":\"https:\/\/fedemark.ee\/\",\"name\":\"Fedemark\",\"description\":\"Redelid, Tellingud, T\u00f6\u00f6platvormid ja vahekorrused\",\"potentialAction\":[{\"@type\":\"SearchAction\",\"target\":{\"@type\":\"EntryPoint\",\"urlTemplate\":\"https:\/\/fedemark.ee\/?s={search_term_string}\"},\"query-input\":\"required name=search_term_string\"}],\"inLanguage\":\"fi-FI\"}]}<\/script>\n<!-- \/ Yoast SEO plugin. -->","yoast_head_json":{"title":"G- Easysteam - Fedemark","robots":{"index":"index","follow":"follow","max-snippet":"max-snippet:-1","max-image-preview":"max-image-preview:large","max-video-preview":"max-video-preview:-1"},"canonical":"https:\/\/fedemark.ee\/fi\/tuotteet\/polynimurit\/g-easysteam\/","og_locale":"fi_FI","og_type":"article","og_title":"G- Easysteam - Fedemark","og_description":"G-Easysteam  Puhdista perusteellisesti ja tehokkaasti aikaa ja rahaa s\u00e4\u00e4st\u00e4en.  G-Easysteam on nokkelin kumppani, mit\u00e4 voit ammattimaiseen puhdistusty\u00f6h\u00f6n l\u00f6yt\u00e4\u00e4. K\u00e4tev\u00e4n kokoista alipainepuhdistustoiminnolla varustettua h\u00f6yrygeneraattoria voi k\u00e4ytt\u00e4\u00e4 kaikissa paikoissa, joissa yleisen puhtauden varmistaminen on pakollista. Ennen kaikkea hotellit ja ravintolat, mutta my\u00f6s teollisuudenalat, ty\u00f6pajat, hoitolat, laboratoriot, kaupat, urheilusalot, uimalat ja muut tilat, joissa tulee v\u00e4ltt\u00e4\u00e4 kaikenlaisia vaaroja ihmisille ja el\u00e4imille, ovat t\u00e4m\u00e4n tuotteen k\u00e4ytt\u00e4ji\u00e4: kaikki paikat, joissa tarvitaan tarkkaa p\u00e4ivitt\u00e4ist\u00e4 huoltoa ja joita tavallisesti s\u00e4\u00e4telev\u00e4t ankarat m\u00e4\u00e4r\u00e4ykset. G-Easysteam helpottaa ponnistuksiasi voiteluaineen, \u00f6ljyn, tervan, nesteiden ja biologisten j\u00e4tteiden poistamisessa sek\u00e4 desinfioi kaikenlaiset pinnat, mukaan lukien sohvat, patjat, auton istuimet ja matot. Sit\u00e4 voi k\u00e4ytt\u00e4\u00e4 yll\u00e4tt\u00e4vin tuloksin kaikissa ymp\u00e4rist\u00f6iss\u00e4 \u2013 keitti\u00f6ist\u00e4 kylpyhuoneisiin. Automaattisen t\u00e4ytett\u00e4v\u00e4n ter\u00e4sboilerin ansiosta voit t\u00e4st\u00e4 l\u00e4hin heitt\u00e4\u00e4 mopit ja pyyhkeet pois ja suihkuttaa h\u00f6yry\u00e4 suoraan pinnoille (tarkastaen vahinkojen v\u00e4ltt\u00e4miseksi aina k\u00e4sittelyn sopivuus k\u00e4sitelt\u00e4v\u00e4lle materiaalille) ja puhdistaa pinnat alipaineella saavuttaen lyhemm\u00e4ss\u00e4 ajassa turvallisemman tuloksen.  Puhdistaminen ei ole koskaan ollut n\u00e4in helppoa!  &nbsp;    Tekniset tiedot     Tuotteen koodi 98700B3N   J\u00e4nnite, V~ 230   Taajuus, Hz 50   Maksimiteho, W 1200   L\u00e4mmityselementti, W 1250 + 800   L\u00e4mmitysaika 5 minuuttia   Boilerin tilavuus 1,5 litraa   Boilerin materiaali AISI 304   Maksimialipaine, mbar 180   Maksimi-ilmavirta (suunnilleen), m3\/h 190   H\u00f6yrym\u00e4\u00e4r\u00e4 150 g\/min.    &nbsp;      H\u00f6yryvirran s\u00e4\u00e4t\u00f6\u00a0 \u00a0 \u00a0 \u00a0 \u00a0 \u00a0 \u00a0 \u00a0 \u00a0 \u00a0 \u00a0 \u00a0 \u00a0 \u00a0 \u00a0 \u00a0 \u00a0 \u00a0 \u00a0 \u00a0 \u00a0 \u00a0 \u00a0 \u00a0 \u00a0 \u00a0 \u00a0 \u00a0 \u00a0 \u00a0 \u00a0 \u00a0 \u00a0 \u00a0 \u00a0 \u00a0 \u00a0 \u00a0 \u00a0 \u00a0 \u00a0 \u00a0 \u00a0 \u00a0 \u00a0 \u00a0 \u00a0 \u00a0 \u00a0 kyll\u00e4     H\u00f6yrynpaine\u00a0 \u00a0 \u00a0 \u00a0 \u00a0 \u00a0 \u00a0 \u00a0 \u00a0 \u00a0 \u00a0 \u00a0 \u00a0 \u00a0 \u00a0 \u00a0 \u00a0 \u00a0 \u00a0 \u00a0 \u00a0 \u00a0 \u00a0 \u00a0 \u00a0 \u00a0 \u00a0 \u00a0 \u00a0 \u00a0 \u00a0 \u00a0 \u00a0 \u00a0 \u00a0 \u00a0 \u00a0 \u00a0 \u00a0 \u00a0 \u00a0 \u00a0 \u00a0 \u00a0 \u00a0 \u00a0 \u00a0 \u00a0 \u00a0 \u00a0 \u00a0 \u00a0 4,5 bar  H\u00f6yrynvalmiuden merkkivalo\u00a0 \u00a0 \u00a0 \u00a0 \u00a0 \u00a0 \u00a0 \u00a0 \u00a0 \u00a0 \u00a0 \u00a0 \u00a0 \u00a0 \u00a0 \u00a0 \u00a0 \u00a0 \u00a0 \u00a0 \u00a0 \u00a0 \u00a0 \u00a0 \u00a0 \u00a0 \u00a0 \u00a0 \u00a0 \u00a0 \u00a0 \u00a0 \u00a0 \u00a0 \u00a0 \u00a0 \u00a0 \u00a0 \u00a0kyll\u00e4     Tyhj\u00e4n vesis\u00e4ili\u00f6n merkkivalo\u00a0 \u00a0 \u00a0 \u00a0 \u00a0 \u00a0 \u00a0 \u00a0 \u00a0 \u00a0 \u00a0 \u00a0 \u00a0 \u00a0 \u00a0 \u00a0 \u00a0 \u00a0 \u00a0 \u00a0 \u00a0 \u00a0 \u00a0 \u00a0 \u00a0 \u00a0 \u00a0 \u00a0 \u00a0 \u00a0 \u00a0 \u00a0 \u00a0 \u00a0 \u00a0 \u00a0 \u00a0 \u00a0 \u00a0 kyll\u00e4  H\u00f6yryn l\u00e4mp\u00f6tila boilerissa\u00a0 \u00a0 \u00a0 \u00a0 \u00a0 \u00a0 \u00a0 \u00a0 \u00a0 \u00a0 \u00a0 \u00a0 \u00a0 \u00a0 \u00a0 \u00a0 \u00a0 \u00a0 \u00a0 \u00a0 \u00a0 \u00a0 \u00a0 \u00a0 \u00a0 \u00a0 \u00a0 \u00a0 \u00a0 \u00a0 \u00a0 \u00a0 \u00a0 \u00a0 \u00a0 \u00a0 \u00a0 \u00a0 \u00a0 \u00a0 150 C  Painemittari\u00a0 \u00a0 \u00a0 \u00a0 \u00a0 \u00a0 \u00a0 \u00a0 \u00a0 \u00a0 \u00a0 \u00a0 \u00a0 \u00a0 \u00a0 \u00a0 \u00a0 \u00a0 \u00a0 \u00a0 \u00a0 \u00a0 \u00a0 \u00a0 \u00a0 \u00a0 \u00a0 \u00a0 \u00a0 \u00a0 \u00a0 \u00a0 \u00a0 \u00a0 \u00a0 \u00a0 \u00a0 \u00a0 \u00a0 \u00a0 \u00a0 \u00a0 \u00a0 \u00a0 \u00a0 \u00a0 \u00a0 \u00a0 \u00a0 \u00a0 \u00a0 \u00a0 \u00a0 \u00a0 \u00a0 kyll\u00e4  Jatkuva t\u00e4ytt\u00f6mahdollisuus\u00a0 \u00a0 \u00a0 \u00a0 \u00a0 \u00a0 \u00a0 \u00a0 \u00a0 \u00a0 \u00a0 \u00a0 \u00a0 \u00a0 \u00a0 \u00a0 \u00a0 \u00a0 \u00a0 \u00a0 \u00a0 \u00a0 \u00a0 \u00a0 \u00a0 \u00a0 \u00a0 \u00a0 \u00a0 \u00a0 \u00a0 \u00a0 \u00a0 \u00a0 \u00a0 \u00a0 \u00a0 \u00a0 \u00a0 \u00a0 \u00a0 kyll\u00e4    &nbsp;","og_url":"https:\/\/fedemark.ee\/fi\/tuotteet\/polynimurit\/g-easysteam\/","og_site_name":"Fedemark","article_modified_time":"2019-08-13T06:41:04+00:00","og_image":[{"width":1568,"height":1624,"url":"https:\/\/fedemark.ee\/wp-content\/uploads\/2019\/08\/GISOWATT-G-EASYSTEAM-2.jpg","type":"image\/jpeg"}],"twitter_card":"summary_large_image","schema":{"@context":"https:\/\/schema.org","@graph":[{"@type":"WebPage","@id":"https:\/\/fedemark.ee\/fi\/tuotteet\/polynimurit\/g-easysteam\/","url":"https:\/\/fedemark.ee\/fi\/tuotteet\/polynimurit\/g-easysteam\/","name":"G- Easysteam - Fedemark","isPartOf":{"@id":"https:\/\/fedemark.ee\/#website"},"primaryImageOfPage":{"@id":"https:\/\/fedemark.ee\/fi\/tuotteet\/polynimurit\/g-easysteam\/#primaryimage"},"image":{"@id":"https:\/\/fedemark.ee\/fi\/tuotteet\/polynimurit\/g-easysteam\/#primaryimage"},"thumbnailUrl":"https:\/\/fedemark.ee\/wp-content\/uploads\/2019\/08\/GISOWATT-G-EASYSTEAM-2.jpg","datePublished":"2019-08-09T09:09:15+00:00","dateModified":"2019-08-13T06:41:04+00:00","breadcrumb":{"@id":"https:\/\/fedemark.ee\/fi\/tuotteet\/polynimurit\/g-easysteam\/#breadcrumb"},"inLanguage":"fi-FI","potentialAction":[{"@type":"ReadAction","target":["https:\/\/fedemark.ee\/fi\/tuotteet\/polynimurit\/g-easysteam\/"]}]},{"@type":"ImageObject","inLanguage":"fi-FI","@id":"https:\/\/fedemark.ee\/fi\/tuotteet\/polynimurit\/g-easysteam\/#primaryimage","url":"https:\/\/fedemark.ee\/wp-content\/uploads\/2019\/08\/GISOWATT-G-EASYSTEAM-2.jpg","contentUrl":"https:\/\/fedemark.ee\/wp-content\/uploads\/2019\/08\/GISOWATT-G-EASYSTEAM-2.jpg","width":1568,"height":1624,"caption":"dav"},{"@type":"BreadcrumbList","@id":"https:\/\/fedemark.ee\/fi\/tuotteet\/polynimurit\/g-easysteam\/#breadcrumb","itemListElement":[{"@type":"ListItem","position":1,"name":"Home","item":"https:\/\/fedemark.ee\/fi\/"},{"@type":"ListItem","position":2,"name":"Tuotteet","item":"https:\/\/fedemark.ee\/fi\/tuotteet\/"},{"@type":"ListItem","position":3,"name":"G- Easysteam"}]},{"@type":"WebSite","@id":"https:\/\/fedemark.ee\/#website","url":"https:\/\/fedemark.ee\/","name":"Fedemark","description":"Redelid, Tellingud, T\u00f6\u00f6platvormid ja vahekorrused","potentialAction":[{"@type":"SearchAction","target":{"@type":"EntryPoint","urlTemplate":"https:\/\/fedemark.ee\/?s={search_term_string}"},"query-input":"required name=search_term_string"}],"inLanguage":"fi-FI"}]}},"_links":{"self":[{"href":"https:\/\/fedemark.ee\/fi\/wp-json\/wp\/v2\/product\/11886"}],"collection":[{"href":"https:\/\/fedemark.ee\/fi\/wp-json\/wp\/v2\/product"}],"about":[{"href":"https:\/\/fedemark.ee\/fi\/wp-json\/wp\/v2\/types\/product"}],"replies":[{"embeddable":true,"href":"https:\/\/fedemark.ee\/fi\/wp-json\/wp\/v2\/comments?post=11886"}],"version-history":[{"count":4,"href":"https:\/\/fedemark.ee\/fi\/wp-json\/wp\/v2\/product\/11886\/revisions"}],"predecessor-version":[{"id":11890,"href":"https:\/\/fedemark.ee\/fi\/wp-json\/wp\/v2\/product\/11886\/revisions\/11890"}],"wp:featuredmedia":[{"embeddable":true,"href":"https:\/\/fedemark.ee\/fi\/wp-json\/wp\/v2\/media\/11861"}],"wp:attachment":[{"href":"https:\/\/fedemark.ee\/fi\/wp-json\/wp\/v2\/media?parent=11886"}],"wp:term":[{"taxonomy":"product_cat","embeddable":true,"href":"https:\/\/fedemark.ee\/fi\/wp-json\/wp\/v2\/product_cat?post=11886"},{"taxonomy":"product_tag","embeddable":true,"href":"https:\/\/fedemark.ee\/fi\/wp-json\/wp\/v2\/product_tag?post=11886"}],"curies":[{"name":"wp","href":"https:\/\/api.w.org\/{rel}","templated":true}]}}