{"id":11927,"date":"2019-08-09T09:20:02","date_gmt":"2019-08-09T09:23:05","guid":{"rendered":"https:\/\/fedemark.ee\/?post_type=product&#038;p=11927"},"modified":"2019-08-13T06:40:58","modified_gmt":"2019-08-13T06:40:58","slug":"hydra-ii","status":"publish","type":"product","link":"https:\/\/fedemark.ee\/fi\/tuotteet\/polynimurit\/hydra-ii\/","title":{"rendered":"Hydra II"},"content":{"rendered":"","protected":false},"excerpt":{"rendered":"<p><strong>Hydra II <\/strong><\/p>\n<p>Ekologinen, taloudellinen ja tehokas p\u00f6lynimuri, joka puhdistaa vain veden voimalla. P\u00f6lypussiton, vedensuodattimella ja suurella 1200 W moottorilla varustettuna t\u00e4m\u00e4 p\u00f6lynimuri on eritt\u00e4in k\u00e4tev\u00e4 ja takaa loistavan tuloksen. Lika ja p\u00f6ly johdetaan p\u00f6lynerottimen alle. Se erottaa suuremmat hiukkaset, pienemm\u00e4t hiukkaset sen sijaan erotetaan veteen. Jokaisen puhdistussyklin j\u00e4lkeen p\u00f6lynimuri tulee huuhdella. Sit\u00e4 voi k\u00e4ytt\u00e4\u00e4 vaahtoamattomilla kemikaaleilla ja tuoksuaineilla, samoin tarvittaessa suodatinpussin ja\/tai suodatinkasetin kanssa.<\/p>\n<table width=\"100%\">\n<tbody>\n<tr>\n<td><strong>Tekniset tiedot<\/strong><\/td>\n<td><\/td>\n<\/tr>\n<tr>\n<td>Tuotteen koodi<\/td>\n<td>97001BFN<\/td>\n<\/tr>\n<tr>\n<td>J\u00e4nnite, V~<\/td>\n<td>220-240<\/td>\n<\/tr>\n<tr>\n<td>Taajuus, Hz<\/td>\n<td>50\/60<\/td>\n<\/tr>\n<tr>\n<td>Maksimiteho, W<\/td>\n<td>1200<\/td>\n<\/tr>\n<tr>\n<td>Moottorin eristysluokka<\/td>\n<td><\/td>\n<\/tr>\n<tr>\n<td>Laitteen eristysluokka<\/td>\n<td>II<\/td>\n<\/tr>\n<tr>\n<td>Nimellistilavuus, l<\/td>\n<td>20<\/td>\n<\/tr>\n<tr>\n<td>Rummun materiaali<\/td>\n<td>PP<\/td>\n<\/tr>\n<tr>\n<td>Enimm\u00e4isimupaine, mbar<\/td>\n<td>180<\/td>\n<\/tr>\n<tr>\n<td>Maksimi-ilmavirta (suunnilleen), m<sup>3<\/sup>\/h<\/td>\n<td>190<\/td>\n<\/tr>\n<tr>\n<td>Moottorin tyyppi<\/td>\n<td>Yksivaiheinen bypass<\/td>\n<\/tr>\n<\/tbody>\n<\/table>\n<p>&nbsp;<\/p>\n<table width=\"100%\">\n<tbody>\n<tr>\n<td><strong>Suodatusj\u00e4rjestelm\u00e4<\/strong><\/td>\n<\/tr>\n<tr>\n<td>Vaahtoamisen vastainen suodatin<\/td>\n<\/tr>\n<\/tbody>\n<\/table>\n<p>&nbsp;<\/p>\n<table width=\"100%\">\n<tbody>\n<tr>\n<td><strong>Lis\u00e4tarvikkeet, \u00f8 36 mm<\/strong><\/td>\n<\/tr>\n<tr>\n<td>1. Taipuisa letku py\u00f6rivin liitoksin<br \/>\n2. Kapea suutin<br \/>\n3. Teollinen lattiaharja<br \/>\n4. Teollinen nesteharja<br \/>\n5. Jatkoputket<\/td>\n<\/tr>\n<\/tbody>\n<\/table>\n<p>&nbsp;<\/p>\n","protected":false},"featured_media":11918,"comment_status":"closed","ping_status":"closed","template":"","meta":{"footnotes":""},"product_cat":[272],"product_tag":[],"yoast_head":"<!-- This site is optimized with the Yoast SEO plugin v22.6 - https:\/\/yoast.com\/wordpress\/plugins\/seo\/ -->\n<title>Hydra II - Fedemark<\/title>\n<meta name=\"robots\" content=\"index, follow, max-snippet:-1, max-image-preview:large, max-video-preview:-1\" \/>\n<link rel=\"canonical\" href=\"https:\/\/fedemark.ee\/fi\/tuotteet\/polynimurit\/hydra-ii\/\" \/>\n<meta property=\"og:locale\" content=\"fi_FI\" \/>\n<meta property=\"og:type\" content=\"article\" \/>\n<meta property=\"og:title\" content=\"Hydra II - Fedemark\" \/>\n<meta property=\"og:description\" content=\"Hydra II   Ekologinen, taloudellinen ja tehokas p\u00f6lynimuri, joka puhdistaa vain veden voimalla. P\u00f6lypussiton, vedensuodattimella ja suurella 1200 W moottorilla varustettuna t\u00e4m\u00e4 p\u00f6lynimuri on eritt\u00e4in k\u00e4tev\u00e4 ja takaa loistavan tuloksen. Lika ja p\u00f6ly johdetaan p\u00f6lynerottimen alle. Se erottaa suuremmat hiukkaset, pienemm\u00e4t hiukkaset sen sijaan erotetaan veteen. Jokaisen puhdistussyklin j\u00e4lkeen p\u00f6lynimuri tulee huuhdella. Sit\u00e4 voi k\u00e4ytt\u00e4\u00e4 vaahtoamattomilla kemikaaleilla ja tuoksuaineilla, samoin tarvittaessa suodatinpussin ja\/tai suodatinkasetin kanssa.    Tekniset tiedot    Tuotteen koodi 97001BFN   J\u00e4nnite, V~ 220-240   Taajuus, Hz 50\/60   Maksimiteho, W 1200   Moottorin eristysluokka    Laitteen eristysluokka II   Nimellistilavuus, l 20   Rummun materiaali PP   Enimm\u00e4isimupaine, mbar 180   Maksimi-ilmavirta (suunnilleen), m3\/h 190   Moottorin tyyppi Yksivaiheinen bypass    &nbsp;    Suodatusj\u00e4rjestelm\u00e4   Vaahtoamisen vastainen suodatin    &nbsp;    Lis\u00e4tarvikkeet, \u00f8 36 mm   1. Taipuisa letku py\u00f6rivin liitoksin 2. Kapea suutin 3. Teollinen lattiaharja 4. Teollinen nesteharja 5. Jatkoputket    &nbsp;\" \/>\n<meta property=\"og:url\" content=\"https:\/\/fedemark.ee\/fi\/tuotteet\/polynimurit\/hydra-ii\/\" \/>\n<meta property=\"og:site_name\" content=\"Fedemark\" \/>\n<meta property=\"article:modified_time\" content=\"2019-08-13T06:40:58+00:00\" \/>\n<meta property=\"og:image\" content=\"https:\/\/fedemark.ee\/wp-content\/uploads\/2019\/08\/PGV07531-683x1024.jpg\" \/>\n\t<meta property=\"og:image:width\" content=\"683\" \/>\n\t<meta property=\"og:image:height\" content=\"1024\" \/>\n\t<meta property=\"og:image:type\" content=\"image\/jpeg\" \/>\n<meta name=\"twitter:card\" content=\"summary_large_image\" \/>\n<script type=\"application\/ld+json\" class=\"yoast-schema-graph\">{\"@context\":\"https:\/\/schema.org\",\"@graph\":[{\"@type\":\"WebPage\",\"@id\":\"https:\/\/fedemark.ee\/fi\/tuotteet\/polynimurit\/hydra-ii\/\",\"url\":\"https:\/\/fedemark.ee\/fi\/tuotteet\/polynimurit\/hydra-ii\/\",\"name\":\"Hydra II - Fedemark\",\"isPartOf\":{\"@id\":\"https:\/\/fedemark.ee\/#website\"},\"primaryImageOfPage\":{\"@id\":\"https:\/\/fedemark.ee\/fi\/tuotteet\/polynimurit\/hydra-ii\/#primaryimage\"},\"image\":{\"@id\":\"https:\/\/fedemark.ee\/fi\/tuotteet\/polynimurit\/hydra-ii\/#primaryimage\"},\"thumbnailUrl\":\"https:\/\/fedemark.ee\/wp-content\/uploads\/2019\/08\/PGV07531.jpg\",\"datePublished\":\"2019-08-09T09:23:05+00:00\",\"dateModified\":\"2019-08-13T06:40:58+00:00\",\"breadcrumb\":{\"@id\":\"https:\/\/fedemark.ee\/fi\/tuotteet\/polynimurit\/hydra-ii\/#breadcrumb\"},\"inLanguage\":\"fi-FI\",\"potentialAction\":[{\"@type\":\"ReadAction\",\"target\":[\"https:\/\/fedemark.ee\/fi\/tuotteet\/polynimurit\/hydra-ii\/\"]}]},{\"@type\":\"ImageObject\",\"inLanguage\":\"fi-FI\",\"@id\":\"https:\/\/fedemark.ee\/fi\/tuotteet\/polynimurit\/hydra-ii\/#primaryimage\",\"url\":\"https:\/\/fedemark.ee\/wp-content\/uploads\/2019\/08\/PGV07531.jpg\",\"contentUrl\":\"https:\/\/fedemark.ee\/wp-content\/uploads\/2019\/08\/PGV07531.jpg\",\"width\":4000,\"height\":6000},{\"@type\":\"BreadcrumbList\",\"@id\":\"https:\/\/fedemark.ee\/fi\/tuotteet\/polynimurit\/hydra-ii\/#breadcrumb\",\"itemListElement\":[{\"@type\":\"ListItem\",\"position\":1,\"name\":\"Home\",\"item\":\"https:\/\/fedemark.ee\/fi\/\"},{\"@type\":\"ListItem\",\"position\":2,\"name\":\"Tuotteet\",\"item\":\"https:\/\/fedemark.ee\/fi\/tuotteet\/\"},{\"@type\":\"ListItem\",\"position\":3,\"name\":\"Hydra II\"}]},{\"@type\":\"WebSite\",\"@id\":\"https:\/\/fedemark.ee\/#website\",\"url\":\"https:\/\/fedemark.ee\/\",\"name\":\"Fedemark\",\"description\":\"Redelid, Tellingud, T\u00f6\u00f6platvormid ja vahekorrused\",\"potentialAction\":[{\"@type\":\"SearchAction\",\"target\":{\"@type\":\"EntryPoint\",\"urlTemplate\":\"https:\/\/fedemark.ee\/?s={search_term_string}\"},\"query-input\":\"required name=search_term_string\"}],\"inLanguage\":\"fi-FI\"}]}<\/script>\n<!-- \/ Yoast SEO plugin. -->","yoast_head_json":{"title":"Hydra II - Fedemark","robots":{"index":"index","follow":"follow","max-snippet":"max-snippet:-1","max-image-preview":"max-image-preview:large","max-video-preview":"max-video-preview:-1"},"canonical":"https:\/\/fedemark.ee\/fi\/tuotteet\/polynimurit\/hydra-ii\/","og_locale":"fi_FI","og_type":"article","og_title":"Hydra II - Fedemark","og_description":"Hydra II   Ekologinen, taloudellinen ja tehokas p\u00f6lynimuri, joka puhdistaa vain veden voimalla. P\u00f6lypussiton, vedensuodattimella ja suurella 1200 W moottorilla varustettuna t\u00e4m\u00e4 p\u00f6lynimuri on eritt\u00e4in k\u00e4tev\u00e4 ja takaa loistavan tuloksen. Lika ja p\u00f6ly johdetaan p\u00f6lynerottimen alle. Se erottaa suuremmat hiukkaset, pienemm\u00e4t hiukkaset sen sijaan erotetaan veteen. Jokaisen puhdistussyklin j\u00e4lkeen p\u00f6lynimuri tulee huuhdella. Sit\u00e4 voi k\u00e4ytt\u00e4\u00e4 vaahtoamattomilla kemikaaleilla ja tuoksuaineilla, samoin tarvittaessa suodatinpussin ja\/tai suodatinkasetin kanssa.    Tekniset tiedot    Tuotteen koodi 97001BFN   J\u00e4nnite, V~ 220-240   Taajuus, Hz 50\/60   Maksimiteho, W 1200   Moottorin eristysluokka    Laitteen eristysluokka II   Nimellistilavuus, l 20   Rummun materiaali PP   Enimm\u00e4isimupaine, mbar 180   Maksimi-ilmavirta (suunnilleen), m3\/h 190   Moottorin tyyppi Yksivaiheinen bypass    &nbsp;    Suodatusj\u00e4rjestelm\u00e4   Vaahtoamisen vastainen suodatin    &nbsp;    Lis\u00e4tarvikkeet, \u00f8 36 mm   1. Taipuisa letku py\u00f6rivin liitoksin 2. Kapea suutin 3. Teollinen lattiaharja 4. Teollinen nesteharja 5. Jatkoputket    &nbsp;","og_url":"https:\/\/fedemark.ee\/fi\/tuotteet\/polynimurit\/hydra-ii\/","og_site_name":"Fedemark","article_modified_time":"2019-08-13T06:40:58+00:00","og_image":[{"width":683,"height":1024,"url":"https:\/\/fedemark.ee\/wp-content\/uploads\/2019\/08\/PGV07531-683x1024.jpg","type":"image\/jpeg"}],"twitter_card":"summary_large_image","schema":{"@context":"https:\/\/schema.org","@graph":[{"@type":"WebPage","@id":"https:\/\/fedemark.ee\/fi\/tuotteet\/polynimurit\/hydra-ii\/","url":"https:\/\/fedemark.ee\/fi\/tuotteet\/polynimurit\/hydra-ii\/","name":"Hydra II - Fedemark","isPartOf":{"@id":"https:\/\/fedemark.ee\/#website"},"primaryImageOfPage":{"@id":"https:\/\/fedemark.ee\/fi\/tuotteet\/polynimurit\/hydra-ii\/#primaryimage"},"image":{"@id":"https:\/\/fedemark.ee\/fi\/tuotteet\/polynimurit\/hydra-ii\/#primaryimage"},"thumbnailUrl":"https:\/\/fedemark.ee\/wp-content\/uploads\/2019\/08\/PGV07531.jpg","datePublished":"2019-08-09T09:23:05+00:00","dateModified":"2019-08-13T06:40:58+00:00","breadcrumb":{"@id":"https:\/\/fedemark.ee\/fi\/tuotteet\/polynimurit\/hydra-ii\/#breadcrumb"},"inLanguage":"fi-FI","potentialAction":[{"@type":"ReadAction","target":["https:\/\/fedemark.ee\/fi\/tuotteet\/polynimurit\/hydra-ii\/"]}]},{"@type":"ImageObject","inLanguage":"fi-FI","@id":"https:\/\/fedemark.ee\/fi\/tuotteet\/polynimurit\/hydra-ii\/#primaryimage","url":"https:\/\/fedemark.ee\/wp-content\/uploads\/2019\/08\/PGV07531.jpg","contentUrl":"https:\/\/fedemark.ee\/wp-content\/uploads\/2019\/08\/PGV07531.jpg","width":4000,"height":6000},{"@type":"BreadcrumbList","@id":"https:\/\/fedemark.ee\/fi\/tuotteet\/polynimurit\/hydra-ii\/#breadcrumb","itemListElement":[{"@type":"ListItem","position":1,"name":"Home","item":"https:\/\/fedemark.ee\/fi\/"},{"@type":"ListItem","position":2,"name":"Tuotteet","item":"https:\/\/fedemark.ee\/fi\/tuotteet\/"},{"@type":"ListItem","position":3,"name":"Hydra II"}]},{"@type":"WebSite","@id":"https:\/\/fedemark.ee\/#website","url":"https:\/\/fedemark.ee\/","name":"Fedemark","description":"Redelid, Tellingud, T\u00f6\u00f6platvormid ja vahekorrused","potentialAction":[{"@type":"SearchAction","target":{"@type":"EntryPoint","urlTemplate":"https:\/\/fedemark.ee\/?s={search_term_string}"},"query-input":"required name=search_term_string"}],"inLanguage":"fi-FI"}]}},"_links":{"self":[{"href":"https:\/\/fedemark.ee\/fi\/wp-json\/wp\/v2\/product\/11927"}],"collection":[{"href":"https:\/\/fedemark.ee\/fi\/wp-json\/wp\/v2\/product"}],"about":[{"href":"https:\/\/fedemark.ee\/fi\/wp-json\/wp\/v2\/types\/product"}],"replies":[{"embeddable":true,"href":"https:\/\/fedemark.ee\/fi\/wp-json\/wp\/v2\/comments?post=11927"}],"version-history":[{"count":1,"href":"https:\/\/fedemark.ee\/fi\/wp-json\/wp\/v2\/product\/11927\/revisions"}],"predecessor-version":[{"id":11928,"href":"https:\/\/fedemark.ee\/fi\/wp-json\/wp\/v2\/product\/11927\/revisions\/11928"}],"wp:featuredmedia":[{"embeddable":true,"href":"https:\/\/fedemark.ee\/fi\/wp-json\/wp\/v2\/media\/11918"}],"wp:attachment":[{"href":"https:\/\/fedemark.ee\/fi\/wp-json\/wp\/v2\/media?parent=11927"}],"wp:term":[{"taxonomy":"product_cat","embeddable":true,"href":"https:\/\/fedemark.ee\/fi\/wp-json\/wp\/v2\/product_cat?post=11927"},{"taxonomy":"product_tag","embeddable":true,"href":"https:\/\/fedemark.ee\/fi\/wp-json\/wp\/v2\/product_tag?post=11927"}],"curies":[{"name":"wp","href":"https:\/\/api.w.org\/{rel}","templated":true}]}}