{"id":11967,"date":"2019-08-09T09:29:35","date_gmt":"2019-08-09T09:30:35","guid":{"rendered":"https:\/\/fedemark.ee\/?post_type=product&#038;p=11967"},"modified":"2019-08-13T06:40:52","modified_gmt":"2019-08-13T06:40:52","slug":"pc-20-tools","status":"publish","type":"product","link":"https:\/\/fedemark.ee\/fi\/tuotteet\/polynimurit\/pc-20-tools\/","title":{"rendered":"PC 20 Tools"},"content":{"rendered":"","protected":false},"excerpt":{"rendered":"<p><strong>PC 20 TOOLS<\/strong><\/p>\n<p>Eritt\u00e4in monipuolinen ja monitoiminen m\u00e4rk\u00e4-\/kuivaimuri.<br \/>\nT\u00e4m\u00e4n voi kiinnitt\u00e4\u00e4 suoraan p\u00f6lynker\u00e4yslaitteiseen s\u00e4hk\u00f6ty\u00f6v\u00e4lineeseen k\u00e4ytt\u00e4m\u00e4ll\u00e4 s\u00e4hk\u00f6isesti ohjattavaa pes\u00e4\u00e4. Laite siivoaa kaikenlaisen ty\u00f6st\u00f6roskan ja takaa sen, ett\u00e4 ty\u00f6t\u00e4 voi tehd\u00e4 n\u00e4kyvyyden, terveyden, j\u00e4rjestyksen ja puhtauden kannalta parhaissa olosuhteissa.<br \/>\nTodella v\u00e4ltt\u00e4m\u00e4t\u00f6n laite mekaanikoille, puusepille, autonrunkomekaanikoille, s\u00e4hk\u00f6miehille ja rakennusalan ammattilaisille.<br \/>\nPP-rummun tilavuus 20 litraa<\/p>\n<table width=\"100%\">\n<tbody>\n<tr>\n<td><strong>Tekniset tiedot<\/strong><\/td>\n<td><\/td>\n<\/tr>\n<tr>\n<td>Tuotteen koodi<\/td>\n<td>99 014BDG<\/td>\n<\/tr>\n<tr>\n<td>J\u00e4nnite, V~<\/td>\n<td>220-240<\/td>\n<\/tr>\n<tr>\n<td>Taajuus, Hz<\/td>\n<td>50\/60<\/td>\n<\/tr>\n<tr>\n<td>IEC-teho, g W<\/td>\n<td>1000<\/td>\n<\/tr>\n<tr>\n<td>Maksimiteho, W<\/td>\n<td>1100<\/td>\n<\/tr>\n<tr>\n<td>Moottorin eristysluokka<\/td>\n<td><\/td>\n<\/tr>\n<tr>\n<td>Laitteen eristysluokka<\/td>\n<td>I<\/td>\n<\/tr>\n<tr>\n<td>Teho s\u00e4hk\u00f6ty\u00f6v\u00e4lineen pistokkeessa, W<\/td>\n<td>1350<\/td>\n<\/tr>\n<tr>\n<td>Automaattilaite imutoiminnon pident\u00e4miseen, t\/sek.<\/td>\n<td>8 \u00f7 10<\/td>\n<\/tr>\n<tr>\n<td>Suunniteltu tilavuus, l<\/td>\n<td>20<\/td>\n<\/tr>\n<tr>\n<td>Rummun materiaali<\/td>\n<td>PP<\/td>\n<\/tr>\n<tr>\n<td>Maksimialipaine, mbar<\/td>\n<td>220<\/td>\n<\/tr>\n<tr>\n<td>Maksimi-ilmavirta (suunnilleen), m<sup>3<\/sup>\/h<\/td>\n<td>200<\/td>\n<\/tr>\n<tr>\n<td>Moottorin tyyppi<\/td>\n<td>Kaksiasteinen bypass<\/td>\n<\/tr>\n<\/tbody>\n<\/table>\n<p>&nbsp;<\/p>\n<table width=\"100%\">\n<tbody>\n<tr>\n<td><strong>Suodatusj\u00e4rjestelm\u00e4<\/strong><\/td>\n<\/tr>\n<tr>\n<td>Kasettisuodatin, IFA \u201eM\u201d kat.<\/td>\n<\/tr>\n<tr>\n<td>Paperipussi<\/td>\n<\/tr>\n<tr>\n<td>S\u00e4hk\u00f6staattiset j\u00e4lkisuodattimet poistuvalle ilmalle<\/td>\n<\/tr>\n<tr>\n<td>Vaahtoamisen vastainen suodatin<\/td>\n<\/tr>\n<\/tbody>\n<\/table>\n<p>&nbsp;<\/p>\n<table width=\"100%\">\n<tbody>\n<tr>\n<td><strong>Lis\u00e4tarvikkeet, \u00f8 36 mm<\/strong><\/td>\n<\/tr>\n<tr>\n<td>1. K\u00e4\u00e4ntyv\u00e4 suutin, jossa ergonominen k\u00e4densija<br \/>\n2. Universaalilla adapteriliitoksella varustettu py\u00f6riv\u00e4 letku s\u00e4hk\u00f6ty\u00f6v\u00e4lineille<br \/>\n3. Lukitusrengas s\u00e4hk\u00f6ty\u00f6v\u00e4lineen johdolle<br \/>\n4. A.I.S.I. 304 ruostumattomasta ter\u00e4ksest\u00e4 valmistetut jatkoputket<br \/>\n5. Kapea suutin<br \/>\n6. Pehmustesuutin<br \/>\n7. P\u00f6lyharja<br \/>\n8. Yhdistelm\u00e4harja lattioille \/ matoille<br \/>\n9. Yhdistelm\u00e4harjan pidin<br \/>\n10. M\u00e4rk\u00e4puhdistussuutin<\/td>\n<\/tr>\n<\/tbody>\n<\/table>\n<p>&nbsp;<\/p>\n","protected":false},"featured_media":11954,"comment_status":"closed","ping_status":"closed","template":"","meta":{"footnotes":""},"product_cat":[272],"product_tag":[],"yoast_head":"<!-- This site is optimized with the Yoast SEO plugin v22.6 - https:\/\/yoast.com\/wordpress\/plugins\/seo\/ -->\n<title>PC 20 Tools - Fedemark<\/title>\n<meta name=\"robots\" content=\"index, follow, max-snippet:-1, max-image-preview:large, max-video-preview:-1\" \/>\n<link rel=\"canonical\" href=\"https:\/\/fedemark.ee\/fi\/tuotteet\/polynimurit\/pc-20-tools\/\" \/>\n<meta property=\"og:locale\" content=\"fi_FI\" \/>\n<meta property=\"og:type\" content=\"article\" \/>\n<meta property=\"og:title\" content=\"PC 20 Tools - Fedemark\" \/>\n<meta property=\"og:description\" content=\"PC 20 TOOLS  Eritt\u00e4in monipuolinen ja monitoiminen m\u00e4rk\u00e4-\/kuivaimuri. T\u00e4m\u00e4n voi kiinnitt\u00e4\u00e4 suoraan p\u00f6lynker\u00e4yslaitteiseen s\u00e4hk\u00f6ty\u00f6v\u00e4lineeseen k\u00e4ytt\u00e4m\u00e4ll\u00e4 s\u00e4hk\u00f6isesti ohjattavaa pes\u00e4\u00e4. Laite siivoaa kaikenlaisen ty\u00f6st\u00f6roskan ja takaa sen, ett\u00e4 ty\u00f6t\u00e4 voi tehd\u00e4 n\u00e4kyvyyden, terveyden, j\u00e4rjestyksen ja puhtauden kannalta parhaissa olosuhteissa. Todella v\u00e4ltt\u00e4m\u00e4t\u00f6n laite mekaanikoille, puusepille, autonrunkomekaanikoille, s\u00e4hk\u00f6miehille ja rakennusalan ammattilaisille. PP-rummun tilavuus 20 litraa    Tekniset tiedot    Tuotteen koodi 99 014BDG   J\u00e4nnite, V~ 220-240   Taajuus, Hz 50\/60   IEC-teho, g W 1000   Maksimiteho, W 1100   Moottorin eristysluokka    Laitteen eristysluokka I   Teho s\u00e4hk\u00f6ty\u00f6v\u00e4lineen pistokkeessa, W 1350   Automaattilaite imutoiminnon pident\u00e4miseen, t\/sek. 8 \u00f7 10   Suunniteltu tilavuus, l 20   Rummun materiaali PP   Maksimialipaine, mbar 220   Maksimi-ilmavirta (suunnilleen), m3\/h 200   Moottorin tyyppi Kaksiasteinen bypass    &nbsp;    Suodatusj\u00e4rjestelm\u00e4   Kasettisuodatin, IFA \u201eM\u201d kat.   Paperipussi   S\u00e4hk\u00f6staattiset j\u00e4lkisuodattimet poistuvalle ilmalle   Vaahtoamisen vastainen suodatin    &nbsp;    Lis\u00e4tarvikkeet, \u00f8 36 mm   1. K\u00e4\u00e4ntyv\u00e4 suutin, jossa ergonominen k\u00e4densija 2. Universaalilla adapteriliitoksella varustettu py\u00f6riv\u00e4 letku s\u00e4hk\u00f6ty\u00f6v\u00e4lineille 3. Lukitusrengas s\u00e4hk\u00f6ty\u00f6v\u00e4lineen johdolle 4. A.I.S.I. 304 ruostumattomasta ter\u00e4ksest\u00e4 valmistetut jatkoputket 5. Kapea suutin 6. Pehmustesuutin 7. P\u00f6lyharja 8. Yhdistelm\u00e4harja lattioille \/ matoille 9. Yhdistelm\u00e4harjan pidin 10. M\u00e4rk\u00e4puhdistussuutin    &nbsp;\" \/>\n<meta property=\"og:url\" content=\"https:\/\/fedemark.ee\/fi\/tuotteet\/polynimurit\/pc-20-tools\/\" \/>\n<meta property=\"og:site_name\" content=\"Fedemark\" \/>\n<meta property=\"article:modified_time\" content=\"2019-08-13T06:40:52+00:00\" \/>\n<meta property=\"og:image\" content=\"https:\/\/fedemark.ee\/wp-content\/uploads\/2019\/08\/PGV07456-683x1024.jpg\" \/>\n\t<meta property=\"og:image:width\" content=\"683\" \/>\n\t<meta property=\"og:image:height\" content=\"1024\" \/>\n\t<meta property=\"og:image:type\" content=\"image\/jpeg\" \/>\n<meta name=\"twitter:card\" content=\"summary_large_image\" \/>\n<script type=\"application\/ld+json\" class=\"yoast-schema-graph\">{\"@context\":\"https:\/\/schema.org\",\"@graph\":[{\"@type\":\"WebPage\",\"@id\":\"https:\/\/fedemark.ee\/fi\/tuotteet\/polynimurit\/pc-20-tools\/\",\"url\":\"https:\/\/fedemark.ee\/fi\/tuotteet\/polynimurit\/pc-20-tools\/\",\"name\":\"PC 20 Tools - Fedemark\",\"isPartOf\":{\"@id\":\"https:\/\/fedemark.ee\/#website\"},\"primaryImageOfPage\":{\"@id\":\"https:\/\/fedemark.ee\/fi\/tuotteet\/polynimurit\/pc-20-tools\/#primaryimage\"},\"image\":{\"@id\":\"https:\/\/fedemark.ee\/fi\/tuotteet\/polynimurit\/pc-20-tools\/#primaryimage\"},\"thumbnailUrl\":\"https:\/\/fedemark.ee\/wp-content\/uploads\/2019\/08\/PGV07456.jpg\",\"datePublished\":\"2019-08-09T09:30:35+00:00\",\"dateModified\":\"2019-08-13T06:40:52+00:00\",\"breadcrumb\":{\"@id\":\"https:\/\/fedemark.ee\/fi\/tuotteet\/polynimurit\/pc-20-tools\/#breadcrumb\"},\"inLanguage\":\"fi-FI\",\"potentialAction\":[{\"@type\":\"ReadAction\",\"target\":[\"https:\/\/fedemark.ee\/fi\/tuotteet\/polynimurit\/pc-20-tools\/\"]}]},{\"@type\":\"ImageObject\",\"inLanguage\":\"fi-FI\",\"@id\":\"https:\/\/fedemark.ee\/fi\/tuotteet\/polynimurit\/pc-20-tools\/#primaryimage\",\"url\":\"https:\/\/fedemark.ee\/wp-content\/uploads\/2019\/08\/PGV07456.jpg\",\"contentUrl\":\"https:\/\/fedemark.ee\/wp-content\/uploads\/2019\/08\/PGV07456.jpg\",\"width\":4000,\"height\":6000},{\"@type\":\"BreadcrumbList\",\"@id\":\"https:\/\/fedemark.ee\/fi\/tuotteet\/polynimurit\/pc-20-tools\/#breadcrumb\",\"itemListElement\":[{\"@type\":\"ListItem\",\"position\":1,\"name\":\"Home\",\"item\":\"https:\/\/fedemark.ee\/fi\/\"},{\"@type\":\"ListItem\",\"position\":2,\"name\":\"Tuotteet\",\"item\":\"https:\/\/fedemark.ee\/fi\/tuotteet\/\"},{\"@type\":\"ListItem\",\"position\":3,\"name\":\"PC 20 Tools\"}]},{\"@type\":\"WebSite\",\"@id\":\"https:\/\/fedemark.ee\/#website\",\"url\":\"https:\/\/fedemark.ee\/\",\"name\":\"Fedemark\",\"description\":\"Redelid, Tellingud, T\u00f6\u00f6platvormid ja vahekorrused\",\"potentialAction\":[{\"@type\":\"SearchAction\",\"target\":{\"@type\":\"EntryPoint\",\"urlTemplate\":\"https:\/\/fedemark.ee\/?s={search_term_string}\"},\"query-input\":\"required name=search_term_string\"}],\"inLanguage\":\"fi-FI\"}]}<\/script>\n<!-- \/ Yoast SEO plugin. -->","yoast_head_json":{"title":"PC 20 Tools - Fedemark","robots":{"index":"index","follow":"follow","max-snippet":"max-snippet:-1","max-image-preview":"max-image-preview:large","max-video-preview":"max-video-preview:-1"},"canonical":"https:\/\/fedemark.ee\/fi\/tuotteet\/polynimurit\/pc-20-tools\/","og_locale":"fi_FI","og_type":"article","og_title":"PC 20 Tools - Fedemark","og_description":"PC 20 TOOLS  Eritt\u00e4in monipuolinen ja monitoiminen m\u00e4rk\u00e4-\/kuivaimuri. T\u00e4m\u00e4n voi kiinnitt\u00e4\u00e4 suoraan p\u00f6lynker\u00e4yslaitteiseen s\u00e4hk\u00f6ty\u00f6v\u00e4lineeseen k\u00e4ytt\u00e4m\u00e4ll\u00e4 s\u00e4hk\u00f6isesti ohjattavaa pes\u00e4\u00e4. Laite siivoaa kaikenlaisen ty\u00f6st\u00f6roskan ja takaa sen, ett\u00e4 ty\u00f6t\u00e4 voi tehd\u00e4 n\u00e4kyvyyden, terveyden, j\u00e4rjestyksen ja puhtauden kannalta parhaissa olosuhteissa. Todella v\u00e4ltt\u00e4m\u00e4t\u00f6n laite mekaanikoille, puusepille, autonrunkomekaanikoille, s\u00e4hk\u00f6miehille ja rakennusalan ammattilaisille. PP-rummun tilavuus 20 litraa    Tekniset tiedot    Tuotteen koodi 99 014BDG   J\u00e4nnite, V~ 220-240   Taajuus, Hz 50\/60   IEC-teho, g W 1000   Maksimiteho, W 1100   Moottorin eristysluokka    Laitteen eristysluokka I   Teho s\u00e4hk\u00f6ty\u00f6v\u00e4lineen pistokkeessa, W 1350   Automaattilaite imutoiminnon pident\u00e4miseen, t\/sek. 8 \u00f7 10   Suunniteltu tilavuus, l 20   Rummun materiaali PP   Maksimialipaine, mbar 220   Maksimi-ilmavirta (suunnilleen), m3\/h 200   Moottorin tyyppi Kaksiasteinen bypass    &nbsp;    Suodatusj\u00e4rjestelm\u00e4   Kasettisuodatin, IFA \u201eM\u201d kat.   Paperipussi   S\u00e4hk\u00f6staattiset j\u00e4lkisuodattimet poistuvalle ilmalle   Vaahtoamisen vastainen suodatin    &nbsp;    Lis\u00e4tarvikkeet, \u00f8 36 mm   1. K\u00e4\u00e4ntyv\u00e4 suutin, jossa ergonominen k\u00e4densija 2. Universaalilla adapteriliitoksella varustettu py\u00f6riv\u00e4 letku s\u00e4hk\u00f6ty\u00f6v\u00e4lineille 3. Lukitusrengas s\u00e4hk\u00f6ty\u00f6v\u00e4lineen johdolle 4. A.I.S.I. 304 ruostumattomasta ter\u00e4ksest\u00e4 valmistetut jatkoputket 5. Kapea suutin 6. Pehmustesuutin 7. P\u00f6lyharja 8. Yhdistelm\u00e4harja lattioille \/ matoille 9. Yhdistelm\u00e4harjan pidin 10. M\u00e4rk\u00e4puhdistussuutin    &nbsp;","og_url":"https:\/\/fedemark.ee\/fi\/tuotteet\/polynimurit\/pc-20-tools\/","og_site_name":"Fedemark","article_modified_time":"2019-08-13T06:40:52+00:00","og_image":[{"width":683,"height":1024,"url":"https:\/\/fedemark.ee\/wp-content\/uploads\/2019\/08\/PGV07456-683x1024.jpg","type":"image\/jpeg"}],"twitter_card":"summary_large_image","schema":{"@context":"https:\/\/schema.org","@graph":[{"@type":"WebPage","@id":"https:\/\/fedemark.ee\/fi\/tuotteet\/polynimurit\/pc-20-tools\/","url":"https:\/\/fedemark.ee\/fi\/tuotteet\/polynimurit\/pc-20-tools\/","name":"PC 20 Tools - Fedemark","isPartOf":{"@id":"https:\/\/fedemark.ee\/#website"},"primaryImageOfPage":{"@id":"https:\/\/fedemark.ee\/fi\/tuotteet\/polynimurit\/pc-20-tools\/#primaryimage"},"image":{"@id":"https:\/\/fedemark.ee\/fi\/tuotteet\/polynimurit\/pc-20-tools\/#primaryimage"},"thumbnailUrl":"https:\/\/fedemark.ee\/wp-content\/uploads\/2019\/08\/PGV07456.jpg","datePublished":"2019-08-09T09:30:35+00:00","dateModified":"2019-08-13T06:40:52+00:00","breadcrumb":{"@id":"https:\/\/fedemark.ee\/fi\/tuotteet\/polynimurit\/pc-20-tools\/#breadcrumb"},"inLanguage":"fi-FI","potentialAction":[{"@type":"ReadAction","target":["https:\/\/fedemark.ee\/fi\/tuotteet\/polynimurit\/pc-20-tools\/"]}]},{"@type":"ImageObject","inLanguage":"fi-FI","@id":"https:\/\/fedemark.ee\/fi\/tuotteet\/polynimurit\/pc-20-tools\/#primaryimage","url":"https:\/\/fedemark.ee\/wp-content\/uploads\/2019\/08\/PGV07456.jpg","contentUrl":"https:\/\/fedemark.ee\/wp-content\/uploads\/2019\/08\/PGV07456.jpg","width":4000,"height":6000},{"@type":"BreadcrumbList","@id":"https:\/\/fedemark.ee\/fi\/tuotteet\/polynimurit\/pc-20-tools\/#breadcrumb","itemListElement":[{"@type":"ListItem","position":1,"name":"Home","item":"https:\/\/fedemark.ee\/fi\/"},{"@type":"ListItem","position":2,"name":"Tuotteet","item":"https:\/\/fedemark.ee\/fi\/tuotteet\/"},{"@type":"ListItem","position":3,"name":"PC 20 Tools"}]},{"@type":"WebSite","@id":"https:\/\/fedemark.ee\/#website","url":"https:\/\/fedemark.ee\/","name":"Fedemark","description":"Redelid, Tellingud, T\u00f6\u00f6platvormid ja vahekorrused","potentialAction":[{"@type":"SearchAction","target":{"@type":"EntryPoint","urlTemplate":"https:\/\/fedemark.ee\/?s={search_term_string}"},"query-input":"required name=search_term_string"}],"inLanguage":"fi-FI"}]}},"_links":{"self":[{"href":"https:\/\/fedemark.ee\/fi\/wp-json\/wp\/v2\/product\/11967"}],"collection":[{"href":"https:\/\/fedemark.ee\/fi\/wp-json\/wp\/v2\/product"}],"about":[{"href":"https:\/\/fedemark.ee\/fi\/wp-json\/wp\/v2\/types\/product"}],"replies":[{"embeddable":true,"href":"https:\/\/fedemark.ee\/fi\/wp-json\/wp\/v2\/comments?post=11967"}],"version-history":[{"count":1,"href":"https:\/\/fedemark.ee\/fi\/wp-json\/wp\/v2\/product\/11967\/revisions"}],"predecessor-version":[{"id":11968,"href":"https:\/\/fedemark.ee\/fi\/wp-json\/wp\/v2\/product\/11967\/revisions\/11968"}],"wp:featuredmedia":[{"embeddable":true,"href":"https:\/\/fedemark.ee\/fi\/wp-json\/wp\/v2\/media\/11954"}],"wp:attachment":[{"href":"https:\/\/fedemark.ee\/fi\/wp-json\/wp\/v2\/media?parent=11967"}],"wp:term":[{"taxonomy":"product_cat","embeddable":true,"href":"https:\/\/fedemark.ee\/fi\/wp-json\/wp\/v2\/product_cat?post=11967"},{"taxonomy":"product_tag","embeddable":true,"href":"https:\/\/fedemark.ee\/fi\/wp-json\/wp\/v2\/product_tag?post=11967"}],"curies":[{"name":"wp","href":"https:\/\/api.w.org\/{rel}","templated":true}]}}