{"id":12008,"date":"2019-08-09T09:36:50","date_gmt":"2019-08-09T09:38:26","guid":{"rendered":"https:\/\/fedemark.ee\/?post_type=product&#038;p=12008"},"modified":"2019-08-13T06:40:31","modified_gmt":"2019-08-13T06:40:31","slug":"pc-35-tools-autoclean-h","status":"publish","type":"product","link":"https:\/\/fedemark.ee\/fi\/tuotteet\/polynimurit\/pc-35-tools-autoclean-h\/","title":{"rendered":"PC 35 Tools Autoclean H"},"content":{"rendered":"","protected":false},"excerpt":{"rendered":"<p><strong>PC35 Tools Autoclean H<\/strong><\/p>\n<p>Tehokas p\u00f6lynimuri, H-luokan sertifikaatti EU-standardin 60335 mukaan, tehokas bypass-moottori ja s\u00e4hk\u00f6ty\u00f6v\u00e4lineiden liit\u00e4nt\u00e4. Poistaa kaikkein hienoimman karsinogeenisen ja patogeenisen p\u00f6lyn, jota tuotantoprosessin aikana syntyy, ja tekee vapauttaa ymp\u00e4rist\u00f6n j\u00e4\u00e4nteist\u00e4 ja leijumasta. K\u00e4ytt\u00e4\u00e4 saavat vain asianmukaisen koulutuksen saaneet henkil\u00f6t ja lian j\u00e4tteenk\u00e4sittelyn tulee tapahtua voimassa olevan lains\u00e4\u00e4d\u00e4nn\u00f6n mukaan. Helppo s\u00e4hk\u00f6liit\u00e4nt\u00e4 s\u00e4hk\u00f6isesti ohjattavan pistokkeen kautta mahdollistaa kahden liitetyn laitteen reagoida yhteen k\u00e4skyyn t\u00e4ydellisess\u00e4 sopusoinnussa. Puhdistustapahtuman aikana AUTOCLEAN-toiminto ravistaa suodatinta joka 50 sekunnin v\u00e4lein ja ty\u00f6n p\u00e4\u00e4tytty\u00e4 noin 8-10 sekuntia, jotta suodatin puhdistuu kunnolla. Tehokkaana, kompaktina ja muotoilultaan innovatiivisena PC 35 takaa huomattavan ajan s\u00e4\u00e4st\u00f6n.<\/p>\n<table width=\"100%\">\n<tbody>\n<tr>\n<td><strong>Tekniset tiedot<\/strong><\/td>\n<td><\/td>\n<\/tr>\n<tr>\n<td>Tuotteen koodi<\/td>\n<td>99\u00a0730B8G<\/td>\n<\/tr>\n<tr>\n<td>J\u00e4nnite, V~<\/td>\n<td>220-240<\/td>\n<\/tr>\n<tr>\n<td>Taajuus, Hz<\/td>\n<td>50\/60<\/td>\n<\/tr>\n<tr>\n<td>Maksimiteho, W<\/td>\n<td>1200<\/td>\n<\/tr>\n<tr>\n<td>Moottorin eristysluokka<\/td>\n<td><\/td>\n<\/tr>\n<tr>\n<td>Laitteen eristysluokka<\/td>\n<td>I<\/td>\n<\/tr>\n<tr>\n<td>Teho s\u00e4hk\u00f6ty\u00f6v\u00e4lineen pistokkeessa, W<\/td>\n<td>2000<\/td>\n<\/tr>\n<tr>\n<td>Suunniteltu tilavuus, l<\/td>\n<td>35<\/td>\n<\/tr>\n<tr>\n<td>Rummun materiaali<\/td>\n<td>PE-HD<\/td>\n<\/tr>\n<tr>\n<td>Maksimialipaine, mbar<\/td>\n<td>220<\/td>\n<\/tr>\n<tr>\n<td>Maksimi-ilmavirta (suunnilleen), m<sup>3<\/sup>\/h<\/td>\n<td>210<\/td>\n<\/tr>\n<tr>\n<td>Moottorin tyyppi<\/td>\n<td>Kaksiasteinen bypass<\/td>\n<\/tr>\n<\/tbody>\n<\/table>\n<p>&nbsp;<\/p>\n<table width=\"100%\">\n<tbody>\n<tr>\n<td><strong>Suodatusj\u00e4rjestelm\u00e4<\/strong><\/td>\n<\/tr>\n<tr>\n<td>Kasettisuodatin, H-luokka.<\/td>\n<\/tr>\n<tr>\n<td>PP-esisuodatin (lis\u00e4tarvike)<\/td>\n<\/tr>\n<tr>\n<td>Vaahtoamisen vastainen suodatin<\/td>\n<\/tr>\n<tr>\n<td>Pest\u00e4v\u00e4 monikertak\u00e4ytt\u00f6inen kangaspussi (lis\u00e4varuste)<\/td>\n<\/tr>\n<\/tbody>\n<\/table>\n<p>&nbsp;<\/p>\n<table width=\"100%\">\n<tbody>\n<tr>\n<td><strong>Lis\u00e4tarvikkeet, \u00f8 45 mm<\/strong><\/td>\n<\/tr>\n<tr>\n<td>1. Universaalilla adapteriliitoksella varustettu py\u00f6riv\u00e4 letku s\u00e4hk\u00f6ty\u00f6v\u00e4lineille<br \/>\n2. K\u00e4\u00e4ntyv\u00e4liitoksinen taipuva letku<br \/>\n3. P\u00f6lyharja<br \/>\n4. Kapea suutin<br \/>\n5. Lukitusrengas s\u00e4hk\u00f6ty\u00f6v\u00e4lineen johdolle<br \/>\n7. Kromatut ter\u00e4ksiset kaarevat jatkoputket<br \/>\n7. Teollinen mattojen puhdistusharja<br \/>\n8. Teollinen lattioiden puhdistusharja<br \/>\n9. Teollinen nesteiden puhdistusharja<\/td>\n<\/tr>\n<\/tbody>\n<\/table>\n<p>&nbsp;<\/p>\n","protected":false},"featured_media":11974,"comment_status":"closed","ping_status":"closed","template":"","meta":{"footnotes":""},"product_cat":[272],"product_tag":[],"yoast_head":"<!-- This site is optimized with the Yoast SEO plugin v22.6 - https:\/\/yoast.com\/wordpress\/plugins\/seo\/ -->\n<title>PC 35 Tools Autoclean H - Fedemark<\/title>\n<meta name=\"robots\" content=\"index, follow, max-snippet:-1, max-image-preview:large, max-video-preview:-1\" \/>\n<link rel=\"canonical\" href=\"https:\/\/fedemark.ee\/fi\/tuotteet\/polynimurit\/pc-35-tools-autoclean-h\/\" \/>\n<meta property=\"og:locale\" content=\"fi_FI\" \/>\n<meta property=\"og:type\" content=\"article\" \/>\n<meta property=\"og:title\" content=\"PC 35 Tools Autoclean H - Fedemark\" \/>\n<meta property=\"og:description\" content=\"PC35 Tools Autoclean H  Tehokas p\u00f6lynimuri, H-luokan sertifikaatti EU-standardin 60335 mukaan, tehokas bypass-moottori ja s\u00e4hk\u00f6ty\u00f6v\u00e4lineiden liit\u00e4nt\u00e4. Poistaa kaikkein hienoimman karsinogeenisen ja patogeenisen p\u00f6lyn, jota tuotantoprosessin aikana syntyy, ja tekee vapauttaa ymp\u00e4rist\u00f6n j\u00e4\u00e4nteist\u00e4 ja leijumasta. K\u00e4ytt\u00e4\u00e4 saavat vain asianmukaisen koulutuksen saaneet henkil\u00f6t ja lian j\u00e4tteenk\u00e4sittelyn tulee tapahtua voimassa olevan lains\u00e4\u00e4d\u00e4nn\u00f6n mukaan. Helppo s\u00e4hk\u00f6liit\u00e4nt\u00e4 s\u00e4hk\u00f6isesti ohjattavan pistokkeen kautta mahdollistaa kahden liitetyn laitteen reagoida yhteen k\u00e4skyyn t\u00e4ydellisess\u00e4 sopusoinnussa. Puhdistustapahtuman aikana AUTOCLEAN-toiminto ravistaa suodatinta joka 50 sekunnin v\u00e4lein ja ty\u00f6n p\u00e4\u00e4tytty\u00e4 noin 8-10 sekuntia, jotta suodatin puhdistuu kunnolla. Tehokkaana, kompaktina ja muotoilultaan innovatiivisena PC 35 takaa huomattavan ajan s\u00e4\u00e4st\u00f6n.    Tekniset tiedot    Tuotteen koodi 99\u00a0730B8G   J\u00e4nnite, V~ 220-240   Taajuus, Hz 50\/60   Maksimiteho, W 1200   Moottorin eristysluokka    Laitteen eristysluokka I   Teho s\u00e4hk\u00f6ty\u00f6v\u00e4lineen pistokkeessa, W 2000   Suunniteltu tilavuus, l 35   Rummun materiaali PE-HD   Maksimialipaine, mbar 220   Maksimi-ilmavirta (suunnilleen), m3\/h 210   Moottorin tyyppi Kaksiasteinen bypass    &nbsp;    Suodatusj\u00e4rjestelm\u00e4   Kasettisuodatin, H-luokka.   PP-esisuodatin (lis\u00e4tarvike)   Vaahtoamisen vastainen suodatin   Pest\u00e4v\u00e4 monikertak\u00e4ytt\u00f6inen kangaspussi (lis\u00e4varuste)    &nbsp;    Lis\u00e4tarvikkeet, \u00f8 45 mm   1. Universaalilla adapteriliitoksella varustettu py\u00f6riv\u00e4 letku s\u00e4hk\u00f6ty\u00f6v\u00e4lineille 2. K\u00e4\u00e4ntyv\u00e4liitoksinen taipuva letku 3. P\u00f6lyharja 4. Kapea suutin 5. Lukitusrengas s\u00e4hk\u00f6ty\u00f6v\u00e4lineen johdolle 7. Kromatut ter\u00e4ksiset kaarevat jatkoputket 7. Teollinen mattojen puhdistusharja 8. Teollinen lattioiden puhdistusharja 9. Teollinen nesteiden puhdistusharja    &nbsp;\" \/>\n<meta property=\"og:url\" content=\"https:\/\/fedemark.ee\/fi\/tuotteet\/polynimurit\/pc-35-tools-autoclean-h\/\" \/>\n<meta property=\"og:site_name\" content=\"Fedemark\" \/>\n<meta property=\"article:modified_time\" content=\"2019-08-13T06:40:31+00:00\" \/>\n<meta property=\"og:image\" content=\"https:\/\/fedemark.ee\/wp-content\/uploads\/2019\/08\/PGV07704-683x1024.jpg\" \/>\n\t<meta property=\"og:image:width\" content=\"683\" \/>\n\t<meta property=\"og:image:height\" content=\"1024\" \/>\n\t<meta property=\"og:image:type\" content=\"image\/jpeg\" \/>\n<meta name=\"twitter:card\" content=\"summary_large_image\" \/>\n<script type=\"application\/ld+json\" class=\"yoast-schema-graph\">{\"@context\":\"https:\/\/schema.org\",\"@graph\":[{\"@type\":\"WebPage\",\"@id\":\"https:\/\/fedemark.ee\/fi\/tuotteet\/polynimurit\/pc-35-tools-autoclean-h\/\",\"url\":\"https:\/\/fedemark.ee\/fi\/tuotteet\/polynimurit\/pc-35-tools-autoclean-h\/\",\"name\":\"PC 35 Tools Autoclean H - Fedemark\",\"isPartOf\":{\"@id\":\"https:\/\/fedemark.ee\/#website\"},\"primaryImageOfPage\":{\"@id\":\"https:\/\/fedemark.ee\/fi\/tuotteet\/polynimurit\/pc-35-tools-autoclean-h\/#primaryimage\"},\"image\":{\"@id\":\"https:\/\/fedemark.ee\/fi\/tuotteet\/polynimurit\/pc-35-tools-autoclean-h\/#primaryimage\"},\"thumbnailUrl\":\"https:\/\/fedemark.ee\/wp-content\/uploads\/2019\/08\/PGV07704.jpg\",\"datePublished\":\"2019-08-09T09:38:26+00:00\",\"dateModified\":\"2019-08-13T06:40:31+00:00\",\"breadcrumb\":{\"@id\":\"https:\/\/fedemark.ee\/fi\/tuotteet\/polynimurit\/pc-35-tools-autoclean-h\/#breadcrumb\"},\"inLanguage\":\"fi-FI\",\"potentialAction\":[{\"@type\":\"ReadAction\",\"target\":[\"https:\/\/fedemark.ee\/fi\/tuotteet\/polynimurit\/pc-35-tools-autoclean-h\/\"]}]},{\"@type\":\"ImageObject\",\"inLanguage\":\"fi-FI\",\"@id\":\"https:\/\/fedemark.ee\/fi\/tuotteet\/polynimurit\/pc-35-tools-autoclean-h\/#primaryimage\",\"url\":\"https:\/\/fedemark.ee\/wp-content\/uploads\/2019\/08\/PGV07704.jpg\",\"contentUrl\":\"https:\/\/fedemark.ee\/wp-content\/uploads\/2019\/08\/PGV07704.jpg\",\"width\":4000,\"height\":6000},{\"@type\":\"BreadcrumbList\",\"@id\":\"https:\/\/fedemark.ee\/fi\/tuotteet\/polynimurit\/pc-35-tools-autoclean-h\/#breadcrumb\",\"itemListElement\":[{\"@type\":\"ListItem\",\"position\":1,\"name\":\"Home\",\"item\":\"https:\/\/fedemark.ee\/fi\/\"},{\"@type\":\"ListItem\",\"position\":2,\"name\":\"Tuotteet\",\"item\":\"https:\/\/fedemark.ee\/fi\/tuotteet\/\"},{\"@type\":\"ListItem\",\"position\":3,\"name\":\"PC 35 Tools Autoclean H\"}]},{\"@type\":\"WebSite\",\"@id\":\"https:\/\/fedemark.ee\/#website\",\"url\":\"https:\/\/fedemark.ee\/\",\"name\":\"Fedemark\",\"description\":\"Redelid, Tellingud, T\u00f6\u00f6platvormid ja vahekorrused\",\"potentialAction\":[{\"@type\":\"SearchAction\",\"target\":{\"@type\":\"EntryPoint\",\"urlTemplate\":\"https:\/\/fedemark.ee\/?s={search_term_string}\"},\"query-input\":\"required name=search_term_string\"}],\"inLanguage\":\"fi-FI\"}]}<\/script>\n<!-- \/ Yoast SEO plugin. -->","yoast_head_json":{"title":"PC 35 Tools Autoclean H - Fedemark","robots":{"index":"index","follow":"follow","max-snippet":"max-snippet:-1","max-image-preview":"max-image-preview:large","max-video-preview":"max-video-preview:-1"},"canonical":"https:\/\/fedemark.ee\/fi\/tuotteet\/polynimurit\/pc-35-tools-autoclean-h\/","og_locale":"fi_FI","og_type":"article","og_title":"PC 35 Tools Autoclean H - Fedemark","og_description":"PC35 Tools Autoclean H  Tehokas p\u00f6lynimuri, H-luokan sertifikaatti EU-standardin 60335 mukaan, tehokas bypass-moottori ja s\u00e4hk\u00f6ty\u00f6v\u00e4lineiden liit\u00e4nt\u00e4. Poistaa kaikkein hienoimman karsinogeenisen ja patogeenisen p\u00f6lyn, jota tuotantoprosessin aikana syntyy, ja tekee vapauttaa ymp\u00e4rist\u00f6n j\u00e4\u00e4nteist\u00e4 ja leijumasta. K\u00e4ytt\u00e4\u00e4 saavat vain asianmukaisen koulutuksen saaneet henkil\u00f6t ja lian j\u00e4tteenk\u00e4sittelyn tulee tapahtua voimassa olevan lains\u00e4\u00e4d\u00e4nn\u00f6n mukaan. Helppo s\u00e4hk\u00f6liit\u00e4nt\u00e4 s\u00e4hk\u00f6isesti ohjattavan pistokkeen kautta mahdollistaa kahden liitetyn laitteen reagoida yhteen k\u00e4skyyn t\u00e4ydellisess\u00e4 sopusoinnussa. Puhdistustapahtuman aikana AUTOCLEAN-toiminto ravistaa suodatinta joka 50 sekunnin v\u00e4lein ja ty\u00f6n p\u00e4\u00e4tytty\u00e4 noin 8-10 sekuntia, jotta suodatin puhdistuu kunnolla. Tehokkaana, kompaktina ja muotoilultaan innovatiivisena PC 35 takaa huomattavan ajan s\u00e4\u00e4st\u00f6n.    Tekniset tiedot    Tuotteen koodi 99\u00a0730B8G   J\u00e4nnite, V~ 220-240   Taajuus, Hz 50\/60   Maksimiteho, W 1200   Moottorin eristysluokka    Laitteen eristysluokka I   Teho s\u00e4hk\u00f6ty\u00f6v\u00e4lineen pistokkeessa, W 2000   Suunniteltu tilavuus, l 35   Rummun materiaali PE-HD   Maksimialipaine, mbar 220   Maksimi-ilmavirta (suunnilleen), m3\/h 210   Moottorin tyyppi Kaksiasteinen bypass    &nbsp;    Suodatusj\u00e4rjestelm\u00e4   Kasettisuodatin, H-luokka.   PP-esisuodatin (lis\u00e4tarvike)   Vaahtoamisen vastainen suodatin   Pest\u00e4v\u00e4 monikertak\u00e4ytt\u00f6inen kangaspussi (lis\u00e4varuste)    &nbsp;    Lis\u00e4tarvikkeet, \u00f8 45 mm   1. Universaalilla adapteriliitoksella varustettu py\u00f6riv\u00e4 letku s\u00e4hk\u00f6ty\u00f6v\u00e4lineille 2. K\u00e4\u00e4ntyv\u00e4liitoksinen taipuva letku 3. P\u00f6lyharja 4. Kapea suutin 5. Lukitusrengas s\u00e4hk\u00f6ty\u00f6v\u00e4lineen johdolle 7. Kromatut ter\u00e4ksiset kaarevat jatkoputket 7. Teollinen mattojen puhdistusharja 8. Teollinen lattioiden puhdistusharja 9. Teollinen nesteiden puhdistusharja    &nbsp;","og_url":"https:\/\/fedemark.ee\/fi\/tuotteet\/polynimurit\/pc-35-tools-autoclean-h\/","og_site_name":"Fedemark","article_modified_time":"2019-08-13T06:40:31+00:00","og_image":[{"width":683,"height":1024,"url":"https:\/\/fedemark.ee\/wp-content\/uploads\/2019\/08\/PGV07704-683x1024.jpg","type":"image\/jpeg"}],"twitter_card":"summary_large_image","schema":{"@context":"https:\/\/schema.org","@graph":[{"@type":"WebPage","@id":"https:\/\/fedemark.ee\/fi\/tuotteet\/polynimurit\/pc-35-tools-autoclean-h\/","url":"https:\/\/fedemark.ee\/fi\/tuotteet\/polynimurit\/pc-35-tools-autoclean-h\/","name":"PC 35 Tools Autoclean H - Fedemark","isPartOf":{"@id":"https:\/\/fedemark.ee\/#website"},"primaryImageOfPage":{"@id":"https:\/\/fedemark.ee\/fi\/tuotteet\/polynimurit\/pc-35-tools-autoclean-h\/#primaryimage"},"image":{"@id":"https:\/\/fedemark.ee\/fi\/tuotteet\/polynimurit\/pc-35-tools-autoclean-h\/#primaryimage"},"thumbnailUrl":"https:\/\/fedemark.ee\/wp-content\/uploads\/2019\/08\/PGV07704.jpg","datePublished":"2019-08-09T09:38:26+00:00","dateModified":"2019-08-13T06:40:31+00:00","breadcrumb":{"@id":"https:\/\/fedemark.ee\/fi\/tuotteet\/polynimurit\/pc-35-tools-autoclean-h\/#breadcrumb"},"inLanguage":"fi-FI","potentialAction":[{"@type":"ReadAction","target":["https:\/\/fedemark.ee\/fi\/tuotteet\/polynimurit\/pc-35-tools-autoclean-h\/"]}]},{"@type":"ImageObject","inLanguage":"fi-FI","@id":"https:\/\/fedemark.ee\/fi\/tuotteet\/polynimurit\/pc-35-tools-autoclean-h\/#primaryimage","url":"https:\/\/fedemark.ee\/wp-content\/uploads\/2019\/08\/PGV07704.jpg","contentUrl":"https:\/\/fedemark.ee\/wp-content\/uploads\/2019\/08\/PGV07704.jpg","width":4000,"height":6000},{"@type":"BreadcrumbList","@id":"https:\/\/fedemark.ee\/fi\/tuotteet\/polynimurit\/pc-35-tools-autoclean-h\/#breadcrumb","itemListElement":[{"@type":"ListItem","position":1,"name":"Home","item":"https:\/\/fedemark.ee\/fi\/"},{"@type":"ListItem","position":2,"name":"Tuotteet","item":"https:\/\/fedemark.ee\/fi\/tuotteet\/"},{"@type":"ListItem","position":3,"name":"PC 35 Tools Autoclean H"}]},{"@type":"WebSite","@id":"https:\/\/fedemark.ee\/#website","url":"https:\/\/fedemark.ee\/","name":"Fedemark","description":"Redelid, Tellingud, T\u00f6\u00f6platvormid ja vahekorrused","potentialAction":[{"@type":"SearchAction","target":{"@type":"EntryPoint","urlTemplate":"https:\/\/fedemark.ee\/?s={search_term_string}"},"query-input":"required name=search_term_string"}],"inLanguage":"fi-FI"}]}},"_links":{"self":[{"href":"https:\/\/fedemark.ee\/fi\/wp-json\/wp\/v2\/product\/12008"}],"collection":[{"href":"https:\/\/fedemark.ee\/fi\/wp-json\/wp\/v2\/product"}],"about":[{"href":"https:\/\/fedemark.ee\/fi\/wp-json\/wp\/v2\/types\/product"}],"replies":[{"embeddable":true,"href":"https:\/\/fedemark.ee\/fi\/wp-json\/wp\/v2\/comments?post=12008"}],"version-history":[{"count":1,"href":"https:\/\/fedemark.ee\/fi\/wp-json\/wp\/v2\/product\/12008\/revisions"}],"predecessor-version":[{"id":12009,"href":"https:\/\/fedemark.ee\/fi\/wp-json\/wp\/v2\/product\/12008\/revisions\/12009"}],"wp:featuredmedia":[{"embeddable":true,"href":"https:\/\/fedemark.ee\/fi\/wp-json\/wp\/v2\/media\/11974"}],"wp:attachment":[{"href":"https:\/\/fedemark.ee\/fi\/wp-json\/wp\/v2\/media?parent=12008"}],"wp:term":[{"taxonomy":"product_cat","embeddable":true,"href":"https:\/\/fedemark.ee\/fi\/wp-json\/wp\/v2\/product_cat?post=12008"},{"taxonomy":"product_tag","embeddable":true,"href":"https:\/\/fedemark.ee\/fi\/wp-json\/wp\/v2\/product_tag?post=12008"}],"curies":[{"name":"wp","href":"https:\/\/api.w.org\/{rel}","templated":true}]}}