{"id":12090,"date":"2019-08-09T09:53:51","date_gmt":"2019-08-09T09:54:42","guid":{"rendered":"https:\/\/fedemark.ee\/?post_type=product&#038;p=12090"},"modified":"2019-08-13T06:39:35","modified_gmt":"2019-08-13T06:39:35","slug":"pc-50-tools-evolution","status":"publish","type":"product","link":"https:\/\/fedemark.ee\/fi\/tuotteet\/polynimurit\/pc-50-tools-evolution\/","title":{"rendered":"PC 50 Tools Evolution"},"content":{"rendered":"","protected":false},"excerpt":{"rendered":"<p><strong>PC 50 TOOLS EVOLUTION<\/strong><\/p>\n<p>Mist\u00e4 tahansa s\u00e4hk\u00f6ty\u00f6v\u00e4lineest\u00e4, ty\u00f6stett\u00e4v\u00e4st\u00e4 materiaalista riippumatta, PC 50 Tools Evolution puhdistaa hetkess\u00e4 kaikkein hienoimman p\u00f6lyn ja vapauttaa ty\u00f6tason j\u00e4\u00e4nteist\u00e4 ja leijumasta.<br \/>\n50 litran rummulla ja eritt\u00e4in tehokkaalla w\/cup-moottorilla se toimii ihanteellisessa yhteisty\u00f6ss\u00e4 s\u00e4hk\u00f6ty\u00f6v\u00e4lineiden kanssa yksinkertaisen s\u00e4hk\u00f6liit\u00e4nn\u00e4n ansiosta s\u00e4hk\u00f6isesti ohjattavan pistorasian kautta.<br \/>\nPuhdistusty\u00f6n p\u00e4\u00e4ttyess\u00e4 suodatin v\u00e4risee noin 8-10 sekuntia, jotta se puhdistuisi asianmukaisesti (t\u00e4m\u00e4n toiminnon voi k\u00e4ynnist\u00e4\u00e4 my\u00f6s k\u00e4sin).<br \/>\nUusi, k\u00e4yt\u00e4nn\u00f6llinen, hy\u00f6dyllinen ja eritt\u00e4in tehokas j\u00e4rjestelm\u00e4 ty\u00f6menetelmien <strong>vallankumoukselliseen muuttamiseen ja tehokkaaseen ajans\u00e4\u00e4st\u00f6\u00f6n.<\/strong><\/p>\n<table width=\"100%\">\n<tbody>\n<tr>\n<td><strong>Tekniset tiedot &#8211; PC 50 TOOLS Evolution<\/strong><\/td>\n<td><\/td>\n<\/tr>\n<tr>\n<td>Tuotteen koodi<\/td>\n<td>99 014BEG<\/td>\n<\/tr>\n<tr>\n<td>J\u00e4nnite, V~<\/td>\n<td>220-240<\/td>\n<\/tr>\n<tr>\n<td>Taajuus, Hz<\/td>\n<td>50\/60<\/td>\n<\/tr>\n<tr>\n<td>IEC-teho, W<\/td>\n<td>1200<\/td>\n<\/tr>\n<tr>\n<td>Automaattinen suodattimen ravistin, W<\/td>\n<td>48<\/td>\n<\/tr>\n<tr>\n<td>Moottorin eristysluokka<\/td>\n<td><\/td>\n<\/tr>\n<tr>\n<td>Laitteen eristysluokka<\/td>\n<td>I<\/td>\n<\/tr>\n<tr>\n<td>Teho s\u00e4hk\u00f6ty\u00f6v\u00e4lineen pistokkeessa, W<\/td>\n<td>2000<\/td>\n<\/tr>\n<tr>\n<td>Automaattilaite imutoiminnon jatkamiseen, t\/sek<\/td>\n<td>8\u00f710<\/td>\n<\/tr>\n<tr>\n<td>Suunniteltu tilavuus, l<\/td>\n<td>50<\/td>\n<\/tr>\n<tr>\n<td>Rummun materiaali<\/td>\n<td>PE-HD<\/td>\n<\/tr>\n<tr>\n<td>Maksimialipaine, mbar<\/td>\n<td>220<\/td>\n<\/tr>\n<tr>\n<td>Maksimi-ilmavirta, m<sup>3<\/sup>\/h (suunnilleen)<\/td>\n<td>180<\/td>\n<\/tr>\n<tr>\n<td>Moottorin tyyppi<\/td>\n<td>Tehokas w\/cup<\/td>\n<\/tr>\n<\/tbody>\n<\/table>\n<p>&nbsp;<\/p>\n<table width=\"100%\">\n<tbody>\n<tr>\n<td><strong>Suodatusj\u00e4rjestelm\u00e4<\/strong><\/td>\n<\/tr>\n<tr>\n<td>Kaksikerroksinen paperinen suodatinpussi, IFA M-luokka<\/td>\n<\/tr>\n<tr>\n<td>Kasettisuodatin, IFA M-luokka<\/td>\n<\/tr>\n<tr>\n<td>Vaahtoamisen vastainen suodatin<\/td>\n<\/tr>\n<tr>\n<td>Pest\u00e4v\u00e4 monikertak\u00e4ytt\u00f6inen kangaspussi (lis\u00e4varuste)<\/td>\n<\/tr>\n<\/tbody>\n<\/table>\n<p>&nbsp;<\/p>\n<table width=\"100%\">\n<tbody>\n<tr>\n<td><strong>Lis\u00e4tarvikkeet, \u00f8 45 mm &#8211; PC 50 TOOLS evolution<\/strong><\/td>\n<\/tr>\n<tr>\n<td>1. \u00f8 45 mm taipuva letku, jossa ergonominen k\u00e4densija<br \/>\n2. \u00f8 36 mm k\u00e4\u00e4ntyv\u00e4liitoksinen taipuva letku<br \/>\n3. Jatkoputket<br \/>\n4. Monil\u00e4pimittainen holkki s\u00e4hk\u00f6ty\u00f6v\u00e4lineit\u00e4 varten<br \/>\n5. Lukitusrengas s\u00e4hk\u00f6ty\u00f6v\u00e4lineen johdolle<br \/>\n6. Yhdistelm\u00e4harjan runko<br \/>\n7. M\u00e4rk\u00e4puhdistussuutin<br \/>\n8. Sis\u00e4osa kovan lattian puhdistamiseen<br \/>\n9. Kapea suutin<\/td>\n<\/tr>\n<\/tbody>\n<\/table>\n<p>&nbsp;<\/p>\n","protected":false},"featured_media":12057,"comment_status":"closed","ping_status":"closed","template":"","meta":{"footnotes":""},"product_cat":[272],"product_tag":[],"yoast_head":"<!-- This site is optimized with the Yoast SEO plugin v22.6 - https:\/\/yoast.com\/wordpress\/plugins\/seo\/ -->\n<title>PC 50 Tools Evolution - Fedemark<\/title>\n<meta name=\"robots\" content=\"index, follow, max-snippet:-1, max-image-preview:large, max-video-preview:-1\" \/>\n<link rel=\"canonical\" href=\"https:\/\/fedemark.ee\/fi\/tuotteet\/polynimurit\/pc-50-tools-evolution\/\" \/>\n<meta property=\"og:locale\" content=\"fi_FI\" \/>\n<meta property=\"og:type\" content=\"article\" \/>\n<meta property=\"og:title\" content=\"PC 50 Tools Evolution - Fedemark\" \/>\n<meta property=\"og:description\" content=\"PC 50 TOOLS EVOLUTION  Mist\u00e4 tahansa s\u00e4hk\u00f6ty\u00f6v\u00e4lineest\u00e4, ty\u00f6stett\u00e4v\u00e4st\u00e4 materiaalista riippumatta, PC 50 Tools Evolution puhdistaa hetkess\u00e4 kaikkein hienoimman p\u00f6lyn ja vapauttaa ty\u00f6tason j\u00e4\u00e4nteist\u00e4 ja leijumasta. 50 litran rummulla ja eritt\u00e4in tehokkaalla w\/cup-moottorilla se toimii ihanteellisessa yhteisty\u00f6ss\u00e4 s\u00e4hk\u00f6ty\u00f6v\u00e4lineiden kanssa yksinkertaisen s\u00e4hk\u00f6liit\u00e4nn\u00e4n ansiosta s\u00e4hk\u00f6isesti ohjattavan pistorasian kautta. Puhdistusty\u00f6n p\u00e4\u00e4ttyess\u00e4 suodatin v\u00e4risee noin 8-10 sekuntia, jotta se puhdistuisi asianmukaisesti (t\u00e4m\u00e4n toiminnon voi k\u00e4ynnist\u00e4\u00e4 my\u00f6s k\u00e4sin). Uusi, k\u00e4yt\u00e4nn\u00f6llinen, hy\u00f6dyllinen ja eritt\u00e4in tehokas j\u00e4rjestelm\u00e4 ty\u00f6menetelmien vallankumoukselliseen muuttamiseen ja tehokkaaseen ajans\u00e4\u00e4st\u00f6\u00f6n.    Tekniset tiedot - PC 50 TOOLS Evolution    Tuotteen koodi 99 014BEG   J\u00e4nnite, V~ 220-240   Taajuus, Hz 50\/60   IEC-teho, W 1200   Automaattinen suodattimen ravistin, W 48   Moottorin eristysluokka    Laitteen eristysluokka I   Teho s\u00e4hk\u00f6ty\u00f6v\u00e4lineen pistokkeessa, W 2000   Automaattilaite imutoiminnon jatkamiseen, t\/sek 8\u00f710   Suunniteltu tilavuus, l 50   Rummun materiaali PE-HD   Maksimialipaine, mbar 220   Maksimi-ilmavirta, m3\/h (suunnilleen) 180   Moottorin tyyppi Tehokas w\/cup    &nbsp;    Suodatusj\u00e4rjestelm\u00e4   Kaksikerroksinen paperinen suodatinpussi, IFA M-luokka   Kasettisuodatin, IFA M-luokka   Vaahtoamisen vastainen suodatin   Pest\u00e4v\u00e4 monikertak\u00e4ytt\u00f6inen kangaspussi (lis\u00e4varuste)    &nbsp;    Lis\u00e4tarvikkeet, \u00f8 45 mm - PC 50 TOOLS evolution   1. \u00f8 45 mm taipuva letku, jossa ergonominen k\u00e4densija 2. \u00f8 36 mm k\u00e4\u00e4ntyv\u00e4liitoksinen taipuva letku 3. Jatkoputket 4. Monil\u00e4pimittainen holkki s\u00e4hk\u00f6ty\u00f6v\u00e4lineit\u00e4 varten 5. Lukitusrengas s\u00e4hk\u00f6ty\u00f6v\u00e4lineen johdolle 6. Yhdistelm\u00e4harjan runko 7. M\u00e4rk\u00e4puhdistussuutin 8. Sis\u00e4osa kovan lattian puhdistamiseen 9. Kapea suutin    &nbsp;\" \/>\n<meta property=\"og:url\" content=\"https:\/\/fedemark.ee\/fi\/tuotteet\/polynimurit\/pc-50-tools-evolution\/\" \/>\n<meta property=\"og:site_name\" content=\"Fedemark\" \/>\n<meta property=\"article:modified_time\" content=\"2019-08-13T06:39:35+00:00\" \/>\n<meta property=\"og:image\" content=\"https:\/\/fedemark.ee\/wp-content\/uploads\/2019\/08\/PGV07698-683x1024.jpg\" \/>\n\t<meta property=\"og:image:width\" content=\"683\" \/>\n\t<meta property=\"og:image:height\" content=\"1024\" \/>\n\t<meta property=\"og:image:type\" content=\"image\/jpeg\" \/>\n<meta name=\"twitter:card\" content=\"summary_large_image\" \/>\n<script type=\"application\/ld+json\" class=\"yoast-schema-graph\">{\"@context\":\"https:\/\/schema.org\",\"@graph\":[{\"@type\":\"WebPage\",\"@id\":\"https:\/\/fedemark.ee\/fi\/tuotteet\/polynimurit\/pc-50-tools-evolution\/\",\"url\":\"https:\/\/fedemark.ee\/fi\/tuotteet\/polynimurit\/pc-50-tools-evolution\/\",\"name\":\"PC 50 Tools Evolution - Fedemark\",\"isPartOf\":{\"@id\":\"https:\/\/fedemark.ee\/#website\"},\"primaryImageOfPage\":{\"@id\":\"https:\/\/fedemark.ee\/fi\/tuotteet\/polynimurit\/pc-50-tools-evolution\/#primaryimage\"},\"image\":{\"@id\":\"https:\/\/fedemark.ee\/fi\/tuotteet\/polynimurit\/pc-50-tools-evolution\/#primaryimage\"},\"thumbnailUrl\":\"https:\/\/fedemark.ee\/wp-content\/uploads\/2019\/08\/PGV07698.jpg\",\"datePublished\":\"2019-08-09T09:54:42+00:00\",\"dateModified\":\"2019-08-13T06:39:35+00:00\",\"breadcrumb\":{\"@id\":\"https:\/\/fedemark.ee\/fi\/tuotteet\/polynimurit\/pc-50-tools-evolution\/#breadcrumb\"},\"inLanguage\":\"fi-FI\",\"potentialAction\":[{\"@type\":\"ReadAction\",\"target\":[\"https:\/\/fedemark.ee\/fi\/tuotteet\/polynimurit\/pc-50-tools-evolution\/\"]}]},{\"@type\":\"ImageObject\",\"inLanguage\":\"fi-FI\",\"@id\":\"https:\/\/fedemark.ee\/fi\/tuotteet\/polynimurit\/pc-50-tools-evolution\/#primaryimage\",\"url\":\"https:\/\/fedemark.ee\/wp-content\/uploads\/2019\/08\/PGV07698.jpg\",\"contentUrl\":\"https:\/\/fedemark.ee\/wp-content\/uploads\/2019\/08\/PGV07698.jpg\",\"width\":4000,\"height\":6000},{\"@type\":\"BreadcrumbList\",\"@id\":\"https:\/\/fedemark.ee\/fi\/tuotteet\/polynimurit\/pc-50-tools-evolution\/#breadcrumb\",\"itemListElement\":[{\"@type\":\"ListItem\",\"position\":1,\"name\":\"Home\",\"item\":\"https:\/\/fedemark.ee\/fi\/\"},{\"@type\":\"ListItem\",\"position\":2,\"name\":\"Tuotteet\",\"item\":\"https:\/\/fedemark.ee\/fi\/tuotteet\/\"},{\"@type\":\"ListItem\",\"position\":3,\"name\":\"PC 50 Tools Evolution\"}]},{\"@type\":\"WebSite\",\"@id\":\"https:\/\/fedemark.ee\/#website\",\"url\":\"https:\/\/fedemark.ee\/\",\"name\":\"Fedemark\",\"description\":\"Redelid, Tellingud, T\u00f6\u00f6platvormid ja vahekorrused\",\"potentialAction\":[{\"@type\":\"SearchAction\",\"target\":{\"@type\":\"EntryPoint\",\"urlTemplate\":\"https:\/\/fedemark.ee\/?s={search_term_string}\"},\"query-input\":\"required name=search_term_string\"}],\"inLanguage\":\"fi-FI\"}]}<\/script>\n<!-- \/ Yoast SEO plugin. -->","yoast_head_json":{"title":"PC 50 Tools Evolution - Fedemark","robots":{"index":"index","follow":"follow","max-snippet":"max-snippet:-1","max-image-preview":"max-image-preview:large","max-video-preview":"max-video-preview:-1"},"canonical":"https:\/\/fedemark.ee\/fi\/tuotteet\/polynimurit\/pc-50-tools-evolution\/","og_locale":"fi_FI","og_type":"article","og_title":"PC 50 Tools Evolution - Fedemark","og_description":"PC 50 TOOLS EVOLUTION  Mist\u00e4 tahansa s\u00e4hk\u00f6ty\u00f6v\u00e4lineest\u00e4, ty\u00f6stett\u00e4v\u00e4st\u00e4 materiaalista riippumatta, PC 50 Tools Evolution puhdistaa hetkess\u00e4 kaikkein hienoimman p\u00f6lyn ja vapauttaa ty\u00f6tason j\u00e4\u00e4nteist\u00e4 ja leijumasta. 50 litran rummulla ja eritt\u00e4in tehokkaalla w\/cup-moottorilla se toimii ihanteellisessa yhteisty\u00f6ss\u00e4 s\u00e4hk\u00f6ty\u00f6v\u00e4lineiden kanssa yksinkertaisen s\u00e4hk\u00f6liit\u00e4nn\u00e4n ansiosta s\u00e4hk\u00f6isesti ohjattavan pistorasian kautta. Puhdistusty\u00f6n p\u00e4\u00e4ttyess\u00e4 suodatin v\u00e4risee noin 8-10 sekuntia, jotta se puhdistuisi asianmukaisesti (t\u00e4m\u00e4n toiminnon voi k\u00e4ynnist\u00e4\u00e4 my\u00f6s k\u00e4sin). Uusi, k\u00e4yt\u00e4nn\u00f6llinen, hy\u00f6dyllinen ja eritt\u00e4in tehokas j\u00e4rjestelm\u00e4 ty\u00f6menetelmien vallankumoukselliseen muuttamiseen ja tehokkaaseen ajans\u00e4\u00e4st\u00f6\u00f6n.    Tekniset tiedot - PC 50 TOOLS Evolution    Tuotteen koodi 99 014BEG   J\u00e4nnite, V~ 220-240   Taajuus, Hz 50\/60   IEC-teho, W 1200   Automaattinen suodattimen ravistin, W 48   Moottorin eristysluokka    Laitteen eristysluokka I   Teho s\u00e4hk\u00f6ty\u00f6v\u00e4lineen pistokkeessa, W 2000   Automaattilaite imutoiminnon jatkamiseen, t\/sek 8\u00f710   Suunniteltu tilavuus, l 50   Rummun materiaali PE-HD   Maksimialipaine, mbar 220   Maksimi-ilmavirta, m3\/h (suunnilleen) 180   Moottorin tyyppi Tehokas w\/cup    &nbsp;    Suodatusj\u00e4rjestelm\u00e4   Kaksikerroksinen paperinen suodatinpussi, IFA M-luokka   Kasettisuodatin, IFA M-luokka   Vaahtoamisen vastainen suodatin   Pest\u00e4v\u00e4 monikertak\u00e4ytt\u00f6inen kangaspussi (lis\u00e4varuste)    &nbsp;    Lis\u00e4tarvikkeet, \u00f8 45 mm - PC 50 TOOLS evolution   1. \u00f8 45 mm taipuva letku, jossa ergonominen k\u00e4densija 2. \u00f8 36 mm k\u00e4\u00e4ntyv\u00e4liitoksinen taipuva letku 3. Jatkoputket 4. Monil\u00e4pimittainen holkki s\u00e4hk\u00f6ty\u00f6v\u00e4lineit\u00e4 varten 5. Lukitusrengas s\u00e4hk\u00f6ty\u00f6v\u00e4lineen johdolle 6. Yhdistelm\u00e4harjan runko 7. M\u00e4rk\u00e4puhdistussuutin 8. Sis\u00e4osa kovan lattian puhdistamiseen 9. Kapea suutin    &nbsp;","og_url":"https:\/\/fedemark.ee\/fi\/tuotteet\/polynimurit\/pc-50-tools-evolution\/","og_site_name":"Fedemark","article_modified_time":"2019-08-13T06:39:35+00:00","og_image":[{"width":683,"height":1024,"url":"https:\/\/fedemark.ee\/wp-content\/uploads\/2019\/08\/PGV07698-683x1024.jpg","type":"image\/jpeg"}],"twitter_card":"summary_large_image","schema":{"@context":"https:\/\/schema.org","@graph":[{"@type":"WebPage","@id":"https:\/\/fedemark.ee\/fi\/tuotteet\/polynimurit\/pc-50-tools-evolution\/","url":"https:\/\/fedemark.ee\/fi\/tuotteet\/polynimurit\/pc-50-tools-evolution\/","name":"PC 50 Tools Evolution - Fedemark","isPartOf":{"@id":"https:\/\/fedemark.ee\/#website"},"primaryImageOfPage":{"@id":"https:\/\/fedemark.ee\/fi\/tuotteet\/polynimurit\/pc-50-tools-evolution\/#primaryimage"},"image":{"@id":"https:\/\/fedemark.ee\/fi\/tuotteet\/polynimurit\/pc-50-tools-evolution\/#primaryimage"},"thumbnailUrl":"https:\/\/fedemark.ee\/wp-content\/uploads\/2019\/08\/PGV07698.jpg","datePublished":"2019-08-09T09:54:42+00:00","dateModified":"2019-08-13T06:39:35+00:00","breadcrumb":{"@id":"https:\/\/fedemark.ee\/fi\/tuotteet\/polynimurit\/pc-50-tools-evolution\/#breadcrumb"},"inLanguage":"fi-FI","potentialAction":[{"@type":"ReadAction","target":["https:\/\/fedemark.ee\/fi\/tuotteet\/polynimurit\/pc-50-tools-evolution\/"]}]},{"@type":"ImageObject","inLanguage":"fi-FI","@id":"https:\/\/fedemark.ee\/fi\/tuotteet\/polynimurit\/pc-50-tools-evolution\/#primaryimage","url":"https:\/\/fedemark.ee\/wp-content\/uploads\/2019\/08\/PGV07698.jpg","contentUrl":"https:\/\/fedemark.ee\/wp-content\/uploads\/2019\/08\/PGV07698.jpg","width":4000,"height":6000},{"@type":"BreadcrumbList","@id":"https:\/\/fedemark.ee\/fi\/tuotteet\/polynimurit\/pc-50-tools-evolution\/#breadcrumb","itemListElement":[{"@type":"ListItem","position":1,"name":"Home","item":"https:\/\/fedemark.ee\/fi\/"},{"@type":"ListItem","position":2,"name":"Tuotteet","item":"https:\/\/fedemark.ee\/fi\/tuotteet\/"},{"@type":"ListItem","position":3,"name":"PC 50 Tools Evolution"}]},{"@type":"WebSite","@id":"https:\/\/fedemark.ee\/#website","url":"https:\/\/fedemark.ee\/","name":"Fedemark","description":"Redelid, Tellingud, T\u00f6\u00f6platvormid ja vahekorrused","potentialAction":[{"@type":"SearchAction","target":{"@type":"EntryPoint","urlTemplate":"https:\/\/fedemark.ee\/?s={search_term_string}"},"query-input":"required name=search_term_string"}],"inLanguage":"fi-FI"}]}},"_links":{"self":[{"href":"https:\/\/fedemark.ee\/fi\/wp-json\/wp\/v2\/product\/12090"}],"collection":[{"href":"https:\/\/fedemark.ee\/fi\/wp-json\/wp\/v2\/product"}],"about":[{"href":"https:\/\/fedemark.ee\/fi\/wp-json\/wp\/v2\/types\/product"}],"replies":[{"embeddable":true,"href":"https:\/\/fedemark.ee\/fi\/wp-json\/wp\/v2\/comments?post=12090"}],"version-history":[{"count":1,"href":"https:\/\/fedemark.ee\/fi\/wp-json\/wp\/v2\/product\/12090\/revisions"}],"predecessor-version":[{"id":12091,"href":"https:\/\/fedemark.ee\/fi\/wp-json\/wp\/v2\/product\/12090\/revisions\/12091"}],"wp:featuredmedia":[{"embeddable":true,"href":"https:\/\/fedemark.ee\/fi\/wp-json\/wp\/v2\/media\/12057"}],"wp:attachment":[{"href":"https:\/\/fedemark.ee\/fi\/wp-json\/wp\/v2\/media?parent=12090"}],"wp:term":[{"taxonomy":"product_cat","embeddable":true,"href":"https:\/\/fedemark.ee\/fi\/wp-json\/wp\/v2\/product_cat?post=12090"},{"taxonomy":"product_tag","embeddable":true,"href":"https:\/\/fedemark.ee\/fi\/wp-json\/wp\/v2\/product_tag?post=12090"}],"curies":[{"name":"wp","href":"https:\/\/api.w.org\/{rel}","templated":true}]}}