{"id":12134,"date":"2019-08-09T09:59:53","date_gmt":"2019-08-09T10:00:41","guid":{"rendered":"https:\/\/fedemark.ee\/?post_type=product&#038;p=12134"},"modified":"2019-08-13T06:39:22","modified_gmt":"2019-08-13T06:39:22","slug":"pc-50-tools-inox","status":"publish","type":"product","link":"https:\/\/fedemark.ee\/fi\/tuotteet\/polynimurit\/pc-50-tools-inox\/","title":{"rendered":"PC 50 Tools Inox"},"content":{"rendered":"","protected":false},"excerpt":{"rendered":"<p><strong>PC 50 TOOLS INOX<\/strong><\/p>\n<p>50 litran ruostumattomasta ter\u00e4ksest\u00e4 valmistettu rumpu mahdollistaa siivota suuria m\u00e4\u00e4ri\u00e4 p\u00f6ly\u00e4, kiinteit\u00e4 aineita ja nesteit\u00e4.<br \/>\nT\u00e4m\u00e4n lis\u00e4ksi PC 50 Tool muuttuu s\u00e4hk\u00f6isesti ohjattavan pes\u00e4n vuoksi merkitt\u00e4v\u00e4ksi ja korvaamattomaksi laitteeksi suurten pintojen puhdistuksessa.<\/p>\n<table width=\"100%\">\n<tbody>\n<tr>\n<td><strong>Tekniset tiedot<\/strong><\/td>\n<td><\/td>\n<\/tr>\n<tr>\n<td>Tuotteen koodi<\/td>\n<td>99 017BEG<\/td>\n<\/tr>\n<tr>\n<td>J\u00e4nnite, V~<\/td>\n<td>220-240<\/td>\n<\/tr>\n<tr>\n<td>Taajuus, Hz<\/td>\n<td>50\/60<\/td>\n<\/tr>\n<tr>\n<td>IEC-teho, W<\/td>\n<td>1200<\/td>\n<\/tr>\n<tr>\n<td>Maksimiteho, W<\/td>\n<td>1350<\/td>\n<\/tr>\n<tr>\n<td>Moottorin eristysluokka<\/td>\n<td><\/td>\n<\/tr>\n<tr>\n<td>Laitteen eristysluokka<\/td>\n<td>I<\/td>\n<\/tr>\n<tr>\n<td>Teho s\u00e4hk\u00f6ty\u00f6v\u00e4lineen pistokkeessa, W<\/td>\n<td>2000<\/td>\n<\/tr>\n<tr>\n<td>Automaattilaite imutoiminnon jatkamiseen, t\/sek<\/td>\n<td>8 \u00f7 10<\/td>\n<\/tr>\n<tr>\n<td>Suunniteltu tilavuus, l<\/td>\n<td>50<\/td>\n<\/tr>\n<tr>\n<td>Rummun materiaali<\/td>\n<td>Ruostumaton ter\u00e4s<\/td>\n<\/tr>\n<tr>\n<td>Maksimialipaine, mbar<\/td>\n<td>240<\/td>\n<\/tr>\n<tr>\n<td>Maksimi-ilmavirta (suunnilleen) m<sup>3<\/sup>\/h<\/td>\n<td>220<\/td>\n<\/tr>\n<tr>\n<td>Moottorin tyyppi<\/td>\n<td>Kaksiasteinen bypass<\/td>\n<\/tr>\n<\/tbody>\n<\/table>\n<p>&nbsp;<\/p>\n<table width=\"100%\">\n<tbody>\n<tr>\n<td><strong>Suodatusj\u00e4rjestelm\u00e4<\/strong><\/td>\n<\/tr>\n<tr>\n<td>Kaksikerroksinen paperinen suodatinpussi, IFA M-luokka<\/td>\n<\/tr>\n<tr>\n<td>Kasettisuodatin, IFA M-luokka<\/td>\n<\/tr>\n<tr>\n<td>PP-esisuodatin<\/td>\n<\/tr>\n<tr>\n<td>S\u00e4hk\u00f6staattiset j\u00e4lkisuodattimet poistoilmaa varten<\/td>\n<\/tr>\n<tr>\n<td>Vaahtoamisen vastainen suodatin<\/td>\n<\/tr>\n<tr>\n<td>Pest\u00e4v\u00e4 monikertak\u00e4ytt\u00f6inen kangaspussi (lis\u00e4varuste)<\/td>\n<\/tr>\n<\/tbody>\n<\/table>\n<p>&nbsp;<\/p>\n<table width=\"100%\">\n<tbody>\n<tr>\n<td><strong>Lis\u00e4tarvikkeet, \u00f8 45 mm<\/strong><\/td>\n<\/tr>\n<tr>\n<td>1. Universaalilla adapteriliit\u00e4nn\u00e4ll\u00e4 varustettu k\u00e4\u00e4ntyv\u00e4 letku s\u00e4hk\u00f6ty\u00f6v\u00e4lineille<br \/>\n2. K\u00e4\u00e4ntyv\u00e4liitoksinen taipuva letku<br \/>\n3. P\u00f6lyharja<br \/>\n4. Kapea suutin<br \/>\n5. Kolmiokulmainen suutin<br \/>\n6. Lukitusrengas s\u00e4hk\u00f6ty\u00f6v\u00e4lineen johdolle<br \/>\n7. Kromatut ter\u00e4ksiset kaarevat jatkoputket<br \/>\n8. Jatkoputket<br \/>\n9. Teollinen mattojenpuhdistusharja<br \/>\n10. Teollinen lattioidenpuhdistusharja<br \/>\n11. Teollinen nesteidenpuhdistusharja<\/td>\n<\/tr>\n<\/tbody>\n<\/table>\n<p>&nbsp;<\/p>\n","protected":false},"featured_media":12097,"comment_status":"closed","ping_status":"closed","template":"","meta":{"footnotes":""},"product_cat":[272],"product_tag":[],"yoast_head":"<!-- This site is optimized with the Yoast SEO plugin v22.6 - https:\/\/yoast.com\/wordpress\/plugins\/seo\/ -->\n<title>PC 50 Tools Inox - Fedemark<\/title>\n<meta name=\"robots\" content=\"index, follow, max-snippet:-1, max-image-preview:large, max-video-preview:-1\" \/>\n<link rel=\"canonical\" href=\"https:\/\/fedemark.ee\/fi\/tuotteet\/polynimurit\/pc-50-tools-inox\/\" \/>\n<meta property=\"og:locale\" content=\"fi_FI\" \/>\n<meta property=\"og:type\" content=\"article\" \/>\n<meta property=\"og:title\" content=\"PC 50 Tools Inox - Fedemark\" \/>\n<meta property=\"og:description\" content=\"PC 50 TOOLS INOX  50 litran ruostumattomasta ter\u00e4ksest\u00e4 valmistettu rumpu mahdollistaa siivota suuria m\u00e4\u00e4ri\u00e4 p\u00f6ly\u00e4, kiinteit\u00e4 aineita ja nesteit\u00e4. T\u00e4m\u00e4n lis\u00e4ksi PC 50 Tool muuttuu s\u00e4hk\u00f6isesti ohjattavan pes\u00e4n vuoksi merkitt\u00e4v\u00e4ksi ja korvaamattomaksi laitteeksi suurten pintojen puhdistuksessa.    Tekniset tiedot    Tuotteen koodi 99 017BEG   J\u00e4nnite, V~ 220-240   Taajuus, Hz 50\/60   IEC-teho, W 1200   Maksimiteho, W 1350   Moottorin eristysluokka    Laitteen eristysluokka I   Teho s\u00e4hk\u00f6ty\u00f6v\u00e4lineen pistokkeessa, W 2000   Automaattilaite imutoiminnon jatkamiseen, t\/sek 8 \u00f7 10   Suunniteltu tilavuus, l 50   Rummun materiaali Ruostumaton ter\u00e4s   Maksimialipaine, mbar 240   Maksimi-ilmavirta (suunnilleen) m3\/h 220   Moottorin tyyppi Kaksiasteinen bypass    &nbsp;    Suodatusj\u00e4rjestelm\u00e4   Kaksikerroksinen paperinen suodatinpussi, IFA M-luokka   Kasettisuodatin, IFA M-luokka   PP-esisuodatin   S\u00e4hk\u00f6staattiset j\u00e4lkisuodattimet poistoilmaa varten   Vaahtoamisen vastainen suodatin   Pest\u00e4v\u00e4 monikertak\u00e4ytt\u00f6inen kangaspussi (lis\u00e4varuste)    &nbsp;    Lis\u00e4tarvikkeet, \u00f8 45 mm   1. Universaalilla adapteriliit\u00e4nn\u00e4ll\u00e4 varustettu k\u00e4\u00e4ntyv\u00e4 letku s\u00e4hk\u00f6ty\u00f6v\u00e4lineille 2. K\u00e4\u00e4ntyv\u00e4liitoksinen taipuva letku 3. P\u00f6lyharja 4. Kapea suutin 5. Kolmiokulmainen suutin 6. Lukitusrengas s\u00e4hk\u00f6ty\u00f6v\u00e4lineen johdolle 7. Kromatut ter\u00e4ksiset kaarevat jatkoputket 8. Jatkoputket 9. Teollinen mattojenpuhdistusharja 10. Teollinen lattioidenpuhdistusharja 11. Teollinen nesteidenpuhdistusharja    &nbsp;\" \/>\n<meta property=\"og:url\" content=\"https:\/\/fedemark.ee\/fi\/tuotteet\/polynimurit\/pc-50-tools-inox\/\" \/>\n<meta property=\"og:site_name\" content=\"Fedemark\" \/>\n<meta property=\"article:modified_time\" content=\"2019-08-13T06:39:22+00:00\" \/>\n<meta property=\"og:image\" content=\"https:\/\/fedemark.ee\/wp-content\/uploads\/2019\/08\/PGV07767-683x1024.jpg\" \/>\n\t<meta property=\"og:image:width\" content=\"683\" \/>\n\t<meta property=\"og:image:height\" content=\"1024\" \/>\n\t<meta property=\"og:image:type\" content=\"image\/jpeg\" \/>\n<meta name=\"twitter:card\" content=\"summary_large_image\" \/>\n<script type=\"application\/ld+json\" class=\"yoast-schema-graph\">{\"@context\":\"https:\/\/schema.org\",\"@graph\":[{\"@type\":\"WebPage\",\"@id\":\"https:\/\/fedemark.ee\/fi\/tuotteet\/polynimurit\/pc-50-tools-inox\/\",\"url\":\"https:\/\/fedemark.ee\/fi\/tuotteet\/polynimurit\/pc-50-tools-inox\/\",\"name\":\"PC 50 Tools Inox - Fedemark\",\"isPartOf\":{\"@id\":\"https:\/\/fedemark.ee\/#website\"},\"primaryImageOfPage\":{\"@id\":\"https:\/\/fedemark.ee\/fi\/tuotteet\/polynimurit\/pc-50-tools-inox\/#primaryimage\"},\"image\":{\"@id\":\"https:\/\/fedemark.ee\/fi\/tuotteet\/polynimurit\/pc-50-tools-inox\/#primaryimage\"},\"thumbnailUrl\":\"https:\/\/fedemark.ee\/wp-content\/uploads\/2019\/08\/PGV07767.jpg\",\"datePublished\":\"2019-08-09T10:00:41+00:00\",\"dateModified\":\"2019-08-13T06:39:22+00:00\",\"breadcrumb\":{\"@id\":\"https:\/\/fedemark.ee\/fi\/tuotteet\/polynimurit\/pc-50-tools-inox\/#breadcrumb\"},\"inLanguage\":\"fi-FI\",\"potentialAction\":[{\"@type\":\"ReadAction\",\"target\":[\"https:\/\/fedemark.ee\/fi\/tuotteet\/polynimurit\/pc-50-tools-inox\/\"]}]},{\"@type\":\"ImageObject\",\"inLanguage\":\"fi-FI\",\"@id\":\"https:\/\/fedemark.ee\/fi\/tuotteet\/polynimurit\/pc-50-tools-inox\/#primaryimage\",\"url\":\"https:\/\/fedemark.ee\/wp-content\/uploads\/2019\/08\/PGV07767.jpg\",\"contentUrl\":\"https:\/\/fedemark.ee\/wp-content\/uploads\/2019\/08\/PGV07767.jpg\",\"width\":4000,\"height\":6000},{\"@type\":\"BreadcrumbList\",\"@id\":\"https:\/\/fedemark.ee\/fi\/tuotteet\/polynimurit\/pc-50-tools-inox\/#breadcrumb\",\"itemListElement\":[{\"@type\":\"ListItem\",\"position\":1,\"name\":\"Home\",\"item\":\"https:\/\/fedemark.ee\/fi\/\"},{\"@type\":\"ListItem\",\"position\":2,\"name\":\"Tuotteet\",\"item\":\"https:\/\/fedemark.ee\/fi\/tuotteet\/\"},{\"@type\":\"ListItem\",\"position\":3,\"name\":\"PC 50 Tools Inox\"}]},{\"@type\":\"WebSite\",\"@id\":\"https:\/\/fedemark.ee\/#website\",\"url\":\"https:\/\/fedemark.ee\/\",\"name\":\"Fedemark\",\"description\":\"Redelid, Tellingud, T\u00f6\u00f6platvormid ja vahekorrused\",\"potentialAction\":[{\"@type\":\"SearchAction\",\"target\":{\"@type\":\"EntryPoint\",\"urlTemplate\":\"https:\/\/fedemark.ee\/?s={search_term_string}\"},\"query-input\":\"required name=search_term_string\"}],\"inLanguage\":\"fi-FI\"}]}<\/script>\n<!-- \/ Yoast SEO plugin. -->","yoast_head_json":{"title":"PC 50 Tools Inox - Fedemark","robots":{"index":"index","follow":"follow","max-snippet":"max-snippet:-1","max-image-preview":"max-image-preview:large","max-video-preview":"max-video-preview:-1"},"canonical":"https:\/\/fedemark.ee\/fi\/tuotteet\/polynimurit\/pc-50-tools-inox\/","og_locale":"fi_FI","og_type":"article","og_title":"PC 50 Tools Inox - Fedemark","og_description":"PC 50 TOOLS INOX  50 litran ruostumattomasta ter\u00e4ksest\u00e4 valmistettu rumpu mahdollistaa siivota suuria m\u00e4\u00e4ri\u00e4 p\u00f6ly\u00e4, kiinteit\u00e4 aineita ja nesteit\u00e4. T\u00e4m\u00e4n lis\u00e4ksi PC 50 Tool muuttuu s\u00e4hk\u00f6isesti ohjattavan pes\u00e4n vuoksi merkitt\u00e4v\u00e4ksi ja korvaamattomaksi laitteeksi suurten pintojen puhdistuksessa.    Tekniset tiedot    Tuotteen koodi 99 017BEG   J\u00e4nnite, V~ 220-240   Taajuus, Hz 50\/60   IEC-teho, W 1200   Maksimiteho, W 1350   Moottorin eristysluokka    Laitteen eristysluokka I   Teho s\u00e4hk\u00f6ty\u00f6v\u00e4lineen pistokkeessa, W 2000   Automaattilaite imutoiminnon jatkamiseen, t\/sek 8 \u00f7 10   Suunniteltu tilavuus, l 50   Rummun materiaali Ruostumaton ter\u00e4s   Maksimialipaine, mbar 240   Maksimi-ilmavirta (suunnilleen) m3\/h 220   Moottorin tyyppi Kaksiasteinen bypass    &nbsp;    Suodatusj\u00e4rjestelm\u00e4   Kaksikerroksinen paperinen suodatinpussi, IFA M-luokka   Kasettisuodatin, IFA M-luokka   PP-esisuodatin   S\u00e4hk\u00f6staattiset j\u00e4lkisuodattimet poistoilmaa varten   Vaahtoamisen vastainen suodatin   Pest\u00e4v\u00e4 monikertak\u00e4ytt\u00f6inen kangaspussi (lis\u00e4varuste)    &nbsp;    Lis\u00e4tarvikkeet, \u00f8 45 mm   1. Universaalilla adapteriliit\u00e4nn\u00e4ll\u00e4 varustettu k\u00e4\u00e4ntyv\u00e4 letku s\u00e4hk\u00f6ty\u00f6v\u00e4lineille 2. K\u00e4\u00e4ntyv\u00e4liitoksinen taipuva letku 3. P\u00f6lyharja 4. Kapea suutin 5. Kolmiokulmainen suutin 6. Lukitusrengas s\u00e4hk\u00f6ty\u00f6v\u00e4lineen johdolle 7. Kromatut ter\u00e4ksiset kaarevat jatkoputket 8. Jatkoputket 9. Teollinen mattojenpuhdistusharja 10. Teollinen lattioidenpuhdistusharja 11. Teollinen nesteidenpuhdistusharja    &nbsp;","og_url":"https:\/\/fedemark.ee\/fi\/tuotteet\/polynimurit\/pc-50-tools-inox\/","og_site_name":"Fedemark","article_modified_time":"2019-08-13T06:39:22+00:00","og_image":[{"width":683,"height":1024,"url":"https:\/\/fedemark.ee\/wp-content\/uploads\/2019\/08\/PGV07767-683x1024.jpg","type":"image\/jpeg"}],"twitter_card":"summary_large_image","schema":{"@context":"https:\/\/schema.org","@graph":[{"@type":"WebPage","@id":"https:\/\/fedemark.ee\/fi\/tuotteet\/polynimurit\/pc-50-tools-inox\/","url":"https:\/\/fedemark.ee\/fi\/tuotteet\/polynimurit\/pc-50-tools-inox\/","name":"PC 50 Tools Inox - Fedemark","isPartOf":{"@id":"https:\/\/fedemark.ee\/#website"},"primaryImageOfPage":{"@id":"https:\/\/fedemark.ee\/fi\/tuotteet\/polynimurit\/pc-50-tools-inox\/#primaryimage"},"image":{"@id":"https:\/\/fedemark.ee\/fi\/tuotteet\/polynimurit\/pc-50-tools-inox\/#primaryimage"},"thumbnailUrl":"https:\/\/fedemark.ee\/wp-content\/uploads\/2019\/08\/PGV07767.jpg","datePublished":"2019-08-09T10:00:41+00:00","dateModified":"2019-08-13T06:39:22+00:00","breadcrumb":{"@id":"https:\/\/fedemark.ee\/fi\/tuotteet\/polynimurit\/pc-50-tools-inox\/#breadcrumb"},"inLanguage":"fi-FI","potentialAction":[{"@type":"ReadAction","target":["https:\/\/fedemark.ee\/fi\/tuotteet\/polynimurit\/pc-50-tools-inox\/"]}]},{"@type":"ImageObject","inLanguage":"fi-FI","@id":"https:\/\/fedemark.ee\/fi\/tuotteet\/polynimurit\/pc-50-tools-inox\/#primaryimage","url":"https:\/\/fedemark.ee\/wp-content\/uploads\/2019\/08\/PGV07767.jpg","contentUrl":"https:\/\/fedemark.ee\/wp-content\/uploads\/2019\/08\/PGV07767.jpg","width":4000,"height":6000},{"@type":"BreadcrumbList","@id":"https:\/\/fedemark.ee\/fi\/tuotteet\/polynimurit\/pc-50-tools-inox\/#breadcrumb","itemListElement":[{"@type":"ListItem","position":1,"name":"Home","item":"https:\/\/fedemark.ee\/fi\/"},{"@type":"ListItem","position":2,"name":"Tuotteet","item":"https:\/\/fedemark.ee\/fi\/tuotteet\/"},{"@type":"ListItem","position":3,"name":"PC 50 Tools Inox"}]},{"@type":"WebSite","@id":"https:\/\/fedemark.ee\/#website","url":"https:\/\/fedemark.ee\/","name":"Fedemark","description":"Redelid, Tellingud, T\u00f6\u00f6platvormid ja vahekorrused","potentialAction":[{"@type":"SearchAction","target":{"@type":"EntryPoint","urlTemplate":"https:\/\/fedemark.ee\/?s={search_term_string}"},"query-input":"required name=search_term_string"}],"inLanguage":"fi-FI"}]}},"_links":{"self":[{"href":"https:\/\/fedemark.ee\/fi\/wp-json\/wp\/v2\/product\/12134"}],"collection":[{"href":"https:\/\/fedemark.ee\/fi\/wp-json\/wp\/v2\/product"}],"about":[{"href":"https:\/\/fedemark.ee\/fi\/wp-json\/wp\/v2\/types\/product"}],"replies":[{"embeddable":true,"href":"https:\/\/fedemark.ee\/fi\/wp-json\/wp\/v2\/comments?post=12134"}],"version-history":[{"count":1,"href":"https:\/\/fedemark.ee\/fi\/wp-json\/wp\/v2\/product\/12134\/revisions"}],"predecessor-version":[{"id":12135,"href":"https:\/\/fedemark.ee\/fi\/wp-json\/wp\/v2\/product\/12134\/revisions\/12135"}],"wp:featuredmedia":[{"embeddable":true,"href":"https:\/\/fedemark.ee\/fi\/wp-json\/wp\/v2\/media\/12097"}],"wp:attachment":[{"href":"https:\/\/fedemark.ee\/fi\/wp-json\/wp\/v2\/media?parent=12134"}],"wp:term":[{"taxonomy":"product_cat","embeddable":true,"href":"https:\/\/fedemark.ee\/fi\/wp-json\/wp\/v2\/product_cat?post=12134"},{"taxonomy":"product_tag","embeddable":true,"href":"https:\/\/fedemark.ee\/fi\/wp-json\/wp\/v2\/product_tag?post=12134"}],"curies":[{"name":"wp","href":"https:\/\/api.w.org\/{rel}","templated":true}]}}