{"id":12225,"date":"2019-08-09T10:44:43","date_gmt":"2019-08-09T10:48:22","guid":{"rendered":"https:\/\/fedemark.ee\/?post_type=product&#038;p=12225"},"modified":"2019-08-13T06:39:17","modified_gmt":"2019-08-13T06:39:17","slug":"pc-80-plastic-tools","status":"publish","type":"product","link":"https:\/\/fedemark.ee\/fi\/tuotteet\/polynimurit\/pc-80-plastic-tools\/","title":{"rendered":"PC 80 Plastic Tools"},"content":{"rendered":"","protected":false},"excerpt":{"rendered":"<p><strong>PC 80 PLASTIC TOOLS<\/strong><\/p>\n<p>Paljon p\u00f6ly\u00e4 aiheuttaville toiminnoille ihanteellisena PC 80 Plastic TOOLSilla on poikkeuksellinen imukyky. Kaksi tehokasta bypass-moottoria k\u00e4ynnistyv\u00e4t progressiivisesti.<br \/>\nYksinkertaisen s\u00e4hk\u00f6liit\u00e4nn\u00e4n ansiosta PC 80 Plastic TOOLS toimii s\u00e4hk\u00f6isesti ohjattavan pistorasian kautta s\u00e4hk\u00f6ty\u00f6v\u00e4liseiden kanssa t\u00e4ydellisess\u00e4 sopusoinnussa.<br \/>\nLaitteessa on automaatti, joka jatkaa imutoimintoa 8-10 sekunnin ajan poistaakseen mahdolliset j\u00e4\u00e4nteet, jotka ovat taipuvaan letkuun j\u00e4\u00e4neet.<br \/>\nHEPA-j\u00e4lkisuodattimella varustettu PC 80 Plastic TOOLS sopii ihanteellisesti taajaan k\u00e4ytt\u00f6\u00f6n, se on huippulaatuinen m\u00e4rk\u00e4- ja kuivaimuri.<\/p>\n<table width=\"100%\">\n<tbody>\n<tr>\n<td><strong>Tekniset tiedot<\/strong><\/td>\n<\/tr>\n<tr>\n<td>Tuotteen koodi<\/td>\n<td>94 002H7G<\/td>\n<\/tr>\n<tr>\n<td>J\u00e4nnite, V~<\/td>\n<td>220-240<\/td>\n<\/tr>\n<tr>\n<td>Taajuus, Hz<\/td>\n<td>50\/60<\/td>\n<\/tr>\n<tr>\n<td>IEC-teho, W<\/td>\n<td>1200<\/td>\n<\/tr>\n<tr>\n<td>Maksimiteho, W (molemmat moottorit)<\/td>\n<td>2400<\/td>\n<\/tr>\n<tr>\n<td>Moottorin eristysluokka<\/td>\n<td><\/td>\n<\/tr>\n<tr>\n<td>Laitteen eristysluokka<\/td>\n<td>I<\/td>\n<\/tr>\n<tr>\n<td>Teho s\u00e4hk\u00f6laitteen pistokkeessa, W<\/td>\n<td>2000<\/td>\n<\/tr>\n<tr>\n<td>Automaattilaite imutoiminnon jatkamiseen, t\/sek<\/td>\n<td>8\u00f710<\/td>\n<\/tr>\n<tr>\n<td>Suunniteltu tilavuus, l<\/td>\n<td>80<\/td>\n<\/tr>\n<tr>\n<td>Rummun materiaali<\/td>\n<td>PE-HD<\/td>\n<\/tr>\n<tr>\n<td>Maksimialipaine, mbar<\/td>\n<td>240<\/td>\n<\/tr>\n<tr>\n<td>Maksimi-ilmavirta (suunnilleen), m<sup>3<\/sup>\/h moottoria kohti<\/td>\n<td>200<\/td>\n<\/tr>\n<tr>\n<td>Moottorin tyyppi<\/td>\n<td>Tehokas w\/cup<\/td>\n<\/tr>\n<\/tbody>\n<\/table>\n<p>&nbsp;<\/p>\n<table width=\"100%\">\n<tbody>\n<tr>\n<td><strong>Suodatusj\u00e4rjestelm\u00e4<\/strong><\/td>\n<\/tr>\n<tr>\n<td><strong>\u00a0<\/strong><\/td>\n<\/tr>\n<tr>\n<td>Polyesterihuopakorinen IFA-esisuodatin, G-luokka<\/td>\n<\/tr>\n<tr>\n<td>Kasettisuodatin<\/td>\n<\/tr>\n<tr>\n<td>US-Hepa -vetosuodattimet<\/td>\n<\/tr>\n<tr>\n<td>Vaahtoamisen vastainen suodatin<\/td>\n<\/tr>\n<tr>\n<td>Kertak\u00e4ytt\u00f6inen polyeteeninen p\u00f6lypussi, paksuus 80 mikronia (lis\u00e4varuste)<\/td>\n<\/tr>\n<\/tbody>\n<\/table>\n<p>&nbsp;<\/p>\n<table width=\"100%\">\n<tbody>\n<tr>\n<td><strong>Lis\u00e4tarvikkeet, \u00f8 45 mm<\/strong><\/td>\n<\/tr>\n<tr>\n<td>1. Universaalilla adapteriliit\u00e4nn\u00e4ll\u00e4 varustettu k\u00e4\u00e4ntyv\u00e4 letku s\u00e4hk\u00f6ty\u00f6v\u00e4lineille<br \/>\n2. K\u00e4\u00e4ntyv\u00e4liitoksinen taipuva letku<br \/>\n3. Kolmikulmainen suutin<br \/>\n4. Kromatut ter\u00e4ksiset kaarevat jatkoputket<br \/>\n5. Jatkoputket<br \/>\n6. Kapea suutin<br \/>\n7. Lukitusrengas s\u00e4hk\u00f6ty\u00f6v\u00e4lineen johdolle<br \/>\n8. Teollinen mattojenpuhdistusharja<br \/>\n9. Teollinen nesteidenpuhdistusharja<br \/>\n10. Teollinen lattioidenpuhdistusharja<\/td>\n<\/tr>\n<\/tbody>\n<\/table>\n<p>&nbsp;<\/p>\n","protected":false},"featured_media":12144,"comment_status":"closed","ping_status":"closed","template":"","meta":{"footnotes":""},"product_cat":[272],"product_tag":[],"yoast_head":"<!-- This site is optimized with the Yoast SEO plugin v22.6 - https:\/\/yoast.com\/wordpress\/plugins\/seo\/ -->\n<title>PC 80 Plastic Tools - Fedemark<\/title>\n<meta name=\"robots\" content=\"index, follow, max-snippet:-1, max-image-preview:large, max-video-preview:-1\" \/>\n<link rel=\"canonical\" href=\"https:\/\/fedemark.ee\/fi\/tuotteet\/polynimurit\/pc-80-plastic-tools\/\" \/>\n<meta property=\"og:locale\" content=\"fi_FI\" \/>\n<meta property=\"og:type\" content=\"article\" \/>\n<meta property=\"og:title\" content=\"PC 80 Plastic Tools - Fedemark\" \/>\n<meta property=\"og:description\" content=\"PC 80 PLASTIC TOOLS  Paljon p\u00f6ly\u00e4 aiheuttaville toiminnoille ihanteellisena PC 80 Plastic TOOLSilla on poikkeuksellinen imukyky. Kaksi tehokasta bypass-moottoria k\u00e4ynnistyv\u00e4t progressiivisesti. Yksinkertaisen s\u00e4hk\u00f6liit\u00e4nn\u00e4n ansiosta PC 80 Plastic TOOLS toimii s\u00e4hk\u00f6isesti ohjattavan pistorasian kautta s\u00e4hk\u00f6ty\u00f6v\u00e4liseiden kanssa t\u00e4ydellisess\u00e4 sopusoinnussa. Laitteessa on automaatti, joka jatkaa imutoimintoa 8-10 sekunnin ajan poistaakseen mahdolliset j\u00e4\u00e4nteet, jotka ovat taipuvaan letkuun j\u00e4\u00e4neet. HEPA-j\u00e4lkisuodattimella varustettu PC 80 Plastic TOOLS sopii ihanteellisesti taajaan k\u00e4ytt\u00f6\u00f6n, se on huippulaatuinen m\u00e4rk\u00e4- ja kuivaimuri.    Tekniset tiedot   Tuotteen koodi 94 002H7G   J\u00e4nnite, V~ 220-240   Taajuus, Hz 50\/60   IEC-teho, W 1200   Maksimiteho, W (molemmat moottorit) 2400   Moottorin eristysluokka    Laitteen eristysluokka I   Teho s\u00e4hk\u00f6laitteen pistokkeessa, W 2000   Automaattilaite imutoiminnon jatkamiseen, t\/sek 8\u00f710   Suunniteltu tilavuus, l 80   Rummun materiaali PE-HD   Maksimialipaine, mbar 240   Maksimi-ilmavirta (suunnilleen), m3\/h moottoria kohti 200   Moottorin tyyppi Tehokas w\/cup    &nbsp;    Suodatusj\u00e4rjestelm\u00e4   \u00a0   Polyesterihuopakorinen IFA-esisuodatin, G-luokka   Kasettisuodatin   US-Hepa -vetosuodattimet   Vaahtoamisen vastainen suodatin   Kertak\u00e4ytt\u00f6inen polyeteeninen p\u00f6lypussi, paksuus 80 mikronia (lis\u00e4varuste)    &nbsp;    Lis\u00e4tarvikkeet, \u00f8 45 mm   1. Universaalilla adapteriliit\u00e4nn\u00e4ll\u00e4 varustettu k\u00e4\u00e4ntyv\u00e4 letku s\u00e4hk\u00f6ty\u00f6v\u00e4lineille 2. K\u00e4\u00e4ntyv\u00e4liitoksinen taipuva letku 3. Kolmikulmainen suutin 4. Kromatut ter\u00e4ksiset kaarevat jatkoputket 5. Jatkoputket 6. Kapea suutin 7. Lukitusrengas s\u00e4hk\u00f6ty\u00f6v\u00e4lineen johdolle 8. Teollinen mattojenpuhdistusharja 9. Teollinen nesteidenpuhdistusharja 10. Teollinen lattioidenpuhdistusharja    &nbsp;\" \/>\n<meta property=\"og:url\" content=\"https:\/\/fedemark.ee\/fi\/tuotteet\/polynimurit\/pc-80-plastic-tools\/\" \/>\n<meta property=\"og:site_name\" content=\"Fedemark\" \/>\n<meta property=\"article:modified_time\" content=\"2019-08-13T06:39:17+00:00\" \/>\n<meta property=\"og:image\" content=\"https:\/\/fedemark.ee\/wp-content\/uploads\/2019\/08\/PGV07537-683x1024.jpg\" \/>\n\t<meta property=\"og:image:width\" content=\"683\" \/>\n\t<meta property=\"og:image:height\" content=\"1024\" \/>\n\t<meta property=\"og:image:type\" content=\"image\/jpeg\" \/>\n<meta name=\"twitter:card\" content=\"summary_large_image\" \/>\n<script type=\"application\/ld+json\" class=\"yoast-schema-graph\">{\"@context\":\"https:\/\/schema.org\",\"@graph\":[{\"@type\":\"WebPage\",\"@id\":\"https:\/\/fedemark.ee\/fi\/tuotteet\/polynimurit\/pc-80-plastic-tools\/\",\"url\":\"https:\/\/fedemark.ee\/fi\/tuotteet\/polynimurit\/pc-80-plastic-tools\/\",\"name\":\"PC 80 Plastic Tools - Fedemark\",\"isPartOf\":{\"@id\":\"https:\/\/fedemark.ee\/#website\"},\"primaryImageOfPage\":{\"@id\":\"https:\/\/fedemark.ee\/fi\/tuotteet\/polynimurit\/pc-80-plastic-tools\/#primaryimage\"},\"image\":{\"@id\":\"https:\/\/fedemark.ee\/fi\/tuotteet\/polynimurit\/pc-80-plastic-tools\/#primaryimage\"},\"thumbnailUrl\":\"https:\/\/fedemark.ee\/wp-content\/uploads\/2019\/08\/PGV07537.jpg\",\"datePublished\":\"2019-08-09T10:48:22+00:00\",\"dateModified\":\"2019-08-13T06:39:17+00:00\",\"breadcrumb\":{\"@id\":\"https:\/\/fedemark.ee\/fi\/tuotteet\/polynimurit\/pc-80-plastic-tools\/#breadcrumb\"},\"inLanguage\":\"fi-FI\",\"potentialAction\":[{\"@type\":\"ReadAction\",\"target\":[\"https:\/\/fedemark.ee\/fi\/tuotteet\/polynimurit\/pc-80-plastic-tools\/\"]}]},{\"@type\":\"ImageObject\",\"inLanguage\":\"fi-FI\",\"@id\":\"https:\/\/fedemark.ee\/fi\/tuotteet\/polynimurit\/pc-80-plastic-tools\/#primaryimage\",\"url\":\"https:\/\/fedemark.ee\/wp-content\/uploads\/2019\/08\/PGV07537.jpg\",\"contentUrl\":\"https:\/\/fedemark.ee\/wp-content\/uploads\/2019\/08\/PGV07537.jpg\",\"width\":4000,\"height\":6000},{\"@type\":\"BreadcrumbList\",\"@id\":\"https:\/\/fedemark.ee\/fi\/tuotteet\/polynimurit\/pc-80-plastic-tools\/#breadcrumb\",\"itemListElement\":[{\"@type\":\"ListItem\",\"position\":1,\"name\":\"Home\",\"item\":\"https:\/\/fedemark.ee\/fi\/\"},{\"@type\":\"ListItem\",\"position\":2,\"name\":\"Tuotteet\",\"item\":\"https:\/\/fedemark.ee\/fi\/tuotteet\/\"},{\"@type\":\"ListItem\",\"position\":3,\"name\":\"PC 80 Plastic Tools\"}]},{\"@type\":\"WebSite\",\"@id\":\"https:\/\/fedemark.ee\/#website\",\"url\":\"https:\/\/fedemark.ee\/\",\"name\":\"Fedemark\",\"description\":\"Redelid, Tellingud, T\u00f6\u00f6platvormid ja vahekorrused\",\"potentialAction\":[{\"@type\":\"SearchAction\",\"target\":{\"@type\":\"EntryPoint\",\"urlTemplate\":\"https:\/\/fedemark.ee\/?s={search_term_string}\"},\"query-input\":\"required name=search_term_string\"}],\"inLanguage\":\"fi-FI\"}]}<\/script>\n<!-- \/ Yoast SEO plugin. -->","yoast_head_json":{"title":"PC 80 Plastic Tools - Fedemark","robots":{"index":"index","follow":"follow","max-snippet":"max-snippet:-1","max-image-preview":"max-image-preview:large","max-video-preview":"max-video-preview:-1"},"canonical":"https:\/\/fedemark.ee\/fi\/tuotteet\/polynimurit\/pc-80-plastic-tools\/","og_locale":"fi_FI","og_type":"article","og_title":"PC 80 Plastic Tools - Fedemark","og_description":"PC 80 PLASTIC TOOLS  Paljon p\u00f6ly\u00e4 aiheuttaville toiminnoille ihanteellisena PC 80 Plastic TOOLSilla on poikkeuksellinen imukyky. Kaksi tehokasta bypass-moottoria k\u00e4ynnistyv\u00e4t progressiivisesti. Yksinkertaisen s\u00e4hk\u00f6liit\u00e4nn\u00e4n ansiosta PC 80 Plastic TOOLS toimii s\u00e4hk\u00f6isesti ohjattavan pistorasian kautta s\u00e4hk\u00f6ty\u00f6v\u00e4liseiden kanssa t\u00e4ydellisess\u00e4 sopusoinnussa. Laitteessa on automaatti, joka jatkaa imutoimintoa 8-10 sekunnin ajan poistaakseen mahdolliset j\u00e4\u00e4nteet, jotka ovat taipuvaan letkuun j\u00e4\u00e4neet. HEPA-j\u00e4lkisuodattimella varustettu PC 80 Plastic TOOLS sopii ihanteellisesti taajaan k\u00e4ytt\u00f6\u00f6n, se on huippulaatuinen m\u00e4rk\u00e4- ja kuivaimuri.    Tekniset tiedot   Tuotteen koodi 94 002H7G   J\u00e4nnite, V~ 220-240   Taajuus, Hz 50\/60   IEC-teho, W 1200   Maksimiteho, W (molemmat moottorit) 2400   Moottorin eristysluokka    Laitteen eristysluokka I   Teho s\u00e4hk\u00f6laitteen pistokkeessa, W 2000   Automaattilaite imutoiminnon jatkamiseen, t\/sek 8\u00f710   Suunniteltu tilavuus, l 80   Rummun materiaali PE-HD   Maksimialipaine, mbar 240   Maksimi-ilmavirta (suunnilleen), m3\/h moottoria kohti 200   Moottorin tyyppi Tehokas w\/cup    &nbsp;    Suodatusj\u00e4rjestelm\u00e4   \u00a0   Polyesterihuopakorinen IFA-esisuodatin, G-luokka   Kasettisuodatin   US-Hepa -vetosuodattimet   Vaahtoamisen vastainen suodatin   Kertak\u00e4ytt\u00f6inen polyeteeninen p\u00f6lypussi, paksuus 80 mikronia (lis\u00e4varuste)    &nbsp;    Lis\u00e4tarvikkeet, \u00f8 45 mm   1. Universaalilla adapteriliit\u00e4nn\u00e4ll\u00e4 varustettu k\u00e4\u00e4ntyv\u00e4 letku s\u00e4hk\u00f6ty\u00f6v\u00e4lineille 2. K\u00e4\u00e4ntyv\u00e4liitoksinen taipuva letku 3. Kolmikulmainen suutin 4. Kromatut ter\u00e4ksiset kaarevat jatkoputket 5. Jatkoputket 6. Kapea suutin 7. Lukitusrengas s\u00e4hk\u00f6ty\u00f6v\u00e4lineen johdolle 8. Teollinen mattojenpuhdistusharja 9. Teollinen nesteidenpuhdistusharja 10. Teollinen lattioidenpuhdistusharja    &nbsp;","og_url":"https:\/\/fedemark.ee\/fi\/tuotteet\/polynimurit\/pc-80-plastic-tools\/","og_site_name":"Fedemark","article_modified_time":"2019-08-13T06:39:17+00:00","og_image":[{"width":683,"height":1024,"url":"https:\/\/fedemark.ee\/wp-content\/uploads\/2019\/08\/PGV07537-683x1024.jpg","type":"image\/jpeg"}],"twitter_card":"summary_large_image","schema":{"@context":"https:\/\/schema.org","@graph":[{"@type":"WebPage","@id":"https:\/\/fedemark.ee\/fi\/tuotteet\/polynimurit\/pc-80-plastic-tools\/","url":"https:\/\/fedemark.ee\/fi\/tuotteet\/polynimurit\/pc-80-plastic-tools\/","name":"PC 80 Plastic Tools - Fedemark","isPartOf":{"@id":"https:\/\/fedemark.ee\/#website"},"primaryImageOfPage":{"@id":"https:\/\/fedemark.ee\/fi\/tuotteet\/polynimurit\/pc-80-plastic-tools\/#primaryimage"},"image":{"@id":"https:\/\/fedemark.ee\/fi\/tuotteet\/polynimurit\/pc-80-plastic-tools\/#primaryimage"},"thumbnailUrl":"https:\/\/fedemark.ee\/wp-content\/uploads\/2019\/08\/PGV07537.jpg","datePublished":"2019-08-09T10:48:22+00:00","dateModified":"2019-08-13T06:39:17+00:00","breadcrumb":{"@id":"https:\/\/fedemark.ee\/fi\/tuotteet\/polynimurit\/pc-80-plastic-tools\/#breadcrumb"},"inLanguage":"fi-FI","potentialAction":[{"@type":"ReadAction","target":["https:\/\/fedemark.ee\/fi\/tuotteet\/polynimurit\/pc-80-plastic-tools\/"]}]},{"@type":"ImageObject","inLanguage":"fi-FI","@id":"https:\/\/fedemark.ee\/fi\/tuotteet\/polynimurit\/pc-80-plastic-tools\/#primaryimage","url":"https:\/\/fedemark.ee\/wp-content\/uploads\/2019\/08\/PGV07537.jpg","contentUrl":"https:\/\/fedemark.ee\/wp-content\/uploads\/2019\/08\/PGV07537.jpg","width":4000,"height":6000},{"@type":"BreadcrumbList","@id":"https:\/\/fedemark.ee\/fi\/tuotteet\/polynimurit\/pc-80-plastic-tools\/#breadcrumb","itemListElement":[{"@type":"ListItem","position":1,"name":"Home","item":"https:\/\/fedemark.ee\/fi\/"},{"@type":"ListItem","position":2,"name":"Tuotteet","item":"https:\/\/fedemark.ee\/fi\/tuotteet\/"},{"@type":"ListItem","position":3,"name":"PC 80 Plastic Tools"}]},{"@type":"WebSite","@id":"https:\/\/fedemark.ee\/#website","url":"https:\/\/fedemark.ee\/","name":"Fedemark","description":"Redelid, Tellingud, T\u00f6\u00f6platvormid ja vahekorrused","potentialAction":[{"@type":"SearchAction","target":{"@type":"EntryPoint","urlTemplate":"https:\/\/fedemark.ee\/?s={search_term_string}"},"query-input":"required name=search_term_string"}],"inLanguage":"fi-FI"}]}},"_links":{"self":[{"href":"https:\/\/fedemark.ee\/fi\/wp-json\/wp\/v2\/product\/12225"}],"collection":[{"href":"https:\/\/fedemark.ee\/fi\/wp-json\/wp\/v2\/product"}],"about":[{"href":"https:\/\/fedemark.ee\/fi\/wp-json\/wp\/v2\/types\/product"}],"replies":[{"embeddable":true,"href":"https:\/\/fedemark.ee\/fi\/wp-json\/wp\/v2\/comments?post=12225"}],"version-history":[{"count":1,"href":"https:\/\/fedemark.ee\/fi\/wp-json\/wp\/v2\/product\/12225\/revisions"}],"predecessor-version":[{"id":12226,"href":"https:\/\/fedemark.ee\/fi\/wp-json\/wp\/v2\/product\/12225\/revisions\/12226"}],"wp:featuredmedia":[{"embeddable":true,"href":"https:\/\/fedemark.ee\/fi\/wp-json\/wp\/v2\/media\/12144"}],"wp:attachment":[{"href":"https:\/\/fedemark.ee\/fi\/wp-json\/wp\/v2\/media?parent=12225"}],"wp:term":[{"taxonomy":"product_cat","embeddable":true,"href":"https:\/\/fedemark.ee\/fi\/wp-json\/wp\/v2\/product_cat?post=12225"},{"taxonomy":"product_tag","embeddable":true,"href":"https:\/\/fedemark.ee\/fi\/wp-json\/wp\/v2\/product_tag?post=12225"}],"curies":[{"name":"wp","href":"https:\/\/api.w.org\/{rel}","templated":true}]}}