{"id":7247,"date":"2017-06-16T16:20:01","date_gmt":"2017-06-16T16:20:01","guid":{"rendered":"https:\/\/sharks.ee\/fedemark\/shop\/uncategorized\/comfort-kit\/"},"modified":"2017-07-25T10:42:48","modified_gmt":"2017-07-25T10:42:48","slug":"comfort-kit","status":"publish","type":"product","link":"https:\/\/fedemark.ee\/fi\/tuotteet\/tikkaiden-tarvikkeet\/comfort-kit\/","title":{"rendered":"Comfort kit"},"content":{"rendered":"","protected":false},"excerpt":{"rendered":"<p>K\u00e4ytt\u00e4k\u00e4\u00e4 sein\u00e4\u00e4n tuettavia tikkaita mukavasti ja t\u00e4ysin turvallisesti<\/p>\n<p>Yleisk\u00e4ytt\u00f6inen ter\u00e4ksinen taso ja suojakaide sek\u00e4 ammattilais- ett\u00e4 yksityisk\u00e4ytt\u00f6\u00f6n.<br \/>\nSuojakaiteen alumiinirenkaan l\u00e4pimitta on 600 mm.<br \/>\nSetin voi kiinnitt\u00e4\u00e4 kaikenlaisiin tikkaiden puoliin ja se synnytt\u00e4\u00e4 mukavan tason, jolla k\u00e4ytt\u00e4j\u00e4 voi v\u00e4sym\u00e4tt\u00e4 pitk\u00e4\u00e4n seissa. Se on hyvin helppo koota ja k\u00e4ytt\u00e4\u00e4. Suojakaide antaa suuren turvallisuudentunteen ja v\u00e4hent\u00e4\u00e4 vaarallista sivulle ja taakse kallistumista.<br \/>\nTaso k\u00e4\u00e4ntyy kokoon, kun k\u00e4ytt\u00e4j\u00e4 kiipe\u00e4\u00e4 tikkaille tai laskeutuu niilt\u00e4.<br \/>\nK\u00e4ytt\u00e4j\u00e4 voi avata tason askelma jalallaan.<\/p>\n<p>\u2022 Liukumaton pinta<br \/>\n\u2022 Kokoamis- ja k\u00e4ytt\u00f6ohje<br \/>\n\u2022 Sopii kaikenlaisin puolin varustetuille tikkaille<\/p>\n","protected":false},"featured_media":6965,"comment_status":"open","ping_status":"closed","template":"","meta":{"footnotes":""},"product_cat":[169],"product_tag":[],"yoast_head":"<!-- This site is optimized with the Yoast SEO plugin v22.6 - https:\/\/yoast.com\/wordpress\/plugins\/seo\/ -->\n<title>Comfort kit - Fedemark<\/title>\n<meta name=\"robots\" content=\"index, follow, max-snippet:-1, max-image-preview:large, max-video-preview:-1\" \/>\n<link rel=\"canonical\" href=\"https:\/\/fedemark.ee\/fi\/tuotteet\/tikkaiden-tarvikkeet\/comfort-kit\/\" \/>\n<meta property=\"og:locale\" content=\"fi_FI\" \/>\n<meta property=\"og:type\" content=\"article\" \/>\n<meta property=\"og:title\" content=\"Comfort kit - Fedemark\" \/>\n<meta property=\"og:description\" content=\"K\u00e4ytt\u00e4k\u00e4\u00e4 sein\u00e4\u00e4n tuettavia tikkaita mukavasti ja t\u00e4ysin turvallisesti  Yleisk\u00e4ytt\u00f6inen ter\u00e4ksinen taso ja suojakaide sek\u00e4 ammattilais- ett\u00e4 yksityisk\u00e4ytt\u00f6\u00f6n. Suojakaiteen alumiinirenkaan l\u00e4pimitta on 600 mm. Setin voi kiinnitt\u00e4\u00e4 kaikenlaisiin tikkaiden puoliin ja se synnytt\u00e4\u00e4 mukavan tason, jolla k\u00e4ytt\u00e4j\u00e4 voi v\u00e4sym\u00e4tt\u00e4 pitk\u00e4\u00e4n seissa. Se on hyvin helppo koota ja k\u00e4ytt\u00e4\u00e4. Suojakaide antaa suuren turvallisuudentunteen ja v\u00e4hent\u00e4\u00e4 vaarallista sivulle ja taakse kallistumista. Taso k\u00e4\u00e4ntyy kokoon, kun k\u00e4ytt\u00e4j\u00e4 kiipe\u00e4\u00e4 tikkaille tai laskeutuu niilt\u00e4. K\u00e4ytt\u00e4j\u00e4 voi avata tason askelma jalallaan.  \u2022 Liukumaton pinta \u2022 Kokoamis- ja k\u00e4ytt\u00f6ohje \u2022 Sopii kaikenlaisin puolin varustetuille tikkaille\" \/>\n<meta property=\"og:url\" content=\"https:\/\/fedemark.ee\/fi\/tuotteet\/tikkaiden-tarvikkeet\/comfort-kit\/\" \/>\n<meta property=\"og:site_name\" content=\"Fedemark\" \/>\n<meta property=\"article:modified_time\" content=\"2017-07-25T10:42:48+00:00\" \/>\n<meta property=\"og:image\" content=\"https:\/\/fedemark.ee\/wp-content\/uploads\/2017\/06\/Kit-Comfort-2-683x1024.jpg\" \/>\n\t<meta property=\"og:image:width\" content=\"683\" \/>\n\t<meta property=\"og:image:height\" content=\"1024\" \/>\n\t<meta property=\"og:image:type\" content=\"image\/jpeg\" \/>\n<meta name=\"twitter:card\" content=\"summary_large_image\" \/>\n<script type=\"application\/ld+json\" class=\"yoast-schema-graph\">{\"@context\":\"https:\/\/schema.org\",\"@graph\":[{\"@type\":\"WebPage\",\"@id\":\"https:\/\/fedemark.ee\/fi\/tuotteet\/tikkaiden-tarvikkeet\/comfort-kit\/\",\"url\":\"https:\/\/fedemark.ee\/fi\/tuotteet\/tikkaiden-tarvikkeet\/comfort-kit\/\",\"name\":\"Comfort kit - Fedemark\",\"isPartOf\":{\"@id\":\"https:\/\/fedemark.ee\/#website\"},\"primaryImageOfPage\":{\"@id\":\"https:\/\/fedemark.ee\/fi\/tuotteet\/tikkaiden-tarvikkeet\/comfort-kit\/#primaryimage\"},\"image\":{\"@id\":\"https:\/\/fedemark.ee\/fi\/tuotteet\/tikkaiden-tarvikkeet\/comfort-kit\/#primaryimage\"},\"thumbnailUrl\":\"https:\/\/fedemark.ee\/wp-content\/uploads\/2017\/06\/Kit-Comfort-2.jpg\",\"datePublished\":\"2017-06-16T16:20:01+00:00\",\"dateModified\":\"2017-07-25T10:42:48+00:00\",\"breadcrumb\":{\"@id\":\"https:\/\/fedemark.ee\/fi\/tuotteet\/tikkaiden-tarvikkeet\/comfort-kit\/#breadcrumb\"},\"inLanguage\":\"fi-FI\",\"potentialAction\":[{\"@type\":\"ReadAction\",\"target\":[\"https:\/\/fedemark.ee\/fi\/tuotteet\/tikkaiden-tarvikkeet\/comfort-kit\/\"]}]},{\"@type\":\"ImageObject\",\"inLanguage\":\"fi-FI\",\"@id\":\"https:\/\/fedemark.ee\/fi\/tuotteet\/tikkaiden-tarvikkeet\/comfort-kit\/#primaryimage\",\"url\":\"https:\/\/fedemark.ee\/wp-content\/uploads\/2017\/06\/Kit-Comfort-2.jpg\",\"contentUrl\":\"https:\/\/fedemark.ee\/wp-content\/uploads\/2017\/06\/Kit-Comfort-2.jpg\",\"width\":3168,\"height\":4752},{\"@type\":\"BreadcrumbList\",\"@id\":\"https:\/\/fedemark.ee\/fi\/tuotteet\/tikkaiden-tarvikkeet\/comfort-kit\/#breadcrumb\",\"itemListElement\":[{\"@type\":\"ListItem\",\"position\":1,\"name\":\"Home\",\"item\":\"https:\/\/fedemark.ee\/fi\/\"},{\"@type\":\"ListItem\",\"position\":2,\"name\":\"Tuotteet\",\"item\":\"https:\/\/fedemark.ee\/fi\/tuotteet\/\"},{\"@type\":\"ListItem\",\"position\":3,\"name\":\"Comfort kit\"}]},{\"@type\":\"WebSite\",\"@id\":\"https:\/\/fedemark.ee\/#website\",\"url\":\"https:\/\/fedemark.ee\/\",\"name\":\"Fedemark\",\"description\":\"Redelid, Tellingud, T\u00f6\u00f6platvormid ja vahekorrused\",\"potentialAction\":[{\"@type\":\"SearchAction\",\"target\":{\"@type\":\"EntryPoint\",\"urlTemplate\":\"https:\/\/fedemark.ee\/?s={search_term_string}\"},\"query-input\":\"required name=search_term_string\"}],\"inLanguage\":\"fi-FI\"}]}<\/script>\n<!-- \/ Yoast SEO plugin. -->","yoast_head_json":{"title":"Comfort kit - Fedemark","robots":{"index":"index","follow":"follow","max-snippet":"max-snippet:-1","max-image-preview":"max-image-preview:large","max-video-preview":"max-video-preview:-1"},"canonical":"https:\/\/fedemark.ee\/fi\/tuotteet\/tikkaiden-tarvikkeet\/comfort-kit\/","og_locale":"fi_FI","og_type":"article","og_title":"Comfort kit - Fedemark","og_description":"K\u00e4ytt\u00e4k\u00e4\u00e4 sein\u00e4\u00e4n tuettavia tikkaita mukavasti ja t\u00e4ysin turvallisesti  Yleisk\u00e4ytt\u00f6inen ter\u00e4ksinen taso ja suojakaide sek\u00e4 ammattilais- ett\u00e4 yksityisk\u00e4ytt\u00f6\u00f6n. Suojakaiteen alumiinirenkaan l\u00e4pimitta on 600 mm. Setin voi kiinnitt\u00e4\u00e4 kaikenlaisiin tikkaiden puoliin ja se synnytt\u00e4\u00e4 mukavan tason, jolla k\u00e4ytt\u00e4j\u00e4 voi v\u00e4sym\u00e4tt\u00e4 pitk\u00e4\u00e4n seissa. Se on hyvin helppo koota ja k\u00e4ytt\u00e4\u00e4. Suojakaide antaa suuren turvallisuudentunteen ja v\u00e4hent\u00e4\u00e4 vaarallista sivulle ja taakse kallistumista. Taso k\u00e4\u00e4ntyy kokoon, kun k\u00e4ytt\u00e4j\u00e4 kiipe\u00e4\u00e4 tikkaille tai laskeutuu niilt\u00e4. K\u00e4ytt\u00e4j\u00e4 voi avata tason askelma jalallaan.  \u2022 Liukumaton pinta \u2022 Kokoamis- ja k\u00e4ytt\u00f6ohje \u2022 Sopii kaikenlaisin puolin varustetuille tikkaille","og_url":"https:\/\/fedemark.ee\/fi\/tuotteet\/tikkaiden-tarvikkeet\/comfort-kit\/","og_site_name":"Fedemark","article_modified_time":"2017-07-25T10:42:48+00:00","og_image":[{"width":683,"height":1024,"url":"https:\/\/fedemark.ee\/wp-content\/uploads\/2017\/06\/Kit-Comfort-2-683x1024.jpg","type":"image\/jpeg"}],"twitter_card":"summary_large_image","schema":{"@context":"https:\/\/schema.org","@graph":[{"@type":"WebPage","@id":"https:\/\/fedemark.ee\/fi\/tuotteet\/tikkaiden-tarvikkeet\/comfort-kit\/","url":"https:\/\/fedemark.ee\/fi\/tuotteet\/tikkaiden-tarvikkeet\/comfort-kit\/","name":"Comfort kit - Fedemark","isPartOf":{"@id":"https:\/\/fedemark.ee\/#website"},"primaryImageOfPage":{"@id":"https:\/\/fedemark.ee\/fi\/tuotteet\/tikkaiden-tarvikkeet\/comfort-kit\/#primaryimage"},"image":{"@id":"https:\/\/fedemark.ee\/fi\/tuotteet\/tikkaiden-tarvikkeet\/comfort-kit\/#primaryimage"},"thumbnailUrl":"https:\/\/fedemark.ee\/wp-content\/uploads\/2017\/06\/Kit-Comfort-2.jpg","datePublished":"2017-06-16T16:20:01+00:00","dateModified":"2017-07-25T10:42:48+00:00","breadcrumb":{"@id":"https:\/\/fedemark.ee\/fi\/tuotteet\/tikkaiden-tarvikkeet\/comfort-kit\/#breadcrumb"},"inLanguage":"fi-FI","potentialAction":[{"@type":"ReadAction","target":["https:\/\/fedemark.ee\/fi\/tuotteet\/tikkaiden-tarvikkeet\/comfort-kit\/"]}]},{"@type":"ImageObject","inLanguage":"fi-FI","@id":"https:\/\/fedemark.ee\/fi\/tuotteet\/tikkaiden-tarvikkeet\/comfort-kit\/#primaryimage","url":"https:\/\/fedemark.ee\/wp-content\/uploads\/2017\/06\/Kit-Comfort-2.jpg","contentUrl":"https:\/\/fedemark.ee\/wp-content\/uploads\/2017\/06\/Kit-Comfort-2.jpg","width":3168,"height":4752},{"@type":"BreadcrumbList","@id":"https:\/\/fedemark.ee\/fi\/tuotteet\/tikkaiden-tarvikkeet\/comfort-kit\/#breadcrumb","itemListElement":[{"@type":"ListItem","position":1,"name":"Home","item":"https:\/\/fedemark.ee\/fi\/"},{"@type":"ListItem","position":2,"name":"Tuotteet","item":"https:\/\/fedemark.ee\/fi\/tuotteet\/"},{"@type":"ListItem","position":3,"name":"Comfort kit"}]},{"@type":"WebSite","@id":"https:\/\/fedemark.ee\/#website","url":"https:\/\/fedemark.ee\/","name":"Fedemark","description":"Redelid, Tellingud, T\u00f6\u00f6platvormid ja vahekorrused","potentialAction":[{"@type":"SearchAction","target":{"@type":"EntryPoint","urlTemplate":"https:\/\/fedemark.ee\/?s={search_term_string}"},"query-input":"required name=search_term_string"}],"inLanguage":"fi-FI"}]}},"_links":{"self":[{"href":"https:\/\/fedemark.ee\/fi\/wp-json\/wp\/v2\/product\/7247"}],"collection":[{"href":"https:\/\/fedemark.ee\/fi\/wp-json\/wp\/v2\/product"}],"about":[{"href":"https:\/\/fedemark.ee\/fi\/wp-json\/wp\/v2\/types\/product"}],"replies":[{"embeddable":true,"href":"https:\/\/fedemark.ee\/fi\/wp-json\/wp\/v2\/comments?post=7247"}],"version-history":[{"count":0,"href":"https:\/\/fedemark.ee\/fi\/wp-json\/wp\/v2\/product\/7247\/revisions"}],"wp:featuredmedia":[{"embeddable":true,"href":"https:\/\/fedemark.ee\/fi\/wp-json\/wp\/v2\/media\/6965"}],"wp:attachment":[{"href":"https:\/\/fedemark.ee\/fi\/wp-json\/wp\/v2\/media?parent=7247"}],"wp:term":[{"taxonomy":"product_cat","embeddable":true,"href":"https:\/\/fedemark.ee\/fi\/wp-json\/wp\/v2\/product_cat?post=7247"},{"taxonomy":"product_tag","embeddable":true,"href":"https:\/\/fedemark.ee\/fi\/wp-json\/wp\/v2\/product_tag?post=7247"}],"curies":[{"name":"wp","href":"https:\/\/api.w.org\/{rel}","templated":true}]}}