{"id":7250,"date":"2017-06-16T18:01:50","date_gmt":"2017-06-16T18:01:50","guid":{"rendered":"https:\/\/sharks.ee\/fedemark\/shop\/uncategorized\/turvakonksud-redelile\/"},"modified":"2017-07-25T10:54:09","modified_gmt":"2017-07-25T10:54:09","slug":"turvakoukut-tikkaille","status":"publish","type":"product","link":"https:\/\/fedemark.ee\/fi\/tuotteet\/tikkaiden-tarvikkeet\/turvakoukut-tikkaille\/","title":{"rendered":"Turvakoukut tikkaille"},"content":{"rendered":"","protected":false},"excerpt":{"rendered":"<p>Sopivat kaikenlaisille tikkaille<\/p>\n<p>N\u00e4m\u00e4 pystyy jokainen kiinnitt\u00e4m\u00e4\u00e4n niittien avulla. Poratkaa vain tikkaiden profiiliin rei\u00e4t koukkujen reikien kanssa samalle et\u00e4isyydelle. N\u00e4in saatte tikkaat, jotka sopivat sein\u00e4\u00e4n kiinnitett\u00e4viksi. Koukut eiv\u00e4t ole tarkoitetut tikkaiden pit\u00e4miseen ilmassa. On mahdollista saada meid\u00e4n tikkaamme jo valmiiksi asennetuilla koukuilla. Saatavana 35 mm ja 50 mm l\u00e4pimittaisina.<\/p>\n","protected":false},"featured_media":7081,"comment_status":"open","ping_status":"closed","template":"","meta":{"footnotes":""},"product_cat":[169],"product_tag":[],"yoast_head":"<!-- This site is optimized with the Yoast SEO plugin v22.6 - https:\/\/yoast.com\/wordpress\/plugins\/seo\/ -->\n<title>Turvakoukut tikkaille - Fedemark<\/title>\n<meta name=\"robots\" content=\"index, follow, max-snippet:-1, max-image-preview:large, max-video-preview:-1\" \/>\n<link rel=\"canonical\" href=\"https:\/\/fedemark.ee\/fi\/tuotteet\/tikkaiden-tarvikkeet\/turvakoukut-tikkaille\/\" \/>\n<meta property=\"og:locale\" content=\"fi_FI\" \/>\n<meta property=\"og:type\" content=\"article\" \/>\n<meta property=\"og:title\" content=\"Turvakoukut tikkaille - Fedemark\" \/>\n<meta property=\"og:description\" content=\"Sopivat kaikenlaisille tikkaille  N\u00e4m\u00e4 pystyy jokainen kiinnitt\u00e4m\u00e4\u00e4n niittien avulla. Poratkaa vain tikkaiden profiiliin rei\u00e4t koukkujen reikien kanssa samalle et\u00e4isyydelle. N\u00e4in saatte tikkaat, jotka sopivat sein\u00e4\u00e4n kiinnitett\u00e4viksi. Koukut eiv\u00e4t ole tarkoitetut tikkaiden pit\u00e4miseen ilmassa. On mahdollista saada meid\u00e4n tikkaamme jo valmiiksi asennetuilla koukuilla. Saatavana 35 mm ja 50 mm l\u00e4pimittaisina.\" \/>\n<meta property=\"og:url\" content=\"https:\/\/fedemark.ee\/fi\/tuotteet\/tikkaiden-tarvikkeet\/turvakoukut-tikkaille\/\" \/>\n<meta property=\"og:site_name\" content=\"Fedemark\" \/>\n<meta property=\"article:modified_time\" content=\"2017-07-25T10:54:09+00:00\" \/>\n<meta property=\"og:image\" content=\"https:\/\/fedemark.ee\/wp-content\/uploads\/2017\/06\/safety-hooks-for-ladders.jpg\" \/>\n\t<meta property=\"og:image:width\" content=\"960\" \/>\n\t<meta property=\"og:image:height\" content=\"1280\" \/>\n\t<meta property=\"og:image:type\" content=\"image\/jpeg\" \/>\n<meta name=\"twitter:card\" content=\"summary_large_image\" \/>\n<script type=\"application\/ld+json\" class=\"yoast-schema-graph\">{\"@context\":\"https:\/\/schema.org\",\"@graph\":[{\"@type\":\"WebPage\",\"@id\":\"https:\/\/fedemark.ee\/fi\/tuotteet\/tikkaiden-tarvikkeet\/turvakoukut-tikkaille\/\",\"url\":\"https:\/\/fedemark.ee\/fi\/tuotteet\/tikkaiden-tarvikkeet\/turvakoukut-tikkaille\/\",\"name\":\"Turvakoukut tikkaille - Fedemark\",\"isPartOf\":{\"@id\":\"https:\/\/fedemark.ee\/#website\"},\"primaryImageOfPage\":{\"@id\":\"https:\/\/fedemark.ee\/fi\/tuotteet\/tikkaiden-tarvikkeet\/turvakoukut-tikkaille\/#primaryimage\"},\"image\":{\"@id\":\"https:\/\/fedemark.ee\/fi\/tuotteet\/tikkaiden-tarvikkeet\/turvakoukut-tikkaille\/#primaryimage\"},\"thumbnailUrl\":\"https:\/\/fedemark.ee\/wp-content\/uploads\/2017\/06\/safety-hooks-for-ladders.jpg\",\"datePublished\":\"2017-06-16T18:01:50+00:00\",\"dateModified\":\"2017-07-25T10:54:09+00:00\",\"breadcrumb\":{\"@id\":\"https:\/\/fedemark.ee\/fi\/tuotteet\/tikkaiden-tarvikkeet\/turvakoukut-tikkaille\/#breadcrumb\"},\"inLanguage\":\"fi-FI\",\"potentialAction\":[{\"@type\":\"ReadAction\",\"target\":[\"https:\/\/fedemark.ee\/fi\/tuotteet\/tikkaiden-tarvikkeet\/turvakoukut-tikkaille\/\"]}]},{\"@type\":\"ImageObject\",\"inLanguage\":\"fi-FI\",\"@id\":\"https:\/\/fedemark.ee\/fi\/tuotteet\/tikkaiden-tarvikkeet\/turvakoukut-tikkaille\/#primaryimage\",\"url\":\"https:\/\/fedemark.ee\/wp-content\/uploads\/2017\/06\/safety-hooks-for-ladders.jpg\",\"contentUrl\":\"https:\/\/fedemark.ee\/wp-content\/uploads\/2017\/06\/safety-hooks-for-ladders.jpg\",\"width\":960,\"height\":1280},{\"@type\":\"BreadcrumbList\",\"@id\":\"https:\/\/fedemark.ee\/fi\/tuotteet\/tikkaiden-tarvikkeet\/turvakoukut-tikkaille\/#breadcrumb\",\"itemListElement\":[{\"@type\":\"ListItem\",\"position\":1,\"name\":\"Home\",\"item\":\"https:\/\/fedemark.ee\/fi\/\"},{\"@type\":\"ListItem\",\"position\":2,\"name\":\"Tuotteet\",\"item\":\"https:\/\/fedemark.ee\/fi\/tuotteet\/\"},{\"@type\":\"ListItem\",\"position\":3,\"name\":\"Turvakoukut tikkaille\"}]},{\"@type\":\"WebSite\",\"@id\":\"https:\/\/fedemark.ee\/#website\",\"url\":\"https:\/\/fedemark.ee\/\",\"name\":\"Fedemark\",\"description\":\"Redelid, Tellingud, T\u00f6\u00f6platvormid ja vahekorrused\",\"potentialAction\":[{\"@type\":\"SearchAction\",\"target\":{\"@type\":\"EntryPoint\",\"urlTemplate\":\"https:\/\/fedemark.ee\/?s={search_term_string}\"},\"query-input\":\"required name=search_term_string\"}],\"inLanguage\":\"fi-FI\"}]}<\/script>\n<!-- \/ Yoast SEO plugin. -->","yoast_head_json":{"title":"Turvakoukut tikkaille - Fedemark","robots":{"index":"index","follow":"follow","max-snippet":"max-snippet:-1","max-image-preview":"max-image-preview:large","max-video-preview":"max-video-preview:-1"},"canonical":"https:\/\/fedemark.ee\/fi\/tuotteet\/tikkaiden-tarvikkeet\/turvakoukut-tikkaille\/","og_locale":"fi_FI","og_type":"article","og_title":"Turvakoukut tikkaille - Fedemark","og_description":"Sopivat kaikenlaisille tikkaille  N\u00e4m\u00e4 pystyy jokainen kiinnitt\u00e4m\u00e4\u00e4n niittien avulla. Poratkaa vain tikkaiden profiiliin rei\u00e4t koukkujen reikien kanssa samalle et\u00e4isyydelle. N\u00e4in saatte tikkaat, jotka sopivat sein\u00e4\u00e4n kiinnitett\u00e4viksi. Koukut eiv\u00e4t ole tarkoitetut tikkaiden pit\u00e4miseen ilmassa. On mahdollista saada meid\u00e4n tikkaamme jo valmiiksi asennetuilla koukuilla. Saatavana 35 mm ja 50 mm l\u00e4pimittaisina.","og_url":"https:\/\/fedemark.ee\/fi\/tuotteet\/tikkaiden-tarvikkeet\/turvakoukut-tikkaille\/","og_site_name":"Fedemark","article_modified_time":"2017-07-25T10:54:09+00:00","og_image":[{"width":960,"height":1280,"url":"https:\/\/fedemark.ee\/wp-content\/uploads\/2017\/06\/safety-hooks-for-ladders.jpg","type":"image\/jpeg"}],"twitter_card":"summary_large_image","schema":{"@context":"https:\/\/schema.org","@graph":[{"@type":"WebPage","@id":"https:\/\/fedemark.ee\/fi\/tuotteet\/tikkaiden-tarvikkeet\/turvakoukut-tikkaille\/","url":"https:\/\/fedemark.ee\/fi\/tuotteet\/tikkaiden-tarvikkeet\/turvakoukut-tikkaille\/","name":"Turvakoukut tikkaille - Fedemark","isPartOf":{"@id":"https:\/\/fedemark.ee\/#website"},"primaryImageOfPage":{"@id":"https:\/\/fedemark.ee\/fi\/tuotteet\/tikkaiden-tarvikkeet\/turvakoukut-tikkaille\/#primaryimage"},"image":{"@id":"https:\/\/fedemark.ee\/fi\/tuotteet\/tikkaiden-tarvikkeet\/turvakoukut-tikkaille\/#primaryimage"},"thumbnailUrl":"https:\/\/fedemark.ee\/wp-content\/uploads\/2017\/06\/safety-hooks-for-ladders.jpg","datePublished":"2017-06-16T18:01:50+00:00","dateModified":"2017-07-25T10:54:09+00:00","breadcrumb":{"@id":"https:\/\/fedemark.ee\/fi\/tuotteet\/tikkaiden-tarvikkeet\/turvakoukut-tikkaille\/#breadcrumb"},"inLanguage":"fi-FI","potentialAction":[{"@type":"ReadAction","target":["https:\/\/fedemark.ee\/fi\/tuotteet\/tikkaiden-tarvikkeet\/turvakoukut-tikkaille\/"]}]},{"@type":"ImageObject","inLanguage":"fi-FI","@id":"https:\/\/fedemark.ee\/fi\/tuotteet\/tikkaiden-tarvikkeet\/turvakoukut-tikkaille\/#primaryimage","url":"https:\/\/fedemark.ee\/wp-content\/uploads\/2017\/06\/safety-hooks-for-ladders.jpg","contentUrl":"https:\/\/fedemark.ee\/wp-content\/uploads\/2017\/06\/safety-hooks-for-ladders.jpg","width":960,"height":1280},{"@type":"BreadcrumbList","@id":"https:\/\/fedemark.ee\/fi\/tuotteet\/tikkaiden-tarvikkeet\/turvakoukut-tikkaille\/#breadcrumb","itemListElement":[{"@type":"ListItem","position":1,"name":"Home","item":"https:\/\/fedemark.ee\/fi\/"},{"@type":"ListItem","position":2,"name":"Tuotteet","item":"https:\/\/fedemark.ee\/fi\/tuotteet\/"},{"@type":"ListItem","position":3,"name":"Turvakoukut tikkaille"}]},{"@type":"WebSite","@id":"https:\/\/fedemark.ee\/#website","url":"https:\/\/fedemark.ee\/","name":"Fedemark","description":"Redelid, Tellingud, T\u00f6\u00f6platvormid ja vahekorrused","potentialAction":[{"@type":"SearchAction","target":{"@type":"EntryPoint","urlTemplate":"https:\/\/fedemark.ee\/?s={search_term_string}"},"query-input":"required name=search_term_string"}],"inLanguage":"fi-FI"}]}},"_links":{"self":[{"href":"https:\/\/fedemark.ee\/fi\/wp-json\/wp\/v2\/product\/7250"}],"collection":[{"href":"https:\/\/fedemark.ee\/fi\/wp-json\/wp\/v2\/product"}],"about":[{"href":"https:\/\/fedemark.ee\/fi\/wp-json\/wp\/v2\/types\/product"}],"replies":[{"embeddable":true,"href":"https:\/\/fedemark.ee\/fi\/wp-json\/wp\/v2\/comments?post=7250"}],"version-history":[{"count":0,"href":"https:\/\/fedemark.ee\/fi\/wp-json\/wp\/v2\/product\/7250\/revisions"}],"wp:featuredmedia":[{"embeddable":true,"href":"https:\/\/fedemark.ee\/fi\/wp-json\/wp\/v2\/media\/7081"}],"wp:attachment":[{"href":"https:\/\/fedemark.ee\/fi\/wp-json\/wp\/v2\/media?parent=7250"}],"wp:term":[{"taxonomy":"product_cat","embeddable":true,"href":"https:\/\/fedemark.ee\/fi\/wp-json\/wp\/v2\/product_cat?post=7250"},{"taxonomy":"product_tag","embeddable":true,"href":"https:\/\/fedemark.ee\/fi\/wp-json\/wp\/v2\/product_tag?post=7250"}],"curies":[{"name":"wp","href":"https:\/\/api.w.org\/{rel}","templated":true}]}}