{"id":7252,"date":"2017-06-16T17:52:15","date_gmt":"2017-06-16T17:52:15","guid":{"rendered":"https:\/\/sharks.ee\/fedemark\/shop\/uncategorized\/redeli-matt\/"},"modified":"2017-07-25T10:51:18","modified_gmt":"2017-07-25T10:51:18","slug":"tikasmatto","status":"publish","type":"product","link":"https:\/\/fedemark.ee\/fi\/tuotteet\/tikkaiden-tarvikkeet\/tikasmatto\/","title":{"rendered":"Tikasmatto"},"content":{"rendered":"","protected":false},"excerpt":{"rendered":"<p>Liukumaton kuminen tasausj\u00e4rjestelm\u00e4 kaikenlaisille tikkaille<\/p>\n<p>Turvallisuus on tikkailla kaikkein t\u00e4rkeint\u00e4. Tikasmatto on t\u00e4rke\u00e4 tarvike lavastajille, tuotteiden ja ikkunan asentajille sek\u00e4 -pesij\u00f6ille ja muille tikkaiden k\u00e4ytt\u00e4jille, jotka huolehtivat omaisuudestaan ja tikkaiden turvallisuudesta.<\/p>\n<p>T\u00e4m\u00e4n tuotteen keksi ikkunanpesij\u00e4, joka tuntee tikkaisiin liittyv\u00e4t vaarat. Tikkaat voivat olla ongelma kaltevalla pinnalla tai ep\u00e4tasaisella maalla. Miten kiipe\u00e4tte yl\u00f6s pesem\u00e4\u00e4n ikkunoita, puhdistamaan vesikouruja tai maalaamaan ilman, ett\u00e4 tikkaan kallistuvat yhdelle sivulle? Tai miten v\u00e4lt\u00e4tte sile\u00e4ll\u00e4 pinnalla tikkaiden liukumista sein\u00e4st\u00e4 et\u00e4\u00e4mm\u00e4s? Tai pehme\u00e4\u00e4n aluspintaan vajoamista?<\/p>\n<p>Tikasmatto pystyy tarjoamaan ratkaisun kaikkiin n\u00e4ihin ongelmiin.<\/p>\n<p>Nelj\u00e4 eritt\u00e4in kest\u00e4v\u00e4st\u00e4 muhkuraisesta kumista valmistettua mattoa on liitetty yhteen metallisilmukalla ja ne antavat s\u00e4\u00e4dett\u00e4v\u00e4n ja liukumattoman esteen tikkaiden lis\u00e4korkeutta tarvitsevan jalan alle. Ne voi asettaa my\u00f6s kummankin jalan alle v\u00e4hent\u00e4m\u00e4\u00e4n liukumisen tai aluspintaan vajoamisen vaaraa.<\/p>\n<p>Jokainen matto 24 x 17 cm (9 tuumaa x 6,5 tuumaa). Suurin mahdollinen lis\u00e4korkeus 6,5 cm (2,5 tuumaa).<\/p>\n","protected":false},"featured_media":7025,"comment_status":"open","ping_status":"closed","template":"","meta":{"footnotes":""},"product_cat":[169],"product_tag":[],"yoast_head":"<!-- This site is optimized with the Yoast SEO plugin v22.6 - https:\/\/yoast.com\/wordpress\/plugins\/seo\/ -->\n<title>Tikasmatto - Fedemark<\/title>\n<meta name=\"robots\" content=\"index, follow, max-snippet:-1, max-image-preview:large, max-video-preview:-1\" \/>\n<link rel=\"canonical\" href=\"https:\/\/fedemark.ee\/fi\/tuotteet\/tikkaiden-tarvikkeet\/tikasmatto\/\" \/>\n<meta property=\"og:locale\" content=\"fi_FI\" \/>\n<meta property=\"og:type\" content=\"article\" \/>\n<meta property=\"og:title\" content=\"Tikasmatto - Fedemark\" \/>\n<meta property=\"og:description\" content=\"Liukumaton kuminen tasausj\u00e4rjestelm\u00e4 kaikenlaisille tikkaille  Turvallisuus on tikkailla kaikkein t\u00e4rkeint\u00e4. Tikasmatto on t\u00e4rke\u00e4 tarvike lavastajille, tuotteiden ja ikkunan asentajille sek\u00e4 -pesij\u00f6ille ja muille tikkaiden k\u00e4ytt\u00e4jille, jotka huolehtivat omaisuudestaan ja tikkaiden turvallisuudesta.  T\u00e4m\u00e4n tuotteen keksi ikkunanpesij\u00e4, joka tuntee tikkaisiin liittyv\u00e4t vaarat. Tikkaat voivat olla ongelma kaltevalla pinnalla tai ep\u00e4tasaisella maalla. Miten kiipe\u00e4tte yl\u00f6s pesem\u00e4\u00e4n ikkunoita, puhdistamaan vesikouruja tai maalaamaan ilman, ett\u00e4 tikkaan kallistuvat yhdelle sivulle? Tai miten v\u00e4lt\u00e4tte sile\u00e4ll\u00e4 pinnalla tikkaiden liukumista sein\u00e4st\u00e4 et\u00e4\u00e4mm\u00e4s? Tai pehme\u00e4\u00e4n aluspintaan vajoamista?  Tikasmatto pystyy tarjoamaan ratkaisun kaikkiin n\u00e4ihin ongelmiin.  Nelj\u00e4 eritt\u00e4in kest\u00e4v\u00e4st\u00e4 muhkuraisesta kumista valmistettua mattoa on liitetty yhteen metallisilmukalla ja ne antavat s\u00e4\u00e4dett\u00e4v\u00e4n ja liukumattoman esteen tikkaiden lis\u00e4korkeutta tarvitsevan jalan alle. Ne voi asettaa my\u00f6s kummankin jalan alle v\u00e4hent\u00e4m\u00e4\u00e4n liukumisen tai aluspintaan vajoamisen vaaraa.  Jokainen matto 24 x 17 cm (9 tuumaa x 6,5 tuumaa). Suurin mahdollinen lis\u00e4korkeus 6,5 cm (2,5 tuumaa).\" \/>\n<meta property=\"og:url\" content=\"https:\/\/fedemark.ee\/fi\/tuotteet\/tikkaiden-tarvikkeet\/tikasmatto\/\" \/>\n<meta property=\"og:site_name\" content=\"Fedemark\" \/>\n<meta property=\"article:modified_time\" content=\"2017-07-25T10:51:18+00:00\" \/>\n<meta property=\"og:image\" content=\"https:\/\/fedemark.ee\/wp-content\/uploads\/2017\/06\/laddermat.jpg\" \/>\n\t<meta property=\"og:image:width\" content=\"751\" \/>\n\t<meta property=\"og:image:height\" content=\"1000\" \/>\n\t<meta property=\"og:image:type\" content=\"image\/jpeg\" \/>\n<meta name=\"twitter:card\" content=\"summary_large_image\" \/>\n<script type=\"application\/ld+json\" class=\"yoast-schema-graph\">{\"@context\":\"https:\/\/schema.org\",\"@graph\":[{\"@type\":\"WebPage\",\"@id\":\"https:\/\/fedemark.ee\/fi\/tuotteet\/tikkaiden-tarvikkeet\/tikasmatto\/\",\"url\":\"https:\/\/fedemark.ee\/fi\/tuotteet\/tikkaiden-tarvikkeet\/tikasmatto\/\",\"name\":\"Tikasmatto - Fedemark\",\"isPartOf\":{\"@id\":\"https:\/\/fedemark.ee\/#website\"},\"primaryImageOfPage\":{\"@id\":\"https:\/\/fedemark.ee\/fi\/tuotteet\/tikkaiden-tarvikkeet\/tikasmatto\/#primaryimage\"},\"image\":{\"@id\":\"https:\/\/fedemark.ee\/fi\/tuotteet\/tikkaiden-tarvikkeet\/tikasmatto\/#primaryimage\"},\"thumbnailUrl\":\"https:\/\/fedemark.ee\/wp-content\/uploads\/2017\/06\/laddermat.jpg\",\"datePublished\":\"2017-06-16T17:52:15+00:00\",\"dateModified\":\"2017-07-25T10:51:18+00:00\",\"breadcrumb\":{\"@id\":\"https:\/\/fedemark.ee\/fi\/tuotteet\/tikkaiden-tarvikkeet\/tikasmatto\/#breadcrumb\"},\"inLanguage\":\"fi-FI\",\"potentialAction\":[{\"@type\":\"ReadAction\",\"target\":[\"https:\/\/fedemark.ee\/fi\/tuotteet\/tikkaiden-tarvikkeet\/tikasmatto\/\"]}]},{\"@type\":\"ImageObject\",\"inLanguage\":\"fi-FI\",\"@id\":\"https:\/\/fedemark.ee\/fi\/tuotteet\/tikkaiden-tarvikkeet\/tikasmatto\/#primaryimage\",\"url\":\"https:\/\/fedemark.ee\/wp-content\/uploads\/2017\/06\/laddermat.jpg\",\"contentUrl\":\"https:\/\/fedemark.ee\/wp-content\/uploads\/2017\/06\/laddermat.jpg\",\"width\":751,\"height\":1000},{\"@type\":\"BreadcrumbList\",\"@id\":\"https:\/\/fedemark.ee\/fi\/tuotteet\/tikkaiden-tarvikkeet\/tikasmatto\/#breadcrumb\",\"itemListElement\":[{\"@type\":\"ListItem\",\"position\":1,\"name\":\"Home\",\"item\":\"https:\/\/fedemark.ee\/fi\/\"},{\"@type\":\"ListItem\",\"position\":2,\"name\":\"Tuotteet\",\"item\":\"https:\/\/fedemark.ee\/fi\/tuotteet\/\"},{\"@type\":\"ListItem\",\"position\":3,\"name\":\"Tikasmatto\"}]},{\"@type\":\"WebSite\",\"@id\":\"https:\/\/fedemark.ee\/#website\",\"url\":\"https:\/\/fedemark.ee\/\",\"name\":\"Fedemark\",\"description\":\"Redelid, Tellingud, T\u00f6\u00f6platvormid ja vahekorrused\",\"potentialAction\":[{\"@type\":\"SearchAction\",\"target\":{\"@type\":\"EntryPoint\",\"urlTemplate\":\"https:\/\/fedemark.ee\/?s={search_term_string}\"},\"query-input\":\"required name=search_term_string\"}],\"inLanguage\":\"fi-FI\"}]}<\/script>\n<!-- \/ Yoast SEO plugin. -->","yoast_head_json":{"title":"Tikasmatto - Fedemark","robots":{"index":"index","follow":"follow","max-snippet":"max-snippet:-1","max-image-preview":"max-image-preview:large","max-video-preview":"max-video-preview:-1"},"canonical":"https:\/\/fedemark.ee\/fi\/tuotteet\/tikkaiden-tarvikkeet\/tikasmatto\/","og_locale":"fi_FI","og_type":"article","og_title":"Tikasmatto - Fedemark","og_description":"Liukumaton kuminen tasausj\u00e4rjestelm\u00e4 kaikenlaisille tikkaille  Turvallisuus on tikkailla kaikkein t\u00e4rkeint\u00e4. Tikasmatto on t\u00e4rke\u00e4 tarvike lavastajille, tuotteiden ja ikkunan asentajille sek\u00e4 -pesij\u00f6ille ja muille tikkaiden k\u00e4ytt\u00e4jille, jotka huolehtivat omaisuudestaan ja tikkaiden turvallisuudesta.  T\u00e4m\u00e4n tuotteen keksi ikkunanpesij\u00e4, joka tuntee tikkaisiin liittyv\u00e4t vaarat. Tikkaat voivat olla ongelma kaltevalla pinnalla tai ep\u00e4tasaisella maalla. Miten kiipe\u00e4tte yl\u00f6s pesem\u00e4\u00e4n ikkunoita, puhdistamaan vesikouruja tai maalaamaan ilman, ett\u00e4 tikkaan kallistuvat yhdelle sivulle? Tai miten v\u00e4lt\u00e4tte sile\u00e4ll\u00e4 pinnalla tikkaiden liukumista sein\u00e4st\u00e4 et\u00e4\u00e4mm\u00e4s? Tai pehme\u00e4\u00e4n aluspintaan vajoamista?  Tikasmatto pystyy tarjoamaan ratkaisun kaikkiin n\u00e4ihin ongelmiin.  Nelj\u00e4 eritt\u00e4in kest\u00e4v\u00e4st\u00e4 muhkuraisesta kumista valmistettua mattoa on liitetty yhteen metallisilmukalla ja ne antavat s\u00e4\u00e4dett\u00e4v\u00e4n ja liukumattoman esteen tikkaiden lis\u00e4korkeutta tarvitsevan jalan alle. Ne voi asettaa my\u00f6s kummankin jalan alle v\u00e4hent\u00e4m\u00e4\u00e4n liukumisen tai aluspintaan vajoamisen vaaraa.  Jokainen matto 24 x 17 cm (9 tuumaa x 6,5 tuumaa). Suurin mahdollinen lis\u00e4korkeus 6,5 cm (2,5 tuumaa).","og_url":"https:\/\/fedemark.ee\/fi\/tuotteet\/tikkaiden-tarvikkeet\/tikasmatto\/","og_site_name":"Fedemark","article_modified_time":"2017-07-25T10:51:18+00:00","og_image":[{"width":751,"height":1000,"url":"https:\/\/fedemark.ee\/wp-content\/uploads\/2017\/06\/laddermat.jpg","type":"image\/jpeg"}],"twitter_card":"summary_large_image","schema":{"@context":"https:\/\/schema.org","@graph":[{"@type":"WebPage","@id":"https:\/\/fedemark.ee\/fi\/tuotteet\/tikkaiden-tarvikkeet\/tikasmatto\/","url":"https:\/\/fedemark.ee\/fi\/tuotteet\/tikkaiden-tarvikkeet\/tikasmatto\/","name":"Tikasmatto - Fedemark","isPartOf":{"@id":"https:\/\/fedemark.ee\/#website"},"primaryImageOfPage":{"@id":"https:\/\/fedemark.ee\/fi\/tuotteet\/tikkaiden-tarvikkeet\/tikasmatto\/#primaryimage"},"image":{"@id":"https:\/\/fedemark.ee\/fi\/tuotteet\/tikkaiden-tarvikkeet\/tikasmatto\/#primaryimage"},"thumbnailUrl":"https:\/\/fedemark.ee\/wp-content\/uploads\/2017\/06\/laddermat.jpg","datePublished":"2017-06-16T17:52:15+00:00","dateModified":"2017-07-25T10:51:18+00:00","breadcrumb":{"@id":"https:\/\/fedemark.ee\/fi\/tuotteet\/tikkaiden-tarvikkeet\/tikasmatto\/#breadcrumb"},"inLanguage":"fi-FI","potentialAction":[{"@type":"ReadAction","target":["https:\/\/fedemark.ee\/fi\/tuotteet\/tikkaiden-tarvikkeet\/tikasmatto\/"]}]},{"@type":"ImageObject","inLanguage":"fi-FI","@id":"https:\/\/fedemark.ee\/fi\/tuotteet\/tikkaiden-tarvikkeet\/tikasmatto\/#primaryimage","url":"https:\/\/fedemark.ee\/wp-content\/uploads\/2017\/06\/laddermat.jpg","contentUrl":"https:\/\/fedemark.ee\/wp-content\/uploads\/2017\/06\/laddermat.jpg","width":751,"height":1000},{"@type":"BreadcrumbList","@id":"https:\/\/fedemark.ee\/fi\/tuotteet\/tikkaiden-tarvikkeet\/tikasmatto\/#breadcrumb","itemListElement":[{"@type":"ListItem","position":1,"name":"Home","item":"https:\/\/fedemark.ee\/fi\/"},{"@type":"ListItem","position":2,"name":"Tuotteet","item":"https:\/\/fedemark.ee\/fi\/tuotteet\/"},{"@type":"ListItem","position":3,"name":"Tikasmatto"}]},{"@type":"WebSite","@id":"https:\/\/fedemark.ee\/#website","url":"https:\/\/fedemark.ee\/","name":"Fedemark","description":"Redelid, Tellingud, T\u00f6\u00f6platvormid ja vahekorrused","potentialAction":[{"@type":"SearchAction","target":{"@type":"EntryPoint","urlTemplate":"https:\/\/fedemark.ee\/?s={search_term_string}"},"query-input":"required name=search_term_string"}],"inLanguage":"fi-FI"}]}},"_links":{"self":[{"href":"https:\/\/fedemark.ee\/fi\/wp-json\/wp\/v2\/product\/7252"}],"collection":[{"href":"https:\/\/fedemark.ee\/fi\/wp-json\/wp\/v2\/product"}],"about":[{"href":"https:\/\/fedemark.ee\/fi\/wp-json\/wp\/v2\/types\/product"}],"replies":[{"embeddable":true,"href":"https:\/\/fedemark.ee\/fi\/wp-json\/wp\/v2\/comments?post=7252"}],"version-history":[{"count":0,"href":"https:\/\/fedemark.ee\/fi\/wp-json\/wp\/v2\/product\/7252\/revisions"}],"wp:featuredmedia":[{"embeddable":true,"href":"https:\/\/fedemark.ee\/fi\/wp-json\/wp\/v2\/media\/7025"}],"wp:attachment":[{"href":"https:\/\/fedemark.ee\/fi\/wp-json\/wp\/v2\/media?parent=7252"}],"wp:term":[{"taxonomy":"product_cat","embeddable":true,"href":"https:\/\/fedemark.ee\/fi\/wp-json\/wp\/v2\/product_cat?post=7252"},{"taxonomy":"product_tag","embeddable":true,"href":"https:\/\/fedemark.ee\/fi\/wp-json\/wp\/v2\/product_tag?post=7252"}],"curies":[{"name":"wp","href":"https:\/\/api.w.org\/{rel}","templated":true}]}}