{"id":7253,"date":"2017-06-16T17:54:33","date_gmt":"2017-06-16T17:54:33","guid":{"rendered":"https:\/\/sharks.ee\/fedemark\/shop\/uncategorized\/loodija\/"},"modified":"2017-07-25T10:52:23","modified_gmt":"2017-07-25T10:52:23","slug":"tasapainottaja","status":"publish","type":"product","link":"https:\/\/fedemark.ee\/fi\/tuotteet\/tikkaiden-tarvikkeet\/tasapainottaja\/","title":{"rendered":"Tasapainottaja"},"content":{"rendered":"","protected":false},"excerpt":{"rendered":"<p>Jotta tikkaita voisi k\u00e4ytt\u00e4\u00e4 kaltevalla alustalla tai liikkua niill\u00e4 mukavasti ja turvallisesti<\/p>\n<p>Uuden Leveller-tasapainottajan voi asentaa kaikenlaisiin tikkaisiin, jotta niit\u00e4 olisi mahdollista k\u00e4ytt\u00e4\u00e4 portailla, askelmilla ja luiskilla.<br \/>\nTasapainottaja on valmistettu alumiinista ja sit\u00e4 voi k\u00e4ytt\u00e4\u00e4 tikkaiden tasapainottamiseen yksitt\u00e4in tai pareina.<br \/>\nSe antaa mahdollisuuden tasapainotuksen jokaisella 2 yksik\u00f6ll\u00e4 7 sentist\u00e4 23 senttiin asti.<br \/>\nNopeasti ja sujuvasti asennettava tasapainottajaa on turvallinen ja mukava k\u00e4ytt\u00e4\u00e4.<br \/>\nTikkaat voi tasapainottaa muutamassa sekunnissa.<br \/>\nMallejamme voi tilata my\u00f6s valmiiksi kiinnitetyll\u00e4 tasapainottajalla.<br \/>\nNiiden, jotka haluavat kiinnitt\u00e4\u00e4 t\u00e4m\u00e4n tikkaisiinsa, ei t\u00e4ydy tehd\u00e4 muuta kuin porata tikkaisiin reik\u00e4 ja k\u00e4ytt\u00e4\u00e4 pakkauksessa olevia pultteja ja ruuveja.<\/p>\n","protected":false},"featured_media":10308,"comment_status":"open","ping_status":"closed","template":"","meta":{"footnotes":""},"product_cat":[169],"product_tag":[],"yoast_head":"<!-- This site is optimized with the Yoast SEO plugin v22.6 - https:\/\/yoast.com\/wordpress\/plugins\/seo\/ -->\n<title>Tasapainottaja - Fedemark<\/title>\n<meta name=\"robots\" content=\"index, follow, max-snippet:-1, max-image-preview:large, max-video-preview:-1\" \/>\n<link rel=\"canonical\" href=\"https:\/\/fedemark.ee\/fi\/tuotteet\/tikkaiden-tarvikkeet\/tasapainottaja\/\" \/>\n<meta property=\"og:locale\" content=\"fi_FI\" \/>\n<meta property=\"og:type\" content=\"article\" \/>\n<meta property=\"og:title\" content=\"Tasapainottaja - Fedemark\" \/>\n<meta property=\"og:description\" content=\"Jotta tikkaita voisi k\u00e4ytt\u00e4\u00e4 kaltevalla alustalla tai liikkua niill\u00e4 mukavasti ja turvallisesti  Uuden Leveller-tasapainottajan voi asentaa kaikenlaisiin tikkaisiin, jotta niit\u00e4 olisi mahdollista k\u00e4ytt\u00e4\u00e4 portailla, askelmilla ja luiskilla. Tasapainottaja on valmistettu alumiinista ja sit\u00e4 voi k\u00e4ytt\u00e4\u00e4 tikkaiden tasapainottamiseen yksitt\u00e4in tai pareina. Se antaa mahdollisuuden tasapainotuksen jokaisella 2 yksik\u00f6ll\u00e4 7 sentist\u00e4 23 senttiin asti. Nopeasti ja sujuvasti asennettava tasapainottajaa on turvallinen ja mukava k\u00e4ytt\u00e4\u00e4. Tikkaat voi tasapainottaa muutamassa sekunnissa. Mallejamme voi tilata my\u00f6s valmiiksi kiinnitetyll\u00e4 tasapainottajalla. Niiden, jotka haluavat kiinnitt\u00e4\u00e4 t\u00e4m\u00e4n tikkaisiinsa, ei t\u00e4ydy tehd\u00e4 muuta kuin porata tikkaisiin reik\u00e4 ja k\u00e4ytt\u00e4\u00e4 pakkauksessa olevia pultteja ja ruuveja.\" \/>\n<meta property=\"og:url\" content=\"https:\/\/fedemark.ee\/fi\/tuotteet\/tikkaiden-tarvikkeet\/tasapainottaja\/\" \/>\n<meta property=\"og:site_name\" content=\"Fedemark\" \/>\n<meta property=\"article:modified_time\" content=\"2017-07-25T10:52:23+00:00\" \/>\n<meta property=\"og:image\" content=\"https:\/\/fedemark.ee\/wp-content\/uploads\/2017\/06\/leveller-1.jpg\" \/>\n\t<meta property=\"og:image:width\" content=\"660\" \/>\n\t<meta property=\"og:image:height\" content=\"600\" \/>\n\t<meta property=\"og:image:type\" content=\"image\/jpeg\" \/>\n<meta name=\"twitter:card\" content=\"summary_large_image\" \/>\n<script type=\"application\/ld+json\" class=\"yoast-schema-graph\">{\"@context\":\"https:\/\/schema.org\",\"@graph\":[{\"@type\":\"WebPage\",\"@id\":\"https:\/\/fedemark.ee\/fi\/tuotteet\/tikkaiden-tarvikkeet\/tasapainottaja\/\",\"url\":\"https:\/\/fedemark.ee\/fi\/tuotteet\/tikkaiden-tarvikkeet\/tasapainottaja\/\",\"name\":\"Tasapainottaja - Fedemark\",\"isPartOf\":{\"@id\":\"https:\/\/fedemark.ee\/#website\"},\"primaryImageOfPage\":{\"@id\":\"https:\/\/fedemark.ee\/fi\/tuotteet\/tikkaiden-tarvikkeet\/tasapainottaja\/#primaryimage\"},\"image\":{\"@id\":\"https:\/\/fedemark.ee\/fi\/tuotteet\/tikkaiden-tarvikkeet\/tasapainottaja\/#primaryimage\"},\"thumbnailUrl\":\"https:\/\/fedemark.ee\/wp-content\/uploads\/2017\/06\/leveller-1.jpg\",\"datePublished\":\"2017-06-16T17:54:33+00:00\",\"dateModified\":\"2017-07-25T10:52:23+00:00\",\"breadcrumb\":{\"@id\":\"https:\/\/fedemark.ee\/fi\/tuotteet\/tikkaiden-tarvikkeet\/tasapainottaja\/#breadcrumb\"},\"inLanguage\":\"fi-FI\",\"potentialAction\":[{\"@type\":\"ReadAction\",\"target\":[\"https:\/\/fedemark.ee\/fi\/tuotteet\/tikkaiden-tarvikkeet\/tasapainottaja\/\"]}]},{\"@type\":\"ImageObject\",\"inLanguage\":\"fi-FI\",\"@id\":\"https:\/\/fedemark.ee\/fi\/tuotteet\/tikkaiden-tarvikkeet\/tasapainottaja\/#primaryimage\",\"url\":\"https:\/\/fedemark.ee\/wp-content\/uploads\/2017\/06\/leveller-1.jpg\",\"contentUrl\":\"https:\/\/fedemark.ee\/wp-content\/uploads\/2017\/06\/leveller-1.jpg\",\"width\":660,\"height\":600},{\"@type\":\"BreadcrumbList\",\"@id\":\"https:\/\/fedemark.ee\/fi\/tuotteet\/tikkaiden-tarvikkeet\/tasapainottaja\/#breadcrumb\",\"itemListElement\":[{\"@type\":\"ListItem\",\"position\":1,\"name\":\"Home\",\"item\":\"https:\/\/fedemark.ee\/fi\/\"},{\"@type\":\"ListItem\",\"position\":2,\"name\":\"Tuotteet\",\"item\":\"https:\/\/fedemark.ee\/fi\/tuotteet\/\"},{\"@type\":\"ListItem\",\"position\":3,\"name\":\"Tasapainottaja\"}]},{\"@type\":\"WebSite\",\"@id\":\"https:\/\/fedemark.ee\/#website\",\"url\":\"https:\/\/fedemark.ee\/\",\"name\":\"Fedemark\",\"description\":\"Redelid, Tellingud, T\u00f6\u00f6platvormid ja vahekorrused\",\"potentialAction\":[{\"@type\":\"SearchAction\",\"target\":{\"@type\":\"EntryPoint\",\"urlTemplate\":\"https:\/\/fedemark.ee\/?s={search_term_string}\"},\"query-input\":\"required name=search_term_string\"}],\"inLanguage\":\"fi-FI\"}]}<\/script>\n<!-- \/ Yoast SEO plugin. -->","yoast_head_json":{"title":"Tasapainottaja - Fedemark","robots":{"index":"index","follow":"follow","max-snippet":"max-snippet:-1","max-image-preview":"max-image-preview:large","max-video-preview":"max-video-preview:-1"},"canonical":"https:\/\/fedemark.ee\/fi\/tuotteet\/tikkaiden-tarvikkeet\/tasapainottaja\/","og_locale":"fi_FI","og_type":"article","og_title":"Tasapainottaja - Fedemark","og_description":"Jotta tikkaita voisi k\u00e4ytt\u00e4\u00e4 kaltevalla alustalla tai liikkua niill\u00e4 mukavasti ja turvallisesti  Uuden Leveller-tasapainottajan voi asentaa kaikenlaisiin tikkaisiin, jotta niit\u00e4 olisi mahdollista k\u00e4ytt\u00e4\u00e4 portailla, askelmilla ja luiskilla. Tasapainottaja on valmistettu alumiinista ja sit\u00e4 voi k\u00e4ytt\u00e4\u00e4 tikkaiden tasapainottamiseen yksitt\u00e4in tai pareina. Se antaa mahdollisuuden tasapainotuksen jokaisella 2 yksik\u00f6ll\u00e4 7 sentist\u00e4 23 senttiin asti. Nopeasti ja sujuvasti asennettava tasapainottajaa on turvallinen ja mukava k\u00e4ytt\u00e4\u00e4. Tikkaat voi tasapainottaa muutamassa sekunnissa. Mallejamme voi tilata my\u00f6s valmiiksi kiinnitetyll\u00e4 tasapainottajalla. Niiden, jotka haluavat kiinnitt\u00e4\u00e4 t\u00e4m\u00e4n tikkaisiinsa, ei t\u00e4ydy tehd\u00e4 muuta kuin porata tikkaisiin reik\u00e4 ja k\u00e4ytt\u00e4\u00e4 pakkauksessa olevia pultteja ja ruuveja.","og_url":"https:\/\/fedemark.ee\/fi\/tuotteet\/tikkaiden-tarvikkeet\/tasapainottaja\/","og_site_name":"Fedemark","article_modified_time":"2017-07-25T10:52:23+00:00","og_image":[{"width":660,"height":600,"url":"https:\/\/fedemark.ee\/wp-content\/uploads\/2017\/06\/leveller-1.jpg","type":"image\/jpeg"}],"twitter_card":"summary_large_image","schema":{"@context":"https:\/\/schema.org","@graph":[{"@type":"WebPage","@id":"https:\/\/fedemark.ee\/fi\/tuotteet\/tikkaiden-tarvikkeet\/tasapainottaja\/","url":"https:\/\/fedemark.ee\/fi\/tuotteet\/tikkaiden-tarvikkeet\/tasapainottaja\/","name":"Tasapainottaja - Fedemark","isPartOf":{"@id":"https:\/\/fedemark.ee\/#website"},"primaryImageOfPage":{"@id":"https:\/\/fedemark.ee\/fi\/tuotteet\/tikkaiden-tarvikkeet\/tasapainottaja\/#primaryimage"},"image":{"@id":"https:\/\/fedemark.ee\/fi\/tuotteet\/tikkaiden-tarvikkeet\/tasapainottaja\/#primaryimage"},"thumbnailUrl":"https:\/\/fedemark.ee\/wp-content\/uploads\/2017\/06\/leveller-1.jpg","datePublished":"2017-06-16T17:54:33+00:00","dateModified":"2017-07-25T10:52:23+00:00","breadcrumb":{"@id":"https:\/\/fedemark.ee\/fi\/tuotteet\/tikkaiden-tarvikkeet\/tasapainottaja\/#breadcrumb"},"inLanguage":"fi-FI","potentialAction":[{"@type":"ReadAction","target":["https:\/\/fedemark.ee\/fi\/tuotteet\/tikkaiden-tarvikkeet\/tasapainottaja\/"]}]},{"@type":"ImageObject","inLanguage":"fi-FI","@id":"https:\/\/fedemark.ee\/fi\/tuotteet\/tikkaiden-tarvikkeet\/tasapainottaja\/#primaryimage","url":"https:\/\/fedemark.ee\/wp-content\/uploads\/2017\/06\/leveller-1.jpg","contentUrl":"https:\/\/fedemark.ee\/wp-content\/uploads\/2017\/06\/leveller-1.jpg","width":660,"height":600},{"@type":"BreadcrumbList","@id":"https:\/\/fedemark.ee\/fi\/tuotteet\/tikkaiden-tarvikkeet\/tasapainottaja\/#breadcrumb","itemListElement":[{"@type":"ListItem","position":1,"name":"Home","item":"https:\/\/fedemark.ee\/fi\/"},{"@type":"ListItem","position":2,"name":"Tuotteet","item":"https:\/\/fedemark.ee\/fi\/tuotteet\/"},{"@type":"ListItem","position":3,"name":"Tasapainottaja"}]},{"@type":"WebSite","@id":"https:\/\/fedemark.ee\/#website","url":"https:\/\/fedemark.ee\/","name":"Fedemark","description":"Redelid, Tellingud, T\u00f6\u00f6platvormid ja vahekorrused","potentialAction":[{"@type":"SearchAction","target":{"@type":"EntryPoint","urlTemplate":"https:\/\/fedemark.ee\/?s={search_term_string}"},"query-input":"required name=search_term_string"}],"inLanguage":"fi-FI"}]}},"_links":{"self":[{"href":"https:\/\/fedemark.ee\/fi\/wp-json\/wp\/v2\/product\/7253"}],"collection":[{"href":"https:\/\/fedemark.ee\/fi\/wp-json\/wp\/v2\/product"}],"about":[{"href":"https:\/\/fedemark.ee\/fi\/wp-json\/wp\/v2\/types\/product"}],"replies":[{"embeddable":true,"href":"https:\/\/fedemark.ee\/fi\/wp-json\/wp\/v2\/comments?post=7253"}],"version-history":[{"count":0,"href":"https:\/\/fedemark.ee\/fi\/wp-json\/wp\/v2\/product\/7253\/revisions"}],"wp:featuredmedia":[{"embeddable":true,"href":"https:\/\/fedemark.ee\/fi\/wp-json\/wp\/v2\/media\/10308"}],"wp:attachment":[{"href":"https:\/\/fedemark.ee\/fi\/wp-json\/wp\/v2\/media?parent=7253"}],"wp:term":[{"taxonomy":"product_cat","embeddable":true,"href":"https:\/\/fedemark.ee\/fi\/wp-json\/wp\/v2\/product_cat?post=7253"},{"taxonomy":"product_tag","embeddable":true,"href":"https:\/\/fedemark.ee\/fi\/wp-json\/wp\/v2\/product_tag?post=7253"}],"curies":[{"name":"wp","href":"https:\/\/api.w.org\/{rel}","templated":true}]}}