{"id":7254,"date":"2017-06-16T17:59:07","date_gmt":"2017-06-16T17:59:07","guid":{"rendered":"https:\/\/sharks.ee\/fedemark\/shop\/uncategorized\/posti-adapter\/"},"modified":"2017-07-25T10:53:11","modified_gmt":"2017-07-25T10:53:11","slug":"tolppasovitin","status":"publish","type":"product","link":"https:\/\/fedemark.ee\/fi\/tuotteet\/tikkaiden-tarvikkeet\/tolppasovitin\/","title":{"rendered":"Tolppasovitin"},"content":{"rendered":"","protected":false},"excerpt":{"rendered":"<p>Turvalliseen ty\u00f6h\u00f6n tolppien tai puiden rungoilla<\/p>\n<p>Sinkityst\u00e4 ter\u00e4ksest\u00e4 valmistettu rakenne antaa mahdollisuuden k\u00e4ytt\u00e4\u00e4 tikkaita tolppia ja puunrunkoja vasten.<\/p>\n<p>Py\u00f6riv\u00e4t nailonsylinterit mahdollistavat jatkettavien tikkaiden jatkamisen tolpalla.<br \/>\nTurvaketju est\u00e4\u00e4 yll\u00e4tt\u00e4v\u00e4t liikkeet.<br \/>\nMahdollista asentaa kaikenlaisiin tikkaisiin, joiden puolien v\u00e4li on 28 cm.<\/p>\n<p>Sopii seuraaviin tikkaisiimme:<br \/>\n\u2022 Deluxe (erikoismalli)<br \/>\n\u2022 Euro<br \/>\n\u2022 Fiberglass<\/p>\n<p>&nbsp;<\/p>\n","protected":false},"featured_media":7005,"comment_status":"open","ping_status":"closed","template":"","meta":{"footnotes":""},"product_cat":[169],"product_tag":[],"yoast_head":"<!-- This site is optimized with the Yoast SEO plugin v22.6 - https:\/\/yoast.com\/wordpress\/plugins\/seo\/ -->\n<title>Tolppasovitin - Fedemark<\/title>\n<meta name=\"robots\" content=\"index, follow, max-snippet:-1, max-image-preview:large, max-video-preview:-1\" \/>\n<link rel=\"canonical\" href=\"https:\/\/fedemark.ee\/fi\/tuotteet\/tikkaiden-tarvikkeet\/tolppasovitin\/\" \/>\n<meta property=\"og:locale\" content=\"fi_FI\" \/>\n<meta property=\"og:type\" content=\"article\" \/>\n<meta property=\"og:title\" content=\"Tolppasovitin - Fedemark\" \/>\n<meta property=\"og:description\" content=\"Turvalliseen ty\u00f6h\u00f6n tolppien tai puiden rungoilla  Sinkityst\u00e4 ter\u00e4ksest\u00e4 valmistettu rakenne antaa mahdollisuuden k\u00e4ytt\u00e4\u00e4 tikkaita tolppia ja puunrunkoja vasten.  Py\u00f6riv\u00e4t nailonsylinterit mahdollistavat jatkettavien tikkaiden jatkamisen tolpalla. Turvaketju est\u00e4\u00e4 yll\u00e4tt\u00e4v\u00e4t liikkeet. Mahdollista asentaa kaikenlaisiin tikkaisiin, joiden puolien v\u00e4li on 28 cm.  Sopii seuraaviin tikkaisiimme: \u2022 Deluxe (erikoismalli) \u2022 Euro \u2022 Fiberglass  &nbsp;\" \/>\n<meta property=\"og:url\" content=\"https:\/\/fedemark.ee\/fi\/tuotteet\/tikkaiden-tarvikkeet\/tolppasovitin\/\" \/>\n<meta property=\"og:site_name\" content=\"Fedemark\" \/>\n<meta property=\"article:modified_time\" content=\"2017-07-25T10:53:11+00:00\" \/>\n<meta property=\"og:image\" content=\"https:\/\/fedemark.ee\/wp-content\/uploads\/2017\/06\/pole-adaptor.jpg\" \/>\n\t<meta property=\"og:image:width\" content=\"1509\" \/>\n\t<meta property=\"og:image:height\" content=\"2019\" \/>\n\t<meta property=\"og:image:type\" content=\"image\/jpeg\" \/>\n<meta name=\"twitter:card\" content=\"summary_large_image\" \/>\n<script type=\"application\/ld+json\" class=\"yoast-schema-graph\">{\"@context\":\"https:\/\/schema.org\",\"@graph\":[{\"@type\":\"WebPage\",\"@id\":\"https:\/\/fedemark.ee\/fi\/tuotteet\/tikkaiden-tarvikkeet\/tolppasovitin\/\",\"url\":\"https:\/\/fedemark.ee\/fi\/tuotteet\/tikkaiden-tarvikkeet\/tolppasovitin\/\",\"name\":\"Tolppasovitin - Fedemark\",\"isPartOf\":{\"@id\":\"https:\/\/fedemark.ee\/#website\"},\"primaryImageOfPage\":{\"@id\":\"https:\/\/fedemark.ee\/fi\/tuotteet\/tikkaiden-tarvikkeet\/tolppasovitin\/#primaryimage\"},\"image\":{\"@id\":\"https:\/\/fedemark.ee\/fi\/tuotteet\/tikkaiden-tarvikkeet\/tolppasovitin\/#primaryimage\"},\"thumbnailUrl\":\"https:\/\/fedemark.ee\/wp-content\/uploads\/2017\/06\/pole-adaptor.jpg\",\"datePublished\":\"2017-06-16T17:59:07+00:00\",\"dateModified\":\"2017-07-25T10:53:11+00:00\",\"breadcrumb\":{\"@id\":\"https:\/\/fedemark.ee\/fi\/tuotteet\/tikkaiden-tarvikkeet\/tolppasovitin\/#breadcrumb\"},\"inLanguage\":\"fi-FI\",\"potentialAction\":[{\"@type\":\"ReadAction\",\"target\":[\"https:\/\/fedemark.ee\/fi\/tuotteet\/tikkaiden-tarvikkeet\/tolppasovitin\/\"]}]},{\"@type\":\"ImageObject\",\"inLanguage\":\"fi-FI\",\"@id\":\"https:\/\/fedemark.ee\/fi\/tuotteet\/tikkaiden-tarvikkeet\/tolppasovitin\/#primaryimage\",\"url\":\"https:\/\/fedemark.ee\/wp-content\/uploads\/2017\/06\/pole-adaptor.jpg\",\"contentUrl\":\"https:\/\/fedemark.ee\/wp-content\/uploads\/2017\/06\/pole-adaptor.jpg\",\"width\":1509,\"height\":2019},{\"@type\":\"BreadcrumbList\",\"@id\":\"https:\/\/fedemark.ee\/fi\/tuotteet\/tikkaiden-tarvikkeet\/tolppasovitin\/#breadcrumb\",\"itemListElement\":[{\"@type\":\"ListItem\",\"position\":1,\"name\":\"Home\",\"item\":\"https:\/\/fedemark.ee\/fi\/\"},{\"@type\":\"ListItem\",\"position\":2,\"name\":\"Tuotteet\",\"item\":\"https:\/\/fedemark.ee\/fi\/tuotteet\/\"},{\"@type\":\"ListItem\",\"position\":3,\"name\":\"Tolppasovitin\"}]},{\"@type\":\"WebSite\",\"@id\":\"https:\/\/fedemark.ee\/#website\",\"url\":\"https:\/\/fedemark.ee\/\",\"name\":\"Fedemark\",\"description\":\"Redelid, Tellingud, T\u00f6\u00f6platvormid ja vahekorrused\",\"potentialAction\":[{\"@type\":\"SearchAction\",\"target\":{\"@type\":\"EntryPoint\",\"urlTemplate\":\"https:\/\/fedemark.ee\/?s={search_term_string}\"},\"query-input\":\"required name=search_term_string\"}],\"inLanguage\":\"fi-FI\"}]}<\/script>\n<!-- \/ Yoast SEO plugin. -->","yoast_head_json":{"title":"Tolppasovitin - Fedemark","robots":{"index":"index","follow":"follow","max-snippet":"max-snippet:-1","max-image-preview":"max-image-preview:large","max-video-preview":"max-video-preview:-1"},"canonical":"https:\/\/fedemark.ee\/fi\/tuotteet\/tikkaiden-tarvikkeet\/tolppasovitin\/","og_locale":"fi_FI","og_type":"article","og_title":"Tolppasovitin - Fedemark","og_description":"Turvalliseen ty\u00f6h\u00f6n tolppien tai puiden rungoilla  Sinkityst\u00e4 ter\u00e4ksest\u00e4 valmistettu rakenne antaa mahdollisuuden k\u00e4ytt\u00e4\u00e4 tikkaita tolppia ja puunrunkoja vasten.  Py\u00f6riv\u00e4t nailonsylinterit mahdollistavat jatkettavien tikkaiden jatkamisen tolpalla. Turvaketju est\u00e4\u00e4 yll\u00e4tt\u00e4v\u00e4t liikkeet. Mahdollista asentaa kaikenlaisiin tikkaisiin, joiden puolien v\u00e4li on 28 cm.  Sopii seuraaviin tikkaisiimme: \u2022 Deluxe (erikoismalli) \u2022 Euro \u2022 Fiberglass  &nbsp;","og_url":"https:\/\/fedemark.ee\/fi\/tuotteet\/tikkaiden-tarvikkeet\/tolppasovitin\/","og_site_name":"Fedemark","article_modified_time":"2017-07-25T10:53:11+00:00","og_image":[{"width":1509,"height":2019,"url":"https:\/\/fedemark.ee\/wp-content\/uploads\/2017\/06\/pole-adaptor.jpg","type":"image\/jpeg"}],"twitter_card":"summary_large_image","schema":{"@context":"https:\/\/schema.org","@graph":[{"@type":"WebPage","@id":"https:\/\/fedemark.ee\/fi\/tuotteet\/tikkaiden-tarvikkeet\/tolppasovitin\/","url":"https:\/\/fedemark.ee\/fi\/tuotteet\/tikkaiden-tarvikkeet\/tolppasovitin\/","name":"Tolppasovitin - Fedemark","isPartOf":{"@id":"https:\/\/fedemark.ee\/#website"},"primaryImageOfPage":{"@id":"https:\/\/fedemark.ee\/fi\/tuotteet\/tikkaiden-tarvikkeet\/tolppasovitin\/#primaryimage"},"image":{"@id":"https:\/\/fedemark.ee\/fi\/tuotteet\/tikkaiden-tarvikkeet\/tolppasovitin\/#primaryimage"},"thumbnailUrl":"https:\/\/fedemark.ee\/wp-content\/uploads\/2017\/06\/pole-adaptor.jpg","datePublished":"2017-06-16T17:59:07+00:00","dateModified":"2017-07-25T10:53:11+00:00","breadcrumb":{"@id":"https:\/\/fedemark.ee\/fi\/tuotteet\/tikkaiden-tarvikkeet\/tolppasovitin\/#breadcrumb"},"inLanguage":"fi-FI","potentialAction":[{"@type":"ReadAction","target":["https:\/\/fedemark.ee\/fi\/tuotteet\/tikkaiden-tarvikkeet\/tolppasovitin\/"]}]},{"@type":"ImageObject","inLanguage":"fi-FI","@id":"https:\/\/fedemark.ee\/fi\/tuotteet\/tikkaiden-tarvikkeet\/tolppasovitin\/#primaryimage","url":"https:\/\/fedemark.ee\/wp-content\/uploads\/2017\/06\/pole-adaptor.jpg","contentUrl":"https:\/\/fedemark.ee\/wp-content\/uploads\/2017\/06\/pole-adaptor.jpg","width":1509,"height":2019},{"@type":"BreadcrumbList","@id":"https:\/\/fedemark.ee\/fi\/tuotteet\/tikkaiden-tarvikkeet\/tolppasovitin\/#breadcrumb","itemListElement":[{"@type":"ListItem","position":1,"name":"Home","item":"https:\/\/fedemark.ee\/fi\/"},{"@type":"ListItem","position":2,"name":"Tuotteet","item":"https:\/\/fedemark.ee\/fi\/tuotteet\/"},{"@type":"ListItem","position":3,"name":"Tolppasovitin"}]},{"@type":"WebSite","@id":"https:\/\/fedemark.ee\/#website","url":"https:\/\/fedemark.ee\/","name":"Fedemark","description":"Redelid, Tellingud, T\u00f6\u00f6platvormid ja vahekorrused","potentialAction":[{"@type":"SearchAction","target":{"@type":"EntryPoint","urlTemplate":"https:\/\/fedemark.ee\/?s={search_term_string}"},"query-input":"required name=search_term_string"}],"inLanguage":"fi-FI"}]}},"_links":{"self":[{"href":"https:\/\/fedemark.ee\/fi\/wp-json\/wp\/v2\/product\/7254"}],"collection":[{"href":"https:\/\/fedemark.ee\/fi\/wp-json\/wp\/v2\/product"}],"about":[{"href":"https:\/\/fedemark.ee\/fi\/wp-json\/wp\/v2\/types\/product"}],"replies":[{"embeddable":true,"href":"https:\/\/fedemark.ee\/fi\/wp-json\/wp\/v2\/comments?post=7254"}],"version-history":[{"count":0,"href":"https:\/\/fedemark.ee\/fi\/wp-json\/wp\/v2\/product\/7254\/revisions"}],"wp:featuredmedia":[{"embeddable":true,"href":"https:\/\/fedemark.ee\/fi\/wp-json\/wp\/v2\/media\/7005"}],"wp:attachment":[{"href":"https:\/\/fedemark.ee\/fi\/wp-json\/wp\/v2\/media?parent=7254"}],"wp:term":[{"taxonomy":"product_cat","embeddable":true,"href":"https:\/\/fedemark.ee\/fi\/wp-json\/wp\/v2\/product_cat?post=7254"},{"taxonomy":"product_tag","embeddable":true,"href":"https:\/\/fedemark.ee\/fi\/wp-json\/wp\/v2\/product_tag?post=7254"}],"curies":[{"name":"wp","href":"https:\/\/api.w.org\/{rel}","templated":true}]}}