{"id":7257,"date":"2017-06-16T18:04:07","date_gmt":"2017-06-16T18:04:07","guid":{"rendered":"https:\/\/sharks.ee\/fedemark\/shop\/uncategorized\/sicurclimb\/"},"modified":"2017-07-25T10:55:50","modified_gmt":"2017-07-25T10:55:50","slug":"sicurclimb","status":"publish","type":"product","link":"https:\/\/fedemark.ee\/fi\/tuotteet\/tikkaiden-tarvikkeet\/sicurclimb\/","title":{"rendered":"Sicurclimb"},"content":{"rendered":"","protected":false},"excerpt":{"rendered":"<p>Tikkaiden kiinnitysv\u00e4line, joka takaa katolle menness\u00e4 t\u00e4ydellisen turvallisuuden<\/p>\n<p>Sicurclimbin voi kiinnitt\u00e4\u00e4 kaikenlaisiin kattoihin ja se lukitsee tikkaat yksinkertaisella ja turvallisella pikaj\u00e4rjestelm\u00e4ll\u00e4 tikkailla olon aikana. Tikkaiden lukituksen avaamiseksi nostakaa niit\u00e4 vain ja ty\u00f6nt\u00e4k\u00e4\u00e4 sein\u00e4\u00e4n p\u00e4in \u2013 ty\u00f6nnett\u00e4ess\u00e4 tikkaita sivulle turvakoukku vapauttaa tikkaat. Laite on l\u00e4hes huomaamaton eik\u00e4 pilaa julkisivun ulkon\u00e4k\u00f6\u00e4.<\/p>\n<p>Profiilien enimm\u00e4iskoko 80 mm (isommat profiilit tilauksesta).<\/p>\n<p>CLS (betoni- ja valmisrakenteille).<br \/>\nGRONDA (vesikouruihin).<\/p>\n<p>&nbsp;<\/p>\n","protected":false},"featured_media":7045,"comment_status":"open","ping_status":"closed","template":"","meta":{"footnotes":""},"product_cat":[169],"product_tag":[],"yoast_head":"<!-- This site is optimized with the Yoast SEO plugin v22.6 - https:\/\/yoast.com\/wordpress\/plugins\/seo\/ -->\n<title>Sicurclimb - Fedemark<\/title>\n<meta name=\"robots\" content=\"index, follow, max-snippet:-1, max-image-preview:large, max-video-preview:-1\" \/>\n<link rel=\"canonical\" href=\"https:\/\/fedemark.ee\/fi\/tuotteet\/tikkaiden-tarvikkeet\/sicurclimb\/\" \/>\n<meta property=\"og:locale\" content=\"fi_FI\" \/>\n<meta property=\"og:type\" content=\"article\" \/>\n<meta property=\"og:title\" content=\"Sicurclimb - Fedemark\" \/>\n<meta property=\"og:description\" content=\"Tikkaiden kiinnitysv\u00e4line, joka takaa katolle menness\u00e4 t\u00e4ydellisen turvallisuuden  Sicurclimbin voi kiinnitt\u00e4\u00e4 kaikenlaisiin kattoihin ja se lukitsee tikkaat yksinkertaisella ja turvallisella pikaj\u00e4rjestelm\u00e4ll\u00e4 tikkailla olon aikana. Tikkaiden lukituksen avaamiseksi nostakaa niit\u00e4 vain ja ty\u00f6nt\u00e4k\u00e4\u00e4 sein\u00e4\u00e4n p\u00e4in \u2013 ty\u00f6nnett\u00e4ess\u00e4 tikkaita sivulle turvakoukku vapauttaa tikkaat. Laite on l\u00e4hes huomaamaton eik\u00e4 pilaa julkisivun ulkon\u00e4k\u00f6\u00e4.  Profiilien enimm\u00e4iskoko 80 mm (isommat profiilit tilauksesta).  CLS (betoni- ja valmisrakenteille). GRONDA (vesikouruihin).  &nbsp;\" \/>\n<meta property=\"og:url\" content=\"https:\/\/fedemark.ee\/fi\/tuotteet\/tikkaiden-tarvikkeet\/sicurclimb\/\" \/>\n<meta property=\"og:site_name\" content=\"Fedemark\" \/>\n<meta property=\"article:modified_time\" content=\"2017-07-25T10:55:50+00:00\" \/>\n<meta property=\"og:image\" content=\"https:\/\/fedemark.ee\/wp-content\/uploads\/2017\/06\/Sicurclimb.jpg\" \/>\n\t<meta property=\"og:image:width\" content=\"3264\" \/>\n\t<meta property=\"og:image:height\" content=\"2448\" \/>\n\t<meta property=\"og:image:type\" content=\"image\/jpeg\" \/>\n<meta name=\"twitter:card\" content=\"summary_large_image\" \/>\n<script type=\"application\/ld+json\" class=\"yoast-schema-graph\">{\"@context\":\"https:\/\/schema.org\",\"@graph\":[{\"@type\":\"WebPage\",\"@id\":\"https:\/\/fedemark.ee\/fi\/tuotteet\/tikkaiden-tarvikkeet\/sicurclimb\/\",\"url\":\"https:\/\/fedemark.ee\/fi\/tuotteet\/tikkaiden-tarvikkeet\/sicurclimb\/\",\"name\":\"Sicurclimb - Fedemark\",\"isPartOf\":{\"@id\":\"https:\/\/fedemark.ee\/#website\"},\"primaryImageOfPage\":{\"@id\":\"https:\/\/fedemark.ee\/fi\/tuotteet\/tikkaiden-tarvikkeet\/sicurclimb\/#primaryimage\"},\"image\":{\"@id\":\"https:\/\/fedemark.ee\/fi\/tuotteet\/tikkaiden-tarvikkeet\/sicurclimb\/#primaryimage\"},\"thumbnailUrl\":\"https:\/\/fedemark.ee\/wp-content\/uploads\/2017\/06\/Sicurclimb.jpg\",\"datePublished\":\"2017-06-16T18:04:07+00:00\",\"dateModified\":\"2017-07-25T10:55:50+00:00\",\"breadcrumb\":{\"@id\":\"https:\/\/fedemark.ee\/fi\/tuotteet\/tikkaiden-tarvikkeet\/sicurclimb\/#breadcrumb\"},\"inLanguage\":\"fi-FI\",\"potentialAction\":[{\"@type\":\"ReadAction\",\"target\":[\"https:\/\/fedemark.ee\/fi\/tuotteet\/tikkaiden-tarvikkeet\/sicurclimb\/\"]}]},{\"@type\":\"ImageObject\",\"inLanguage\":\"fi-FI\",\"@id\":\"https:\/\/fedemark.ee\/fi\/tuotteet\/tikkaiden-tarvikkeet\/sicurclimb\/#primaryimage\",\"url\":\"https:\/\/fedemark.ee\/wp-content\/uploads\/2017\/06\/Sicurclimb.jpg\",\"contentUrl\":\"https:\/\/fedemark.ee\/wp-content\/uploads\/2017\/06\/Sicurclimb.jpg\",\"width\":3264,\"height\":2448},{\"@type\":\"BreadcrumbList\",\"@id\":\"https:\/\/fedemark.ee\/fi\/tuotteet\/tikkaiden-tarvikkeet\/sicurclimb\/#breadcrumb\",\"itemListElement\":[{\"@type\":\"ListItem\",\"position\":1,\"name\":\"Home\",\"item\":\"https:\/\/fedemark.ee\/fi\/\"},{\"@type\":\"ListItem\",\"position\":2,\"name\":\"Tuotteet\",\"item\":\"https:\/\/fedemark.ee\/fi\/tuotteet\/\"},{\"@type\":\"ListItem\",\"position\":3,\"name\":\"Sicurclimb\"}]},{\"@type\":\"WebSite\",\"@id\":\"https:\/\/fedemark.ee\/#website\",\"url\":\"https:\/\/fedemark.ee\/\",\"name\":\"Fedemark\",\"description\":\"Redelid, Tellingud, T\u00f6\u00f6platvormid ja vahekorrused\",\"potentialAction\":[{\"@type\":\"SearchAction\",\"target\":{\"@type\":\"EntryPoint\",\"urlTemplate\":\"https:\/\/fedemark.ee\/?s={search_term_string}\"},\"query-input\":\"required name=search_term_string\"}],\"inLanguage\":\"fi-FI\"}]}<\/script>\n<!-- \/ Yoast SEO plugin. -->","yoast_head_json":{"title":"Sicurclimb - Fedemark","robots":{"index":"index","follow":"follow","max-snippet":"max-snippet:-1","max-image-preview":"max-image-preview:large","max-video-preview":"max-video-preview:-1"},"canonical":"https:\/\/fedemark.ee\/fi\/tuotteet\/tikkaiden-tarvikkeet\/sicurclimb\/","og_locale":"fi_FI","og_type":"article","og_title":"Sicurclimb - Fedemark","og_description":"Tikkaiden kiinnitysv\u00e4line, joka takaa katolle menness\u00e4 t\u00e4ydellisen turvallisuuden  Sicurclimbin voi kiinnitt\u00e4\u00e4 kaikenlaisiin kattoihin ja se lukitsee tikkaat yksinkertaisella ja turvallisella pikaj\u00e4rjestelm\u00e4ll\u00e4 tikkailla olon aikana. Tikkaiden lukituksen avaamiseksi nostakaa niit\u00e4 vain ja ty\u00f6nt\u00e4k\u00e4\u00e4 sein\u00e4\u00e4n p\u00e4in \u2013 ty\u00f6nnett\u00e4ess\u00e4 tikkaita sivulle turvakoukku vapauttaa tikkaat. Laite on l\u00e4hes huomaamaton eik\u00e4 pilaa julkisivun ulkon\u00e4k\u00f6\u00e4.  Profiilien enimm\u00e4iskoko 80 mm (isommat profiilit tilauksesta).  CLS (betoni- ja valmisrakenteille). GRONDA (vesikouruihin).  &nbsp;","og_url":"https:\/\/fedemark.ee\/fi\/tuotteet\/tikkaiden-tarvikkeet\/sicurclimb\/","og_site_name":"Fedemark","article_modified_time":"2017-07-25T10:55:50+00:00","og_image":[{"width":3264,"height":2448,"url":"https:\/\/fedemark.ee\/wp-content\/uploads\/2017\/06\/Sicurclimb.jpg","type":"image\/jpeg"}],"twitter_card":"summary_large_image","schema":{"@context":"https:\/\/schema.org","@graph":[{"@type":"WebPage","@id":"https:\/\/fedemark.ee\/fi\/tuotteet\/tikkaiden-tarvikkeet\/sicurclimb\/","url":"https:\/\/fedemark.ee\/fi\/tuotteet\/tikkaiden-tarvikkeet\/sicurclimb\/","name":"Sicurclimb - Fedemark","isPartOf":{"@id":"https:\/\/fedemark.ee\/#website"},"primaryImageOfPage":{"@id":"https:\/\/fedemark.ee\/fi\/tuotteet\/tikkaiden-tarvikkeet\/sicurclimb\/#primaryimage"},"image":{"@id":"https:\/\/fedemark.ee\/fi\/tuotteet\/tikkaiden-tarvikkeet\/sicurclimb\/#primaryimage"},"thumbnailUrl":"https:\/\/fedemark.ee\/wp-content\/uploads\/2017\/06\/Sicurclimb.jpg","datePublished":"2017-06-16T18:04:07+00:00","dateModified":"2017-07-25T10:55:50+00:00","breadcrumb":{"@id":"https:\/\/fedemark.ee\/fi\/tuotteet\/tikkaiden-tarvikkeet\/sicurclimb\/#breadcrumb"},"inLanguage":"fi-FI","potentialAction":[{"@type":"ReadAction","target":["https:\/\/fedemark.ee\/fi\/tuotteet\/tikkaiden-tarvikkeet\/sicurclimb\/"]}]},{"@type":"ImageObject","inLanguage":"fi-FI","@id":"https:\/\/fedemark.ee\/fi\/tuotteet\/tikkaiden-tarvikkeet\/sicurclimb\/#primaryimage","url":"https:\/\/fedemark.ee\/wp-content\/uploads\/2017\/06\/Sicurclimb.jpg","contentUrl":"https:\/\/fedemark.ee\/wp-content\/uploads\/2017\/06\/Sicurclimb.jpg","width":3264,"height":2448},{"@type":"BreadcrumbList","@id":"https:\/\/fedemark.ee\/fi\/tuotteet\/tikkaiden-tarvikkeet\/sicurclimb\/#breadcrumb","itemListElement":[{"@type":"ListItem","position":1,"name":"Home","item":"https:\/\/fedemark.ee\/fi\/"},{"@type":"ListItem","position":2,"name":"Tuotteet","item":"https:\/\/fedemark.ee\/fi\/tuotteet\/"},{"@type":"ListItem","position":3,"name":"Sicurclimb"}]},{"@type":"WebSite","@id":"https:\/\/fedemark.ee\/#website","url":"https:\/\/fedemark.ee\/","name":"Fedemark","description":"Redelid, Tellingud, T\u00f6\u00f6platvormid ja vahekorrused","potentialAction":[{"@type":"SearchAction","target":{"@type":"EntryPoint","urlTemplate":"https:\/\/fedemark.ee\/?s={search_term_string}"},"query-input":"required name=search_term_string"}],"inLanguage":"fi-FI"}]}},"_links":{"self":[{"href":"https:\/\/fedemark.ee\/fi\/wp-json\/wp\/v2\/product\/7257"}],"collection":[{"href":"https:\/\/fedemark.ee\/fi\/wp-json\/wp\/v2\/product"}],"about":[{"href":"https:\/\/fedemark.ee\/fi\/wp-json\/wp\/v2\/types\/product"}],"replies":[{"embeddable":true,"href":"https:\/\/fedemark.ee\/fi\/wp-json\/wp\/v2\/comments?post=7257"}],"version-history":[{"count":0,"href":"https:\/\/fedemark.ee\/fi\/wp-json\/wp\/v2\/product\/7257\/revisions"}],"wp:featuredmedia":[{"embeddable":true,"href":"https:\/\/fedemark.ee\/fi\/wp-json\/wp\/v2\/media\/7045"}],"wp:attachment":[{"href":"https:\/\/fedemark.ee\/fi\/wp-json\/wp\/v2\/media?parent=7257"}],"wp:term":[{"taxonomy":"product_cat","embeddable":true,"href":"https:\/\/fedemark.ee\/fi\/wp-json\/wp\/v2\/product_cat?post=7257"},{"taxonomy":"product_tag","embeddable":true,"href":"https:\/\/fedemark.ee\/fi\/wp-json\/wp\/v2\/product_tag?post=7257"}],"curies":[{"name":"wp","href":"https:\/\/api.w.org\/{rel}","templated":true}]}}