{"id":7258,"date":"2017-06-16T18:08:52","date_gmt":"2017-06-16T18:08:52","guid":{"rendered":"https:\/\/sharks.ee\/fedemark\/shop\/uncategorized\/sicurkit\/"},"modified":"2017-07-25T10:58:11","modified_gmt":"2017-07-25T10:58:11","slug":"sicurkit","status":"publish","type":"product","link":"https:\/\/fedemark.ee\/fi\/tuotteet\/tikkaiden-tarvikkeet\/sicurkit\/","title":{"rendered":"Sicurkit"},"content":{"rendered":"","protected":false},"excerpt":{"rendered":"<p>Svelt-tikkaiden mukavaan ja turvalliseen k\u00e4ytt\u00f6\u00f6n aina viimeist\u00e4 askelmaa my\u00f6ten<\/p>\n<p>Sicurkit on valmistettu ulkonevasta alumiinity\u00f6tasosta, joka liitet\u00e4\u00e4n alumiiniseen suojakaiteeseen. T\u00e4m\u00e4n voi kiinnitt\u00e4\u00e4 tikkaisiin muutamassa sekunnissa ja se varmistaa turvallisen suojaj\u00e4rjestelm\u00e4n. K\u00e4ytt\u00e4j\u00e4 voi kiivet\u00e4 turvallisesti porrastikkaiden ylimm\u00e4lle tasolle asti. Huippumukavuus parantaa ty\u00f6tuloksia ja s\u00e4\u00e4st\u00e4\u00e4 aikaa ja ponnisteluja sek\u00e4 v\u00e4hent\u00e4\u00e4 onnettomuustapausten vaaraa.<br \/>\nTikkaita voi k\u00e4ytt\u00e4\u00e4 enimm\u00e4iskorkeudella eurooppalaisen standardin UNIEN131 mukaisesti.<br \/>\nLaitteen asentaminen tapahtuu sekunneissa yl\u00e4osan kiinnitt\u00e4v\u00e4n tason ansiosta.<br \/>\nKaksi turvakoukkua lukitsee sen, joten seisominen on mukavaa.<br \/>\nKuljetus on helppoa, laite voi liikuttamisen ajaksi j\u00e4\u00e4d\u00e4 tikkaisiin kiinni. Suojakaide on loistava kahva tikkaiden liikuttamiseen lis\u00e4varusteina olevilla py\u00f6rill\u00e4.<\/p>\n<p>SICURKIT60 tekniset ominaisuudet<br \/>\n\u2022 Paino 2 kg<br \/>\n\u2022 Tason mitat: 260x293x43 mm<br \/>\n\u2022 Pakkauksen mitat: 780x400x60 mm<\/p>\n<p>SICURKIT100S (Scalissima)<br \/>\nSICURKIT100P (Plus\/Elite)<br \/>\nSuojakaide 100 cm<br \/>\nEURO 65,00S<\/p>\n<p>Pakkaus<br \/>\nL\u00e4mp\u00f6kutistuva muovipakkaus kuvineen. K\u00e4ytt\u00f6ohje auttaa k\u00e4ytt\u00e4j\u00e4\u00e4 helpoilla asennuskeinoilla.<\/p>\n","protected":false},"featured_media":7049,"comment_status":"open","ping_status":"closed","template":"","meta":{"footnotes":""},"product_cat":[169],"product_tag":[],"yoast_head":"<!-- This site is optimized with the Yoast SEO plugin v22.6 - https:\/\/yoast.com\/wordpress\/plugins\/seo\/ -->\n<title>Sicurkit - Fedemark<\/title>\n<meta name=\"robots\" content=\"index, follow, max-snippet:-1, max-image-preview:large, max-video-preview:-1\" \/>\n<link rel=\"canonical\" href=\"https:\/\/fedemark.ee\/fi\/tuotteet\/tikkaiden-tarvikkeet\/sicurkit\/\" \/>\n<meta property=\"og:locale\" content=\"fi_FI\" \/>\n<meta property=\"og:type\" content=\"article\" \/>\n<meta property=\"og:title\" content=\"Sicurkit - Fedemark\" \/>\n<meta property=\"og:description\" content=\"Svelt-tikkaiden mukavaan ja turvalliseen k\u00e4ytt\u00f6\u00f6n aina viimeist\u00e4 askelmaa my\u00f6ten  Sicurkit on valmistettu ulkonevasta alumiinity\u00f6tasosta, joka liitet\u00e4\u00e4n alumiiniseen suojakaiteeseen. T\u00e4m\u00e4n voi kiinnitt\u00e4\u00e4 tikkaisiin muutamassa sekunnissa ja se varmistaa turvallisen suojaj\u00e4rjestelm\u00e4n. K\u00e4ytt\u00e4j\u00e4 voi kiivet\u00e4 turvallisesti porrastikkaiden ylimm\u00e4lle tasolle asti. Huippumukavuus parantaa ty\u00f6tuloksia ja s\u00e4\u00e4st\u00e4\u00e4 aikaa ja ponnisteluja sek\u00e4 v\u00e4hent\u00e4\u00e4 onnettomuustapausten vaaraa. Tikkaita voi k\u00e4ytt\u00e4\u00e4 enimm\u00e4iskorkeudella eurooppalaisen standardin UNIEN131 mukaisesti. Laitteen asentaminen tapahtuu sekunneissa yl\u00e4osan kiinnitt\u00e4v\u00e4n tason ansiosta. Kaksi turvakoukkua lukitsee sen, joten seisominen on mukavaa. Kuljetus on helppoa, laite voi liikuttamisen ajaksi j\u00e4\u00e4d\u00e4 tikkaisiin kiinni. Suojakaide on loistava kahva tikkaiden liikuttamiseen lis\u00e4varusteina olevilla py\u00f6rill\u00e4.  SICURKIT60 tekniset ominaisuudet \u2022 Paino 2 kg \u2022 Tason mitat: 260x293x43 mm \u2022 Pakkauksen mitat: 780x400x60 mm  SICURKIT100S (Scalissima) SICURKIT100P (Plus\/Elite) Suojakaide 100 cm EURO 65,00S  Pakkaus L\u00e4mp\u00f6kutistuva muovipakkaus kuvineen. K\u00e4ytt\u00f6ohje auttaa k\u00e4ytt\u00e4j\u00e4\u00e4 helpoilla asennuskeinoilla.\" \/>\n<meta property=\"og:url\" content=\"https:\/\/fedemark.ee\/fi\/tuotteet\/tikkaiden-tarvikkeet\/sicurkit\/\" \/>\n<meta property=\"og:site_name\" content=\"Fedemark\" \/>\n<meta property=\"article:modified_time\" content=\"2017-07-25T10:58:11+00:00\" \/>\n<meta property=\"og:image\" content=\"https:\/\/fedemark.ee\/wp-content\/uploads\/2017\/06\/Sicurkit-2-ScalissimaPlus.jpg\" \/>\n\t<meta property=\"og:image:width\" content=\"426\" \/>\n\t<meta property=\"og:image:height\" content=\"681\" \/>\n\t<meta property=\"og:image:type\" content=\"image\/jpeg\" \/>\n<meta name=\"twitter:card\" content=\"summary_large_image\" \/>\n<script type=\"application\/ld+json\" class=\"yoast-schema-graph\">{\"@context\":\"https:\/\/schema.org\",\"@graph\":[{\"@type\":\"WebPage\",\"@id\":\"https:\/\/fedemark.ee\/fi\/tuotteet\/tikkaiden-tarvikkeet\/sicurkit\/\",\"url\":\"https:\/\/fedemark.ee\/fi\/tuotteet\/tikkaiden-tarvikkeet\/sicurkit\/\",\"name\":\"Sicurkit - Fedemark\",\"isPartOf\":{\"@id\":\"https:\/\/fedemark.ee\/#website\"},\"primaryImageOfPage\":{\"@id\":\"https:\/\/fedemark.ee\/fi\/tuotteet\/tikkaiden-tarvikkeet\/sicurkit\/#primaryimage\"},\"image\":{\"@id\":\"https:\/\/fedemark.ee\/fi\/tuotteet\/tikkaiden-tarvikkeet\/sicurkit\/#primaryimage\"},\"thumbnailUrl\":\"https:\/\/fedemark.ee\/wp-content\/uploads\/2017\/06\/Sicurkit-2-ScalissimaPlus.jpg\",\"datePublished\":\"2017-06-16T18:08:52+00:00\",\"dateModified\":\"2017-07-25T10:58:11+00:00\",\"breadcrumb\":{\"@id\":\"https:\/\/fedemark.ee\/fi\/tuotteet\/tikkaiden-tarvikkeet\/sicurkit\/#breadcrumb\"},\"inLanguage\":\"fi-FI\",\"potentialAction\":[{\"@type\":\"ReadAction\",\"target\":[\"https:\/\/fedemark.ee\/fi\/tuotteet\/tikkaiden-tarvikkeet\/sicurkit\/\"]}]},{\"@type\":\"ImageObject\",\"inLanguage\":\"fi-FI\",\"@id\":\"https:\/\/fedemark.ee\/fi\/tuotteet\/tikkaiden-tarvikkeet\/sicurkit\/#primaryimage\",\"url\":\"https:\/\/fedemark.ee\/wp-content\/uploads\/2017\/06\/Sicurkit-2-ScalissimaPlus.jpg\",\"contentUrl\":\"https:\/\/fedemark.ee\/wp-content\/uploads\/2017\/06\/Sicurkit-2-ScalissimaPlus.jpg\",\"width\":426,\"height\":681},{\"@type\":\"BreadcrumbList\",\"@id\":\"https:\/\/fedemark.ee\/fi\/tuotteet\/tikkaiden-tarvikkeet\/sicurkit\/#breadcrumb\",\"itemListElement\":[{\"@type\":\"ListItem\",\"position\":1,\"name\":\"Home\",\"item\":\"https:\/\/fedemark.ee\/fi\/\"},{\"@type\":\"ListItem\",\"position\":2,\"name\":\"Tuotteet\",\"item\":\"https:\/\/fedemark.ee\/fi\/tuotteet\/\"},{\"@type\":\"ListItem\",\"position\":3,\"name\":\"Sicurkit\"}]},{\"@type\":\"WebSite\",\"@id\":\"https:\/\/fedemark.ee\/#website\",\"url\":\"https:\/\/fedemark.ee\/\",\"name\":\"Fedemark\",\"description\":\"Redelid, Tellingud, T\u00f6\u00f6platvormid ja vahekorrused\",\"potentialAction\":[{\"@type\":\"SearchAction\",\"target\":{\"@type\":\"EntryPoint\",\"urlTemplate\":\"https:\/\/fedemark.ee\/?s={search_term_string}\"},\"query-input\":\"required name=search_term_string\"}],\"inLanguage\":\"fi-FI\"}]}<\/script>\n<!-- \/ Yoast SEO plugin. -->","yoast_head_json":{"title":"Sicurkit - Fedemark","robots":{"index":"index","follow":"follow","max-snippet":"max-snippet:-1","max-image-preview":"max-image-preview:large","max-video-preview":"max-video-preview:-1"},"canonical":"https:\/\/fedemark.ee\/fi\/tuotteet\/tikkaiden-tarvikkeet\/sicurkit\/","og_locale":"fi_FI","og_type":"article","og_title":"Sicurkit - Fedemark","og_description":"Svelt-tikkaiden mukavaan ja turvalliseen k\u00e4ytt\u00f6\u00f6n aina viimeist\u00e4 askelmaa my\u00f6ten  Sicurkit on valmistettu ulkonevasta alumiinity\u00f6tasosta, joka liitet\u00e4\u00e4n alumiiniseen suojakaiteeseen. T\u00e4m\u00e4n voi kiinnitt\u00e4\u00e4 tikkaisiin muutamassa sekunnissa ja se varmistaa turvallisen suojaj\u00e4rjestelm\u00e4n. K\u00e4ytt\u00e4j\u00e4 voi kiivet\u00e4 turvallisesti porrastikkaiden ylimm\u00e4lle tasolle asti. Huippumukavuus parantaa ty\u00f6tuloksia ja s\u00e4\u00e4st\u00e4\u00e4 aikaa ja ponnisteluja sek\u00e4 v\u00e4hent\u00e4\u00e4 onnettomuustapausten vaaraa. Tikkaita voi k\u00e4ytt\u00e4\u00e4 enimm\u00e4iskorkeudella eurooppalaisen standardin UNIEN131 mukaisesti. Laitteen asentaminen tapahtuu sekunneissa yl\u00e4osan kiinnitt\u00e4v\u00e4n tason ansiosta. Kaksi turvakoukkua lukitsee sen, joten seisominen on mukavaa. Kuljetus on helppoa, laite voi liikuttamisen ajaksi j\u00e4\u00e4d\u00e4 tikkaisiin kiinni. Suojakaide on loistava kahva tikkaiden liikuttamiseen lis\u00e4varusteina olevilla py\u00f6rill\u00e4.  SICURKIT60 tekniset ominaisuudet \u2022 Paino 2 kg \u2022 Tason mitat: 260x293x43 mm \u2022 Pakkauksen mitat: 780x400x60 mm  SICURKIT100S (Scalissima) SICURKIT100P (Plus\/Elite) Suojakaide 100 cm EURO 65,00S  Pakkaus L\u00e4mp\u00f6kutistuva muovipakkaus kuvineen. K\u00e4ytt\u00f6ohje auttaa k\u00e4ytt\u00e4j\u00e4\u00e4 helpoilla asennuskeinoilla.","og_url":"https:\/\/fedemark.ee\/fi\/tuotteet\/tikkaiden-tarvikkeet\/sicurkit\/","og_site_name":"Fedemark","article_modified_time":"2017-07-25T10:58:11+00:00","og_image":[{"width":426,"height":681,"url":"https:\/\/fedemark.ee\/wp-content\/uploads\/2017\/06\/Sicurkit-2-ScalissimaPlus.jpg","type":"image\/jpeg"}],"twitter_card":"summary_large_image","schema":{"@context":"https:\/\/schema.org","@graph":[{"@type":"WebPage","@id":"https:\/\/fedemark.ee\/fi\/tuotteet\/tikkaiden-tarvikkeet\/sicurkit\/","url":"https:\/\/fedemark.ee\/fi\/tuotteet\/tikkaiden-tarvikkeet\/sicurkit\/","name":"Sicurkit - Fedemark","isPartOf":{"@id":"https:\/\/fedemark.ee\/#website"},"primaryImageOfPage":{"@id":"https:\/\/fedemark.ee\/fi\/tuotteet\/tikkaiden-tarvikkeet\/sicurkit\/#primaryimage"},"image":{"@id":"https:\/\/fedemark.ee\/fi\/tuotteet\/tikkaiden-tarvikkeet\/sicurkit\/#primaryimage"},"thumbnailUrl":"https:\/\/fedemark.ee\/wp-content\/uploads\/2017\/06\/Sicurkit-2-ScalissimaPlus.jpg","datePublished":"2017-06-16T18:08:52+00:00","dateModified":"2017-07-25T10:58:11+00:00","breadcrumb":{"@id":"https:\/\/fedemark.ee\/fi\/tuotteet\/tikkaiden-tarvikkeet\/sicurkit\/#breadcrumb"},"inLanguage":"fi-FI","potentialAction":[{"@type":"ReadAction","target":["https:\/\/fedemark.ee\/fi\/tuotteet\/tikkaiden-tarvikkeet\/sicurkit\/"]}]},{"@type":"ImageObject","inLanguage":"fi-FI","@id":"https:\/\/fedemark.ee\/fi\/tuotteet\/tikkaiden-tarvikkeet\/sicurkit\/#primaryimage","url":"https:\/\/fedemark.ee\/wp-content\/uploads\/2017\/06\/Sicurkit-2-ScalissimaPlus.jpg","contentUrl":"https:\/\/fedemark.ee\/wp-content\/uploads\/2017\/06\/Sicurkit-2-ScalissimaPlus.jpg","width":426,"height":681},{"@type":"BreadcrumbList","@id":"https:\/\/fedemark.ee\/fi\/tuotteet\/tikkaiden-tarvikkeet\/sicurkit\/#breadcrumb","itemListElement":[{"@type":"ListItem","position":1,"name":"Home","item":"https:\/\/fedemark.ee\/fi\/"},{"@type":"ListItem","position":2,"name":"Tuotteet","item":"https:\/\/fedemark.ee\/fi\/tuotteet\/"},{"@type":"ListItem","position":3,"name":"Sicurkit"}]},{"@type":"WebSite","@id":"https:\/\/fedemark.ee\/#website","url":"https:\/\/fedemark.ee\/","name":"Fedemark","description":"Redelid, Tellingud, T\u00f6\u00f6platvormid ja vahekorrused","potentialAction":[{"@type":"SearchAction","target":{"@type":"EntryPoint","urlTemplate":"https:\/\/fedemark.ee\/?s={search_term_string}"},"query-input":"required name=search_term_string"}],"inLanguage":"fi-FI"}]}},"_links":{"self":[{"href":"https:\/\/fedemark.ee\/fi\/wp-json\/wp\/v2\/product\/7258"}],"collection":[{"href":"https:\/\/fedemark.ee\/fi\/wp-json\/wp\/v2\/product"}],"about":[{"href":"https:\/\/fedemark.ee\/fi\/wp-json\/wp\/v2\/types\/product"}],"replies":[{"embeddable":true,"href":"https:\/\/fedemark.ee\/fi\/wp-json\/wp\/v2\/comments?post=7258"}],"version-history":[{"count":0,"href":"https:\/\/fedemark.ee\/fi\/wp-json\/wp\/v2\/product\/7258\/revisions"}],"wp:featuredmedia":[{"embeddable":true,"href":"https:\/\/fedemark.ee\/fi\/wp-json\/wp\/v2\/media\/7049"}],"wp:attachment":[{"href":"https:\/\/fedemark.ee\/fi\/wp-json\/wp\/v2\/media?parent=7258"}],"wp:term":[{"taxonomy":"product_cat","embeddable":true,"href":"https:\/\/fedemark.ee\/fi\/wp-json\/wp\/v2\/product_cat?post=7258"},{"taxonomy":"product_tag","embeddable":true,"href":"https:\/\/fedemark.ee\/fi\/wp-json\/wp\/v2\/product_tag?post=7258"}],"curies":[{"name":"wp","href":"https:\/\/api.w.org\/{rel}","templated":true}]}}