{"id":7259,"date":"2017-06-16T18:12:03","date_gmt":"2017-06-16T18:12:03","guid":{"rendered":"https:\/\/sharks.ee\/fedemark\/shop\/uncategorized\/spacer\/"},"modified":"2017-07-25T10:59:53","modified_gmt":"2017-07-25T10:59:53","slug":"spacer","status":"publish","type":"product","link":"https:\/\/fedemark.ee\/fi\/tuotteet\/tikkaiden-tarvikkeet\/spacer\/","title":{"rendered":"V\u00e4likappale"},"content":{"rendered":"","protected":false},"excerpt":{"rendered":"<p>Vakauttaja ja v\u00e4likappale k\u00e4ytt\u00e4j\u00e4n pit\u00e4miseen irti sein\u00e4st\u00e4<\/p>\n<p>Sopii tikkaisiin olivatpa niiden puolat millaisia tahansa.<br \/>\nVoi k\u00e4ytt\u00e4\u00e4 ammattilais- ja yksityisk\u00e4yt\u00f6ss\u00e4.<\/p>\n<p>K\u00e4ytt\u00f6 on helppoa, v\u00e4likappale tulee asentaa millaisiin tahansa tikkaan puoliin ja se mahdollistaa k\u00e4ytt\u00e4j\u00e4n pysymisen turvallisesti irti sein\u00e4st\u00e4. Lis\u00e4ksi se luo paremman kontaktin, jotta tikkaiden sijoitus olisi vakaampi.<\/p>\n<p>Se on eritt\u00e4in mukava sein\u00e4n tai ikkunan maalauksessa tai sein\u00e4\u00e4n porattaessa.<br \/>\nN\u00e4iss\u00e4 tapauksissa v\u00e4limatka sein\u00e4\u00e4n on ty\u00f6n turvallisen ja mukavan suorittamisen kannalta eritt\u00e4in t\u00e4rke\u00e4\u00e4.<\/p>\n","protected":false},"featured_media":10317,"comment_status":"open","ping_status":"closed","template":"","meta":{"footnotes":""},"product_cat":[169],"product_tag":[],"yoast_head":"<!-- This site is optimized with the Yoast SEO plugin v22.6 - https:\/\/yoast.com\/wordpress\/plugins\/seo\/ -->\n<title>V\u00e4likappale - Fedemark<\/title>\n<meta name=\"robots\" content=\"index, follow, max-snippet:-1, max-image-preview:large, max-video-preview:-1\" \/>\n<link rel=\"canonical\" href=\"https:\/\/fedemark.ee\/fi\/tuotteet\/tikkaiden-tarvikkeet\/spacer\/\" \/>\n<meta property=\"og:locale\" content=\"fi_FI\" \/>\n<meta property=\"og:type\" content=\"article\" \/>\n<meta property=\"og:title\" content=\"V\u00e4likappale - Fedemark\" \/>\n<meta property=\"og:description\" content=\"Vakauttaja ja v\u00e4likappale k\u00e4ytt\u00e4j\u00e4n pit\u00e4miseen irti sein\u00e4st\u00e4  Sopii tikkaisiin olivatpa niiden puolat millaisia tahansa. Voi k\u00e4ytt\u00e4\u00e4 ammattilais- ja yksityisk\u00e4yt\u00f6ss\u00e4.  K\u00e4ytt\u00f6 on helppoa, v\u00e4likappale tulee asentaa millaisiin tahansa tikkaan puoliin ja se mahdollistaa k\u00e4ytt\u00e4j\u00e4n pysymisen turvallisesti irti sein\u00e4st\u00e4. Lis\u00e4ksi se luo paremman kontaktin, jotta tikkaiden sijoitus olisi vakaampi.  Se on eritt\u00e4in mukava sein\u00e4n tai ikkunan maalauksessa tai sein\u00e4\u00e4n porattaessa. N\u00e4iss\u00e4 tapauksissa v\u00e4limatka sein\u00e4\u00e4n on ty\u00f6n turvallisen ja mukavan suorittamisen kannalta eritt\u00e4in t\u00e4rke\u00e4\u00e4.\" \/>\n<meta property=\"og:url\" content=\"https:\/\/fedemark.ee\/fi\/tuotteet\/tikkaiden-tarvikkeet\/spacer\/\" \/>\n<meta property=\"og:site_name\" content=\"Fedemark\" \/>\n<meta property=\"article:modified_time\" content=\"2017-07-25T10:59:53+00:00\" \/>\n<meta property=\"og:image\" content=\"https:\/\/fedemark.ee\/wp-content\/uploads\/2017\/06\/Spacer-1.jpg\" \/>\n\t<meta property=\"og:image:width\" content=\"800\" \/>\n\t<meta property=\"og:image:height\" content=\"800\" \/>\n\t<meta property=\"og:image:type\" content=\"image\/jpeg\" \/>\n<meta name=\"twitter:card\" content=\"summary_large_image\" \/>\n<script type=\"application\/ld+json\" class=\"yoast-schema-graph\">{\"@context\":\"https:\/\/schema.org\",\"@graph\":[{\"@type\":\"WebPage\",\"@id\":\"https:\/\/fedemark.ee\/fi\/tuotteet\/tikkaiden-tarvikkeet\/spacer\/\",\"url\":\"https:\/\/fedemark.ee\/fi\/tuotteet\/tikkaiden-tarvikkeet\/spacer\/\",\"name\":\"V\u00e4likappale - Fedemark\",\"isPartOf\":{\"@id\":\"https:\/\/fedemark.ee\/#website\"},\"primaryImageOfPage\":{\"@id\":\"https:\/\/fedemark.ee\/fi\/tuotteet\/tikkaiden-tarvikkeet\/spacer\/#primaryimage\"},\"image\":{\"@id\":\"https:\/\/fedemark.ee\/fi\/tuotteet\/tikkaiden-tarvikkeet\/spacer\/#primaryimage\"},\"thumbnailUrl\":\"https:\/\/fedemark.ee\/wp-content\/uploads\/2017\/06\/Spacer-1.jpg\",\"datePublished\":\"2017-06-16T18:12:03+00:00\",\"dateModified\":\"2017-07-25T10:59:53+00:00\",\"breadcrumb\":{\"@id\":\"https:\/\/fedemark.ee\/fi\/tuotteet\/tikkaiden-tarvikkeet\/spacer\/#breadcrumb\"},\"inLanguage\":\"fi-FI\",\"potentialAction\":[{\"@type\":\"ReadAction\",\"target\":[\"https:\/\/fedemark.ee\/fi\/tuotteet\/tikkaiden-tarvikkeet\/spacer\/\"]}]},{\"@type\":\"ImageObject\",\"inLanguage\":\"fi-FI\",\"@id\":\"https:\/\/fedemark.ee\/fi\/tuotteet\/tikkaiden-tarvikkeet\/spacer\/#primaryimage\",\"url\":\"https:\/\/fedemark.ee\/wp-content\/uploads\/2017\/06\/Spacer-1.jpg\",\"contentUrl\":\"https:\/\/fedemark.ee\/wp-content\/uploads\/2017\/06\/Spacer-1.jpg\",\"width\":800,\"height\":800},{\"@type\":\"BreadcrumbList\",\"@id\":\"https:\/\/fedemark.ee\/fi\/tuotteet\/tikkaiden-tarvikkeet\/spacer\/#breadcrumb\",\"itemListElement\":[{\"@type\":\"ListItem\",\"position\":1,\"name\":\"Home\",\"item\":\"https:\/\/fedemark.ee\/fi\/\"},{\"@type\":\"ListItem\",\"position\":2,\"name\":\"Tuotteet\",\"item\":\"https:\/\/fedemark.ee\/fi\/tuotteet\/\"},{\"@type\":\"ListItem\",\"position\":3,\"name\":\"V\u00e4likappale\"}]},{\"@type\":\"WebSite\",\"@id\":\"https:\/\/fedemark.ee\/#website\",\"url\":\"https:\/\/fedemark.ee\/\",\"name\":\"Fedemark\",\"description\":\"Redelid, Tellingud, T\u00f6\u00f6platvormid ja vahekorrused\",\"potentialAction\":[{\"@type\":\"SearchAction\",\"target\":{\"@type\":\"EntryPoint\",\"urlTemplate\":\"https:\/\/fedemark.ee\/?s={search_term_string}\"},\"query-input\":\"required name=search_term_string\"}],\"inLanguage\":\"fi-FI\"}]}<\/script>\n<!-- \/ Yoast SEO plugin. -->","yoast_head_json":{"title":"V\u00e4likappale - Fedemark","robots":{"index":"index","follow":"follow","max-snippet":"max-snippet:-1","max-image-preview":"max-image-preview:large","max-video-preview":"max-video-preview:-1"},"canonical":"https:\/\/fedemark.ee\/fi\/tuotteet\/tikkaiden-tarvikkeet\/spacer\/","og_locale":"fi_FI","og_type":"article","og_title":"V\u00e4likappale - Fedemark","og_description":"Vakauttaja ja v\u00e4likappale k\u00e4ytt\u00e4j\u00e4n pit\u00e4miseen irti sein\u00e4st\u00e4  Sopii tikkaisiin olivatpa niiden puolat millaisia tahansa. Voi k\u00e4ytt\u00e4\u00e4 ammattilais- ja yksityisk\u00e4yt\u00f6ss\u00e4.  K\u00e4ytt\u00f6 on helppoa, v\u00e4likappale tulee asentaa millaisiin tahansa tikkaan puoliin ja se mahdollistaa k\u00e4ytt\u00e4j\u00e4n pysymisen turvallisesti irti sein\u00e4st\u00e4. Lis\u00e4ksi se luo paremman kontaktin, jotta tikkaiden sijoitus olisi vakaampi.  Se on eritt\u00e4in mukava sein\u00e4n tai ikkunan maalauksessa tai sein\u00e4\u00e4n porattaessa. N\u00e4iss\u00e4 tapauksissa v\u00e4limatka sein\u00e4\u00e4n on ty\u00f6n turvallisen ja mukavan suorittamisen kannalta eritt\u00e4in t\u00e4rke\u00e4\u00e4.","og_url":"https:\/\/fedemark.ee\/fi\/tuotteet\/tikkaiden-tarvikkeet\/spacer\/","og_site_name":"Fedemark","article_modified_time":"2017-07-25T10:59:53+00:00","og_image":[{"width":800,"height":800,"url":"https:\/\/fedemark.ee\/wp-content\/uploads\/2017\/06\/Spacer-1.jpg","type":"image\/jpeg"}],"twitter_card":"summary_large_image","schema":{"@context":"https:\/\/schema.org","@graph":[{"@type":"WebPage","@id":"https:\/\/fedemark.ee\/fi\/tuotteet\/tikkaiden-tarvikkeet\/spacer\/","url":"https:\/\/fedemark.ee\/fi\/tuotteet\/tikkaiden-tarvikkeet\/spacer\/","name":"V\u00e4likappale - Fedemark","isPartOf":{"@id":"https:\/\/fedemark.ee\/#website"},"primaryImageOfPage":{"@id":"https:\/\/fedemark.ee\/fi\/tuotteet\/tikkaiden-tarvikkeet\/spacer\/#primaryimage"},"image":{"@id":"https:\/\/fedemark.ee\/fi\/tuotteet\/tikkaiden-tarvikkeet\/spacer\/#primaryimage"},"thumbnailUrl":"https:\/\/fedemark.ee\/wp-content\/uploads\/2017\/06\/Spacer-1.jpg","datePublished":"2017-06-16T18:12:03+00:00","dateModified":"2017-07-25T10:59:53+00:00","breadcrumb":{"@id":"https:\/\/fedemark.ee\/fi\/tuotteet\/tikkaiden-tarvikkeet\/spacer\/#breadcrumb"},"inLanguage":"fi-FI","potentialAction":[{"@type":"ReadAction","target":["https:\/\/fedemark.ee\/fi\/tuotteet\/tikkaiden-tarvikkeet\/spacer\/"]}]},{"@type":"ImageObject","inLanguage":"fi-FI","@id":"https:\/\/fedemark.ee\/fi\/tuotteet\/tikkaiden-tarvikkeet\/spacer\/#primaryimage","url":"https:\/\/fedemark.ee\/wp-content\/uploads\/2017\/06\/Spacer-1.jpg","contentUrl":"https:\/\/fedemark.ee\/wp-content\/uploads\/2017\/06\/Spacer-1.jpg","width":800,"height":800},{"@type":"BreadcrumbList","@id":"https:\/\/fedemark.ee\/fi\/tuotteet\/tikkaiden-tarvikkeet\/spacer\/#breadcrumb","itemListElement":[{"@type":"ListItem","position":1,"name":"Home","item":"https:\/\/fedemark.ee\/fi\/"},{"@type":"ListItem","position":2,"name":"Tuotteet","item":"https:\/\/fedemark.ee\/fi\/tuotteet\/"},{"@type":"ListItem","position":3,"name":"V\u00e4likappale"}]},{"@type":"WebSite","@id":"https:\/\/fedemark.ee\/#website","url":"https:\/\/fedemark.ee\/","name":"Fedemark","description":"Redelid, Tellingud, T\u00f6\u00f6platvormid ja vahekorrused","potentialAction":[{"@type":"SearchAction","target":{"@type":"EntryPoint","urlTemplate":"https:\/\/fedemark.ee\/?s={search_term_string}"},"query-input":"required name=search_term_string"}],"inLanguage":"fi-FI"}]}},"_links":{"self":[{"href":"https:\/\/fedemark.ee\/fi\/wp-json\/wp\/v2\/product\/7259"}],"collection":[{"href":"https:\/\/fedemark.ee\/fi\/wp-json\/wp\/v2\/product"}],"about":[{"href":"https:\/\/fedemark.ee\/fi\/wp-json\/wp\/v2\/types\/product"}],"replies":[{"embeddable":true,"href":"https:\/\/fedemark.ee\/fi\/wp-json\/wp\/v2\/comments?post=7259"}],"version-history":[{"count":0,"href":"https:\/\/fedemark.ee\/fi\/wp-json\/wp\/v2\/product\/7259\/revisions"}],"wp:featuredmedia":[{"embeddable":true,"href":"https:\/\/fedemark.ee\/fi\/wp-json\/wp\/v2\/media\/10317"}],"wp:attachment":[{"href":"https:\/\/fedemark.ee\/fi\/wp-json\/wp\/v2\/media?parent=7259"}],"wp:term":[{"taxonomy":"product_cat","embeddable":true,"href":"https:\/\/fedemark.ee\/fi\/wp-json\/wp\/v2\/product_cat?post=7259"},{"taxonomy":"product_tag","embeddable":true,"href":"https:\/\/fedemark.ee\/fi\/wp-json\/wp\/v2\/product_tag?post=7259"}],"curies":[{"name":"wp","href":"https:\/\/api.w.org\/{rel}","templated":true}]}}