{"id":7260,"date":"2017-06-16T18:18:28","date_gmt":"2017-06-16T18:18:28","guid":{"rendered":"https:\/\/sharks.ee\/fedemark\/shop\/uncategorized\/top-box\/"},"modified":"2017-07-25T11:00:30","modified_gmt":"2017-07-25T11:00:30","slug":"top-box","status":"publish","type":"product","link":"https:\/\/fedemark.ee\/fi\/tuotteet\/tikkaiden-tarvikkeet\/top-box\/","title":{"rendered":"Top Box"},"content":{"rendered":"","protected":false},"excerpt":{"rendered":"<p>Yleisk\u00e4ytt\u00f6inen sek\u00e4 ammattilaisille ett\u00e4 harrastajille tarkoitettu PVC:st\u00e4 valmistettu ty\u00f6v\u00e4linelaatikko, jota on helppo k\u00e4ytt\u00e4\u00e4 ja joka on helppo asentaa<\/p>\n<p>T\u00e4t\u00e4 voi k\u00e4ytt\u00e4\u00e4 taloudessa olevien tikkaiden p\u00e4\u00e4ss\u00e4.<br \/>\nAlapuolen voi asentaa suojakaiteen p\u00e4\u00e4lle (profiilin v\u00e4himm\u00e4iskoko 38&#215;20 mm, enimm\u00e4iskoko 50&#215;30 mm).<\/p>\n","protected":false},"featured_media":7073,"comment_status":"open","ping_status":"closed","template":"","meta":{"footnotes":""},"product_cat":[169],"product_tag":[],"yoast_head":"<!-- This site is optimized with the Yoast SEO plugin v22.6 - https:\/\/yoast.com\/wordpress\/plugins\/seo\/ -->\n<title>Top Box - Fedemark<\/title>\n<meta name=\"robots\" content=\"index, follow, max-snippet:-1, max-image-preview:large, max-video-preview:-1\" \/>\n<link rel=\"canonical\" href=\"https:\/\/fedemark.ee\/fi\/tuotteet\/tikkaiden-tarvikkeet\/top-box\/\" \/>\n<meta property=\"og:locale\" content=\"fi_FI\" \/>\n<meta property=\"og:type\" content=\"article\" \/>\n<meta property=\"og:title\" content=\"Top Box - Fedemark\" \/>\n<meta property=\"og:description\" content=\"Yleisk\u00e4ytt\u00f6inen sek\u00e4 ammattilaisille ett\u00e4 harrastajille tarkoitettu PVC:st\u00e4 valmistettu ty\u00f6v\u00e4linelaatikko, jota on helppo k\u00e4ytt\u00e4\u00e4 ja joka on helppo asentaa  T\u00e4t\u00e4 voi k\u00e4ytt\u00e4\u00e4 taloudessa olevien tikkaiden p\u00e4\u00e4ss\u00e4. Alapuolen voi asentaa suojakaiteen p\u00e4\u00e4lle (profiilin v\u00e4himm\u00e4iskoko 38x20 mm, enimm\u00e4iskoko 50x30 mm).\" \/>\n<meta property=\"og:url\" content=\"https:\/\/fedemark.ee\/fi\/tuotteet\/tikkaiden-tarvikkeet\/top-box\/\" \/>\n<meta property=\"og:site_name\" content=\"Fedemark\" \/>\n<meta property=\"article:modified_time\" content=\"2017-07-25T11:00:30+00:00\" \/>\n<meta property=\"og:image\" content=\"https:\/\/fedemark.ee\/wp-content\/uploads\/2017\/06\/topbox.jpg\" \/>\n\t<meta property=\"og:image:width\" content=\"1320\" \/>\n\t<meta property=\"og:image:height\" content=\"1196\" \/>\n\t<meta property=\"og:image:type\" content=\"image\/jpeg\" \/>\n<meta name=\"twitter:card\" content=\"summary_large_image\" \/>\n<script type=\"application\/ld+json\" class=\"yoast-schema-graph\">{\"@context\":\"https:\/\/schema.org\",\"@graph\":[{\"@type\":\"WebPage\",\"@id\":\"https:\/\/fedemark.ee\/fi\/tuotteet\/tikkaiden-tarvikkeet\/top-box\/\",\"url\":\"https:\/\/fedemark.ee\/fi\/tuotteet\/tikkaiden-tarvikkeet\/top-box\/\",\"name\":\"Top Box - Fedemark\",\"isPartOf\":{\"@id\":\"https:\/\/fedemark.ee\/#website\"},\"primaryImageOfPage\":{\"@id\":\"https:\/\/fedemark.ee\/fi\/tuotteet\/tikkaiden-tarvikkeet\/top-box\/#primaryimage\"},\"image\":{\"@id\":\"https:\/\/fedemark.ee\/fi\/tuotteet\/tikkaiden-tarvikkeet\/top-box\/#primaryimage\"},\"thumbnailUrl\":\"https:\/\/fedemark.ee\/wp-content\/uploads\/2017\/06\/topbox.jpg\",\"datePublished\":\"2017-06-16T18:18:28+00:00\",\"dateModified\":\"2017-07-25T11:00:30+00:00\",\"breadcrumb\":{\"@id\":\"https:\/\/fedemark.ee\/fi\/tuotteet\/tikkaiden-tarvikkeet\/top-box\/#breadcrumb\"},\"inLanguage\":\"fi-FI\",\"potentialAction\":[{\"@type\":\"ReadAction\",\"target\":[\"https:\/\/fedemark.ee\/fi\/tuotteet\/tikkaiden-tarvikkeet\/top-box\/\"]}]},{\"@type\":\"ImageObject\",\"inLanguage\":\"fi-FI\",\"@id\":\"https:\/\/fedemark.ee\/fi\/tuotteet\/tikkaiden-tarvikkeet\/top-box\/#primaryimage\",\"url\":\"https:\/\/fedemark.ee\/wp-content\/uploads\/2017\/06\/topbox.jpg\",\"contentUrl\":\"https:\/\/fedemark.ee\/wp-content\/uploads\/2017\/06\/topbox.jpg\",\"width\":1320,\"height\":1196},{\"@type\":\"BreadcrumbList\",\"@id\":\"https:\/\/fedemark.ee\/fi\/tuotteet\/tikkaiden-tarvikkeet\/top-box\/#breadcrumb\",\"itemListElement\":[{\"@type\":\"ListItem\",\"position\":1,\"name\":\"Home\",\"item\":\"https:\/\/fedemark.ee\/fi\/\"},{\"@type\":\"ListItem\",\"position\":2,\"name\":\"Tuotteet\",\"item\":\"https:\/\/fedemark.ee\/fi\/tuotteet\/\"},{\"@type\":\"ListItem\",\"position\":3,\"name\":\"Top Box\"}]},{\"@type\":\"WebSite\",\"@id\":\"https:\/\/fedemark.ee\/#website\",\"url\":\"https:\/\/fedemark.ee\/\",\"name\":\"Fedemark\",\"description\":\"Redelid, Tellingud, T\u00f6\u00f6platvormid ja vahekorrused\",\"potentialAction\":[{\"@type\":\"SearchAction\",\"target\":{\"@type\":\"EntryPoint\",\"urlTemplate\":\"https:\/\/fedemark.ee\/?s={search_term_string}\"},\"query-input\":\"required name=search_term_string\"}],\"inLanguage\":\"fi-FI\"}]}<\/script>\n<!-- \/ Yoast SEO plugin. -->","yoast_head_json":{"title":"Top Box - Fedemark","robots":{"index":"index","follow":"follow","max-snippet":"max-snippet:-1","max-image-preview":"max-image-preview:large","max-video-preview":"max-video-preview:-1"},"canonical":"https:\/\/fedemark.ee\/fi\/tuotteet\/tikkaiden-tarvikkeet\/top-box\/","og_locale":"fi_FI","og_type":"article","og_title":"Top Box - Fedemark","og_description":"Yleisk\u00e4ytt\u00f6inen sek\u00e4 ammattilaisille ett\u00e4 harrastajille tarkoitettu PVC:st\u00e4 valmistettu ty\u00f6v\u00e4linelaatikko, jota on helppo k\u00e4ytt\u00e4\u00e4 ja joka on helppo asentaa  T\u00e4t\u00e4 voi k\u00e4ytt\u00e4\u00e4 taloudessa olevien tikkaiden p\u00e4\u00e4ss\u00e4. Alapuolen voi asentaa suojakaiteen p\u00e4\u00e4lle (profiilin v\u00e4himm\u00e4iskoko 38x20 mm, enimm\u00e4iskoko 50x30 mm).","og_url":"https:\/\/fedemark.ee\/fi\/tuotteet\/tikkaiden-tarvikkeet\/top-box\/","og_site_name":"Fedemark","article_modified_time":"2017-07-25T11:00:30+00:00","og_image":[{"width":1320,"height":1196,"url":"https:\/\/fedemark.ee\/wp-content\/uploads\/2017\/06\/topbox.jpg","type":"image\/jpeg"}],"twitter_card":"summary_large_image","schema":{"@context":"https:\/\/schema.org","@graph":[{"@type":"WebPage","@id":"https:\/\/fedemark.ee\/fi\/tuotteet\/tikkaiden-tarvikkeet\/top-box\/","url":"https:\/\/fedemark.ee\/fi\/tuotteet\/tikkaiden-tarvikkeet\/top-box\/","name":"Top Box - Fedemark","isPartOf":{"@id":"https:\/\/fedemark.ee\/#website"},"primaryImageOfPage":{"@id":"https:\/\/fedemark.ee\/fi\/tuotteet\/tikkaiden-tarvikkeet\/top-box\/#primaryimage"},"image":{"@id":"https:\/\/fedemark.ee\/fi\/tuotteet\/tikkaiden-tarvikkeet\/top-box\/#primaryimage"},"thumbnailUrl":"https:\/\/fedemark.ee\/wp-content\/uploads\/2017\/06\/topbox.jpg","datePublished":"2017-06-16T18:18:28+00:00","dateModified":"2017-07-25T11:00:30+00:00","breadcrumb":{"@id":"https:\/\/fedemark.ee\/fi\/tuotteet\/tikkaiden-tarvikkeet\/top-box\/#breadcrumb"},"inLanguage":"fi-FI","potentialAction":[{"@type":"ReadAction","target":["https:\/\/fedemark.ee\/fi\/tuotteet\/tikkaiden-tarvikkeet\/top-box\/"]}]},{"@type":"ImageObject","inLanguage":"fi-FI","@id":"https:\/\/fedemark.ee\/fi\/tuotteet\/tikkaiden-tarvikkeet\/top-box\/#primaryimage","url":"https:\/\/fedemark.ee\/wp-content\/uploads\/2017\/06\/topbox.jpg","contentUrl":"https:\/\/fedemark.ee\/wp-content\/uploads\/2017\/06\/topbox.jpg","width":1320,"height":1196},{"@type":"BreadcrumbList","@id":"https:\/\/fedemark.ee\/fi\/tuotteet\/tikkaiden-tarvikkeet\/top-box\/#breadcrumb","itemListElement":[{"@type":"ListItem","position":1,"name":"Home","item":"https:\/\/fedemark.ee\/fi\/"},{"@type":"ListItem","position":2,"name":"Tuotteet","item":"https:\/\/fedemark.ee\/fi\/tuotteet\/"},{"@type":"ListItem","position":3,"name":"Top Box"}]},{"@type":"WebSite","@id":"https:\/\/fedemark.ee\/#website","url":"https:\/\/fedemark.ee\/","name":"Fedemark","description":"Redelid, Tellingud, T\u00f6\u00f6platvormid ja vahekorrused","potentialAction":[{"@type":"SearchAction","target":{"@type":"EntryPoint","urlTemplate":"https:\/\/fedemark.ee\/?s={search_term_string}"},"query-input":"required name=search_term_string"}],"inLanguage":"fi-FI"}]}},"_links":{"self":[{"href":"https:\/\/fedemark.ee\/fi\/wp-json\/wp\/v2\/product\/7260"}],"collection":[{"href":"https:\/\/fedemark.ee\/fi\/wp-json\/wp\/v2\/product"}],"about":[{"href":"https:\/\/fedemark.ee\/fi\/wp-json\/wp\/v2\/types\/product"}],"replies":[{"embeddable":true,"href":"https:\/\/fedemark.ee\/fi\/wp-json\/wp\/v2\/comments?post=7260"}],"version-history":[{"count":0,"href":"https:\/\/fedemark.ee\/fi\/wp-json\/wp\/v2\/product\/7260\/revisions"}],"wp:featuredmedia":[{"embeddable":true,"href":"https:\/\/fedemark.ee\/fi\/wp-json\/wp\/v2\/media\/7073"}],"wp:attachment":[{"href":"https:\/\/fedemark.ee\/fi\/wp-json\/wp\/v2\/media?parent=7260"}],"wp:term":[{"taxonomy":"product_cat","embeddable":true,"href":"https:\/\/fedemark.ee\/fi\/wp-json\/wp\/v2\/product_cat?post=7260"},{"taxonomy":"product_tag","embeddable":true,"href":"https:\/\/fedemark.ee\/fi\/wp-json\/wp\/v2\/product_tag?post=7260"}],"curies":[{"name":"wp","href":"https:\/\/api.w.org\/{rel}","templated":true}]}}