{"id":7262,"date":"2017-06-19T12:15:25","date_gmt":"2017-06-19T12:15:25","guid":{"rendered":"https:\/\/sharks.ee\/fedemark\/shop\/uncategorized\/klass-b-kvaliteet-professionaalidele\/"},"modified":"2017-07-25T11:07:44","modified_gmt":"2017-07-25T11:07:44","slug":"alumiinilaatikot-luokka-b-ammattikayttolaatu","status":"publish","type":"product","link":"https:\/\/fedemark.ee\/fi\/tuotteet\/alumiinilaatikot\/alumiinilaatikot-luokka-b-ammattikayttolaatu\/","title":{"rendered":"Alumiinilaatikot, luokka B (ammattik\u00e4ytt\u00f6laatu)"},"content":{"rendered":"","protected":false},"excerpt":{"rendered":"<p><em>tilavuudet 29 &#8211; 184 litraa \u2013 alumiinin paksuus 0,8 mm<\/em><\/p>\n<p>Edulliset sylinterilukolla varustetut vakiolaatikot kaikelle, mit\u00e4 tulee s\u00e4ilytt\u00e4\u00e4 ja kuljettaa turvallisesti.<\/p>\n<p>Tiedot:<\/p>\n<p>\u2022 Tilavuudet:\u00a029, 47, 70, 90, 140 tai 184 litraa<br \/>\n\u2022 Valmistettu 0,8 mm paksuisesta alumiinista<br \/>\n\u2022 Erikoislohkojen k\u00e4yt\u00f6n ansiosta kevyet<br \/>\n\u2022 Luja kansi, jonka erikoishihnat suojaavat saranoita vaurioitumiselta<br \/>\n\u2022 Ymp\u00e4r\u00f6ivien tukien ansiosta kevyt, tukeva ja vakaa muoto<br \/>\n\u2022 Korroosion-, s\u00e4\u00e4n- ja l\u00e4mp\u00f6tilankest\u00e4v\u00e4<br \/>\n\u2022 Taitettavat turvak\u00e4densijat, muovip\u00e4\u00e4llysteiset kaikenlaiseen kuljettamiseen<br \/>\n\u2022 Lujat kiinnityssalvat, joissa 2 synkronisoitua sylinterilukkoa. Rei\u00e4t sinetti\u00e4 tai riippulukkoa varten<\/p>\n<p>Lukitussalpa<br \/>\nSis\u00e4lt\u00e4\u00e4 2 asennettua silinterilukkoa ja 2 synkronoitua avainta.<br \/>\nLis\u00e4reik\u00e4 sinetti\u00e4 varten.<\/p>\n<p>Kumitiiviste ja kannessa hihnat ja saranat.<br \/>\nKumitiiviste suojaa sis\u00e4lt\u00f6\u00e4 p\u00f6lylt\u00e4 ja vesiroiskeilta.<br \/>\nKaksi hihnaa suojaamassa saranoita vaurioitumiselta.<\/p>\n<p>Kokoon taitettavat turvak\u00e4densijat<br \/>\nLujat kokoon taitettavat turvak\u00e4densijat on p\u00e4\u00e4llystetty muovilla, joten ne ovat eritt\u00e4in mukavat k\u00e4sille \u2013 PAK-hyv\u00e4ksytty.<\/p>\n<p>Korroosion-, s\u00e4\u00e4n- ja l\u00e4mp\u00f6tilankest\u00e4v\u00e4<br \/>\nKorkealaatuinen alumiinikehys suojaa sis\u00e4lt\u00f6\u00e4 kosteudelta, kuumuudelta ja kylmyydelt\u00e4.<\/p>\n<p>Kuljetusvaunu<br \/>\nT\u00e4m\u00e4 k\u00e4yt\u00e4nn\u00f6llinen kahdella isolla ohjattavalla ja kahdella kiinte\u00e4ll\u00e4 py\u00f6r\u00e4ll\u00e4 varustettu kuljetusvaunu muuttaa alumiinilaatikon liikkuvaksi. T\u00e4m\u00e4n voi nopeasti ja helposti koota ja ty\u00f6nt\u00f6tanko on irrotettava. Nostettu kehys ja vaunun pohjassa olevat kiinnityshihnat antavat mahdollisuuden kiinnitt\u00e4\u00e4 erikokoisia laatikoita. Maalattu ter\u00e4spelti tekee vaunun lujaksi ja s\u00e4\u00e4nkest\u00e4v\u00e4ksi. Sopii B-, C- ja D-sarjan 29 &#8211; 90\/91 litran laatikoille sek\u00e4 U-sarjan 28\u221280 litran laatikoille.<\/p>\n<p>Vaahtomateriaalinen kuljetussuoja<br \/>\nAlumiinilaatikoihimme voi kiinnitt\u00e4\u00e4 itse s\u00e4\u00e4dett\u00e4v\u00e4t ja valmiiksi rei\u2019itetyt vaahtokuutiot herkkien ja s\u00e4rkyvien tuotteiden suojaksi, kuten lasia, mittausv\u00e4lineit\u00e4, valokuvauslaitteita tai elektroniikkakomponentteja varten.<br \/>\nSettiin kuuluu 3 tai 6 vaahtokuutiopaneelia, yksi aluslevy kullekin ja kuvioitu vaahto-osa kantta varten.<br \/>\nSopii B 29, B 47 sek\u00e4 C- ja D-sarjan 29, 47- ja 76 litran laatikkoihin.<\/p>\n<p>Jakosetti<br \/>\nKiinnitt\u00e4k\u00e4\u00e4 ohjauskiskot ja asentakaa laatikkoon ihanteellisen j\u00e4rjestyksen luomiseksi v\u00e4lisein\u00e4t.<br \/>\nT\u00e4h\u00e4n jakosettiin kuuluu itse liimautuvat ohjauskiskot ja nelj\u00e4 v\u00e4lisein\u00e4\u00e4. Tarvittaessa sein\u00e4t voi s\u00e4\u00e4t\u00e4\u00e4 50 mm v\u00e4lein.<br \/>\nSopii B-, C- ja D-sarjan ja 47- ja 90\/91litran laatikoihin.<\/p>\n","protected":false},"featured_media":10463,"comment_status":"open","ping_status":"closed","template":"","meta":{"footnotes":""},"product_cat":[170],"product_tag":[],"yoast_head":"<!-- This site is optimized with the Yoast SEO plugin v22.6 - https:\/\/yoast.com\/wordpress\/plugins\/seo\/ -->\n<title>Alumiinilaatikot, luokka B (ammattik\u00e4ytt\u00f6laatu) - Fedemark<\/title>\n<meta name=\"robots\" content=\"index, follow, max-snippet:-1, max-image-preview:large, max-video-preview:-1\" \/>\n<link rel=\"canonical\" href=\"https:\/\/fedemark.ee\/fi\/tuotteet\/alumiinilaatikot\/alumiinilaatikot-luokka-b-ammattikayttolaatu\/\" \/>\n<meta property=\"og:locale\" content=\"fi_FI\" \/>\n<meta property=\"og:type\" content=\"article\" \/>\n<meta property=\"og:title\" content=\"Alumiinilaatikot, luokka B (ammattik\u00e4ytt\u00f6laatu) - Fedemark\" \/>\n<meta property=\"og:description\" content=\"tilavuudet 29 - 184 litraa \u2013 alumiinin paksuus 0,8 mm  Edulliset sylinterilukolla varustetut vakiolaatikot kaikelle, mit\u00e4 tulee s\u00e4ilytt\u00e4\u00e4 ja kuljettaa turvallisesti.  Tiedot:  \u2022 Tilavuudet:\u00a029, 47, 70, 90, 140 tai 184 litraa \u2022 Valmistettu 0,8 mm paksuisesta alumiinista \u2022 Erikoislohkojen k\u00e4yt\u00f6n ansiosta kevyet \u2022 Luja kansi, jonka erikoishihnat suojaavat saranoita vaurioitumiselta \u2022 Ymp\u00e4r\u00f6ivien tukien ansiosta kevyt, tukeva ja vakaa muoto \u2022 Korroosion-, s\u00e4\u00e4n- ja l\u00e4mp\u00f6tilankest\u00e4v\u00e4 \u2022 Taitettavat turvak\u00e4densijat, muovip\u00e4\u00e4llysteiset kaikenlaiseen kuljettamiseen \u2022 Lujat kiinnityssalvat, joissa 2 synkronisoitua sylinterilukkoa. Rei\u00e4t sinetti\u00e4 tai riippulukkoa varten  Lukitussalpa Sis\u00e4lt\u00e4\u00e4 2 asennettua silinterilukkoa ja 2 synkronoitua avainta. Lis\u00e4reik\u00e4 sinetti\u00e4 varten.  Kumitiiviste ja kannessa hihnat ja saranat. Kumitiiviste suojaa sis\u00e4lt\u00f6\u00e4 p\u00f6lylt\u00e4 ja vesiroiskeilta. Kaksi hihnaa suojaamassa saranoita vaurioitumiselta.  Kokoon taitettavat turvak\u00e4densijat Lujat kokoon taitettavat turvak\u00e4densijat on p\u00e4\u00e4llystetty muovilla, joten ne ovat eritt\u00e4in mukavat k\u00e4sille \u2013 PAK-hyv\u00e4ksytty.  Korroosion-, s\u00e4\u00e4n- ja l\u00e4mp\u00f6tilankest\u00e4v\u00e4 Korkealaatuinen alumiinikehys suojaa sis\u00e4lt\u00f6\u00e4 kosteudelta, kuumuudelta ja kylmyydelt\u00e4.  Kuljetusvaunu T\u00e4m\u00e4 k\u00e4yt\u00e4nn\u00f6llinen kahdella isolla ohjattavalla ja kahdella kiinte\u00e4ll\u00e4 py\u00f6r\u00e4ll\u00e4 varustettu kuljetusvaunu muuttaa alumiinilaatikon liikkuvaksi. T\u00e4m\u00e4n voi nopeasti ja helposti koota ja ty\u00f6nt\u00f6tanko on irrotettava. Nostettu kehys ja vaunun pohjassa olevat kiinnityshihnat antavat mahdollisuuden kiinnitt\u00e4\u00e4 erikokoisia laatikoita. Maalattu ter\u00e4spelti tekee vaunun lujaksi ja s\u00e4\u00e4nkest\u00e4v\u00e4ksi. Sopii B-, C- ja D-sarjan 29 - 90\/91 litran laatikoille sek\u00e4 U-sarjan 28\u221280 litran laatikoille.  Vaahtomateriaalinen kuljetussuoja Alumiinilaatikoihimme voi kiinnitt\u00e4\u00e4 itse s\u00e4\u00e4dett\u00e4v\u00e4t ja valmiiksi rei\u2019itetyt vaahtokuutiot herkkien ja s\u00e4rkyvien tuotteiden suojaksi, kuten lasia, mittausv\u00e4lineit\u00e4, valokuvauslaitteita tai elektroniikkakomponentteja varten. Settiin kuuluu 3 tai 6 vaahtokuutiopaneelia, yksi aluslevy kullekin ja kuvioitu vaahto-osa kantta varten. Sopii B 29, B 47 sek\u00e4 C- ja D-sarjan 29, 47- ja 76 litran laatikkoihin.  Jakosetti Kiinnitt\u00e4k\u00e4\u00e4 ohjauskiskot ja asentakaa laatikkoon ihanteellisen j\u00e4rjestyksen luomiseksi v\u00e4lisein\u00e4t. T\u00e4h\u00e4n jakosettiin kuuluu itse liimautuvat ohjauskiskot ja nelj\u00e4 v\u00e4lisein\u00e4\u00e4. Tarvittaessa sein\u00e4t voi s\u00e4\u00e4t\u00e4\u00e4 50 mm v\u00e4lein. Sopii B-, C- ja D-sarjan ja 47- ja 90\/91litran laatikoihin.\" \/>\n<meta property=\"og:url\" content=\"https:\/\/fedemark.ee\/fi\/tuotteet\/alumiinilaatikot\/alumiinilaatikot-luokka-b-ammattikayttolaatu\/\" \/>\n<meta property=\"og:site_name\" content=\"Fedemark\" \/>\n<meta property=\"article:modified_time\" content=\"2017-07-25T11:07:44+00:00\" \/>\n<meta property=\"og:image\" content=\"https:\/\/fedemark.ee\/wp-content\/uploads\/2017\/06\/B-Boxes-6.jpg\" \/>\n\t<meta property=\"og:image:width\" content=\"800\" \/>\n\t<meta property=\"og:image:height\" content=\"800\" \/>\n\t<meta property=\"og:image:type\" content=\"image\/jpeg\" \/>\n<meta name=\"twitter:card\" content=\"summary_large_image\" \/>\n<script type=\"application\/ld+json\" class=\"yoast-schema-graph\">{\"@context\":\"https:\/\/schema.org\",\"@graph\":[{\"@type\":\"WebPage\",\"@id\":\"https:\/\/fedemark.ee\/fi\/tuotteet\/alumiinilaatikot\/alumiinilaatikot-luokka-b-ammattikayttolaatu\/\",\"url\":\"https:\/\/fedemark.ee\/fi\/tuotteet\/alumiinilaatikot\/alumiinilaatikot-luokka-b-ammattikayttolaatu\/\",\"name\":\"Alumiinilaatikot, luokka B (ammattik\u00e4ytt\u00f6laatu) - Fedemark\",\"isPartOf\":{\"@id\":\"https:\/\/fedemark.ee\/#website\"},\"primaryImageOfPage\":{\"@id\":\"https:\/\/fedemark.ee\/fi\/tuotteet\/alumiinilaatikot\/alumiinilaatikot-luokka-b-ammattikayttolaatu\/#primaryimage\"},\"image\":{\"@id\":\"https:\/\/fedemark.ee\/fi\/tuotteet\/alumiinilaatikot\/alumiinilaatikot-luokka-b-ammattikayttolaatu\/#primaryimage\"},\"thumbnailUrl\":\"https:\/\/fedemark.ee\/wp-content\/uploads\/2017\/06\/B-Boxes-6.jpg\",\"datePublished\":\"2017-06-19T12:15:25+00:00\",\"dateModified\":\"2017-07-25T11:07:44+00:00\",\"breadcrumb\":{\"@id\":\"https:\/\/fedemark.ee\/fi\/tuotteet\/alumiinilaatikot\/alumiinilaatikot-luokka-b-ammattikayttolaatu\/#breadcrumb\"},\"inLanguage\":\"fi-FI\",\"potentialAction\":[{\"@type\":\"ReadAction\",\"target\":[\"https:\/\/fedemark.ee\/fi\/tuotteet\/alumiinilaatikot\/alumiinilaatikot-luokka-b-ammattikayttolaatu\/\"]}]},{\"@type\":\"ImageObject\",\"inLanguage\":\"fi-FI\",\"@id\":\"https:\/\/fedemark.ee\/fi\/tuotteet\/alumiinilaatikot\/alumiinilaatikot-luokka-b-ammattikayttolaatu\/#primaryimage\",\"url\":\"https:\/\/fedemark.ee\/wp-content\/uploads\/2017\/06\/B-Boxes-6.jpg\",\"contentUrl\":\"https:\/\/fedemark.ee\/wp-content\/uploads\/2017\/06\/B-Boxes-6.jpg\",\"width\":800,\"height\":800},{\"@type\":\"BreadcrumbList\",\"@id\":\"https:\/\/fedemark.ee\/fi\/tuotteet\/alumiinilaatikot\/alumiinilaatikot-luokka-b-ammattikayttolaatu\/#breadcrumb\",\"itemListElement\":[{\"@type\":\"ListItem\",\"position\":1,\"name\":\"Home\",\"item\":\"https:\/\/fedemark.ee\/fi\/\"},{\"@type\":\"ListItem\",\"position\":2,\"name\":\"Tuotteet\",\"item\":\"https:\/\/fedemark.ee\/fi\/tuotteet\/\"},{\"@type\":\"ListItem\",\"position\":3,\"name\":\"Alumiinilaatikot, luokka B (ammattik\u00e4ytt\u00f6laatu)\"}]},{\"@type\":\"WebSite\",\"@id\":\"https:\/\/fedemark.ee\/#website\",\"url\":\"https:\/\/fedemark.ee\/\",\"name\":\"Fedemark\",\"description\":\"Redelid, Tellingud, T\u00f6\u00f6platvormid ja vahekorrused\",\"potentialAction\":[{\"@type\":\"SearchAction\",\"target\":{\"@type\":\"EntryPoint\",\"urlTemplate\":\"https:\/\/fedemark.ee\/?s={search_term_string}\"},\"query-input\":\"required name=search_term_string\"}],\"inLanguage\":\"fi-FI\"}]}<\/script>\n<!-- \/ Yoast SEO plugin. -->","yoast_head_json":{"title":"Alumiinilaatikot, luokka B (ammattik\u00e4ytt\u00f6laatu) - Fedemark","robots":{"index":"index","follow":"follow","max-snippet":"max-snippet:-1","max-image-preview":"max-image-preview:large","max-video-preview":"max-video-preview:-1"},"canonical":"https:\/\/fedemark.ee\/fi\/tuotteet\/alumiinilaatikot\/alumiinilaatikot-luokka-b-ammattikayttolaatu\/","og_locale":"fi_FI","og_type":"article","og_title":"Alumiinilaatikot, luokka B (ammattik\u00e4ytt\u00f6laatu) - Fedemark","og_description":"tilavuudet 29 - 184 litraa \u2013 alumiinin paksuus 0,8 mm  Edulliset sylinterilukolla varustetut vakiolaatikot kaikelle, mit\u00e4 tulee s\u00e4ilytt\u00e4\u00e4 ja kuljettaa turvallisesti.  Tiedot:  \u2022 Tilavuudet:\u00a029, 47, 70, 90, 140 tai 184 litraa \u2022 Valmistettu 0,8 mm paksuisesta alumiinista \u2022 Erikoislohkojen k\u00e4yt\u00f6n ansiosta kevyet \u2022 Luja kansi, jonka erikoishihnat suojaavat saranoita vaurioitumiselta \u2022 Ymp\u00e4r\u00f6ivien tukien ansiosta kevyt, tukeva ja vakaa muoto \u2022 Korroosion-, s\u00e4\u00e4n- ja l\u00e4mp\u00f6tilankest\u00e4v\u00e4 \u2022 Taitettavat turvak\u00e4densijat, muovip\u00e4\u00e4llysteiset kaikenlaiseen kuljettamiseen \u2022 Lujat kiinnityssalvat, joissa 2 synkronisoitua sylinterilukkoa. Rei\u00e4t sinetti\u00e4 tai riippulukkoa varten  Lukitussalpa Sis\u00e4lt\u00e4\u00e4 2 asennettua silinterilukkoa ja 2 synkronoitua avainta. Lis\u00e4reik\u00e4 sinetti\u00e4 varten.  Kumitiiviste ja kannessa hihnat ja saranat. Kumitiiviste suojaa sis\u00e4lt\u00f6\u00e4 p\u00f6lylt\u00e4 ja vesiroiskeilta. Kaksi hihnaa suojaamassa saranoita vaurioitumiselta.  Kokoon taitettavat turvak\u00e4densijat Lujat kokoon taitettavat turvak\u00e4densijat on p\u00e4\u00e4llystetty muovilla, joten ne ovat eritt\u00e4in mukavat k\u00e4sille \u2013 PAK-hyv\u00e4ksytty.  Korroosion-, s\u00e4\u00e4n- ja l\u00e4mp\u00f6tilankest\u00e4v\u00e4 Korkealaatuinen alumiinikehys suojaa sis\u00e4lt\u00f6\u00e4 kosteudelta, kuumuudelta ja kylmyydelt\u00e4.  Kuljetusvaunu T\u00e4m\u00e4 k\u00e4yt\u00e4nn\u00f6llinen kahdella isolla ohjattavalla ja kahdella kiinte\u00e4ll\u00e4 py\u00f6r\u00e4ll\u00e4 varustettu kuljetusvaunu muuttaa alumiinilaatikon liikkuvaksi. T\u00e4m\u00e4n voi nopeasti ja helposti koota ja ty\u00f6nt\u00f6tanko on irrotettava. Nostettu kehys ja vaunun pohjassa olevat kiinnityshihnat antavat mahdollisuuden kiinnitt\u00e4\u00e4 erikokoisia laatikoita. Maalattu ter\u00e4spelti tekee vaunun lujaksi ja s\u00e4\u00e4nkest\u00e4v\u00e4ksi. Sopii B-, C- ja D-sarjan 29 - 90\/91 litran laatikoille sek\u00e4 U-sarjan 28\u221280 litran laatikoille.  Vaahtomateriaalinen kuljetussuoja Alumiinilaatikoihimme voi kiinnitt\u00e4\u00e4 itse s\u00e4\u00e4dett\u00e4v\u00e4t ja valmiiksi rei\u2019itetyt vaahtokuutiot herkkien ja s\u00e4rkyvien tuotteiden suojaksi, kuten lasia, mittausv\u00e4lineit\u00e4, valokuvauslaitteita tai elektroniikkakomponentteja varten. Settiin kuuluu 3 tai 6 vaahtokuutiopaneelia, yksi aluslevy kullekin ja kuvioitu vaahto-osa kantta varten. Sopii B 29, B 47 sek\u00e4 C- ja D-sarjan 29, 47- ja 76 litran laatikkoihin.  Jakosetti Kiinnitt\u00e4k\u00e4\u00e4 ohjauskiskot ja asentakaa laatikkoon ihanteellisen j\u00e4rjestyksen luomiseksi v\u00e4lisein\u00e4t. T\u00e4h\u00e4n jakosettiin kuuluu itse liimautuvat ohjauskiskot ja nelj\u00e4 v\u00e4lisein\u00e4\u00e4. Tarvittaessa sein\u00e4t voi s\u00e4\u00e4t\u00e4\u00e4 50 mm v\u00e4lein. Sopii B-, C- ja D-sarjan ja 47- ja 90\/91litran laatikoihin.","og_url":"https:\/\/fedemark.ee\/fi\/tuotteet\/alumiinilaatikot\/alumiinilaatikot-luokka-b-ammattikayttolaatu\/","og_site_name":"Fedemark","article_modified_time":"2017-07-25T11:07:44+00:00","og_image":[{"width":800,"height":800,"url":"https:\/\/fedemark.ee\/wp-content\/uploads\/2017\/06\/B-Boxes-6.jpg","type":"image\/jpeg"}],"twitter_card":"summary_large_image","schema":{"@context":"https:\/\/schema.org","@graph":[{"@type":"WebPage","@id":"https:\/\/fedemark.ee\/fi\/tuotteet\/alumiinilaatikot\/alumiinilaatikot-luokka-b-ammattikayttolaatu\/","url":"https:\/\/fedemark.ee\/fi\/tuotteet\/alumiinilaatikot\/alumiinilaatikot-luokka-b-ammattikayttolaatu\/","name":"Alumiinilaatikot, luokka B (ammattik\u00e4ytt\u00f6laatu) - Fedemark","isPartOf":{"@id":"https:\/\/fedemark.ee\/#website"},"primaryImageOfPage":{"@id":"https:\/\/fedemark.ee\/fi\/tuotteet\/alumiinilaatikot\/alumiinilaatikot-luokka-b-ammattikayttolaatu\/#primaryimage"},"image":{"@id":"https:\/\/fedemark.ee\/fi\/tuotteet\/alumiinilaatikot\/alumiinilaatikot-luokka-b-ammattikayttolaatu\/#primaryimage"},"thumbnailUrl":"https:\/\/fedemark.ee\/wp-content\/uploads\/2017\/06\/B-Boxes-6.jpg","datePublished":"2017-06-19T12:15:25+00:00","dateModified":"2017-07-25T11:07:44+00:00","breadcrumb":{"@id":"https:\/\/fedemark.ee\/fi\/tuotteet\/alumiinilaatikot\/alumiinilaatikot-luokka-b-ammattikayttolaatu\/#breadcrumb"},"inLanguage":"fi-FI","potentialAction":[{"@type":"ReadAction","target":["https:\/\/fedemark.ee\/fi\/tuotteet\/alumiinilaatikot\/alumiinilaatikot-luokka-b-ammattikayttolaatu\/"]}]},{"@type":"ImageObject","inLanguage":"fi-FI","@id":"https:\/\/fedemark.ee\/fi\/tuotteet\/alumiinilaatikot\/alumiinilaatikot-luokka-b-ammattikayttolaatu\/#primaryimage","url":"https:\/\/fedemark.ee\/wp-content\/uploads\/2017\/06\/B-Boxes-6.jpg","contentUrl":"https:\/\/fedemark.ee\/wp-content\/uploads\/2017\/06\/B-Boxes-6.jpg","width":800,"height":800},{"@type":"BreadcrumbList","@id":"https:\/\/fedemark.ee\/fi\/tuotteet\/alumiinilaatikot\/alumiinilaatikot-luokka-b-ammattikayttolaatu\/#breadcrumb","itemListElement":[{"@type":"ListItem","position":1,"name":"Home","item":"https:\/\/fedemark.ee\/fi\/"},{"@type":"ListItem","position":2,"name":"Tuotteet","item":"https:\/\/fedemark.ee\/fi\/tuotteet\/"},{"@type":"ListItem","position":3,"name":"Alumiinilaatikot, luokka B (ammattik\u00e4ytt\u00f6laatu)"}]},{"@type":"WebSite","@id":"https:\/\/fedemark.ee\/#website","url":"https:\/\/fedemark.ee\/","name":"Fedemark","description":"Redelid, Tellingud, T\u00f6\u00f6platvormid ja vahekorrused","potentialAction":[{"@type":"SearchAction","target":{"@type":"EntryPoint","urlTemplate":"https:\/\/fedemark.ee\/?s={search_term_string}"},"query-input":"required name=search_term_string"}],"inLanguage":"fi-FI"}]}},"_links":{"self":[{"href":"https:\/\/fedemark.ee\/fi\/wp-json\/wp\/v2\/product\/7262"}],"collection":[{"href":"https:\/\/fedemark.ee\/fi\/wp-json\/wp\/v2\/product"}],"about":[{"href":"https:\/\/fedemark.ee\/fi\/wp-json\/wp\/v2\/types\/product"}],"replies":[{"embeddable":true,"href":"https:\/\/fedemark.ee\/fi\/wp-json\/wp\/v2\/comments?post=7262"}],"version-history":[{"count":0,"href":"https:\/\/fedemark.ee\/fi\/wp-json\/wp\/v2\/product\/7262\/revisions"}],"wp:featuredmedia":[{"embeddable":true,"href":"https:\/\/fedemark.ee\/fi\/wp-json\/wp\/v2\/media\/10463"}],"wp:attachment":[{"href":"https:\/\/fedemark.ee\/fi\/wp-json\/wp\/v2\/media?parent=7262"}],"wp:term":[{"taxonomy":"product_cat","embeddable":true,"href":"https:\/\/fedemark.ee\/fi\/wp-json\/wp\/v2\/product_cat?post=7262"},{"taxonomy":"product_tag","embeddable":true,"href":"https:\/\/fedemark.ee\/fi\/wp-json\/wp\/v2\/product_tag?post=7262"}],"curies":[{"name":"wp","href":"https:\/\/api.w.org\/{rel}","templated":true}]}}