{"id":7263,"date":"2017-06-19T12:24:31","date_gmt":"2017-06-19T12:24:31","guid":{"rendered":"https:\/\/sharks.ee\/fedemark\/shop\/uncategorized\/klass-d-tippkvaliteet\/"},"modified":"2017-07-25T11:09:27","modified_gmt":"2017-07-25T11:09:27","slug":"alumiinilaatikot-luokka-d-huippulaatu","status":"publish","type":"product","link":"https:\/\/fedemark.ee\/fi\/tuotteet\/alumiinilaatikot\/alumiinilaatikot-luokka-d-huippulaatu\/","title":{"rendered":"Alumiinilaatikot, luokka D (huippulaatu)"},"content":{"rendered":"","protected":false},"excerpt":{"rendered":"<p><em>tilavuudet 29 \u2212 455 litraa \u2013 alumiinin paksuus 1\/1,5 mm<\/em><\/p>\n<p>1 mm alumiinilevyst\u00e4 valmistettujen kest\u00e4vien kuljetuslaatikoiden sarja, joka on tarkoitettu erityisesti kauppiaille.<br \/>\nN\u00e4iss\u00e4 laatikoissa on lujat kasaamisnurkat, joiden avulla niit\u00e4 voi turvallisesti kasata p\u00e4\u00e4llekk\u00e4in ja kuljettaa tilaa s\u00e4\u00e4st\u00e4en.<\/p>\n<p>Tiedot:<\/p>\n<p>\u2022 Tilavuudet: 29, 47, 76, 91, 140,157, 163, 240, 400, 415 tai 455 litraa<br \/>\n\u2022 Valmistettu 1,0 mm paksuisesta alumiinista<br \/>\nD 400: pohja ja kansi on tehty 1,2 mm paksuisesta alumiinista, runko 1 mm<br \/>\nD 455: tehty 1,5 mm paksuisesta alumiinista, pohja ja runko 1 mm<br \/>\n\u2022 \u00c4\u00e4rett\u00f6m\u00e4n luja isojen, 1 mm alumiinilevyille lis\u00e4tukea antavien alumiiniosien k\u00e4yt\u00f6n ansiosta<br \/>\n\u2022 Ymp\u00e4r\u00f6ivien alustojen ja nurkkavahvistusten ansiosta kevyt, tukeva ja vakaa muoto<br \/>\n\u2022 D 163, D 400, D 415 ja D 455 tyypin laatikoiden pohjat ja kannet on vahvistettu t\u00e4ydent\u00e4vill\u00e4 alumiiniosilla<br \/>\n\u2022 Eritt\u00e4in luja kansi, jossa on erikoishihnat suojaamassa saranoita vaurioitumiselta<br \/>\n\u2022 Korroosion-, s\u00e4\u00e4n- ja l\u00e4mp\u00f6tilankest\u00e4v\u00e4<br \/>\n\u2022 Nailoniset kasaamisnurkat l\u00e4mp\u00f6tiloihin -40\u00b0C \u2212 +180\u00b0C<br \/>\n\u2022 Taitettavat turvak\u00e4densijat, muovip\u00e4\u00e4llysteiset kaikenlaiseen kuljettamiseen<br \/>\n\u2022 Luja kiinnityssalpa, jossa on rei\u00e4t riippulukolle tai sinetille ja sylinterilukon asennusvalmius<\/p>\n<p>Kokoon taitettavat turvak\u00e4densijat<br \/>\nLujat kokoon taitettavat turvak\u00e4densijat on p\u00e4\u00e4llystetty muovilla, joten ne ovat eritt\u00e4in mukavat k\u00e4sille \u2013 PAK-hyv\u00e4ksytty.<\/p>\n<p>Kumitiiviste ja saranat<br \/>\nKumitiiviste suojaa sis\u00e4lt\u00f6\u00e4 p\u00f6lylt\u00e4 ja vesiroiskeilta.<br \/>\nKaksi hihnaa suojaamassa saranoita vaurioitumiselta.<\/p>\n<p>Korroosion-, s\u00e4\u00e4n- ja l\u00e4mp\u00f6tilankest\u00e4v\u00e4<br \/>\nKorkealaatuinen alumiinikehys suojaa sis\u00e4lt\u00f6\u00e4 kosteudelta, kuumuudelta ja kylmyydelt\u00e4.<\/p>\n<p>Lujat kasaamisnurkat p\u00e4\u00e4llekk\u00e4in asettamiseen<br \/>\nD-sarjan laatikoissa on lujat nailonista \/ polyesterist\u00e4 valmistetut kasaamisnurkat. Ne sopivat l\u00e4mp\u00f6tiloihin -40\u00b0C \u2212 +180\u00b0C.<\/p>\n<p>Lukitussalpa<br \/>\nLuja lukitussalpa, jossa on rei\u00e4t riippulukkoa tai sinetti\u00e4 varten ja sylinterilukon asennusvalmius.<\/p>\n<p>Sylinterilukko (lis\u00e4tarvike)<br \/>\nKahdella synkronoidulla tai synkronoimattomalla avaimella varustetun sylinterilukon asentaminen on helppoa. Poistakaa vain kiinnityksess\u00e4 olevat rei\u2019itetyt alueet, asentakaa lukko ja kiinnitt\u00e4k\u00e4\u00e4 se jousella \u2013 se on kaikki, mit\u00e4 pit\u00e4\u00e4 tehd\u00e4.<\/p>\n<p>Kuljetusvaunu<br \/>\nT\u00e4m\u00e4 k\u00e4yt\u00e4nn\u00f6llinen kahdella isolla ohjattavalla ja kahdella kiinte\u00e4ll\u00e4 py\u00f6r\u00e4ll\u00e4 varustettu kuljetusvaunu muuttaa alumiinilaatikon liikkuvaksi. T\u00e4m\u00e4n voi nopeasti ja helposti koota ja ty\u00f6nt\u00f6tanko on irrotettava. Nostettu kehys ja vaunun pohjassa olevat kiinnityshihnat antavat mahdollisuuden kiinnitt\u00e4\u00e4 erikokoisia laatikoita. Maalattu ter\u00e4spelti tekee vaunun lujaksi ja s\u00e4\u00e4nkest\u00e4v\u00e4ksi. Sopii B-, C- ja D-sarjan 29 &#8211; 90\/91 litran laatikoille sek\u00e4 U-sarjan 28\u221280 litran laatikoille.<\/p>\n<p>Py\u00f6r\u00e4setti<br \/>\nHelposti koottava isojen py\u00f6rien setti kuljetuksen helpottamiseen. Kokoamista varten tulee porata kaksi 8,5 mm l\u00e4pimittaista reik\u00e4\u00e4.<\/p>\n<p>Vaahtomateriaalinen kuljetussuoja<br \/>\nAlumiinilaatikoihimme voi kiinnitt\u00e4\u00e4 itse s\u00e4\u00e4dett\u00e4v\u00e4t ja valmiiksi rei\u2019itetyt vaahtokuutiot herkkien ja s\u00e4rkyvien tuotteiden suojaksi, kuten lasia, mittausv\u00e4lineit\u00e4, valokuvauslaitteita tai elektroniikkakomponentteja varten.<br \/>\nSettiin kuuluu 3 tai 6 vaahtokuutiopaneelia, yksi aluslevy kullekin ja kuvioitu vaahto-osa kantta varten.<br \/>\nSopii B 29, B 47 sek\u00e4 C- ja D-sarjan 29, 47- ja 76 litran laatikoihin.<br \/>\nJakosetti<br \/>\nKiinnitt\u00e4k\u00e4\u00e4 ohjauskiskot ja asentakaa laatikkoon ihanteellisen j\u00e4rjestyksen luomiseksi v\u00e4lisein\u00e4t.<br \/>\nT\u00e4h\u00e4n jakosettiin kuuluu itse liimautuvat ohjauskiskot ja nelj\u00e4 v\u00e4lisein\u00e4\u00e4. Tarvittaessa sein\u00e4t voi s\u00e4\u00e4t\u00e4\u00e4 50 mm v\u00e4lein.<br \/>\nSopii B-, C- ja D-sarjan ja 47- ja 90\/91litran laatikoihin.<\/p>\n","protected":false},"featured_media":10472,"comment_status":"open","ping_status":"closed","template":"","meta":{"footnotes":""},"product_cat":[170],"product_tag":[],"yoast_head":"<!-- This site is optimized with the Yoast SEO plugin v22.6 - https:\/\/yoast.com\/wordpress\/plugins\/seo\/ -->\n<title>Alumiinilaatikot, luokka D (huippulaatu) - Fedemark<\/title>\n<meta name=\"robots\" content=\"index, follow, max-snippet:-1, max-image-preview:large, max-video-preview:-1\" \/>\n<link rel=\"canonical\" href=\"https:\/\/fedemark.ee\/fi\/tuotteet\/alumiinilaatikot\/alumiinilaatikot-luokka-d-huippulaatu\/\" \/>\n<meta property=\"og:locale\" content=\"fi_FI\" \/>\n<meta property=\"og:type\" content=\"article\" \/>\n<meta property=\"og:title\" content=\"Alumiinilaatikot, luokka D (huippulaatu) - Fedemark\" \/>\n<meta property=\"og:description\" content=\"tilavuudet 29 \u2212 455 litraa \u2013 alumiinin paksuus 1\/1,5 mm  1 mm alumiinilevyst\u00e4 valmistettujen kest\u00e4vien kuljetuslaatikoiden sarja, joka on tarkoitettu erityisesti kauppiaille. N\u00e4iss\u00e4 laatikoissa on lujat kasaamisnurkat, joiden avulla niit\u00e4 voi turvallisesti kasata p\u00e4\u00e4llekk\u00e4in ja kuljettaa tilaa s\u00e4\u00e4st\u00e4en.  Tiedot:  \u2022 Tilavuudet: 29, 47, 76, 91, 140,157, 163, 240, 400, 415 tai 455 litraa \u2022 Valmistettu 1,0 mm paksuisesta alumiinista D 400: pohja ja kansi on tehty 1,2 mm paksuisesta alumiinista, runko 1 mm D 455: tehty 1,5 mm paksuisesta alumiinista, pohja ja runko 1 mm \u2022 \u00c4\u00e4rett\u00f6m\u00e4n luja isojen, 1 mm alumiinilevyille lis\u00e4tukea antavien alumiiniosien k\u00e4yt\u00f6n ansiosta \u2022 Ymp\u00e4r\u00f6ivien alustojen ja nurkkavahvistusten ansiosta kevyt, tukeva ja vakaa muoto \u2022 D 163, D 400, D 415 ja D 455 tyypin laatikoiden pohjat ja kannet on vahvistettu t\u00e4ydent\u00e4vill\u00e4 alumiiniosilla \u2022 Eritt\u00e4in luja kansi, jossa on erikoishihnat suojaamassa saranoita vaurioitumiselta \u2022 Korroosion-, s\u00e4\u00e4n- ja l\u00e4mp\u00f6tilankest\u00e4v\u00e4 \u2022 Nailoniset kasaamisnurkat l\u00e4mp\u00f6tiloihin -40\u00b0C \u2212 +180\u00b0C \u2022 Taitettavat turvak\u00e4densijat, muovip\u00e4\u00e4llysteiset kaikenlaiseen kuljettamiseen \u2022 Luja kiinnityssalpa, jossa on rei\u00e4t riippulukolle tai sinetille ja sylinterilukon asennusvalmius  Kokoon taitettavat turvak\u00e4densijat Lujat kokoon taitettavat turvak\u00e4densijat on p\u00e4\u00e4llystetty muovilla, joten ne ovat eritt\u00e4in mukavat k\u00e4sille \u2013 PAK-hyv\u00e4ksytty.  Kumitiiviste ja saranat Kumitiiviste suojaa sis\u00e4lt\u00f6\u00e4 p\u00f6lylt\u00e4 ja vesiroiskeilta. Kaksi hihnaa suojaamassa saranoita vaurioitumiselta.  Korroosion-, s\u00e4\u00e4n- ja l\u00e4mp\u00f6tilankest\u00e4v\u00e4 Korkealaatuinen alumiinikehys suojaa sis\u00e4lt\u00f6\u00e4 kosteudelta, kuumuudelta ja kylmyydelt\u00e4.  Lujat kasaamisnurkat p\u00e4\u00e4llekk\u00e4in asettamiseen D-sarjan laatikoissa on lujat nailonista \/ polyesterist\u00e4 valmistetut kasaamisnurkat. Ne sopivat l\u00e4mp\u00f6tiloihin -40\u00b0C \u2212 +180\u00b0C.  Lukitussalpa Luja lukitussalpa, jossa on rei\u00e4t riippulukkoa tai sinetti\u00e4 varten ja sylinterilukon asennusvalmius.  Sylinterilukko (lis\u00e4tarvike) Kahdella synkronoidulla tai synkronoimattomalla avaimella varustetun sylinterilukon asentaminen on helppoa. Poistakaa vain kiinnityksess\u00e4 olevat rei\u2019itetyt alueet, asentakaa lukko ja kiinnitt\u00e4k\u00e4\u00e4 se jousella \u2013 se on kaikki, mit\u00e4 pit\u00e4\u00e4 tehd\u00e4.  Kuljetusvaunu T\u00e4m\u00e4 k\u00e4yt\u00e4nn\u00f6llinen kahdella isolla ohjattavalla ja kahdella kiinte\u00e4ll\u00e4 py\u00f6r\u00e4ll\u00e4 varustettu kuljetusvaunu muuttaa alumiinilaatikon liikkuvaksi. T\u00e4m\u00e4n voi nopeasti ja helposti koota ja ty\u00f6nt\u00f6tanko on irrotettava. Nostettu kehys ja vaunun pohjassa olevat kiinnityshihnat antavat mahdollisuuden kiinnitt\u00e4\u00e4 erikokoisia laatikoita. Maalattu ter\u00e4spelti tekee vaunun lujaksi ja s\u00e4\u00e4nkest\u00e4v\u00e4ksi. Sopii B-, C- ja D-sarjan 29 - 90\/91 litran laatikoille sek\u00e4 U-sarjan 28\u221280 litran laatikoille.  Py\u00f6r\u00e4setti Helposti koottava isojen py\u00f6rien setti kuljetuksen helpottamiseen. Kokoamista varten tulee porata kaksi 8,5 mm l\u00e4pimittaista reik\u00e4\u00e4.  Vaahtomateriaalinen kuljetussuoja Alumiinilaatikoihimme voi kiinnitt\u00e4\u00e4 itse s\u00e4\u00e4dett\u00e4v\u00e4t ja valmiiksi rei\u2019itetyt vaahtokuutiot herkkien ja s\u00e4rkyvien tuotteiden suojaksi, kuten lasia, mittausv\u00e4lineit\u00e4, valokuvauslaitteita tai elektroniikkakomponentteja varten. Settiin kuuluu 3 tai 6 vaahtokuutiopaneelia, yksi aluslevy kullekin ja kuvioitu vaahto-osa kantta varten. Sopii B 29, B 47 sek\u00e4 C- ja D-sarjan 29, 47- ja 76 litran laatikoihin. Jakosetti Kiinnitt\u00e4k\u00e4\u00e4 ohjauskiskot ja asentakaa laatikkoon ihanteellisen j\u00e4rjestyksen luomiseksi v\u00e4lisein\u00e4t. T\u00e4h\u00e4n jakosettiin kuuluu itse liimautuvat ohjauskiskot ja nelj\u00e4 v\u00e4lisein\u00e4\u00e4. Tarvittaessa sein\u00e4t voi s\u00e4\u00e4t\u00e4\u00e4 50 mm v\u00e4lein. Sopii B-, C- ja D-sarjan ja 47- ja 90\/91litran laatikoihin.\" \/>\n<meta property=\"og:url\" content=\"https:\/\/fedemark.ee\/fi\/tuotteet\/alumiinilaatikot\/alumiinilaatikot-luokka-d-huippulaatu\/\" \/>\n<meta property=\"og:site_name\" content=\"Fedemark\" \/>\n<meta property=\"article:modified_time\" content=\"2017-07-25T11:09:27+00:00\" \/>\n<meta property=\"og:image\" content=\"https:\/\/fedemark.ee\/wp-content\/uploads\/2017\/06\/D-Boxes-algne.jpg\" \/>\n\t<meta property=\"og:image:width\" content=\"800\" \/>\n\t<meta property=\"og:image:height\" content=\"800\" \/>\n\t<meta property=\"og:image:type\" content=\"image\/jpeg\" \/>\n<meta name=\"twitter:card\" content=\"summary_large_image\" \/>\n<script type=\"application\/ld+json\" class=\"yoast-schema-graph\">{\"@context\":\"https:\/\/schema.org\",\"@graph\":[{\"@type\":\"WebPage\",\"@id\":\"https:\/\/fedemark.ee\/fi\/tuotteet\/alumiinilaatikot\/alumiinilaatikot-luokka-d-huippulaatu\/\",\"url\":\"https:\/\/fedemark.ee\/fi\/tuotteet\/alumiinilaatikot\/alumiinilaatikot-luokka-d-huippulaatu\/\",\"name\":\"Alumiinilaatikot, luokka D (huippulaatu) - Fedemark\",\"isPartOf\":{\"@id\":\"https:\/\/fedemark.ee\/#website\"},\"primaryImageOfPage\":{\"@id\":\"https:\/\/fedemark.ee\/fi\/tuotteet\/alumiinilaatikot\/alumiinilaatikot-luokka-d-huippulaatu\/#primaryimage\"},\"image\":{\"@id\":\"https:\/\/fedemark.ee\/fi\/tuotteet\/alumiinilaatikot\/alumiinilaatikot-luokka-d-huippulaatu\/#primaryimage\"},\"thumbnailUrl\":\"https:\/\/fedemark.ee\/wp-content\/uploads\/2017\/06\/D-Boxes-algne.jpg\",\"datePublished\":\"2017-06-19T12:24:31+00:00\",\"dateModified\":\"2017-07-25T11:09:27+00:00\",\"breadcrumb\":{\"@id\":\"https:\/\/fedemark.ee\/fi\/tuotteet\/alumiinilaatikot\/alumiinilaatikot-luokka-d-huippulaatu\/#breadcrumb\"},\"inLanguage\":\"fi-FI\",\"potentialAction\":[{\"@type\":\"ReadAction\",\"target\":[\"https:\/\/fedemark.ee\/fi\/tuotteet\/alumiinilaatikot\/alumiinilaatikot-luokka-d-huippulaatu\/\"]}]},{\"@type\":\"ImageObject\",\"inLanguage\":\"fi-FI\",\"@id\":\"https:\/\/fedemark.ee\/fi\/tuotteet\/alumiinilaatikot\/alumiinilaatikot-luokka-d-huippulaatu\/#primaryimage\",\"url\":\"https:\/\/fedemark.ee\/wp-content\/uploads\/2017\/06\/D-Boxes-algne.jpg\",\"contentUrl\":\"https:\/\/fedemark.ee\/wp-content\/uploads\/2017\/06\/D-Boxes-algne.jpg\",\"width\":800,\"height\":800},{\"@type\":\"BreadcrumbList\",\"@id\":\"https:\/\/fedemark.ee\/fi\/tuotteet\/alumiinilaatikot\/alumiinilaatikot-luokka-d-huippulaatu\/#breadcrumb\",\"itemListElement\":[{\"@type\":\"ListItem\",\"position\":1,\"name\":\"Home\",\"item\":\"https:\/\/fedemark.ee\/fi\/\"},{\"@type\":\"ListItem\",\"position\":2,\"name\":\"Tuotteet\",\"item\":\"https:\/\/fedemark.ee\/fi\/tuotteet\/\"},{\"@type\":\"ListItem\",\"position\":3,\"name\":\"Alumiinilaatikot, luokka D (huippulaatu)\"}]},{\"@type\":\"WebSite\",\"@id\":\"https:\/\/fedemark.ee\/#website\",\"url\":\"https:\/\/fedemark.ee\/\",\"name\":\"Fedemark\",\"description\":\"Redelid, Tellingud, T\u00f6\u00f6platvormid ja vahekorrused\",\"potentialAction\":[{\"@type\":\"SearchAction\",\"target\":{\"@type\":\"EntryPoint\",\"urlTemplate\":\"https:\/\/fedemark.ee\/?s={search_term_string}\"},\"query-input\":\"required name=search_term_string\"}],\"inLanguage\":\"fi-FI\"}]}<\/script>\n<!-- \/ Yoast SEO plugin. -->","yoast_head_json":{"title":"Alumiinilaatikot, luokka D (huippulaatu) - Fedemark","robots":{"index":"index","follow":"follow","max-snippet":"max-snippet:-1","max-image-preview":"max-image-preview:large","max-video-preview":"max-video-preview:-1"},"canonical":"https:\/\/fedemark.ee\/fi\/tuotteet\/alumiinilaatikot\/alumiinilaatikot-luokka-d-huippulaatu\/","og_locale":"fi_FI","og_type":"article","og_title":"Alumiinilaatikot, luokka D (huippulaatu) - Fedemark","og_description":"tilavuudet 29 \u2212 455 litraa \u2013 alumiinin paksuus 1\/1,5 mm  1 mm alumiinilevyst\u00e4 valmistettujen kest\u00e4vien kuljetuslaatikoiden sarja, joka on tarkoitettu erityisesti kauppiaille. N\u00e4iss\u00e4 laatikoissa on lujat kasaamisnurkat, joiden avulla niit\u00e4 voi turvallisesti kasata p\u00e4\u00e4llekk\u00e4in ja kuljettaa tilaa s\u00e4\u00e4st\u00e4en.  Tiedot:  \u2022 Tilavuudet: 29, 47, 76, 91, 140,157, 163, 240, 400, 415 tai 455 litraa \u2022 Valmistettu 1,0 mm paksuisesta alumiinista D 400: pohja ja kansi on tehty 1,2 mm paksuisesta alumiinista, runko 1 mm D 455: tehty 1,5 mm paksuisesta alumiinista, pohja ja runko 1 mm \u2022 \u00c4\u00e4rett\u00f6m\u00e4n luja isojen, 1 mm alumiinilevyille lis\u00e4tukea antavien alumiiniosien k\u00e4yt\u00f6n ansiosta \u2022 Ymp\u00e4r\u00f6ivien alustojen ja nurkkavahvistusten ansiosta kevyt, tukeva ja vakaa muoto \u2022 D 163, D 400, D 415 ja D 455 tyypin laatikoiden pohjat ja kannet on vahvistettu t\u00e4ydent\u00e4vill\u00e4 alumiiniosilla \u2022 Eritt\u00e4in luja kansi, jossa on erikoishihnat suojaamassa saranoita vaurioitumiselta \u2022 Korroosion-, s\u00e4\u00e4n- ja l\u00e4mp\u00f6tilankest\u00e4v\u00e4 \u2022 Nailoniset kasaamisnurkat l\u00e4mp\u00f6tiloihin -40\u00b0C \u2212 +180\u00b0C \u2022 Taitettavat turvak\u00e4densijat, muovip\u00e4\u00e4llysteiset kaikenlaiseen kuljettamiseen \u2022 Luja kiinnityssalpa, jossa on rei\u00e4t riippulukolle tai sinetille ja sylinterilukon asennusvalmius  Kokoon taitettavat turvak\u00e4densijat Lujat kokoon taitettavat turvak\u00e4densijat on p\u00e4\u00e4llystetty muovilla, joten ne ovat eritt\u00e4in mukavat k\u00e4sille \u2013 PAK-hyv\u00e4ksytty.  Kumitiiviste ja saranat Kumitiiviste suojaa sis\u00e4lt\u00f6\u00e4 p\u00f6lylt\u00e4 ja vesiroiskeilta. Kaksi hihnaa suojaamassa saranoita vaurioitumiselta.  Korroosion-, s\u00e4\u00e4n- ja l\u00e4mp\u00f6tilankest\u00e4v\u00e4 Korkealaatuinen alumiinikehys suojaa sis\u00e4lt\u00f6\u00e4 kosteudelta, kuumuudelta ja kylmyydelt\u00e4.  Lujat kasaamisnurkat p\u00e4\u00e4llekk\u00e4in asettamiseen D-sarjan laatikoissa on lujat nailonista \/ polyesterist\u00e4 valmistetut kasaamisnurkat. Ne sopivat l\u00e4mp\u00f6tiloihin -40\u00b0C \u2212 +180\u00b0C.  Lukitussalpa Luja lukitussalpa, jossa on rei\u00e4t riippulukkoa tai sinetti\u00e4 varten ja sylinterilukon asennusvalmius.  Sylinterilukko (lis\u00e4tarvike) Kahdella synkronoidulla tai synkronoimattomalla avaimella varustetun sylinterilukon asentaminen on helppoa. Poistakaa vain kiinnityksess\u00e4 olevat rei\u2019itetyt alueet, asentakaa lukko ja kiinnitt\u00e4k\u00e4\u00e4 se jousella \u2013 se on kaikki, mit\u00e4 pit\u00e4\u00e4 tehd\u00e4.  Kuljetusvaunu T\u00e4m\u00e4 k\u00e4yt\u00e4nn\u00f6llinen kahdella isolla ohjattavalla ja kahdella kiinte\u00e4ll\u00e4 py\u00f6r\u00e4ll\u00e4 varustettu kuljetusvaunu muuttaa alumiinilaatikon liikkuvaksi. T\u00e4m\u00e4n voi nopeasti ja helposti koota ja ty\u00f6nt\u00f6tanko on irrotettava. Nostettu kehys ja vaunun pohjassa olevat kiinnityshihnat antavat mahdollisuuden kiinnitt\u00e4\u00e4 erikokoisia laatikoita. Maalattu ter\u00e4spelti tekee vaunun lujaksi ja s\u00e4\u00e4nkest\u00e4v\u00e4ksi. Sopii B-, C- ja D-sarjan 29 - 90\/91 litran laatikoille sek\u00e4 U-sarjan 28\u221280 litran laatikoille.  Py\u00f6r\u00e4setti Helposti koottava isojen py\u00f6rien setti kuljetuksen helpottamiseen. Kokoamista varten tulee porata kaksi 8,5 mm l\u00e4pimittaista reik\u00e4\u00e4.  Vaahtomateriaalinen kuljetussuoja Alumiinilaatikoihimme voi kiinnitt\u00e4\u00e4 itse s\u00e4\u00e4dett\u00e4v\u00e4t ja valmiiksi rei\u2019itetyt vaahtokuutiot herkkien ja s\u00e4rkyvien tuotteiden suojaksi, kuten lasia, mittausv\u00e4lineit\u00e4, valokuvauslaitteita tai elektroniikkakomponentteja varten. Settiin kuuluu 3 tai 6 vaahtokuutiopaneelia, yksi aluslevy kullekin ja kuvioitu vaahto-osa kantta varten. Sopii B 29, B 47 sek\u00e4 C- ja D-sarjan 29, 47- ja 76 litran laatikoihin. Jakosetti Kiinnitt\u00e4k\u00e4\u00e4 ohjauskiskot ja asentakaa laatikkoon ihanteellisen j\u00e4rjestyksen luomiseksi v\u00e4lisein\u00e4t. T\u00e4h\u00e4n jakosettiin kuuluu itse liimautuvat ohjauskiskot ja nelj\u00e4 v\u00e4lisein\u00e4\u00e4. Tarvittaessa sein\u00e4t voi s\u00e4\u00e4t\u00e4\u00e4 50 mm v\u00e4lein. Sopii B-, C- ja D-sarjan ja 47- ja 90\/91litran laatikoihin.","og_url":"https:\/\/fedemark.ee\/fi\/tuotteet\/alumiinilaatikot\/alumiinilaatikot-luokka-d-huippulaatu\/","og_site_name":"Fedemark","article_modified_time":"2017-07-25T11:09:27+00:00","og_image":[{"width":800,"height":800,"url":"https:\/\/fedemark.ee\/wp-content\/uploads\/2017\/06\/D-Boxes-algne.jpg","type":"image\/jpeg"}],"twitter_card":"summary_large_image","schema":{"@context":"https:\/\/schema.org","@graph":[{"@type":"WebPage","@id":"https:\/\/fedemark.ee\/fi\/tuotteet\/alumiinilaatikot\/alumiinilaatikot-luokka-d-huippulaatu\/","url":"https:\/\/fedemark.ee\/fi\/tuotteet\/alumiinilaatikot\/alumiinilaatikot-luokka-d-huippulaatu\/","name":"Alumiinilaatikot, luokka D (huippulaatu) - Fedemark","isPartOf":{"@id":"https:\/\/fedemark.ee\/#website"},"primaryImageOfPage":{"@id":"https:\/\/fedemark.ee\/fi\/tuotteet\/alumiinilaatikot\/alumiinilaatikot-luokka-d-huippulaatu\/#primaryimage"},"image":{"@id":"https:\/\/fedemark.ee\/fi\/tuotteet\/alumiinilaatikot\/alumiinilaatikot-luokka-d-huippulaatu\/#primaryimage"},"thumbnailUrl":"https:\/\/fedemark.ee\/wp-content\/uploads\/2017\/06\/D-Boxes-algne.jpg","datePublished":"2017-06-19T12:24:31+00:00","dateModified":"2017-07-25T11:09:27+00:00","breadcrumb":{"@id":"https:\/\/fedemark.ee\/fi\/tuotteet\/alumiinilaatikot\/alumiinilaatikot-luokka-d-huippulaatu\/#breadcrumb"},"inLanguage":"fi-FI","potentialAction":[{"@type":"ReadAction","target":["https:\/\/fedemark.ee\/fi\/tuotteet\/alumiinilaatikot\/alumiinilaatikot-luokka-d-huippulaatu\/"]}]},{"@type":"ImageObject","inLanguage":"fi-FI","@id":"https:\/\/fedemark.ee\/fi\/tuotteet\/alumiinilaatikot\/alumiinilaatikot-luokka-d-huippulaatu\/#primaryimage","url":"https:\/\/fedemark.ee\/wp-content\/uploads\/2017\/06\/D-Boxes-algne.jpg","contentUrl":"https:\/\/fedemark.ee\/wp-content\/uploads\/2017\/06\/D-Boxes-algne.jpg","width":800,"height":800},{"@type":"BreadcrumbList","@id":"https:\/\/fedemark.ee\/fi\/tuotteet\/alumiinilaatikot\/alumiinilaatikot-luokka-d-huippulaatu\/#breadcrumb","itemListElement":[{"@type":"ListItem","position":1,"name":"Home","item":"https:\/\/fedemark.ee\/fi\/"},{"@type":"ListItem","position":2,"name":"Tuotteet","item":"https:\/\/fedemark.ee\/fi\/tuotteet\/"},{"@type":"ListItem","position":3,"name":"Alumiinilaatikot, luokka D (huippulaatu)"}]},{"@type":"WebSite","@id":"https:\/\/fedemark.ee\/#website","url":"https:\/\/fedemark.ee\/","name":"Fedemark","description":"Redelid, Tellingud, T\u00f6\u00f6platvormid ja vahekorrused","potentialAction":[{"@type":"SearchAction","target":{"@type":"EntryPoint","urlTemplate":"https:\/\/fedemark.ee\/?s={search_term_string}"},"query-input":"required name=search_term_string"}],"inLanguage":"fi-FI"}]}},"_links":{"self":[{"href":"https:\/\/fedemark.ee\/fi\/wp-json\/wp\/v2\/product\/7263"}],"collection":[{"href":"https:\/\/fedemark.ee\/fi\/wp-json\/wp\/v2\/product"}],"about":[{"href":"https:\/\/fedemark.ee\/fi\/wp-json\/wp\/v2\/types\/product"}],"replies":[{"embeddable":true,"href":"https:\/\/fedemark.ee\/fi\/wp-json\/wp\/v2\/comments?post=7263"}],"version-history":[{"count":0,"href":"https:\/\/fedemark.ee\/fi\/wp-json\/wp\/v2\/product\/7263\/revisions"}],"wp:featuredmedia":[{"embeddable":true,"href":"https:\/\/fedemark.ee\/fi\/wp-json\/wp\/v2\/media\/10472"}],"wp:attachment":[{"href":"https:\/\/fedemark.ee\/fi\/wp-json\/wp\/v2\/media?parent=7263"}],"wp:term":[{"taxonomy":"product_cat","embeddable":true,"href":"https:\/\/fedemark.ee\/fi\/wp-json\/wp\/v2\/product_cat?post=7263"},{"taxonomy":"product_tag","embeddable":true,"href":"https:\/\/fedemark.ee\/fi\/wp-json\/wp\/v2\/product_tag?post=7263"}],"curies":[{"name":"wp","href":"https:\/\/api.w.org\/{rel}","templated":true}]}}