{"id":7264,"date":"2017-06-19T12:25:42","date_gmt":"2017-06-19T12:25:42","guid":{"rendered":"https:\/\/sharks.ee\/fedemark\/shop\/uncategorized\/klass-r-tippkvaliteet\/"},"modified":"2017-07-25T11:10:39","modified_gmt":"2017-07-25T11:10:39","slug":"alumiinilaatikot-luokka-r-huippulaatua-parempi","status":"publish","type":"product","link":"https:\/\/fedemark.ee\/fi\/tuotteet\/alumiinilaatikot\/alumiinilaatikot-luokka-r-huippulaatua-parempi\/","title":{"rendered":"Alumiinilaatikot, luokka R (huippulaatua parempi)"},"content":{"rendered":"","protected":false},"excerpt":{"rendered":"<p><em>tilavuus 70 &#8211; 470 litraa \u2013 alumiinin paksuus 3 mm<\/em><\/p>\n<p>Ty\u00f6kalujen ja irtotavaran s\u00e4ilytykseen<\/p>\n<p>Tiedot:<\/p>\n<p>\u2022 Valmistettu 3 mm paksuisesta kuvioidusta, seostamattomasta alumiinilevyst\u00e4<br \/>\n\u2022 Hitsausliitokset<br \/>\n\u2022 K\u00e4densijat, saranat ja kiinnitykset on tehty ruostumattomasta ter\u00e4ksest\u00e4<br \/>\n\u2022 Lujat automaattisesti kokoon taittuvat turvak\u00e4densijat<br \/>\n\u2022 Kest\u00e4v\u00e4t salvat, joissa riippulukolle tarkoitetut lenkit<br \/>\n\u2022 Kumitiiviste laatikko-osan sis\u00e4ll\u00e4 suojaa sis\u00e4lt\u00f6\u00e4 p\u00f6lylt\u00e4 ja vesiroiskeilta<br \/>\n\u2022 Pohjassa 4 M10-sis\u00e4kierteellist\u00e4 jalkaa laatikoiden kiinnitt\u00e4miseen<\/p>\n<p>Sicherheits-Tragegriffe<\/p>\n","protected":false},"featured_media":7906,"comment_status":"open","ping_status":"closed","template":"","meta":{"footnotes":""},"product_cat":[170],"product_tag":[],"yoast_head":"<!-- This site is optimized with the Yoast SEO plugin v22.6 - https:\/\/yoast.com\/wordpress\/plugins\/seo\/ -->\n<title>Alumiinilaatikot, luokka R (huippulaatua parempi) - Fedemark<\/title>\n<meta name=\"robots\" content=\"index, follow, max-snippet:-1, max-image-preview:large, max-video-preview:-1\" \/>\n<link rel=\"canonical\" href=\"https:\/\/fedemark.ee\/fi\/tuotteet\/alumiinilaatikot\/alumiinilaatikot-luokka-r-huippulaatua-parempi\/\" \/>\n<meta property=\"og:locale\" content=\"fi_FI\" \/>\n<meta property=\"og:type\" content=\"article\" \/>\n<meta property=\"og:title\" content=\"Alumiinilaatikot, luokka R (huippulaatua parempi) - Fedemark\" \/>\n<meta property=\"og:description\" content=\"tilavuus 70 - 470 litraa \u2013 alumiinin paksuus 3 mm  Ty\u00f6kalujen ja irtotavaran s\u00e4ilytykseen  Tiedot:  \u2022 Valmistettu 3 mm paksuisesta kuvioidusta, seostamattomasta alumiinilevyst\u00e4 \u2022 Hitsausliitokset \u2022 K\u00e4densijat, saranat ja kiinnitykset on tehty ruostumattomasta ter\u00e4ksest\u00e4 \u2022 Lujat automaattisesti kokoon taittuvat turvak\u00e4densijat \u2022 Kest\u00e4v\u00e4t salvat, joissa riippulukolle tarkoitetut lenkit \u2022 Kumitiiviste laatikko-osan sis\u00e4ll\u00e4 suojaa sis\u00e4lt\u00f6\u00e4 p\u00f6lylt\u00e4 ja vesiroiskeilta \u2022 Pohjassa 4 M10-sis\u00e4kierteellist\u00e4 jalkaa laatikoiden kiinnitt\u00e4miseen  Sicherheits-Tragegriffe\" \/>\n<meta property=\"og:url\" content=\"https:\/\/fedemark.ee\/fi\/tuotteet\/alumiinilaatikot\/alumiinilaatikot-luokka-r-huippulaatua-parempi\/\" \/>\n<meta property=\"og:site_name\" content=\"Fedemark\" \/>\n<meta property=\"article:modified_time\" content=\"2017-07-25T11:10:39+00:00\" \/>\n<meta property=\"og:image\" content=\"https:\/\/fedemark.ee\/wp-content\/uploads\/2017\/06\/R-Boxes.jpg\" \/>\n\t<meta property=\"og:image:width\" content=\"1073\" \/>\n\t<meta property=\"og:image:height\" content=\"799\" \/>\n\t<meta property=\"og:image:type\" content=\"image\/jpeg\" \/>\n<meta name=\"twitter:card\" content=\"summary_large_image\" \/>\n<script type=\"application\/ld+json\" class=\"yoast-schema-graph\">{\"@context\":\"https:\/\/schema.org\",\"@graph\":[{\"@type\":\"WebPage\",\"@id\":\"https:\/\/fedemark.ee\/fi\/tuotteet\/alumiinilaatikot\/alumiinilaatikot-luokka-r-huippulaatua-parempi\/\",\"url\":\"https:\/\/fedemark.ee\/fi\/tuotteet\/alumiinilaatikot\/alumiinilaatikot-luokka-r-huippulaatua-parempi\/\",\"name\":\"Alumiinilaatikot, luokka R (huippulaatua parempi) - Fedemark\",\"isPartOf\":{\"@id\":\"https:\/\/fedemark.ee\/#website\"},\"primaryImageOfPage\":{\"@id\":\"https:\/\/fedemark.ee\/fi\/tuotteet\/alumiinilaatikot\/alumiinilaatikot-luokka-r-huippulaatua-parempi\/#primaryimage\"},\"image\":{\"@id\":\"https:\/\/fedemark.ee\/fi\/tuotteet\/alumiinilaatikot\/alumiinilaatikot-luokka-r-huippulaatua-parempi\/#primaryimage\"},\"thumbnailUrl\":\"https:\/\/fedemark.ee\/wp-content\/uploads\/2017\/06\/R-Boxes.jpg\",\"datePublished\":\"2017-06-19T12:25:42+00:00\",\"dateModified\":\"2017-07-25T11:10:39+00:00\",\"breadcrumb\":{\"@id\":\"https:\/\/fedemark.ee\/fi\/tuotteet\/alumiinilaatikot\/alumiinilaatikot-luokka-r-huippulaatua-parempi\/#breadcrumb\"},\"inLanguage\":\"fi-FI\",\"potentialAction\":[{\"@type\":\"ReadAction\",\"target\":[\"https:\/\/fedemark.ee\/fi\/tuotteet\/alumiinilaatikot\/alumiinilaatikot-luokka-r-huippulaatua-parempi\/\"]}]},{\"@type\":\"ImageObject\",\"inLanguage\":\"fi-FI\",\"@id\":\"https:\/\/fedemark.ee\/fi\/tuotteet\/alumiinilaatikot\/alumiinilaatikot-luokka-r-huippulaatua-parempi\/#primaryimage\",\"url\":\"https:\/\/fedemark.ee\/wp-content\/uploads\/2017\/06\/R-Boxes.jpg\",\"contentUrl\":\"https:\/\/fedemark.ee\/wp-content\/uploads\/2017\/06\/R-Boxes.jpg\",\"width\":1073,\"height\":799},{\"@type\":\"BreadcrumbList\",\"@id\":\"https:\/\/fedemark.ee\/fi\/tuotteet\/alumiinilaatikot\/alumiinilaatikot-luokka-r-huippulaatua-parempi\/#breadcrumb\",\"itemListElement\":[{\"@type\":\"ListItem\",\"position\":1,\"name\":\"Home\",\"item\":\"https:\/\/fedemark.ee\/fi\/\"},{\"@type\":\"ListItem\",\"position\":2,\"name\":\"Tuotteet\",\"item\":\"https:\/\/fedemark.ee\/fi\/tuotteet\/\"},{\"@type\":\"ListItem\",\"position\":3,\"name\":\"Alumiinilaatikot, luokka R (huippulaatua parempi)\"}]},{\"@type\":\"WebSite\",\"@id\":\"https:\/\/fedemark.ee\/#website\",\"url\":\"https:\/\/fedemark.ee\/\",\"name\":\"Fedemark\",\"description\":\"Redelid, Tellingud, T\u00f6\u00f6platvormid ja vahekorrused\",\"potentialAction\":[{\"@type\":\"SearchAction\",\"target\":{\"@type\":\"EntryPoint\",\"urlTemplate\":\"https:\/\/fedemark.ee\/?s={search_term_string}\"},\"query-input\":\"required name=search_term_string\"}],\"inLanguage\":\"fi-FI\"}]}<\/script>\n<!-- \/ Yoast SEO plugin. -->","yoast_head_json":{"title":"Alumiinilaatikot, luokka R (huippulaatua parempi) - Fedemark","robots":{"index":"index","follow":"follow","max-snippet":"max-snippet:-1","max-image-preview":"max-image-preview:large","max-video-preview":"max-video-preview:-1"},"canonical":"https:\/\/fedemark.ee\/fi\/tuotteet\/alumiinilaatikot\/alumiinilaatikot-luokka-r-huippulaatua-parempi\/","og_locale":"fi_FI","og_type":"article","og_title":"Alumiinilaatikot, luokka R (huippulaatua parempi) - Fedemark","og_description":"tilavuus 70 - 470 litraa \u2013 alumiinin paksuus 3 mm  Ty\u00f6kalujen ja irtotavaran s\u00e4ilytykseen  Tiedot:  \u2022 Valmistettu 3 mm paksuisesta kuvioidusta, seostamattomasta alumiinilevyst\u00e4 \u2022 Hitsausliitokset \u2022 K\u00e4densijat, saranat ja kiinnitykset on tehty ruostumattomasta ter\u00e4ksest\u00e4 \u2022 Lujat automaattisesti kokoon taittuvat turvak\u00e4densijat \u2022 Kest\u00e4v\u00e4t salvat, joissa riippulukolle tarkoitetut lenkit \u2022 Kumitiiviste laatikko-osan sis\u00e4ll\u00e4 suojaa sis\u00e4lt\u00f6\u00e4 p\u00f6lylt\u00e4 ja vesiroiskeilta \u2022 Pohjassa 4 M10-sis\u00e4kierteellist\u00e4 jalkaa laatikoiden kiinnitt\u00e4miseen  Sicherheits-Tragegriffe","og_url":"https:\/\/fedemark.ee\/fi\/tuotteet\/alumiinilaatikot\/alumiinilaatikot-luokka-r-huippulaatua-parempi\/","og_site_name":"Fedemark","article_modified_time":"2017-07-25T11:10:39+00:00","og_image":[{"width":1073,"height":799,"url":"https:\/\/fedemark.ee\/wp-content\/uploads\/2017\/06\/R-Boxes.jpg","type":"image\/jpeg"}],"twitter_card":"summary_large_image","schema":{"@context":"https:\/\/schema.org","@graph":[{"@type":"WebPage","@id":"https:\/\/fedemark.ee\/fi\/tuotteet\/alumiinilaatikot\/alumiinilaatikot-luokka-r-huippulaatua-parempi\/","url":"https:\/\/fedemark.ee\/fi\/tuotteet\/alumiinilaatikot\/alumiinilaatikot-luokka-r-huippulaatua-parempi\/","name":"Alumiinilaatikot, luokka R (huippulaatua parempi) - Fedemark","isPartOf":{"@id":"https:\/\/fedemark.ee\/#website"},"primaryImageOfPage":{"@id":"https:\/\/fedemark.ee\/fi\/tuotteet\/alumiinilaatikot\/alumiinilaatikot-luokka-r-huippulaatua-parempi\/#primaryimage"},"image":{"@id":"https:\/\/fedemark.ee\/fi\/tuotteet\/alumiinilaatikot\/alumiinilaatikot-luokka-r-huippulaatua-parempi\/#primaryimage"},"thumbnailUrl":"https:\/\/fedemark.ee\/wp-content\/uploads\/2017\/06\/R-Boxes.jpg","datePublished":"2017-06-19T12:25:42+00:00","dateModified":"2017-07-25T11:10:39+00:00","breadcrumb":{"@id":"https:\/\/fedemark.ee\/fi\/tuotteet\/alumiinilaatikot\/alumiinilaatikot-luokka-r-huippulaatua-parempi\/#breadcrumb"},"inLanguage":"fi-FI","potentialAction":[{"@type":"ReadAction","target":["https:\/\/fedemark.ee\/fi\/tuotteet\/alumiinilaatikot\/alumiinilaatikot-luokka-r-huippulaatua-parempi\/"]}]},{"@type":"ImageObject","inLanguage":"fi-FI","@id":"https:\/\/fedemark.ee\/fi\/tuotteet\/alumiinilaatikot\/alumiinilaatikot-luokka-r-huippulaatua-parempi\/#primaryimage","url":"https:\/\/fedemark.ee\/wp-content\/uploads\/2017\/06\/R-Boxes.jpg","contentUrl":"https:\/\/fedemark.ee\/wp-content\/uploads\/2017\/06\/R-Boxes.jpg","width":1073,"height":799},{"@type":"BreadcrumbList","@id":"https:\/\/fedemark.ee\/fi\/tuotteet\/alumiinilaatikot\/alumiinilaatikot-luokka-r-huippulaatua-parempi\/#breadcrumb","itemListElement":[{"@type":"ListItem","position":1,"name":"Home","item":"https:\/\/fedemark.ee\/fi\/"},{"@type":"ListItem","position":2,"name":"Tuotteet","item":"https:\/\/fedemark.ee\/fi\/tuotteet\/"},{"@type":"ListItem","position":3,"name":"Alumiinilaatikot, luokka R (huippulaatua parempi)"}]},{"@type":"WebSite","@id":"https:\/\/fedemark.ee\/#website","url":"https:\/\/fedemark.ee\/","name":"Fedemark","description":"Redelid, Tellingud, T\u00f6\u00f6platvormid ja vahekorrused","potentialAction":[{"@type":"SearchAction","target":{"@type":"EntryPoint","urlTemplate":"https:\/\/fedemark.ee\/?s={search_term_string}"},"query-input":"required name=search_term_string"}],"inLanguage":"fi-FI"}]}},"_links":{"self":[{"href":"https:\/\/fedemark.ee\/fi\/wp-json\/wp\/v2\/product\/7264"}],"collection":[{"href":"https:\/\/fedemark.ee\/fi\/wp-json\/wp\/v2\/product"}],"about":[{"href":"https:\/\/fedemark.ee\/fi\/wp-json\/wp\/v2\/types\/product"}],"replies":[{"embeddable":true,"href":"https:\/\/fedemark.ee\/fi\/wp-json\/wp\/v2\/comments?post=7264"}],"version-history":[{"count":0,"href":"https:\/\/fedemark.ee\/fi\/wp-json\/wp\/v2\/product\/7264\/revisions"}],"wp:featuredmedia":[{"embeddable":true,"href":"https:\/\/fedemark.ee\/fi\/wp-json\/wp\/v2\/media\/7906"}],"wp:attachment":[{"href":"https:\/\/fedemark.ee\/fi\/wp-json\/wp\/v2\/media?parent=7264"}],"wp:term":[{"taxonomy":"product_cat","embeddable":true,"href":"https:\/\/fedemark.ee\/fi\/wp-json\/wp\/v2\/product_cat?post=7264"},{"taxonomy":"product_tag","embeddable":true,"href":"https:\/\/fedemark.ee\/fi\/wp-json\/wp\/v2\/product_tag?post=7264"}],"curies":[{"name":"wp","href":"https:\/\/api.w.org\/{rel}","templated":true}]}}