{"id":7265,"date":"2017-06-19T12:32:07","date_gmt":"2017-06-19T12:32:07","guid":{"rendered":"https:\/\/sharks.ee\/fedemark\/shop\/uncategorized\/klass-u-avatud\/"},"modified":"2017-07-25T11:12:13","modified_gmt":"2017-07-25T11:12:13","slug":"alumiinilaatikot-luokka-u-ammattikayttoon-tarkoitetut-avoimet-laatikot","status":"publish","type":"product","link":"https:\/\/fedemark.ee\/fi\/tuotteet\/alumiinilaatikot\/alumiinilaatikot-luokka-u-ammattikayttoon-tarkoitetut-avoimet-laatikot\/","title":{"rendered":"Alumiinilaatikot, luokka U (ammattik\u00e4ytt\u00f6\u00f6n tarkoitetut avoimet laatikot)"},"content":{"rendered":"","protected":false},"excerpt":{"rendered":"<p><em>tilavuus 28 &#8211; 161 litraa \u2013 alumiinin paksuus 0,8 mm<\/em><\/p>\n<ul>\n<li>Eurolavoille sopivina n\u00e4m\u00e4 avoimet kuljetuslaatikot on tarkoitettu kaupalliseen k\u00e4ytt\u00f6\u00f6n.<br \/>\nValmistettu 0,8 mm alumiinista ja varustetut isoilla muovilla reunustetuilla k\u00e4densijoilla, jotta k\u00e4sittely olisi helppoa ja turvallista.<\/p>\n<p>Elintarvikeluokkaan kuuluva viimeistely tekee n\u00e4ist\u00e4 ihanteellisen v\u00e4lineen elintarvikkeiden kuljetukseen leipomo- ja lihatuotteita valmistaville yrityksille ja ravitsemusliikkeille.<\/p>\n<p>Tiedot:<\/p>\n<p>\u2022 Tilavuudet: 28, 40, 56, 80, 113 tai 161 litraa<br \/>\n\u2022 Elintarvikeluokkaan kuuluva viimeistely<br \/>\n\u2022 Mitat sopivat eurolavoille<br \/>\n\u2022 Valmistettu 0,8 mm paksuisesta alumiinista<br \/>\n\u2022 Ymp\u00e4r\u00f6ivien alustojen ansioista kevyt, tukeva ja vakaa muoto<br \/>\n\u2022 Korroosion-, s\u00e4\u00e4n- ja l\u00e4mp\u00f6tilankest\u00e4v\u00e4<br \/>\n\u2022 Isot ergonomiset k\u00e4densijat kuljettamisen helpottamiseen<\/p>\n<p>Ihanteelliset kuljetuslaatikot<br \/>\nKevyin\u00e4, tukevina ja vakaina n\u00e4m\u00e4 laatikot sopivat ihanteellisesti sek\u00e4 ammatti- ett\u00e4 harrastusk\u00e4ytt\u00f6\u00f6n.<\/p>\n<p>Hygieeniset ja tuoksultaan neutraalit<br \/>\nAlumiinilaatikoiden helposti puhdistettava pinta tekee niist\u00e4 ihanteelliset erilaisten tuotteiden s\u00e4ilytt\u00e4miseen ja kuljettamiseen.<\/p>\n<p>K\u00e4densija-aukot, jotka vapauttavat k\u00e4det j\u00e4nnityksest\u00e4<br \/>\nVarustetut mukavilla muovip\u00e4\u00e4llysteisill\u00e4 k\u00e4densijoilla, jotta kantaminen olisi helppoa \u2013 PAK-hyv\u00e4ksynt\u00e4.<\/p>\n<p>Vakaa<br \/>\nIsot alumiiniosat ja sivuja ymp\u00e4r\u00f6iv\u00e4t alustat antavat laatikoille loistavan vakauden ja siten my\u00f6s hyv\u00e4n kest\u00e4vyyden.<\/p>\n<p>Kuljetusvaunu<br \/>\nT\u00e4m\u00e4 k\u00e4yt\u00e4nn\u00f6llinen kahdella isolla ohjattavalla ja kahdella kiinte\u00e4ll\u00e4 py\u00f6r\u00e4ll\u00e4 varustettu kuljetusvaunu muuttaa alumiinilaatikon liikkuvaksi. T\u00e4m\u00e4n voi nopeasti ja helposti koota ja ty\u00f6nt\u00f6tanko on irrotettava. Nostettu kehys ja vaunun pohjassa olevat kiinnityshihnat antavat mahdollisuuden kiinnitt\u00e4\u00e4 erikokoisia laatikoita. Maalattu ter\u00e4spelti tekee vaunun lujaksi ja s\u00e4\u00e4nkest\u00e4v\u00e4ksi. Sopii B-, C- ja D-sarjan 29 &#8211; 90\/91 litran laatikoille sek\u00e4 U-sarjan 28\u221280 litran laatikoille.<\/li>\n<\/ul>\n","protected":false},"featured_media":10480,"comment_status":"open","ping_status":"closed","template":"","meta":{"footnotes":""},"product_cat":[170],"product_tag":[],"yoast_head":"<!-- This site is optimized with the Yoast SEO plugin v22.6 - https:\/\/yoast.com\/wordpress\/plugins\/seo\/ -->\n<title>Alumiinilaatikot, luokka U (ammattik\u00e4ytt\u00f6\u00f6n tarkoitetut avoimet laatikot) - Fedemark<\/title>\n<meta name=\"robots\" content=\"index, follow, max-snippet:-1, max-image-preview:large, max-video-preview:-1\" \/>\n<link rel=\"canonical\" href=\"https:\/\/fedemark.ee\/fi\/tuotteet\/alumiinilaatikot\/alumiinilaatikot-luokka-u-ammattikayttoon-tarkoitetut-avoimet-laatikot\/\" \/>\n<meta property=\"og:locale\" content=\"fi_FI\" \/>\n<meta property=\"og:type\" content=\"article\" \/>\n<meta property=\"og:title\" content=\"Alumiinilaatikot, luokka U (ammattik\u00e4ytt\u00f6\u00f6n tarkoitetut avoimet laatikot) - Fedemark\" \/>\n<meta property=\"og:description\" content=\"tilavuus 28 - 161 litraa \u2013 alumiinin paksuus 0,8 mm   Eurolavoille sopivina n\u00e4m\u00e4 avoimet kuljetuslaatikot on tarkoitettu kaupalliseen k\u00e4ytt\u00f6\u00f6n. Valmistettu 0,8 mm alumiinista ja varustetut isoilla muovilla reunustetuilla k\u00e4densijoilla, jotta k\u00e4sittely olisi helppoa ja turvallista.  Elintarvikeluokkaan kuuluva viimeistely tekee n\u00e4ist\u00e4 ihanteellisen v\u00e4lineen elintarvikkeiden kuljetukseen leipomo- ja lihatuotteita valmistaville yrityksille ja ravitsemusliikkeille.  Tiedot:  \u2022 Tilavuudet: 28, 40, 56, 80, 113 tai 161 litraa \u2022 Elintarvikeluokkaan kuuluva viimeistely \u2022 Mitat sopivat eurolavoille \u2022 Valmistettu 0,8 mm paksuisesta alumiinista \u2022 Ymp\u00e4r\u00f6ivien alustojen ansioista kevyt, tukeva ja vakaa muoto \u2022 Korroosion-, s\u00e4\u00e4n- ja l\u00e4mp\u00f6tilankest\u00e4v\u00e4 \u2022 Isot ergonomiset k\u00e4densijat kuljettamisen helpottamiseen  Ihanteelliset kuljetuslaatikot Kevyin\u00e4, tukevina ja vakaina n\u00e4m\u00e4 laatikot sopivat ihanteellisesti sek\u00e4 ammatti- ett\u00e4 harrastusk\u00e4ytt\u00f6\u00f6n.  Hygieeniset ja tuoksultaan neutraalit Alumiinilaatikoiden helposti puhdistettava pinta tekee niist\u00e4 ihanteelliset erilaisten tuotteiden s\u00e4ilytt\u00e4miseen ja kuljettamiseen.  K\u00e4densija-aukot, jotka vapauttavat k\u00e4det j\u00e4nnityksest\u00e4 Varustetut mukavilla muovip\u00e4\u00e4llysteisill\u00e4 k\u00e4densijoilla, jotta kantaminen olisi helppoa \u2013 PAK-hyv\u00e4ksynt\u00e4.  Vakaa Isot alumiiniosat ja sivuja ymp\u00e4r\u00f6iv\u00e4t alustat antavat laatikoille loistavan vakauden ja siten my\u00f6s hyv\u00e4n kest\u00e4vyyden.  Kuljetusvaunu T\u00e4m\u00e4 k\u00e4yt\u00e4nn\u00f6llinen kahdella isolla ohjattavalla ja kahdella kiinte\u00e4ll\u00e4 py\u00f6r\u00e4ll\u00e4 varustettu kuljetusvaunu muuttaa alumiinilaatikon liikkuvaksi. T\u00e4m\u00e4n voi nopeasti ja helposti koota ja ty\u00f6nt\u00f6tanko on irrotettava. Nostettu kehys ja vaunun pohjassa olevat kiinnityshihnat antavat mahdollisuuden kiinnitt\u00e4\u00e4 erikokoisia laatikoita. Maalattu ter\u00e4spelti tekee vaunun lujaksi ja s\u00e4\u00e4nkest\u00e4v\u00e4ksi. Sopii B-, C- ja D-sarjan 29 - 90\/91 litran laatikoille sek\u00e4 U-sarjan 28\u221280 litran laatikoille.\" \/>\n<meta property=\"og:url\" content=\"https:\/\/fedemark.ee\/fi\/tuotteet\/alumiinilaatikot\/alumiinilaatikot-luokka-u-ammattikayttoon-tarkoitetut-avoimet-laatikot\/\" \/>\n<meta property=\"og:site_name\" content=\"Fedemark\" \/>\n<meta property=\"article:modified_time\" content=\"2017-07-25T11:12:13+00:00\" \/>\n<meta property=\"og:image\" content=\"https:\/\/fedemark.ee\/wp-content\/uploads\/2017\/06\/U-Boxes-1.jpg\" \/>\n\t<meta property=\"og:image:width\" content=\"800\" \/>\n\t<meta property=\"og:image:height\" content=\"800\" \/>\n\t<meta property=\"og:image:type\" content=\"image\/jpeg\" \/>\n<meta name=\"twitter:card\" content=\"summary_large_image\" \/>\n<script type=\"application\/ld+json\" class=\"yoast-schema-graph\">{\"@context\":\"https:\/\/schema.org\",\"@graph\":[{\"@type\":\"WebPage\",\"@id\":\"https:\/\/fedemark.ee\/fi\/tuotteet\/alumiinilaatikot\/alumiinilaatikot-luokka-u-ammattikayttoon-tarkoitetut-avoimet-laatikot\/\",\"url\":\"https:\/\/fedemark.ee\/fi\/tuotteet\/alumiinilaatikot\/alumiinilaatikot-luokka-u-ammattikayttoon-tarkoitetut-avoimet-laatikot\/\",\"name\":\"Alumiinilaatikot, luokka U (ammattik\u00e4ytt\u00f6\u00f6n tarkoitetut avoimet laatikot) - Fedemark\",\"isPartOf\":{\"@id\":\"https:\/\/fedemark.ee\/#website\"},\"primaryImageOfPage\":{\"@id\":\"https:\/\/fedemark.ee\/fi\/tuotteet\/alumiinilaatikot\/alumiinilaatikot-luokka-u-ammattikayttoon-tarkoitetut-avoimet-laatikot\/#primaryimage\"},\"image\":{\"@id\":\"https:\/\/fedemark.ee\/fi\/tuotteet\/alumiinilaatikot\/alumiinilaatikot-luokka-u-ammattikayttoon-tarkoitetut-avoimet-laatikot\/#primaryimage\"},\"thumbnailUrl\":\"https:\/\/fedemark.ee\/wp-content\/uploads\/2017\/06\/U-Boxes-1.jpg\",\"datePublished\":\"2017-06-19T12:32:07+00:00\",\"dateModified\":\"2017-07-25T11:12:13+00:00\",\"breadcrumb\":{\"@id\":\"https:\/\/fedemark.ee\/fi\/tuotteet\/alumiinilaatikot\/alumiinilaatikot-luokka-u-ammattikayttoon-tarkoitetut-avoimet-laatikot\/#breadcrumb\"},\"inLanguage\":\"fi-FI\",\"potentialAction\":[{\"@type\":\"ReadAction\",\"target\":[\"https:\/\/fedemark.ee\/fi\/tuotteet\/alumiinilaatikot\/alumiinilaatikot-luokka-u-ammattikayttoon-tarkoitetut-avoimet-laatikot\/\"]}]},{\"@type\":\"ImageObject\",\"inLanguage\":\"fi-FI\",\"@id\":\"https:\/\/fedemark.ee\/fi\/tuotteet\/alumiinilaatikot\/alumiinilaatikot-luokka-u-ammattikayttoon-tarkoitetut-avoimet-laatikot\/#primaryimage\",\"url\":\"https:\/\/fedemark.ee\/wp-content\/uploads\/2017\/06\/U-Boxes-1.jpg\",\"contentUrl\":\"https:\/\/fedemark.ee\/wp-content\/uploads\/2017\/06\/U-Boxes-1.jpg\",\"width\":800,\"height\":800},{\"@type\":\"BreadcrumbList\",\"@id\":\"https:\/\/fedemark.ee\/fi\/tuotteet\/alumiinilaatikot\/alumiinilaatikot-luokka-u-ammattikayttoon-tarkoitetut-avoimet-laatikot\/#breadcrumb\",\"itemListElement\":[{\"@type\":\"ListItem\",\"position\":1,\"name\":\"Home\",\"item\":\"https:\/\/fedemark.ee\/fi\/\"},{\"@type\":\"ListItem\",\"position\":2,\"name\":\"Tuotteet\",\"item\":\"https:\/\/fedemark.ee\/fi\/tuotteet\/\"},{\"@type\":\"ListItem\",\"position\":3,\"name\":\"Alumiinilaatikot, luokka U (ammattik\u00e4ytt\u00f6\u00f6n tarkoitetut avoimet laatikot)\"}]},{\"@type\":\"WebSite\",\"@id\":\"https:\/\/fedemark.ee\/#website\",\"url\":\"https:\/\/fedemark.ee\/\",\"name\":\"Fedemark\",\"description\":\"Redelid, Tellingud, T\u00f6\u00f6platvormid ja vahekorrused\",\"potentialAction\":[{\"@type\":\"SearchAction\",\"target\":{\"@type\":\"EntryPoint\",\"urlTemplate\":\"https:\/\/fedemark.ee\/?s={search_term_string}\"},\"query-input\":\"required name=search_term_string\"}],\"inLanguage\":\"fi-FI\"}]}<\/script>\n<!-- \/ Yoast SEO plugin. -->","yoast_head_json":{"title":"Alumiinilaatikot, luokka U (ammattik\u00e4ytt\u00f6\u00f6n tarkoitetut avoimet laatikot) - Fedemark","robots":{"index":"index","follow":"follow","max-snippet":"max-snippet:-1","max-image-preview":"max-image-preview:large","max-video-preview":"max-video-preview:-1"},"canonical":"https:\/\/fedemark.ee\/fi\/tuotteet\/alumiinilaatikot\/alumiinilaatikot-luokka-u-ammattikayttoon-tarkoitetut-avoimet-laatikot\/","og_locale":"fi_FI","og_type":"article","og_title":"Alumiinilaatikot, luokka U (ammattik\u00e4ytt\u00f6\u00f6n tarkoitetut avoimet laatikot) - Fedemark","og_description":"tilavuus 28 - 161 litraa \u2013 alumiinin paksuus 0,8 mm   Eurolavoille sopivina n\u00e4m\u00e4 avoimet kuljetuslaatikot on tarkoitettu kaupalliseen k\u00e4ytt\u00f6\u00f6n. Valmistettu 0,8 mm alumiinista ja varustetut isoilla muovilla reunustetuilla k\u00e4densijoilla, jotta k\u00e4sittely olisi helppoa ja turvallista.  Elintarvikeluokkaan kuuluva viimeistely tekee n\u00e4ist\u00e4 ihanteellisen v\u00e4lineen elintarvikkeiden kuljetukseen leipomo- ja lihatuotteita valmistaville yrityksille ja ravitsemusliikkeille.  Tiedot:  \u2022 Tilavuudet: 28, 40, 56, 80, 113 tai 161 litraa \u2022 Elintarvikeluokkaan kuuluva viimeistely \u2022 Mitat sopivat eurolavoille \u2022 Valmistettu 0,8 mm paksuisesta alumiinista \u2022 Ymp\u00e4r\u00f6ivien alustojen ansioista kevyt, tukeva ja vakaa muoto \u2022 Korroosion-, s\u00e4\u00e4n- ja l\u00e4mp\u00f6tilankest\u00e4v\u00e4 \u2022 Isot ergonomiset k\u00e4densijat kuljettamisen helpottamiseen  Ihanteelliset kuljetuslaatikot Kevyin\u00e4, tukevina ja vakaina n\u00e4m\u00e4 laatikot sopivat ihanteellisesti sek\u00e4 ammatti- ett\u00e4 harrastusk\u00e4ytt\u00f6\u00f6n.  Hygieeniset ja tuoksultaan neutraalit Alumiinilaatikoiden helposti puhdistettava pinta tekee niist\u00e4 ihanteelliset erilaisten tuotteiden s\u00e4ilytt\u00e4miseen ja kuljettamiseen.  K\u00e4densija-aukot, jotka vapauttavat k\u00e4det j\u00e4nnityksest\u00e4 Varustetut mukavilla muovip\u00e4\u00e4llysteisill\u00e4 k\u00e4densijoilla, jotta kantaminen olisi helppoa \u2013 PAK-hyv\u00e4ksynt\u00e4.  Vakaa Isot alumiiniosat ja sivuja ymp\u00e4r\u00f6iv\u00e4t alustat antavat laatikoille loistavan vakauden ja siten my\u00f6s hyv\u00e4n kest\u00e4vyyden.  Kuljetusvaunu T\u00e4m\u00e4 k\u00e4yt\u00e4nn\u00f6llinen kahdella isolla ohjattavalla ja kahdella kiinte\u00e4ll\u00e4 py\u00f6r\u00e4ll\u00e4 varustettu kuljetusvaunu muuttaa alumiinilaatikon liikkuvaksi. T\u00e4m\u00e4n voi nopeasti ja helposti koota ja ty\u00f6nt\u00f6tanko on irrotettava. Nostettu kehys ja vaunun pohjassa olevat kiinnityshihnat antavat mahdollisuuden kiinnitt\u00e4\u00e4 erikokoisia laatikoita. Maalattu ter\u00e4spelti tekee vaunun lujaksi ja s\u00e4\u00e4nkest\u00e4v\u00e4ksi. Sopii B-, C- ja D-sarjan 29 - 90\/91 litran laatikoille sek\u00e4 U-sarjan 28\u221280 litran laatikoille.","og_url":"https:\/\/fedemark.ee\/fi\/tuotteet\/alumiinilaatikot\/alumiinilaatikot-luokka-u-ammattikayttoon-tarkoitetut-avoimet-laatikot\/","og_site_name":"Fedemark","article_modified_time":"2017-07-25T11:12:13+00:00","og_image":[{"width":800,"height":800,"url":"https:\/\/fedemark.ee\/wp-content\/uploads\/2017\/06\/U-Boxes-1.jpg","type":"image\/jpeg"}],"twitter_card":"summary_large_image","schema":{"@context":"https:\/\/schema.org","@graph":[{"@type":"WebPage","@id":"https:\/\/fedemark.ee\/fi\/tuotteet\/alumiinilaatikot\/alumiinilaatikot-luokka-u-ammattikayttoon-tarkoitetut-avoimet-laatikot\/","url":"https:\/\/fedemark.ee\/fi\/tuotteet\/alumiinilaatikot\/alumiinilaatikot-luokka-u-ammattikayttoon-tarkoitetut-avoimet-laatikot\/","name":"Alumiinilaatikot, luokka U (ammattik\u00e4ytt\u00f6\u00f6n tarkoitetut avoimet laatikot) - Fedemark","isPartOf":{"@id":"https:\/\/fedemark.ee\/#website"},"primaryImageOfPage":{"@id":"https:\/\/fedemark.ee\/fi\/tuotteet\/alumiinilaatikot\/alumiinilaatikot-luokka-u-ammattikayttoon-tarkoitetut-avoimet-laatikot\/#primaryimage"},"image":{"@id":"https:\/\/fedemark.ee\/fi\/tuotteet\/alumiinilaatikot\/alumiinilaatikot-luokka-u-ammattikayttoon-tarkoitetut-avoimet-laatikot\/#primaryimage"},"thumbnailUrl":"https:\/\/fedemark.ee\/wp-content\/uploads\/2017\/06\/U-Boxes-1.jpg","datePublished":"2017-06-19T12:32:07+00:00","dateModified":"2017-07-25T11:12:13+00:00","breadcrumb":{"@id":"https:\/\/fedemark.ee\/fi\/tuotteet\/alumiinilaatikot\/alumiinilaatikot-luokka-u-ammattikayttoon-tarkoitetut-avoimet-laatikot\/#breadcrumb"},"inLanguage":"fi-FI","potentialAction":[{"@type":"ReadAction","target":["https:\/\/fedemark.ee\/fi\/tuotteet\/alumiinilaatikot\/alumiinilaatikot-luokka-u-ammattikayttoon-tarkoitetut-avoimet-laatikot\/"]}]},{"@type":"ImageObject","inLanguage":"fi-FI","@id":"https:\/\/fedemark.ee\/fi\/tuotteet\/alumiinilaatikot\/alumiinilaatikot-luokka-u-ammattikayttoon-tarkoitetut-avoimet-laatikot\/#primaryimage","url":"https:\/\/fedemark.ee\/wp-content\/uploads\/2017\/06\/U-Boxes-1.jpg","contentUrl":"https:\/\/fedemark.ee\/wp-content\/uploads\/2017\/06\/U-Boxes-1.jpg","width":800,"height":800},{"@type":"BreadcrumbList","@id":"https:\/\/fedemark.ee\/fi\/tuotteet\/alumiinilaatikot\/alumiinilaatikot-luokka-u-ammattikayttoon-tarkoitetut-avoimet-laatikot\/#breadcrumb","itemListElement":[{"@type":"ListItem","position":1,"name":"Home","item":"https:\/\/fedemark.ee\/fi\/"},{"@type":"ListItem","position":2,"name":"Tuotteet","item":"https:\/\/fedemark.ee\/fi\/tuotteet\/"},{"@type":"ListItem","position":3,"name":"Alumiinilaatikot, luokka U (ammattik\u00e4ytt\u00f6\u00f6n tarkoitetut avoimet laatikot)"}]},{"@type":"WebSite","@id":"https:\/\/fedemark.ee\/#website","url":"https:\/\/fedemark.ee\/","name":"Fedemark","description":"Redelid, Tellingud, T\u00f6\u00f6platvormid ja vahekorrused","potentialAction":[{"@type":"SearchAction","target":{"@type":"EntryPoint","urlTemplate":"https:\/\/fedemark.ee\/?s={search_term_string}"},"query-input":"required name=search_term_string"}],"inLanguage":"fi-FI"}]}},"_links":{"self":[{"href":"https:\/\/fedemark.ee\/fi\/wp-json\/wp\/v2\/product\/7265"}],"collection":[{"href":"https:\/\/fedemark.ee\/fi\/wp-json\/wp\/v2\/product"}],"about":[{"href":"https:\/\/fedemark.ee\/fi\/wp-json\/wp\/v2\/types\/product"}],"replies":[{"embeddable":true,"href":"https:\/\/fedemark.ee\/fi\/wp-json\/wp\/v2\/comments?post=7265"}],"version-history":[{"count":0,"href":"https:\/\/fedemark.ee\/fi\/wp-json\/wp\/v2\/product\/7265\/revisions"}],"wp:featuredmedia":[{"embeddable":true,"href":"https:\/\/fedemark.ee\/fi\/wp-json\/wp\/v2\/media\/10480"}],"wp:attachment":[{"href":"https:\/\/fedemark.ee\/fi\/wp-json\/wp\/v2\/media?parent=7265"}],"wp:term":[{"taxonomy":"product_cat","embeddable":true,"href":"https:\/\/fedemark.ee\/fi\/wp-json\/wp\/v2\/product_cat?post=7265"},{"taxonomy":"product_tag","embeddable":true,"href":"https:\/\/fedemark.ee\/fi\/wp-json\/wp\/v2\/product_tag?post=7265"}],"curies":[{"name":"wp","href":"https:\/\/api.w.org\/{rel}","templated":true}]}}