{"id":7266,"date":"2017-06-16T07:20:00","date_gmt":"2017-06-16T07:20:00","guid":{"rendered":"https:\/\/sharks.ee\/fedemark\/shop\/uncategorized\/u1\/"},"modified":"2017-07-25T11:19:10","modified_gmt":"2017-07-25T11:19:10","slug":"u1","status":"publish","type":"product","link":"https:\/\/fedemark.ee\/fi\/tuotteet\/tikkaat-harrastuskayttoon-ja-kevyisiin-toihin\/teleskooppitikkaat-fi\/u1\/","title":{"rendered":"U1"},"content":{"rendered":"","protected":false},"excerpt":{"rendered":"<p><em>Yksiosaiset tikkaat kotitaloudessa ja harrastuksissa k\u00e4ytett\u00e4viksi<\/em><\/p>\n<p>Harrastusk\u00e4ytt\u00f6\u00f6n tarkoitetut vakiorakenteiset ja -osaiset alumiiniprofiilista valmistetut jatkettavat tikkaat.<\/p>\n<p>Kevyet ja tukevat yksiosaiset tikkaat.<\/p>\n<p>TEKNISET OMINAISUUDET<br \/>\n\u2022 Puolien m\u00e4\u00e4r\u00e4: 8\u221216<br \/>\n\u2022 Osan leveys: 36 cm<br \/>\n\u2022 Korkeus: 2,40\u22124,65 m<\/p>\n<p>VAKIO-OSAT<br \/>\n\u2022 Kokoamis- ja k\u00e4ytt\u00f6ohje<br \/>\n\u2022 Laipalla varustettu puola 25 mm<br \/>\n\u2022 Liukumaton kumijalka<br \/>\n\u2022 Kantavuus 150 kg<br \/>\n\u2022 Askelmien v\u00e4linen et\u00e4isyys 28 cm<br \/>\n\u2022 Puolan poikkileikkaus 27&#215;27 mm<\/p>\n<p><img loading=\"lazy\" decoding=\"async\" class=\"alignnone wp-image-5261\" src=\"https:\/\/fedemark.ee\/wp-content\/uploads\/2017\/06\/Ikoonid_03.jpg\" alt=\"\" width=\"73\" height=\"74\" srcset=\"https:\/\/fedemark.ee\/wp-content\/uploads\/2017\/06\/Ikoonid_03.jpg 132w, https:\/\/fedemark.ee\/wp-content\/uploads\/2017\/06\/Ikoonid_03-100x100.jpg 100w\" sizes=\"(max-width: 73px) 100vw, 73px\" \/><img loading=\"lazy\" decoding=\"async\" class=\"alignnone wp-image-5353\" src=\"https:\/\/fedemark.ee\/wp-content\/uploads\/2017\/06\/Ikoonid_50.jpg\" alt=\"\" width=\"62\" height=\"73\" \/><\/p>\n","protected":false},"featured_media":8973,"comment_status":"open","ping_status":"closed","template":"","meta":{"footnotes":""},"product_cat":[211,171],"product_tag":[],"yoast_head":"<!-- This site is optimized with the Yoast SEO plugin v22.6 - https:\/\/yoast.com\/wordpress\/plugins\/seo\/ -->\n<title>U1 - Fedemark<\/title>\n<meta name=\"robots\" content=\"index, follow, max-snippet:-1, max-image-preview:large, max-video-preview:-1\" \/>\n<link rel=\"canonical\" href=\"https:\/\/fedemark.ee\/fi\/tuotteet\/tikkaat-harrastuskayttoon-ja-kevyisiin-toihin\/teleskooppitikkaat-fi\/u1\/\" \/>\n<meta property=\"og:locale\" content=\"fi_FI\" \/>\n<meta property=\"og:type\" content=\"article\" \/>\n<meta property=\"og:title\" content=\"U1 - Fedemark\" \/>\n<meta property=\"og:description\" content=\"Yksiosaiset tikkaat kotitaloudessa ja harrastuksissa k\u00e4ytett\u00e4viksi  Harrastusk\u00e4ytt\u00f6\u00f6n tarkoitetut vakiorakenteiset ja -osaiset alumiiniprofiilista valmistetut jatkettavat tikkaat.  Kevyet ja tukevat yksiosaiset tikkaat.  TEKNISET OMINAISUUDET \u2022 Puolien m\u00e4\u00e4r\u00e4: 8\u221216 \u2022 Osan leveys: 36 cm \u2022 Korkeus: 2,40\u22124,65 m  VAKIO-OSAT \u2022 Kokoamis- ja k\u00e4ytt\u00f6ohje \u2022 Laipalla varustettu puola 25 mm \u2022 Liukumaton kumijalka \u2022 Kantavuus 150 kg \u2022 Askelmien v\u00e4linen et\u00e4isyys 28 cm \u2022 Puolan poikkileikkaus 27x27 mm\" \/>\n<meta property=\"og:url\" content=\"https:\/\/fedemark.ee\/fi\/tuotteet\/tikkaat-harrastuskayttoon-ja-kevyisiin-toihin\/teleskooppitikkaat-fi\/u1\/\" \/>\n<meta property=\"og:site_name\" content=\"Fedemark\" \/>\n<meta property=\"article:modified_time\" content=\"2017-07-25T11:19:10+00:00\" \/>\n<meta property=\"og:image\" content=\"https:\/\/fedemark.ee\/wp-content\/uploads\/2017\/06\/U1-1.jpg\" \/>\n\t<meta property=\"og:image:width\" content=\"800\" \/>\n\t<meta property=\"og:image:height\" content=\"800\" \/>\n\t<meta property=\"og:image:type\" content=\"image\/jpeg\" \/>\n<meta name=\"twitter:card\" content=\"summary_large_image\" \/>\n<script type=\"application\/ld+json\" class=\"yoast-schema-graph\">{\"@context\":\"https:\/\/schema.org\",\"@graph\":[{\"@type\":\"WebPage\",\"@id\":\"https:\/\/fedemark.ee\/fi\/tuotteet\/tikkaat-harrastuskayttoon-ja-kevyisiin-toihin\/teleskooppitikkaat-fi\/u1\/\",\"url\":\"https:\/\/fedemark.ee\/fi\/tuotteet\/tikkaat-harrastuskayttoon-ja-kevyisiin-toihin\/teleskooppitikkaat-fi\/u1\/\",\"name\":\"U1 - Fedemark\",\"isPartOf\":{\"@id\":\"https:\/\/fedemark.ee\/#website\"},\"primaryImageOfPage\":{\"@id\":\"https:\/\/fedemark.ee\/fi\/tuotteet\/tikkaat-harrastuskayttoon-ja-kevyisiin-toihin\/teleskooppitikkaat-fi\/u1\/#primaryimage\"},\"image\":{\"@id\":\"https:\/\/fedemark.ee\/fi\/tuotteet\/tikkaat-harrastuskayttoon-ja-kevyisiin-toihin\/teleskooppitikkaat-fi\/u1\/#primaryimage\"},\"thumbnailUrl\":\"https:\/\/fedemark.ee\/wp-content\/uploads\/2017\/06\/U1-1.jpg\",\"datePublished\":\"2017-06-16T07:20:00+00:00\",\"dateModified\":\"2017-07-25T11:19:10+00:00\",\"breadcrumb\":{\"@id\":\"https:\/\/fedemark.ee\/fi\/tuotteet\/tikkaat-harrastuskayttoon-ja-kevyisiin-toihin\/teleskooppitikkaat-fi\/u1\/#breadcrumb\"},\"inLanguage\":\"fi-FI\",\"potentialAction\":[{\"@type\":\"ReadAction\",\"target\":[\"https:\/\/fedemark.ee\/fi\/tuotteet\/tikkaat-harrastuskayttoon-ja-kevyisiin-toihin\/teleskooppitikkaat-fi\/u1\/\"]}]},{\"@type\":\"ImageObject\",\"inLanguage\":\"fi-FI\",\"@id\":\"https:\/\/fedemark.ee\/fi\/tuotteet\/tikkaat-harrastuskayttoon-ja-kevyisiin-toihin\/teleskooppitikkaat-fi\/u1\/#primaryimage\",\"url\":\"https:\/\/fedemark.ee\/wp-content\/uploads\/2017\/06\/U1-1.jpg\",\"contentUrl\":\"https:\/\/fedemark.ee\/wp-content\/uploads\/2017\/06\/U1-1.jpg\",\"width\":800,\"height\":800},{\"@type\":\"BreadcrumbList\",\"@id\":\"https:\/\/fedemark.ee\/fi\/tuotteet\/tikkaat-harrastuskayttoon-ja-kevyisiin-toihin\/teleskooppitikkaat-fi\/u1\/#breadcrumb\",\"itemListElement\":[{\"@type\":\"ListItem\",\"position\":1,\"name\":\"Home\",\"item\":\"https:\/\/fedemark.ee\/fi\/\"},{\"@type\":\"ListItem\",\"position\":2,\"name\":\"Tuotteet\",\"item\":\"https:\/\/fedemark.ee\/fi\/tuotteet\/\"},{\"@type\":\"ListItem\",\"position\":3,\"name\":\"U1\"}]},{\"@type\":\"WebSite\",\"@id\":\"https:\/\/fedemark.ee\/#website\",\"url\":\"https:\/\/fedemark.ee\/\",\"name\":\"Fedemark\",\"description\":\"Redelid, Tellingud, T\u00f6\u00f6platvormid ja vahekorrused\",\"potentialAction\":[{\"@type\":\"SearchAction\",\"target\":{\"@type\":\"EntryPoint\",\"urlTemplate\":\"https:\/\/fedemark.ee\/?s={search_term_string}\"},\"query-input\":\"required name=search_term_string\"}],\"inLanguage\":\"fi-FI\"}]}<\/script>\n<!-- \/ Yoast SEO plugin. -->","yoast_head_json":{"title":"U1 - Fedemark","robots":{"index":"index","follow":"follow","max-snippet":"max-snippet:-1","max-image-preview":"max-image-preview:large","max-video-preview":"max-video-preview:-1"},"canonical":"https:\/\/fedemark.ee\/fi\/tuotteet\/tikkaat-harrastuskayttoon-ja-kevyisiin-toihin\/teleskooppitikkaat-fi\/u1\/","og_locale":"fi_FI","og_type":"article","og_title":"U1 - Fedemark","og_description":"Yksiosaiset tikkaat kotitaloudessa ja harrastuksissa k\u00e4ytett\u00e4viksi  Harrastusk\u00e4ytt\u00f6\u00f6n tarkoitetut vakiorakenteiset ja -osaiset alumiiniprofiilista valmistetut jatkettavat tikkaat.  Kevyet ja tukevat yksiosaiset tikkaat.  TEKNISET OMINAISUUDET \u2022 Puolien m\u00e4\u00e4r\u00e4: 8\u221216 \u2022 Osan leveys: 36 cm \u2022 Korkeus: 2,40\u22124,65 m  VAKIO-OSAT \u2022 Kokoamis- ja k\u00e4ytt\u00f6ohje \u2022 Laipalla varustettu puola 25 mm \u2022 Liukumaton kumijalka \u2022 Kantavuus 150 kg \u2022 Askelmien v\u00e4linen et\u00e4isyys 28 cm \u2022 Puolan poikkileikkaus 27x27 mm","og_url":"https:\/\/fedemark.ee\/fi\/tuotteet\/tikkaat-harrastuskayttoon-ja-kevyisiin-toihin\/teleskooppitikkaat-fi\/u1\/","og_site_name":"Fedemark","article_modified_time":"2017-07-25T11:19:10+00:00","og_image":[{"width":800,"height":800,"url":"https:\/\/fedemark.ee\/wp-content\/uploads\/2017\/06\/U1-1.jpg","type":"image\/jpeg"}],"twitter_card":"summary_large_image","schema":{"@context":"https:\/\/schema.org","@graph":[{"@type":"WebPage","@id":"https:\/\/fedemark.ee\/fi\/tuotteet\/tikkaat-harrastuskayttoon-ja-kevyisiin-toihin\/teleskooppitikkaat-fi\/u1\/","url":"https:\/\/fedemark.ee\/fi\/tuotteet\/tikkaat-harrastuskayttoon-ja-kevyisiin-toihin\/teleskooppitikkaat-fi\/u1\/","name":"U1 - Fedemark","isPartOf":{"@id":"https:\/\/fedemark.ee\/#website"},"primaryImageOfPage":{"@id":"https:\/\/fedemark.ee\/fi\/tuotteet\/tikkaat-harrastuskayttoon-ja-kevyisiin-toihin\/teleskooppitikkaat-fi\/u1\/#primaryimage"},"image":{"@id":"https:\/\/fedemark.ee\/fi\/tuotteet\/tikkaat-harrastuskayttoon-ja-kevyisiin-toihin\/teleskooppitikkaat-fi\/u1\/#primaryimage"},"thumbnailUrl":"https:\/\/fedemark.ee\/wp-content\/uploads\/2017\/06\/U1-1.jpg","datePublished":"2017-06-16T07:20:00+00:00","dateModified":"2017-07-25T11:19:10+00:00","breadcrumb":{"@id":"https:\/\/fedemark.ee\/fi\/tuotteet\/tikkaat-harrastuskayttoon-ja-kevyisiin-toihin\/teleskooppitikkaat-fi\/u1\/#breadcrumb"},"inLanguage":"fi-FI","potentialAction":[{"@type":"ReadAction","target":["https:\/\/fedemark.ee\/fi\/tuotteet\/tikkaat-harrastuskayttoon-ja-kevyisiin-toihin\/teleskooppitikkaat-fi\/u1\/"]}]},{"@type":"ImageObject","inLanguage":"fi-FI","@id":"https:\/\/fedemark.ee\/fi\/tuotteet\/tikkaat-harrastuskayttoon-ja-kevyisiin-toihin\/teleskooppitikkaat-fi\/u1\/#primaryimage","url":"https:\/\/fedemark.ee\/wp-content\/uploads\/2017\/06\/U1-1.jpg","contentUrl":"https:\/\/fedemark.ee\/wp-content\/uploads\/2017\/06\/U1-1.jpg","width":800,"height":800},{"@type":"BreadcrumbList","@id":"https:\/\/fedemark.ee\/fi\/tuotteet\/tikkaat-harrastuskayttoon-ja-kevyisiin-toihin\/teleskooppitikkaat-fi\/u1\/#breadcrumb","itemListElement":[{"@type":"ListItem","position":1,"name":"Home","item":"https:\/\/fedemark.ee\/fi\/"},{"@type":"ListItem","position":2,"name":"Tuotteet","item":"https:\/\/fedemark.ee\/fi\/tuotteet\/"},{"@type":"ListItem","position":3,"name":"U1"}]},{"@type":"WebSite","@id":"https:\/\/fedemark.ee\/#website","url":"https:\/\/fedemark.ee\/","name":"Fedemark","description":"Redelid, Tellingud, T\u00f6\u00f6platvormid ja vahekorrused","potentialAction":[{"@type":"SearchAction","target":{"@type":"EntryPoint","urlTemplate":"https:\/\/fedemark.ee\/?s={search_term_string}"},"query-input":"required name=search_term_string"}],"inLanguage":"fi-FI"}]}},"_links":{"self":[{"href":"https:\/\/fedemark.ee\/fi\/wp-json\/wp\/v2\/product\/7266"}],"collection":[{"href":"https:\/\/fedemark.ee\/fi\/wp-json\/wp\/v2\/product"}],"about":[{"href":"https:\/\/fedemark.ee\/fi\/wp-json\/wp\/v2\/types\/product"}],"replies":[{"embeddable":true,"href":"https:\/\/fedemark.ee\/fi\/wp-json\/wp\/v2\/comments?post=7266"}],"version-history":[{"count":0,"href":"https:\/\/fedemark.ee\/fi\/wp-json\/wp\/v2\/product\/7266\/revisions"}],"wp:featuredmedia":[{"embeddable":true,"href":"https:\/\/fedemark.ee\/fi\/wp-json\/wp\/v2\/media\/8973"}],"wp:attachment":[{"href":"https:\/\/fedemark.ee\/fi\/wp-json\/wp\/v2\/media?parent=7266"}],"wp:term":[{"taxonomy":"product_cat","embeddable":true,"href":"https:\/\/fedemark.ee\/fi\/wp-json\/wp\/v2\/product_cat?post=7266"},{"taxonomy":"product_tag","embeddable":true,"href":"https:\/\/fedemark.ee\/fi\/wp-json\/wp\/v2\/product_tag?post=7266"}],"curies":[{"name":"wp","href":"https:\/\/api.w.org\/{rel}","templated":true}]}}