{"id":7267,"date":"2017-06-16T07:21:11","date_gmt":"2017-06-16T07:21:11","guid":{"rendered":"https:\/\/sharks.ee\/fedemark\/shop\/uncategorized\/u2\/"},"modified":"2017-07-25T11:20:16","modified_gmt":"2017-07-25T11:20:16","slug":"u2","status":"publish","type":"product","link":"https:\/\/fedemark.ee\/fi\/tuotteet\/tikkaat-harrastuskayttoon-ja-kevyisiin-toihin\/teleskooppitikkaat-fi\/u2\/","title":{"rendered":"U2"},"content":{"rendered":"","protected":false},"excerpt":{"rendered":"<p><em>Kaksiosaiset auki ty\u00f6nnett\u00e4v\u00e4t porrastikkaat kotitalouksissa ja harrastuksissa k\u00e4ytett\u00e4viksi<\/em><\/p>\n<p>Harrastusk\u00e4ytt\u00f6\u00f6n tarkoitetut vakiorakenteiset- ja osaiset alumiiniprofiilista valmistetut jatkettavat tikkaat.<\/p>\n<p>Kaksiosaiset auki ty\u00f6nnett\u00e4v\u00e4t porrastikkaat.<\/p>\n<p>TEKNISET OMINAISUUDET<br \/>\n\u2022 Puolien m\u00e4\u00e4r\u00e4: 9\u221211<br \/>\n\u2022 Alaosan leveys 39,5 cm<br \/>\n\u2022 Yl\u00e4osan leveys 34 cm<br \/>\n\u2022 Porrastikkaiden korkeus: 2,42\u22123,77 m<br \/>\n\u2022 Korkeus jatkettuina: 4,27\u22126,83 m<\/p>\n<p>VAKIO-OSAT<br \/>\n\u2022 Alustan tukijalka<br \/>\n\u2022 Kiinte\u00e4t hihnat tikkaiden yll\u00e4tt\u00e4v\u00e4n avautumisen est\u00e4miseksi<br \/>\n\u2022 Laite yll\u00e4tt\u00e4v\u00e4n yl\u00f6sp\u00e4in liikkeen pys\u00e4ytt\u00e4miseen<br \/>\n\u2022 Liukumaton kumijalka<br \/>\n\u2022 Jatkamisten est\u00e4v\u00e4 laite, etteiv\u00e4t tikkaat liikkuisi turvallisuusrajan yli<br \/>\n\u2022 Kokoamis- ja k\u00e4ytt\u00f6ohje<br \/>\n\u2022 Laipallinen puola 25 mm<br \/>\n\u2022 Askelmien v\u00e4linen et\u00e4isyys 28 cm<br \/>\n\u2022 Avausj\u00e4rjestelm\u00e4 maalattua ter\u00e4st\u00e4<br \/>\n\u2022 Kantavuus 150 kg<br \/>\n\u2022 Puolan poikkileikkaus 27&#215;27 mm<\/p>\n<p><img loading=\"lazy\" decoding=\"async\" class=\"alignnone wp-image-5261\" src=\"https:\/\/fedemark.ee\/wp-content\/uploads\/2017\/06\/Ikoonid_03.jpg\" alt=\"\" width=\"72\" height=\"72\" srcset=\"https:\/\/fedemark.ee\/wp-content\/uploads\/2017\/06\/Ikoonid_03.jpg 132w, https:\/\/fedemark.ee\/wp-content\/uploads\/2017\/06\/Ikoonid_03-100x100.jpg 100w\" sizes=\"(max-width: 72px) 100vw, 72px\" \/><img loading=\"lazy\" decoding=\"async\" class=\"alignnone wp-image-5353\" src=\"https:\/\/fedemark.ee\/wp-content\/uploads\/2017\/06\/Ikoonid_50.jpg\" alt=\"\" width=\"64\" height=\"76\" \/><\/p>\n","protected":false},"featured_media":8977,"comment_status":"open","ping_status":"closed","template":"","meta":{"footnotes":""},"product_cat":[211,171],"product_tag":[],"yoast_head":"<!-- This site is optimized with the Yoast SEO plugin v22.6 - https:\/\/yoast.com\/wordpress\/plugins\/seo\/ -->\n<title>U2 - Fedemark<\/title>\n<meta name=\"robots\" content=\"index, follow, max-snippet:-1, max-image-preview:large, max-video-preview:-1\" \/>\n<link rel=\"canonical\" href=\"https:\/\/fedemark.ee\/fi\/tuotteet\/tikkaat-harrastuskayttoon-ja-kevyisiin-toihin\/teleskooppitikkaat-fi\/u2\/\" \/>\n<meta property=\"og:locale\" content=\"fi_FI\" \/>\n<meta property=\"og:type\" content=\"article\" \/>\n<meta property=\"og:title\" content=\"U2 - Fedemark\" \/>\n<meta property=\"og:description\" content=\"Kaksiosaiset auki ty\u00f6nnett\u00e4v\u00e4t porrastikkaat kotitalouksissa ja harrastuksissa k\u00e4ytett\u00e4viksi  Harrastusk\u00e4ytt\u00f6\u00f6n tarkoitetut vakiorakenteiset- ja osaiset alumiiniprofiilista valmistetut jatkettavat tikkaat.  Kaksiosaiset auki ty\u00f6nnett\u00e4v\u00e4t porrastikkaat.  TEKNISET OMINAISUUDET \u2022 Puolien m\u00e4\u00e4r\u00e4: 9\u221211 \u2022 Alaosan leveys 39,5 cm \u2022 Yl\u00e4osan leveys 34 cm \u2022 Porrastikkaiden korkeus: 2,42\u22123,77 m \u2022 Korkeus jatkettuina: 4,27\u22126,83 m  VAKIO-OSAT \u2022 Alustan tukijalka \u2022 Kiinte\u00e4t hihnat tikkaiden yll\u00e4tt\u00e4v\u00e4n avautumisen est\u00e4miseksi \u2022 Laite yll\u00e4tt\u00e4v\u00e4n yl\u00f6sp\u00e4in liikkeen pys\u00e4ytt\u00e4miseen \u2022 Liukumaton kumijalka \u2022 Jatkamisten est\u00e4v\u00e4 laite, etteiv\u00e4t tikkaat liikkuisi turvallisuusrajan yli \u2022 Kokoamis- ja k\u00e4ytt\u00f6ohje \u2022 Laipallinen puola 25 mm \u2022 Askelmien v\u00e4linen et\u00e4isyys 28 cm \u2022 Avausj\u00e4rjestelm\u00e4 maalattua ter\u00e4st\u00e4 \u2022 Kantavuus 150 kg \u2022 Puolan poikkileikkaus 27x27 mm\" \/>\n<meta property=\"og:url\" content=\"https:\/\/fedemark.ee\/fi\/tuotteet\/tikkaat-harrastuskayttoon-ja-kevyisiin-toihin\/teleskooppitikkaat-fi\/u2\/\" \/>\n<meta property=\"og:site_name\" content=\"Fedemark\" \/>\n<meta property=\"article:modified_time\" content=\"2017-07-25T11:20:16+00:00\" \/>\n<meta property=\"og:image\" content=\"https:\/\/fedemark.ee\/wp-content\/uploads\/2017\/06\/NUOVA-UNIVERSAL-2-elem-1.jpg\" \/>\n\t<meta property=\"og:image:width\" content=\"800\" \/>\n\t<meta property=\"og:image:height\" content=\"800\" \/>\n\t<meta property=\"og:image:type\" content=\"image\/jpeg\" \/>\n<meta name=\"twitter:card\" content=\"summary_large_image\" \/>\n<script type=\"application\/ld+json\" class=\"yoast-schema-graph\">{\"@context\":\"https:\/\/schema.org\",\"@graph\":[{\"@type\":\"WebPage\",\"@id\":\"https:\/\/fedemark.ee\/fi\/tuotteet\/tikkaat-harrastuskayttoon-ja-kevyisiin-toihin\/teleskooppitikkaat-fi\/u2\/\",\"url\":\"https:\/\/fedemark.ee\/fi\/tuotteet\/tikkaat-harrastuskayttoon-ja-kevyisiin-toihin\/teleskooppitikkaat-fi\/u2\/\",\"name\":\"U2 - Fedemark\",\"isPartOf\":{\"@id\":\"https:\/\/fedemark.ee\/#website\"},\"primaryImageOfPage\":{\"@id\":\"https:\/\/fedemark.ee\/fi\/tuotteet\/tikkaat-harrastuskayttoon-ja-kevyisiin-toihin\/teleskooppitikkaat-fi\/u2\/#primaryimage\"},\"image\":{\"@id\":\"https:\/\/fedemark.ee\/fi\/tuotteet\/tikkaat-harrastuskayttoon-ja-kevyisiin-toihin\/teleskooppitikkaat-fi\/u2\/#primaryimage\"},\"thumbnailUrl\":\"https:\/\/fedemark.ee\/wp-content\/uploads\/2017\/06\/NUOVA-UNIVERSAL-2-elem-1.jpg\",\"datePublished\":\"2017-06-16T07:21:11+00:00\",\"dateModified\":\"2017-07-25T11:20:16+00:00\",\"breadcrumb\":{\"@id\":\"https:\/\/fedemark.ee\/fi\/tuotteet\/tikkaat-harrastuskayttoon-ja-kevyisiin-toihin\/teleskooppitikkaat-fi\/u2\/#breadcrumb\"},\"inLanguage\":\"fi-FI\",\"potentialAction\":[{\"@type\":\"ReadAction\",\"target\":[\"https:\/\/fedemark.ee\/fi\/tuotteet\/tikkaat-harrastuskayttoon-ja-kevyisiin-toihin\/teleskooppitikkaat-fi\/u2\/\"]}]},{\"@type\":\"ImageObject\",\"inLanguage\":\"fi-FI\",\"@id\":\"https:\/\/fedemark.ee\/fi\/tuotteet\/tikkaat-harrastuskayttoon-ja-kevyisiin-toihin\/teleskooppitikkaat-fi\/u2\/#primaryimage\",\"url\":\"https:\/\/fedemark.ee\/wp-content\/uploads\/2017\/06\/NUOVA-UNIVERSAL-2-elem-1.jpg\",\"contentUrl\":\"https:\/\/fedemark.ee\/wp-content\/uploads\/2017\/06\/NUOVA-UNIVERSAL-2-elem-1.jpg\",\"width\":800,\"height\":800},{\"@type\":\"BreadcrumbList\",\"@id\":\"https:\/\/fedemark.ee\/fi\/tuotteet\/tikkaat-harrastuskayttoon-ja-kevyisiin-toihin\/teleskooppitikkaat-fi\/u2\/#breadcrumb\",\"itemListElement\":[{\"@type\":\"ListItem\",\"position\":1,\"name\":\"Home\",\"item\":\"https:\/\/fedemark.ee\/fi\/\"},{\"@type\":\"ListItem\",\"position\":2,\"name\":\"Tuotteet\",\"item\":\"https:\/\/fedemark.ee\/fi\/tuotteet\/\"},{\"@type\":\"ListItem\",\"position\":3,\"name\":\"U2\"}]},{\"@type\":\"WebSite\",\"@id\":\"https:\/\/fedemark.ee\/#website\",\"url\":\"https:\/\/fedemark.ee\/\",\"name\":\"Fedemark\",\"description\":\"Redelid, Tellingud, T\u00f6\u00f6platvormid ja vahekorrused\",\"potentialAction\":[{\"@type\":\"SearchAction\",\"target\":{\"@type\":\"EntryPoint\",\"urlTemplate\":\"https:\/\/fedemark.ee\/?s={search_term_string}\"},\"query-input\":\"required name=search_term_string\"}],\"inLanguage\":\"fi-FI\"}]}<\/script>\n<!-- \/ Yoast SEO plugin. -->","yoast_head_json":{"title":"U2 - Fedemark","robots":{"index":"index","follow":"follow","max-snippet":"max-snippet:-1","max-image-preview":"max-image-preview:large","max-video-preview":"max-video-preview:-1"},"canonical":"https:\/\/fedemark.ee\/fi\/tuotteet\/tikkaat-harrastuskayttoon-ja-kevyisiin-toihin\/teleskooppitikkaat-fi\/u2\/","og_locale":"fi_FI","og_type":"article","og_title":"U2 - Fedemark","og_description":"Kaksiosaiset auki ty\u00f6nnett\u00e4v\u00e4t porrastikkaat kotitalouksissa ja harrastuksissa k\u00e4ytett\u00e4viksi  Harrastusk\u00e4ytt\u00f6\u00f6n tarkoitetut vakiorakenteiset- ja osaiset alumiiniprofiilista valmistetut jatkettavat tikkaat.  Kaksiosaiset auki ty\u00f6nnett\u00e4v\u00e4t porrastikkaat.  TEKNISET OMINAISUUDET \u2022 Puolien m\u00e4\u00e4r\u00e4: 9\u221211 \u2022 Alaosan leveys 39,5 cm \u2022 Yl\u00e4osan leveys 34 cm \u2022 Porrastikkaiden korkeus: 2,42\u22123,77 m \u2022 Korkeus jatkettuina: 4,27\u22126,83 m  VAKIO-OSAT \u2022 Alustan tukijalka \u2022 Kiinte\u00e4t hihnat tikkaiden yll\u00e4tt\u00e4v\u00e4n avautumisen est\u00e4miseksi \u2022 Laite yll\u00e4tt\u00e4v\u00e4n yl\u00f6sp\u00e4in liikkeen pys\u00e4ytt\u00e4miseen \u2022 Liukumaton kumijalka \u2022 Jatkamisten est\u00e4v\u00e4 laite, etteiv\u00e4t tikkaat liikkuisi turvallisuusrajan yli \u2022 Kokoamis- ja k\u00e4ytt\u00f6ohje \u2022 Laipallinen puola 25 mm \u2022 Askelmien v\u00e4linen et\u00e4isyys 28 cm \u2022 Avausj\u00e4rjestelm\u00e4 maalattua ter\u00e4st\u00e4 \u2022 Kantavuus 150 kg \u2022 Puolan poikkileikkaus 27x27 mm","og_url":"https:\/\/fedemark.ee\/fi\/tuotteet\/tikkaat-harrastuskayttoon-ja-kevyisiin-toihin\/teleskooppitikkaat-fi\/u2\/","og_site_name":"Fedemark","article_modified_time":"2017-07-25T11:20:16+00:00","og_image":[{"width":800,"height":800,"url":"https:\/\/fedemark.ee\/wp-content\/uploads\/2017\/06\/NUOVA-UNIVERSAL-2-elem-1.jpg","type":"image\/jpeg"}],"twitter_card":"summary_large_image","schema":{"@context":"https:\/\/schema.org","@graph":[{"@type":"WebPage","@id":"https:\/\/fedemark.ee\/fi\/tuotteet\/tikkaat-harrastuskayttoon-ja-kevyisiin-toihin\/teleskooppitikkaat-fi\/u2\/","url":"https:\/\/fedemark.ee\/fi\/tuotteet\/tikkaat-harrastuskayttoon-ja-kevyisiin-toihin\/teleskooppitikkaat-fi\/u2\/","name":"U2 - Fedemark","isPartOf":{"@id":"https:\/\/fedemark.ee\/#website"},"primaryImageOfPage":{"@id":"https:\/\/fedemark.ee\/fi\/tuotteet\/tikkaat-harrastuskayttoon-ja-kevyisiin-toihin\/teleskooppitikkaat-fi\/u2\/#primaryimage"},"image":{"@id":"https:\/\/fedemark.ee\/fi\/tuotteet\/tikkaat-harrastuskayttoon-ja-kevyisiin-toihin\/teleskooppitikkaat-fi\/u2\/#primaryimage"},"thumbnailUrl":"https:\/\/fedemark.ee\/wp-content\/uploads\/2017\/06\/NUOVA-UNIVERSAL-2-elem-1.jpg","datePublished":"2017-06-16T07:21:11+00:00","dateModified":"2017-07-25T11:20:16+00:00","breadcrumb":{"@id":"https:\/\/fedemark.ee\/fi\/tuotteet\/tikkaat-harrastuskayttoon-ja-kevyisiin-toihin\/teleskooppitikkaat-fi\/u2\/#breadcrumb"},"inLanguage":"fi-FI","potentialAction":[{"@type":"ReadAction","target":["https:\/\/fedemark.ee\/fi\/tuotteet\/tikkaat-harrastuskayttoon-ja-kevyisiin-toihin\/teleskooppitikkaat-fi\/u2\/"]}]},{"@type":"ImageObject","inLanguage":"fi-FI","@id":"https:\/\/fedemark.ee\/fi\/tuotteet\/tikkaat-harrastuskayttoon-ja-kevyisiin-toihin\/teleskooppitikkaat-fi\/u2\/#primaryimage","url":"https:\/\/fedemark.ee\/wp-content\/uploads\/2017\/06\/NUOVA-UNIVERSAL-2-elem-1.jpg","contentUrl":"https:\/\/fedemark.ee\/wp-content\/uploads\/2017\/06\/NUOVA-UNIVERSAL-2-elem-1.jpg","width":800,"height":800},{"@type":"BreadcrumbList","@id":"https:\/\/fedemark.ee\/fi\/tuotteet\/tikkaat-harrastuskayttoon-ja-kevyisiin-toihin\/teleskooppitikkaat-fi\/u2\/#breadcrumb","itemListElement":[{"@type":"ListItem","position":1,"name":"Home","item":"https:\/\/fedemark.ee\/fi\/"},{"@type":"ListItem","position":2,"name":"Tuotteet","item":"https:\/\/fedemark.ee\/fi\/tuotteet\/"},{"@type":"ListItem","position":3,"name":"U2"}]},{"@type":"WebSite","@id":"https:\/\/fedemark.ee\/#website","url":"https:\/\/fedemark.ee\/","name":"Fedemark","description":"Redelid, Tellingud, T\u00f6\u00f6platvormid ja vahekorrused","potentialAction":[{"@type":"SearchAction","target":{"@type":"EntryPoint","urlTemplate":"https:\/\/fedemark.ee\/?s={search_term_string}"},"query-input":"required name=search_term_string"}],"inLanguage":"fi-FI"}]}},"_links":{"self":[{"href":"https:\/\/fedemark.ee\/fi\/wp-json\/wp\/v2\/product\/7267"}],"collection":[{"href":"https:\/\/fedemark.ee\/fi\/wp-json\/wp\/v2\/product"}],"about":[{"href":"https:\/\/fedemark.ee\/fi\/wp-json\/wp\/v2\/types\/product"}],"replies":[{"embeddable":true,"href":"https:\/\/fedemark.ee\/fi\/wp-json\/wp\/v2\/comments?post=7267"}],"version-history":[{"count":0,"href":"https:\/\/fedemark.ee\/fi\/wp-json\/wp\/v2\/product\/7267\/revisions"}],"wp:featuredmedia":[{"embeddable":true,"href":"https:\/\/fedemark.ee\/fi\/wp-json\/wp\/v2\/media\/8977"}],"wp:attachment":[{"href":"https:\/\/fedemark.ee\/fi\/wp-json\/wp\/v2\/media?parent=7267"}],"wp:term":[{"taxonomy":"product_cat","embeddable":true,"href":"https:\/\/fedemark.ee\/fi\/wp-json\/wp\/v2\/product_cat?post=7267"},{"taxonomy":"product_tag","embeddable":true,"href":"https:\/\/fedemark.ee\/fi\/wp-json\/wp\/v2\/product_tag?post=7267"}],"curies":[{"name":"wp","href":"https:\/\/api.w.org\/{rel}","templated":true}]}}