{"id":7269,"date":"2017-06-16T07:33:08","date_gmt":"2017-06-16T07:33:08","guid":{"rendered":"https:\/\/sharks.ee\/fedemark\/shop\/uncategorized\/marea-light\/"},"modified":"2017-07-25T11:22:38","modified_gmt":"2017-07-25T11:22:38","slug":"marea-light","status":"publish","type":"product","link":"https:\/\/fedemark.ee\/fi\/tuotteet\/tikkaat-harrastuskayttoon-ja-kevyisiin-toihin\/tasotikkaat-fi\/marea-light\/","title":{"rendered":"Marea Light"},"content":{"rendered":"","protected":false},"excerpt":{"rendered":"<p><em>Alumiiniset yksipuoliset porrastikkaat<\/em><\/p>\n<p>Tasolla ja suojakaiteella varustetut alumiiniset porrastikkaat. Sopivat k\u00e4ytett\u00e4viksi kotona ja harrastuksissa.<br \/>\nTikkaat on valmistettu eritt\u00e4in kest\u00e4v\u00e4st\u00e4 puristetusta alumiiniseoksesta. Puristetut neliskulmaiset (50&#215;25 mm) alumiinikehykset ovat ergonomiset ja niist\u00e4 on hyv\u00e4 pit\u00e4\u00e4 kiinni.<\/p>\n<p>Leve\u00e4 muhkurainen ja vahvistettu polypropeenista valmistettu taso kiinnittyy nailonisen turvakoukun avulla k\u00e4ytett\u00e4ess\u00e4 itse.<br \/>\nVakiov\u00e4ri on punainen, mutta koko kuorman tilatessanne voitte valita 4 muusta v\u00e4rist\u00e4: vihre\u00e4, oranssi, vaaleanpunainen ja sininen.<\/p>\n<p>TEKNISET OMINAISUUDET<br \/>\n\u2022 Kehyksen profiili 50&#215;25 mm<br \/>\n\u2022 Taaemman kehyksen profiili 40&#215;20 mm<br \/>\n\u2022 Tason mitat 30&#215;26 cm<br \/>\n\u2022 Suojakaiteiden korkeus 60 cm<br \/>\n\u2022 Askelmien v\u00e4linen et\u00e4isyys 25 cm<br \/>\n\u2022 Paksuus kiinni olevana 14 cm<br \/>\n\u2022 Liukumattomat jalat 8 cm<br \/>\n\u2022 Puolien m\u00e4\u00e4r\u00e4: 3\u22128<br \/>\n\u2022 Tason korkeus: 0,66\u22121,82 m<\/p>\n<p>VAKIO-OSAT<br \/>\n\u2022 Saatavana ty\u00f6kalulaatikolla ja sangon koukulla varustettuna<br \/>\n\u2022 Saatavana k\u00e4densijalla tikkailla kiipeilyn helpottamiseksi<br \/>\n\u2022 Vahvistettu liukumaton kumialusta<br \/>\n\u2022 Avautumisen est\u00e4v\u00e4t nailonhihnat<br \/>\n\u2022 2, 3 tai 4 pient\u00e4 lis\u00e4vahviketta taakse (tikkaiden mittojen mukaisesti)<br \/>\n\u2022 Kyltti ja kokoamis- ja k\u00e4ytt\u00f6ohje<br \/>\n\u2022 L\u00e4mp\u00f6kutistuva muovipakkaus kuvineen<\/p>\n<p class=\"Standard\" style=\"margin-bottom: 15.0pt;\">\u00a0<img loading=\"lazy\" decoding=\"async\" class=\"alignnone wp-image-5253\" src=\"https:\/\/fedemark.ee\/wp-content\/uploads\/2017\/06\/Ikoonid_29.jpg\" alt=\"\" width=\"80\" height=\"75\" \/><img loading=\"lazy\" decoding=\"async\" class=\"alignnone wp-image-5257\" src=\"https:\/\/fedemark.ee\/wp-content\/uploads\/2017\/06\/Ikoonid_03-Copy.jpg\" alt=\"\" width=\"73\" height=\"74\" srcset=\"https:\/\/fedemark.ee\/wp-content\/uploads\/2017\/06\/Ikoonid_03-Copy.jpg 132w, https:\/\/fedemark.ee\/wp-content\/uploads\/2017\/06\/Ikoonid_03-Copy-100x100.jpg 100w\" sizes=\"(max-width: 73px) 100vw, 73px\" \/><img loading=\"lazy\" decoding=\"async\" class=\"alignnone wp-image-5353\" src=\"https:\/\/fedemark.ee\/wp-content\/uploads\/2017\/06\/Ikoonid_50.jpg\" alt=\"\" width=\"67\" height=\"80\" \/><img loading=\"lazy\" decoding=\"async\" class=\"alignnone wp-image-5337\" src=\"https:\/\/fedemark.ee\/wp-content\/uploads\/2017\/06\/Ikoonid_38-Copy.jpg\" alt=\"\" width=\"87\" height=\"83\" \/><\/p>\n","protected":false},"featured_media":10222,"comment_status":"open","ping_status":"closed","template":"","meta":{"footnotes":""},"product_cat":[208,171],"product_tag":[],"yoast_head":"<!-- This site is optimized with the Yoast SEO plugin v22.6 - https:\/\/yoast.com\/wordpress\/plugins\/seo\/ -->\n<title>Marea Light - Fedemark<\/title>\n<meta name=\"robots\" content=\"index, follow, max-snippet:-1, max-image-preview:large, max-video-preview:-1\" \/>\n<link rel=\"canonical\" href=\"https:\/\/fedemark.ee\/fi\/tuotteet\/tikkaat-harrastuskayttoon-ja-kevyisiin-toihin\/tasotikkaat-fi\/marea-light\/\" \/>\n<meta property=\"og:locale\" content=\"fi_FI\" \/>\n<meta property=\"og:type\" content=\"article\" \/>\n<meta property=\"og:title\" content=\"Marea Light - Fedemark\" \/>\n<meta property=\"og:description\" content=\"Alumiiniset yksipuoliset porrastikkaat  Tasolla ja suojakaiteella varustetut alumiiniset porrastikkaat. Sopivat k\u00e4ytett\u00e4viksi kotona ja harrastuksissa. Tikkaat on valmistettu eritt\u00e4in kest\u00e4v\u00e4st\u00e4 puristetusta alumiiniseoksesta. Puristetut neliskulmaiset (50x25 mm) alumiinikehykset ovat ergonomiset ja niist\u00e4 on hyv\u00e4 pit\u00e4\u00e4 kiinni.  Leve\u00e4 muhkurainen ja vahvistettu polypropeenista valmistettu taso kiinnittyy nailonisen turvakoukun avulla k\u00e4ytett\u00e4ess\u00e4 itse. Vakiov\u00e4ri on punainen, mutta koko kuorman tilatessanne voitte valita 4 muusta v\u00e4rist\u00e4: vihre\u00e4, oranssi, vaaleanpunainen ja sininen.  TEKNISET OMINAISUUDET \u2022 Kehyksen profiili 50x25 mm \u2022 Taaemman kehyksen profiili 40x20 mm \u2022 Tason mitat 30x26 cm \u2022 Suojakaiteiden korkeus 60 cm \u2022 Askelmien v\u00e4linen et\u00e4isyys 25 cm \u2022 Paksuus kiinni olevana 14 cm \u2022 Liukumattomat jalat 8 cm \u2022 Puolien m\u00e4\u00e4r\u00e4: 3\u22128 \u2022 Tason korkeus: 0,66\u22121,82 m  VAKIO-OSAT \u2022 Saatavana ty\u00f6kalulaatikolla ja sangon koukulla varustettuna \u2022 Saatavana k\u00e4densijalla tikkailla kiipeilyn helpottamiseksi \u2022 Vahvistettu liukumaton kumialusta \u2022 Avautumisen est\u00e4v\u00e4t nailonhihnat \u2022 2, 3 tai 4 pient\u00e4 lis\u00e4vahviketta taakse (tikkaiden mittojen mukaisesti) \u2022 Kyltti ja kokoamis- ja k\u00e4ytt\u00f6ohje \u2022 L\u00e4mp\u00f6kutistuva muovipakkaus kuvineen \u00a0\" \/>\n<meta property=\"og:url\" content=\"https:\/\/fedemark.ee\/fi\/tuotteet\/tikkaat-harrastuskayttoon-ja-kevyisiin-toihin\/tasotikkaat-fi\/marea-light\/\" \/>\n<meta property=\"og:site_name\" content=\"Fedemark\" \/>\n<meta property=\"article:modified_time\" content=\"2017-07-25T11:22:38+00:00\" \/>\n<meta property=\"og:image\" content=\"https:\/\/fedemark.ee\/wp-content\/uploads\/2017\/06\/Marea-Light-1.jpg\" \/>\n\t<meta property=\"og:image:width\" content=\"730\" \/>\n\t<meta property=\"og:image:height\" content=\"796\" \/>\n\t<meta property=\"og:image:type\" content=\"image\/jpeg\" \/>\n<meta name=\"twitter:card\" content=\"summary_large_image\" \/>\n<script type=\"application\/ld+json\" class=\"yoast-schema-graph\">{\"@context\":\"https:\/\/schema.org\",\"@graph\":[{\"@type\":\"WebPage\",\"@id\":\"https:\/\/fedemark.ee\/fi\/tuotteet\/tikkaat-harrastuskayttoon-ja-kevyisiin-toihin\/tasotikkaat-fi\/marea-light\/\",\"url\":\"https:\/\/fedemark.ee\/fi\/tuotteet\/tikkaat-harrastuskayttoon-ja-kevyisiin-toihin\/tasotikkaat-fi\/marea-light\/\",\"name\":\"Marea Light - Fedemark\",\"isPartOf\":{\"@id\":\"https:\/\/fedemark.ee\/#website\"},\"primaryImageOfPage\":{\"@id\":\"https:\/\/fedemark.ee\/fi\/tuotteet\/tikkaat-harrastuskayttoon-ja-kevyisiin-toihin\/tasotikkaat-fi\/marea-light\/#primaryimage\"},\"image\":{\"@id\":\"https:\/\/fedemark.ee\/fi\/tuotteet\/tikkaat-harrastuskayttoon-ja-kevyisiin-toihin\/tasotikkaat-fi\/marea-light\/#primaryimage\"},\"thumbnailUrl\":\"https:\/\/fedemark.ee\/wp-content\/uploads\/2017\/06\/Marea-Light-1.jpg\",\"datePublished\":\"2017-06-16T07:33:08+00:00\",\"dateModified\":\"2017-07-25T11:22:38+00:00\",\"breadcrumb\":{\"@id\":\"https:\/\/fedemark.ee\/fi\/tuotteet\/tikkaat-harrastuskayttoon-ja-kevyisiin-toihin\/tasotikkaat-fi\/marea-light\/#breadcrumb\"},\"inLanguage\":\"fi-FI\",\"potentialAction\":[{\"@type\":\"ReadAction\",\"target\":[\"https:\/\/fedemark.ee\/fi\/tuotteet\/tikkaat-harrastuskayttoon-ja-kevyisiin-toihin\/tasotikkaat-fi\/marea-light\/\"]}]},{\"@type\":\"ImageObject\",\"inLanguage\":\"fi-FI\",\"@id\":\"https:\/\/fedemark.ee\/fi\/tuotteet\/tikkaat-harrastuskayttoon-ja-kevyisiin-toihin\/tasotikkaat-fi\/marea-light\/#primaryimage\",\"url\":\"https:\/\/fedemark.ee\/wp-content\/uploads\/2017\/06\/Marea-Light-1.jpg\",\"contentUrl\":\"https:\/\/fedemark.ee\/wp-content\/uploads\/2017\/06\/Marea-Light-1.jpg\",\"width\":730,\"height\":796},{\"@type\":\"BreadcrumbList\",\"@id\":\"https:\/\/fedemark.ee\/fi\/tuotteet\/tikkaat-harrastuskayttoon-ja-kevyisiin-toihin\/tasotikkaat-fi\/marea-light\/#breadcrumb\",\"itemListElement\":[{\"@type\":\"ListItem\",\"position\":1,\"name\":\"Home\",\"item\":\"https:\/\/fedemark.ee\/fi\/\"},{\"@type\":\"ListItem\",\"position\":2,\"name\":\"Tuotteet\",\"item\":\"https:\/\/fedemark.ee\/fi\/tuotteet\/\"},{\"@type\":\"ListItem\",\"position\":3,\"name\":\"Marea Light\"}]},{\"@type\":\"WebSite\",\"@id\":\"https:\/\/fedemark.ee\/#website\",\"url\":\"https:\/\/fedemark.ee\/\",\"name\":\"Fedemark\",\"description\":\"Redelid, Tellingud, T\u00f6\u00f6platvormid ja vahekorrused\",\"potentialAction\":[{\"@type\":\"SearchAction\",\"target\":{\"@type\":\"EntryPoint\",\"urlTemplate\":\"https:\/\/fedemark.ee\/?s={search_term_string}\"},\"query-input\":\"required name=search_term_string\"}],\"inLanguage\":\"fi-FI\"}]}<\/script>\n<!-- \/ Yoast SEO plugin. -->","yoast_head_json":{"title":"Marea Light - Fedemark","robots":{"index":"index","follow":"follow","max-snippet":"max-snippet:-1","max-image-preview":"max-image-preview:large","max-video-preview":"max-video-preview:-1"},"canonical":"https:\/\/fedemark.ee\/fi\/tuotteet\/tikkaat-harrastuskayttoon-ja-kevyisiin-toihin\/tasotikkaat-fi\/marea-light\/","og_locale":"fi_FI","og_type":"article","og_title":"Marea Light - Fedemark","og_description":"Alumiiniset yksipuoliset porrastikkaat  Tasolla ja suojakaiteella varustetut alumiiniset porrastikkaat. Sopivat k\u00e4ytett\u00e4viksi kotona ja harrastuksissa. Tikkaat on valmistettu eritt\u00e4in kest\u00e4v\u00e4st\u00e4 puristetusta alumiiniseoksesta. Puristetut neliskulmaiset (50x25 mm) alumiinikehykset ovat ergonomiset ja niist\u00e4 on hyv\u00e4 pit\u00e4\u00e4 kiinni.  Leve\u00e4 muhkurainen ja vahvistettu polypropeenista valmistettu taso kiinnittyy nailonisen turvakoukun avulla k\u00e4ytett\u00e4ess\u00e4 itse. Vakiov\u00e4ri on punainen, mutta koko kuorman tilatessanne voitte valita 4 muusta v\u00e4rist\u00e4: vihre\u00e4, oranssi, vaaleanpunainen ja sininen.  TEKNISET OMINAISUUDET \u2022 Kehyksen profiili 50x25 mm \u2022 Taaemman kehyksen profiili 40x20 mm \u2022 Tason mitat 30x26 cm \u2022 Suojakaiteiden korkeus 60 cm \u2022 Askelmien v\u00e4linen et\u00e4isyys 25 cm \u2022 Paksuus kiinni olevana 14 cm \u2022 Liukumattomat jalat 8 cm \u2022 Puolien m\u00e4\u00e4r\u00e4: 3\u22128 \u2022 Tason korkeus: 0,66\u22121,82 m  VAKIO-OSAT \u2022 Saatavana ty\u00f6kalulaatikolla ja sangon koukulla varustettuna \u2022 Saatavana k\u00e4densijalla tikkailla kiipeilyn helpottamiseksi \u2022 Vahvistettu liukumaton kumialusta \u2022 Avautumisen est\u00e4v\u00e4t nailonhihnat \u2022 2, 3 tai 4 pient\u00e4 lis\u00e4vahviketta taakse (tikkaiden mittojen mukaisesti) \u2022 Kyltti ja kokoamis- ja k\u00e4ytt\u00f6ohje \u2022 L\u00e4mp\u00f6kutistuva muovipakkaus kuvineen \u00a0","og_url":"https:\/\/fedemark.ee\/fi\/tuotteet\/tikkaat-harrastuskayttoon-ja-kevyisiin-toihin\/tasotikkaat-fi\/marea-light\/","og_site_name":"Fedemark","article_modified_time":"2017-07-25T11:22:38+00:00","og_image":[{"width":730,"height":796,"url":"https:\/\/fedemark.ee\/wp-content\/uploads\/2017\/06\/Marea-Light-1.jpg","type":"image\/jpeg"}],"twitter_card":"summary_large_image","schema":{"@context":"https:\/\/schema.org","@graph":[{"@type":"WebPage","@id":"https:\/\/fedemark.ee\/fi\/tuotteet\/tikkaat-harrastuskayttoon-ja-kevyisiin-toihin\/tasotikkaat-fi\/marea-light\/","url":"https:\/\/fedemark.ee\/fi\/tuotteet\/tikkaat-harrastuskayttoon-ja-kevyisiin-toihin\/tasotikkaat-fi\/marea-light\/","name":"Marea Light - Fedemark","isPartOf":{"@id":"https:\/\/fedemark.ee\/#website"},"primaryImageOfPage":{"@id":"https:\/\/fedemark.ee\/fi\/tuotteet\/tikkaat-harrastuskayttoon-ja-kevyisiin-toihin\/tasotikkaat-fi\/marea-light\/#primaryimage"},"image":{"@id":"https:\/\/fedemark.ee\/fi\/tuotteet\/tikkaat-harrastuskayttoon-ja-kevyisiin-toihin\/tasotikkaat-fi\/marea-light\/#primaryimage"},"thumbnailUrl":"https:\/\/fedemark.ee\/wp-content\/uploads\/2017\/06\/Marea-Light-1.jpg","datePublished":"2017-06-16T07:33:08+00:00","dateModified":"2017-07-25T11:22:38+00:00","breadcrumb":{"@id":"https:\/\/fedemark.ee\/fi\/tuotteet\/tikkaat-harrastuskayttoon-ja-kevyisiin-toihin\/tasotikkaat-fi\/marea-light\/#breadcrumb"},"inLanguage":"fi-FI","potentialAction":[{"@type":"ReadAction","target":["https:\/\/fedemark.ee\/fi\/tuotteet\/tikkaat-harrastuskayttoon-ja-kevyisiin-toihin\/tasotikkaat-fi\/marea-light\/"]}]},{"@type":"ImageObject","inLanguage":"fi-FI","@id":"https:\/\/fedemark.ee\/fi\/tuotteet\/tikkaat-harrastuskayttoon-ja-kevyisiin-toihin\/tasotikkaat-fi\/marea-light\/#primaryimage","url":"https:\/\/fedemark.ee\/wp-content\/uploads\/2017\/06\/Marea-Light-1.jpg","contentUrl":"https:\/\/fedemark.ee\/wp-content\/uploads\/2017\/06\/Marea-Light-1.jpg","width":730,"height":796},{"@type":"BreadcrumbList","@id":"https:\/\/fedemark.ee\/fi\/tuotteet\/tikkaat-harrastuskayttoon-ja-kevyisiin-toihin\/tasotikkaat-fi\/marea-light\/#breadcrumb","itemListElement":[{"@type":"ListItem","position":1,"name":"Home","item":"https:\/\/fedemark.ee\/fi\/"},{"@type":"ListItem","position":2,"name":"Tuotteet","item":"https:\/\/fedemark.ee\/fi\/tuotteet\/"},{"@type":"ListItem","position":3,"name":"Marea Light"}]},{"@type":"WebSite","@id":"https:\/\/fedemark.ee\/#website","url":"https:\/\/fedemark.ee\/","name":"Fedemark","description":"Redelid, Tellingud, T\u00f6\u00f6platvormid ja vahekorrused","potentialAction":[{"@type":"SearchAction","target":{"@type":"EntryPoint","urlTemplate":"https:\/\/fedemark.ee\/?s={search_term_string}"},"query-input":"required name=search_term_string"}],"inLanguage":"fi-FI"}]}},"_links":{"self":[{"href":"https:\/\/fedemark.ee\/fi\/wp-json\/wp\/v2\/product\/7269"}],"collection":[{"href":"https:\/\/fedemark.ee\/fi\/wp-json\/wp\/v2\/product"}],"about":[{"href":"https:\/\/fedemark.ee\/fi\/wp-json\/wp\/v2\/types\/product"}],"replies":[{"embeddable":true,"href":"https:\/\/fedemark.ee\/fi\/wp-json\/wp\/v2\/comments?post=7269"}],"version-history":[{"count":0,"href":"https:\/\/fedemark.ee\/fi\/wp-json\/wp\/v2\/product\/7269\/revisions"}],"wp:featuredmedia":[{"embeddable":true,"href":"https:\/\/fedemark.ee\/fi\/wp-json\/wp\/v2\/media\/10222"}],"wp:attachment":[{"href":"https:\/\/fedemark.ee\/fi\/wp-json\/wp\/v2\/media?parent=7269"}],"wp:term":[{"taxonomy":"product_cat","embeddable":true,"href":"https:\/\/fedemark.ee\/fi\/wp-json\/wp\/v2\/product_cat?post=7269"},{"taxonomy":"product_tag","embeddable":true,"href":"https:\/\/fedemark.ee\/fi\/wp-json\/wp\/v2\/product_tag?post=7269"}],"curies":[{"name":"wp","href":"https:\/\/api.w.org\/{rel}","templated":true}]}}