{"id":7270,"date":"2017-06-16T07:53:05","date_gmt":"2017-06-16T07:53:05","guid":{"rendered":"https:\/\/sharks.ee\/fedemark\/shop\/uncategorized\/quick\/"},"modified":"2017-07-25T11:23:39","modified_gmt":"2017-07-25T11:23:39","slug":"quick","status":"publish","type":"product","link":"https:\/\/fedemark.ee\/fi\/tuotteet\/tikkaat-harrastuskayttoon-ja-kevyisiin-toihin\/tasotikkaat-fi\/quick\/","title":{"rendered":"Quick"},"content":{"rendered":"","protected":false},"excerpt":{"rendered":"<p><em>Vahvistetulla tasolla ja suojakaiteella varustetut porrastikkaat<\/em><\/p>\n<p>Vahvistetulla tasolla varustetut yksipuoliset porrastikkaat, jotta enimm\u00e4iskorkeudella ty\u00f6skentely olisi mukavaa ja turvallista.<br \/>\nKoska tikkaat ovat kiipeilyn helpottamiseksi varustetut suojakaiteella ja ergonomisilla k\u00e4densijoilla, ne sopivat ihanteellisesti kotona naishenkil\u00f6iden ja vanhempien henkil\u00f6iden k\u00e4ytt\u00f6\u00f6n. Porrastikkaita voi k\u00e4ytt\u00e4\u00e4 my\u00f6s helpompiin ammattit\u00f6ihin toimistoissa, ty\u00f6pajoissa tai varastorakennuksissa.<\/p>\n<p>TEKNISET OMINAISUUDET<br \/>\nAskelmien m\u00e4\u00e4r\u00e4: 3 (sis\u00e4lt\u00e4\u00e4 tason)<br \/>\nTason enimm\u00e4iskorkeus: 66 cm<br \/>\nKokonaiskorkeus: 146 cm<br \/>\nEnimm\u00e4isty\u00f6korkeus: 270 cm<br \/>\nLeve\u00e4 kiipeilyala: leveys 40 cm<br \/>\nLiukumattomasta polypropeenista valmistettu, vahvistettu ty\u00f6taso: mitat 40&#215;50 cm<br \/>\nSivun varvaslauta: 2 cm<br \/>\nSuojakaide ja ergonomiset k\u00e4densijat: korkeus 80 cm<br \/>\nLatteat liukumattomat askelmat: 8 cm<br \/>\nAskelmien v\u00e4linen et\u00e4isyys: 22 cm<br \/>\nLuiskan profiili: mm 40&#215;20<br \/>\nTaaempi profiili: mm 33&#215;20<br \/>\nPaino: 6 kg<br \/>\nMitat kokoon taitettuna: 167x52x15 cm<br \/>\nPakkaus: pahvilaatikko 168x55x15,5 cm<\/p>\n<p>VAKIO-OSAT<br \/>\nErgonominen k\u00e4densija ty\u00f6tasossa avaamisen ja sulkemisen helpottamiseen<br \/>\nPVC:st\u00e4 valmistetut liukumattomat jalat<br \/>\nNiitatut askelmat<\/p>\n<p class=\"Standard\">\u00a0<img loading=\"lazy\" decoding=\"async\" class=\"alignnone wp-image-5253\" src=\"https:\/\/fedemark.ee\/wp-content\/uploads\/2017\/06\/Ikoonid_29.jpg\" alt=\"\" width=\"78\" height=\"73\" \/><img loading=\"lazy\" decoding=\"async\" class=\"alignnone wp-image-5257\" src=\"https:\/\/fedemark.ee\/wp-content\/uploads\/2017\/06\/Ikoonid_03-Copy.jpg\" alt=\"\" width=\"68\" height=\"69\" srcset=\"https:\/\/fedemark.ee\/wp-content\/uploads\/2017\/06\/Ikoonid_03-Copy.jpg 132w, https:\/\/fedemark.ee\/wp-content\/uploads\/2017\/06\/Ikoonid_03-Copy-100x100.jpg 100w\" sizes=\"(max-width: 68px) 100vw, 68px\" \/><img loading=\"lazy\" decoding=\"async\" class=\"alignnone wp-image-5353\" src=\"https:\/\/fedemark.ee\/wp-content\/uploads\/2017\/06\/Ikoonid_50.jpg\" alt=\"\" width=\"64\" height=\"75\" \/><\/p>\n","protected":false},"featured_media":10535,"comment_status":"open","ping_status":"closed","template":"","meta":{"footnotes":""},"product_cat":[208,171],"product_tag":[],"yoast_head":"<!-- This site is optimized with the Yoast SEO plugin v22.6 - https:\/\/yoast.com\/wordpress\/plugins\/seo\/ -->\n<title>Quick - Fedemark<\/title>\n<meta name=\"robots\" content=\"index, follow, max-snippet:-1, max-image-preview:large, max-video-preview:-1\" \/>\n<link rel=\"canonical\" href=\"https:\/\/fedemark.ee\/fi\/tuotteet\/tikkaat-harrastuskayttoon-ja-kevyisiin-toihin\/tasotikkaat-fi\/quick\/\" \/>\n<meta property=\"og:locale\" content=\"fi_FI\" \/>\n<meta property=\"og:type\" content=\"article\" \/>\n<meta property=\"og:title\" content=\"Quick - Fedemark\" \/>\n<meta property=\"og:description\" content=\"Vahvistetulla tasolla ja suojakaiteella varustetut porrastikkaat  Vahvistetulla tasolla varustetut yksipuoliset porrastikkaat, jotta enimm\u00e4iskorkeudella ty\u00f6skentely olisi mukavaa ja turvallista. Koska tikkaat ovat kiipeilyn helpottamiseksi varustetut suojakaiteella ja ergonomisilla k\u00e4densijoilla, ne sopivat ihanteellisesti kotona naishenkil\u00f6iden ja vanhempien henkil\u00f6iden k\u00e4ytt\u00f6\u00f6n. Porrastikkaita voi k\u00e4ytt\u00e4\u00e4 my\u00f6s helpompiin ammattit\u00f6ihin toimistoissa, ty\u00f6pajoissa tai varastorakennuksissa.  TEKNISET OMINAISUUDET Askelmien m\u00e4\u00e4r\u00e4: 3 (sis\u00e4lt\u00e4\u00e4 tason) Tason enimm\u00e4iskorkeus: 66 cm Kokonaiskorkeus: 146 cm Enimm\u00e4isty\u00f6korkeus: 270 cm Leve\u00e4 kiipeilyala: leveys 40 cm Liukumattomasta polypropeenista valmistettu, vahvistettu ty\u00f6taso: mitat 40x50 cm Sivun varvaslauta: 2 cm Suojakaide ja ergonomiset k\u00e4densijat: korkeus 80 cm Latteat liukumattomat askelmat: 8 cm Askelmien v\u00e4linen et\u00e4isyys: 22 cm Luiskan profiili: mm 40x20 Taaempi profiili: mm 33x20 Paino: 6 kg Mitat kokoon taitettuna: 167x52x15 cm Pakkaus: pahvilaatikko 168x55x15,5 cm  VAKIO-OSAT Ergonominen k\u00e4densija ty\u00f6tasossa avaamisen ja sulkemisen helpottamiseen PVC:st\u00e4 valmistetut liukumattomat jalat Niitatut askelmat \u00a0\" \/>\n<meta property=\"og:url\" content=\"https:\/\/fedemark.ee\/fi\/tuotteet\/tikkaat-harrastuskayttoon-ja-kevyisiin-toihin\/tasotikkaat-fi\/quick\/\" \/>\n<meta property=\"og:site_name\" content=\"Fedemark\" \/>\n<meta property=\"article:modified_time\" content=\"2017-07-25T11:23:39+00:00\" \/>\n<meta property=\"og:image\" content=\"https:\/\/fedemark.ee\/wp-content\/uploads\/2017\/06\/Quick-4-1-3.jpg\" \/>\n\t<meta property=\"og:image:width\" content=\"800\" \/>\n\t<meta property=\"og:image:height\" content=\"800\" \/>\n\t<meta property=\"og:image:type\" content=\"image\/jpeg\" \/>\n<meta name=\"twitter:card\" content=\"summary_large_image\" \/>\n<script type=\"application\/ld+json\" class=\"yoast-schema-graph\">{\"@context\":\"https:\/\/schema.org\",\"@graph\":[{\"@type\":\"WebPage\",\"@id\":\"https:\/\/fedemark.ee\/fi\/tuotteet\/tikkaat-harrastuskayttoon-ja-kevyisiin-toihin\/tasotikkaat-fi\/quick\/\",\"url\":\"https:\/\/fedemark.ee\/fi\/tuotteet\/tikkaat-harrastuskayttoon-ja-kevyisiin-toihin\/tasotikkaat-fi\/quick\/\",\"name\":\"Quick - Fedemark\",\"isPartOf\":{\"@id\":\"https:\/\/fedemark.ee\/#website\"},\"primaryImageOfPage\":{\"@id\":\"https:\/\/fedemark.ee\/fi\/tuotteet\/tikkaat-harrastuskayttoon-ja-kevyisiin-toihin\/tasotikkaat-fi\/quick\/#primaryimage\"},\"image\":{\"@id\":\"https:\/\/fedemark.ee\/fi\/tuotteet\/tikkaat-harrastuskayttoon-ja-kevyisiin-toihin\/tasotikkaat-fi\/quick\/#primaryimage\"},\"thumbnailUrl\":\"https:\/\/fedemark.ee\/wp-content\/uploads\/2017\/06\/Quick-4-1-3.jpg\",\"datePublished\":\"2017-06-16T07:53:05+00:00\",\"dateModified\":\"2017-07-25T11:23:39+00:00\",\"breadcrumb\":{\"@id\":\"https:\/\/fedemark.ee\/fi\/tuotteet\/tikkaat-harrastuskayttoon-ja-kevyisiin-toihin\/tasotikkaat-fi\/quick\/#breadcrumb\"},\"inLanguage\":\"fi-FI\",\"potentialAction\":[{\"@type\":\"ReadAction\",\"target\":[\"https:\/\/fedemark.ee\/fi\/tuotteet\/tikkaat-harrastuskayttoon-ja-kevyisiin-toihin\/tasotikkaat-fi\/quick\/\"]}]},{\"@type\":\"ImageObject\",\"inLanguage\":\"fi-FI\",\"@id\":\"https:\/\/fedemark.ee\/fi\/tuotteet\/tikkaat-harrastuskayttoon-ja-kevyisiin-toihin\/tasotikkaat-fi\/quick\/#primaryimage\",\"url\":\"https:\/\/fedemark.ee\/wp-content\/uploads\/2017\/06\/Quick-4-1-3.jpg\",\"contentUrl\":\"https:\/\/fedemark.ee\/wp-content\/uploads\/2017\/06\/Quick-4-1-3.jpg\",\"width\":800,\"height\":800},{\"@type\":\"BreadcrumbList\",\"@id\":\"https:\/\/fedemark.ee\/fi\/tuotteet\/tikkaat-harrastuskayttoon-ja-kevyisiin-toihin\/tasotikkaat-fi\/quick\/#breadcrumb\",\"itemListElement\":[{\"@type\":\"ListItem\",\"position\":1,\"name\":\"Home\",\"item\":\"https:\/\/fedemark.ee\/fi\/\"},{\"@type\":\"ListItem\",\"position\":2,\"name\":\"Tuotteet\",\"item\":\"https:\/\/fedemark.ee\/fi\/tuotteet\/\"},{\"@type\":\"ListItem\",\"position\":3,\"name\":\"Quick\"}]},{\"@type\":\"WebSite\",\"@id\":\"https:\/\/fedemark.ee\/#website\",\"url\":\"https:\/\/fedemark.ee\/\",\"name\":\"Fedemark\",\"description\":\"Redelid, Tellingud, T\u00f6\u00f6platvormid ja vahekorrused\",\"potentialAction\":[{\"@type\":\"SearchAction\",\"target\":{\"@type\":\"EntryPoint\",\"urlTemplate\":\"https:\/\/fedemark.ee\/?s={search_term_string}\"},\"query-input\":\"required name=search_term_string\"}],\"inLanguage\":\"fi-FI\"}]}<\/script>\n<!-- \/ Yoast SEO plugin. -->","yoast_head_json":{"title":"Quick - Fedemark","robots":{"index":"index","follow":"follow","max-snippet":"max-snippet:-1","max-image-preview":"max-image-preview:large","max-video-preview":"max-video-preview:-1"},"canonical":"https:\/\/fedemark.ee\/fi\/tuotteet\/tikkaat-harrastuskayttoon-ja-kevyisiin-toihin\/tasotikkaat-fi\/quick\/","og_locale":"fi_FI","og_type":"article","og_title":"Quick - Fedemark","og_description":"Vahvistetulla tasolla ja suojakaiteella varustetut porrastikkaat  Vahvistetulla tasolla varustetut yksipuoliset porrastikkaat, jotta enimm\u00e4iskorkeudella ty\u00f6skentely olisi mukavaa ja turvallista. Koska tikkaat ovat kiipeilyn helpottamiseksi varustetut suojakaiteella ja ergonomisilla k\u00e4densijoilla, ne sopivat ihanteellisesti kotona naishenkil\u00f6iden ja vanhempien henkil\u00f6iden k\u00e4ytt\u00f6\u00f6n. Porrastikkaita voi k\u00e4ytt\u00e4\u00e4 my\u00f6s helpompiin ammattit\u00f6ihin toimistoissa, ty\u00f6pajoissa tai varastorakennuksissa.  TEKNISET OMINAISUUDET Askelmien m\u00e4\u00e4r\u00e4: 3 (sis\u00e4lt\u00e4\u00e4 tason) Tason enimm\u00e4iskorkeus: 66 cm Kokonaiskorkeus: 146 cm Enimm\u00e4isty\u00f6korkeus: 270 cm Leve\u00e4 kiipeilyala: leveys 40 cm Liukumattomasta polypropeenista valmistettu, vahvistettu ty\u00f6taso: mitat 40x50 cm Sivun varvaslauta: 2 cm Suojakaide ja ergonomiset k\u00e4densijat: korkeus 80 cm Latteat liukumattomat askelmat: 8 cm Askelmien v\u00e4linen et\u00e4isyys: 22 cm Luiskan profiili: mm 40x20 Taaempi profiili: mm 33x20 Paino: 6 kg Mitat kokoon taitettuna: 167x52x15 cm Pakkaus: pahvilaatikko 168x55x15,5 cm  VAKIO-OSAT Ergonominen k\u00e4densija ty\u00f6tasossa avaamisen ja sulkemisen helpottamiseen PVC:st\u00e4 valmistetut liukumattomat jalat Niitatut askelmat \u00a0","og_url":"https:\/\/fedemark.ee\/fi\/tuotteet\/tikkaat-harrastuskayttoon-ja-kevyisiin-toihin\/tasotikkaat-fi\/quick\/","og_site_name":"Fedemark","article_modified_time":"2017-07-25T11:23:39+00:00","og_image":[{"width":800,"height":800,"url":"https:\/\/fedemark.ee\/wp-content\/uploads\/2017\/06\/Quick-4-1-3.jpg","type":"image\/jpeg"}],"twitter_card":"summary_large_image","schema":{"@context":"https:\/\/schema.org","@graph":[{"@type":"WebPage","@id":"https:\/\/fedemark.ee\/fi\/tuotteet\/tikkaat-harrastuskayttoon-ja-kevyisiin-toihin\/tasotikkaat-fi\/quick\/","url":"https:\/\/fedemark.ee\/fi\/tuotteet\/tikkaat-harrastuskayttoon-ja-kevyisiin-toihin\/tasotikkaat-fi\/quick\/","name":"Quick - Fedemark","isPartOf":{"@id":"https:\/\/fedemark.ee\/#website"},"primaryImageOfPage":{"@id":"https:\/\/fedemark.ee\/fi\/tuotteet\/tikkaat-harrastuskayttoon-ja-kevyisiin-toihin\/tasotikkaat-fi\/quick\/#primaryimage"},"image":{"@id":"https:\/\/fedemark.ee\/fi\/tuotteet\/tikkaat-harrastuskayttoon-ja-kevyisiin-toihin\/tasotikkaat-fi\/quick\/#primaryimage"},"thumbnailUrl":"https:\/\/fedemark.ee\/wp-content\/uploads\/2017\/06\/Quick-4-1-3.jpg","datePublished":"2017-06-16T07:53:05+00:00","dateModified":"2017-07-25T11:23:39+00:00","breadcrumb":{"@id":"https:\/\/fedemark.ee\/fi\/tuotteet\/tikkaat-harrastuskayttoon-ja-kevyisiin-toihin\/tasotikkaat-fi\/quick\/#breadcrumb"},"inLanguage":"fi-FI","potentialAction":[{"@type":"ReadAction","target":["https:\/\/fedemark.ee\/fi\/tuotteet\/tikkaat-harrastuskayttoon-ja-kevyisiin-toihin\/tasotikkaat-fi\/quick\/"]}]},{"@type":"ImageObject","inLanguage":"fi-FI","@id":"https:\/\/fedemark.ee\/fi\/tuotteet\/tikkaat-harrastuskayttoon-ja-kevyisiin-toihin\/tasotikkaat-fi\/quick\/#primaryimage","url":"https:\/\/fedemark.ee\/wp-content\/uploads\/2017\/06\/Quick-4-1-3.jpg","contentUrl":"https:\/\/fedemark.ee\/wp-content\/uploads\/2017\/06\/Quick-4-1-3.jpg","width":800,"height":800},{"@type":"BreadcrumbList","@id":"https:\/\/fedemark.ee\/fi\/tuotteet\/tikkaat-harrastuskayttoon-ja-kevyisiin-toihin\/tasotikkaat-fi\/quick\/#breadcrumb","itemListElement":[{"@type":"ListItem","position":1,"name":"Home","item":"https:\/\/fedemark.ee\/fi\/"},{"@type":"ListItem","position":2,"name":"Tuotteet","item":"https:\/\/fedemark.ee\/fi\/tuotteet\/"},{"@type":"ListItem","position":3,"name":"Quick"}]},{"@type":"WebSite","@id":"https:\/\/fedemark.ee\/#website","url":"https:\/\/fedemark.ee\/","name":"Fedemark","description":"Redelid, Tellingud, T\u00f6\u00f6platvormid ja vahekorrused","potentialAction":[{"@type":"SearchAction","target":{"@type":"EntryPoint","urlTemplate":"https:\/\/fedemark.ee\/?s={search_term_string}"},"query-input":"required name=search_term_string"}],"inLanguage":"fi-FI"}]}},"_links":{"self":[{"href":"https:\/\/fedemark.ee\/fi\/wp-json\/wp\/v2\/product\/7270"}],"collection":[{"href":"https:\/\/fedemark.ee\/fi\/wp-json\/wp\/v2\/product"}],"about":[{"href":"https:\/\/fedemark.ee\/fi\/wp-json\/wp\/v2\/types\/product"}],"replies":[{"embeddable":true,"href":"https:\/\/fedemark.ee\/fi\/wp-json\/wp\/v2\/comments?post=7270"}],"version-history":[{"count":0,"href":"https:\/\/fedemark.ee\/fi\/wp-json\/wp\/v2\/product\/7270\/revisions"}],"wp:featuredmedia":[{"embeddable":true,"href":"https:\/\/fedemark.ee\/fi\/wp-json\/wp\/v2\/media\/10535"}],"wp:attachment":[{"href":"https:\/\/fedemark.ee\/fi\/wp-json\/wp\/v2\/media?parent=7270"}],"wp:term":[{"taxonomy":"product_cat","embeddable":true,"href":"https:\/\/fedemark.ee\/fi\/wp-json\/wp\/v2\/product_cat?post=7270"},{"taxonomy":"product_tag","embeddable":true,"href":"https:\/\/fedemark.ee\/fi\/wp-json\/wp\/v2\/product_tag?post=7270"}],"curies":[{"name":"wp","href":"https:\/\/api.w.org\/{rel}","templated":true}]}}