{"id":7271,"date":"2017-06-16T08:55:02","date_gmt":"2017-06-16T08:55:02","guid":{"rendered":"https:\/\/sharks.ee\/fedemark\/shop\/uncategorized\/bello\/"},"modified":"2017-07-25T11:30:09","modified_gmt":"2017-07-25T11:30:09","slug":"bello","status":"publish","type":"product","link":"https:\/\/fedemark.ee\/fi\/tuotteet\/tikkaat-harrastuskayttoon-ja-kevyisiin-toihin\/porraspenkit-fi\/bello\/","title":{"rendered":"Bello"},"content":{"rendered":"","protected":false},"excerpt":{"rendered":"<p><em>Kompaktit anodisoidusta alumiinista valmistetut porrastikkaat<\/em><\/p>\n<p>Kotona, toimistoissa tai ty\u00f6pajoissa k\u00e4ytt\u00f6\u00f6n sopivat anodisoidusta alumiinista valmistetut porrastikkaat.<br \/>\nKokoon taitettuina tikkaat ovat eritt\u00e4in kompaktit ja ne voi varastoida 3,5 cm tilaan.<\/p>\n<p>TEKNISET OMINAISUUDET<br \/>\n\u2022 Maalatut ter\u00e4saskelmat 20&#215;30 cm<br \/>\n\u2022 Suojakaiteen korkeus 35 cm<br \/>\n\u2022 Askelmien v\u00e4linen et\u00e4isyys: 23 cm<br \/>\n\u2022 Paksuus kokoon taitettuna 3,5 cm<br \/>\n\u2022 Puolien m\u00e4\u00e4r\u00e4: 2\u22124<br \/>\n\u2022 Tason korkeus: 0,47\u22120,94 m<\/p>\n<p>VAKIO-OSAT<br \/>\n\u2022 Ergonomiset ja liukumattomat kumijalat<br \/>\n\u2022 Symmetrisist\u00e4 kiristystangoista tehty avautumisen est\u00e4v\u00e4 turvamekanismi<br \/>\n\u2022 L\u00e4mp\u00f6kutistuva muovipakkaus kuvineen<br \/>\n\u2022 Kyltti ja kokoamis- ja k\u00e4ytt\u00f6ohje<\/p>\n<p class=\"Standard\" style=\"margin-bottom: 15.0pt;\">\u00a0<img loading=\"lazy\" decoding=\"async\" class=\"alignnone wp-image-5317\" src=\"https:\/\/fedemark.ee\/wp-content\/uploads\/2017\/06\/Ikoonid_29-1.jpg\" alt=\"\" width=\"77\" height=\"71\" \/><img loading=\"lazy\" decoding=\"async\" class=\"alignnone wp-image-5265\" src=\"https:\/\/fedemark.ee\/wp-content\/uploads\/2017\/06\/Ikoonid_05-Copy.jpg\" alt=\"\" width=\"81\" height=\"78\" \/><img loading=\"lazy\" decoding=\"async\" class=\"alignnone wp-image-5353\" src=\"https:\/\/fedemark.ee\/wp-content\/uploads\/2017\/06\/Ikoonid_50.jpg\" alt=\"\" width=\"63\" height=\"75\" \/><\/p>\n","protected":false},"featured_media":10166,"comment_status":"open","ping_status":"closed","template":"","meta":{"footnotes":""},"product_cat":[177,171],"product_tag":[],"yoast_head":"<!-- This site is optimized with the Yoast SEO plugin v22.6 - https:\/\/yoast.com\/wordpress\/plugins\/seo\/ -->\n<title>Bello - Fedemark<\/title>\n<meta name=\"robots\" content=\"index, follow, max-snippet:-1, max-image-preview:large, max-video-preview:-1\" \/>\n<link rel=\"canonical\" href=\"https:\/\/fedemark.ee\/fi\/tuotteet\/tikkaat-harrastuskayttoon-ja-kevyisiin-toihin\/porraspenkit-fi\/bello\/\" \/>\n<meta property=\"og:locale\" content=\"fi_FI\" \/>\n<meta property=\"og:type\" content=\"article\" \/>\n<meta property=\"og:title\" content=\"Bello - Fedemark\" \/>\n<meta property=\"og:description\" content=\"Kompaktit anodisoidusta alumiinista valmistetut porrastikkaat  Kotona, toimistoissa tai ty\u00f6pajoissa k\u00e4ytt\u00f6\u00f6n sopivat anodisoidusta alumiinista valmistetut porrastikkaat. Kokoon taitettuina tikkaat ovat eritt\u00e4in kompaktit ja ne voi varastoida 3,5 cm tilaan.  TEKNISET OMINAISUUDET \u2022 Maalatut ter\u00e4saskelmat 20x30 cm \u2022 Suojakaiteen korkeus 35 cm \u2022 Askelmien v\u00e4linen et\u00e4isyys: 23 cm \u2022 Paksuus kokoon taitettuna 3,5 cm \u2022 Puolien m\u00e4\u00e4r\u00e4: 2\u22124 \u2022 Tason korkeus: 0,47\u22120,94 m  VAKIO-OSAT \u2022 Ergonomiset ja liukumattomat kumijalat \u2022 Symmetrisist\u00e4 kiristystangoista tehty avautumisen est\u00e4v\u00e4 turvamekanismi \u2022 L\u00e4mp\u00f6kutistuva muovipakkaus kuvineen \u2022 Kyltti ja kokoamis- ja k\u00e4ytt\u00f6ohje \u00a0\" \/>\n<meta property=\"og:url\" content=\"https:\/\/fedemark.ee\/fi\/tuotteet\/tikkaat-harrastuskayttoon-ja-kevyisiin-toihin\/porraspenkit-fi\/bello\/\" \/>\n<meta property=\"og:site_name\" content=\"Fedemark\" \/>\n<meta property=\"article:modified_time\" content=\"2017-07-25T11:30:09+00:00\" \/>\n<meta property=\"og:image\" content=\"https:\/\/fedemark.ee\/wp-content\/uploads\/2017\/06\/bello.jpg\" \/>\n\t<meta property=\"og:image:width\" content=\"800\" \/>\n\t<meta property=\"og:image:height\" content=\"800\" \/>\n\t<meta property=\"og:image:type\" content=\"image\/jpeg\" \/>\n<meta name=\"twitter:card\" content=\"summary_large_image\" \/>\n<script type=\"application\/ld+json\" class=\"yoast-schema-graph\">{\"@context\":\"https:\/\/schema.org\",\"@graph\":[{\"@type\":\"WebPage\",\"@id\":\"https:\/\/fedemark.ee\/fi\/tuotteet\/tikkaat-harrastuskayttoon-ja-kevyisiin-toihin\/porraspenkit-fi\/bello\/\",\"url\":\"https:\/\/fedemark.ee\/fi\/tuotteet\/tikkaat-harrastuskayttoon-ja-kevyisiin-toihin\/porraspenkit-fi\/bello\/\",\"name\":\"Bello - Fedemark\",\"isPartOf\":{\"@id\":\"https:\/\/fedemark.ee\/#website\"},\"primaryImageOfPage\":{\"@id\":\"https:\/\/fedemark.ee\/fi\/tuotteet\/tikkaat-harrastuskayttoon-ja-kevyisiin-toihin\/porraspenkit-fi\/bello\/#primaryimage\"},\"image\":{\"@id\":\"https:\/\/fedemark.ee\/fi\/tuotteet\/tikkaat-harrastuskayttoon-ja-kevyisiin-toihin\/porraspenkit-fi\/bello\/#primaryimage\"},\"thumbnailUrl\":\"https:\/\/fedemark.ee\/wp-content\/uploads\/2017\/06\/bello.jpg\",\"datePublished\":\"2017-06-16T08:55:02+00:00\",\"dateModified\":\"2017-07-25T11:30:09+00:00\",\"breadcrumb\":{\"@id\":\"https:\/\/fedemark.ee\/fi\/tuotteet\/tikkaat-harrastuskayttoon-ja-kevyisiin-toihin\/porraspenkit-fi\/bello\/#breadcrumb\"},\"inLanguage\":\"fi-FI\",\"potentialAction\":[{\"@type\":\"ReadAction\",\"target\":[\"https:\/\/fedemark.ee\/fi\/tuotteet\/tikkaat-harrastuskayttoon-ja-kevyisiin-toihin\/porraspenkit-fi\/bello\/\"]}]},{\"@type\":\"ImageObject\",\"inLanguage\":\"fi-FI\",\"@id\":\"https:\/\/fedemark.ee\/fi\/tuotteet\/tikkaat-harrastuskayttoon-ja-kevyisiin-toihin\/porraspenkit-fi\/bello\/#primaryimage\",\"url\":\"https:\/\/fedemark.ee\/wp-content\/uploads\/2017\/06\/bello.jpg\",\"contentUrl\":\"https:\/\/fedemark.ee\/wp-content\/uploads\/2017\/06\/bello.jpg\",\"width\":800,\"height\":800},{\"@type\":\"BreadcrumbList\",\"@id\":\"https:\/\/fedemark.ee\/fi\/tuotteet\/tikkaat-harrastuskayttoon-ja-kevyisiin-toihin\/porraspenkit-fi\/bello\/#breadcrumb\",\"itemListElement\":[{\"@type\":\"ListItem\",\"position\":1,\"name\":\"Home\",\"item\":\"https:\/\/fedemark.ee\/fi\/\"},{\"@type\":\"ListItem\",\"position\":2,\"name\":\"Tuotteet\",\"item\":\"https:\/\/fedemark.ee\/fi\/tuotteet\/\"},{\"@type\":\"ListItem\",\"position\":3,\"name\":\"Bello\"}]},{\"@type\":\"WebSite\",\"@id\":\"https:\/\/fedemark.ee\/#website\",\"url\":\"https:\/\/fedemark.ee\/\",\"name\":\"Fedemark\",\"description\":\"Redelid, Tellingud, T\u00f6\u00f6platvormid ja vahekorrused\",\"potentialAction\":[{\"@type\":\"SearchAction\",\"target\":{\"@type\":\"EntryPoint\",\"urlTemplate\":\"https:\/\/fedemark.ee\/?s={search_term_string}\"},\"query-input\":\"required name=search_term_string\"}],\"inLanguage\":\"fi-FI\"}]}<\/script>\n<!-- \/ Yoast SEO plugin. -->","yoast_head_json":{"title":"Bello - Fedemark","robots":{"index":"index","follow":"follow","max-snippet":"max-snippet:-1","max-image-preview":"max-image-preview:large","max-video-preview":"max-video-preview:-1"},"canonical":"https:\/\/fedemark.ee\/fi\/tuotteet\/tikkaat-harrastuskayttoon-ja-kevyisiin-toihin\/porraspenkit-fi\/bello\/","og_locale":"fi_FI","og_type":"article","og_title":"Bello - Fedemark","og_description":"Kompaktit anodisoidusta alumiinista valmistetut porrastikkaat  Kotona, toimistoissa tai ty\u00f6pajoissa k\u00e4ytt\u00f6\u00f6n sopivat anodisoidusta alumiinista valmistetut porrastikkaat. Kokoon taitettuina tikkaat ovat eritt\u00e4in kompaktit ja ne voi varastoida 3,5 cm tilaan.  TEKNISET OMINAISUUDET \u2022 Maalatut ter\u00e4saskelmat 20x30 cm \u2022 Suojakaiteen korkeus 35 cm \u2022 Askelmien v\u00e4linen et\u00e4isyys: 23 cm \u2022 Paksuus kokoon taitettuna 3,5 cm \u2022 Puolien m\u00e4\u00e4r\u00e4: 2\u22124 \u2022 Tason korkeus: 0,47\u22120,94 m  VAKIO-OSAT \u2022 Ergonomiset ja liukumattomat kumijalat \u2022 Symmetrisist\u00e4 kiristystangoista tehty avautumisen est\u00e4v\u00e4 turvamekanismi \u2022 L\u00e4mp\u00f6kutistuva muovipakkaus kuvineen \u2022 Kyltti ja kokoamis- ja k\u00e4ytt\u00f6ohje \u00a0","og_url":"https:\/\/fedemark.ee\/fi\/tuotteet\/tikkaat-harrastuskayttoon-ja-kevyisiin-toihin\/porraspenkit-fi\/bello\/","og_site_name":"Fedemark","article_modified_time":"2017-07-25T11:30:09+00:00","og_image":[{"width":800,"height":800,"url":"https:\/\/fedemark.ee\/wp-content\/uploads\/2017\/06\/bello.jpg","type":"image\/jpeg"}],"twitter_card":"summary_large_image","schema":{"@context":"https:\/\/schema.org","@graph":[{"@type":"WebPage","@id":"https:\/\/fedemark.ee\/fi\/tuotteet\/tikkaat-harrastuskayttoon-ja-kevyisiin-toihin\/porraspenkit-fi\/bello\/","url":"https:\/\/fedemark.ee\/fi\/tuotteet\/tikkaat-harrastuskayttoon-ja-kevyisiin-toihin\/porraspenkit-fi\/bello\/","name":"Bello - Fedemark","isPartOf":{"@id":"https:\/\/fedemark.ee\/#website"},"primaryImageOfPage":{"@id":"https:\/\/fedemark.ee\/fi\/tuotteet\/tikkaat-harrastuskayttoon-ja-kevyisiin-toihin\/porraspenkit-fi\/bello\/#primaryimage"},"image":{"@id":"https:\/\/fedemark.ee\/fi\/tuotteet\/tikkaat-harrastuskayttoon-ja-kevyisiin-toihin\/porraspenkit-fi\/bello\/#primaryimage"},"thumbnailUrl":"https:\/\/fedemark.ee\/wp-content\/uploads\/2017\/06\/bello.jpg","datePublished":"2017-06-16T08:55:02+00:00","dateModified":"2017-07-25T11:30:09+00:00","breadcrumb":{"@id":"https:\/\/fedemark.ee\/fi\/tuotteet\/tikkaat-harrastuskayttoon-ja-kevyisiin-toihin\/porraspenkit-fi\/bello\/#breadcrumb"},"inLanguage":"fi-FI","potentialAction":[{"@type":"ReadAction","target":["https:\/\/fedemark.ee\/fi\/tuotteet\/tikkaat-harrastuskayttoon-ja-kevyisiin-toihin\/porraspenkit-fi\/bello\/"]}]},{"@type":"ImageObject","inLanguage":"fi-FI","@id":"https:\/\/fedemark.ee\/fi\/tuotteet\/tikkaat-harrastuskayttoon-ja-kevyisiin-toihin\/porraspenkit-fi\/bello\/#primaryimage","url":"https:\/\/fedemark.ee\/wp-content\/uploads\/2017\/06\/bello.jpg","contentUrl":"https:\/\/fedemark.ee\/wp-content\/uploads\/2017\/06\/bello.jpg","width":800,"height":800},{"@type":"BreadcrumbList","@id":"https:\/\/fedemark.ee\/fi\/tuotteet\/tikkaat-harrastuskayttoon-ja-kevyisiin-toihin\/porraspenkit-fi\/bello\/#breadcrumb","itemListElement":[{"@type":"ListItem","position":1,"name":"Home","item":"https:\/\/fedemark.ee\/fi\/"},{"@type":"ListItem","position":2,"name":"Tuotteet","item":"https:\/\/fedemark.ee\/fi\/tuotteet\/"},{"@type":"ListItem","position":3,"name":"Bello"}]},{"@type":"WebSite","@id":"https:\/\/fedemark.ee\/#website","url":"https:\/\/fedemark.ee\/","name":"Fedemark","description":"Redelid, Tellingud, T\u00f6\u00f6platvormid ja vahekorrused","potentialAction":[{"@type":"SearchAction","target":{"@type":"EntryPoint","urlTemplate":"https:\/\/fedemark.ee\/?s={search_term_string}"},"query-input":"required name=search_term_string"}],"inLanguage":"fi-FI"}]}},"_links":{"self":[{"href":"https:\/\/fedemark.ee\/fi\/wp-json\/wp\/v2\/product\/7271"}],"collection":[{"href":"https:\/\/fedemark.ee\/fi\/wp-json\/wp\/v2\/product"}],"about":[{"href":"https:\/\/fedemark.ee\/fi\/wp-json\/wp\/v2\/types\/product"}],"replies":[{"embeddable":true,"href":"https:\/\/fedemark.ee\/fi\/wp-json\/wp\/v2\/comments?post=7271"}],"version-history":[{"count":0,"href":"https:\/\/fedemark.ee\/fi\/wp-json\/wp\/v2\/product\/7271\/revisions"}],"wp:featuredmedia":[{"embeddable":true,"href":"https:\/\/fedemark.ee\/fi\/wp-json\/wp\/v2\/media\/10166"}],"wp:attachment":[{"href":"https:\/\/fedemark.ee\/fi\/wp-json\/wp\/v2\/media?parent=7271"}],"wp:term":[{"taxonomy":"product_cat","embeddable":true,"href":"https:\/\/fedemark.ee\/fi\/wp-json\/wp\/v2\/product_cat?post=7271"},{"taxonomy":"product_tag","embeddable":true,"href":"https:\/\/fedemark.ee\/fi\/wp-json\/wp\/v2\/product_tag?post=7271"}],"curies":[{"name":"wp","href":"https:\/\/api.w.org\/{rel}","templated":true}]}}