{"id":7274,"date":"2017-06-16T09:13:56","date_gmt":"2017-06-16T09:13:56","guid":{"rendered":"https:\/\/sharks.ee\/fedemark\/shop\/uncategorized\/cico\/"},"modified":"2017-07-25T11:33:11","modified_gmt":"2017-07-25T11:33:11","slug":"cico","status":"publish","type":"product","link":"https:\/\/fedemark.ee\/fi\/tuotteet\/tikkaat-harrastuskayttoon-ja-kevyisiin-toihin\/porraspenkit-fi\/cico\/","title":{"rendered":"Cico"},"content":{"rendered":"","protected":false},"excerpt":{"rendered":"<p><em>Yksipuoliset maalatusta ter\u00e4ksest\u00e4 valmistetut porrastikkaat<\/em><\/p>\n<p>Liukumattomin isoin askelmin ja PVC-jaloin varustetut, kokoon taitettavat, maalatut porrastikkaat kotitalouksissa k\u00e4ytett\u00e4viksi.<\/p>\n<p>TEKNISET OMINAISUUDET<br \/>\n\u2022 Puolien m\u00e4\u00e4r\u00e4: 3<br \/>\n\u2022 Tason koko: 35&#215;23 cm<br \/>\n\u2022 Tason korkeus: 0,64 m<br \/>\n\u2022 Paksuus kokoon taitettuna 8,5 cm<\/p>\n<p>VAKIO-OSAT<br \/>\n\u2022 Kaksi lukitusmekanismia kaiken yll\u00e4tt\u00e4v\u00e4n avautumisen est\u00e4miseksi:<br \/>\n1) turvakoukku<br \/>\n2) sinkityst\u00e4 ter\u00e4ksest\u00e4 valmistetut tangot<br \/>\n\u2022 PVC:st\u00e4 valmistettu liukumaton askelma<br \/>\n\u2022 L\u00e4mp\u00f6kutistuva muovipakkaus<br \/>\n\u2022 Kyltti ja kokoamis- ja k\u00e4ytt\u00f6ohje<\/p>\n","protected":false},"featured_media":6539,"comment_status":"open","ping_status":"closed","template":"","meta":{"footnotes":""},"product_cat":[177,171],"product_tag":[],"yoast_head":"<!-- This site is optimized with the Yoast SEO plugin v22.6 - https:\/\/yoast.com\/wordpress\/plugins\/seo\/ -->\n<title>Cico - Fedemark<\/title>\n<meta name=\"robots\" content=\"index, follow, max-snippet:-1, max-image-preview:large, max-video-preview:-1\" \/>\n<link rel=\"canonical\" href=\"https:\/\/fedemark.ee\/fi\/tuotteet\/tikkaat-harrastuskayttoon-ja-kevyisiin-toihin\/porraspenkit-fi\/cico\/\" \/>\n<meta property=\"og:locale\" content=\"fi_FI\" \/>\n<meta property=\"og:type\" content=\"article\" \/>\n<meta property=\"og:title\" content=\"Cico - Fedemark\" \/>\n<meta property=\"og:description\" content=\"Yksipuoliset maalatusta ter\u00e4ksest\u00e4 valmistetut porrastikkaat  Liukumattomin isoin askelmin ja PVC-jaloin varustetut, kokoon taitettavat, maalatut porrastikkaat kotitalouksissa k\u00e4ytett\u00e4viksi.  TEKNISET OMINAISUUDET \u2022 Puolien m\u00e4\u00e4r\u00e4: 3 \u2022 Tason koko: 35x23 cm \u2022 Tason korkeus: 0,64 m \u2022 Paksuus kokoon taitettuna 8,5 cm  VAKIO-OSAT \u2022 Kaksi lukitusmekanismia kaiken yll\u00e4tt\u00e4v\u00e4n avautumisen est\u00e4miseksi: 1) turvakoukku 2) sinkityst\u00e4 ter\u00e4ksest\u00e4 valmistetut tangot \u2022 PVC:st\u00e4 valmistettu liukumaton askelma \u2022 L\u00e4mp\u00f6kutistuva muovipakkaus \u2022 Kyltti ja kokoamis- ja k\u00e4ytt\u00f6ohje\" \/>\n<meta property=\"og:url\" content=\"https:\/\/fedemark.ee\/fi\/tuotteet\/tikkaat-harrastuskayttoon-ja-kevyisiin-toihin\/porraspenkit-fi\/cico\/\" \/>\n<meta property=\"og:site_name\" content=\"Fedemark\" \/>\n<meta property=\"article:modified_time\" content=\"2017-07-25T11:33:11+00:00\" \/>\n<meta property=\"og:image\" content=\"https:\/\/fedemark.ee\/wp-content\/uploads\/2017\/06\/Cico-2.jpg\" \/>\n\t<meta property=\"og:image:width\" content=\"496\" \/>\n\t<meta property=\"og:image:height\" content=\"568\" \/>\n\t<meta property=\"og:image:type\" content=\"image\/jpeg\" \/>\n<meta name=\"twitter:card\" content=\"summary_large_image\" \/>\n<script type=\"application\/ld+json\" class=\"yoast-schema-graph\">{\"@context\":\"https:\/\/schema.org\",\"@graph\":[{\"@type\":\"WebPage\",\"@id\":\"https:\/\/fedemark.ee\/fi\/tuotteet\/tikkaat-harrastuskayttoon-ja-kevyisiin-toihin\/porraspenkit-fi\/cico\/\",\"url\":\"https:\/\/fedemark.ee\/fi\/tuotteet\/tikkaat-harrastuskayttoon-ja-kevyisiin-toihin\/porraspenkit-fi\/cico\/\",\"name\":\"Cico - Fedemark\",\"isPartOf\":{\"@id\":\"https:\/\/fedemark.ee\/#website\"},\"primaryImageOfPage\":{\"@id\":\"https:\/\/fedemark.ee\/fi\/tuotteet\/tikkaat-harrastuskayttoon-ja-kevyisiin-toihin\/porraspenkit-fi\/cico\/#primaryimage\"},\"image\":{\"@id\":\"https:\/\/fedemark.ee\/fi\/tuotteet\/tikkaat-harrastuskayttoon-ja-kevyisiin-toihin\/porraspenkit-fi\/cico\/#primaryimage\"},\"thumbnailUrl\":\"https:\/\/fedemark.ee\/wp-content\/uploads\/2017\/06\/Cico-2.jpg\",\"datePublished\":\"2017-06-16T09:13:56+00:00\",\"dateModified\":\"2017-07-25T11:33:11+00:00\",\"breadcrumb\":{\"@id\":\"https:\/\/fedemark.ee\/fi\/tuotteet\/tikkaat-harrastuskayttoon-ja-kevyisiin-toihin\/porraspenkit-fi\/cico\/#breadcrumb\"},\"inLanguage\":\"fi-FI\",\"potentialAction\":[{\"@type\":\"ReadAction\",\"target\":[\"https:\/\/fedemark.ee\/fi\/tuotteet\/tikkaat-harrastuskayttoon-ja-kevyisiin-toihin\/porraspenkit-fi\/cico\/\"]}]},{\"@type\":\"ImageObject\",\"inLanguage\":\"fi-FI\",\"@id\":\"https:\/\/fedemark.ee\/fi\/tuotteet\/tikkaat-harrastuskayttoon-ja-kevyisiin-toihin\/porraspenkit-fi\/cico\/#primaryimage\",\"url\":\"https:\/\/fedemark.ee\/wp-content\/uploads\/2017\/06\/Cico-2.jpg\",\"contentUrl\":\"https:\/\/fedemark.ee\/wp-content\/uploads\/2017\/06\/Cico-2.jpg\",\"width\":496,\"height\":568},{\"@type\":\"BreadcrumbList\",\"@id\":\"https:\/\/fedemark.ee\/fi\/tuotteet\/tikkaat-harrastuskayttoon-ja-kevyisiin-toihin\/porraspenkit-fi\/cico\/#breadcrumb\",\"itemListElement\":[{\"@type\":\"ListItem\",\"position\":1,\"name\":\"Home\",\"item\":\"https:\/\/fedemark.ee\/fi\/\"},{\"@type\":\"ListItem\",\"position\":2,\"name\":\"Tuotteet\",\"item\":\"https:\/\/fedemark.ee\/fi\/tuotteet\/\"},{\"@type\":\"ListItem\",\"position\":3,\"name\":\"Cico\"}]},{\"@type\":\"WebSite\",\"@id\":\"https:\/\/fedemark.ee\/#website\",\"url\":\"https:\/\/fedemark.ee\/\",\"name\":\"Fedemark\",\"description\":\"Redelid, Tellingud, T\u00f6\u00f6platvormid ja vahekorrused\",\"potentialAction\":[{\"@type\":\"SearchAction\",\"target\":{\"@type\":\"EntryPoint\",\"urlTemplate\":\"https:\/\/fedemark.ee\/?s={search_term_string}\"},\"query-input\":\"required name=search_term_string\"}],\"inLanguage\":\"fi-FI\"}]}<\/script>\n<!-- \/ Yoast SEO plugin. -->","yoast_head_json":{"title":"Cico - Fedemark","robots":{"index":"index","follow":"follow","max-snippet":"max-snippet:-1","max-image-preview":"max-image-preview:large","max-video-preview":"max-video-preview:-1"},"canonical":"https:\/\/fedemark.ee\/fi\/tuotteet\/tikkaat-harrastuskayttoon-ja-kevyisiin-toihin\/porraspenkit-fi\/cico\/","og_locale":"fi_FI","og_type":"article","og_title":"Cico - Fedemark","og_description":"Yksipuoliset maalatusta ter\u00e4ksest\u00e4 valmistetut porrastikkaat  Liukumattomin isoin askelmin ja PVC-jaloin varustetut, kokoon taitettavat, maalatut porrastikkaat kotitalouksissa k\u00e4ytett\u00e4viksi.  TEKNISET OMINAISUUDET \u2022 Puolien m\u00e4\u00e4r\u00e4: 3 \u2022 Tason koko: 35x23 cm \u2022 Tason korkeus: 0,64 m \u2022 Paksuus kokoon taitettuna 8,5 cm  VAKIO-OSAT \u2022 Kaksi lukitusmekanismia kaiken yll\u00e4tt\u00e4v\u00e4n avautumisen est\u00e4miseksi: 1) turvakoukku 2) sinkityst\u00e4 ter\u00e4ksest\u00e4 valmistetut tangot \u2022 PVC:st\u00e4 valmistettu liukumaton askelma \u2022 L\u00e4mp\u00f6kutistuva muovipakkaus \u2022 Kyltti ja kokoamis- ja k\u00e4ytt\u00f6ohje","og_url":"https:\/\/fedemark.ee\/fi\/tuotteet\/tikkaat-harrastuskayttoon-ja-kevyisiin-toihin\/porraspenkit-fi\/cico\/","og_site_name":"Fedemark","article_modified_time":"2017-07-25T11:33:11+00:00","og_image":[{"width":496,"height":568,"url":"https:\/\/fedemark.ee\/wp-content\/uploads\/2017\/06\/Cico-2.jpg","type":"image\/jpeg"}],"twitter_card":"summary_large_image","schema":{"@context":"https:\/\/schema.org","@graph":[{"@type":"WebPage","@id":"https:\/\/fedemark.ee\/fi\/tuotteet\/tikkaat-harrastuskayttoon-ja-kevyisiin-toihin\/porraspenkit-fi\/cico\/","url":"https:\/\/fedemark.ee\/fi\/tuotteet\/tikkaat-harrastuskayttoon-ja-kevyisiin-toihin\/porraspenkit-fi\/cico\/","name":"Cico - Fedemark","isPartOf":{"@id":"https:\/\/fedemark.ee\/#website"},"primaryImageOfPage":{"@id":"https:\/\/fedemark.ee\/fi\/tuotteet\/tikkaat-harrastuskayttoon-ja-kevyisiin-toihin\/porraspenkit-fi\/cico\/#primaryimage"},"image":{"@id":"https:\/\/fedemark.ee\/fi\/tuotteet\/tikkaat-harrastuskayttoon-ja-kevyisiin-toihin\/porraspenkit-fi\/cico\/#primaryimage"},"thumbnailUrl":"https:\/\/fedemark.ee\/wp-content\/uploads\/2017\/06\/Cico-2.jpg","datePublished":"2017-06-16T09:13:56+00:00","dateModified":"2017-07-25T11:33:11+00:00","breadcrumb":{"@id":"https:\/\/fedemark.ee\/fi\/tuotteet\/tikkaat-harrastuskayttoon-ja-kevyisiin-toihin\/porraspenkit-fi\/cico\/#breadcrumb"},"inLanguage":"fi-FI","potentialAction":[{"@type":"ReadAction","target":["https:\/\/fedemark.ee\/fi\/tuotteet\/tikkaat-harrastuskayttoon-ja-kevyisiin-toihin\/porraspenkit-fi\/cico\/"]}]},{"@type":"ImageObject","inLanguage":"fi-FI","@id":"https:\/\/fedemark.ee\/fi\/tuotteet\/tikkaat-harrastuskayttoon-ja-kevyisiin-toihin\/porraspenkit-fi\/cico\/#primaryimage","url":"https:\/\/fedemark.ee\/wp-content\/uploads\/2017\/06\/Cico-2.jpg","contentUrl":"https:\/\/fedemark.ee\/wp-content\/uploads\/2017\/06\/Cico-2.jpg","width":496,"height":568},{"@type":"BreadcrumbList","@id":"https:\/\/fedemark.ee\/fi\/tuotteet\/tikkaat-harrastuskayttoon-ja-kevyisiin-toihin\/porraspenkit-fi\/cico\/#breadcrumb","itemListElement":[{"@type":"ListItem","position":1,"name":"Home","item":"https:\/\/fedemark.ee\/fi\/"},{"@type":"ListItem","position":2,"name":"Tuotteet","item":"https:\/\/fedemark.ee\/fi\/tuotteet\/"},{"@type":"ListItem","position":3,"name":"Cico"}]},{"@type":"WebSite","@id":"https:\/\/fedemark.ee\/#website","url":"https:\/\/fedemark.ee\/","name":"Fedemark","description":"Redelid, Tellingud, T\u00f6\u00f6platvormid ja vahekorrused","potentialAction":[{"@type":"SearchAction","target":{"@type":"EntryPoint","urlTemplate":"https:\/\/fedemark.ee\/?s={search_term_string}"},"query-input":"required name=search_term_string"}],"inLanguage":"fi-FI"}]}},"_links":{"self":[{"href":"https:\/\/fedemark.ee\/fi\/wp-json\/wp\/v2\/product\/7274"}],"collection":[{"href":"https:\/\/fedemark.ee\/fi\/wp-json\/wp\/v2\/product"}],"about":[{"href":"https:\/\/fedemark.ee\/fi\/wp-json\/wp\/v2\/types\/product"}],"replies":[{"embeddable":true,"href":"https:\/\/fedemark.ee\/fi\/wp-json\/wp\/v2\/comments?post=7274"}],"version-history":[{"count":0,"href":"https:\/\/fedemark.ee\/fi\/wp-json\/wp\/v2\/product\/7274\/revisions"}],"wp:featuredmedia":[{"embeddable":true,"href":"https:\/\/fedemark.ee\/fi\/wp-json\/wp\/v2\/media\/6539"}],"wp:attachment":[{"href":"https:\/\/fedemark.ee\/fi\/wp-json\/wp\/v2\/media?parent=7274"}],"wp:term":[{"taxonomy":"product_cat","embeddable":true,"href":"https:\/\/fedemark.ee\/fi\/wp-json\/wp\/v2\/product_cat?post=7274"},{"taxonomy":"product_tag","embeddable":true,"href":"https:\/\/fedemark.ee\/fi\/wp-json\/wp\/v2\/product_tag?post=7274"}],"curies":[{"name":"wp","href":"https:\/\/api.w.org\/{rel}","templated":true}]}}