{"id":7277,"date":"2017-06-16T14:22:27","date_gmt":"2017-06-16T14:22:27","guid":{"rendered":"https:\/\/sharks.ee\/fedemark\/shop\/uncategorized\/serafina\/"},"modified":"2017-07-25T11:39:15","modified_gmt":"2017-07-25T11:39:15","slug":"serafina","status":"publish","type":"product","link":"https:\/\/fedemark.ee\/fi\/tuotteet\/tikkaat-harrastuskayttoon-ja-kevyisiin-toihin\/monikayttoiset-ja-muotoiltavat-teleskooppitikkaat-fi\/serafina\/","title":{"rendered":"Serafina"},"content":{"rendered":"","protected":false},"excerpt":{"rendered":"<p><em>Monik\u00e4ytt\u00f6iset maalatusta ter\u00e4ksest\u00e4 valmistetut ja leve\u00e4ll\u00e4 alaosalla varustetut teleskooppitikkaat<\/em><\/p>\n<p>Sopivat k\u00e4ytett\u00e4viksi kotitalouksissa.<br \/>\nTer\u00e4ksinen sarana avautuu ja sulkeutuu nopeasti ja muuttaa tikkaiden muodon porrastikkaista sein\u00e4\u00e4n tuettaviksi tikkaiksi.<\/p>\n<p>TEKNISET OMINAISUUDET<br \/>\n\u2022 Sis\u00e4profiili 20&#215;40 mm<br \/>\n\u2022 Ulkoprofiili 20&#215;45 mm<br \/>\n\u2022 Leveys alhaalta 48 cm<br \/>\n\u2022 Kantavuus 100 kg<br \/>\n\u2022 Puolien m\u00e4\u00e4r\u00e4: 8\u22129<br \/>\n\u2022 Porrastikkaiden korkeus: 1,91\u22122,17 m<br \/>\n\u2022 Korkeus pitkiksi vedettyin\u00e4: 3,77\u22124,30 m<\/p>\n<p>VAKIO-OSAT<br \/>\n\u2022 Sopivat erityisen hyvin kotit\u00f6ihin<br \/>\n\u2022 Ter\u00e4ksiset lukituskoukut<br \/>\n\u2022 Liukumattomat kumijalat<br \/>\n\u2022 Kyltti ja kokoamis- ja k\u00e4ytt\u00f6ohje<br \/>\n\u2022 L\u00e4mp\u00f6kutistuva muovipakkaus<\/p>\n","protected":false},"featured_media":6479,"comment_status":"open","ping_status":"closed","template":"","meta":{"footnotes":""},"product_cat":[256,171],"product_tag":[],"yoast_head":"<!-- This site is optimized with the Yoast SEO plugin v22.6 - https:\/\/yoast.com\/wordpress\/plugins\/seo\/ -->\n<title>Serafina - Fedemark<\/title>\n<meta name=\"robots\" content=\"index, follow, max-snippet:-1, max-image-preview:large, max-video-preview:-1\" \/>\n<link rel=\"canonical\" href=\"https:\/\/fedemark.ee\/fi\/tuotteet\/tikkaat-harrastuskayttoon-ja-kevyisiin-toihin\/monikayttoiset-ja-muotoiltavat-teleskooppitikkaat-fi\/serafina\/\" \/>\n<meta property=\"og:locale\" content=\"fi_FI\" \/>\n<meta property=\"og:type\" content=\"article\" \/>\n<meta property=\"og:title\" content=\"Serafina - Fedemark\" \/>\n<meta property=\"og:description\" content=\"Monik\u00e4ytt\u00f6iset maalatusta ter\u00e4ksest\u00e4 valmistetut ja leve\u00e4ll\u00e4 alaosalla varustetut teleskooppitikkaat  Sopivat k\u00e4ytett\u00e4viksi kotitalouksissa. Ter\u00e4ksinen sarana avautuu ja sulkeutuu nopeasti ja muuttaa tikkaiden muodon porrastikkaista sein\u00e4\u00e4n tuettaviksi tikkaiksi.  TEKNISET OMINAISUUDET \u2022 Sis\u00e4profiili 20x40 mm \u2022 Ulkoprofiili 20x45 mm \u2022 Leveys alhaalta 48 cm \u2022 Kantavuus 100 kg \u2022 Puolien m\u00e4\u00e4r\u00e4: 8\u22129 \u2022 Porrastikkaiden korkeus: 1,91\u22122,17 m \u2022 Korkeus pitkiksi vedettyin\u00e4: 3,77\u22124,30 m  VAKIO-OSAT \u2022 Sopivat erityisen hyvin kotit\u00f6ihin \u2022 Ter\u00e4ksiset lukituskoukut \u2022 Liukumattomat kumijalat \u2022 Kyltti ja kokoamis- ja k\u00e4ytt\u00f6ohje \u2022 L\u00e4mp\u00f6kutistuva muovipakkaus\" \/>\n<meta property=\"og:url\" content=\"https:\/\/fedemark.ee\/fi\/tuotteet\/tikkaat-harrastuskayttoon-ja-kevyisiin-toihin\/monikayttoiset-ja-muotoiltavat-teleskooppitikkaat-fi\/serafina\/\" \/>\n<meta property=\"og:site_name\" content=\"Fedemark\" \/>\n<meta property=\"article:modified_time\" content=\"2017-07-25T11:39:15+00:00\" \/>\n<meta property=\"og:image\" content=\"https:\/\/fedemark.ee\/wp-content\/uploads\/2017\/06\/serafina.jpg\" \/>\n\t<meta property=\"og:image:width\" content=\"2838\" \/>\n\t<meta property=\"og:image:height\" content=\"3606\" \/>\n\t<meta property=\"og:image:type\" content=\"image\/jpeg\" \/>\n<meta name=\"twitter:card\" content=\"summary_large_image\" \/>\n<script type=\"application\/ld+json\" class=\"yoast-schema-graph\">{\"@context\":\"https:\/\/schema.org\",\"@graph\":[{\"@type\":\"WebPage\",\"@id\":\"https:\/\/fedemark.ee\/fi\/tuotteet\/tikkaat-harrastuskayttoon-ja-kevyisiin-toihin\/monikayttoiset-ja-muotoiltavat-teleskooppitikkaat-fi\/serafina\/\",\"url\":\"https:\/\/fedemark.ee\/fi\/tuotteet\/tikkaat-harrastuskayttoon-ja-kevyisiin-toihin\/monikayttoiset-ja-muotoiltavat-teleskooppitikkaat-fi\/serafina\/\",\"name\":\"Serafina - Fedemark\",\"isPartOf\":{\"@id\":\"https:\/\/fedemark.ee\/#website\"},\"primaryImageOfPage\":{\"@id\":\"https:\/\/fedemark.ee\/fi\/tuotteet\/tikkaat-harrastuskayttoon-ja-kevyisiin-toihin\/monikayttoiset-ja-muotoiltavat-teleskooppitikkaat-fi\/serafina\/#primaryimage\"},\"image\":{\"@id\":\"https:\/\/fedemark.ee\/fi\/tuotteet\/tikkaat-harrastuskayttoon-ja-kevyisiin-toihin\/monikayttoiset-ja-muotoiltavat-teleskooppitikkaat-fi\/serafina\/#primaryimage\"},\"thumbnailUrl\":\"https:\/\/fedemark.ee\/wp-content\/uploads\/2017\/06\/serafina.jpg\",\"datePublished\":\"2017-06-16T14:22:27+00:00\",\"dateModified\":\"2017-07-25T11:39:15+00:00\",\"breadcrumb\":{\"@id\":\"https:\/\/fedemark.ee\/fi\/tuotteet\/tikkaat-harrastuskayttoon-ja-kevyisiin-toihin\/monikayttoiset-ja-muotoiltavat-teleskooppitikkaat-fi\/serafina\/#breadcrumb\"},\"inLanguage\":\"fi-FI\",\"potentialAction\":[{\"@type\":\"ReadAction\",\"target\":[\"https:\/\/fedemark.ee\/fi\/tuotteet\/tikkaat-harrastuskayttoon-ja-kevyisiin-toihin\/monikayttoiset-ja-muotoiltavat-teleskooppitikkaat-fi\/serafina\/\"]}]},{\"@type\":\"ImageObject\",\"inLanguage\":\"fi-FI\",\"@id\":\"https:\/\/fedemark.ee\/fi\/tuotteet\/tikkaat-harrastuskayttoon-ja-kevyisiin-toihin\/monikayttoiset-ja-muotoiltavat-teleskooppitikkaat-fi\/serafina\/#primaryimage\",\"url\":\"https:\/\/fedemark.ee\/wp-content\/uploads\/2017\/06\/serafina.jpg\",\"contentUrl\":\"https:\/\/fedemark.ee\/wp-content\/uploads\/2017\/06\/serafina.jpg\",\"width\":2838,\"height\":3606},{\"@type\":\"BreadcrumbList\",\"@id\":\"https:\/\/fedemark.ee\/fi\/tuotteet\/tikkaat-harrastuskayttoon-ja-kevyisiin-toihin\/monikayttoiset-ja-muotoiltavat-teleskooppitikkaat-fi\/serafina\/#breadcrumb\",\"itemListElement\":[{\"@type\":\"ListItem\",\"position\":1,\"name\":\"Home\",\"item\":\"https:\/\/fedemark.ee\/fi\/\"},{\"@type\":\"ListItem\",\"position\":2,\"name\":\"Tuotteet\",\"item\":\"https:\/\/fedemark.ee\/fi\/tuotteet\/\"},{\"@type\":\"ListItem\",\"position\":3,\"name\":\"Serafina\"}]},{\"@type\":\"WebSite\",\"@id\":\"https:\/\/fedemark.ee\/#website\",\"url\":\"https:\/\/fedemark.ee\/\",\"name\":\"Fedemark\",\"description\":\"Redelid, Tellingud, T\u00f6\u00f6platvormid ja vahekorrused\",\"potentialAction\":[{\"@type\":\"SearchAction\",\"target\":{\"@type\":\"EntryPoint\",\"urlTemplate\":\"https:\/\/fedemark.ee\/?s={search_term_string}\"},\"query-input\":\"required name=search_term_string\"}],\"inLanguage\":\"fi-FI\"}]}<\/script>\n<!-- \/ Yoast SEO plugin. -->","yoast_head_json":{"title":"Serafina - Fedemark","robots":{"index":"index","follow":"follow","max-snippet":"max-snippet:-1","max-image-preview":"max-image-preview:large","max-video-preview":"max-video-preview:-1"},"canonical":"https:\/\/fedemark.ee\/fi\/tuotteet\/tikkaat-harrastuskayttoon-ja-kevyisiin-toihin\/monikayttoiset-ja-muotoiltavat-teleskooppitikkaat-fi\/serafina\/","og_locale":"fi_FI","og_type":"article","og_title":"Serafina - Fedemark","og_description":"Monik\u00e4ytt\u00f6iset maalatusta ter\u00e4ksest\u00e4 valmistetut ja leve\u00e4ll\u00e4 alaosalla varustetut teleskooppitikkaat  Sopivat k\u00e4ytett\u00e4viksi kotitalouksissa. Ter\u00e4ksinen sarana avautuu ja sulkeutuu nopeasti ja muuttaa tikkaiden muodon porrastikkaista sein\u00e4\u00e4n tuettaviksi tikkaiksi.  TEKNISET OMINAISUUDET \u2022 Sis\u00e4profiili 20x40 mm \u2022 Ulkoprofiili 20x45 mm \u2022 Leveys alhaalta 48 cm \u2022 Kantavuus 100 kg \u2022 Puolien m\u00e4\u00e4r\u00e4: 8\u22129 \u2022 Porrastikkaiden korkeus: 1,91\u22122,17 m \u2022 Korkeus pitkiksi vedettyin\u00e4: 3,77\u22124,30 m  VAKIO-OSAT \u2022 Sopivat erityisen hyvin kotit\u00f6ihin \u2022 Ter\u00e4ksiset lukituskoukut \u2022 Liukumattomat kumijalat \u2022 Kyltti ja kokoamis- ja k\u00e4ytt\u00f6ohje \u2022 L\u00e4mp\u00f6kutistuva muovipakkaus","og_url":"https:\/\/fedemark.ee\/fi\/tuotteet\/tikkaat-harrastuskayttoon-ja-kevyisiin-toihin\/monikayttoiset-ja-muotoiltavat-teleskooppitikkaat-fi\/serafina\/","og_site_name":"Fedemark","article_modified_time":"2017-07-25T11:39:15+00:00","og_image":[{"width":2838,"height":3606,"url":"https:\/\/fedemark.ee\/wp-content\/uploads\/2017\/06\/serafina.jpg","type":"image\/jpeg"}],"twitter_card":"summary_large_image","schema":{"@context":"https:\/\/schema.org","@graph":[{"@type":"WebPage","@id":"https:\/\/fedemark.ee\/fi\/tuotteet\/tikkaat-harrastuskayttoon-ja-kevyisiin-toihin\/monikayttoiset-ja-muotoiltavat-teleskooppitikkaat-fi\/serafina\/","url":"https:\/\/fedemark.ee\/fi\/tuotteet\/tikkaat-harrastuskayttoon-ja-kevyisiin-toihin\/monikayttoiset-ja-muotoiltavat-teleskooppitikkaat-fi\/serafina\/","name":"Serafina - Fedemark","isPartOf":{"@id":"https:\/\/fedemark.ee\/#website"},"primaryImageOfPage":{"@id":"https:\/\/fedemark.ee\/fi\/tuotteet\/tikkaat-harrastuskayttoon-ja-kevyisiin-toihin\/monikayttoiset-ja-muotoiltavat-teleskooppitikkaat-fi\/serafina\/#primaryimage"},"image":{"@id":"https:\/\/fedemark.ee\/fi\/tuotteet\/tikkaat-harrastuskayttoon-ja-kevyisiin-toihin\/monikayttoiset-ja-muotoiltavat-teleskooppitikkaat-fi\/serafina\/#primaryimage"},"thumbnailUrl":"https:\/\/fedemark.ee\/wp-content\/uploads\/2017\/06\/serafina.jpg","datePublished":"2017-06-16T14:22:27+00:00","dateModified":"2017-07-25T11:39:15+00:00","breadcrumb":{"@id":"https:\/\/fedemark.ee\/fi\/tuotteet\/tikkaat-harrastuskayttoon-ja-kevyisiin-toihin\/monikayttoiset-ja-muotoiltavat-teleskooppitikkaat-fi\/serafina\/#breadcrumb"},"inLanguage":"fi-FI","potentialAction":[{"@type":"ReadAction","target":["https:\/\/fedemark.ee\/fi\/tuotteet\/tikkaat-harrastuskayttoon-ja-kevyisiin-toihin\/monikayttoiset-ja-muotoiltavat-teleskooppitikkaat-fi\/serafina\/"]}]},{"@type":"ImageObject","inLanguage":"fi-FI","@id":"https:\/\/fedemark.ee\/fi\/tuotteet\/tikkaat-harrastuskayttoon-ja-kevyisiin-toihin\/monikayttoiset-ja-muotoiltavat-teleskooppitikkaat-fi\/serafina\/#primaryimage","url":"https:\/\/fedemark.ee\/wp-content\/uploads\/2017\/06\/serafina.jpg","contentUrl":"https:\/\/fedemark.ee\/wp-content\/uploads\/2017\/06\/serafina.jpg","width":2838,"height":3606},{"@type":"BreadcrumbList","@id":"https:\/\/fedemark.ee\/fi\/tuotteet\/tikkaat-harrastuskayttoon-ja-kevyisiin-toihin\/monikayttoiset-ja-muotoiltavat-teleskooppitikkaat-fi\/serafina\/#breadcrumb","itemListElement":[{"@type":"ListItem","position":1,"name":"Home","item":"https:\/\/fedemark.ee\/fi\/"},{"@type":"ListItem","position":2,"name":"Tuotteet","item":"https:\/\/fedemark.ee\/fi\/tuotteet\/"},{"@type":"ListItem","position":3,"name":"Serafina"}]},{"@type":"WebSite","@id":"https:\/\/fedemark.ee\/#website","url":"https:\/\/fedemark.ee\/","name":"Fedemark","description":"Redelid, Tellingud, T\u00f6\u00f6platvormid ja vahekorrused","potentialAction":[{"@type":"SearchAction","target":{"@type":"EntryPoint","urlTemplate":"https:\/\/fedemark.ee\/?s={search_term_string}"},"query-input":"required name=search_term_string"}],"inLanguage":"fi-FI"}]}},"_links":{"self":[{"href":"https:\/\/fedemark.ee\/fi\/wp-json\/wp\/v2\/product\/7277"}],"collection":[{"href":"https:\/\/fedemark.ee\/fi\/wp-json\/wp\/v2\/product"}],"about":[{"href":"https:\/\/fedemark.ee\/fi\/wp-json\/wp\/v2\/types\/product"}],"replies":[{"embeddable":true,"href":"https:\/\/fedemark.ee\/fi\/wp-json\/wp\/v2\/comments?post=7277"}],"version-history":[{"count":0,"href":"https:\/\/fedemark.ee\/fi\/wp-json\/wp\/v2\/product\/7277\/revisions"}],"wp:featuredmedia":[{"embeddable":true,"href":"https:\/\/fedemark.ee\/fi\/wp-json\/wp\/v2\/media\/6479"}],"wp:attachment":[{"href":"https:\/\/fedemark.ee\/fi\/wp-json\/wp\/v2\/media?parent=7277"}],"wp:term":[{"taxonomy":"product_cat","embeddable":true,"href":"https:\/\/fedemark.ee\/fi\/wp-json\/wp\/v2\/product_cat?post=7277"},{"taxonomy":"product_tag","embeddable":true,"href":"https:\/\/fedemark.ee\/fi\/wp-json\/wp\/v2\/product_tag?post=7277"}],"curies":[{"name":"wp","href":"https:\/\/api.w.org\/{rel}","templated":true}]}}