{"id":7278,"date":"2017-06-19T09:06:05","date_gmt":"2017-06-19T09:06:05","guid":{"rendered":"https:\/\/sharks.ee\/fedemark\/shop\/uncategorized\/moodulkaiguteed\/"},"modified":"2017-11-14T10:33:46","modified_gmt":"2017-11-14T10:33:46","slug":"moduuleista-koostuvat-kulkutiet","status":"publish","type":"product","link":"https:\/\/fedemark.ee\/fi\/tuotteet\/kaiteet-ja-kulkutiet\/kulkutiet\/moduuleista-koostuvat-kulkutiet\/","title":{"rendered":"Moduuleista koostuvat kulkutiet"},"content":{"rendered":"","protected":false},"excerpt":{"rendered":"<p><em>Kattojen, laitteiden, kattoikkunoiden tai katon p\u00e4\u00e4llysteen korjaamiseen<\/em><\/p>\n<p>Erikoistilauksesta valmistetut kulkutiet kattojen, laitteiden, kattoikkunoiden tai katon p\u00e4\u00e4llysteen korjaamiseen. Alumiiniportaista tehdyt tilap\u00e4iset tiet turvalliseen liikkumiseen aroilla tai liukkailla katoilla tai ty\u00f6skentelyyn paikoissa, joihin ei ole p\u00e4\u00e4sy\u00e4. Kulkutiet ovat ruostumattomia ja varustettu liukumattomalla muhkuraisella alustalla. Ne ovat helposti koottavia, kevyit\u00e4 ja niit\u00e4 voi asentaa jo olemassa oleviin rakenteisiin. Halutessa ne voi varustaa yhdell\u00e4 (vasemman- tai oikeanpuoleisella) tai kahdella suojakaiteella (tarkoitettu ja tehty nimenomaan ty\u00f6skentelevien henkil\u00f6iden suojaamiseen ja turvallisuuden varmistamiseen).<\/p>\n<p>Kulkutiet voivat olla:<br \/>\n1) Moduuleista koostuvia tai erikoistilauksesta valmistettuja<br \/>\n2) Vasemman- tai oikeanpuoleisilla suojakaiteilla varustettuja tai ilman niit\u00e4<br \/>\n3) &#8211; Vakiopituudella 600 mm<br \/>\n&#8211; Erikoisella tilattavalla leveydell\u00e4:\u00a0700\/800\/900\/1000 mm<br \/>\n&#8211; Erikoistilatulla leveydell\u00e4<br \/>\n4) Moduuleista koostuvana vakiopituudella 2 ja 3 m<br \/>\n&#8211; Moduuleita voi kiinnitt\u00e4\u00e4 toisiinsa<br \/>\n&#8211; Erikoistilatulla pituudella<br \/>\n5) Joustavat, joka mahdollistaa hyv\u00e4n asennuksen pinnan kaarevuuksiin tai virheisiin<\/p>\n<p>Huomautus: k\u00e4tev\u00e4t mitat, jotka takaavat helpon kuljetuksen<\/p>\n<p>Svelt-kulkutie on tarkoitettu k\u00e4ytett\u00e4v\u00e4ksi t\u00e4ysin tasaisia tai liev\u00e4sti kaltevia pintoja tai tukia vasten, joiden enimm\u00e4iset\u00e4isyys keskikohdasta keskikohtaan on 1500 mm ja kantavuus enint. 100 kg jokaista juoksumetri\u00e4 kohti (jaettu). Erikoisvaatimusten osalta (esimerkiksi et\u00e4isyys keskikohdasta keskikohtaan &gt; 1500 mm) l\u00e4hett\u00e4k\u00e4\u00e4 tiedustelu, jossa on esitettyin\u00e4 erikoisvaatimukset, kuten kulkutien mitat, tukien v\u00e4liset et\u00e4isyydet, kantavuus ja k\u00e4ytt\u00f6paikka.<\/p>\n<p>Kulkuteit\u00e4 voi valmistaa erikoistilauksen mukaan vaaditun pituuden mukaisesti. Osaamme suunnitella kiinnityskohdat, jotka sopivat tapaiselle tai kaltevalle pinnalle (my\u00f6s seinille).<br \/>\nKulkuteit\u00e4 ei ole tarkoitettu turvalinjaj\u00e4rjestelmien asentamiseen.<\/p>\n<p>N\u00e4m\u00e4 tuotteet on valmistettu ISO 9000 vaatimusten mukaisesti ja MODUULEISTA KOOSTUVAT KULKUTIET UNI EN 287\/1 ja EN ISO 9602\/2 vaatimusten mukaisesti.<br \/>\nHitsaajamme ja hitsausaggregaattimme l\u00e4p\u00e4isev\u00e4t s\u00e4\u00e4nn\u00f6llisesti hyv\u00e4ksytyn laboratorion tarkastuksen, joka my\u00f6nt\u00e4\u00e4 toiminta-, teho- ja tarkkuustestien l\u00e4p\u00e4isemisest\u00e4 lisenssin.<br \/>\nRaaka-aineentoimittajamme on sertifioitu ISO9001 vaatimusten mukaisesti.<br \/>\nTuotteemme on hitsattu TIG-menetelm\u00e4ll\u00e4.<\/p>\n<p>SVELT-KULKUTIET on suunniteltu paikallisten m\u00e4\u00e4r\u00e4ysten mukaisesti.<\/p>\n","protected":false},"featured_media":10331,"comment_status":"open","ping_status":"closed","template":"","meta":{"footnotes":""},"product_cat":[179,180],"product_tag":[],"yoast_head":"<!-- This site is optimized with the Yoast SEO plugin v22.6 - https:\/\/yoast.com\/wordpress\/plugins\/seo\/ -->\n<title>Moduuleista koostuvat kulkutiet - Fedemark<\/title>\n<meta name=\"robots\" content=\"index, follow, max-snippet:-1, max-image-preview:large, max-video-preview:-1\" \/>\n<link rel=\"canonical\" href=\"https:\/\/fedemark.ee\/fi\/tuotteet\/kaiteet-ja-kulkutiet\/kulkutiet\/moduuleista-koostuvat-kulkutiet\/\" \/>\n<meta property=\"og:locale\" content=\"fi_FI\" \/>\n<meta property=\"og:type\" content=\"article\" \/>\n<meta property=\"og:title\" content=\"Moduuleista koostuvat kulkutiet - Fedemark\" \/>\n<meta property=\"og:description\" content=\"Kattojen, laitteiden, kattoikkunoiden tai katon p\u00e4\u00e4llysteen korjaamiseen  Erikoistilauksesta valmistetut kulkutiet kattojen, laitteiden, kattoikkunoiden tai katon p\u00e4\u00e4llysteen korjaamiseen. Alumiiniportaista tehdyt tilap\u00e4iset tiet turvalliseen liikkumiseen aroilla tai liukkailla katoilla tai ty\u00f6skentelyyn paikoissa, joihin ei ole p\u00e4\u00e4sy\u00e4. Kulkutiet ovat ruostumattomia ja varustettu liukumattomalla muhkuraisella alustalla. Ne ovat helposti koottavia, kevyit\u00e4 ja niit\u00e4 voi asentaa jo olemassa oleviin rakenteisiin. Halutessa ne voi varustaa yhdell\u00e4 (vasemman- tai oikeanpuoleisella) tai kahdella suojakaiteella (tarkoitettu ja tehty nimenomaan ty\u00f6skentelevien henkil\u00f6iden suojaamiseen ja turvallisuuden varmistamiseen).  Kulkutiet voivat olla: 1) Moduuleista koostuvia tai erikoistilauksesta valmistettuja 2) Vasemman- tai oikeanpuoleisilla suojakaiteilla varustettuja tai ilman niit\u00e4 3) - Vakiopituudella 600 mm - Erikoisella tilattavalla leveydell\u00e4:\u00a0700\/800\/900\/1000 mm - Erikoistilatulla leveydell\u00e4 4) Moduuleista koostuvana vakiopituudella 2 ja 3 m - Moduuleita voi kiinnitt\u00e4\u00e4 toisiinsa - Erikoistilatulla pituudella 5) Joustavat, joka mahdollistaa hyv\u00e4n asennuksen pinnan kaarevuuksiin tai virheisiin  Huomautus: k\u00e4tev\u00e4t mitat, jotka takaavat helpon kuljetuksen  Svelt-kulkutie on tarkoitettu k\u00e4ytett\u00e4v\u00e4ksi t\u00e4ysin tasaisia tai liev\u00e4sti kaltevia pintoja tai tukia vasten, joiden enimm\u00e4iset\u00e4isyys keskikohdasta keskikohtaan on 1500 mm ja kantavuus enint. 100 kg jokaista juoksumetri\u00e4 kohti (jaettu). Erikoisvaatimusten osalta (esimerkiksi et\u00e4isyys keskikohdasta keskikohtaan &gt; 1500 mm) l\u00e4hett\u00e4k\u00e4\u00e4 tiedustelu, jossa on esitettyin\u00e4 erikoisvaatimukset, kuten kulkutien mitat, tukien v\u00e4liset et\u00e4isyydet, kantavuus ja k\u00e4ytt\u00f6paikka.  Kulkuteit\u00e4 voi valmistaa erikoistilauksen mukaan vaaditun pituuden mukaisesti. Osaamme suunnitella kiinnityskohdat, jotka sopivat tapaiselle tai kaltevalle pinnalle (my\u00f6s seinille). Kulkuteit\u00e4 ei ole tarkoitettu turvalinjaj\u00e4rjestelmien asentamiseen.  N\u00e4m\u00e4 tuotteet on valmistettu ISO 9000 vaatimusten mukaisesti ja MODUULEISTA KOOSTUVAT KULKUTIET UNI EN 287\/1 ja EN ISO 9602\/2 vaatimusten mukaisesti. Hitsaajamme ja hitsausaggregaattimme l\u00e4p\u00e4isev\u00e4t s\u00e4\u00e4nn\u00f6llisesti hyv\u00e4ksytyn laboratorion tarkastuksen, joka my\u00f6nt\u00e4\u00e4 toiminta-, teho- ja tarkkuustestien l\u00e4p\u00e4isemisest\u00e4 lisenssin. Raaka-aineentoimittajamme on sertifioitu ISO9001 vaatimusten mukaisesti. Tuotteemme on hitsattu TIG-menetelm\u00e4ll\u00e4.  SVELT-KULKUTIET on suunniteltu paikallisten m\u00e4\u00e4r\u00e4ysten mukaisesti.\" \/>\n<meta property=\"og:url\" content=\"https:\/\/fedemark.ee\/fi\/tuotteet\/kaiteet-ja-kulkutiet\/kulkutiet\/moduuleista-koostuvat-kulkutiet\/\" \/>\n<meta property=\"og:site_name\" content=\"Fedemark\" \/>\n<meta property=\"article:modified_time\" content=\"2017-11-14T10:33:46+00:00\" \/>\n<meta property=\"og:image\" content=\"https:\/\/fedemark.ee\/wp-content\/uploads\/2017\/06\/Modular-walkways-1.jpg\" \/>\n\t<meta property=\"og:image:width\" content=\"800\" \/>\n\t<meta property=\"og:image:height\" content=\"534\" \/>\n\t<meta property=\"og:image:type\" content=\"image\/jpeg\" \/>\n<meta name=\"twitter:card\" content=\"summary_large_image\" \/>\n<script type=\"application\/ld+json\" class=\"yoast-schema-graph\">{\"@context\":\"https:\/\/schema.org\",\"@graph\":[{\"@type\":\"WebPage\",\"@id\":\"https:\/\/fedemark.ee\/fi\/tuotteet\/kaiteet-ja-kulkutiet\/kulkutiet\/moduuleista-koostuvat-kulkutiet\/\",\"url\":\"https:\/\/fedemark.ee\/fi\/tuotteet\/kaiteet-ja-kulkutiet\/kulkutiet\/moduuleista-koostuvat-kulkutiet\/\",\"name\":\"Moduuleista koostuvat kulkutiet - Fedemark\",\"isPartOf\":{\"@id\":\"https:\/\/fedemark.ee\/#website\"},\"primaryImageOfPage\":{\"@id\":\"https:\/\/fedemark.ee\/fi\/tuotteet\/kaiteet-ja-kulkutiet\/kulkutiet\/moduuleista-koostuvat-kulkutiet\/#primaryimage\"},\"image\":{\"@id\":\"https:\/\/fedemark.ee\/fi\/tuotteet\/kaiteet-ja-kulkutiet\/kulkutiet\/moduuleista-koostuvat-kulkutiet\/#primaryimage\"},\"thumbnailUrl\":\"https:\/\/fedemark.ee\/wp-content\/uploads\/2017\/06\/Modular-walkways-1.jpg\",\"datePublished\":\"2017-06-19T09:06:05+00:00\",\"dateModified\":\"2017-11-14T10:33:46+00:00\",\"breadcrumb\":{\"@id\":\"https:\/\/fedemark.ee\/fi\/tuotteet\/kaiteet-ja-kulkutiet\/kulkutiet\/moduuleista-koostuvat-kulkutiet\/#breadcrumb\"},\"inLanguage\":\"fi-FI\",\"potentialAction\":[{\"@type\":\"ReadAction\",\"target\":[\"https:\/\/fedemark.ee\/fi\/tuotteet\/kaiteet-ja-kulkutiet\/kulkutiet\/moduuleista-koostuvat-kulkutiet\/\"]}]},{\"@type\":\"ImageObject\",\"inLanguage\":\"fi-FI\",\"@id\":\"https:\/\/fedemark.ee\/fi\/tuotteet\/kaiteet-ja-kulkutiet\/kulkutiet\/moduuleista-koostuvat-kulkutiet\/#primaryimage\",\"url\":\"https:\/\/fedemark.ee\/wp-content\/uploads\/2017\/06\/Modular-walkways-1.jpg\",\"contentUrl\":\"https:\/\/fedemark.ee\/wp-content\/uploads\/2017\/06\/Modular-walkways-1.jpg\",\"width\":800,\"height\":534},{\"@type\":\"BreadcrumbList\",\"@id\":\"https:\/\/fedemark.ee\/fi\/tuotteet\/kaiteet-ja-kulkutiet\/kulkutiet\/moduuleista-koostuvat-kulkutiet\/#breadcrumb\",\"itemListElement\":[{\"@type\":\"ListItem\",\"position\":1,\"name\":\"Home\",\"item\":\"https:\/\/fedemark.ee\/fi\/\"},{\"@type\":\"ListItem\",\"position\":2,\"name\":\"Tuotteet\",\"item\":\"https:\/\/fedemark.ee\/fi\/tuotteet\/\"},{\"@type\":\"ListItem\",\"position\":3,\"name\":\"Moduuleista koostuvat kulkutiet\"}]},{\"@type\":\"WebSite\",\"@id\":\"https:\/\/fedemark.ee\/#website\",\"url\":\"https:\/\/fedemark.ee\/\",\"name\":\"Fedemark\",\"description\":\"Redelid, Tellingud, T\u00f6\u00f6platvormid ja vahekorrused\",\"potentialAction\":[{\"@type\":\"SearchAction\",\"target\":{\"@type\":\"EntryPoint\",\"urlTemplate\":\"https:\/\/fedemark.ee\/?s={search_term_string}\"},\"query-input\":\"required name=search_term_string\"}],\"inLanguage\":\"fi-FI\"}]}<\/script>\n<!-- \/ Yoast SEO plugin. -->","yoast_head_json":{"title":"Moduuleista koostuvat kulkutiet - Fedemark","robots":{"index":"index","follow":"follow","max-snippet":"max-snippet:-1","max-image-preview":"max-image-preview:large","max-video-preview":"max-video-preview:-1"},"canonical":"https:\/\/fedemark.ee\/fi\/tuotteet\/kaiteet-ja-kulkutiet\/kulkutiet\/moduuleista-koostuvat-kulkutiet\/","og_locale":"fi_FI","og_type":"article","og_title":"Moduuleista koostuvat kulkutiet - Fedemark","og_description":"Kattojen, laitteiden, kattoikkunoiden tai katon p\u00e4\u00e4llysteen korjaamiseen  Erikoistilauksesta valmistetut kulkutiet kattojen, laitteiden, kattoikkunoiden tai katon p\u00e4\u00e4llysteen korjaamiseen. Alumiiniportaista tehdyt tilap\u00e4iset tiet turvalliseen liikkumiseen aroilla tai liukkailla katoilla tai ty\u00f6skentelyyn paikoissa, joihin ei ole p\u00e4\u00e4sy\u00e4. Kulkutiet ovat ruostumattomia ja varustettu liukumattomalla muhkuraisella alustalla. Ne ovat helposti koottavia, kevyit\u00e4 ja niit\u00e4 voi asentaa jo olemassa oleviin rakenteisiin. Halutessa ne voi varustaa yhdell\u00e4 (vasemman- tai oikeanpuoleisella) tai kahdella suojakaiteella (tarkoitettu ja tehty nimenomaan ty\u00f6skentelevien henkil\u00f6iden suojaamiseen ja turvallisuuden varmistamiseen).  Kulkutiet voivat olla: 1) Moduuleista koostuvia tai erikoistilauksesta valmistettuja 2) Vasemman- tai oikeanpuoleisilla suojakaiteilla varustettuja tai ilman niit\u00e4 3) - Vakiopituudella 600 mm - Erikoisella tilattavalla leveydell\u00e4:\u00a0700\/800\/900\/1000 mm - Erikoistilatulla leveydell\u00e4 4) Moduuleista koostuvana vakiopituudella 2 ja 3 m - Moduuleita voi kiinnitt\u00e4\u00e4 toisiinsa - Erikoistilatulla pituudella 5) Joustavat, joka mahdollistaa hyv\u00e4n asennuksen pinnan kaarevuuksiin tai virheisiin  Huomautus: k\u00e4tev\u00e4t mitat, jotka takaavat helpon kuljetuksen  Svelt-kulkutie on tarkoitettu k\u00e4ytett\u00e4v\u00e4ksi t\u00e4ysin tasaisia tai liev\u00e4sti kaltevia pintoja tai tukia vasten, joiden enimm\u00e4iset\u00e4isyys keskikohdasta keskikohtaan on 1500 mm ja kantavuus enint. 100 kg jokaista juoksumetri\u00e4 kohti (jaettu). Erikoisvaatimusten osalta (esimerkiksi et\u00e4isyys keskikohdasta keskikohtaan &gt; 1500 mm) l\u00e4hett\u00e4k\u00e4\u00e4 tiedustelu, jossa on esitettyin\u00e4 erikoisvaatimukset, kuten kulkutien mitat, tukien v\u00e4liset et\u00e4isyydet, kantavuus ja k\u00e4ytt\u00f6paikka.  Kulkuteit\u00e4 voi valmistaa erikoistilauksen mukaan vaaditun pituuden mukaisesti. Osaamme suunnitella kiinnityskohdat, jotka sopivat tapaiselle tai kaltevalle pinnalle (my\u00f6s seinille). Kulkuteit\u00e4 ei ole tarkoitettu turvalinjaj\u00e4rjestelmien asentamiseen.  N\u00e4m\u00e4 tuotteet on valmistettu ISO 9000 vaatimusten mukaisesti ja MODUULEISTA KOOSTUVAT KULKUTIET UNI EN 287\/1 ja EN ISO 9602\/2 vaatimusten mukaisesti. Hitsaajamme ja hitsausaggregaattimme l\u00e4p\u00e4isev\u00e4t s\u00e4\u00e4nn\u00f6llisesti hyv\u00e4ksytyn laboratorion tarkastuksen, joka my\u00f6nt\u00e4\u00e4 toiminta-, teho- ja tarkkuustestien l\u00e4p\u00e4isemisest\u00e4 lisenssin. Raaka-aineentoimittajamme on sertifioitu ISO9001 vaatimusten mukaisesti. Tuotteemme on hitsattu TIG-menetelm\u00e4ll\u00e4.  SVELT-KULKUTIET on suunniteltu paikallisten m\u00e4\u00e4r\u00e4ysten mukaisesti.","og_url":"https:\/\/fedemark.ee\/fi\/tuotteet\/kaiteet-ja-kulkutiet\/kulkutiet\/moduuleista-koostuvat-kulkutiet\/","og_site_name":"Fedemark","article_modified_time":"2017-11-14T10:33:46+00:00","og_image":[{"width":800,"height":534,"url":"https:\/\/fedemark.ee\/wp-content\/uploads\/2017\/06\/Modular-walkways-1.jpg","type":"image\/jpeg"}],"twitter_card":"summary_large_image","schema":{"@context":"https:\/\/schema.org","@graph":[{"@type":"WebPage","@id":"https:\/\/fedemark.ee\/fi\/tuotteet\/kaiteet-ja-kulkutiet\/kulkutiet\/moduuleista-koostuvat-kulkutiet\/","url":"https:\/\/fedemark.ee\/fi\/tuotteet\/kaiteet-ja-kulkutiet\/kulkutiet\/moduuleista-koostuvat-kulkutiet\/","name":"Moduuleista koostuvat kulkutiet - Fedemark","isPartOf":{"@id":"https:\/\/fedemark.ee\/#website"},"primaryImageOfPage":{"@id":"https:\/\/fedemark.ee\/fi\/tuotteet\/kaiteet-ja-kulkutiet\/kulkutiet\/moduuleista-koostuvat-kulkutiet\/#primaryimage"},"image":{"@id":"https:\/\/fedemark.ee\/fi\/tuotteet\/kaiteet-ja-kulkutiet\/kulkutiet\/moduuleista-koostuvat-kulkutiet\/#primaryimage"},"thumbnailUrl":"https:\/\/fedemark.ee\/wp-content\/uploads\/2017\/06\/Modular-walkways-1.jpg","datePublished":"2017-06-19T09:06:05+00:00","dateModified":"2017-11-14T10:33:46+00:00","breadcrumb":{"@id":"https:\/\/fedemark.ee\/fi\/tuotteet\/kaiteet-ja-kulkutiet\/kulkutiet\/moduuleista-koostuvat-kulkutiet\/#breadcrumb"},"inLanguage":"fi-FI","potentialAction":[{"@type":"ReadAction","target":["https:\/\/fedemark.ee\/fi\/tuotteet\/kaiteet-ja-kulkutiet\/kulkutiet\/moduuleista-koostuvat-kulkutiet\/"]}]},{"@type":"ImageObject","inLanguage":"fi-FI","@id":"https:\/\/fedemark.ee\/fi\/tuotteet\/kaiteet-ja-kulkutiet\/kulkutiet\/moduuleista-koostuvat-kulkutiet\/#primaryimage","url":"https:\/\/fedemark.ee\/wp-content\/uploads\/2017\/06\/Modular-walkways-1.jpg","contentUrl":"https:\/\/fedemark.ee\/wp-content\/uploads\/2017\/06\/Modular-walkways-1.jpg","width":800,"height":534},{"@type":"BreadcrumbList","@id":"https:\/\/fedemark.ee\/fi\/tuotteet\/kaiteet-ja-kulkutiet\/kulkutiet\/moduuleista-koostuvat-kulkutiet\/#breadcrumb","itemListElement":[{"@type":"ListItem","position":1,"name":"Home","item":"https:\/\/fedemark.ee\/fi\/"},{"@type":"ListItem","position":2,"name":"Tuotteet","item":"https:\/\/fedemark.ee\/fi\/tuotteet\/"},{"@type":"ListItem","position":3,"name":"Moduuleista koostuvat kulkutiet"}]},{"@type":"WebSite","@id":"https:\/\/fedemark.ee\/#website","url":"https:\/\/fedemark.ee\/","name":"Fedemark","description":"Redelid, Tellingud, T\u00f6\u00f6platvormid ja vahekorrused","potentialAction":[{"@type":"SearchAction","target":{"@type":"EntryPoint","urlTemplate":"https:\/\/fedemark.ee\/?s={search_term_string}"},"query-input":"required name=search_term_string"}],"inLanguage":"fi-FI"}]}},"_links":{"self":[{"href":"https:\/\/fedemark.ee\/fi\/wp-json\/wp\/v2\/product\/7278"}],"collection":[{"href":"https:\/\/fedemark.ee\/fi\/wp-json\/wp\/v2\/product"}],"about":[{"href":"https:\/\/fedemark.ee\/fi\/wp-json\/wp\/v2\/types\/product"}],"replies":[{"embeddable":true,"href":"https:\/\/fedemark.ee\/fi\/wp-json\/wp\/v2\/comments?post=7278"}],"version-history":[{"count":1,"href":"https:\/\/fedemark.ee\/fi\/wp-json\/wp\/v2\/product\/7278\/revisions"}],"predecessor-version":[{"id":10624,"href":"https:\/\/fedemark.ee\/fi\/wp-json\/wp\/v2\/product\/7278\/revisions\/10624"}],"wp:featuredmedia":[{"embeddable":true,"href":"https:\/\/fedemark.ee\/fi\/wp-json\/wp\/v2\/media\/10331"}],"wp:attachment":[{"href":"https:\/\/fedemark.ee\/fi\/wp-json\/wp\/v2\/media?parent=7278"}],"wp:term":[{"taxonomy":"product_cat","embeddable":true,"href":"https:\/\/fedemark.ee\/fi\/wp-json\/wp\/v2\/product_cat?post=7278"},{"taxonomy":"product_tag","embeddable":true,"href":"https:\/\/fedemark.ee\/fi\/wp-json\/wp\/v2\/product_tag?post=7278"}],"curies":[{"name":"wp","href":"https:\/\/api.w.org\/{rel}","templated":true}]}}