{"id":7280,"date":"2017-06-19T09:14:26","date_gmt":"2017-06-19T09:14:26","guid":{"rendered":"https:\/\/sharks.ee\/fedemark\/shop\/uncategorized\/erilahendusega-kaiguteed\/"},"modified":"2017-07-25T11:51:58","modified_gmt":"2017-07-25T11:51:58","slug":"erikoiskulkutiet","status":"publish","type":"product","link":"https:\/\/fedemark.ee\/fi\/tuotteet\/kaiteet-ja-kulkutiet\/kulkutiet\/erikoiskulkutiet\/","title":{"rendered":"Erikoiskulkutiet"},"content":{"rendered":"","protected":false},"excerpt":{"rendered":"<p><em>Erikoisrakenteita varten<\/em><\/p>\n<p>Kulkuteit\u00e4mme on mahdollista suunnitella erikoisk\u00e4ytt\u00f6\u00f6n erityisin mitoin.<br \/>\nT\u00e4ss\u00e4 esimerkiss\u00e4 olemme suunnitelleet 9 metri\u00e4 pitk\u00e4n alustan, joka on tarkoitettu Venetsian autolauttojen suuren sis\u00e4\u00e4najoportin huoltot\u00f6iden suorittamiseen.<\/p>\n<p>Kaikki n\u00e4m\u00e4 alustat ovat alumiinisia ja ruoste ei voi vahingoittaa niit\u00e4.<\/p>\n<p>Kulkutiet voivat olla suojakaitein tai varvaslaudoin ja koukuin varustettuja ja tarkoitettuja kohteisiin tai laitteisiin, joihin ne asennetaan.<\/p>\n<p>Kulkutiet ovat helposti asennettavia ja eritt\u00e4in kevyit\u00e4 ja ne voi kiinnitt\u00e4\u00e4 my\u00f6s olemassa oleviin kiinnityspisteisiin.<\/p>\n<p>Hitsaus TIG-j\u00e4rjestelm\u00e4ll\u00e4.<\/p>\n","protected":false},"featured_media":7614,"comment_status":"open","ping_status":"closed","template":"","meta":{"footnotes":""},"product_cat":[179,180],"product_tag":[],"yoast_head":"<!-- This site is optimized with the Yoast SEO plugin v22.6 - https:\/\/yoast.com\/wordpress\/plugins\/seo\/ -->\n<title>Erikoiskulkutiet - Fedemark<\/title>\n<meta name=\"robots\" content=\"index, follow, max-snippet:-1, max-image-preview:large, max-video-preview:-1\" \/>\n<link rel=\"canonical\" href=\"https:\/\/fedemark.ee\/fi\/tuotteet\/kaiteet-ja-kulkutiet\/kulkutiet\/erikoiskulkutiet\/\" \/>\n<meta property=\"og:locale\" content=\"fi_FI\" \/>\n<meta property=\"og:type\" content=\"article\" \/>\n<meta property=\"og:title\" content=\"Erikoiskulkutiet - Fedemark\" \/>\n<meta property=\"og:description\" content=\"Erikoisrakenteita varten  Kulkuteit\u00e4mme on mahdollista suunnitella erikoisk\u00e4ytt\u00f6\u00f6n erityisin mitoin. T\u00e4ss\u00e4 esimerkiss\u00e4 olemme suunnitelleet 9 metri\u00e4 pitk\u00e4n alustan, joka on tarkoitettu Venetsian autolauttojen suuren sis\u00e4\u00e4najoportin huoltot\u00f6iden suorittamiseen.  Kaikki n\u00e4m\u00e4 alustat ovat alumiinisia ja ruoste ei voi vahingoittaa niit\u00e4.  Kulkutiet voivat olla suojakaitein tai varvaslaudoin ja koukuin varustettuja ja tarkoitettuja kohteisiin tai laitteisiin, joihin ne asennetaan.  Kulkutiet ovat helposti asennettavia ja eritt\u00e4in kevyit\u00e4 ja ne voi kiinnitt\u00e4\u00e4 my\u00f6s olemassa oleviin kiinnityspisteisiin.  Hitsaus TIG-j\u00e4rjestelm\u00e4ll\u00e4.\" \/>\n<meta property=\"og:url\" content=\"https:\/\/fedemark.ee\/fi\/tuotteet\/kaiteet-ja-kulkutiet\/kulkutiet\/erikoiskulkutiet\/\" \/>\n<meta property=\"og:site_name\" content=\"Fedemark\" \/>\n<meta property=\"article:modified_time\" content=\"2017-07-25T11:51:58+00:00\" \/>\n<meta property=\"og:image\" content=\"https:\/\/fedemark.ee\/wp-content\/uploads\/2017\/06\/Special-walkways.jpg\" \/>\n\t<meta property=\"og:image:width\" content=\"709\" \/>\n\t<meta property=\"og:image:height\" content=\"600\" \/>\n\t<meta property=\"og:image:type\" content=\"image\/jpeg\" \/>\n<meta name=\"twitter:card\" content=\"summary_large_image\" \/>\n<script type=\"application\/ld+json\" class=\"yoast-schema-graph\">{\"@context\":\"https:\/\/schema.org\",\"@graph\":[{\"@type\":\"WebPage\",\"@id\":\"https:\/\/fedemark.ee\/fi\/tuotteet\/kaiteet-ja-kulkutiet\/kulkutiet\/erikoiskulkutiet\/\",\"url\":\"https:\/\/fedemark.ee\/fi\/tuotteet\/kaiteet-ja-kulkutiet\/kulkutiet\/erikoiskulkutiet\/\",\"name\":\"Erikoiskulkutiet - Fedemark\",\"isPartOf\":{\"@id\":\"https:\/\/fedemark.ee\/#website\"},\"primaryImageOfPage\":{\"@id\":\"https:\/\/fedemark.ee\/fi\/tuotteet\/kaiteet-ja-kulkutiet\/kulkutiet\/erikoiskulkutiet\/#primaryimage\"},\"image\":{\"@id\":\"https:\/\/fedemark.ee\/fi\/tuotteet\/kaiteet-ja-kulkutiet\/kulkutiet\/erikoiskulkutiet\/#primaryimage\"},\"thumbnailUrl\":\"https:\/\/fedemark.ee\/wp-content\/uploads\/2017\/06\/Special-walkways.jpg\",\"datePublished\":\"2017-06-19T09:14:26+00:00\",\"dateModified\":\"2017-07-25T11:51:58+00:00\",\"breadcrumb\":{\"@id\":\"https:\/\/fedemark.ee\/fi\/tuotteet\/kaiteet-ja-kulkutiet\/kulkutiet\/erikoiskulkutiet\/#breadcrumb\"},\"inLanguage\":\"fi-FI\",\"potentialAction\":[{\"@type\":\"ReadAction\",\"target\":[\"https:\/\/fedemark.ee\/fi\/tuotteet\/kaiteet-ja-kulkutiet\/kulkutiet\/erikoiskulkutiet\/\"]}]},{\"@type\":\"ImageObject\",\"inLanguage\":\"fi-FI\",\"@id\":\"https:\/\/fedemark.ee\/fi\/tuotteet\/kaiteet-ja-kulkutiet\/kulkutiet\/erikoiskulkutiet\/#primaryimage\",\"url\":\"https:\/\/fedemark.ee\/wp-content\/uploads\/2017\/06\/Special-walkways.jpg\",\"contentUrl\":\"https:\/\/fedemark.ee\/wp-content\/uploads\/2017\/06\/Special-walkways.jpg\",\"width\":709,\"height\":600},{\"@type\":\"BreadcrumbList\",\"@id\":\"https:\/\/fedemark.ee\/fi\/tuotteet\/kaiteet-ja-kulkutiet\/kulkutiet\/erikoiskulkutiet\/#breadcrumb\",\"itemListElement\":[{\"@type\":\"ListItem\",\"position\":1,\"name\":\"Home\",\"item\":\"https:\/\/fedemark.ee\/fi\/\"},{\"@type\":\"ListItem\",\"position\":2,\"name\":\"Tuotteet\",\"item\":\"https:\/\/fedemark.ee\/fi\/tuotteet\/\"},{\"@type\":\"ListItem\",\"position\":3,\"name\":\"Erikoiskulkutiet\"}]},{\"@type\":\"WebSite\",\"@id\":\"https:\/\/fedemark.ee\/#website\",\"url\":\"https:\/\/fedemark.ee\/\",\"name\":\"Fedemark\",\"description\":\"Redelid, Tellingud, T\u00f6\u00f6platvormid ja vahekorrused\",\"potentialAction\":[{\"@type\":\"SearchAction\",\"target\":{\"@type\":\"EntryPoint\",\"urlTemplate\":\"https:\/\/fedemark.ee\/?s={search_term_string}\"},\"query-input\":\"required name=search_term_string\"}],\"inLanguage\":\"fi-FI\"}]}<\/script>\n<!-- \/ Yoast SEO plugin. -->","yoast_head_json":{"title":"Erikoiskulkutiet - Fedemark","robots":{"index":"index","follow":"follow","max-snippet":"max-snippet:-1","max-image-preview":"max-image-preview:large","max-video-preview":"max-video-preview:-1"},"canonical":"https:\/\/fedemark.ee\/fi\/tuotteet\/kaiteet-ja-kulkutiet\/kulkutiet\/erikoiskulkutiet\/","og_locale":"fi_FI","og_type":"article","og_title":"Erikoiskulkutiet - Fedemark","og_description":"Erikoisrakenteita varten  Kulkuteit\u00e4mme on mahdollista suunnitella erikoisk\u00e4ytt\u00f6\u00f6n erityisin mitoin. T\u00e4ss\u00e4 esimerkiss\u00e4 olemme suunnitelleet 9 metri\u00e4 pitk\u00e4n alustan, joka on tarkoitettu Venetsian autolauttojen suuren sis\u00e4\u00e4najoportin huoltot\u00f6iden suorittamiseen.  Kaikki n\u00e4m\u00e4 alustat ovat alumiinisia ja ruoste ei voi vahingoittaa niit\u00e4.  Kulkutiet voivat olla suojakaitein tai varvaslaudoin ja koukuin varustettuja ja tarkoitettuja kohteisiin tai laitteisiin, joihin ne asennetaan.  Kulkutiet ovat helposti asennettavia ja eritt\u00e4in kevyit\u00e4 ja ne voi kiinnitt\u00e4\u00e4 my\u00f6s olemassa oleviin kiinnityspisteisiin.  Hitsaus TIG-j\u00e4rjestelm\u00e4ll\u00e4.","og_url":"https:\/\/fedemark.ee\/fi\/tuotteet\/kaiteet-ja-kulkutiet\/kulkutiet\/erikoiskulkutiet\/","og_site_name":"Fedemark","article_modified_time":"2017-07-25T11:51:58+00:00","og_image":[{"width":709,"height":600,"url":"https:\/\/fedemark.ee\/wp-content\/uploads\/2017\/06\/Special-walkways.jpg","type":"image\/jpeg"}],"twitter_card":"summary_large_image","schema":{"@context":"https:\/\/schema.org","@graph":[{"@type":"WebPage","@id":"https:\/\/fedemark.ee\/fi\/tuotteet\/kaiteet-ja-kulkutiet\/kulkutiet\/erikoiskulkutiet\/","url":"https:\/\/fedemark.ee\/fi\/tuotteet\/kaiteet-ja-kulkutiet\/kulkutiet\/erikoiskulkutiet\/","name":"Erikoiskulkutiet - Fedemark","isPartOf":{"@id":"https:\/\/fedemark.ee\/#website"},"primaryImageOfPage":{"@id":"https:\/\/fedemark.ee\/fi\/tuotteet\/kaiteet-ja-kulkutiet\/kulkutiet\/erikoiskulkutiet\/#primaryimage"},"image":{"@id":"https:\/\/fedemark.ee\/fi\/tuotteet\/kaiteet-ja-kulkutiet\/kulkutiet\/erikoiskulkutiet\/#primaryimage"},"thumbnailUrl":"https:\/\/fedemark.ee\/wp-content\/uploads\/2017\/06\/Special-walkways.jpg","datePublished":"2017-06-19T09:14:26+00:00","dateModified":"2017-07-25T11:51:58+00:00","breadcrumb":{"@id":"https:\/\/fedemark.ee\/fi\/tuotteet\/kaiteet-ja-kulkutiet\/kulkutiet\/erikoiskulkutiet\/#breadcrumb"},"inLanguage":"fi-FI","potentialAction":[{"@type":"ReadAction","target":["https:\/\/fedemark.ee\/fi\/tuotteet\/kaiteet-ja-kulkutiet\/kulkutiet\/erikoiskulkutiet\/"]}]},{"@type":"ImageObject","inLanguage":"fi-FI","@id":"https:\/\/fedemark.ee\/fi\/tuotteet\/kaiteet-ja-kulkutiet\/kulkutiet\/erikoiskulkutiet\/#primaryimage","url":"https:\/\/fedemark.ee\/wp-content\/uploads\/2017\/06\/Special-walkways.jpg","contentUrl":"https:\/\/fedemark.ee\/wp-content\/uploads\/2017\/06\/Special-walkways.jpg","width":709,"height":600},{"@type":"BreadcrumbList","@id":"https:\/\/fedemark.ee\/fi\/tuotteet\/kaiteet-ja-kulkutiet\/kulkutiet\/erikoiskulkutiet\/#breadcrumb","itemListElement":[{"@type":"ListItem","position":1,"name":"Home","item":"https:\/\/fedemark.ee\/fi\/"},{"@type":"ListItem","position":2,"name":"Tuotteet","item":"https:\/\/fedemark.ee\/fi\/tuotteet\/"},{"@type":"ListItem","position":3,"name":"Erikoiskulkutiet"}]},{"@type":"WebSite","@id":"https:\/\/fedemark.ee\/#website","url":"https:\/\/fedemark.ee\/","name":"Fedemark","description":"Redelid, Tellingud, T\u00f6\u00f6platvormid ja vahekorrused","potentialAction":[{"@type":"SearchAction","target":{"@type":"EntryPoint","urlTemplate":"https:\/\/fedemark.ee\/?s={search_term_string}"},"query-input":"required name=search_term_string"}],"inLanguage":"fi-FI"}]}},"_links":{"self":[{"href":"https:\/\/fedemark.ee\/fi\/wp-json\/wp\/v2\/product\/7280"}],"collection":[{"href":"https:\/\/fedemark.ee\/fi\/wp-json\/wp\/v2\/product"}],"about":[{"href":"https:\/\/fedemark.ee\/fi\/wp-json\/wp\/v2\/types\/product"}],"replies":[{"embeddable":true,"href":"https:\/\/fedemark.ee\/fi\/wp-json\/wp\/v2\/comments?post=7280"}],"version-history":[{"count":0,"href":"https:\/\/fedemark.ee\/fi\/wp-json\/wp\/v2\/product\/7280\/revisions"}],"wp:featuredmedia":[{"embeddable":true,"href":"https:\/\/fedemark.ee\/fi\/wp-json\/wp\/v2\/media\/7614"}],"wp:attachment":[{"href":"https:\/\/fedemark.ee\/fi\/wp-json\/wp\/v2\/media?parent=7280"}],"wp:term":[{"taxonomy":"product_cat","embeddable":true,"href":"https:\/\/fedemark.ee\/fi\/wp-json\/wp\/v2\/product_cat?post=7280"},{"taxonomy":"product_tag","embeddable":true,"href":"https:\/\/fedemark.ee\/fi\/wp-json\/wp\/v2\/product_tag?post=7280"}],"curies":[{"name":"wp","href":"https:\/\/api.w.org\/{rel}","templated":true}]}}