{"id":7282,"date":"2017-06-19T09:20:46","date_gmt":"2017-06-19T09:20:46","guid":{"rendered":"https:\/\/sharks.ee\/fedemark\/shop\/uncategorized\/golia-al\/"},"modified":"2017-07-25T11:55:33","modified_gmt":"2017-07-25T11:55:33","slug":"golia-al","status":"publish","type":"product","link":"https:\/\/fedemark.ee\/fi\/tuotteet\/tavaravaunut\/alumiiniset-kasikarryt\/golia-al\/","title":{"rendered":"Golia AL"},"content":{"rendered":"","protected":false},"excerpt":{"rendered":"<p><em>Teolliset, kest\u00e4v\u00e4t alumiini k\u00e4sik\u00e4rryt.<\/em><\/p>\n<p>Teolliset, kest\u00e4v\u00e4t alumiiniset k\u00e4sik\u00e4rryt.<br \/>\nIlmarenkaat \u00f8 260 mm<br \/>\nHitsatut profiilit<\/p>\n<p>TEKNISET OMINAISUUDET<br \/>\nMateriaali: alumiini<br \/>\nPy\u00f6r\u00e4t: ilmarenkaat<br \/>\nKantavuus: 200 kg<br \/>\nMitat: 610&#215;450 mm x korkeus 1190 mm<br \/>\nPaino: 7,5 kg<\/p>\n","protected":false},"featured_media":7618,"comment_status":"open","ping_status":"closed","template":"","meta":{"footnotes":""},"product_cat":[182,181],"product_tag":[],"yoast_head":"<!-- This site is optimized with the Yoast SEO plugin v22.6 - https:\/\/yoast.com\/wordpress\/plugins\/seo\/ -->\n<title>Golia AL - Fedemark<\/title>\n<meta name=\"robots\" content=\"index, follow, max-snippet:-1, max-image-preview:large, max-video-preview:-1\" \/>\n<link rel=\"canonical\" href=\"https:\/\/fedemark.ee\/fi\/tuotteet\/tavaravaunut\/alumiiniset-kasikarryt\/golia-al\/\" \/>\n<meta property=\"og:locale\" content=\"fi_FI\" \/>\n<meta property=\"og:type\" content=\"article\" \/>\n<meta property=\"og:title\" content=\"Golia AL - Fedemark\" \/>\n<meta property=\"og:description\" content=\"Teolliset, kest\u00e4v\u00e4t alumiini k\u00e4sik\u00e4rryt.  Teolliset, kest\u00e4v\u00e4t alumiiniset k\u00e4sik\u00e4rryt. Ilmarenkaat \u00f8 260 mm Hitsatut profiilit  TEKNISET OMINAISUUDET Materiaali: alumiini Py\u00f6r\u00e4t: ilmarenkaat Kantavuus: 200 kg Mitat: 610x450 mm x korkeus 1190 mm Paino: 7,5 kg\" \/>\n<meta property=\"og:url\" content=\"https:\/\/fedemark.ee\/fi\/tuotteet\/tavaravaunut\/alumiiniset-kasikarryt\/golia-al\/\" \/>\n<meta property=\"og:site_name\" content=\"Fedemark\" \/>\n<meta property=\"article:modified_time\" content=\"2017-07-25T11:55:33+00:00\" \/>\n<meta property=\"og:image\" content=\"https:\/\/fedemark.ee\/wp-content\/uploads\/2017\/06\/Golia-AL.jpg\" \/>\n\t<meta property=\"og:image:width\" content=\"248\" \/>\n\t<meta property=\"og:image:height\" content=\"337\" \/>\n\t<meta property=\"og:image:type\" content=\"image\/jpeg\" \/>\n<meta name=\"twitter:card\" content=\"summary_large_image\" \/>\n<script type=\"application\/ld+json\" class=\"yoast-schema-graph\">{\"@context\":\"https:\/\/schema.org\",\"@graph\":[{\"@type\":\"WebPage\",\"@id\":\"https:\/\/fedemark.ee\/fi\/tuotteet\/tavaravaunut\/alumiiniset-kasikarryt\/golia-al\/\",\"url\":\"https:\/\/fedemark.ee\/fi\/tuotteet\/tavaravaunut\/alumiiniset-kasikarryt\/golia-al\/\",\"name\":\"Golia AL - Fedemark\",\"isPartOf\":{\"@id\":\"https:\/\/fedemark.ee\/#website\"},\"primaryImageOfPage\":{\"@id\":\"https:\/\/fedemark.ee\/fi\/tuotteet\/tavaravaunut\/alumiiniset-kasikarryt\/golia-al\/#primaryimage\"},\"image\":{\"@id\":\"https:\/\/fedemark.ee\/fi\/tuotteet\/tavaravaunut\/alumiiniset-kasikarryt\/golia-al\/#primaryimage\"},\"thumbnailUrl\":\"https:\/\/fedemark.ee\/wp-content\/uploads\/2017\/06\/Golia-AL.jpg\",\"datePublished\":\"2017-06-19T09:20:46+00:00\",\"dateModified\":\"2017-07-25T11:55:33+00:00\",\"breadcrumb\":{\"@id\":\"https:\/\/fedemark.ee\/fi\/tuotteet\/tavaravaunut\/alumiiniset-kasikarryt\/golia-al\/#breadcrumb\"},\"inLanguage\":\"fi-FI\",\"potentialAction\":[{\"@type\":\"ReadAction\",\"target\":[\"https:\/\/fedemark.ee\/fi\/tuotteet\/tavaravaunut\/alumiiniset-kasikarryt\/golia-al\/\"]}]},{\"@type\":\"ImageObject\",\"inLanguage\":\"fi-FI\",\"@id\":\"https:\/\/fedemark.ee\/fi\/tuotteet\/tavaravaunut\/alumiiniset-kasikarryt\/golia-al\/#primaryimage\",\"url\":\"https:\/\/fedemark.ee\/wp-content\/uploads\/2017\/06\/Golia-AL.jpg\",\"contentUrl\":\"https:\/\/fedemark.ee\/wp-content\/uploads\/2017\/06\/Golia-AL.jpg\",\"width\":248,\"height\":337},{\"@type\":\"BreadcrumbList\",\"@id\":\"https:\/\/fedemark.ee\/fi\/tuotteet\/tavaravaunut\/alumiiniset-kasikarryt\/golia-al\/#breadcrumb\",\"itemListElement\":[{\"@type\":\"ListItem\",\"position\":1,\"name\":\"Home\",\"item\":\"https:\/\/fedemark.ee\/fi\/\"},{\"@type\":\"ListItem\",\"position\":2,\"name\":\"Tuotteet\",\"item\":\"https:\/\/fedemark.ee\/fi\/tuotteet\/\"},{\"@type\":\"ListItem\",\"position\":3,\"name\":\"Golia AL\"}]},{\"@type\":\"WebSite\",\"@id\":\"https:\/\/fedemark.ee\/#website\",\"url\":\"https:\/\/fedemark.ee\/\",\"name\":\"Fedemark\",\"description\":\"Redelid, Tellingud, T\u00f6\u00f6platvormid ja vahekorrused\",\"potentialAction\":[{\"@type\":\"SearchAction\",\"target\":{\"@type\":\"EntryPoint\",\"urlTemplate\":\"https:\/\/fedemark.ee\/?s={search_term_string}\"},\"query-input\":\"required name=search_term_string\"}],\"inLanguage\":\"fi-FI\"}]}<\/script>\n<!-- \/ Yoast SEO plugin. -->","yoast_head_json":{"title":"Golia AL - Fedemark","robots":{"index":"index","follow":"follow","max-snippet":"max-snippet:-1","max-image-preview":"max-image-preview:large","max-video-preview":"max-video-preview:-1"},"canonical":"https:\/\/fedemark.ee\/fi\/tuotteet\/tavaravaunut\/alumiiniset-kasikarryt\/golia-al\/","og_locale":"fi_FI","og_type":"article","og_title":"Golia AL - Fedemark","og_description":"Teolliset, kest\u00e4v\u00e4t alumiini k\u00e4sik\u00e4rryt.  Teolliset, kest\u00e4v\u00e4t alumiiniset k\u00e4sik\u00e4rryt. Ilmarenkaat \u00f8 260 mm Hitsatut profiilit  TEKNISET OMINAISUUDET Materiaali: alumiini Py\u00f6r\u00e4t: ilmarenkaat Kantavuus: 200 kg Mitat: 610x450 mm x korkeus 1190 mm Paino: 7,5 kg","og_url":"https:\/\/fedemark.ee\/fi\/tuotteet\/tavaravaunut\/alumiiniset-kasikarryt\/golia-al\/","og_site_name":"Fedemark","article_modified_time":"2017-07-25T11:55:33+00:00","og_image":[{"width":248,"height":337,"url":"https:\/\/fedemark.ee\/wp-content\/uploads\/2017\/06\/Golia-AL.jpg","type":"image\/jpeg"}],"twitter_card":"summary_large_image","schema":{"@context":"https:\/\/schema.org","@graph":[{"@type":"WebPage","@id":"https:\/\/fedemark.ee\/fi\/tuotteet\/tavaravaunut\/alumiiniset-kasikarryt\/golia-al\/","url":"https:\/\/fedemark.ee\/fi\/tuotteet\/tavaravaunut\/alumiiniset-kasikarryt\/golia-al\/","name":"Golia AL - Fedemark","isPartOf":{"@id":"https:\/\/fedemark.ee\/#website"},"primaryImageOfPage":{"@id":"https:\/\/fedemark.ee\/fi\/tuotteet\/tavaravaunut\/alumiiniset-kasikarryt\/golia-al\/#primaryimage"},"image":{"@id":"https:\/\/fedemark.ee\/fi\/tuotteet\/tavaravaunut\/alumiiniset-kasikarryt\/golia-al\/#primaryimage"},"thumbnailUrl":"https:\/\/fedemark.ee\/wp-content\/uploads\/2017\/06\/Golia-AL.jpg","datePublished":"2017-06-19T09:20:46+00:00","dateModified":"2017-07-25T11:55:33+00:00","breadcrumb":{"@id":"https:\/\/fedemark.ee\/fi\/tuotteet\/tavaravaunut\/alumiiniset-kasikarryt\/golia-al\/#breadcrumb"},"inLanguage":"fi-FI","potentialAction":[{"@type":"ReadAction","target":["https:\/\/fedemark.ee\/fi\/tuotteet\/tavaravaunut\/alumiiniset-kasikarryt\/golia-al\/"]}]},{"@type":"ImageObject","inLanguage":"fi-FI","@id":"https:\/\/fedemark.ee\/fi\/tuotteet\/tavaravaunut\/alumiiniset-kasikarryt\/golia-al\/#primaryimage","url":"https:\/\/fedemark.ee\/wp-content\/uploads\/2017\/06\/Golia-AL.jpg","contentUrl":"https:\/\/fedemark.ee\/wp-content\/uploads\/2017\/06\/Golia-AL.jpg","width":248,"height":337},{"@type":"BreadcrumbList","@id":"https:\/\/fedemark.ee\/fi\/tuotteet\/tavaravaunut\/alumiiniset-kasikarryt\/golia-al\/#breadcrumb","itemListElement":[{"@type":"ListItem","position":1,"name":"Home","item":"https:\/\/fedemark.ee\/fi\/"},{"@type":"ListItem","position":2,"name":"Tuotteet","item":"https:\/\/fedemark.ee\/fi\/tuotteet\/"},{"@type":"ListItem","position":3,"name":"Golia AL"}]},{"@type":"WebSite","@id":"https:\/\/fedemark.ee\/#website","url":"https:\/\/fedemark.ee\/","name":"Fedemark","description":"Redelid, Tellingud, T\u00f6\u00f6platvormid ja vahekorrused","potentialAction":[{"@type":"SearchAction","target":{"@type":"EntryPoint","urlTemplate":"https:\/\/fedemark.ee\/?s={search_term_string}"},"query-input":"required name=search_term_string"}],"inLanguage":"fi-FI"}]}},"_links":{"self":[{"href":"https:\/\/fedemark.ee\/fi\/wp-json\/wp\/v2\/product\/7282"}],"collection":[{"href":"https:\/\/fedemark.ee\/fi\/wp-json\/wp\/v2\/product"}],"about":[{"href":"https:\/\/fedemark.ee\/fi\/wp-json\/wp\/v2\/types\/product"}],"replies":[{"embeddable":true,"href":"https:\/\/fedemark.ee\/fi\/wp-json\/wp\/v2\/comments?post=7282"}],"version-history":[{"count":0,"href":"https:\/\/fedemark.ee\/fi\/wp-json\/wp\/v2\/product\/7282\/revisions"}],"wp:featuredmedia":[{"embeddable":true,"href":"https:\/\/fedemark.ee\/fi\/wp-json\/wp\/v2\/media\/7618"}],"wp:attachment":[{"href":"https:\/\/fedemark.ee\/fi\/wp-json\/wp\/v2\/media?parent=7282"}],"wp:term":[{"taxonomy":"product_cat","embeddable":true,"href":"https:\/\/fedemark.ee\/fi\/wp-json\/wp\/v2\/product_cat?post=7282"},{"taxonomy":"product_tag","embeddable":true,"href":"https:\/\/fedemark.ee\/fi\/wp-json\/wp\/v2\/product_tag?post=7282"}],"curies":[{"name":"wp","href":"https:\/\/api.w.org\/{rel}","templated":true}]}}