{"id":7283,"date":"2017-06-19T09:24:11","date_gmt":"2017-06-19T09:24:11","guid":{"rendered":"https:\/\/sharks.ee\/fedemark\/shop\/uncategorized\/pop3\/"},"modified":"2017-07-25T11:56:35","modified_gmt":"2017-07-25T11:56:35","slug":"pop3","status":"publish","type":"product","link":"https:\/\/fedemark.ee\/fi\/tuotteet\/tavaravaunut\/alumiiniset-kasikarryt\/pop3\/","title":{"rendered":"POP3"},"content":{"rendered":"","protected":false},"excerpt":{"rendered":"<p><em>Monik\u00e4ytt\u00f6inen, teollinen, alumiininen k\u00e4sik\u00e4rry<\/em><\/p>\n<p>Ammattik\u00e4ytt\u00f6\u00f6n tarkoitettu kevyest\u00e4 puristetusta alumiinista valmistettu k\u00e4sik\u00e4rry, jossa on 3 erilaista k\u00e4ytt\u00f6asentoa:<br \/>\n1.\u00a0 4 py\u00f6r\u00e4ll\u00e4 avoimen kuorman kuljetukseen &#8211; kantavuus 450 kg<br \/>\n2. 2 py\u00f6r\u00e4ll\u00e4 laatikoiden ja kevyiden tavaroiden kuljetukseen &#8211; kantavuus 250 kg<br \/>\n3. 4 py\u00f6r\u00e4ll\u00e4 kallistettuna ja tuettuna raskaiden ja avointen tavaroiden kuljetukseen &#8211; kantavuus 250 kg<\/p>\n<p>K\u00e4rryss\u00e4 on asennon k\u00e4sin, ilman ty\u00f6v\u00e4lineit\u00e4 tai koukkuja tapahtuvaan muuttamiseen muutoskahvat. K\u00e4rryss\u00e4 on 2 rautanapaista ja kuulalaakerein varustettua ilmarenkaita py\u00f6r\u00e4\u00e4 \u00d8 260 mm, 2 k\u00e4\u00e4nnett\u00e4v\u00e4\u00e4 py\u00f6r\u00e4\u00e4 \u00d8 100 mm, 2 py\u00f6r\u00e4n tukea, lastaustaso (48 x 26 cm) ja puristetusta alumiinitangoista tehdyt kehystuet.<\/p>\n<p>TEKNISET OMINAISUUDET<br \/>\nMateriaali: alumiini<br \/>\nV\u00e4ri: alumiini<br \/>\nPy\u00f6r\u00e4t: kumiset ilmarenkaat<br \/>\nNapa: rautaa; kuulalaakerit<br \/>\nKantavuus: 250\u2212450 kg\u00a0(ks. asennot)<br \/>\nLeveys: 500 mm<br \/>\nKorkeus: 1220 mm<br \/>\nPy\u00f6r\u00e4t: 260&#215;85 mm<br \/>\nPaino: 12 kg<br \/>\nPutkiprofiili: 50&#215;20 mm<br \/>\nTason pituus:\u00a0260 mm<\/p>\n","protected":false},"featured_media":8406,"comment_status":"open","ping_status":"closed","template":"","meta":{"footnotes":""},"product_cat":[182,181],"product_tag":[],"yoast_head":"<!-- This site is optimized with the Yoast SEO plugin v22.6 - https:\/\/yoast.com\/wordpress\/plugins\/seo\/ -->\n<title>POP3 - Fedemark<\/title>\n<meta name=\"robots\" content=\"index, follow, max-snippet:-1, max-image-preview:large, max-video-preview:-1\" \/>\n<link rel=\"canonical\" href=\"https:\/\/fedemark.ee\/fi\/tuotteet\/tavaravaunut\/alumiiniset-kasikarryt\/pop3\/\" \/>\n<meta property=\"og:locale\" content=\"fi_FI\" \/>\n<meta property=\"og:type\" content=\"article\" \/>\n<meta property=\"og:title\" content=\"POP3 - Fedemark\" \/>\n<meta property=\"og:description\" content=\"Monik\u00e4ytt\u00f6inen, teollinen, alumiininen k\u00e4sik\u00e4rry  Ammattik\u00e4ytt\u00f6\u00f6n tarkoitettu kevyest\u00e4 puristetusta alumiinista valmistettu k\u00e4sik\u00e4rry, jossa on 3 erilaista k\u00e4ytt\u00f6asentoa: 1.\u00a0 4 py\u00f6r\u00e4ll\u00e4 avoimen kuorman kuljetukseen - kantavuus 450 kg 2. 2 py\u00f6r\u00e4ll\u00e4 laatikoiden ja kevyiden tavaroiden kuljetukseen - kantavuus 250 kg 3. 4 py\u00f6r\u00e4ll\u00e4 kallistettuna ja tuettuna raskaiden ja avointen tavaroiden kuljetukseen - kantavuus 250 kg  K\u00e4rryss\u00e4 on asennon k\u00e4sin, ilman ty\u00f6v\u00e4lineit\u00e4 tai koukkuja tapahtuvaan muuttamiseen muutoskahvat. K\u00e4rryss\u00e4 on 2 rautanapaista ja kuulalaakerein varustettua ilmarenkaita py\u00f6r\u00e4\u00e4 \u00d8 260 mm, 2 k\u00e4\u00e4nnett\u00e4v\u00e4\u00e4 py\u00f6r\u00e4\u00e4 \u00d8 100 mm, 2 py\u00f6r\u00e4n tukea, lastaustaso (48 x 26 cm) ja puristetusta alumiinitangoista tehdyt kehystuet.  TEKNISET OMINAISUUDET Materiaali: alumiini V\u00e4ri: alumiini Py\u00f6r\u00e4t: kumiset ilmarenkaat Napa: rautaa; kuulalaakerit Kantavuus: 250\u2212450 kg\u00a0(ks. asennot) Leveys: 500 mm Korkeus: 1220 mm Py\u00f6r\u00e4t: 260x85 mm Paino: 12 kg Putkiprofiili: 50x20 mm Tason pituus:\u00a0260 mm\" \/>\n<meta property=\"og:url\" content=\"https:\/\/fedemark.ee\/fi\/tuotteet\/tavaravaunut\/alumiiniset-kasikarryt\/pop3\/\" \/>\n<meta property=\"og:site_name\" content=\"Fedemark\" \/>\n<meta property=\"article:modified_time\" content=\"2017-07-25T11:56:35+00:00\" \/>\n<meta property=\"og:image\" content=\"https:\/\/fedemark.ee\/wp-content\/uploads\/2017\/06\/pop3.jpg\" \/>\n\t<meta property=\"og:image:width\" content=\"963\" \/>\n\t<meta property=\"og:image:height\" content=\"994\" \/>\n\t<meta property=\"og:image:type\" content=\"image\/jpeg\" \/>\n<meta name=\"twitter:card\" content=\"summary_large_image\" \/>\n<script type=\"application\/ld+json\" class=\"yoast-schema-graph\">{\"@context\":\"https:\/\/schema.org\",\"@graph\":[{\"@type\":\"WebPage\",\"@id\":\"https:\/\/fedemark.ee\/fi\/tuotteet\/tavaravaunut\/alumiiniset-kasikarryt\/pop3\/\",\"url\":\"https:\/\/fedemark.ee\/fi\/tuotteet\/tavaravaunut\/alumiiniset-kasikarryt\/pop3\/\",\"name\":\"POP3 - Fedemark\",\"isPartOf\":{\"@id\":\"https:\/\/fedemark.ee\/#website\"},\"primaryImageOfPage\":{\"@id\":\"https:\/\/fedemark.ee\/fi\/tuotteet\/tavaravaunut\/alumiiniset-kasikarryt\/pop3\/#primaryimage\"},\"image\":{\"@id\":\"https:\/\/fedemark.ee\/fi\/tuotteet\/tavaravaunut\/alumiiniset-kasikarryt\/pop3\/#primaryimage\"},\"thumbnailUrl\":\"https:\/\/fedemark.ee\/wp-content\/uploads\/2017\/06\/pop3.jpg\",\"datePublished\":\"2017-06-19T09:24:11+00:00\",\"dateModified\":\"2017-07-25T11:56:35+00:00\",\"breadcrumb\":{\"@id\":\"https:\/\/fedemark.ee\/fi\/tuotteet\/tavaravaunut\/alumiiniset-kasikarryt\/pop3\/#breadcrumb\"},\"inLanguage\":\"fi-FI\",\"potentialAction\":[{\"@type\":\"ReadAction\",\"target\":[\"https:\/\/fedemark.ee\/fi\/tuotteet\/tavaravaunut\/alumiiniset-kasikarryt\/pop3\/\"]}]},{\"@type\":\"ImageObject\",\"inLanguage\":\"fi-FI\",\"@id\":\"https:\/\/fedemark.ee\/fi\/tuotteet\/tavaravaunut\/alumiiniset-kasikarryt\/pop3\/#primaryimage\",\"url\":\"https:\/\/fedemark.ee\/wp-content\/uploads\/2017\/06\/pop3.jpg\",\"contentUrl\":\"https:\/\/fedemark.ee\/wp-content\/uploads\/2017\/06\/pop3.jpg\",\"width\":963,\"height\":994},{\"@type\":\"BreadcrumbList\",\"@id\":\"https:\/\/fedemark.ee\/fi\/tuotteet\/tavaravaunut\/alumiiniset-kasikarryt\/pop3\/#breadcrumb\",\"itemListElement\":[{\"@type\":\"ListItem\",\"position\":1,\"name\":\"Home\",\"item\":\"https:\/\/fedemark.ee\/fi\/\"},{\"@type\":\"ListItem\",\"position\":2,\"name\":\"Tuotteet\",\"item\":\"https:\/\/fedemark.ee\/fi\/tuotteet\/\"},{\"@type\":\"ListItem\",\"position\":3,\"name\":\"POP3\"}]},{\"@type\":\"WebSite\",\"@id\":\"https:\/\/fedemark.ee\/#website\",\"url\":\"https:\/\/fedemark.ee\/\",\"name\":\"Fedemark\",\"description\":\"Redelid, Tellingud, T\u00f6\u00f6platvormid ja vahekorrused\",\"potentialAction\":[{\"@type\":\"SearchAction\",\"target\":{\"@type\":\"EntryPoint\",\"urlTemplate\":\"https:\/\/fedemark.ee\/?s={search_term_string}\"},\"query-input\":\"required name=search_term_string\"}],\"inLanguage\":\"fi-FI\"}]}<\/script>\n<!-- \/ Yoast SEO plugin. -->","yoast_head_json":{"title":"POP3 - Fedemark","robots":{"index":"index","follow":"follow","max-snippet":"max-snippet:-1","max-image-preview":"max-image-preview:large","max-video-preview":"max-video-preview:-1"},"canonical":"https:\/\/fedemark.ee\/fi\/tuotteet\/tavaravaunut\/alumiiniset-kasikarryt\/pop3\/","og_locale":"fi_FI","og_type":"article","og_title":"POP3 - Fedemark","og_description":"Monik\u00e4ytt\u00f6inen, teollinen, alumiininen k\u00e4sik\u00e4rry  Ammattik\u00e4ytt\u00f6\u00f6n tarkoitettu kevyest\u00e4 puristetusta alumiinista valmistettu k\u00e4sik\u00e4rry, jossa on 3 erilaista k\u00e4ytt\u00f6asentoa: 1.\u00a0 4 py\u00f6r\u00e4ll\u00e4 avoimen kuorman kuljetukseen - kantavuus 450 kg 2. 2 py\u00f6r\u00e4ll\u00e4 laatikoiden ja kevyiden tavaroiden kuljetukseen - kantavuus 250 kg 3. 4 py\u00f6r\u00e4ll\u00e4 kallistettuna ja tuettuna raskaiden ja avointen tavaroiden kuljetukseen - kantavuus 250 kg  K\u00e4rryss\u00e4 on asennon k\u00e4sin, ilman ty\u00f6v\u00e4lineit\u00e4 tai koukkuja tapahtuvaan muuttamiseen muutoskahvat. K\u00e4rryss\u00e4 on 2 rautanapaista ja kuulalaakerein varustettua ilmarenkaita py\u00f6r\u00e4\u00e4 \u00d8 260 mm, 2 k\u00e4\u00e4nnett\u00e4v\u00e4\u00e4 py\u00f6r\u00e4\u00e4 \u00d8 100 mm, 2 py\u00f6r\u00e4n tukea, lastaustaso (48 x 26 cm) ja puristetusta alumiinitangoista tehdyt kehystuet.  TEKNISET OMINAISUUDET Materiaali: alumiini V\u00e4ri: alumiini Py\u00f6r\u00e4t: kumiset ilmarenkaat Napa: rautaa; kuulalaakerit Kantavuus: 250\u2212450 kg\u00a0(ks. asennot) Leveys: 500 mm Korkeus: 1220 mm Py\u00f6r\u00e4t: 260x85 mm Paino: 12 kg Putkiprofiili: 50x20 mm Tason pituus:\u00a0260 mm","og_url":"https:\/\/fedemark.ee\/fi\/tuotteet\/tavaravaunut\/alumiiniset-kasikarryt\/pop3\/","og_site_name":"Fedemark","article_modified_time":"2017-07-25T11:56:35+00:00","og_image":[{"width":963,"height":994,"url":"https:\/\/fedemark.ee\/wp-content\/uploads\/2017\/06\/pop3.jpg","type":"image\/jpeg"}],"twitter_card":"summary_large_image","schema":{"@context":"https:\/\/schema.org","@graph":[{"@type":"WebPage","@id":"https:\/\/fedemark.ee\/fi\/tuotteet\/tavaravaunut\/alumiiniset-kasikarryt\/pop3\/","url":"https:\/\/fedemark.ee\/fi\/tuotteet\/tavaravaunut\/alumiiniset-kasikarryt\/pop3\/","name":"POP3 - Fedemark","isPartOf":{"@id":"https:\/\/fedemark.ee\/#website"},"primaryImageOfPage":{"@id":"https:\/\/fedemark.ee\/fi\/tuotteet\/tavaravaunut\/alumiiniset-kasikarryt\/pop3\/#primaryimage"},"image":{"@id":"https:\/\/fedemark.ee\/fi\/tuotteet\/tavaravaunut\/alumiiniset-kasikarryt\/pop3\/#primaryimage"},"thumbnailUrl":"https:\/\/fedemark.ee\/wp-content\/uploads\/2017\/06\/pop3.jpg","datePublished":"2017-06-19T09:24:11+00:00","dateModified":"2017-07-25T11:56:35+00:00","breadcrumb":{"@id":"https:\/\/fedemark.ee\/fi\/tuotteet\/tavaravaunut\/alumiiniset-kasikarryt\/pop3\/#breadcrumb"},"inLanguage":"fi-FI","potentialAction":[{"@type":"ReadAction","target":["https:\/\/fedemark.ee\/fi\/tuotteet\/tavaravaunut\/alumiiniset-kasikarryt\/pop3\/"]}]},{"@type":"ImageObject","inLanguage":"fi-FI","@id":"https:\/\/fedemark.ee\/fi\/tuotteet\/tavaravaunut\/alumiiniset-kasikarryt\/pop3\/#primaryimage","url":"https:\/\/fedemark.ee\/wp-content\/uploads\/2017\/06\/pop3.jpg","contentUrl":"https:\/\/fedemark.ee\/wp-content\/uploads\/2017\/06\/pop3.jpg","width":963,"height":994},{"@type":"BreadcrumbList","@id":"https:\/\/fedemark.ee\/fi\/tuotteet\/tavaravaunut\/alumiiniset-kasikarryt\/pop3\/#breadcrumb","itemListElement":[{"@type":"ListItem","position":1,"name":"Home","item":"https:\/\/fedemark.ee\/fi\/"},{"@type":"ListItem","position":2,"name":"Tuotteet","item":"https:\/\/fedemark.ee\/fi\/tuotteet\/"},{"@type":"ListItem","position":3,"name":"POP3"}]},{"@type":"WebSite","@id":"https:\/\/fedemark.ee\/#website","url":"https:\/\/fedemark.ee\/","name":"Fedemark","description":"Redelid, Tellingud, T\u00f6\u00f6platvormid ja vahekorrused","potentialAction":[{"@type":"SearchAction","target":{"@type":"EntryPoint","urlTemplate":"https:\/\/fedemark.ee\/?s={search_term_string}"},"query-input":"required name=search_term_string"}],"inLanguage":"fi-FI"}]}},"_links":{"self":[{"href":"https:\/\/fedemark.ee\/fi\/wp-json\/wp\/v2\/product\/7283"}],"collection":[{"href":"https:\/\/fedemark.ee\/fi\/wp-json\/wp\/v2\/product"}],"about":[{"href":"https:\/\/fedemark.ee\/fi\/wp-json\/wp\/v2\/types\/product"}],"replies":[{"embeddable":true,"href":"https:\/\/fedemark.ee\/fi\/wp-json\/wp\/v2\/comments?post=7283"}],"version-history":[{"count":0,"href":"https:\/\/fedemark.ee\/fi\/wp-json\/wp\/v2\/product\/7283\/revisions"}],"wp:featuredmedia":[{"embeddable":true,"href":"https:\/\/fedemark.ee\/fi\/wp-json\/wp\/v2\/media\/8406"}],"wp:attachment":[{"href":"https:\/\/fedemark.ee\/fi\/wp-json\/wp\/v2\/media?parent=7283"}],"wp:term":[{"taxonomy":"product_cat","embeddable":true,"href":"https:\/\/fedemark.ee\/fi\/wp-json\/wp\/v2\/product_cat?post=7283"},{"taxonomy":"product_tag","embeddable":true,"href":"https:\/\/fedemark.ee\/fi\/wp-json\/wp\/v2\/product_tag?post=7283"}],"curies":[{"name":"wp","href":"https:\/\/api.w.org\/{rel}","templated":true}]}}