{"id":7286,"date":"2017-06-19T09:35:40","date_gmt":"2017-06-19T09:35:40","guid":{"rendered":"https:\/\/sharks.ee\/fedemark\/shop\/uncategorized\/bibo-14\/"},"modified":"2017-07-25T12:01:27","modified_gmt":"2017-07-25T12:01:27","slug":"bibo-14","status":"publish","type":"product","link":"https:\/\/fedemark.ee\/fi\/tuotteet\/tavaravaunut\/raskaiden-kuormien-kasikarryt\/bibo-14\/","title":{"rendered":"Bibo 14"},"content":{"rendered":"","protected":false},"excerpt":{"rendered":"<p><em>K\u00e4sik\u00e4rry kahdelle 14 litran pullolle<\/em><\/p>\n<p>Ammattik\u00e4ytt\u00f6\u00f6n tarkoitettu ter\u00e4ksinen k\u00e4sik\u00e4rry. Siin\u00e4 on yksiosainen k\u00e4densija, josta voi sek\u00e4 pit\u00e4\u00e4 kiinni ett\u00e4 nostaa, rautanapaiset ja kuulalaakerein varustetut umpikumirenkaat \u00d8 200 mm. Rakenne koostuu lujista \u00d8 25 mm hitsatuista putkista. Varustettu kiinnityshihnoin, taso 40 litran kaasupulloa varten, pieni ty\u00f6v\u00e4linelaatikko ja polttimen pidin. Pieni ketju kiinnitt\u00e4\u00e4 pullot k\u00e4sik\u00e4rryyn.<\/p>\n<p>TEKNISET OMINAISUUDET<br \/>\nMateriaali: ter\u00e4s<br \/>\nV\u00e4ri: sininen<br \/>\nRenkaat: umpikumi<br \/>\nNapa: rautaa; kuulalaakerit<br \/>\nMitat: leveys 590 mm, korkeus 1040 mm<br \/>\nKantavuus: 2 pulloa, 14 litran<br \/>\nRenkaat: \u00f8 200 mm<br \/>\nPaino: 11 kg<br \/>\nPutkiprofiili: \u00f8 25 mm<\/p>\n","protected":false},"featured_media":10350,"comment_status":"open","ping_status":"closed","template":"","meta":{"footnotes":""},"product_cat":[204,181],"product_tag":[],"yoast_head":"<!-- This site is optimized with the Yoast SEO plugin v22.6 - https:\/\/yoast.com\/wordpress\/plugins\/seo\/ -->\n<title>Bibo 14 - Fedemark<\/title>\n<meta name=\"robots\" content=\"index, follow, max-snippet:-1, max-image-preview:large, max-video-preview:-1\" \/>\n<link rel=\"canonical\" href=\"https:\/\/fedemark.ee\/fi\/tuotteet\/tavaravaunut\/raskaiden-kuormien-kasikarryt\/bibo-14\/\" \/>\n<meta property=\"og:locale\" content=\"fi_FI\" \/>\n<meta property=\"og:type\" content=\"article\" \/>\n<meta property=\"og:title\" content=\"Bibo 14 - Fedemark\" \/>\n<meta property=\"og:description\" content=\"K\u00e4sik\u00e4rry kahdelle 14 litran pullolle  Ammattik\u00e4ytt\u00f6\u00f6n tarkoitettu ter\u00e4ksinen k\u00e4sik\u00e4rry. Siin\u00e4 on yksiosainen k\u00e4densija, josta voi sek\u00e4 pit\u00e4\u00e4 kiinni ett\u00e4 nostaa, rautanapaiset ja kuulalaakerein varustetut umpikumirenkaat \u00d8 200 mm. Rakenne koostuu lujista \u00d8 25 mm hitsatuista putkista. Varustettu kiinnityshihnoin, taso 40 litran kaasupulloa varten, pieni ty\u00f6v\u00e4linelaatikko ja polttimen pidin. Pieni ketju kiinnitt\u00e4\u00e4 pullot k\u00e4sik\u00e4rryyn.  TEKNISET OMINAISUUDET Materiaali: ter\u00e4s V\u00e4ri: sininen Renkaat: umpikumi Napa: rautaa; kuulalaakerit Mitat: leveys 590 mm, korkeus 1040 mm Kantavuus: 2 pulloa, 14 litran Renkaat: \u00f8 200 mm Paino: 11 kg Putkiprofiili: \u00f8 25 mm\" \/>\n<meta property=\"og:url\" content=\"https:\/\/fedemark.ee\/fi\/tuotteet\/tavaravaunut\/raskaiden-kuormien-kasikarryt\/bibo-14\/\" \/>\n<meta property=\"og:site_name\" content=\"Fedemark\" \/>\n<meta property=\"article:modified_time\" content=\"2017-07-25T12:01:27+00:00\" \/>\n<meta property=\"og:image\" content=\"https:\/\/fedemark.ee\/wp-content\/uploads\/2017\/06\/BIBO14-1.jpg\" \/>\n\t<meta property=\"og:image:width\" content=\"800\" \/>\n\t<meta property=\"og:image:height\" content=\"800\" \/>\n\t<meta property=\"og:image:type\" content=\"image\/jpeg\" \/>\n<meta name=\"twitter:card\" content=\"summary_large_image\" \/>\n<script type=\"application\/ld+json\" class=\"yoast-schema-graph\">{\"@context\":\"https:\/\/schema.org\",\"@graph\":[{\"@type\":\"WebPage\",\"@id\":\"https:\/\/fedemark.ee\/fi\/tuotteet\/tavaravaunut\/raskaiden-kuormien-kasikarryt\/bibo-14\/\",\"url\":\"https:\/\/fedemark.ee\/fi\/tuotteet\/tavaravaunut\/raskaiden-kuormien-kasikarryt\/bibo-14\/\",\"name\":\"Bibo 14 - Fedemark\",\"isPartOf\":{\"@id\":\"https:\/\/fedemark.ee\/#website\"},\"primaryImageOfPage\":{\"@id\":\"https:\/\/fedemark.ee\/fi\/tuotteet\/tavaravaunut\/raskaiden-kuormien-kasikarryt\/bibo-14\/#primaryimage\"},\"image\":{\"@id\":\"https:\/\/fedemark.ee\/fi\/tuotteet\/tavaravaunut\/raskaiden-kuormien-kasikarryt\/bibo-14\/#primaryimage\"},\"thumbnailUrl\":\"https:\/\/fedemark.ee\/wp-content\/uploads\/2017\/06\/BIBO14-1.jpg\",\"datePublished\":\"2017-06-19T09:35:40+00:00\",\"dateModified\":\"2017-07-25T12:01:27+00:00\",\"breadcrumb\":{\"@id\":\"https:\/\/fedemark.ee\/fi\/tuotteet\/tavaravaunut\/raskaiden-kuormien-kasikarryt\/bibo-14\/#breadcrumb\"},\"inLanguage\":\"fi-FI\",\"potentialAction\":[{\"@type\":\"ReadAction\",\"target\":[\"https:\/\/fedemark.ee\/fi\/tuotteet\/tavaravaunut\/raskaiden-kuormien-kasikarryt\/bibo-14\/\"]}]},{\"@type\":\"ImageObject\",\"inLanguage\":\"fi-FI\",\"@id\":\"https:\/\/fedemark.ee\/fi\/tuotteet\/tavaravaunut\/raskaiden-kuormien-kasikarryt\/bibo-14\/#primaryimage\",\"url\":\"https:\/\/fedemark.ee\/wp-content\/uploads\/2017\/06\/BIBO14-1.jpg\",\"contentUrl\":\"https:\/\/fedemark.ee\/wp-content\/uploads\/2017\/06\/BIBO14-1.jpg\",\"width\":800,\"height\":800},{\"@type\":\"BreadcrumbList\",\"@id\":\"https:\/\/fedemark.ee\/fi\/tuotteet\/tavaravaunut\/raskaiden-kuormien-kasikarryt\/bibo-14\/#breadcrumb\",\"itemListElement\":[{\"@type\":\"ListItem\",\"position\":1,\"name\":\"Home\",\"item\":\"https:\/\/fedemark.ee\/fi\/\"},{\"@type\":\"ListItem\",\"position\":2,\"name\":\"Tuotteet\",\"item\":\"https:\/\/fedemark.ee\/fi\/tuotteet\/\"},{\"@type\":\"ListItem\",\"position\":3,\"name\":\"Bibo 14\"}]},{\"@type\":\"WebSite\",\"@id\":\"https:\/\/fedemark.ee\/#website\",\"url\":\"https:\/\/fedemark.ee\/\",\"name\":\"Fedemark\",\"description\":\"Redelid, Tellingud, T\u00f6\u00f6platvormid ja vahekorrused\",\"potentialAction\":[{\"@type\":\"SearchAction\",\"target\":{\"@type\":\"EntryPoint\",\"urlTemplate\":\"https:\/\/fedemark.ee\/?s={search_term_string}\"},\"query-input\":\"required name=search_term_string\"}],\"inLanguage\":\"fi-FI\"}]}<\/script>\n<!-- \/ Yoast SEO plugin. -->","yoast_head_json":{"title":"Bibo 14 - Fedemark","robots":{"index":"index","follow":"follow","max-snippet":"max-snippet:-1","max-image-preview":"max-image-preview:large","max-video-preview":"max-video-preview:-1"},"canonical":"https:\/\/fedemark.ee\/fi\/tuotteet\/tavaravaunut\/raskaiden-kuormien-kasikarryt\/bibo-14\/","og_locale":"fi_FI","og_type":"article","og_title":"Bibo 14 - Fedemark","og_description":"K\u00e4sik\u00e4rry kahdelle 14 litran pullolle  Ammattik\u00e4ytt\u00f6\u00f6n tarkoitettu ter\u00e4ksinen k\u00e4sik\u00e4rry. Siin\u00e4 on yksiosainen k\u00e4densija, josta voi sek\u00e4 pit\u00e4\u00e4 kiinni ett\u00e4 nostaa, rautanapaiset ja kuulalaakerein varustetut umpikumirenkaat \u00d8 200 mm. Rakenne koostuu lujista \u00d8 25 mm hitsatuista putkista. Varustettu kiinnityshihnoin, taso 40 litran kaasupulloa varten, pieni ty\u00f6v\u00e4linelaatikko ja polttimen pidin. Pieni ketju kiinnitt\u00e4\u00e4 pullot k\u00e4sik\u00e4rryyn.  TEKNISET OMINAISUUDET Materiaali: ter\u00e4s V\u00e4ri: sininen Renkaat: umpikumi Napa: rautaa; kuulalaakerit Mitat: leveys 590 mm, korkeus 1040 mm Kantavuus: 2 pulloa, 14 litran Renkaat: \u00f8 200 mm Paino: 11 kg Putkiprofiili: \u00f8 25 mm","og_url":"https:\/\/fedemark.ee\/fi\/tuotteet\/tavaravaunut\/raskaiden-kuormien-kasikarryt\/bibo-14\/","og_site_name":"Fedemark","article_modified_time":"2017-07-25T12:01:27+00:00","og_image":[{"width":800,"height":800,"url":"https:\/\/fedemark.ee\/wp-content\/uploads\/2017\/06\/BIBO14-1.jpg","type":"image\/jpeg"}],"twitter_card":"summary_large_image","schema":{"@context":"https:\/\/schema.org","@graph":[{"@type":"WebPage","@id":"https:\/\/fedemark.ee\/fi\/tuotteet\/tavaravaunut\/raskaiden-kuormien-kasikarryt\/bibo-14\/","url":"https:\/\/fedemark.ee\/fi\/tuotteet\/tavaravaunut\/raskaiden-kuormien-kasikarryt\/bibo-14\/","name":"Bibo 14 - Fedemark","isPartOf":{"@id":"https:\/\/fedemark.ee\/#website"},"primaryImageOfPage":{"@id":"https:\/\/fedemark.ee\/fi\/tuotteet\/tavaravaunut\/raskaiden-kuormien-kasikarryt\/bibo-14\/#primaryimage"},"image":{"@id":"https:\/\/fedemark.ee\/fi\/tuotteet\/tavaravaunut\/raskaiden-kuormien-kasikarryt\/bibo-14\/#primaryimage"},"thumbnailUrl":"https:\/\/fedemark.ee\/wp-content\/uploads\/2017\/06\/BIBO14-1.jpg","datePublished":"2017-06-19T09:35:40+00:00","dateModified":"2017-07-25T12:01:27+00:00","breadcrumb":{"@id":"https:\/\/fedemark.ee\/fi\/tuotteet\/tavaravaunut\/raskaiden-kuormien-kasikarryt\/bibo-14\/#breadcrumb"},"inLanguage":"fi-FI","potentialAction":[{"@type":"ReadAction","target":["https:\/\/fedemark.ee\/fi\/tuotteet\/tavaravaunut\/raskaiden-kuormien-kasikarryt\/bibo-14\/"]}]},{"@type":"ImageObject","inLanguage":"fi-FI","@id":"https:\/\/fedemark.ee\/fi\/tuotteet\/tavaravaunut\/raskaiden-kuormien-kasikarryt\/bibo-14\/#primaryimage","url":"https:\/\/fedemark.ee\/wp-content\/uploads\/2017\/06\/BIBO14-1.jpg","contentUrl":"https:\/\/fedemark.ee\/wp-content\/uploads\/2017\/06\/BIBO14-1.jpg","width":800,"height":800},{"@type":"BreadcrumbList","@id":"https:\/\/fedemark.ee\/fi\/tuotteet\/tavaravaunut\/raskaiden-kuormien-kasikarryt\/bibo-14\/#breadcrumb","itemListElement":[{"@type":"ListItem","position":1,"name":"Home","item":"https:\/\/fedemark.ee\/fi\/"},{"@type":"ListItem","position":2,"name":"Tuotteet","item":"https:\/\/fedemark.ee\/fi\/tuotteet\/"},{"@type":"ListItem","position":3,"name":"Bibo 14"}]},{"@type":"WebSite","@id":"https:\/\/fedemark.ee\/#website","url":"https:\/\/fedemark.ee\/","name":"Fedemark","description":"Redelid, Tellingud, T\u00f6\u00f6platvormid ja vahekorrused","potentialAction":[{"@type":"SearchAction","target":{"@type":"EntryPoint","urlTemplate":"https:\/\/fedemark.ee\/?s={search_term_string}"},"query-input":"required name=search_term_string"}],"inLanguage":"fi-FI"}]}},"_links":{"self":[{"href":"https:\/\/fedemark.ee\/fi\/wp-json\/wp\/v2\/product\/7286"}],"collection":[{"href":"https:\/\/fedemark.ee\/fi\/wp-json\/wp\/v2\/product"}],"about":[{"href":"https:\/\/fedemark.ee\/fi\/wp-json\/wp\/v2\/types\/product"}],"replies":[{"embeddable":true,"href":"https:\/\/fedemark.ee\/fi\/wp-json\/wp\/v2\/comments?post=7286"}],"version-history":[{"count":0,"href":"https:\/\/fedemark.ee\/fi\/wp-json\/wp\/v2\/product\/7286\/revisions"}],"wp:featuredmedia":[{"embeddable":true,"href":"https:\/\/fedemark.ee\/fi\/wp-json\/wp\/v2\/media\/10350"}],"wp:attachment":[{"href":"https:\/\/fedemark.ee\/fi\/wp-json\/wp\/v2\/media?parent=7286"}],"wp:term":[{"taxonomy":"product_cat","embeddable":true,"href":"https:\/\/fedemark.ee\/fi\/wp-json\/wp\/v2\/product_cat?post=7286"},{"taxonomy":"product_tag","embeddable":true,"href":"https:\/\/fedemark.ee\/fi\/wp-json\/wp\/v2\/product_tag?post=7286"}],"curies":[{"name":"wp","href":"https:\/\/api.w.org\/{rel}","templated":true}]}}