{"id":7289,"date":"2017-06-19T09:44:09","date_gmt":"2017-06-19T09:44:09","guid":{"rendered":"https:\/\/sharks.ee\/fedemark\/shop\/uncategorized\/bulldog\/"},"modified":"2017-07-25T12:04:42","modified_gmt":"2017-07-25T12:04:42","slug":"bulldog","status":"publish","type":"product","link":"https:\/\/fedemark.ee\/fi\/tuotteet\/tavaravaunut\/raskaiden-kuormien-kasikarryt\/bulldog\/","title":{"rendered":"Bulldog"},"content":{"rendered":"","protected":false},"excerpt":{"rendered":"<p><em>Taitettavalla tasolla varustettu k\u00e4sik\u00e4rry suurta kuormaa varten<\/em><\/p>\n<p>Ammattik\u00e4ytt\u00f6\u00f6n tarkoitettu, ter\u00e4ksinen, epoksimaalilla viimeistelty k\u00e4sik\u00e4rry. K\u00e4rryss\u00e4 on turvapalikoin varustetut onnettomuudenestonapit. Muovinapaiset ja kuulalaakerein varustetut pistoa kest\u00e4v\u00e4t py\u00f6r\u00e4t \u00d8 260 mm. Rakenne muodostuu lujista \u00d8 25 mm hitsatuista putkista. Varustettu vahvistetulla tyhjennystasolla. Kehyksen sis\u00e4vahvistukset ter\u00e4sputkea.<\/p>\n<p>TEKNISET OMINAISUUDET<br \/>\nMateriaali: ter\u00e4s<br \/>\nV\u00e4ri: sininen<br \/>\nPy\u00f6r\u00e4t: pistoa kest\u00e4v\u00e4t kumirenkaat<br \/>\nNapa: rautaa; kuulalaakerit<br \/>\nMaali: epoksimaali<br \/>\nRakenne: kehys, jossa pystysuuntainen lis\u00e4vahvistus<br \/>\nTasot: 1 kokoontaitettava, vahvistettu + 1 vakio<br \/>\nKantavuus: 250 kg<br \/>\nMitat: leveys 52 mm, korkeus 1100 mm<br \/>\nPy\u00f6r\u00e4t: 260&#215;85 mm<br \/>\nPaino: 12 kg<br \/>\nPutkiprofiili: \u00f8 25 mm<br \/>\nTason pituus:\u00a0 500 mm<\/p>\n","protected":false},"featured_media":10372,"comment_status":"open","ping_status":"closed","template":"","meta":{"footnotes":""},"product_cat":[204,181],"product_tag":[],"yoast_head":"<!-- This site is optimized with the Yoast SEO plugin v22.6 - https:\/\/yoast.com\/wordpress\/plugins\/seo\/ -->\n<title>Bulldog - Fedemark<\/title>\n<meta name=\"robots\" content=\"index, follow, max-snippet:-1, max-image-preview:large, max-video-preview:-1\" \/>\n<link rel=\"canonical\" href=\"https:\/\/fedemark.ee\/fi\/tuotteet\/tavaravaunut\/raskaiden-kuormien-kasikarryt\/bulldog\/\" \/>\n<meta property=\"og:locale\" content=\"fi_FI\" \/>\n<meta property=\"og:type\" content=\"article\" \/>\n<meta property=\"og:title\" content=\"Bulldog - Fedemark\" \/>\n<meta property=\"og:description\" content=\"Taitettavalla tasolla varustettu k\u00e4sik\u00e4rry suurta kuormaa varten  Ammattik\u00e4ytt\u00f6\u00f6n tarkoitettu, ter\u00e4ksinen, epoksimaalilla viimeistelty k\u00e4sik\u00e4rry. K\u00e4rryss\u00e4 on turvapalikoin varustetut onnettomuudenestonapit. Muovinapaiset ja kuulalaakerein varustetut pistoa kest\u00e4v\u00e4t py\u00f6r\u00e4t \u00d8 260 mm. Rakenne muodostuu lujista \u00d8 25 mm hitsatuista putkista. Varustettu vahvistetulla tyhjennystasolla. Kehyksen sis\u00e4vahvistukset ter\u00e4sputkea.  TEKNISET OMINAISUUDET Materiaali: ter\u00e4s V\u00e4ri: sininen Py\u00f6r\u00e4t: pistoa kest\u00e4v\u00e4t kumirenkaat Napa: rautaa; kuulalaakerit Maali: epoksimaali Rakenne: kehys, jossa pystysuuntainen lis\u00e4vahvistus Tasot: 1 kokoontaitettava, vahvistettu + 1 vakio Kantavuus: 250 kg Mitat: leveys 52 mm, korkeus 1100 mm Py\u00f6r\u00e4t: 260x85 mm Paino: 12 kg Putkiprofiili: \u00f8 25 mm Tason pituus:\u00a0 500 mm\" \/>\n<meta property=\"og:url\" content=\"https:\/\/fedemark.ee\/fi\/tuotteet\/tavaravaunut\/raskaiden-kuormien-kasikarryt\/bulldog\/\" \/>\n<meta property=\"og:site_name\" content=\"Fedemark\" \/>\n<meta property=\"article:modified_time\" content=\"2017-07-25T12:04:42+00:00\" \/>\n<meta property=\"og:image\" content=\"https:\/\/fedemark.ee\/wp-content\/uploads\/2017\/06\/BULLDOG-1.jpg\" \/>\n\t<meta property=\"og:image:width\" content=\"800\" \/>\n\t<meta property=\"og:image:height\" content=\"800\" \/>\n\t<meta property=\"og:image:type\" content=\"image\/jpeg\" \/>\n<meta name=\"twitter:card\" content=\"summary_large_image\" \/>\n<script type=\"application\/ld+json\" class=\"yoast-schema-graph\">{\"@context\":\"https:\/\/schema.org\",\"@graph\":[{\"@type\":\"WebPage\",\"@id\":\"https:\/\/fedemark.ee\/fi\/tuotteet\/tavaravaunut\/raskaiden-kuormien-kasikarryt\/bulldog\/\",\"url\":\"https:\/\/fedemark.ee\/fi\/tuotteet\/tavaravaunut\/raskaiden-kuormien-kasikarryt\/bulldog\/\",\"name\":\"Bulldog - Fedemark\",\"isPartOf\":{\"@id\":\"https:\/\/fedemark.ee\/#website\"},\"primaryImageOfPage\":{\"@id\":\"https:\/\/fedemark.ee\/fi\/tuotteet\/tavaravaunut\/raskaiden-kuormien-kasikarryt\/bulldog\/#primaryimage\"},\"image\":{\"@id\":\"https:\/\/fedemark.ee\/fi\/tuotteet\/tavaravaunut\/raskaiden-kuormien-kasikarryt\/bulldog\/#primaryimage\"},\"thumbnailUrl\":\"https:\/\/fedemark.ee\/wp-content\/uploads\/2017\/06\/BULLDOG-1.jpg\",\"datePublished\":\"2017-06-19T09:44:09+00:00\",\"dateModified\":\"2017-07-25T12:04:42+00:00\",\"breadcrumb\":{\"@id\":\"https:\/\/fedemark.ee\/fi\/tuotteet\/tavaravaunut\/raskaiden-kuormien-kasikarryt\/bulldog\/#breadcrumb\"},\"inLanguage\":\"fi-FI\",\"potentialAction\":[{\"@type\":\"ReadAction\",\"target\":[\"https:\/\/fedemark.ee\/fi\/tuotteet\/tavaravaunut\/raskaiden-kuormien-kasikarryt\/bulldog\/\"]}]},{\"@type\":\"ImageObject\",\"inLanguage\":\"fi-FI\",\"@id\":\"https:\/\/fedemark.ee\/fi\/tuotteet\/tavaravaunut\/raskaiden-kuormien-kasikarryt\/bulldog\/#primaryimage\",\"url\":\"https:\/\/fedemark.ee\/wp-content\/uploads\/2017\/06\/BULLDOG-1.jpg\",\"contentUrl\":\"https:\/\/fedemark.ee\/wp-content\/uploads\/2017\/06\/BULLDOG-1.jpg\",\"width\":800,\"height\":800},{\"@type\":\"BreadcrumbList\",\"@id\":\"https:\/\/fedemark.ee\/fi\/tuotteet\/tavaravaunut\/raskaiden-kuormien-kasikarryt\/bulldog\/#breadcrumb\",\"itemListElement\":[{\"@type\":\"ListItem\",\"position\":1,\"name\":\"Home\",\"item\":\"https:\/\/fedemark.ee\/fi\/\"},{\"@type\":\"ListItem\",\"position\":2,\"name\":\"Tuotteet\",\"item\":\"https:\/\/fedemark.ee\/fi\/tuotteet\/\"},{\"@type\":\"ListItem\",\"position\":3,\"name\":\"Bulldog\"}]},{\"@type\":\"WebSite\",\"@id\":\"https:\/\/fedemark.ee\/#website\",\"url\":\"https:\/\/fedemark.ee\/\",\"name\":\"Fedemark\",\"description\":\"Redelid, Tellingud, T\u00f6\u00f6platvormid ja vahekorrused\",\"potentialAction\":[{\"@type\":\"SearchAction\",\"target\":{\"@type\":\"EntryPoint\",\"urlTemplate\":\"https:\/\/fedemark.ee\/?s={search_term_string}\"},\"query-input\":\"required name=search_term_string\"}],\"inLanguage\":\"fi-FI\"}]}<\/script>\n<!-- \/ Yoast SEO plugin. -->","yoast_head_json":{"title":"Bulldog - Fedemark","robots":{"index":"index","follow":"follow","max-snippet":"max-snippet:-1","max-image-preview":"max-image-preview:large","max-video-preview":"max-video-preview:-1"},"canonical":"https:\/\/fedemark.ee\/fi\/tuotteet\/tavaravaunut\/raskaiden-kuormien-kasikarryt\/bulldog\/","og_locale":"fi_FI","og_type":"article","og_title":"Bulldog - Fedemark","og_description":"Taitettavalla tasolla varustettu k\u00e4sik\u00e4rry suurta kuormaa varten  Ammattik\u00e4ytt\u00f6\u00f6n tarkoitettu, ter\u00e4ksinen, epoksimaalilla viimeistelty k\u00e4sik\u00e4rry. K\u00e4rryss\u00e4 on turvapalikoin varustetut onnettomuudenestonapit. Muovinapaiset ja kuulalaakerein varustetut pistoa kest\u00e4v\u00e4t py\u00f6r\u00e4t \u00d8 260 mm. Rakenne muodostuu lujista \u00d8 25 mm hitsatuista putkista. Varustettu vahvistetulla tyhjennystasolla. Kehyksen sis\u00e4vahvistukset ter\u00e4sputkea.  TEKNISET OMINAISUUDET Materiaali: ter\u00e4s V\u00e4ri: sininen Py\u00f6r\u00e4t: pistoa kest\u00e4v\u00e4t kumirenkaat Napa: rautaa; kuulalaakerit Maali: epoksimaali Rakenne: kehys, jossa pystysuuntainen lis\u00e4vahvistus Tasot: 1 kokoontaitettava, vahvistettu + 1 vakio Kantavuus: 250 kg Mitat: leveys 52 mm, korkeus 1100 mm Py\u00f6r\u00e4t: 260x85 mm Paino: 12 kg Putkiprofiili: \u00f8 25 mm Tason pituus:\u00a0 500 mm","og_url":"https:\/\/fedemark.ee\/fi\/tuotteet\/tavaravaunut\/raskaiden-kuormien-kasikarryt\/bulldog\/","og_site_name":"Fedemark","article_modified_time":"2017-07-25T12:04:42+00:00","og_image":[{"width":800,"height":800,"url":"https:\/\/fedemark.ee\/wp-content\/uploads\/2017\/06\/BULLDOG-1.jpg","type":"image\/jpeg"}],"twitter_card":"summary_large_image","schema":{"@context":"https:\/\/schema.org","@graph":[{"@type":"WebPage","@id":"https:\/\/fedemark.ee\/fi\/tuotteet\/tavaravaunut\/raskaiden-kuormien-kasikarryt\/bulldog\/","url":"https:\/\/fedemark.ee\/fi\/tuotteet\/tavaravaunut\/raskaiden-kuormien-kasikarryt\/bulldog\/","name":"Bulldog - Fedemark","isPartOf":{"@id":"https:\/\/fedemark.ee\/#website"},"primaryImageOfPage":{"@id":"https:\/\/fedemark.ee\/fi\/tuotteet\/tavaravaunut\/raskaiden-kuormien-kasikarryt\/bulldog\/#primaryimage"},"image":{"@id":"https:\/\/fedemark.ee\/fi\/tuotteet\/tavaravaunut\/raskaiden-kuormien-kasikarryt\/bulldog\/#primaryimage"},"thumbnailUrl":"https:\/\/fedemark.ee\/wp-content\/uploads\/2017\/06\/BULLDOG-1.jpg","datePublished":"2017-06-19T09:44:09+00:00","dateModified":"2017-07-25T12:04:42+00:00","breadcrumb":{"@id":"https:\/\/fedemark.ee\/fi\/tuotteet\/tavaravaunut\/raskaiden-kuormien-kasikarryt\/bulldog\/#breadcrumb"},"inLanguage":"fi-FI","potentialAction":[{"@type":"ReadAction","target":["https:\/\/fedemark.ee\/fi\/tuotteet\/tavaravaunut\/raskaiden-kuormien-kasikarryt\/bulldog\/"]}]},{"@type":"ImageObject","inLanguage":"fi-FI","@id":"https:\/\/fedemark.ee\/fi\/tuotteet\/tavaravaunut\/raskaiden-kuormien-kasikarryt\/bulldog\/#primaryimage","url":"https:\/\/fedemark.ee\/wp-content\/uploads\/2017\/06\/BULLDOG-1.jpg","contentUrl":"https:\/\/fedemark.ee\/wp-content\/uploads\/2017\/06\/BULLDOG-1.jpg","width":800,"height":800},{"@type":"BreadcrumbList","@id":"https:\/\/fedemark.ee\/fi\/tuotteet\/tavaravaunut\/raskaiden-kuormien-kasikarryt\/bulldog\/#breadcrumb","itemListElement":[{"@type":"ListItem","position":1,"name":"Home","item":"https:\/\/fedemark.ee\/fi\/"},{"@type":"ListItem","position":2,"name":"Tuotteet","item":"https:\/\/fedemark.ee\/fi\/tuotteet\/"},{"@type":"ListItem","position":3,"name":"Bulldog"}]},{"@type":"WebSite","@id":"https:\/\/fedemark.ee\/#website","url":"https:\/\/fedemark.ee\/","name":"Fedemark","description":"Redelid, Tellingud, T\u00f6\u00f6platvormid ja vahekorrused","potentialAction":[{"@type":"SearchAction","target":{"@type":"EntryPoint","urlTemplate":"https:\/\/fedemark.ee\/?s={search_term_string}"},"query-input":"required name=search_term_string"}],"inLanguage":"fi-FI"}]}},"_links":{"self":[{"href":"https:\/\/fedemark.ee\/fi\/wp-json\/wp\/v2\/product\/7289"}],"collection":[{"href":"https:\/\/fedemark.ee\/fi\/wp-json\/wp\/v2\/product"}],"about":[{"href":"https:\/\/fedemark.ee\/fi\/wp-json\/wp\/v2\/types\/product"}],"replies":[{"embeddable":true,"href":"https:\/\/fedemark.ee\/fi\/wp-json\/wp\/v2\/comments?post=7289"}],"version-history":[{"count":0,"href":"https:\/\/fedemark.ee\/fi\/wp-json\/wp\/v2\/product\/7289\/revisions"}],"wp:featuredmedia":[{"embeddable":true,"href":"https:\/\/fedemark.ee\/fi\/wp-json\/wp\/v2\/media\/10372"}],"wp:attachment":[{"href":"https:\/\/fedemark.ee\/fi\/wp-json\/wp\/v2\/media?parent=7289"}],"wp:term":[{"taxonomy":"product_cat","embeddable":true,"href":"https:\/\/fedemark.ee\/fi\/wp-json\/wp\/v2\/product_cat?post=7289"},{"taxonomy":"product_tag","embeddable":true,"href":"https:\/\/fedemark.ee\/fi\/wp-json\/wp\/v2\/product_tag?post=7289"}],"curies":[{"name":"wp","href":"https:\/\/api.w.org\/{rel}","templated":true}]}}