{"id":7290,"date":"2017-06-19T09:53:55","date_gmt":"2017-06-19T09:53:55","guid":{"rendered":"https:\/\/sharks.ee\/fedemark\/shop\/uncategorized\/golia-p\/"},"modified":"2017-07-25T12:05:55","modified_gmt":"2017-07-25T12:05:55","slug":"golia-p","status":"publish","type":"product","link":"https:\/\/fedemark.ee\/fi\/tuotteet\/tavaravaunut\/raskaiden-kuormien-kasikarryt\/golia-p\/","title":{"rendered":"Golia P"},"content":{"rendered":"","protected":false},"excerpt":{"rendered":"<p><em>K\u00e4sik\u00e4rry suurille paketeille<\/em><\/p>\n<p>Ammattik\u00e4ytt\u00f6\u00f6n tarkoitettu, ter\u00e4ksinen, epoksimaalilla viimeistelty k\u00e4sik\u00e4rry. K\u00e4rryss\u00e4 on turvapalikoin varustetut onnettomuudenestonapit. Muovinapaiset ja kuulalaakerein varustetut pistoa kest\u00e4v\u00e4t, vaahtot\u00e4ytteiset py\u00f6r\u00e4t \u00d8 260 mm. Rakenne muodostuu lujista \u00d8 25 mm hitsatuista putkista. Varustettu vahvistetulla tyhjennystasolla. Kehyksen sis\u00e4vahvistukset ter\u00e4sputkea.<\/p>\n<p>TEKNISET OMINAISUUDET<br \/>\nMateriaali: ter\u00e4s<br \/>\nV\u00e4ri: sininen<br \/>\nPy\u00f6r\u00e4t: vaahtot\u00e4ytteiset, pistoa kest\u00e4v\u00e4t kumirenkaat<br \/>\nNapa: rautaa; kuulalaakerit<br \/>\nMaali: epoksimaali<br \/>\nRakenne: kehys, jossa pystysuuntainen lis\u00e4vahvistus ja tukilevyt py\u00f6riss\u00e4<br \/>\nTaso: vahvistettu ja muhkurainen<br \/>\nKantavuus: 300 kg<br \/>\nMitat: leveys 520 mm, korkeus 1100 mm<br \/>\nPy\u00f6r\u00e4t: 260&#215;85 mm<br \/>\nPaino: 12 kg<br \/>\nPutkiprofiili: \u00f8 25 mm<br \/>\nTason pituus:\u00a0 250 mm<\/p>\n","protected":false},"featured_media":10381,"comment_status":"open","ping_status":"closed","template":"","meta":{"footnotes":""},"product_cat":[204,181],"product_tag":[],"yoast_head":"<!-- This site is optimized with the Yoast SEO plugin v22.6 - https:\/\/yoast.com\/wordpress\/plugins\/seo\/ -->\n<title>Golia P - Fedemark<\/title>\n<meta name=\"robots\" content=\"index, follow, max-snippet:-1, max-image-preview:large, max-video-preview:-1\" \/>\n<link rel=\"canonical\" href=\"https:\/\/fedemark.ee\/fi\/tuotteet\/tavaravaunut\/raskaiden-kuormien-kasikarryt\/golia-p\/\" \/>\n<meta property=\"og:locale\" content=\"fi_FI\" \/>\n<meta property=\"og:type\" content=\"article\" \/>\n<meta property=\"og:title\" content=\"Golia P - Fedemark\" \/>\n<meta property=\"og:description\" content=\"K\u00e4sik\u00e4rry suurille paketeille  Ammattik\u00e4ytt\u00f6\u00f6n tarkoitettu, ter\u00e4ksinen, epoksimaalilla viimeistelty k\u00e4sik\u00e4rry. K\u00e4rryss\u00e4 on turvapalikoin varustetut onnettomuudenestonapit. Muovinapaiset ja kuulalaakerein varustetut pistoa kest\u00e4v\u00e4t, vaahtot\u00e4ytteiset py\u00f6r\u00e4t \u00d8 260 mm. Rakenne muodostuu lujista \u00d8 25 mm hitsatuista putkista. Varustettu vahvistetulla tyhjennystasolla. Kehyksen sis\u00e4vahvistukset ter\u00e4sputkea.  TEKNISET OMINAISUUDET Materiaali: ter\u00e4s V\u00e4ri: sininen Py\u00f6r\u00e4t: vaahtot\u00e4ytteiset, pistoa kest\u00e4v\u00e4t kumirenkaat Napa: rautaa; kuulalaakerit Maali: epoksimaali Rakenne: kehys, jossa pystysuuntainen lis\u00e4vahvistus ja tukilevyt py\u00f6riss\u00e4 Taso: vahvistettu ja muhkurainen Kantavuus: 300 kg Mitat: leveys 520 mm, korkeus 1100 mm Py\u00f6r\u00e4t: 260x85 mm Paino: 12 kg Putkiprofiili: \u00f8 25 mm Tason pituus:\u00a0 250 mm\" \/>\n<meta property=\"og:url\" content=\"https:\/\/fedemark.ee\/fi\/tuotteet\/tavaravaunut\/raskaiden-kuormien-kasikarryt\/golia-p\/\" \/>\n<meta property=\"og:site_name\" content=\"Fedemark\" \/>\n<meta property=\"article:modified_time\" content=\"2017-07-25T12:05:55+00:00\" \/>\n<meta property=\"og:image\" content=\"https:\/\/fedemark.ee\/wp-content\/uploads\/2017\/06\/golia-P-1.jpg\" \/>\n\t<meta property=\"og:image:width\" content=\"800\" \/>\n\t<meta property=\"og:image:height\" content=\"800\" \/>\n\t<meta property=\"og:image:type\" content=\"image\/jpeg\" \/>\n<meta name=\"twitter:card\" content=\"summary_large_image\" \/>\n<script type=\"application\/ld+json\" class=\"yoast-schema-graph\">{\"@context\":\"https:\/\/schema.org\",\"@graph\":[{\"@type\":\"WebPage\",\"@id\":\"https:\/\/fedemark.ee\/fi\/tuotteet\/tavaravaunut\/raskaiden-kuormien-kasikarryt\/golia-p\/\",\"url\":\"https:\/\/fedemark.ee\/fi\/tuotteet\/tavaravaunut\/raskaiden-kuormien-kasikarryt\/golia-p\/\",\"name\":\"Golia P - Fedemark\",\"isPartOf\":{\"@id\":\"https:\/\/fedemark.ee\/#website\"},\"primaryImageOfPage\":{\"@id\":\"https:\/\/fedemark.ee\/fi\/tuotteet\/tavaravaunut\/raskaiden-kuormien-kasikarryt\/golia-p\/#primaryimage\"},\"image\":{\"@id\":\"https:\/\/fedemark.ee\/fi\/tuotteet\/tavaravaunut\/raskaiden-kuormien-kasikarryt\/golia-p\/#primaryimage\"},\"thumbnailUrl\":\"https:\/\/fedemark.ee\/wp-content\/uploads\/2017\/06\/golia-P-1.jpg\",\"datePublished\":\"2017-06-19T09:53:55+00:00\",\"dateModified\":\"2017-07-25T12:05:55+00:00\",\"breadcrumb\":{\"@id\":\"https:\/\/fedemark.ee\/fi\/tuotteet\/tavaravaunut\/raskaiden-kuormien-kasikarryt\/golia-p\/#breadcrumb\"},\"inLanguage\":\"fi-FI\",\"potentialAction\":[{\"@type\":\"ReadAction\",\"target\":[\"https:\/\/fedemark.ee\/fi\/tuotteet\/tavaravaunut\/raskaiden-kuormien-kasikarryt\/golia-p\/\"]}]},{\"@type\":\"ImageObject\",\"inLanguage\":\"fi-FI\",\"@id\":\"https:\/\/fedemark.ee\/fi\/tuotteet\/tavaravaunut\/raskaiden-kuormien-kasikarryt\/golia-p\/#primaryimage\",\"url\":\"https:\/\/fedemark.ee\/wp-content\/uploads\/2017\/06\/golia-P-1.jpg\",\"contentUrl\":\"https:\/\/fedemark.ee\/wp-content\/uploads\/2017\/06\/golia-P-1.jpg\",\"width\":800,\"height\":800},{\"@type\":\"BreadcrumbList\",\"@id\":\"https:\/\/fedemark.ee\/fi\/tuotteet\/tavaravaunut\/raskaiden-kuormien-kasikarryt\/golia-p\/#breadcrumb\",\"itemListElement\":[{\"@type\":\"ListItem\",\"position\":1,\"name\":\"Home\",\"item\":\"https:\/\/fedemark.ee\/fi\/\"},{\"@type\":\"ListItem\",\"position\":2,\"name\":\"Tuotteet\",\"item\":\"https:\/\/fedemark.ee\/fi\/tuotteet\/\"},{\"@type\":\"ListItem\",\"position\":3,\"name\":\"Golia P\"}]},{\"@type\":\"WebSite\",\"@id\":\"https:\/\/fedemark.ee\/#website\",\"url\":\"https:\/\/fedemark.ee\/\",\"name\":\"Fedemark\",\"description\":\"Redelid, Tellingud, T\u00f6\u00f6platvormid ja vahekorrused\",\"potentialAction\":[{\"@type\":\"SearchAction\",\"target\":{\"@type\":\"EntryPoint\",\"urlTemplate\":\"https:\/\/fedemark.ee\/?s={search_term_string}\"},\"query-input\":\"required name=search_term_string\"}],\"inLanguage\":\"fi-FI\"}]}<\/script>\n<!-- \/ Yoast SEO plugin. -->","yoast_head_json":{"title":"Golia P - Fedemark","robots":{"index":"index","follow":"follow","max-snippet":"max-snippet:-1","max-image-preview":"max-image-preview:large","max-video-preview":"max-video-preview:-1"},"canonical":"https:\/\/fedemark.ee\/fi\/tuotteet\/tavaravaunut\/raskaiden-kuormien-kasikarryt\/golia-p\/","og_locale":"fi_FI","og_type":"article","og_title":"Golia P - Fedemark","og_description":"K\u00e4sik\u00e4rry suurille paketeille  Ammattik\u00e4ytt\u00f6\u00f6n tarkoitettu, ter\u00e4ksinen, epoksimaalilla viimeistelty k\u00e4sik\u00e4rry. K\u00e4rryss\u00e4 on turvapalikoin varustetut onnettomuudenestonapit. Muovinapaiset ja kuulalaakerein varustetut pistoa kest\u00e4v\u00e4t, vaahtot\u00e4ytteiset py\u00f6r\u00e4t \u00d8 260 mm. Rakenne muodostuu lujista \u00d8 25 mm hitsatuista putkista. Varustettu vahvistetulla tyhjennystasolla. Kehyksen sis\u00e4vahvistukset ter\u00e4sputkea.  TEKNISET OMINAISUUDET Materiaali: ter\u00e4s V\u00e4ri: sininen Py\u00f6r\u00e4t: vaahtot\u00e4ytteiset, pistoa kest\u00e4v\u00e4t kumirenkaat Napa: rautaa; kuulalaakerit Maali: epoksimaali Rakenne: kehys, jossa pystysuuntainen lis\u00e4vahvistus ja tukilevyt py\u00f6riss\u00e4 Taso: vahvistettu ja muhkurainen Kantavuus: 300 kg Mitat: leveys 520 mm, korkeus 1100 mm Py\u00f6r\u00e4t: 260x85 mm Paino: 12 kg Putkiprofiili: \u00f8 25 mm Tason pituus:\u00a0 250 mm","og_url":"https:\/\/fedemark.ee\/fi\/tuotteet\/tavaravaunut\/raskaiden-kuormien-kasikarryt\/golia-p\/","og_site_name":"Fedemark","article_modified_time":"2017-07-25T12:05:55+00:00","og_image":[{"width":800,"height":800,"url":"https:\/\/fedemark.ee\/wp-content\/uploads\/2017\/06\/golia-P-1.jpg","type":"image\/jpeg"}],"twitter_card":"summary_large_image","schema":{"@context":"https:\/\/schema.org","@graph":[{"@type":"WebPage","@id":"https:\/\/fedemark.ee\/fi\/tuotteet\/tavaravaunut\/raskaiden-kuormien-kasikarryt\/golia-p\/","url":"https:\/\/fedemark.ee\/fi\/tuotteet\/tavaravaunut\/raskaiden-kuormien-kasikarryt\/golia-p\/","name":"Golia P - Fedemark","isPartOf":{"@id":"https:\/\/fedemark.ee\/#website"},"primaryImageOfPage":{"@id":"https:\/\/fedemark.ee\/fi\/tuotteet\/tavaravaunut\/raskaiden-kuormien-kasikarryt\/golia-p\/#primaryimage"},"image":{"@id":"https:\/\/fedemark.ee\/fi\/tuotteet\/tavaravaunut\/raskaiden-kuormien-kasikarryt\/golia-p\/#primaryimage"},"thumbnailUrl":"https:\/\/fedemark.ee\/wp-content\/uploads\/2017\/06\/golia-P-1.jpg","datePublished":"2017-06-19T09:53:55+00:00","dateModified":"2017-07-25T12:05:55+00:00","breadcrumb":{"@id":"https:\/\/fedemark.ee\/fi\/tuotteet\/tavaravaunut\/raskaiden-kuormien-kasikarryt\/golia-p\/#breadcrumb"},"inLanguage":"fi-FI","potentialAction":[{"@type":"ReadAction","target":["https:\/\/fedemark.ee\/fi\/tuotteet\/tavaravaunut\/raskaiden-kuormien-kasikarryt\/golia-p\/"]}]},{"@type":"ImageObject","inLanguage":"fi-FI","@id":"https:\/\/fedemark.ee\/fi\/tuotteet\/tavaravaunut\/raskaiden-kuormien-kasikarryt\/golia-p\/#primaryimage","url":"https:\/\/fedemark.ee\/wp-content\/uploads\/2017\/06\/golia-P-1.jpg","contentUrl":"https:\/\/fedemark.ee\/wp-content\/uploads\/2017\/06\/golia-P-1.jpg","width":800,"height":800},{"@type":"BreadcrumbList","@id":"https:\/\/fedemark.ee\/fi\/tuotteet\/tavaravaunut\/raskaiden-kuormien-kasikarryt\/golia-p\/#breadcrumb","itemListElement":[{"@type":"ListItem","position":1,"name":"Home","item":"https:\/\/fedemark.ee\/fi\/"},{"@type":"ListItem","position":2,"name":"Tuotteet","item":"https:\/\/fedemark.ee\/fi\/tuotteet\/"},{"@type":"ListItem","position":3,"name":"Golia P"}]},{"@type":"WebSite","@id":"https:\/\/fedemark.ee\/#website","url":"https:\/\/fedemark.ee\/","name":"Fedemark","description":"Redelid, Tellingud, T\u00f6\u00f6platvormid ja vahekorrused","potentialAction":[{"@type":"SearchAction","target":{"@type":"EntryPoint","urlTemplate":"https:\/\/fedemark.ee\/?s={search_term_string}"},"query-input":"required name=search_term_string"}],"inLanguage":"fi-FI"}]}},"_links":{"self":[{"href":"https:\/\/fedemark.ee\/fi\/wp-json\/wp\/v2\/product\/7290"}],"collection":[{"href":"https:\/\/fedemark.ee\/fi\/wp-json\/wp\/v2\/product"}],"about":[{"href":"https:\/\/fedemark.ee\/fi\/wp-json\/wp\/v2\/types\/product"}],"replies":[{"embeddable":true,"href":"https:\/\/fedemark.ee\/fi\/wp-json\/wp\/v2\/comments?post=7290"}],"version-history":[{"count":0,"href":"https:\/\/fedemark.ee\/fi\/wp-json\/wp\/v2\/product\/7290\/revisions"}],"wp:featuredmedia":[{"embeddable":true,"href":"https:\/\/fedemark.ee\/fi\/wp-json\/wp\/v2\/media\/10381"}],"wp:attachment":[{"href":"https:\/\/fedemark.ee\/fi\/wp-json\/wp\/v2\/media?parent=7290"}],"wp:term":[{"taxonomy":"product_cat","embeddable":true,"href":"https:\/\/fedemark.ee\/fi\/wp-json\/wp\/v2\/product_cat?post=7290"},{"taxonomy":"product_tag","embeddable":true,"href":"https:\/\/fedemark.ee\/fi\/wp-json\/wp\/v2\/product_tag?post=7290"}],"curies":[{"name":"wp","href":"https:\/\/api.w.org\/{rel}","templated":true}]}}