{"id":7291,"date":"2017-06-19T09:58:26","date_gmt":"2017-06-19T09:58:26","guid":{"rendered":"https:\/\/sharks.ee\/fedemark\/shop\/uncategorized\/mono-40\/"},"modified":"2017-07-25T12:06:52","modified_gmt":"2017-07-25T12:06:52","slug":"mono-40","status":"publish","type":"product","link":"https:\/\/fedemark.ee\/fi\/tuotteet\/tavaravaunut\/raskaiden-kuormien-kasikarryt\/mono-40\/","title":{"rendered":"Mono 40"},"content":{"rendered":"","protected":false},"excerpt":{"rendered":"<p><em>K\u00e4sik\u00e4rry yhdelle 40 litran pullolle<\/em><\/p>\n<p>Ammattik\u00e4ytt\u00f6\u00f6n tarkoitettu ter\u00e4ksinen k\u00e4sik\u00e4rry. Siin\u00e4 on yksiosainen k\u00e4densija, josta voi sek\u00e4 pit\u00e4\u00e4 kiinni ett\u00e4 nostaa, rautanapaiset ja kuulalaakerein varustetut umpikumirenkaat \u00d8 200 mm. Rakenne muodostuu lujista \u00d8 25 mm hitsatuista putkista. Varustettu kiinnityshihnoin ja 40 litran pullolle tarkoitetulla tasolla. Pieni ketju pit\u00e4\u00e4 pulloa lujasti ja turvallisesti k\u00e4sik\u00e4rryss\u00e4 kiinni.<\/p>\n<p>TEKNISET OMINAISUUDET<br \/>\nMateriaali: ter\u00e4s<br \/>\nV\u00e4ri: sininen<br \/>\nPy\u00f6r\u00e4t: umpikumirenkaat<br \/>\nNapa: rautaa; kuulalaakerit<br \/>\nMitat: leveys 490 mm, korkeus 1270 mm<br \/>\nKantavuus: 1 pullo, 40 litran<br \/>\nPy\u00f6r\u00e4t: \u00f8 200 mm<br \/>\nPaino: 9 kg<br \/>\nPutkiprofiili: \u00f8 25 mm<\/p>\n","protected":false},"featured_media":10390,"comment_status":"open","ping_status":"closed","template":"","meta":{"footnotes":""},"product_cat":[204,181],"product_tag":[],"yoast_head":"<!-- This site is optimized with the Yoast SEO plugin v22.6 - https:\/\/yoast.com\/wordpress\/plugins\/seo\/ -->\n<title>Mono 40 - Fedemark<\/title>\n<meta name=\"robots\" content=\"index, follow, max-snippet:-1, max-image-preview:large, max-video-preview:-1\" \/>\n<link rel=\"canonical\" href=\"https:\/\/fedemark.ee\/fi\/tuotteet\/tavaravaunut\/raskaiden-kuormien-kasikarryt\/mono-40\/\" \/>\n<meta property=\"og:locale\" content=\"fi_FI\" \/>\n<meta property=\"og:type\" content=\"article\" \/>\n<meta property=\"og:title\" content=\"Mono 40 - Fedemark\" \/>\n<meta property=\"og:description\" content=\"K\u00e4sik\u00e4rry yhdelle 40 litran pullolle  Ammattik\u00e4ytt\u00f6\u00f6n tarkoitettu ter\u00e4ksinen k\u00e4sik\u00e4rry. Siin\u00e4 on yksiosainen k\u00e4densija, josta voi sek\u00e4 pit\u00e4\u00e4 kiinni ett\u00e4 nostaa, rautanapaiset ja kuulalaakerein varustetut umpikumirenkaat \u00d8 200 mm. Rakenne muodostuu lujista \u00d8 25 mm hitsatuista putkista. Varustettu kiinnityshihnoin ja 40 litran pullolle tarkoitetulla tasolla. Pieni ketju pit\u00e4\u00e4 pulloa lujasti ja turvallisesti k\u00e4sik\u00e4rryss\u00e4 kiinni.  TEKNISET OMINAISUUDET Materiaali: ter\u00e4s V\u00e4ri: sininen Py\u00f6r\u00e4t: umpikumirenkaat Napa: rautaa; kuulalaakerit Mitat: leveys 490 mm, korkeus 1270 mm Kantavuus: 1 pullo, 40 litran Py\u00f6r\u00e4t: \u00f8 200 mm Paino: 9 kg Putkiprofiili: \u00f8 25 mm\" \/>\n<meta property=\"og:url\" content=\"https:\/\/fedemark.ee\/fi\/tuotteet\/tavaravaunut\/raskaiden-kuormien-kasikarryt\/mono-40\/\" \/>\n<meta property=\"og:site_name\" content=\"Fedemark\" \/>\n<meta property=\"article:modified_time\" content=\"2017-07-25T12:06:52+00:00\" \/>\n<meta property=\"og:image\" content=\"https:\/\/fedemark.ee\/wp-content\/uploads\/2017\/06\/MONO40-1.jpg\" \/>\n\t<meta property=\"og:image:width\" content=\"800\" \/>\n\t<meta property=\"og:image:height\" content=\"800\" \/>\n\t<meta property=\"og:image:type\" content=\"image\/jpeg\" \/>\n<meta name=\"twitter:card\" content=\"summary_large_image\" \/>\n<script type=\"application\/ld+json\" class=\"yoast-schema-graph\">{\"@context\":\"https:\/\/schema.org\",\"@graph\":[{\"@type\":\"WebPage\",\"@id\":\"https:\/\/fedemark.ee\/fi\/tuotteet\/tavaravaunut\/raskaiden-kuormien-kasikarryt\/mono-40\/\",\"url\":\"https:\/\/fedemark.ee\/fi\/tuotteet\/tavaravaunut\/raskaiden-kuormien-kasikarryt\/mono-40\/\",\"name\":\"Mono 40 - Fedemark\",\"isPartOf\":{\"@id\":\"https:\/\/fedemark.ee\/#website\"},\"primaryImageOfPage\":{\"@id\":\"https:\/\/fedemark.ee\/fi\/tuotteet\/tavaravaunut\/raskaiden-kuormien-kasikarryt\/mono-40\/#primaryimage\"},\"image\":{\"@id\":\"https:\/\/fedemark.ee\/fi\/tuotteet\/tavaravaunut\/raskaiden-kuormien-kasikarryt\/mono-40\/#primaryimage\"},\"thumbnailUrl\":\"https:\/\/fedemark.ee\/wp-content\/uploads\/2017\/06\/MONO40-1.jpg\",\"datePublished\":\"2017-06-19T09:58:26+00:00\",\"dateModified\":\"2017-07-25T12:06:52+00:00\",\"breadcrumb\":{\"@id\":\"https:\/\/fedemark.ee\/fi\/tuotteet\/tavaravaunut\/raskaiden-kuormien-kasikarryt\/mono-40\/#breadcrumb\"},\"inLanguage\":\"fi-FI\",\"potentialAction\":[{\"@type\":\"ReadAction\",\"target\":[\"https:\/\/fedemark.ee\/fi\/tuotteet\/tavaravaunut\/raskaiden-kuormien-kasikarryt\/mono-40\/\"]}]},{\"@type\":\"ImageObject\",\"inLanguage\":\"fi-FI\",\"@id\":\"https:\/\/fedemark.ee\/fi\/tuotteet\/tavaravaunut\/raskaiden-kuormien-kasikarryt\/mono-40\/#primaryimage\",\"url\":\"https:\/\/fedemark.ee\/wp-content\/uploads\/2017\/06\/MONO40-1.jpg\",\"contentUrl\":\"https:\/\/fedemark.ee\/wp-content\/uploads\/2017\/06\/MONO40-1.jpg\",\"width\":800,\"height\":800},{\"@type\":\"BreadcrumbList\",\"@id\":\"https:\/\/fedemark.ee\/fi\/tuotteet\/tavaravaunut\/raskaiden-kuormien-kasikarryt\/mono-40\/#breadcrumb\",\"itemListElement\":[{\"@type\":\"ListItem\",\"position\":1,\"name\":\"Home\",\"item\":\"https:\/\/fedemark.ee\/fi\/\"},{\"@type\":\"ListItem\",\"position\":2,\"name\":\"Tuotteet\",\"item\":\"https:\/\/fedemark.ee\/fi\/tuotteet\/\"},{\"@type\":\"ListItem\",\"position\":3,\"name\":\"Mono 40\"}]},{\"@type\":\"WebSite\",\"@id\":\"https:\/\/fedemark.ee\/#website\",\"url\":\"https:\/\/fedemark.ee\/\",\"name\":\"Fedemark\",\"description\":\"Redelid, Tellingud, T\u00f6\u00f6platvormid ja vahekorrused\",\"potentialAction\":[{\"@type\":\"SearchAction\",\"target\":{\"@type\":\"EntryPoint\",\"urlTemplate\":\"https:\/\/fedemark.ee\/?s={search_term_string}\"},\"query-input\":\"required name=search_term_string\"}],\"inLanguage\":\"fi-FI\"}]}<\/script>\n<!-- \/ Yoast SEO plugin. -->","yoast_head_json":{"title":"Mono 40 - Fedemark","robots":{"index":"index","follow":"follow","max-snippet":"max-snippet:-1","max-image-preview":"max-image-preview:large","max-video-preview":"max-video-preview:-1"},"canonical":"https:\/\/fedemark.ee\/fi\/tuotteet\/tavaravaunut\/raskaiden-kuormien-kasikarryt\/mono-40\/","og_locale":"fi_FI","og_type":"article","og_title":"Mono 40 - Fedemark","og_description":"K\u00e4sik\u00e4rry yhdelle 40 litran pullolle  Ammattik\u00e4ytt\u00f6\u00f6n tarkoitettu ter\u00e4ksinen k\u00e4sik\u00e4rry. Siin\u00e4 on yksiosainen k\u00e4densija, josta voi sek\u00e4 pit\u00e4\u00e4 kiinni ett\u00e4 nostaa, rautanapaiset ja kuulalaakerein varustetut umpikumirenkaat \u00d8 200 mm. Rakenne muodostuu lujista \u00d8 25 mm hitsatuista putkista. Varustettu kiinnityshihnoin ja 40 litran pullolle tarkoitetulla tasolla. Pieni ketju pit\u00e4\u00e4 pulloa lujasti ja turvallisesti k\u00e4sik\u00e4rryss\u00e4 kiinni.  TEKNISET OMINAISUUDET Materiaali: ter\u00e4s V\u00e4ri: sininen Py\u00f6r\u00e4t: umpikumirenkaat Napa: rautaa; kuulalaakerit Mitat: leveys 490 mm, korkeus 1270 mm Kantavuus: 1 pullo, 40 litran Py\u00f6r\u00e4t: \u00f8 200 mm Paino: 9 kg Putkiprofiili: \u00f8 25 mm","og_url":"https:\/\/fedemark.ee\/fi\/tuotteet\/tavaravaunut\/raskaiden-kuormien-kasikarryt\/mono-40\/","og_site_name":"Fedemark","article_modified_time":"2017-07-25T12:06:52+00:00","og_image":[{"width":800,"height":800,"url":"https:\/\/fedemark.ee\/wp-content\/uploads\/2017\/06\/MONO40-1.jpg","type":"image\/jpeg"}],"twitter_card":"summary_large_image","schema":{"@context":"https:\/\/schema.org","@graph":[{"@type":"WebPage","@id":"https:\/\/fedemark.ee\/fi\/tuotteet\/tavaravaunut\/raskaiden-kuormien-kasikarryt\/mono-40\/","url":"https:\/\/fedemark.ee\/fi\/tuotteet\/tavaravaunut\/raskaiden-kuormien-kasikarryt\/mono-40\/","name":"Mono 40 - Fedemark","isPartOf":{"@id":"https:\/\/fedemark.ee\/#website"},"primaryImageOfPage":{"@id":"https:\/\/fedemark.ee\/fi\/tuotteet\/tavaravaunut\/raskaiden-kuormien-kasikarryt\/mono-40\/#primaryimage"},"image":{"@id":"https:\/\/fedemark.ee\/fi\/tuotteet\/tavaravaunut\/raskaiden-kuormien-kasikarryt\/mono-40\/#primaryimage"},"thumbnailUrl":"https:\/\/fedemark.ee\/wp-content\/uploads\/2017\/06\/MONO40-1.jpg","datePublished":"2017-06-19T09:58:26+00:00","dateModified":"2017-07-25T12:06:52+00:00","breadcrumb":{"@id":"https:\/\/fedemark.ee\/fi\/tuotteet\/tavaravaunut\/raskaiden-kuormien-kasikarryt\/mono-40\/#breadcrumb"},"inLanguage":"fi-FI","potentialAction":[{"@type":"ReadAction","target":["https:\/\/fedemark.ee\/fi\/tuotteet\/tavaravaunut\/raskaiden-kuormien-kasikarryt\/mono-40\/"]}]},{"@type":"ImageObject","inLanguage":"fi-FI","@id":"https:\/\/fedemark.ee\/fi\/tuotteet\/tavaravaunut\/raskaiden-kuormien-kasikarryt\/mono-40\/#primaryimage","url":"https:\/\/fedemark.ee\/wp-content\/uploads\/2017\/06\/MONO40-1.jpg","contentUrl":"https:\/\/fedemark.ee\/wp-content\/uploads\/2017\/06\/MONO40-1.jpg","width":800,"height":800},{"@type":"BreadcrumbList","@id":"https:\/\/fedemark.ee\/fi\/tuotteet\/tavaravaunut\/raskaiden-kuormien-kasikarryt\/mono-40\/#breadcrumb","itemListElement":[{"@type":"ListItem","position":1,"name":"Home","item":"https:\/\/fedemark.ee\/fi\/"},{"@type":"ListItem","position":2,"name":"Tuotteet","item":"https:\/\/fedemark.ee\/fi\/tuotteet\/"},{"@type":"ListItem","position":3,"name":"Mono 40"}]},{"@type":"WebSite","@id":"https:\/\/fedemark.ee\/#website","url":"https:\/\/fedemark.ee\/","name":"Fedemark","description":"Redelid, Tellingud, T\u00f6\u00f6platvormid ja vahekorrused","potentialAction":[{"@type":"SearchAction","target":{"@type":"EntryPoint","urlTemplate":"https:\/\/fedemark.ee\/?s={search_term_string}"},"query-input":"required name=search_term_string"}],"inLanguage":"fi-FI"}]}},"_links":{"self":[{"href":"https:\/\/fedemark.ee\/fi\/wp-json\/wp\/v2\/product\/7291"}],"collection":[{"href":"https:\/\/fedemark.ee\/fi\/wp-json\/wp\/v2\/product"}],"about":[{"href":"https:\/\/fedemark.ee\/fi\/wp-json\/wp\/v2\/types\/product"}],"replies":[{"embeddable":true,"href":"https:\/\/fedemark.ee\/fi\/wp-json\/wp\/v2\/comments?post=7291"}],"version-history":[{"count":0,"href":"https:\/\/fedemark.ee\/fi\/wp-json\/wp\/v2\/product\/7291\/revisions"}],"wp:featuredmedia":[{"embeddable":true,"href":"https:\/\/fedemark.ee\/fi\/wp-json\/wp\/v2\/media\/10390"}],"wp:attachment":[{"href":"https:\/\/fedemark.ee\/fi\/wp-json\/wp\/v2\/media?parent=7291"}],"wp:term":[{"taxonomy":"product_cat","embeddable":true,"href":"https:\/\/fedemark.ee\/fi\/wp-json\/wp\/v2\/product_cat?post=7291"},{"taxonomy":"product_tag","embeddable":true,"href":"https:\/\/fedemark.ee\/fi\/wp-json\/wp\/v2\/product_tag?post=7291"}],"curies":[{"name":"wp","href":"https:\/\/api.w.org\/{rel}","templated":true}]}}