{"id":7294,"date":"2017-06-19T10:13:59","date_gmt":"2017-06-19T10:13:59","guid":{"rendered":"https:\/\/sharks.ee\/fedemark\/shop\/uncategorized\/tyson\/"},"modified":"2017-07-25T12:09:45","modified_gmt":"2017-07-25T12:09:45","slug":"tyson","status":"publish","type":"product","link":"https:\/\/fedemark.ee\/fi\/tuotteet\/tavaravaunut\/raskaiden-kuormien-kasikarryt\/tyson\/","title":{"rendered":"Tyson"},"content":{"rendered":"","protected":false},"excerpt":{"rendered":"<p><em>K\u00e4sik\u00e4rry paketteja varten<\/em><\/p>\n<p>Ammattik\u00e4ytt\u00f6\u00f6n tarkoitettu, ter\u00e4ksinen, epoksimaalilla viimeistelty k\u00e4sik\u00e4rry. K\u00e4rryss\u00e4 on turvapalikoin varustetut onnettomuudenestonapit. Muovinapaiset ja kuulalaakerein varustetut pistoa kest\u00e4v\u00e4t renkaat \u00d8 260 mm. Rakenne muodostuu lujista \u00d8 25 mm hitsatuista putkista. Kehyksen sis\u00e4vahvistukset ter\u00e4sputkea.<\/p>\n<p>TEKNISET OMINAISUUDET<br \/>\nMateriaali: ter\u00e4s<br \/>\nV\u00e4ri: sininen<br \/>\nRenkaat: pistoa kest\u00e4v\u00e4t kumirenkaat<br \/>\nNapa: rautaa; kuulalaakerit<br \/>\nMaali: epoksimaali<br \/>\nKantavuus: 300 kg<br \/>\nMitat: leveys 520 mm, korkeus 1100 mm<br \/>\nPy\u00f6r\u00e4t: 260&#215;85 mm<br \/>\nPaino: 10 kg<br \/>\nPutkiprofiili: \u00f8 25 mm<br \/>\nTason pituus: 230 mm<\/p>\n","protected":false},"featured_media":10430,"comment_status":"open","ping_status":"closed","template":"","meta":{"footnotes":""},"product_cat":[204,181],"product_tag":[],"yoast_head":"<!-- This site is optimized with the Yoast SEO plugin v22.6 - https:\/\/yoast.com\/wordpress\/plugins\/seo\/ -->\n<title>Tyson - Fedemark<\/title>\n<meta name=\"robots\" content=\"index, follow, max-snippet:-1, max-image-preview:large, max-video-preview:-1\" \/>\n<link rel=\"canonical\" href=\"https:\/\/fedemark.ee\/fi\/tuotteet\/tavaravaunut\/raskaiden-kuormien-kasikarryt\/tyson\/\" \/>\n<meta property=\"og:locale\" content=\"fi_FI\" \/>\n<meta property=\"og:type\" content=\"article\" \/>\n<meta property=\"og:title\" content=\"Tyson - Fedemark\" \/>\n<meta property=\"og:description\" content=\"K\u00e4sik\u00e4rry paketteja varten  Ammattik\u00e4ytt\u00f6\u00f6n tarkoitettu, ter\u00e4ksinen, epoksimaalilla viimeistelty k\u00e4sik\u00e4rry. K\u00e4rryss\u00e4 on turvapalikoin varustetut onnettomuudenestonapit. Muovinapaiset ja kuulalaakerein varustetut pistoa kest\u00e4v\u00e4t renkaat \u00d8 260 mm. Rakenne muodostuu lujista \u00d8 25 mm hitsatuista putkista. Kehyksen sis\u00e4vahvistukset ter\u00e4sputkea.  TEKNISET OMINAISUUDET Materiaali: ter\u00e4s V\u00e4ri: sininen Renkaat: pistoa kest\u00e4v\u00e4t kumirenkaat Napa: rautaa; kuulalaakerit Maali: epoksimaali Kantavuus: 300 kg Mitat: leveys 520 mm, korkeus 1100 mm Py\u00f6r\u00e4t: 260x85 mm Paino: 10 kg Putkiprofiili: \u00f8 25 mm Tason pituus: 230 mm\" \/>\n<meta property=\"og:url\" content=\"https:\/\/fedemark.ee\/fi\/tuotteet\/tavaravaunut\/raskaiden-kuormien-kasikarryt\/tyson\/\" \/>\n<meta property=\"og:site_name\" content=\"Fedemark\" \/>\n<meta property=\"article:modified_time\" content=\"2017-07-25T12:09:45+00:00\" \/>\n<meta property=\"og:image\" content=\"https:\/\/fedemark.ee\/wp-content\/uploads\/2017\/06\/TYSON-3.jpg\" \/>\n\t<meta property=\"og:image:width\" content=\"800\" \/>\n\t<meta property=\"og:image:height\" content=\"800\" \/>\n\t<meta property=\"og:image:type\" content=\"image\/jpeg\" \/>\n<meta name=\"twitter:card\" content=\"summary_large_image\" \/>\n<script type=\"application\/ld+json\" class=\"yoast-schema-graph\">{\"@context\":\"https:\/\/schema.org\",\"@graph\":[{\"@type\":\"WebPage\",\"@id\":\"https:\/\/fedemark.ee\/fi\/tuotteet\/tavaravaunut\/raskaiden-kuormien-kasikarryt\/tyson\/\",\"url\":\"https:\/\/fedemark.ee\/fi\/tuotteet\/tavaravaunut\/raskaiden-kuormien-kasikarryt\/tyson\/\",\"name\":\"Tyson - Fedemark\",\"isPartOf\":{\"@id\":\"https:\/\/fedemark.ee\/#website\"},\"primaryImageOfPage\":{\"@id\":\"https:\/\/fedemark.ee\/fi\/tuotteet\/tavaravaunut\/raskaiden-kuormien-kasikarryt\/tyson\/#primaryimage\"},\"image\":{\"@id\":\"https:\/\/fedemark.ee\/fi\/tuotteet\/tavaravaunut\/raskaiden-kuormien-kasikarryt\/tyson\/#primaryimage\"},\"thumbnailUrl\":\"https:\/\/fedemark.ee\/wp-content\/uploads\/2017\/06\/TYSON-3.jpg\",\"datePublished\":\"2017-06-19T10:13:59+00:00\",\"dateModified\":\"2017-07-25T12:09:45+00:00\",\"breadcrumb\":{\"@id\":\"https:\/\/fedemark.ee\/fi\/tuotteet\/tavaravaunut\/raskaiden-kuormien-kasikarryt\/tyson\/#breadcrumb\"},\"inLanguage\":\"fi-FI\",\"potentialAction\":[{\"@type\":\"ReadAction\",\"target\":[\"https:\/\/fedemark.ee\/fi\/tuotteet\/tavaravaunut\/raskaiden-kuormien-kasikarryt\/tyson\/\"]}]},{\"@type\":\"ImageObject\",\"inLanguage\":\"fi-FI\",\"@id\":\"https:\/\/fedemark.ee\/fi\/tuotteet\/tavaravaunut\/raskaiden-kuormien-kasikarryt\/tyson\/#primaryimage\",\"url\":\"https:\/\/fedemark.ee\/wp-content\/uploads\/2017\/06\/TYSON-3.jpg\",\"contentUrl\":\"https:\/\/fedemark.ee\/wp-content\/uploads\/2017\/06\/TYSON-3.jpg\",\"width\":800,\"height\":800},{\"@type\":\"BreadcrumbList\",\"@id\":\"https:\/\/fedemark.ee\/fi\/tuotteet\/tavaravaunut\/raskaiden-kuormien-kasikarryt\/tyson\/#breadcrumb\",\"itemListElement\":[{\"@type\":\"ListItem\",\"position\":1,\"name\":\"Home\",\"item\":\"https:\/\/fedemark.ee\/fi\/\"},{\"@type\":\"ListItem\",\"position\":2,\"name\":\"Tuotteet\",\"item\":\"https:\/\/fedemark.ee\/fi\/tuotteet\/\"},{\"@type\":\"ListItem\",\"position\":3,\"name\":\"Tyson\"}]},{\"@type\":\"WebSite\",\"@id\":\"https:\/\/fedemark.ee\/#website\",\"url\":\"https:\/\/fedemark.ee\/\",\"name\":\"Fedemark\",\"description\":\"Redelid, Tellingud, T\u00f6\u00f6platvormid ja vahekorrused\",\"potentialAction\":[{\"@type\":\"SearchAction\",\"target\":{\"@type\":\"EntryPoint\",\"urlTemplate\":\"https:\/\/fedemark.ee\/?s={search_term_string}\"},\"query-input\":\"required name=search_term_string\"}],\"inLanguage\":\"fi-FI\"}]}<\/script>\n<!-- \/ Yoast SEO plugin. -->","yoast_head_json":{"title":"Tyson - Fedemark","robots":{"index":"index","follow":"follow","max-snippet":"max-snippet:-1","max-image-preview":"max-image-preview:large","max-video-preview":"max-video-preview:-1"},"canonical":"https:\/\/fedemark.ee\/fi\/tuotteet\/tavaravaunut\/raskaiden-kuormien-kasikarryt\/tyson\/","og_locale":"fi_FI","og_type":"article","og_title":"Tyson - Fedemark","og_description":"K\u00e4sik\u00e4rry paketteja varten  Ammattik\u00e4ytt\u00f6\u00f6n tarkoitettu, ter\u00e4ksinen, epoksimaalilla viimeistelty k\u00e4sik\u00e4rry. K\u00e4rryss\u00e4 on turvapalikoin varustetut onnettomuudenestonapit. Muovinapaiset ja kuulalaakerein varustetut pistoa kest\u00e4v\u00e4t renkaat \u00d8 260 mm. Rakenne muodostuu lujista \u00d8 25 mm hitsatuista putkista. Kehyksen sis\u00e4vahvistukset ter\u00e4sputkea.  TEKNISET OMINAISUUDET Materiaali: ter\u00e4s V\u00e4ri: sininen Renkaat: pistoa kest\u00e4v\u00e4t kumirenkaat Napa: rautaa; kuulalaakerit Maali: epoksimaali Kantavuus: 300 kg Mitat: leveys 520 mm, korkeus 1100 mm Py\u00f6r\u00e4t: 260x85 mm Paino: 10 kg Putkiprofiili: \u00f8 25 mm Tason pituus: 230 mm","og_url":"https:\/\/fedemark.ee\/fi\/tuotteet\/tavaravaunut\/raskaiden-kuormien-kasikarryt\/tyson\/","og_site_name":"Fedemark","article_modified_time":"2017-07-25T12:09:45+00:00","og_image":[{"width":800,"height":800,"url":"https:\/\/fedemark.ee\/wp-content\/uploads\/2017\/06\/TYSON-3.jpg","type":"image\/jpeg"}],"twitter_card":"summary_large_image","schema":{"@context":"https:\/\/schema.org","@graph":[{"@type":"WebPage","@id":"https:\/\/fedemark.ee\/fi\/tuotteet\/tavaravaunut\/raskaiden-kuormien-kasikarryt\/tyson\/","url":"https:\/\/fedemark.ee\/fi\/tuotteet\/tavaravaunut\/raskaiden-kuormien-kasikarryt\/tyson\/","name":"Tyson - Fedemark","isPartOf":{"@id":"https:\/\/fedemark.ee\/#website"},"primaryImageOfPage":{"@id":"https:\/\/fedemark.ee\/fi\/tuotteet\/tavaravaunut\/raskaiden-kuormien-kasikarryt\/tyson\/#primaryimage"},"image":{"@id":"https:\/\/fedemark.ee\/fi\/tuotteet\/tavaravaunut\/raskaiden-kuormien-kasikarryt\/tyson\/#primaryimage"},"thumbnailUrl":"https:\/\/fedemark.ee\/wp-content\/uploads\/2017\/06\/TYSON-3.jpg","datePublished":"2017-06-19T10:13:59+00:00","dateModified":"2017-07-25T12:09:45+00:00","breadcrumb":{"@id":"https:\/\/fedemark.ee\/fi\/tuotteet\/tavaravaunut\/raskaiden-kuormien-kasikarryt\/tyson\/#breadcrumb"},"inLanguage":"fi-FI","potentialAction":[{"@type":"ReadAction","target":["https:\/\/fedemark.ee\/fi\/tuotteet\/tavaravaunut\/raskaiden-kuormien-kasikarryt\/tyson\/"]}]},{"@type":"ImageObject","inLanguage":"fi-FI","@id":"https:\/\/fedemark.ee\/fi\/tuotteet\/tavaravaunut\/raskaiden-kuormien-kasikarryt\/tyson\/#primaryimage","url":"https:\/\/fedemark.ee\/wp-content\/uploads\/2017\/06\/TYSON-3.jpg","contentUrl":"https:\/\/fedemark.ee\/wp-content\/uploads\/2017\/06\/TYSON-3.jpg","width":800,"height":800},{"@type":"BreadcrumbList","@id":"https:\/\/fedemark.ee\/fi\/tuotteet\/tavaravaunut\/raskaiden-kuormien-kasikarryt\/tyson\/#breadcrumb","itemListElement":[{"@type":"ListItem","position":1,"name":"Home","item":"https:\/\/fedemark.ee\/fi\/"},{"@type":"ListItem","position":2,"name":"Tuotteet","item":"https:\/\/fedemark.ee\/fi\/tuotteet\/"},{"@type":"ListItem","position":3,"name":"Tyson"}]},{"@type":"WebSite","@id":"https:\/\/fedemark.ee\/#website","url":"https:\/\/fedemark.ee\/","name":"Fedemark","description":"Redelid, Tellingud, T\u00f6\u00f6platvormid ja vahekorrused","potentialAction":[{"@type":"SearchAction","target":{"@type":"EntryPoint","urlTemplate":"https:\/\/fedemark.ee\/?s={search_term_string}"},"query-input":"required name=search_term_string"}],"inLanguage":"fi-FI"}]}},"_links":{"self":[{"href":"https:\/\/fedemark.ee\/fi\/wp-json\/wp\/v2\/product\/7294"}],"collection":[{"href":"https:\/\/fedemark.ee\/fi\/wp-json\/wp\/v2\/product"}],"about":[{"href":"https:\/\/fedemark.ee\/fi\/wp-json\/wp\/v2\/types\/product"}],"replies":[{"embeddable":true,"href":"https:\/\/fedemark.ee\/fi\/wp-json\/wp\/v2\/comments?post=7294"}],"version-history":[{"count":0,"href":"https:\/\/fedemark.ee\/fi\/wp-json\/wp\/v2\/product\/7294\/revisions"}],"wp:featuredmedia":[{"embeddable":true,"href":"https:\/\/fedemark.ee\/fi\/wp-json\/wp\/v2\/media\/10430"}],"wp:attachment":[{"href":"https:\/\/fedemark.ee\/fi\/wp-json\/wp\/v2\/media?parent=7294"}],"wp:term":[{"taxonomy":"product_cat","embeddable":true,"href":"https:\/\/fedemark.ee\/fi\/wp-json\/wp\/v2\/product_cat?post=7294"},{"taxonomy":"product_tag","embeddable":true,"href":"https:\/\/fedemark.ee\/fi\/wp-json\/wp\/v2\/product_tag?post=7294"}],"curies":[{"name":"wp","href":"https:\/\/api.w.org\/{rel}","templated":true}]}}