{"id":7295,"date":"2017-06-19T10:15:01","date_gmt":"2017-06-19T10:15:01","guid":{"rendered":"https:\/\/sharks.ee\/fedemark\/shop\/uncategorized\/hulk-p\/"},"modified":"2017-07-25T12:11:02","modified_gmt":"2017-07-25T12:11:02","slug":"hulk-p","status":"publish","type":"product","link":"https:\/\/fedemark.ee\/fi\/tuotteet\/tavaravaunut\/kevyiden-kuormien-kasikarryt\/hulk-p\/","title":{"rendered":"Hulk P"},"content":{"rendered":"","protected":false},"excerpt":{"rendered":"<p><em>Ilmarenkain varustettu ter\u00e4ksinen k\u00e4sik\u00e4rry paketteja varten \u2013 kantavuus 150 kg<\/em><\/p>\n<p>K\u00e4sik\u00e4rry paketteja varten.<br \/>\nEpoksimaalilla viimeistelty ter\u00e4ksinen k\u00e4sik\u00e4rry kotitalouksissa k\u00e4ytett\u00e4v\u00e4ksi.<br \/>\nK\u00e4rryss\u00e4 on turvapalikoin varustetut onnettomuudenestonapit.<br \/>\nMuovinapaiset ilmarenkaat \u00d8 200 mm.<br \/>\nRakenne muodostuu lujista \u00d8 25 mm hitsatuista putkista.<br \/>\nKehyksen sis\u00e4vahvistukset ter\u00e4sputkea ja lattater\u00e4st\u00e4.<\/p>\n<p>TEKNISET OMINAISUUDET<br \/>\nMateriaali: ter\u00e4s<br \/>\nV\u00e4ri: keltainen<br \/>\nPy\u00f6r\u00e4t: ilmarenkaat<br \/>\nNapa: muovi<br \/>\nMaali: epoksimaali<br \/>\nKantavuus: 150 kg<br \/>\nMitat: leveys 450 mm, korkeus 1080 mm<br \/>\nPy\u00f6r\u00e4t: 260&#215;85 mm<br \/>\nPaino: 9 kg<br \/>\nPutkiprofiili: \u00f8 25 mm<br \/>\nTason pituus:\u00a0170 mm<\/p>\n","protected":false},"featured_media":10434,"comment_status":"open","ping_status":"closed","template":"","meta":{"footnotes":""},"product_cat":[183,181],"product_tag":[],"yoast_head":"<!-- This site is optimized with the Yoast SEO plugin v22.6 - https:\/\/yoast.com\/wordpress\/plugins\/seo\/ -->\n<title>Hulk P - Fedemark<\/title>\n<meta name=\"robots\" content=\"index, follow, max-snippet:-1, max-image-preview:large, max-video-preview:-1\" \/>\n<link rel=\"canonical\" href=\"https:\/\/fedemark.ee\/fi\/tuotteet\/tavaravaunut\/kevyiden-kuormien-kasikarryt\/hulk-p\/\" \/>\n<meta property=\"og:locale\" content=\"fi_FI\" \/>\n<meta property=\"og:type\" content=\"article\" \/>\n<meta property=\"og:title\" content=\"Hulk P - Fedemark\" \/>\n<meta property=\"og:description\" content=\"Ilmarenkain varustettu ter\u00e4ksinen k\u00e4sik\u00e4rry paketteja varten \u2013 kantavuus 150 kg  K\u00e4sik\u00e4rry paketteja varten. Epoksimaalilla viimeistelty ter\u00e4ksinen k\u00e4sik\u00e4rry kotitalouksissa k\u00e4ytett\u00e4v\u00e4ksi. K\u00e4rryss\u00e4 on turvapalikoin varustetut onnettomuudenestonapit. Muovinapaiset ilmarenkaat \u00d8 200 mm. Rakenne muodostuu lujista \u00d8 25 mm hitsatuista putkista. Kehyksen sis\u00e4vahvistukset ter\u00e4sputkea ja lattater\u00e4st\u00e4.  TEKNISET OMINAISUUDET Materiaali: ter\u00e4s V\u00e4ri: keltainen Py\u00f6r\u00e4t: ilmarenkaat Napa: muovi Maali: epoksimaali Kantavuus: 150 kg Mitat: leveys 450 mm, korkeus 1080 mm Py\u00f6r\u00e4t: 260x85 mm Paino: 9 kg Putkiprofiili: \u00f8 25 mm Tason pituus:\u00a0170 mm\" \/>\n<meta property=\"og:url\" content=\"https:\/\/fedemark.ee\/fi\/tuotteet\/tavaravaunut\/kevyiden-kuormien-kasikarryt\/hulk-p\/\" \/>\n<meta property=\"og:site_name\" content=\"Fedemark\" \/>\n<meta property=\"article:modified_time\" content=\"2017-07-25T12:11:02+00:00\" \/>\n<meta property=\"og:image\" content=\"https:\/\/fedemark.ee\/wp-content\/uploads\/2017\/06\/Hulk-P-1.jpg\" \/>\n\t<meta property=\"og:image:width\" content=\"800\" \/>\n\t<meta property=\"og:image:height\" content=\"800\" \/>\n\t<meta property=\"og:image:type\" content=\"image\/jpeg\" \/>\n<meta name=\"twitter:card\" content=\"summary_large_image\" \/>\n<script type=\"application\/ld+json\" class=\"yoast-schema-graph\">{\"@context\":\"https:\/\/schema.org\",\"@graph\":[{\"@type\":\"WebPage\",\"@id\":\"https:\/\/fedemark.ee\/fi\/tuotteet\/tavaravaunut\/kevyiden-kuormien-kasikarryt\/hulk-p\/\",\"url\":\"https:\/\/fedemark.ee\/fi\/tuotteet\/tavaravaunut\/kevyiden-kuormien-kasikarryt\/hulk-p\/\",\"name\":\"Hulk P - Fedemark\",\"isPartOf\":{\"@id\":\"https:\/\/fedemark.ee\/#website\"},\"primaryImageOfPage\":{\"@id\":\"https:\/\/fedemark.ee\/fi\/tuotteet\/tavaravaunut\/kevyiden-kuormien-kasikarryt\/hulk-p\/#primaryimage\"},\"image\":{\"@id\":\"https:\/\/fedemark.ee\/fi\/tuotteet\/tavaravaunut\/kevyiden-kuormien-kasikarryt\/hulk-p\/#primaryimage\"},\"thumbnailUrl\":\"https:\/\/fedemark.ee\/wp-content\/uploads\/2017\/06\/Hulk-P-1.jpg\",\"datePublished\":\"2017-06-19T10:15:01+00:00\",\"dateModified\":\"2017-07-25T12:11:02+00:00\",\"breadcrumb\":{\"@id\":\"https:\/\/fedemark.ee\/fi\/tuotteet\/tavaravaunut\/kevyiden-kuormien-kasikarryt\/hulk-p\/#breadcrumb\"},\"inLanguage\":\"fi-FI\",\"potentialAction\":[{\"@type\":\"ReadAction\",\"target\":[\"https:\/\/fedemark.ee\/fi\/tuotteet\/tavaravaunut\/kevyiden-kuormien-kasikarryt\/hulk-p\/\"]}]},{\"@type\":\"ImageObject\",\"inLanguage\":\"fi-FI\",\"@id\":\"https:\/\/fedemark.ee\/fi\/tuotteet\/tavaravaunut\/kevyiden-kuormien-kasikarryt\/hulk-p\/#primaryimage\",\"url\":\"https:\/\/fedemark.ee\/wp-content\/uploads\/2017\/06\/Hulk-P-1.jpg\",\"contentUrl\":\"https:\/\/fedemark.ee\/wp-content\/uploads\/2017\/06\/Hulk-P-1.jpg\",\"width\":800,\"height\":800},{\"@type\":\"BreadcrumbList\",\"@id\":\"https:\/\/fedemark.ee\/fi\/tuotteet\/tavaravaunut\/kevyiden-kuormien-kasikarryt\/hulk-p\/#breadcrumb\",\"itemListElement\":[{\"@type\":\"ListItem\",\"position\":1,\"name\":\"Home\",\"item\":\"https:\/\/fedemark.ee\/fi\/\"},{\"@type\":\"ListItem\",\"position\":2,\"name\":\"Tuotteet\",\"item\":\"https:\/\/fedemark.ee\/fi\/tuotteet\/\"},{\"@type\":\"ListItem\",\"position\":3,\"name\":\"Hulk P\"}]},{\"@type\":\"WebSite\",\"@id\":\"https:\/\/fedemark.ee\/#website\",\"url\":\"https:\/\/fedemark.ee\/\",\"name\":\"Fedemark\",\"description\":\"Redelid, Tellingud, T\u00f6\u00f6platvormid ja vahekorrused\",\"potentialAction\":[{\"@type\":\"SearchAction\",\"target\":{\"@type\":\"EntryPoint\",\"urlTemplate\":\"https:\/\/fedemark.ee\/?s={search_term_string}\"},\"query-input\":\"required name=search_term_string\"}],\"inLanguage\":\"fi-FI\"}]}<\/script>\n<!-- \/ Yoast SEO plugin. -->","yoast_head_json":{"title":"Hulk P - Fedemark","robots":{"index":"index","follow":"follow","max-snippet":"max-snippet:-1","max-image-preview":"max-image-preview:large","max-video-preview":"max-video-preview:-1"},"canonical":"https:\/\/fedemark.ee\/fi\/tuotteet\/tavaravaunut\/kevyiden-kuormien-kasikarryt\/hulk-p\/","og_locale":"fi_FI","og_type":"article","og_title":"Hulk P - Fedemark","og_description":"Ilmarenkain varustettu ter\u00e4ksinen k\u00e4sik\u00e4rry paketteja varten \u2013 kantavuus 150 kg  K\u00e4sik\u00e4rry paketteja varten. Epoksimaalilla viimeistelty ter\u00e4ksinen k\u00e4sik\u00e4rry kotitalouksissa k\u00e4ytett\u00e4v\u00e4ksi. K\u00e4rryss\u00e4 on turvapalikoin varustetut onnettomuudenestonapit. Muovinapaiset ilmarenkaat \u00d8 200 mm. Rakenne muodostuu lujista \u00d8 25 mm hitsatuista putkista. Kehyksen sis\u00e4vahvistukset ter\u00e4sputkea ja lattater\u00e4st\u00e4.  TEKNISET OMINAISUUDET Materiaali: ter\u00e4s V\u00e4ri: keltainen Py\u00f6r\u00e4t: ilmarenkaat Napa: muovi Maali: epoksimaali Kantavuus: 150 kg Mitat: leveys 450 mm, korkeus 1080 mm Py\u00f6r\u00e4t: 260x85 mm Paino: 9 kg Putkiprofiili: \u00f8 25 mm Tason pituus:\u00a0170 mm","og_url":"https:\/\/fedemark.ee\/fi\/tuotteet\/tavaravaunut\/kevyiden-kuormien-kasikarryt\/hulk-p\/","og_site_name":"Fedemark","article_modified_time":"2017-07-25T12:11:02+00:00","og_image":[{"width":800,"height":800,"url":"https:\/\/fedemark.ee\/wp-content\/uploads\/2017\/06\/Hulk-P-1.jpg","type":"image\/jpeg"}],"twitter_card":"summary_large_image","schema":{"@context":"https:\/\/schema.org","@graph":[{"@type":"WebPage","@id":"https:\/\/fedemark.ee\/fi\/tuotteet\/tavaravaunut\/kevyiden-kuormien-kasikarryt\/hulk-p\/","url":"https:\/\/fedemark.ee\/fi\/tuotteet\/tavaravaunut\/kevyiden-kuormien-kasikarryt\/hulk-p\/","name":"Hulk P - Fedemark","isPartOf":{"@id":"https:\/\/fedemark.ee\/#website"},"primaryImageOfPage":{"@id":"https:\/\/fedemark.ee\/fi\/tuotteet\/tavaravaunut\/kevyiden-kuormien-kasikarryt\/hulk-p\/#primaryimage"},"image":{"@id":"https:\/\/fedemark.ee\/fi\/tuotteet\/tavaravaunut\/kevyiden-kuormien-kasikarryt\/hulk-p\/#primaryimage"},"thumbnailUrl":"https:\/\/fedemark.ee\/wp-content\/uploads\/2017\/06\/Hulk-P-1.jpg","datePublished":"2017-06-19T10:15:01+00:00","dateModified":"2017-07-25T12:11:02+00:00","breadcrumb":{"@id":"https:\/\/fedemark.ee\/fi\/tuotteet\/tavaravaunut\/kevyiden-kuormien-kasikarryt\/hulk-p\/#breadcrumb"},"inLanguage":"fi-FI","potentialAction":[{"@type":"ReadAction","target":["https:\/\/fedemark.ee\/fi\/tuotteet\/tavaravaunut\/kevyiden-kuormien-kasikarryt\/hulk-p\/"]}]},{"@type":"ImageObject","inLanguage":"fi-FI","@id":"https:\/\/fedemark.ee\/fi\/tuotteet\/tavaravaunut\/kevyiden-kuormien-kasikarryt\/hulk-p\/#primaryimage","url":"https:\/\/fedemark.ee\/wp-content\/uploads\/2017\/06\/Hulk-P-1.jpg","contentUrl":"https:\/\/fedemark.ee\/wp-content\/uploads\/2017\/06\/Hulk-P-1.jpg","width":800,"height":800},{"@type":"BreadcrumbList","@id":"https:\/\/fedemark.ee\/fi\/tuotteet\/tavaravaunut\/kevyiden-kuormien-kasikarryt\/hulk-p\/#breadcrumb","itemListElement":[{"@type":"ListItem","position":1,"name":"Home","item":"https:\/\/fedemark.ee\/fi\/"},{"@type":"ListItem","position":2,"name":"Tuotteet","item":"https:\/\/fedemark.ee\/fi\/tuotteet\/"},{"@type":"ListItem","position":3,"name":"Hulk P"}]},{"@type":"WebSite","@id":"https:\/\/fedemark.ee\/#website","url":"https:\/\/fedemark.ee\/","name":"Fedemark","description":"Redelid, Tellingud, T\u00f6\u00f6platvormid ja vahekorrused","potentialAction":[{"@type":"SearchAction","target":{"@type":"EntryPoint","urlTemplate":"https:\/\/fedemark.ee\/?s={search_term_string}"},"query-input":"required name=search_term_string"}],"inLanguage":"fi-FI"}]}},"_links":{"self":[{"href":"https:\/\/fedemark.ee\/fi\/wp-json\/wp\/v2\/product\/7295"}],"collection":[{"href":"https:\/\/fedemark.ee\/fi\/wp-json\/wp\/v2\/product"}],"about":[{"href":"https:\/\/fedemark.ee\/fi\/wp-json\/wp\/v2\/types\/product"}],"replies":[{"embeddable":true,"href":"https:\/\/fedemark.ee\/fi\/wp-json\/wp\/v2\/comments?post=7295"}],"version-history":[{"count":0,"href":"https:\/\/fedemark.ee\/fi\/wp-json\/wp\/v2\/product\/7295\/revisions"}],"wp:featuredmedia":[{"embeddable":true,"href":"https:\/\/fedemark.ee\/fi\/wp-json\/wp\/v2\/media\/10434"}],"wp:attachment":[{"href":"https:\/\/fedemark.ee\/fi\/wp-json\/wp\/v2\/media?parent=7295"}],"wp:term":[{"taxonomy":"product_cat","embeddable":true,"href":"https:\/\/fedemark.ee\/fi\/wp-json\/wp\/v2\/product_cat?post=7295"},{"taxonomy":"product_tag","embeddable":true,"href":"https:\/\/fedemark.ee\/fi\/wp-json\/wp\/v2\/product_tag?post=7295"}],"curies":[{"name":"wp","href":"https:\/\/api.w.org\/{rel}","templated":true}]}}