{"id":7296,"date":"2017-06-19T10:17:55","date_gmt":"2017-06-19T10:17:55","guid":{"rendered":"https:\/\/sharks.ee\/fedemark\/shop\/uncategorized\/spazio\/"},"modified":"2017-07-25T12:12:14","modified_gmt":"2017-07-25T12:12:14","slug":"spazio","status":"publish","type":"product","link":"https:\/\/fedemark.ee\/fi\/tuotteet\/tavaravaunut\/kevyiden-kuormien-kasikarryt\/spazio\/","title":{"rendered":"Spazio"},"content":{"rendered":"","protected":false},"excerpt":{"rendered":"<p><em>Teleskooppik\u00e4densijalla varustetut koottavat k\u00e4sik\u00e4rryt<\/em><\/p>\n<p>Epoksimaalilla k\u00e4sitellyt ter\u00e4ksiset k\u00e4sik\u00e4rryt kotitaloudessa k\u00e4ytett\u00e4viksi. K\u00e4rryiss\u00e4 on teleskooppik\u00e4densija ja koottava taso. Eritt\u00e4in helppo kuljettaa ja varastoida. Py\u00f6riss\u00e4 on muovinapa ja umpikumirenkaat \u00d8 150 mm. Rakenteen muodostaa 2 lujasti hitsattua \u00d8 20 mm putkea. Varustettu tyhjennystasolla.<\/p>\n<p>TEKNISET OMINAISUUDET<br \/>\nMateriaali: ter\u00e4s<br \/>\nV\u00e4ri: keltainen<br \/>\nPy\u00f6r\u00e4t: umpikumi \/ muovinapa<br \/>\nNapa: muovi<br \/>\nMaali: epoksimaali<br \/>\nKantavuus: 70 kg<br \/>\nMitat: leveys 390 mm, korkeus 1000 mm<br \/>\nMitat purettuna: leveys 450 mm, korkeus 200 mm<br \/>\nRenkaat: 150&#215;50 mm<br \/>\nPaino: 7 kg<br \/>\nPutken profiili: \u00f8 20 mm<br \/>\nTason pituus:\u00a0335 mm<\/p>\n","protected":false},"featured_media":8414,"comment_status":"open","ping_status":"closed","template":"","meta":{"footnotes":""},"product_cat":[183,181],"product_tag":[],"yoast_head":"<!-- This site is optimized with the Yoast SEO plugin v22.6 - https:\/\/yoast.com\/wordpress\/plugins\/seo\/ -->\n<title>Spazio - Fedemark<\/title>\n<meta name=\"robots\" content=\"index, follow, max-snippet:-1, max-image-preview:large, max-video-preview:-1\" \/>\n<link rel=\"canonical\" href=\"https:\/\/fedemark.ee\/fi\/tuotteet\/tavaravaunut\/kevyiden-kuormien-kasikarryt\/spazio\/\" \/>\n<meta property=\"og:locale\" content=\"fi_FI\" \/>\n<meta property=\"og:type\" content=\"article\" \/>\n<meta property=\"og:title\" content=\"Spazio - Fedemark\" \/>\n<meta property=\"og:description\" content=\"Teleskooppik\u00e4densijalla varustetut koottavat k\u00e4sik\u00e4rryt  Epoksimaalilla k\u00e4sitellyt ter\u00e4ksiset k\u00e4sik\u00e4rryt kotitaloudessa k\u00e4ytett\u00e4viksi. K\u00e4rryiss\u00e4 on teleskooppik\u00e4densija ja koottava taso. Eritt\u00e4in helppo kuljettaa ja varastoida. Py\u00f6riss\u00e4 on muovinapa ja umpikumirenkaat \u00d8 150 mm. Rakenteen muodostaa 2 lujasti hitsattua \u00d8 20 mm putkea. Varustettu tyhjennystasolla.  TEKNISET OMINAISUUDET Materiaali: ter\u00e4s V\u00e4ri: keltainen Py\u00f6r\u00e4t: umpikumi \/ muovinapa Napa: muovi Maali: epoksimaali Kantavuus: 70 kg Mitat: leveys 390 mm, korkeus 1000 mm Mitat purettuna: leveys 450 mm, korkeus 200 mm Renkaat: 150x50 mm Paino: 7 kg Putken profiili: \u00f8 20 mm Tason pituus:\u00a0335 mm\" \/>\n<meta property=\"og:url\" content=\"https:\/\/fedemark.ee\/fi\/tuotteet\/tavaravaunut\/kevyiden-kuormien-kasikarryt\/spazio\/\" \/>\n<meta property=\"og:site_name\" content=\"Fedemark\" \/>\n<meta property=\"article:modified_time\" content=\"2017-07-25T12:12:14+00:00\" \/>\n<meta property=\"og:image\" content=\"https:\/\/fedemark.ee\/wp-content\/uploads\/2017\/06\/CARSPAZIO.jpg\" \/>\n\t<meta property=\"og:image:width\" content=\"1089\" \/>\n\t<meta property=\"og:image:height\" content=\"1309\" \/>\n\t<meta property=\"og:image:type\" content=\"image\/jpeg\" \/>\n<meta name=\"twitter:card\" content=\"summary_large_image\" \/>\n<script type=\"application\/ld+json\" class=\"yoast-schema-graph\">{\"@context\":\"https:\/\/schema.org\",\"@graph\":[{\"@type\":\"WebPage\",\"@id\":\"https:\/\/fedemark.ee\/fi\/tuotteet\/tavaravaunut\/kevyiden-kuormien-kasikarryt\/spazio\/\",\"url\":\"https:\/\/fedemark.ee\/fi\/tuotteet\/tavaravaunut\/kevyiden-kuormien-kasikarryt\/spazio\/\",\"name\":\"Spazio - Fedemark\",\"isPartOf\":{\"@id\":\"https:\/\/fedemark.ee\/#website\"},\"primaryImageOfPage\":{\"@id\":\"https:\/\/fedemark.ee\/fi\/tuotteet\/tavaravaunut\/kevyiden-kuormien-kasikarryt\/spazio\/#primaryimage\"},\"image\":{\"@id\":\"https:\/\/fedemark.ee\/fi\/tuotteet\/tavaravaunut\/kevyiden-kuormien-kasikarryt\/spazio\/#primaryimage\"},\"thumbnailUrl\":\"https:\/\/fedemark.ee\/wp-content\/uploads\/2017\/06\/CARSPAZIO.jpg\",\"datePublished\":\"2017-06-19T10:17:55+00:00\",\"dateModified\":\"2017-07-25T12:12:14+00:00\",\"breadcrumb\":{\"@id\":\"https:\/\/fedemark.ee\/fi\/tuotteet\/tavaravaunut\/kevyiden-kuormien-kasikarryt\/spazio\/#breadcrumb\"},\"inLanguage\":\"fi-FI\",\"potentialAction\":[{\"@type\":\"ReadAction\",\"target\":[\"https:\/\/fedemark.ee\/fi\/tuotteet\/tavaravaunut\/kevyiden-kuormien-kasikarryt\/spazio\/\"]}]},{\"@type\":\"ImageObject\",\"inLanguage\":\"fi-FI\",\"@id\":\"https:\/\/fedemark.ee\/fi\/tuotteet\/tavaravaunut\/kevyiden-kuormien-kasikarryt\/spazio\/#primaryimage\",\"url\":\"https:\/\/fedemark.ee\/wp-content\/uploads\/2017\/06\/CARSPAZIO.jpg\",\"contentUrl\":\"https:\/\/fedemark.ee\/wp-content\/uploads\/2017\/06\/CARSPAZIO.jpg\",\"width\":1089,\"height\":1309},{\"@type\":\"BreadcrumbList\",\"@id\":\"https:\/\/fedemark.ee\/fi\/tuotteet\/tavaravaunut\/kevyiden-kuormien-kasikarryt\/spazio\/#breadcrumb\",\"itemListElement\":[{\"@type\":\"ListItem\",\"position\":1,\"name\":\"Home\",\"item\":\"https:\/\/fedemark.ee\/fi\/\"},{\"@type\":\"ListItem\",\"position\":2,\"name\":\"Tuotteet\",\"item\":\"https:\/\/fedemark.ee\/fi\/tuotteet\/\"},{\"@type\":\"ListItem\",\"position\":3,\"name\":\"Spazio\"}]},{\"@type\":\"WebSite\",\"@id\":\"https:\/\/fedemark.ee\/#website\",\"url\":\"https:\/\/fedemark.ee\/\",\"name\":\"Fedemark\",\"description\":\"Redelid, Tellingud, T\u00f6\u00f6platvormid ja vahekorrused\",\"potentialAction\":[{\"@type\":\"SearchAction\",\"target\":{\"@type\":\"EntryPoint\",\"urlTemplate\":\"https:\/\/fedemark.ee\/?s={search_term_string}\"},\"query-input\":\"required name=search_term_string\"}],\"inLanguage\":\"fi-FI\"}]}<\/script>\n<!-- \/ Yoast SEO plugin. -->","yoast_head_json":{"title":"Spazio - Fedemark","robots":{"index":"index","follow":"follow","max-snippet":"max-snippet:-1","max-image-preview":"max-image-preview:large","max-video-preview":"max-video-preview:-1"},"canonical":"https:\/\/fedemark.ee\/fi\/tuotteet\/tavaravaunut\/kevyiden-kuormien-kasikarryt\/spazio\/","og_locale":"fi_FI","og_type":"article","og_title":"Spazio - Fedemark","og_description":"Teleskooppik\u00e4densijalla varustetut koottavat k\u00e4sik\u00e4rryt  Epoksimaalilla k\u00e4sitellyt ter\u00e4ksiset k\u00e4sik\u00e4rryt kotitaloudessa k\u00e4ytett\u00e4viksi. K\u00e4rryiss\u00e4 on teleskooppik\u00e4densija ja koottava taso. Eritt\u00e4in helppo kuljettaa ja varastoida. Py\u00f6riss\u00e4 on muovinapa ja umpikumirenkaat \u00d8 150 mm. Rakenteen muodostaa 2 lujasti hitsattua \u00d8 20 mm putkea. Varustettu tyhjennystasolla.  TEKNISET OMINAISUUDET Materiaali: ter\u00e4s V\u00e4ri: keltainen Py\u00f6r\u00e4t: umpikumi \/ muovinapa Napa: muovi Maali: epoksimaali Kantavuus: 70 kg Mitat: leveys 390 mm, korkeus 1000 mm Mitat purettuna: leveys 450 mm, korkeus 200 mm Renkaat: 150x50 mm Paino: 7 kg Putken profiili: \u00f8 20 mm Tason pituus:\u00a0335 mm","og_url":"https:\/\/fedemark.ee\/fi\/tuotteet\/tavaravaunut\/kevyiden-kuormien-kasikarryt\/spazio\/","og_site_name":"Fedemark","article_modified_time":"2017-07-25T12:12:14+00:00","og_image":[{"width":1089,"height":1309,"url":"https:\/\/fedemark.ee\/wp-content\/uploads\/2017\/06\/CARSPAZIO.jpg","type":"image\/jpeg"}],"twitter_card":"summary_large_image","schema":{"@context":"https:\/\/schema.org","@graph":[{"@type":"WebPage","@id":"https:\/\/fedemark.ee\/fi\/tuotteet\/tavaravaunut\/kevyiden-kuormien-kasikarryt\/spazio\/","url":"https:\/\/fedemark.ee\/fi\/tuotteet\/tavaravaunut\/kevyiden-kuormien-kasikarryt\/spazio\/","name":"Spazio - Fedemark","isPartOf":{"@id":"https:\/\/fedemark.ee\/#website"},"primaryImageOfPage":{"@id":"https:\/\/fedemark.ee\/fi\/tuotteet\/tavaravaunut\/kevyiden-kuormien-kasikarryt\/spazio\/#primaryimage"},"image":{"@id":"https:\/\/fedemark.ee\/fi\/tuotteet\/tavaravaunut\/kevyiden-kuormien-kasikarryt\/spazio\/#primaryimage"},"thumbnailUrl":"https:\/\/fedemark.ee\/wp-content\/uploads\/2017\/06\/CARSPAZIO.jpg","datePublished":"2017-06-19T10:17:55+00:00","dateModified":"2017-07-25T12:12:14+00:00","breadcrumb":{"@id":"https:\/\/fedemark.ee\/fi\/tuotteet\/tavaravaunut\/kevyiden-kuormien-kasikarryt\/spazio\/#breadcrumb"},"inLanguage":"fi-FI","potentialAction":[{"@type":"ReadAction","target":["https:\/\/fedemark.ee\/fi\/tuotteet\/tavaravaunut\/kevyiden-kuormien-kasikarryt\/spazio\/"]}]},{"@type":"ImageObject","inLanguage":"fi-FI","@id":"https:\/\/fedemark.ee\/fi\/tuotteet\/tavaravaunut\/kevyiden-kuormien-kasikarryt\/spazio\/#primaryimage","url":"https:\/\/fedemark.ee\/wp-content\/uploads\/2017\/06\/CARSPAZIO.jpg","contentUrl":"https:\/\/fedemark.ee\/wp-content\/uploads\/2017\/06\/CARSPAZIO.jpg","width":1089,"height":1309},{"@type":"BreadcrumbList","@id":"https:\/\/fedemark.ee\/fi\/tuotteet\/tavaravaunut\/kevyiden-kuormien-kasikarryt\/spazio\/#breadcrumb","itemListElement":[{"@type":"ListItem","position":1,"name":"Home","item":"https:\/\/fedemark.ee\/fi\/"},{"@type":"ListItem","position":2,"name":"Tuotteet","item":"https:\/\/fedemark.ee\/fi\/tuotteet\/"},{"@type":"ListItem","position":3,"name":"Spazio"}]},{"@type":"WebSite","@id":"https:\/\/fedemark.ee\/#website","url":"https:\/\/fedemark.ee\/","name":"Fedemark","description":"Redelid, Tellingud, T\u00f6\u00f6platvormid ja vahekorrused","potentialAction":[{"@type":"SearchAction","target":{"@type":"EntryPoint","urlTemplate":"https:\/\/fedemark.ee\/?s={search_term_string}"},"query-input":"required name=search_term_string"}],"inLanguage":"fi-FI"}]}},"_links":{"self":[{"href":"https:\/\/fedemark.ee\/fi\/wp-json\/wp\/v2\/product\/7296"}],"collection":[{"href":"https:\/\/fedemark.ee\/fi\/wp-json\/wp\/v2\/product"}],"about":[{"href":"https:\/\/fedemark.ee\/fi\/wp-json\/wp\/v2\/types\/product"}],"replies":[{"embeddable":true,"href":"https:\/\/fedemark.ee\/fi\/wp-json\/wp\/v2\/comments?post=7296"}],"version-history":[{"count":0,"href":"https:\/\/fedemark.ee\/fi\/wp-json\/wp\/v2\/product\/7296\/revisions"}],"wp:featuredmedia":[{"embeddable":true,"href":"https:\/\/fedemark.ee\/fi\/wp-json\/wp\/v2\/media\/8414"}],"wp:attachment":[{"href":"https:\/\/fedemark.ee\/fi\/wp-json\/wp\/v2\/media?parent=7296"}],"wp:term":[{"taxonomy":"product_cat","embeddable":true,"href":"https:\/\/fedemark.ee\/fi\/wp-json\/wp\/v2\/product_cat?post=7296"},{"taxonomy":"product_tag","embeddable":true,"href":"https:\/\/fedemark.ee\/fi\/wp-json\/wp\/v2\/product_tag?post=7296"}],"curies":[{"name":"wp","href":"https:\/\/api.w.org\/{rel}","templated":true}]}}