{"id":7297,"date":"2017-06-19T10:19:22","date_gmt":"2017-06-19T10:19:22","guid":{"rendered":"https:\/\/sharks.ee\/fedemark\/shop\/uncategorized\/taurus\/"},"modified":"2017-07-25T12:13:26","modified_gmt":"2017-07-25T12:13:26","slug":"trasformable-taurus","status":"publish","type":"product","link":"https:\/\/fedemark.ee\/fi\/tuotteet\/tavaravaunut\/kevyiden-kuormien-kasikarryt\/trasformable-taurus\/","title":{"rendered":"Trasformable Taurus"},"content":{"rendered":"","protected":false},"excerpt":{"rendered":"<p><em>Kaksiasentoinen k\u00e4sik\u00e4rry<\/em><\/p>\n<p>Epoksimaalilla viimeistelty ter\u00e4ksinen k\u00e4sik\u00e4rry kotitalouksissa k\u00e4ytett\u00e4v\u00e4ksi. K\u00e4rryss\u00e4 on kaksi muutettavaa asentoa, pystysuora laatikoita varten ja vaakatasoinen k\u00e4ytett\u00e4v\u00e4ksi nelj\u00e4ll\u00e4 py\u00f6r\u00e4ll\u00e4 raskaita kuormia varten. Muovinapaiset ilmarenkaat \u00d8 200 mm; 2 k\u00e4\u00e4nnett\u00e4v\u00e4\u00e4 py\u00f6r\u00e4\u00e4 \u00d8 100 mm. Rakenne muodostuu lujista \u00d8 32 mm hitsatuista putkista. Kehyksen sis\u00e4vahvistukset ovat lattater\u00e4st\u00e4.<\/p>\n<p>TEKNISET OMINAISUUDET<br \/>\nMateriaali: ter\u00e4s<br \/>\nV\u00e4ri: keltainen<br \/>\nPy\u00f6r\u00e4t: umpikumi \/ muovinapa<br \/>\nNapa: muovi<br \/>\nMaali: epoksimaali<br \/>\nKantavuus: 200 kg<br \/>\nMitat: leveys 420 mm, korkeus 1100 mm<br \/>\nPy\u00f6r\u00e4t: 200&#215;45 mm<br \/>\nPaino: 11 kg<br \/>\nPutkiprofiili: \u00f8 32 mm<br \/>\nTason pituus: 200 mm<\/p>\n","protected":false},"featured_media":10439,"comment_status":"open","ping_status":"closed","template":"","meta":{"footnotes":""},"product_cat":[183,181],"product_tag":[],"yoast_head":"<!-- This site is optimized with the Yoast SEO plugin v22.6 - https:\/\/yoast.com\/wordpress\/plugins\/seo\/ -->\n<title>Trasformable Taurus - Fedemark<\/title>\n<meta name=\"robots\" content=\"index, follow, max-snippet:-1, max-image-preview:large, max-video-preview:-1\" \/>\n<link rel=\"canonical\" href=\"https:\/\/fedemark.ee\/fi\/tuotteet\/tavaravaunut\/kevyiden-kuormien-kasikarryt\/trasformable-taurus\/\" \/>\n<meta property=\"og:locale\" content=\"fi_FI\" \/>\n<meta property=\"og:type\" content=\"article\" \/>\n<meta property=\"og:title\" content=\"Trasformable Taurus - Fedemark\" \/>\n<meta property=\"og:description\" content=\"Kaksiasentoinen k\u00e4sik\u00e4rry  Epoksimaalilla viimeistelty ter\u00e4ksinen k\u00e4sik\u00e4rry kotitalouksissa k\u00e4ytett\u00e4v\u00e4ksi. K\u00e4rryss\u00e4 on kaksi muutettavaa asentoa, pystysuora laatikoita varten ja vaakatasoinen k\u00e4ytett\u00e4v\u00e4ksi nelj\u00e4ll\u00e4 py\u00f6r\u00e4ll\u00e4 raskaita kuormia varten. Muovinapaiset ilmarenkaat \u00d8 200 mm; 2 k\u00e4\u00e4nnett\u00e4v\u00e4\u00e4 py\u00f6r\u00e4\u00e4 \u00d8 100 mm. Rakenne muodostuu lujista \u00d8 32 mm hitsatuista putkista. Kehyksen sis\u00e4vahvistukset ovat lattater\u00e4st\u00e4.  TEKNISET OMINAISUUDET Materiaali: ter\u00e4s V\u00e4ri: keltainen Py\u00f6r\u00e4t: umpikumi \/ muovinapa Napa: muovi Maali: epoksimaali Kantavuus: 200 kg Mitat: leveys 420 mm, korkeus 1100 mm Py\u00f6r\u00e4t: 200x45 mm Paino: 11 kg Putkiprofiili: \u00f8 32 mm Tason pituus: 200 mm\" \/>\n<meta property=\"og:url\" content=\"https:\/\/fedemark.ee\/fi\/tuotteet\/tavaravaunut\/kevyiden-kuormien-kasikarryt\/trasformable-taurus\/\" \/>\n<meta property=\"og:site_name\" content=\"Fedemark\" \/>\n<meta property=\"article:modified_time\" content=\"2017-07-25T12:13:26+00:00\" \/>\n<meta property=\"og:image\" content=\"https:\/\/fedemark.ee\/wp-content\/uploads\/2017\/06\/Taurus-1.jpg\" \/>\n\t<meta property=\"og:image:width\" content=\"800\" \/>\n\t<meta property=\"og:image:height\" content=\"800\" \/>\n\t<meta property=\"og:image:type\" content=\"image\/jpeg\" \/>\n<meta name=\"twitter:card\" content=\"summary_large_image\" \/>\n<script type=\"application\/ld+json\" class=\"yoast-schema-graph\">{\"@context\":\"https:\/\/schema.org\",\"@graph\":[{\"@type\":\"WebPage\",\"@id\":\"https:\/\/fedemark.ee\/fi\/tuotteet\/tavaravaunut\/kevyiden-kuormien-kasikarryt\/trasformable-taurus\/\",\"url\":\"https:\/\/fedemark.ee\/fi\/tuotteet\/tavaravaunut\/kevyiden-kuormien-kasikarryt\/trasformable-taurus\/\",\"name\":\"Trasformable Taurus - Fedemark\",\"isPartOf\":{\"@id\":\"https:\/\/fedemark.ee\/#website\"},\"primaryImageOfPage\":{\"@id\":\"https:\/\/fedemark.ee\/fi\/tuotteet\/tavaravaunut\/kevyiden-kuormien-kasikarryt\/trasformable-taurus\/#primaryimage\"},\"image\":{\"@id\":\"https:\/\/fedemark.ee\/fi\/tuotteet\/tavaravaunut\/kevyiden-kuormien-kasikarryt\/trasformable-taurus\/#primaryimage\"},\"thumbnailUrl\":\"https:\/\/fedemark.ee\/wp-content\/uploads\/2017\/06\/Taurus-1.jpg\",\"datePublished\":\"2017-06-19T10:19:22+00:00\",\"dateModified\":\"2017-07-25T12:13:26+00:00\",\"breadcrumb\":{\"@id\":\"https:\/\/fedemark.ee\/fi\/tuotteet\/tavaravaunut\/kevyiden-kuormien-kasikarryt\/trasformable-taurus\/#breadcrumb\"},\"inLanguage\":\"fi-FI\",\"potentialAction\":[{\"@type\":\"ReadAction\",\"target\":[\"https:\/\/fedemark.ee\/fi\/tuotteet\/tavaravaunut\/kevyiden-kuormien-kasikarryt\/trasformable-taurus\/\"]}]},{\"@type\":\"ImageObject\",\"inLanguage\":\"fi-FI\",\"@id\":\"https:\/\/fedemark.ee\/fi\/tuotteet\/tavaravaunut\/kevyiden-kuormien-kasikarryt\/trasformable-taurus\/#primaryimage\",\"url\":\"https:\/\/fedemark.ee\/wp-content\/uploads\/2017\/06\/Taurus-1.jpg\",\"contentUrl\":\"https:\/\/fedemark.ee\/wp-content\/uploads\/2017\/06\/Taurus-1.jpg\",\"width\":800,\"height\":800},{\"@type\":\"BreadcrumbList\",\"@id\":\"https:\/\/fedemark.ee\/fi\/tuotteet\/tavaravaunut\/kevyiden-kuormien-kasikarryt\/trasformable-taurus\/#breadcrumb\",\"itemListElement\":[{\"@type\":\"ListItem\",\"position\":1,\"name\":\"Home\",\"item\":\"https:\/\/fedemark.ee\/fi\/\"},{\"@type\":\"ListItem\",\"position\":2,\"name\":\"Tuotteet\",\"item\":\"https:\/\/fedemark.ee\/fi\/tuotteet\/\"},{\"@type\":\"ListItem\",\"position\":3,\"name\":\"Trasformable Taurus\"}]},{\"@type\":\"WebSite\",\"@id\":\"https:\/\/fedemark.ee\/#website\",\"url\":\"https:\/\/fedemark.ee\/\",\"name\":\"Fedemark\",\"description\":\"Redelid, Tellingud, T\u00f6\u00f6platvormid ja vahekorrused\",\"potentialAction\":[{\"@type\":\"SearchAction\",\"target\":{\"@type\":\"EntryPoint\",\"urlTemplate\":\"https:\/\/fedemark.ee\/?s={search_term_string}\"},\"query-input\":\"required name=search_term_string\"}],\"inLanguage\":\"fi-FI\"}]}<\/script>\n<!-- \/ Yoast SEO plugin. -->","yoast_head_json":{"title":"Trasformable Taurus - Fedemark","robots":{"index":"index","follow":"follow","max-snippet":"max-snippet:-1","max-image-preview":"max-image-preview:large","max-video-preview":"max-video-preview:-1"},"canonical":"https:\/\/fedemark.ee\/fi\/tuotteet\/tavaravaunut\/kevyiden-kuormien-kasikarryt\/trasformable-taurus\/","og_locale":"fi_FI","og_type":"article","og_title":"Trasformable Taurus - Fedemark","og_description":"Kaksiasentoinen k\u00e4sik\u00e4rry  Epoksimaalilla viimeistelty ter\u00e4ksinen k\u00e4sik\u00e4rry kotitalouksissa k\u00e4ytett\u00e4v\u00e4ksi. K\u00e4rryss\u00e4 on kaksi muutettavaa asentoa, pystysuora laatikoita varten ja vaakatasoinen k\u00e4ytett\u00e4v\u00e4ksi nelj\u00e4ll\u00e4 py\u00f6r\u00e4ll\u00e4 raskaita kuormia varten. Muovinapaiset ilmarenkaat \u00d8 200 mm; 2 k\u00e4\u00e4nnett\u00e4v\u00e4\u00e4 py\u00f6r\u00e4\u00e4 \u00d8 100 mm. Rakenne muodostuu lujista \u00d8 32 mm hitsatuista putkista. Kehyksen sis\u00e4vahvistukset ovat lattater\u00e4st\u00e4.  TEKNISET OMINAISUUDET Materiaali: ter\u00e4s V\u00e4ri: keltainen Py\u00f6r\u00e4t: umpikumi \/ muovinapa Napa: muovi Maali: epoksimaali Kantavuus: 200 kg Mitat: leveys 420 mm, korkeus 1100 mm Py\u00f6r\u00e4t: 200x45 mm Paino: 11 kg Putkiprofiili: \u00f8 32 mm Tason pituus: 200 mm","og_url":"https:\/\/fedemark.ee\/fi\/tuotteet\/tavaravaunut\/kevyiden-kuormien-kasikarryt\/trasformable-taurus\/","og_site_name":"Fedemark","article_modified_time":"2017-07-25T12:13:26+00:00","og_image":[{"width":800,"height":800,"url":"https:\/\/fedemark.ee\/wp-content\/uploads\/2017\/06\/Taurus-1.jpg","type":"image\/jpeg"}],"twitter_card":"summary_large_image","schema":{"@context":"https:\/\/schema.org","@graph":[{"@type":"WebPage","@id":"https:\/\/fedemark.ee\/fi\/tuotteet\/tavaravaunut\/kevyiden-kuormien-kasikarryt\/trasformable-taurus\/","url":"https:\/\/fedemark.ee\/fi\/tuotteet\/tavaravaunut\/kevyiden-kuormien-kasikarryt\/trasformable-taurus\/","name":"Trasformable Taurus - Fedemark","isPartOf":{"@id":"https:\/\/fedemark.ee\/#website"},"primaryImageOfPage":{"@id":"https:\/\/fedemark.ee\/fi\/tuotteet\/tavaravaunut\/kevyiden-kuormien-kasikarryt\/trasformable-taurus\/#primaryimage"},"image":{"@id":"https:\/\/fedemark.ee\/fi\/tuotteet\/tavaravaunut\/kevyiden-kuormien-kasikarryt\/trasformable-taurus\/#primaryimage"},"thumbnailUrl":"https:\/\/fedemark.ee\/wp-content\/uploads\/2017\/06\/Taurus-1.jpg","datePublished":"2017-06-19T10:19:22+00:00","dateModified":"2017-07-25T12:13:26+00:00","breadcrumb":{"@id":"https:\/\/fedemark.ee\/fi\/tuotteet\/tavaravaunut\/kevyiden-kuormien-kasikarryt\/trasformable-taurus\/#breadcrumb"},"inLanguage":"fi-FI","potentialAction":[{"@type":"ReadAction","target":["https:\/\/fedemark.ee\/fi\/tuotteet\/tavaravaunut\/kevyiden-kuormien-kasikarryt\/trasformable-taurus\/"]}]},{"@type":"ImageObject","inLanguage":"fi-FI","@id":"https:\/\/fedemark.ee\/fi\/tuotteet\/tavaravaunut\/kevyiden-kuormien-kasikarryt\/trasformable-taurus\/#primaryimage","url":"https:\/\/fedemark.ee\/wp-content\/uploads\/2017\/06\/Taurus-1.jpg","contentUrl":"https:\/\/fedemark.ee\/wp-content\/uploads\/2017\/06\/Taurus-1.jpg","width":800,"height":800},{"@type":"BreadcrumbList","@id":"https:\/\/fedemark.ee\/fi\/tuotteet\/tavaravaunut\/kevyiden-kuormien-kasikarryt\/trasformable-taurus\/#breadcrumb","itemListElement":[{"@type":"ListItem","position":1,"name":"Home","item":"https:\/\/fedemark.ee\/fi\/"},{"@type":"ListItem","position":2,"name":"Tuotteet","item":"https:\/\/fedemark.ee\/fi\/tuotteet\/"},{"@type":"ListItem","position":3,"name":"Trasformable Taurus"}]},{"@type":"WebSite","@id":"https:\/\/fedemark.ee\/#website","url":"https:\/\/fedemark.ee\/","name":"Fedemark","description":"Redelid, Tellingud, T\u00f6\u00f6platvormid ja vahekorrused","potentialAction":[{"@type":"SearchAction","target":{"@type":"EntryPoint","urlTemplate":"https:\/\/fedemark.ee\/?s={search_term_string}"},"query-input":"required name=search_term_string"}],"inLanguage":"fi-FI"}]}},"_links":{"self":[{"href":"https:\/\/fedemark.ee\/fi\/wp-json\/wp\/v2\/product\/7297"}],"collection":[{"href":"https:\/\/fedemark.ee\/fi\/wp-json\/wp\/v2\/product"}],"about":[{"href":"https:\/\/fedemark.ee\/fi\/wp-json\/wp\/v2\/types\/product"}],"replies":[{"embeddable":true,"href":"https:\/\/fedemark.ee\/fi\/wp-json\/wp\/v2\/comments?post=7297"}],"version-history":[{"count":0,"href":"https:\/\/fedemark.ee\/fi\/wp-json\/wp\/v2\/product\/7297\/revisions"}],"wp:featuredmedia":[{"embeddable":true,"href":"https:\/\/fedemark.ee\/fi\/wp-json\/wp\/v2\/media\/10439"}],"wp:attachment":[{"href":"https:\/\/fedemark.ee\/fi\/wp-json\/wp\/v2\/media?parent=7297"}],"wp:term":[{"taxonomy":"product_cat","embeddable":true,"href":"https:\/\/fedemark.ee\/fi\/wp-json\/wp\/v2\/product_cat?post=7297"},{"taxonomy":"product_tag","embeddable":true,"href":"https:\/\/fedemark.ee\/fi\/wp-json\/wp\/v2\/product_tag?post=7297"}],"curies":[{"name":"wp","href":"https:\/\/api.w.org\/{rel}","templated":true}]}}