{"id":7300,"date":"2017-06-14T18:39:57","date_gmt":"2017-06-14T18:39:57","guid":{"rendered":"https:\/\/sharks.ee\/fedemark\/shop\/uncategorized\/euro-e2f\/"},"modified":"2017-08-11T11:12:31","modified_gmt":"2017-08-11T11:12:31","slug":"euro-e2f","status":"publish","type":"product","link":"https:\/\/fedemark.ee\/fi\/tuotteet\/suurikantokykyiset-tikkaat\/teleskooppitikkaat\/euro-e2f\/","title":{"rendered":"Euro E2F"},"content":{"rendered":"","protected":false},"excerpt":{"rendered":"<p><em>Kaksiosainen auki ty\u00f6nnett\u00e4v\u00e4, k\u00f6ydell\u00e4 varustettu tikas<\/em><\/p>\n<p>Ammattik\u00e4ytt\u00f6\u00f6n tarkoitetut laipoin varustetut alumiiniprofiiliset teleskooppitikkaat. Tikkaat vastaavat eurooppalaista standardia EN131 ja niiden testauksen ovat suorittaneet Milano tekninen yliopisto (soveltavien tieteiden tiedekunnassa Milanossa) ja T\u00fcv S\u00fcd Product Services. Malli on loistava sek\u00e4 rakenteeltaan ett\u00e4 ominaisuuksiltaan.<\/p>\n<p>Kaksiosainen k\u00f6ydell\u00e4 varustettu auki ty\u00f6nnett\u00e4v\u00e4 tikas. Varustettu liukupy\u00f6rill\u00e4 ja hihnapy\u00f6r\u00e4ll\u00e4 k\u00f6yden ohjaamiseksi.<\/p>\n<p>VAKIO-OSAT<br \/>\n\u2022 Liukupy\u00f6r\u00e4t<br \/>\n\u2022 Tukijalka<br \/>\n\u2022 S\u00e4\u00e4dett\u00e4v\u00e4 avain tukijalan kiinnitt\u00e4miseen<br \/>\n\u2022 Kokoamis- ja k\u00e4ytt\u00f6ohje<br \/>\n\u2022 Puolien osa 27&#215;27 mm<br \/>\n\u2022 Puolan et\u00e4isyys 28 cm<br \/>\n\u2022 Alemman osan leveys 48 cm<br \/>\n\u2022 Ylemm\u00e4n osan leveys\u00a042,3 cm<br \/>\n\u2022 Nailoninen vahvike tukijalan sis\u00e4ll\u00e4<br \/>\n\u2022 Alumiininen avausj\u00e4rjestelm\u00e4<br \/>\n\u2022 Hihnat tikkaiden hallitsemattoman avautumisen est\u00e4miseen<br \/>\n\u2022 Kumijalat<br \/>\n\u2022 Yl\u00f6sp\u00e4in liikkumista est\u00e4v\u00e4 mekanismi<br \/>\n\u2022 Jatkamisen lukitseva mekanismi tikkaiden liikkumisen est\u00e4miseksi turvallisuusrajan saavuttamisen j\u00e4lkeen<br \/>\n\u2022 Kantavuus 150 kg<\/p>\n<p>Varustettu liukupy\u00f6rill\u00e4 ja hihnapy\u00f6r\u00e4ll\u00e4 k\u00f6yden ohjaamiseksi.<\/p>\n<p>Tukijalka tilauksesta.<\/p>\n<p>Eritt\u00e4in t\u00e4rke\u00e4\u00e4: t\u00e4t\u00e4 mallia ei voi k\u00e4ytt\u00e4\u00e4 porrastikkaina.<\/p>\n<p><img loading=\"lazy\" decoding=\"async\" class=\"alignnone wp-image-5317\" src=\"https:\/\/fedemark.ee\/wp-content\/uploads\/2017\/06\/Ikoonid_29-1.jpg\" alt=\"\" width=\"75\" height=\"70\" \/><img loading=\"lazy\" decoding=\"async\" class=\"alignnone wp-image-5261\" src=\"https:\/\/fedemark.ee\/wp-content\/uploads\/2017\/06\/Ikoonid_03.jpg\" alt=\"\" width=\"68\" height=\"69\" srcset=\"https:\/\/fedemark.ee\/wp-content\/uploads\/2017\/06\/Ikoonid_03.jpg 132w, https:\/\/fedemark.ee\/wp-content\/uploads\/2017\/06\/Ikoonid_03-100x100.jpg 100w\" sizes=\"(max-width: 68px) 100vw, 68px\" \/><img loading=\"lazy\" decoding=\"async\" class=\"alignnone wp-image-5353\" src=\"https:\/\/fedemark.ee\/wp-content\/uploads\/2017\/06\/Ikoonid_50.jpg\" alt=\"\" width=\"62\" height=\"74\" \/><img loading=\"lazy\" decoding=\"async\" class=\"alignnone wp-image-5337\" src=\"https:\/\/fedemark.ee\/wp-content\/uploads\/2017\/06\/Ikoonid_38-Copy.jpg\" alt=\"\" width=\"85\" height=\"81\" \/><\/p>\n","protected":false},"featured_media":9488,"comment_status":"open","ping_status":"closed","template":"","meta":{"footnotes":""},"product_cat":[205,172],"product_tag":[],"yoast_head":"<!-- This site is optimized with the Yoast SEO plugin v22.6 - https:\/\/yoast.com\/wordpress\/plugins\/seo\/ -->\n<title>Euro E2F - Fedemark<\/title>\n<meta name=\"robots\" content=\"index, follow, max-snippet:-1, max-image-preview:large, max-video-preview:-1\" \/>\n<link rel=\"canonical\" href=\"https:\/\/fedemark.ee\/fi\/tuotteet\/suurikantokykyiset-tikkaat\/teleskooppitikkaat\/euro-e2f\/\" \/>\n<meta property=\"og:locale\" content=\"fi_FI\" \/>\n<meta property=\"og:type\" content=\"article\" \/>\n<meta property=\"og:title\" content=\"Euro E2F - Fedemark\" \/>\n<meta property=\"og:description\" content=\"Kaksiosainen auki ty\u00f6nnett\u00e4v\u00e4, k\u00f6ydell\u00e4 varustettu tikas  Ammattik\u00e4ytt\u00f6\u00f6n tarkoitetut laipoin varustetut alumiiniprofiiliset teleskooppitikkaat. Tikkaat vastaavat eurooppalaista standardia EN131 ja niiden testauksen ovat suorittaneet Milano tekninen yliopisto (soveltavien tieteiden tiedekunnassa Milanossa) ja T\u00fcv S\u00fcd Product Services. Malli on loistava sek\u00e4 rakenteeltaan ett\u00e4 ominaisuuksiltaan.  Kaksiosainen k\u00f6ydell\u00e4 varustettu auki ty\u00f6nnett\u00e4v\u00e4 tikas. Varustettu liukupy\u00f6rill\u00e4 ja hihnapy\u00f6r\u00e4ll\u00e4 k\u00f6yden ohjaamiseksi.  VAKIO-OSAT \u2022 Liukupy\u00f6r\u00e4t \u2022 Tukijalka \u2022 S\u00e4\u00e4dett\u00e4v\u00e4 avain tukijalan kiinnitt\u00e4miseen \u2022 Kokoamis- ja k\u00e4ytt\u00f6ohje \u2022 Puolien osa 27x27 mm \u2022 Puolan et\u00e4isyys 28 cm \u2022 Alemman osan leveys 48 cm \u2022 Ylemm\u00e4n osan leveys\u00a042,3 cm \u2022 Nailoninen vahvike tukijalan sis\u00e4ll\u00e4 \u2022 Alumiininen avausj\u00e4rjestelm\u00e4 \u2022 Hihnat tikkaiden hallitsemattoman avautumisen est\u00e4miseen \u2022 Kumijalat \u2022 Yl\u00f6sp\u00e4in liikkumista est\u00e4v\u00e4 mekanismi \u2022 Jatkamisen lukitseva mekanismi tikkaiden liikkumisen est\u00e4miseksi turvallisuusrajan saavuttamisen j\u00e4lkeen \u2022 Kantavuus 150 kg  Varustettu liukupy\u00f6rill\u00e4 ja hihnapy\u00f6r\u00e4ll\u00e4 k\u00f6yden ohjaamiseksi.  Tukijalka tilauksesta.  Eritt\u00e4in t\u00e4rke\u00e4\u00e4: t\u00e4t\u00e4 mallia ei voi k\u00e4ytt\u00e4\u00e4 porrastikkaina.\" \/>\n<meta property=\"og:url\" content=\"https:\/\/fedemark.ee\/fi\/tuotteet\/suurikantokykyiset-tikkaat\/teleskooppitikkaat\/euro-e2f\/\" \/>\n<meta property=\"og:site_name\" content=\"Fedemark\" \/>\n<meta property=\"article:modified_time\" content=\"2017-08-11T11:12:31+00:00\" \/>\n<meta property=\"og:image\" content=\"https:\/\/fedemark.ee\/wp-content\/uploads\/2017\/06\/Euro-E2-koiega.jpg\" \/>\n\t<meta property=\"og:image:width\" content=\"800\" \/>\n\t<meta property=\"og:image:height\" content=\"800\" \/>\n\t<meta property=\"og:image:type\" content=\"image\/jpeg\" \/>\n<meta name=\"twitter:card\" content=\"summary_large_image\" \/>\n<script type=\"application\/ld+json\" class=\"yoast-schema-graph\">{\"@context\":\"https:\/\/schema.org\",\"@graph\":[{\"@type\":\"WebPage\",\"@id\":\"https:\/\/fedemark.ee\/fi\/tuotteet\/suurikantokykyiset-tikkaat\/teleskooppitikkaat\/euro-e2f\/\",\"url\":\"https:\/\/fedemark.ee\/fi\/tuotteet\/suurikantokykyiset-tikkaat\/teleskooppitikkaat\/euro-e2f\/\",\"name\":\"Euro E2F - Fedemark\",\"isPartOf\":{\"@id\":\"https:\/\/fedemark.ee\/#website\"},\"primaryImageOfPage\":{\"@id\":\"https:\/\/fedemark.ee\/fi\/tuotteet\/suurikantokykyiset-tikkaat\/teleskooppitikkaat\/euro-e2f\/#primaryimage\"},\"image\":{\"@id\":\"https:\/\/fedemark.ee\/fi\/tuotteet\/suurikantokykyiset-tikkaat\/teleskooppitikkaat\/euro-e2f\/#primaryimage\"},\"thumbnailUrl\":\"https:\/\/fedemark.ee\/wp-content\/uploads\/2017\/06\/Euro-E2-koiega.jpg\",\"datePublished\":\"2017-06-14T18:39:57+00:00\",\"dateModified\":\"2017-08-11T11:12:31+00:00\",\"breadcrumb\":{\"@id\":\"https:\/\/fedemark.ee\/fi\/tuotteet\/suurikantokykyiset-tikkaat\/teleskooppitikkaat\/euro-e2f\/#breadcrumb\"},\"inLanguage\":\"fi-FI\",\"potentialAction\":[{\"@type\":\"ReadAction\",\"target\":[\"https:\/\/fedemark.ee\/fi\/tuotteet\/suurikantokykyiset-tikkaat\/teleskooppitikkaat\/euro-e2f\/\"]}]},{\"@type\":\"ImageObject\",\"inLanguage\":\"fi-FI\",\"@id\":\"https:\/\/fedemark.ee\/fi\/tuotteet\/suurikantokykyiset-tikkaat\/teleskooppitikkaat\/euro-e2f\/#primaryimage\",\"url\":\"https:\/\/fedemark.ee\/wp-content\/uploads\/2017\/06\/Euro-E2-koiega.jpg\",\"contentUrl\":\"https:\/\/fedemark.ee\/wp-content\/uploads\/2017\/06\/Euro-E2-koiega.jpg\",\"width\":800,\"height\":800},{\"@type\":\"BreadcrumbList\",\"@id\":\"https:\/\/fedemark.ee\/fi\/tuotteet\/suurikantokykyiset-tikkaat\/teleskooppitikkaat\/euro-e2f\/#breadcrumb\",\"itemListElement\":[{\"@type\":\"ListItem\",\"position\":1,\"name\":\"Home\",\"item\":\"https:\/\/fedemark.ee\/fi\/\"},{\"@type\":\"ListItem\",\"position\":2,\"name\":\"Tuotteet\",\"item\":\"https:\/\/fedemark.ee\/fi\/tuotteet\/\"},{\"@type\":\"ListItem\",\"position\":3,\"name\":\"Euro E2F\"}]},{\"@type\":\"WebSite\",\"@id\":\"https:\/\/fedemark.ee\/#website\",\"url\":\"https:\/\/fedemark.ee\/\",\"name\":\"Fedemark\",\"description\":\"Redelid, Tellingud, T\u00f6\u00f6platvormid ja vahekorrused\",\"potentialAction\":[{\"@type\":\"SearchAction\",\"target\":{\"@type\":\"EntryPoint\",\"urlTemplate\":\"https:\/\/fedemark.ee\/?s={search_term_string}\"},\"query-input\":\"required name=search_term_string\"}],\"inLanguage\":\"fi-FI\"}]}<\/script>\n<!-- \/ Yoast SEO plugin. -->","yoast_head_json":{"title":"Euro E2F - Fedemark","robots":{"index":"index","follow":"follow","max-snippet":"max-snippet:-1","max-image-preview":"max-image-preview:large","max-video-preview":"max-video-preview:-1"},"canonical":"https:\/\/fedemark.ee\/fi\/tuotteet\/suurikantokykyiset-tikkaat\/teleskooppitikkaat\/euro-e2f\/","og_locale":"fi_FI","og_type":"article","og_title":"Euro E2F - Fedemark","og_description":"Kaksiosainen auki ty\u00f6nnett\u00e4v\u00e4, k\u00f6ydell\u00e4 varustettu tikas  Ammattik\u00e4ytt\u00f6\u00f6n tarkoitetut laipoin varustetut alumiiniprofiiliset teleskooppitikkaat. Tikkaat vastaavat eurooppalaista standardia EN131 ja niiden testauksen ovat suorittaneet Milano tekninen yliopisto (soveltavien tieteiden tiedekunnassa Milanossa) ja T\u00fcv S\u00fcd Product Services. Malli on loistava sek\u00e4 rakenteeltaan ett\u00e4 ominaisuuksiltaan.  Kaksiosainen k\u00f6ydell\u00e4 varustettu auki ty\u00f6nnett\u00e4v\u00e4 tikas. Varustettu liukupy\u00f6rill\u00e4 ja hihnapy\u00f6r\u00e4ll\u00e4 k\u00f6yden ohjaamiseksi.  VAKIO-OSAT \u2022 Liukupy\u00f6r\u00e4t \u2022 Tukijalka \u2022 S\u00e4\u00e4dett\u00e4v\u00e4 avain tukijalan kiinnitt\u00e4miseen \u2022 Kokoamis- ja k\u00e4ytt\u00f6ohje \u2022 Puolien osa 27x27 mm \u2022 Puolan et\u00e4isyys 28 cm \u2022 Alemman osan leveys 48 cm \u2022 Ylemm\u00e4n osan leveys\u00a042,3 cm \u2022 Nailoninen vahvike tukijalan sis\u00e4ll\u00e4 \u2022 Alumiininen avausj\u00e4rjestelm\u00e4 \u2022 Hihnat tikkaiden hallitsemattoman avautumisen est\u00e4miseen \u2022 Kumijalat \u2022 Yl\u00f6sp\u00e4in liikkumista est\u00e4v\u00e4 mekanismi \u2022 Jatkamisen lukitseva mekanismi tikkaiden liikkumisen est\u00e4miseksi turvallisuusrajan saavuttamisen j\u00e4lkeen \u2022 Kantavuus 150 kg  Varustettu liukupy\u00f6rill\u00e4 ja hihnapy\u00f6r\u00e4ll\u00e4 k\u00f6yden ohjaamiseksi.  Tukijalka tilauksesta.  Eritt\u00e4in t\u00e4rke\u00e4\u00e4: t\u00e4t\u00e4 mallia ei voi k\u00e4ytt\u00e4\u00e4 porrastikkaina.","og_url":"https:\/\/fedemark.ee\/fi\/tuotteet\/suurikantokykyiset-tikkaat\/teleskooppitikkaat\/euro-e2f\/","og_site_name":"Fedemark","article_modified_time":"2017-08-11T11:12:31+00:00","og_image":[{"width":800,"height":800,"url":"https:\/\/fedemark.ee\/wp-content\/uploads\/2017\/06\/Euro-E2-koiega.jpg","type":"image\/jpeg"}],"twitter_card":"summary_large_image","schema":{"@context":"https:\/\/schema.org","@graph":[{"@type":"WebPage","@id":"https:\/\/fedemark.ee\/fi\/tuotteet\/suurikantokykyiset-tikkaat\/teleskooppitikkaat\/euro-e2f\/","url":"https:\/\/fedemark.ee\/fi\/tuotteet\/suurikantokykyiset-tikkaat\/teleskooppitikkaat\/euro-e2f\/","name":"Euro E2F - Fedemark","isPartOf":{"@id":"https:\/\/fedemark.ee\/#website"},"primaryImageOfPage":{"@id":"https:\/\/fedemark.ee\/fi\/tuotteet\/suurikantokykyiset-tikkaat\/teleskooppitikkaat\/euro-e2f\/#primaryimage"},"image":{"@id":"https:\/\/fedemark.ee\/fi\/tuotteet\/suurikantokykyiset-tikkaat\/teleskooppitikkaat\/euro-e2f\/#primaryimage"},"thumbnailUrl":"https:\/\/fedemark.ee\/wp-content\/uploads\/2017\/06\/Euro-E2-koiega.jpg","datePublished":"2017-06-14T18:39:57+00:00","dateModified":"2017-08-11T11:12:31+00:00","breadcrumb":{"@id":"https:\/\/fedemark.ee\/fi\/tuotteet\/suurikantokykyiset-tikkaat\/teleskooppitikkaat\/euro-e2f\/#breadcrumb"},"inLanguage":"fi-FI","potentialAction":[{"@type":"ReadAction","target":["https:\/\/fedemark.ee\/fi\/tuotteet\/suurikantokykyiset-tikkaat\/teleskooppitikkaat\/euro-e2f\/"]}]},{"@type":"ImageObject","inLanguage":"fi-FI","@id":"https:\/\/fedemark.ee\/fi\/tuotteet\/suurikantokykyiset-tikkaat\/teleskooppitikkaat\/euro-e2f\/#primaryimage","url":"https:\/\/fedemark.ee\/wp-content\/uploads\/2017\/06\/Euro-E2-koiega.jpg","contentUrl":"https:\/\/fedemark.ee\/wp-content\/uploads\/2017\/06\/Euro-E2-koiega.jpg","width":800,"height":800},{"@type":"BreadcrumbList","@id":"https:\/\/fedemark.ee\/fi\/tuotteet\/suurikantokykyiset-tikkaat\/teleskooppitikkaat\/euro-e2f\/#breadcrumb","itemListElement":[{"@type":"ListItem","position":1,"name":"Home","item":"https:\/\/fedemark.ee\/fi\/"},{"@type":"ListItem","position":2,"name":"Tuotteet","item":"https:\/\/fedemark.ee\/fi\/tuotteet\/"},{"@type":"ListItem","position":3,"name":"Euro E2F"}]},{"@type":"WebSite","@id":"https:\/\/fedemark.ee\/#website","url":"https:\/\/fedemark.ee\/","name":"Fedemark","description":"Redelid, Tellingud, T\u00f6\u00f6platvormid ja vahekorrused","potentialAction":[{"@type":"SearchAction","target":{"@type":"EntryPoint","urlTemplate":"https:\/\/fedemark.ee\/?s={search_term_string}"},"query-input":"required name=search_term_string"}],"inLanguage":"fi-FI"}]}},"_links":{"self":[{"href":"https:\/\/fedemark.ee\/fi\/wp-json\/wp\/v2\/product\/7300"}],"collection":[{"href":"https:\/\/fedemark.ee\/fi\/wp-json\/wp\/v2\/product"}],"about":[{"href":"https:\/\/fedemark.ee\/fi\/wp-json\/wp\/v2\/types\/product"}],"replies":[{"embeddable":true,"href":"https:\/\/fedemark.ee\/fi\/wp-json\/wp\/v2\/comments?post=7300"}],"version-history":[{"count":0,"href":"https:\/\/fedemark.ee\/fi\/wp-json\/wp\/v2\/product\/7300\/revisions"}],"wp:featuredmedia":[{"embeddable":true,"href":"https:\/\/fedemark.ee\/fi\/wp-json\/wp\/v2\/media\/9488"}],"wp:attachment":[{"href":"https:\/\/fedemark.ee\/fi\/wp-json\/wp\/v2\/media?parent=7300"}],"wp:term":[{"taxonomy":"product_cat","embeddable":true,"href":"https:\/\/fedemark.ee\/fi\/wp-json\/wp\/v2\/product_cat?post=7300"},{"taxonomy":"product_tag","embeddable":true,"href":"https:\/\/fedemark.ee\/fi\/wp-json\/wp\/v2\/product_tag?post=7300"}],"curies":[{"name":"wp","href":"https:\/\/api.w.org\/{rel}","templated":true}]}}